{"id":54027,"date":"2016-10-26T11:15:19","date_gmt":"2019-12-26T23:13:07","guid":{"rendered":"https:\/\/www.comprarmejor.es\/?post_type=product&#038;p=54027"},"modified":"2020-09-11T17:38:18","modified_gmt":"2020-09-11T15:38:18","slug":"codex-alcains-beatus-of-liebana-song-of-songs-and-book-of-daniel","status":"publish","type":"product","link":"https:\/\/www.comprarmejor.es\/en\/product\/codex-alcains-beatus-of-liebana-song-of-songs-and-book-of-daniel\/","title":{"rendered":"Codex Alcains: Beatus of Liebana, Song of Songs and Book of Daniel"},"content":{"rendered":"<p style=\"text-align: justify;\"><span class=\"tlid-translation translation\" lang=\"en\">Collection of the Moleiro publishing house with the name of Codex Alca\u00edns. Formed by 3 books in bibliophile edition, handwritten and illustrated by Javier Alca\u00edns in C\u00e1ceres, published in 1999, 2000 and 2001, whose titles are: Blessed of Liebana, Song of Songs and Book of Daniel. Texts in Spanish.<\/span><\/p>\n<p>The 3 books, true works of art, with hand-reproduced texts and profusely lit pages in the manner of ancient calligraphers and medieval codices, in whole pages and some in double pages.<\/p>\n<p>Editions of bibliophilia, volumes bound in green moire silk fabric, decorated in silver, 26 x 41 cm format. Presented in boxes-cases of the same material, format 27.5 x 43.5 x 4 cm.<\/p>\n<p>Blessed of Liebana, Revelation of Saint John, the Book of Revelation, illuminated in the manner of the ancient calligraphers by Javier Alca\u00edns. 120 pages ISBN: 9788488526557.<\/p>\n<p>Cantar de Cantares, by Solomon, according to the Castilian version of Fray Luis de Le\u00f3n. Javier Alca\u00edns made this book. 56 pages ISBN: 9788488526700.<\/p>\n<p>Book of Daniel, calligraphic and adorned with generous polychromy by Javier Alca\u00edns. 104 pages ISBN: 9788488526717.<\/p>\n<p>This article is composed of the complete work called \u201cCodex Alca\u00edns\u201d, composed of the 3 works mentioned above, and at a special price. Issues in perfect condition, sold out and discontinued in the editorial in this presentation<span title=\"Disponemos de m\u00e1s ejemplares \u00fanicos y originales.\">.<\/span><\/p>\n<p style=\"text-align: justify;\"><span title=\"Gastos de env\u00edo por cuenta del comprador, seg\u00fan pedido y destino.\">Shipping by the buyer, upon request and destination.\u00a0<\/span><span title=\"Cons\u00faltenos cualquier duda, as\u00ed como por cualquier otro c\u00f3dice o art\u00edculo que est\u00e9 buscando.\"><a class=\"btn btn-default\" href=\"https:\/\/www.comprarmejor.es\/en\/contact\">Ask us<\/a> any questions and codex or any other item that is looking for.<\/span><\/p>\n","protected":false},"excerpt":{"rendered":"<p style=\"text-align: justify;\"><span class=\"tlid-translation translation\" lang=\"en\">Collection of the Moleiro publishing house with the name of Codex Alca\u00edns. Formed by 3 books in bibliophile edition, handwritten and illustrated by Javier Alca\u00edns in C\u00e1ceres, published in 1999, 2000 and 2001, whose titles are: Blessed of Liebana, Song of Songs and Book of Daniel. Texts in Spanish.<\/span><\/p>\n","protected":false},"featured_media":57695,"template":"","meta":[],"product_brand":[],"product_cat":[2210],"product_tag":[5758,5135,5822,4017],"class_list":{"0":"post-54027","1":"product","2":"type-product","3":"status-publish","4":"has-post-thumbnail","6":"product_cat-bibliophilia","7":"product_tag-alcains-en","8":"product_tag-beato-en","9":"product_tag-bibliofilia-en","10":"product_tag-moleiro-en","11":"product_shipping_class-from-6-to-10-kg","12":"description-off","14":"first","15":"instock","16":"sale","17":"taxable","18":"shipping-taxable","19":"purchasable","20":"product-type-simple"},"yoast_head":"<!-- This site is optimized with the Yoast SEO plugin v27.3 - https:\/\/yoast.com\/product\/yoast-seo-wordpress\/ -->\n<title>Codex Alcains: Beatus of Liebana, Song of Songs and Book of Daniel<\/title>\n<meta name=\"description\" content=\"Collection of the Moleiro publishing with the name of Codex Alca\u00edns. Javier Alca\u00edns. Beatus of Liebana, Song of Songs and Book of Daniel\" \/>\n<meta name=\"robots\" content=\"index, follow, max-snippet:-1, max-image-preview:large, max-video-preview:-1\" \/>\n<link rel=\"canonical\" href=\"https:\/\/www.comprarmejor.es\/en\/product\/codex-alcains-beatus-of-liebana-song-of-songs-and-book-of-daniel\/\" \/>\n<meta property=\"og:locale\" content=\"en_US\" \/>\n<meta property=\"og:type\" content=\"article\" \/>\n<meta property=\"og:title\" content=\"Codex Alcains: Beatus of Liebana, Song of Songs and Book of Daniel\" \/>\n<meta property=\"og:description\" content=\"Collection of the Moleiro publishing with the name of Codex Alca\u00edns. Javier Alca\u00edns. Beatus of Liebana, Song of Songs and Book of Daniel\" \/>\n<meta property=\"og:url\" content=\"https:\/\/www.comprarmejor.es\/en\/product\/codex-alcains-beatus-of-liebana-song-of-songs-and-book-of-daniel\/\" \/>\n<meta property=\"og:site_name\" content=\"ComprarMejor\" \/>\n<meta property=\"article:modified_time\" content=\"2020-09-11T15:38:18+00:00\" \/>\n<meta property=\"og:image\" content=\"https:\/\/www.comprarmejor.es\/wp-content\/uploads\/2016\/10\/CAM-3.jpg\" \/>\n\t<meta property=\"og:image:width\" content=\"599\" \/>\n\t<meta property=\"og:image:height\" content=\"449\" \/>\n\t<meta property=\"og:image:type\" content=\"image\/jpeg\" \/>\n<meta name=\"twitter:card\" content=\"summary_large_image\" \/>\n<meta name=\"twitter:label1\" content=\"Est. reading time\" \/>\n\t<meta name=\"twitter:data1\" content=\"1 minute\" \/>\n<script type=\"application\/ld+json\" class=\"yoast-schema-graph\">{\"@context\":\"https:\\\/\\\/schema.org\",\"@graph\":[{\"@type\":\"WebPage\",\"@id\":\"https:\\\/\\\/www.comprarmejor.es\\\/en\\\/product\\\/codex-alcains-beatus-of-liebana-song-of-songs-and-book-of-daniel\\\/\",\"url\":\"https:\\\/\\\/www.comprarmejor.es\\\/en\\\/product\\\/codex-alcains-beatus-of-liebana-song-of-songs-and-book-of-daniel\\\/\",\"name\":\"Codex Alcains: Beatus of Liebana, Song of Songs and Book of Daniel\",\"isPartOf\":{\"@id\":\"https:\\\/\\\/www.comprarmejor.es\\\/en\\\/#website\"},\"primaryImageOfPage\":{\"@id\":\"https:\\\/\\\/www.comprarmejor.es\\\/en\\\/product\\\/codex-alcains-beatus-of-liebana-song-of-songs-and-book-of-daniel\\\/#primaryimage\"},\"image\":{\"@id\":\"https:\\\/\\\/www.comprarmejor.es\\\/en\\\/product\\\/codex-alcains-beatus-of-liebana-song-of-songs-and-book-of-daniel\\\/#primaryimage\"},\"thumbnailUrl\":\"https:\\\/\\\/www.comprarmejor.es\\\/wp-content\\\/uploads\\\/2016\\\/10\\\/CAM-3.jpg\",\"datePublished\":\"2019-12-26T23:13:07+00:00\",\"dateModified\":\"2020-09-11T15:38:18+00:00\",\"description\":\"Collection of the Moleiro publishing with the name of Codex Alca\u00edns. Javier Alca\u00edns. Beatus of Liebana, Song of Songs and Book of Daniel\",\"breadcrumb\":{\"@id\":\"https:\\\/\\\/www.comprarmejor.es\\\/en\\\/product\\\/codex-alcains-beatus-of-liebana-song-of-songs-and-book-of-daniel\\\/#breadcrumb\"},\"inLanguage\":\"en-US\",\"potentialAction\":[{\"@type\":\"ReadAction\",\"target\":[\"https:\\\/\\\/www.comprarmejor.es\\\/en\\\/product\\\/codex-alcains-beatus-of-liebana-song-of-songs-and-book-of-daniel\\\/\"]}]},{\"@type\":\"ImageObject\",\"inLanguage\":\"en-US\",\"@id\":\"https:\\\/\\\/www.comprarmejor.es\\\/en\\\/product\\\/codex-alcains-beatus-of-liebana-song-of-songs-and-book-of-daniel\\\/#primaryimage\",\"url\":\"https:\\\/\\\/www.comprarmejor.es\\\/wp-content\\\/uploads\\\/2016\\\/10\\\/CAM-3.jpg\",\"contentUrl\":\"https:\\\/\\\/www.comprarmejor.es\\\/wp-content\\\/uploads\\\/2016\\\/10\\\/CAM-3.jpg\",\"width\":599,\"height\":449},{\"@type\":\"BreadcrumbList\",\"@id\":\"https:\\\/\\\/www.comprarmejor.es\\\/en\\\/product\\\/codex-alcains-beatus-of-liebana-song-of-songs-and-book-of-daniel\\\/#breadcrumb\",\"itemListElement\":[{\"@type\":\"ListItem\",\"position\":1,\"name\":\"Portada\",\"item\":\"https:\\\/\\\/www.comprarmejor.es\\\/en\\\/\"},{\"@type\":\"ListItem\",\"position\":2,\"name\":\"Shop\",\"item\":\"https:\\\/\\\/www.comprarmejor.es\\\/en\\\/shop\\\/\"},{\"@type\":\"ListItem\",\"position\":3,\"name\":\"Codex Alcains: Beatus of Liebana, Song of Songs and Book of Daniel\"}]},{\"@type\":\"WebSite\",\"@id\":\"https:\\\/\\\/www.comprarmejor.es\\\/en\\\/#website\",\"url\":\"https:\\\/\\\/www.comprarmejor.es\\\/en\\\/\",\"name\":\"ComprarMejor\",\"description\":\"ComprarMejor\",\"publisher\":{\"@id\":\"https:\\\/\\\/www.comprarmejor.es\\\/en\\\/#organization\"},\"potentialAction\":[{\"@type\":\"SearchAction\",\"target\":{\"@type\":\"EntryPoint\",\"urlTemplate\":\"https:\\\/\\\/www.comprarmejor.es\\\/en\\\/?s={search_term_string}\"},\"query-input\":{\"@type\":\"PropertyValueSpecification\",\"valueRequired\":true,\"valueName\":\"search_term_string\"}}],\"inLanguage\":\"en-US\"},{\"@type\":\"Organization\",\"@id\":\"https:\\\/\\\/www.comprarmejor.es\\\/en\\\/#organization\",\"name\":\"COMPRAR MEJOR\",\"url\":\"https:\\\/\\\/www.comprarmejor.es\\\/en\\\/\",\"logo\":{\"@type\":\"ImageObject\",\"inLanguage\":\"en-US\",\"@id\":\"https:\\\/\\\/www.comprarmejor.es\\\/en\\\/#\\\/schema\\\/logo\\\/image\\\/\",\"url\":\"https:\\\/\\\/www.comprarmejor.es\\\/wp-content\\\/uploads\\\/2025\\\/09\\\/comprarmejortrinidad.jpg\",\"contentUrl\":\"https:\\\/\\\/www.comprarmejor.es\\\/wp-content\\\/uploads\\\/2025\\\/09\\\/comprarmejortrinidad.jpg\",\"width\":1022,\"height\":1380,\"caption\":\"COMPRAR MEJOR\"},\"image\":{\"@id\":\"https:\\\/\\\/www.comprarmejor.es\\\/en\\\/#\\\/schema\\\/logo\\\/image\\\/\"},\"sameAs\":[\"https:\\\/\\\/www.instagram.com\\\/amigosdelcodice\"]}]}<\/script>\n<!-- \/ Yoast SEO plugin. -->","yoast_head_json":{"title":"Codex Alcains: Beatus of Liebana, Song of Songs and Book of Daniel","description":"Collection of the Moleiro publishing with the name of Codex Alca\u00edns. Javier Alca\u00edns. Beatus of Liebana, Song of Songs and Book of Daniel","robots":{"index":"index","follow":"follow","max-snippet":"max-snippet:-1","max-image-preview":"max-image-preview:large","max-video-preview":"max-video-preview:-1"},"canonical":"https:\/\/www.comprarmejor.es\/en\/product\/codex-alcains-beatus-of-liebana-song-of-songs-and-book-of-daniel\/","og_locale":"en_US","og_type":"article","og_title":"Codex Alcains: Beatus of Liebana, Song of Songs and Book of Daniel","og_description":"Collection of the Moleiro publishing with the name of Codex Alca\u00edns. Javier Alca\u00edns. Beatus of Liebana, Song of Songs and Book of Daniel","og_url":"https:\/\/www.comprarmejor.es\/en\/product\/codex-alcains-beatus-of-liebana-song-of-songs-and-book-of-daniel\/","og_site_name":"ComprarMejor","article_modified_time":"2020-09-11T15:38:18+00:00","og_image":[{"width":599,"height":449,"url":"https:\/\/www.comprarmejor.es\/wp-content\/uploads\/2016\/10\/CAM-3.jpg","type":"image\/jpeg"}],"twitter_card":"summary_large_image","twitter_misc":{"Est. reading time":"1 minute"},"schema":{"@context":"https:\/\/schema.org","@graph":[{"@type":"WebPage","@id":"https:\/\/www.comprarmejor.es\/en\/product\/codex-alcains-beatus-of-liebana-song-of-songs-and-book-of-daniel\/","url":"https:\/\/www.comprarmejor.es\/en\/product\/codex-alcains-beatus-of-liebana-song-of-songs-and-book-of-daniel\/","name":"Codex Alcains: Beatus of Liebana, Song of Songs and Book of Daniel","isPartOf":{"@id":"https:\/\/www.comprarmejor.es\/en\/#website"},"primaryImageOfPage":{"@id":"https:\/\/www.comprarmejor.es\/en\/product\/codex-alcains-beatus-of-liebana-song-of-songs-and-book-of-daniel\/#primaryimage"},"image":{"@id":"https:\/\/www.comprarmejor.es\/en\/product\/codex-alcains-beatus-of-liebana-song-of-songs-and-book-of-daniel\/#primaryimage"},"thumbnailUrl":"https:\/\/www.comprarmejor.es\/wp-content\/uploads\/2016\/10\/CAM-3.jpg","datePublished":"2019-12-26T23:13:07+00:00","dateModified":"2020-09-11T15:38:18+00:00","description":"Collection of the Moleiro publishing with the name of Codex Alca\u00edns. Javier Alca\u00edns. Beatus of Liebana, Song of Songs and Book of Daniel","breadcrumb":{"@id":"https:\/\/www.comprarmejor.es\/en\/product\/codex-alcains-beatus-of-liebana-song-of-songs-and-book-of-daniel\/#breadcrumb"},"inLanguage":"en-US","potentialAction":[{"@type":"ReadAction","target":["https:\/\/www.comprarmejor.es\/en\/product\/codex-alcains-beatus-of-liebana-song-of-songs-and-book-of-daniel\/"]}]},{"@type":"ImageObject","inLanguage":"en-US","@id":"https:\/\/www.comprarmejor.es\/en\/product\/codex-alcains-beatus-of-liebana-song-of-songs-and-book-of-daniel\/#primaryimage","url":"https:\/\/www.comprarmejor.es\/wp-content\/uploads\/2016\/10\/CAM-3.jpg","contentUrl":"https:\/\/www.comprarmejor.es\/wp-content\/uploads\/2016\/10\/CAM-3.jpg","width":599,"height":449},{"@type":"BreadcrumbList","@id":"https:\/\/www.comprarmejor.es\/en\/product\/codex-alcains-beatus-of-liebana-song-of-songs-and-book-of-daniel\/#breadcrumb","itemListElement":[{"@type":"ListItem","position":1,"name":"Portada","item":"https:\/\/www.comprarmejor.es\/en\/"},{"@type":"ListItem","position":2,"name":"Shop","item":"https:\/\/www.comprarmejor.es\/en\/shop\/"},{"@type":"ListItem","position":3,"name":"Codex Alcains: Beatus of Liebana, Song of Songs and Book of Daniel"}]},{"@type":"WebSite","@id":"https:\/\/www.comprarmejor.es\/en\/#website","url":"https:\/\/www.comprarmejor.es\/en\/","name":"ComprarMejor","description":"ComprarMejor","publisher":{"@id":"https:\/\/www.comprarmejor.es\/en\/#organization"},"potentialAction":[{"@type":"SearchAction","target":{"@type":"EntryPoint","urlTemplate":"https:\/\/www.comprarmejor.es\/en\/?s={search_term_string}"},"query-input":{"@type":"PropertyValueSpecification","valueRequired":true,"valueName":"search_term_string"}}],"inLanguage":"en-US"},{"@type":"Organization","@id":"https:\/\/www.comprarmejor.es\/en\/#organization","name":"COMPRAR MEJOR","url":"https:\/\/www.comprarmejor.es\/en\/","logo":{"@type":"ImageObject","inLanguage":"en-US","@id":"https:\/\/www.comprarmejor.es\/en\/#\/schema\/logo\/image\/","url":"https:\/\/www.comprarmejor.es\/wp-content\/uploads\/2025\/09\/comprarmejortrinidad.jpg","contentUrl":"https:\/\/www.comprarmejor.es\/wp-content\/uploads\/2025\/09\/comprarmejortrinidad.jpg","width":1022,"height":1380,"caption":"COMPRAR MEJOR"},"image":{"@id":"https:\/\/www.comprarmejor.es\/en\/#\/schema\/logo\/image\/"},"sameAs":["https:\/\/www.instagram.com\/amigosdelcodice"]}]}},"_links":{"self":[{"href":"https:\/\/www.comprarmejor.es\/en\/wp-json\/wp\/v2\/product\/54027","targetHints":{"allow":["GET"]}}],"collection":[{"href":"https:\/\/www.comprarmejor.es\/en\/wp-json\/wp\/v2\/product"}],"about":[{"href":"https:\/\/www.comprarmejor.es\/en\/wp-json\/wp\/v2\/types\/product"}],"wp:featuredmedia":[{"embeddable":true,"href":"https:\/\/www.comprarmejor.es\/en\/wp-json\/wp\/v2\/media\/57695"}],"wp:attachment":[{"href":"https:\/\/www.comprarmejor.es\/en\/wp-json\/wp\/v2\/media?parent=54027"}],"wp:term":[{"taxonomy":"product_brand","embeddable":true,"href":"https:\/\/www.comprarmejor.es\/en\/wp-json\/wp\/v2\/product_brand?post=54027"},{"taxonomy":"product_cat","embeddable":true,"href":"https:\/\/www.comprarmejor.es\/en\/wp-json\/wp\/v2\/product_cat?post=54027"},{"taxonomy":"product_tag","embeddable":true,"href":"https:\/\/www.comprarmejor.es\/en\/wp-json\/wp\/v2\/product_tag?post=54027"}],"curies":[{"name":"wp","href":"https:\/\/api.w.org\/{rel}","templated":true}]}}