{"id":54101,"date":"2016-11-15T18:34:52","date_gmt":"2016-11-15T17:34:52","guid":{"rendered":"https:\/\/www.comprarmejor.es\/producto\/bestiary-of-don-juan-of-austria-c-1570\/"},"modified":"2023-04-06T12:48:21","modified_gmt":"2023-04-06T10:48:21","slug":"bestiary-of-don-juan-of-austria-c-1570","status":"publish","type":"product","link":"https:\/\/www.comprarmejor.es\/en\/product\/bestiary-of-don-juan-of-austria-c-1570\/","title":{"rendered":"Bestiary of Don Juan of Austria, c. 1570"},"content":{"rendered":"<p style=\"text-align: justify;\"><span class=\"tlid-translation translation\" lang=\"en\">The <strong>Bestiary of Don Juan de Austria<\/strong> is the <strong>only bestiary in the Spanish language in the world<\/strong>, according to the knowledge he had in the sixteenth century. Original preserved in the monastery of Santa Mar\u00eda de la Vid (Burgos). Attributed to <strong>Mart\u00edn Villaverde (Villaxide)<\/strong>. Circa 1570.<\/span><\/p>\n<p style=\"text-align: justify;\">This facsimile edition was awarded the Fray Luis de Le\u00f3n 1999 Prize for the best editorial work in Special and Facsimile Editions.<\/p>\n<p style=\"text-align: justify;\">Edition of 1998, already sold out. Limited edition of 696 copies numbered and authenticated with notarial deed.<\/p>\n<p style=\"text-align: justify;\">Facsimile format 20 x 35 cm, bound in dry carved leather, 2 golden closures, nerves and roof. 245 folios on aged and cut paper one by one, 490 pages full of wonders, secrets and a multitude of realistic colored drawings of candid ingenuity that anticipate the &#8220;naive&#8221;.<br \/>\nThe specimen we offer is presented in an <strong>exclusive<\/strong> box-case type book for its best preservation, made of leather, spine and golden title, format 25.5 x 29 x 9 cm.<br \/>\nBook bound study in Dutch leather and fabric, format 18.5 x 25 cm. 300 pages on cream paper, with studies and the complete transcription of the text for better reading.<\/p>\n<p style=\"text-align: justify;\">Manuscript very mistreated throughout its history but that, curiously, makes it enormously attractive thanks to the excellent quality in the realization of this facsimile. A manuscript that makes us feel the author&#8217;s work as if we were in his workshop from more than 400 years ago.<\/p>\n<p style=\"text-align: justify;\">Another interesting novelty in this manuscript is that among its many pages there is a brief treatise on falconry that is the only illustrated one on this subject written in Spanish. In no other library or document can such a happy coincidence be found.<\/p>\n<p style=\"text-align: justify;\">Copies of this work are rare in trade. Exemplary available in perfect condition and with this exclusive presentation.<\/p>\n<p style=\"text-align: justify;\">Free shipping for this item<span title=\"Gastos de env\u00edo por cuenta del comprador, seg\u00fan pedido y destino.\">.\u00a0<\/span><span title=\"Cons\u00faltenos sin compromiso cualquier duda, as\u00ed como por cualquier otro facs\u00edmile o art\u00edculo que est\u00e9 buscando.\"><a class=\"btn btn-default\" href=\"https:\/\/www.comprarmejor.es\/en\/contact\">Ask us<\/a> <span class=\"HwtZe\" lang=\"en\"><span class=\"jCAhz ChMk0b\"><span class=\"ryNqvb\">any questions you have, indicating the article reference.<\/span><\/span><\/span><br \/>\n<\/span><\/p>\n","protected":false},"excerpt":{"rendered":"<p style=\"text-align: justify;\"><span id=\"result_box\" lang=\"en\" xml:lang=\"en\"><span title=\"El Bestiario de Don Juan de Austria es el \u00fanico bestiario en lengua espa\u00f1ola del mundo, seg\u00fan el conocimiento que se ten\u00eda en el siglo XVI.\">The Bestiary of Don Juan of Austria is the only bestiary in Spanish language of the world, according to the knowledge that was had in Century XVI. <\/span><span title=\"Original conservado en el monasterio de Santa Mar\u00eda de la Vid (Burgos).\">Original preserved in the monastery of Santa Maria de la Vid (Burgos).<\/span><span title=\"Circa 1570.\"><br \/>\n<\/span><\/span><\/p>\n","protected":false},"featured_media":57674,"template":"","meta":[],"product_brand":[],"product_cat":[2250],"product_tag":[5014,5821,4306,5119],"class_list":{"0":"post-54101","1":"product","2":"type-product","3":"status-publish","4":"has-post-thumbnail","6":"product_cat-other-facsimiles","7":"product_tag-austria-en","8":"product_tag-bestiario-en","9":"product_tag-burgos-en","10":"product_tag-siloe-en","11":"description-off","13":"first","14":"instock","15":"taxable","16":"shipping-taxable","17":"purchasable","18":"product-type-simple"},"yoast_head":"<!-- This site is optimized with the Yoast SEO plugin v27.3 - https:\/\/yoast.com\/product\/yoast-seo-wordpress\/ -->\n<title>Bestiary of Don Juan of Austria, c. 1570, only bestiary in Spanish<\/title>\n<meta name=\"description\" content=\"The Bestiary of Don Juan of Austria is the only bestiary in Spanish language of the world, according to the knowledge that was had in Century XVI (c. 1570)\" \/>\n<meta name=\"robots\" content=\"index, follow, max-snippet:-1, max-image-preview:large, max-video-preview:-1\" \/>\n<link rel=\"canonical\" href=\"https:\/\/www.comprarmejor.es\/en\/product\/bestiary-of-don-juan-of-austria-c-1570\/\" \/>\n<meta property=\"og:locale\" content=\"en_US\" \/>\n<meta property=\"og:type\" content=\"article\" \/>\n<meta property=\"og:title\" content=\"Bestiary of Don Juan of Austria, c. 1570, only bestiary in Spanish\" \/>\n<meta property=\"og:description\" content=\"The Bestiary of Don Juan of Austria is the only bestiary in Spanish language of the world, according to the knowledge that was had in Century XVI (c. 1570)\" \/>\n<meta property=\"og:url\" content=\"https:\/\/www.comprarmejor.es\/en\/product\/bestiary-of-don-juan-of-austria-c-1570\/\" \/>\n<meta property=\"og:site_name\" content=\"ComprarMejor\" \/>\n<meta property=\"article:modified_time\" content=\"2023-04-06T10:48:21+00:00\" \/>\n<meta property=\"og:image\" content=\"https:\/\/www.comprarmejor.es\/wp-content\/uploads\/2016\/11\/BJA-19.jpg\" \/>\n\t<meta property=\"og:image:width\" content=\"449\" \/>\n\t<meta property=\"og:image:height\" content=\"599\" \/>\n\t<meta property=\"og:image:type\" content=\"image\/jpeg\" \/>\n<meta name=\"twitter:card\" content=\"summary_large_image\" \/>\n<meta name=\"twitter:label1\" content=\"Est. reading time\" \/>\n\t<meta name=\"twitter:data1\" content=\"2 minutes\" \/>\n<script type=\"application\/ld+json\" class=\"yoast-schema-graph\">{\"@context\":\"https:\\\/\\\/schema.org\",\"@graph\":[{\"@type\":\"WebPage\",\"@id\":\"https:\\\/\\\/www.comprarmejor.es\\\/en\\\/product\\\/bestiary-of-don-juan-of-austria-c-1570\\\/\",\"url\":\"https:\\\/\\\/www.comprarmejor.es\\\/en\\\/product\\\/bestiary-of-don-juan-of-austria-c-1570\\\/\",\"name\":\"Bestiary of Don Juan of Austria, c. 1570, only bestiary in Spanish\",\"isPartOf\":{\"@id\":\"https:\\\/\\\/www.comprarmejor.es\\\/en\\\/#website\"},\"primaryImageOfPage\":{\"@id\":\"https:\\\/\\\/www.comprarmejor.es\\\/en\\\/product\\\/bestiary-of-don-juan-of-austria-c-1570\\\/#primaryimage\"},\"image\":{\"@id\":\"https:\\\/\\\/www.comprarmejor.es\\\/en\\\/product\\\/bestiary-of-don-juan-of-austria-c-1570\\\/#primaryimage\"},\"thumbnailUrl\":\"https:\\\/\\\/www.comprarmejor.es\\\/wp-content\\\/uploads\\\/2016\\\/11\\\/BJA-19.jpg\",\"datePublished\":\"2016-11-15T17:34:52+00:00\",\"dateModified\":\"2023-04-06T10:48:21+00:00\",\"description\":\"The Bestiary of Don Juan of Austria is the only bestiary in Spanish language of the world, according to the knowledge that was had in Century XVI (c. 1570)\",\"breadcrumb\":{\"@id\":\"https:\\\/\\\/www.comprarmejor.es\\\/en\\\/product\\\/bestiary-of-don-juan-of-austria-c-1570\\\/#breadcrumb\"},\"inLanguage\":\"en-US\",\"potentialAction\":[{\"@type\":\"ReadAction\",\"target\":[\"https:\\\/\\\/www.comprarmejor.es\\\/en\\\/product\\\/bestiary-of-don-juan-of-austria-c-1570\\\/\"]}]},{\"@type\":\"ImageObject\",\"inLanguage\":\"en-US\",\"@id\":\"https:\\\/\\\/www.comprarmejor.es\\\/en\\\/product\\\/bestiary-of-don-juan-of-austria-c-1570\\\/#primaryimage\",\"url\":\"https:\\\/\\\/www.comprarmejor.es\\\/wp-content\\\/uploads\\\/2016\\\/11\\\/BJA-19.jpg\",\"contentUrl\":\"https:\\\/\\\/www.comprarmejor.es\\\/wp-content\\\/uploads\\\/2016\\\/11\\\/BJA-19.jpg\",\"width\":449,\"height\":599},{\"@type\":\"BreadcrumbList\",\"@id\":\"https:\\\/\\\/www.comprarmejor.es\\\/en\\\/product\\\/bestiary-of-don-juan-of-austria-c-1570\\\/#breadcrumb\",\"itemListElement\":[{\"@type\":\"ListItem\",\"position\":1,\"name\":\"Portada\",\"item\":\"https:\\\/\\\/www.comprarmejor.es\\\/en\\\/\"},{\"@type\":\"ListItem\",\"position\":2,\"name\":\"Shop\",\"item\":\"https:\\\/\\\/www.comprarmejor.es\\\/en\\\/shop\\\/\"},{\"@type\":\"ListItem\",\"position\":3,\"name\":\"Bestiary of Don Juan of Austria, c. 1570\"}]},{\"@type\":\"WebSite\",\"@id\":\"https:\\\/\\\/www.comprarmejor.es\\\/en\\\/#website\",\"url\":\"https:\\\/\\\/www.comprarmejor.es\\\/en\\\/\",\"name\":\"ComprarMejor\",\"description\":\"ComprarMejor\",\"publisher\":{\"@id\":\"https:\\\/\\\/www.comprarmejor.es\\\/en\\\/#organization\"},\"potentialAction\":[{\"@type\":\"SearchAction\",\"target\":{\"@type\":\"EntryPoint\",\"urlTemplate\":\"https:\\\/\\\/www.comprarmejor.es\\\/en\\\/?s={search_term_string}\"},\"query-input\":{\"@type\":\"PropertyValueSpecification\",\"valueRequired\":true,\"valueName\":\"search_term_string\"}}],\"inLanguage\":\"en-US\"},{\"@type\":\"Organization\",\"@id\":\"https:\\\/\\\/www.comprarmejor.es\\\/en\\\/#organization\",\"name\":\"COMPRAR MEJOR\",\"url\":\"https:\\\/\\\/www.comprarmejor.es\\\/en\\\/\",\"logo\":{\"@type\":\"ImageObject\",\"inLanguage\":\"en-US\",\"@id\":\"https:\\\/\\\/www.comprarmejor.es\\\/en\\\/#\\\/schema\\\/logo\\\/image\\\/\",\"url\":\"https:\\\/\\\/www.comprarmejor.es\\\/wp-content\\\/uploads\\\/2025\\\/09\\\/comprarmejortrinidad.jpg\",\"contentUrl\":\"https:\\\/\\\/www.comprarmejor.es\\\/wp-content\\\/uploads\\\/2025\\\/09\\\/comprarmejortrinidad.jpg\",\"width\":1022,\"height\":1380,\"caption\":\"COMPRAR MEJOR\"},\"image\":{\"@id\":\"https:\\\/\\\/www.comprarmejor.es\\\/en\\\/#\\\/schema\\\/logo\\\/image\\\/\"},\"sameAs\":[\"https:\\\/\\\/www.instagram.com\\\/amigosdelcodice\"]}]}<\/script>\n<!-- \/ Yoast SEO plugin. -->","yoast_head_json":{"title":"Bestiary of Don Juan of Austria, c. 1570, only bestiary in Spanish","description":"The Bestiary of Don Juan of Austria is the only bestiary in Spanish language of the world, according to the knowledge that was had in Century XVI (c. 1570)","robots":{"index":"index","follow":"follow","max-snippet":"max-snippet:-1","max-image-preview":"max-image-preview:large","max-video-preview":"max-video-preview:-1"},"canonical":"https:\/\/www.comprarmejor.es\/en\/product\/bestiary-of-don-juan-of-austria-c-1570\/","og_locale":"en_US","og_type":"article","og_title":"Bestiary of Don Juan of Austria, c. 1570, only bestiary in Spanish","og_description":"The Bestiary of Don Juan of Austria is the only bestiary in Spanish language of the world, according to the knowledge that was had in Century XVI (c. 1570)","og_url":"https:\/\/www.comprarmejor.es\/en\/product\/bestiary-of-don-juan-of-austria-c-1570\/","og_site_name":"ComprarMejor","article_modified_time":"2023-04-06T10:48:21+00:00","og_image":[{"width":449,"height":599,"url":"https:\/\/www.comprarmejor.es\/wp-content\/uploads\/2016\/11\/BJA-19.jpg","type":"image\/jpeg"}],"twitter_card":"summary_large_image","twitter_misc":{"Est. reading time":"2 minutes"},"schema":{"@context":"https:\/\/schema.org","@graph":[{"@type":"WebPage","@id":"https:\/\/www.comprarmejor.es\/en\/product\/bestiary-of-don-juan-of-austria-c-1570\/","url":"https:\/\/www.comprarmejor.es\/en\/product\/bestiary-of-don-juan-of-austria-c-1570\/","name":"Bestiary of Don Juan of Austria, c. 1570, only bestiary in Spanish","isPartOf":{"@id":"https:\/\/www.comprarmejor.es\/en\/#website"},"primaryImageOfPage":{"@id":"https:\/\/www.comprarmejor.es\/en\/product\/bestiary-of-don-juan-of-austria-c-1570\/#primaryimage"},"image":{"@id":"https:\/\/www.comprarmejor.es\/en\/product\/bestiary-of-don-juan-of-austria-c-1570\/#primaryimage"},"thumbnailUrl":"https:\/\/www.comprarmejor.es\/wp-content\/uploads\/2016\/11\/BJA-19.jpg","datePublished":"2016-11-15T17:34:52+00:00","dateModified":"2023-04-06T10:48:21+00:00","description":"The Bestiary of Don Juan of Austria is the only bestiary in Spanish language of the world, according to the knowledge that was had in Century XVI (c. 1570)","breadcrumb":{"@id":"https:\/\/www.comprarmejor.es\/en\/product\/bestiary-of-don-juan-of-austria-c-1570\/#breadcrumb"},"inLanguage":"en-US","potentialAction":[{"@type":"ReadAction","target":["https:\/\/www.comprarmejor.es\/en\/product\/bestiary-of-don-juan-of-austria-c-1570\/"]}]},{"@type":"ImageObject","inLanguage":"en-US","@id":"https:\/\/www.comprarmejor.es\/en\/product\/bestiary-of-don-juan-of-austria-c-1570\/#primaryimage","url":"https:\/\/www.comprarmejor.es\/wp-content\/uploads\/2016\/11\/BJA-19.jpg","contentUrl":"https:\/\/www.comprarmejor.es\/wp-content\/uploads\/2016\/11\/BJA-19.jpg","width":449,"height":599},{"@type":"BreadcrumbList","@id":"https:\/\/www.comprarmejor.es\/en\/product\/bestiary-of-don-juan-of-austria-c-1570\/#breadcrumb","itemListElement":[{"@type":"ListItem","position":1,"name":"Portada","item":"https:\/\/www.comprarmejor.es\/en\/"},{"@type":"ListItem","position":2,"name":"Shop","item":"https:\/\/www.comprarmejor.es\/en\/shop\/"},{"@type":"ListItem","position":3,"name":"Bestiary of Don Juan of Austria, c. 1570"}]},{"@type":"WebSite","@id":"https:\/\/www.comprarmejor.es\/en\/#website","url":"https:\/\/www.comprarmejor.es\/en\/","name":"ComprarMejor","description":"ComprarMejor","publisher":{"@id":"https:\/\/www.comprarmejor.es\/en\/#organization"},"potentialAction":[{"@type":"SearchAction","target":{"@type":"EntryPoint","urlTemplate":"https:\/\/www.comprarmejor.es\/en\/?s={search_term_string}"},"query-input":{"@type":"PropertyValueSpecification","valueRequired":true,"valueName":"search_term_string"}}],"inLanguage":"en-US"},{"@type":"Organization","@id":"https:\/\/www.comprarmejor.es\/en\/#organization","name":"COMPRAR MEJOR","url":"https:\/\/www.comprarmejor.es\/en\/","logo":{"@type":"ImageObject","inLanguage":"en-US","@id":"https:\/\/www.comprarmejor.es\/en\/#\/schema\/logo\/image\/","url":"https:\/\/www.comprarmejor.es\/wp-content\/uploads\/2025\/09\/comprarmejortrinidad.jpg","contentUrl":"https:\/\/www.comprarmejor.es\/wp-content\/uploads\/2025\/09\/comprarmejortrinidad.jpg","width":1022,"height":1380,"caption":"COMPRAR MEJOR"},"image":{"@id":"https:\/\/www.comprarmejor.es\/en\/#\/schema\/logo\/image\/"},"sameAs":["https:\/\/www.instagram.com\/amigosdelcodice"]}]}},"_links":{"self":[{"href":"https:\/\/www.comprarmejor.es\/en\/wp-json\/wp\/v2\/product\/54101","targetHints":{"allow":["GET"]}}],"collection":[{"href":"https:\/\/www.comprarmejor.es\/en\/wp-json\/wp\/v2\/product"}],"about":[{"href":"https:\/\/www.comprarmejor.es\/en\/wp-json\/wp\/v2\/types\/product"}],"wp:featuredmedia":[{"embeddable":true,"href":"https:\/\/www.comprarmejor.es\/en\/wp-json\/wp\/v2\/media\/57674"}],"wp:attachment":[{"href":"https:\/\/www.comprarmejor.es\/en\/wp-json\/wp\/v2\/media?parent=54101"}],"wp:term":[{"taxonomy":"product_brand","embeddable":true,"href":"https:\/\/www.comprarmejor.es\/en\/wp-json\/wp\/v2\/product_brand?post=54101"},{"taxonomy":"product_cat","embeddable":true,"href":"https:\/\/www.comprarmejor.es\/en\/wp-json\/wp\/v2\/product_cat?post=54101"},{"taxonomy":"product_tag","embeddable":true,"href":"https:\/\/www.comprarmejor.es\/en\/wp-json\/wp\/v2\/product_tag?post=54101"}],"curies":[{"name":"wp","href":"https:\/\/api.w.org\/{rel}","templated":true}]}}