{"id":54133,"date":"2016-11-21T22:42:22","date_gmt":"2016-11-21T21:42:22","guid":{"rendered":"https:\/\/www.comprarmejor.es\/producto\/tractatus-de-ludo-scacorum-treaty-of-the-game-of-chess-15th-century\/"},"modified":"2026-05-02T21:26:31","modified_gmt":"2026-05-02T19:26:31","slug":"tractatus-de-ludo-scacorum-treaty-of-the-game-of-chess-15th-century","status":"publish","type":"product","link":"https:\/\/www.comprarmejor.es\/en\/product\/tractatus-de-ludo-scacorum-treaty-of-the-game-of-chess-15th-century\/","title":{"rendered":"Tractatus de Ludo Scacorum (Treaty of the Game of Chess), 15th century"},"content":{"rendered":"<p><span class=\"HwtZe\" lang=\"en\"><span class=\"jCAhz ChMk0b\"><span class=\"ryNqvb\">ARTICLE FOR INFORMATIONAL PURPOSES ONLY<\/span><\/span><\/span><\/p>\n<p style=\"text-align: justify;\"><span id=\"result_box\" lang=\"en\" xml:lang=\"en\"><span title=\"Valioso tratado representativo del estado del esp\u00edritu del hombre medieval, decorado con deliciosas miniaturas de brillante colorido.\">Valuable treaty representative of the state of the spirit of the medieval man, decorated with delicious miniatures of brilliant color.<\/span><\/span><\/p>\n<p style=\"text-align: justify;\"><span title=\"C\u00f3dice original custodiado en la Biblioteca Nacional de Espa\u00f1a, sign.\">Original codex guarded at the National Library of Spain, sign. <\/span><span title=\"Vit.\">Vit. <\/span><span title=\"25-6.\">25-6. <\/span><span title=\"Procedente del cabildo de la catedral de Toledo.\">Coming from the town hall of the cathedral of Toledo. <\/span><span title=\"Siglo XV.\">XV century.<\/span><\/p>\n<p style=\"text-align: justify;\"><span title=\"El manuscrito se inicia con el origen del juego de ajedrez y trata del significado de las figuras de ajedrez como alegor\u00eda de dos reinos enfrentados, e incluso de c\u00f3mo el movimiento de las figuras simboliza las obras rectas y loables.\">The manuscript begins with the origin of the game of chess and deals with the meaning of chess figures as an allegory of two kingdoms facing each other, and even how the movement of the figures symbolizes the upright and praiseworthy works.<\/span><\/p>\n<p style=\"text-align: justify;\"><span title=\"Su origen se sit\u00faa en el renombrado C\u00edrculo de Bohemia, con centro en Praga, bajo el reinado de Wenceslao IV, uno de los grandes reyes bibli\u00f3filos de Europa.\">Its origin is in the renowned Bohemian Circle, centered in Prague under the reign of Wenceslas IV, one of the great Bibliophile kings of Europe.<\/span><\/p>\n<p style=\"text-align: justify;\"><span title=\"Elegante escritura en g\u00f3tica min\u00fascula y bellas miniaturas en oros de brillante colorido, que representan escenas cortesanas, juegos y combates, todo ello con significaci\u00f3n moralizadora.\">Elegant writing in tiny gothic and beautiful miniatures in golds of brilliant color, representing courtly scenes, games and combats, all with moralizing significance.<\/span><\/p>\n<p style=\"text-align: justify;\"><span title=\"Extraordinaria, muy bella y lujosa edici\u00f3n facs\u00edmile de 2008. Facs\u00edmile encuadernado artesanalmente en piel labrada en seco, nervios y cierre met\u00e1lico dorado, formato 12,3 x 17,5 cm.\">Extraordinary, very beautiful and luxurious facsimile edition of 2008. Hand-bound facsimile in dry-worked leather, nerves and gold metallic clasp, format 12.3 x 17.5 cm. <\/span><span title=\"100 p\u00e1ginas.\">100 pages. <\/span><span title=\"Presentado en una lujosa y elegante caja de conservaci\u00f3n de nogal en forma de vitrina.\">Presented in a luxurious and elegant walnut conservation box in the form of a display case. <\/span><span title=\"Acompa\u00f1ado de volumen de estudios.\">Accompanied by volume of studies.<\/span><\/p>\n<p style=\"text-align: justify;\"><span title=\"Tirada limitada a 898 ejemplares numerados con acta notarial.\">Limited edition to 898 numbered copies with notarial deed. <\/span><span title=\"Ejemplar en perfecto estado.\">Exemplary in perfect condition.<\/span><\/p>\n<p style=\"text-align: justify;\"><span title=\"En el Tractatus de ludo scacorum \u201ccasi nada concreto hay en \u00e9l sobre eso, y todas las alusiones que se hacen (al juego del ajedrez), tanto a las figuras como a sus movimientos, son siempre referidas a su significado moral o castrense.\u201d\">In the Tractatus de ludo scacorum &#8220;there is almost nothing concrete about it, and all the allusions that are made (to the game of chess), both to the figures and to their movements, are always related to their moral or military significance.&#8221; <\/span><span title=\"No obstante, es un libro muy interesante para todo buen bibli\u00f3filo y jugador de ajedrez.\">However, it is a very interesting book for every good bibliophile and chess player.<\/span><\/p>\n<p style=\"text-align: justify;\"><span title=\"Gastos de env\u00edo por cuenta del comprador, seg\u00fan pedido y destino.\">Retail Price: 4.260 \u20ac. <\/span><span title=\"Cons\u00faltenos sin compromiso cualquier duda, as\u00ed como por cualquier otro facs\u00edmile o art\u00edculo que est\u00e9 buscando.\"><a class=\"btn btn-default\" href=\"https:\/\/www.comprarmejor.es\/en\/contact\/\">Ask us<\/a> without any questions, as well as any other facsimile or article you are looking for.<\/span><\/p>\n","protected":false},"excerpt":{"rendered":"<p style=\"text-align: justify;\"><span id=\"result_box\" lang=\"en\" xml:lang=\"en\"><span title=\"El manuscrito se inicia con el origen del juego de ajedrez y trata del significado de las figuras de ajedrez como alegor\u00eda de dos reinos enfrentados, e incluso de c\u00f3mo el movimiento de las figuras simboliza las obras rectas y loables.\">The manuscript begins with the origin of the game of chess and deals with the meaning of chess figures as an allegory of two kingdoms facing each other, and even how the movement of the figures symbolizes the upright and praiseworthy works.<\/span><\/span><\/p>\n","protected":false},"featured_media":54125,"template":"","meta":[],"product_brand":[],"product_cat":[2250],"product_tag":[4104,5317,5119],"class_list":{"0":"post-54133","1":"product","2":"type-product","3":"status-publish","4":"has-post-thumbnail","6":"product_cat-other-facsimiles","7":"product_tag-bne-en","8":"product_tag-ajedrez-en","9":"product_tag-siloe-en","10":"description-off","12":"first","13":"instock","14":"taxable","15":"shipping-taxable","16":"purchasable","17":"product-type-simple"},"yoast_head":"<!-- This site is optimized with the Yoast SEO plugin v27.3 - https:\/\/yoast.com\/product\/yoast-seo-wordpress\/ -->\n<title>Tractatus de Ludo Scacorum (Treaty of the Game of Chess), 15th century<\/title>\n<meta name=\"description\" content=\"The manuscript begins with the origin of the game of chess and deals with the meaning of chess figures as an allegory of two kingdoms facing each other, and\" \/>\n<meta name=\"robots\" content=\"index, follow, max-snippet:-1, max-image-preview:large, max-video-preview:-1\" \/>\n<link rel=\"canonical\" href=\"https:\/\/www.comprarmejor.es\/en\/product\/tractatus-de-ludo-scacorum-treaty-of-the-game-of-chess-15th-century\/\" \/>\n<meta property=\"og:locale\" content=\"en_US\" \/>\n<meta property=\"og:type\" content=\"article\" \/>\n<meta property=\"og:title\" content=\"Tractatus de Ludo Scacorum (Treaty of the Game of Chess), 15th century\" \/>\n<meta property=\"og:description\" content=\"The manuscript begins with the origin of the game of chess and deals with the meaning of chess figures as an allegory of two kingdoms facing each other, and\" \/>\n<meta property=\"og:url\" content=\"https:\/\/www.comprarmejor.es\/en\/product\/tractatus-de-ludo-scacorum-treaty-of-the-game-of-chess-15th-century\/\" \/>\n<meta property=\"og:site_name\" content=\"ComprarMejor\" \/>\n<meta property=\"article:modified_time\" content=\"2026-05-02T19:26:31+00:00\" \/>\n<meta property=\"og:image\" content=\"https:\/\/www.comprarmejor.es\/wp-content\/uploads\/2016\/11\/p_6_6_4_5_6645-Tractatus-de-Ludo-Scacorum-Tratado-del-juego-del-ajedrez-siglo-XV.jpg\" \/>\n\t<meta property=\"og:image:width\" content=\"600\" \/>\n\t<meta property=\"og:image:height\" content=\"536\" \/>\n\t<meta property=\"og:image:type\" content=\"image\/jpeg\" \/>\n<meta name=\"twitter:card\" content=\"summary_large_image\" \/>\n<meta name=\"twitter:label1\" content=\"Est. reading time\" \/>\n\t<meta name=\"twitter:data1\" content=\"2 minutes\" \/>\n<script type=\"application\/ld+json\" class=\"yoast-schema-graph\">{\"@context\":\"https:\\\/\\\/schema.org\",\"@graph\":[{\"@type\":\"WebPage\",\"@id\":\"https:\\\/\\\/www.comprarmejor.es\\\/en\\\/product\\\/tractatus-de-ludo-scacorum-treaty-of-the-game-of-chess-15th-century\\\/\",\"url\":\"https:\\\/\\\/www.comprarmejor.es\\\/en\\\/product\\\/tractatus-de-ludo-scacorum-treaty-of-the-game-of-chess-15th-century\\\/\",\"name\":\"Tractatus de Ludo Scacorum (Treaty of the Game of Chess), 15th century\",\"isPartOf\":{\"@id\":\"https:\\\/\\\/www.comprarmejor.es\\\/en\\\/#website\"},\"primaryImageOfPage\":{\"@id\":\"https:\\\/\\\/www.comprarmejor.es\\\/en\\\/product\\\/tractatus-de-ludo-scacorum-treaty-of-the-game-of-chess-15th-century\\\/#primaryimage\"},\"image\":{\"@id\":\"https:\\\/\\\/www.comprarmejor.es\\\/en\\\/product\\\/tractatus-de-ludo-scacorum-treaty-of-the-game-of-chess-15th-century\\\/#primaryimage\"},\"thumbnailUrl\":\"https:\\\/\\\/www.comprarmejor.es\\\/wp-content\\\/uploads\\\/2016\\\/11\\\/p_6_6_4_5_6645-Tractatus-de-Ludo-Scacorum-Tratado-del-juego-del-ajedrez-siglo-XV.jpg\",\"datePublished\":\"2016-11-21T21:42:22+00:00\",\"dateModified\":\"2026-05-02T19:26:31+00:00\",\"description\":\"The manuscript begins with the origin of the game of chess and deals with the meaning of chess figures as an allegory of two kingdoms facing each other, and\",\"breadcrumb\":{\"@id\":\"https:\\\/\\\/www.comprarmejor.es\\\/en\\\/product\\\/tractatus-de-ludo-scacorum-treaty-of-the-game-of-chess-15th-century\\\/#breadcrumb\"},\"inLanguage\":\"en-US\",\"potentialAction\":[{\"@type\":\"ReadAction\",\"target\":[\"https:\\\/\\\/www.comprarmejor.es\\\/en\\\/product\\\/tractatus-de-ludo-scacorum-treaty-of-the-game-of-chess-15th-century\\\/\"]}]},{\"@type\":\"ImageObject\",\"inLanguage\":\"en-US\",\"@id\":\"https:\\\/\\\/www.comprarmejor.es\\\/en\\\/product\\\/tractatus-de-ludo-scacorum-treaty-of-the-game-of-chess-15th-century\\\/#primaryimage\",\"url\":\"https:\\\/\\\/www.comprarmejor.es\\\/wp-content\\\/uploads\\\/2016\\\/11\\\/p_6_6_4_5_6645-Tractatus-de-Ludo-Scacorum-Tratado-del-juego-del-ajedrez-siglo-XV.jpg\",\"contentUrl\":\"https:\\\/\\\/www.comprarmejor.es\\\/wp-content\\\/uploads\\\/2016\\\/11\\\/p_6_6_4_5_6645-Tractatus-de-Ludo-Scacorum-Tratado-del-juego-del-ajedrez-siglo-XV.jpg\",\"width\":600,\"height\":536},{\"@type\":\"BreadcrumbList\",\"@id\":\"https:\\\/\\\/www.comprarmejor.es\\\/en\\\/product\\\/tractatus-de-ludo-scacorum-treaty-of-the-game-of-chess-15th-century\\\/#breadcrumb\",\"itemListElement\":[{\"@type\":\"ListItem\",\"position\":1,\"name\":\"Portada\",\"item\":\"https:\\\/\\\/www.comprarmejor.es\\\/en\\\/\"},{\"@type\":\"ListItem\",\"position\":2,\"name\":\"Shop\",\"item\":\"https:\\\/\\\/www.comprarmejor.es\\\/en\\\/shop\\\/\"},{\"@type\":\"ListItem\",\"position\":3,\"name\":\"Tractatus de Ludo Scacorum (Treaty of the Game of Chess), 15th century\"}]},{\"@type\":\"WebSite\",\"@id\":\"https:\\\/\\\/www.comprarmejor.es\\\/en\\\/#website\",\"url\":\"https:\\\/\\\/www.comprarmejor.es\\\/en\\\/\",\"name\":\"ComprarMejor\",\"description\":\"ComprarMejor\",\"publisher\":{\"@id\":\"https:\\\/\\\/www.comprarmejor.es\\\/en\\\/#organization\"},\"potentialAction\":[{\"@type\":\"SearchAction\",\"target\":{\"@type\":\"EntryPoint\",\"urlTemplate\":\"https:\\\/\\\/www.comprarmejor.es\\\/en\\\/?s={search_term_string}\"},\"query-input\":{\"@type\":\"PropertyValueSpecification\",\"valueRequired\":true,\"valueName\":\"search_term_string\"}}],\"inLanguage\":\"en-US\"},{\"@type\":\"Organization\",\"@id\":\"https:\\\/\\\/www.comprarmejor.es\\\/en\\\/#organization\",\"name\":\"COMPRAR MEJOR\",\"url\":\"https:\\\/\\\/www.comprarmejor.es\\\/en\\\/\",\"logo\":{\"@type\":\"ImageObject\",\"inLanguage\":\"en-US\",\"@id\":\"https:\\\/\\\/www.comprarmejor.es\\\/en\\\/#\\\/schema\\\/logo\\\/image\\\/\",\"url\":\"https:\\\/\\\/www.comprarmejor.es\\\/wp-content\\\/uploads\\\/2025\\\/09\\\/comprarmejortrinidad.jpg\",\"contentUrl\":\"https:\\\/\\\/www.comprarmejor.es\\\/wp-content\\\/uploads\\\/2025\\\/09\\\/comprarmejortrinidad.jpg\",\"width\":1022,\"height\":1380,\"caption\":\"COMPRAR MEJOR\"},\"image\":{\"@id\":\"https:\\\/\\\/www.comprarmejor.es\\\/en\\\/#\\\/schema\\\/logo\\\/image\\\/\"},\"sameAs\":[\"https:\\\/\\\/www.instagram.com\\\/amigosdelcodice\"]}]}<\/script>\n<!-- \/ Yoast SEO plugin. -->","yoast_head_json":{"title":"Tractatus de Ludo Scacorum (Treaty of the Game of Chess), 15th century","description":"The manuscript begins with the origin of the game of chess and deals with the meaning of chess figures as an allegory of two kingdoms facing each other, and","robots":{"index":"index","follow":"follow","max-snippet":"max-snippet:-1","max-image-preview":"max-image-preview:large","max-video-preview":"max-video-preview:-1"},"canonical":"https:\/\/www.comprarmejor.es\/en\/product\/tractatus-de-ludo-scacorum-treaty-of-the-game-of-chess-15th-century\/","og_locale":"en_US","og_type":"article","og_title":"Tractatus de Ludo Scacorum (Treaty of the Game of Chess), 15th century","og_description":"The manuscript begins with the origin of the game of chess and deals with the meaning of chess figures as an allegory of two kingdoms facing each other, and","og_url":"https:\/\/www.comprarmejor.es\/en\/product\/tractatus-de-ludo-scacorum-treaty-of-the-game-of-chess-15th-century\/","og_site_name":"ComprarMejor","article_modified_time":"2026-05-02T19:26:31+00:00","og_image":[{"width":600,"height":536,"url":"https:\/\/www.comprarmejor.es\/wp-content\/uploads\/2016\/11\/p_6_6_4_5_6645-Tractatus-de-Ludo-Scacorum-Tratado-del-juego-del-ajedrez-siglo-XV.jpg","type":"image\/jpeg"}],"twitter_card":"summary_large_image","twitter_misc":{"Est. reading time":"2 minutes"},"schema":{"@context":"https:\/\/schema.org","@graph":[{"@type":"WebPage","@id":"https:\/\/www.comprarmejor.es\/en\/product\/tractatus-de-ludo-scacorum-treaty-of-the-game-of-chess-15th-century\/","url":"https:\/\/www.comprarmejor.es\/en\/product\/tractatus-de-ludo-scacorum-treaty-of-the-game-of-chess-15th-century\/","name":"Tractatus de Ludo Scacorum (Treaty of the Game of Chess), 15th century","isPartOf":{"@id":"https:\/\/www.comprarmejor.es\/en\/#website"},"primaryImageOfPage":{"@id":"https:\/\/www.comprarmejor.es\/en\/product\/tractatus-de-ludo-scacorum-treaty-of-the-game-of-chess-15th-century\/#primaryimage"},"image":{"@id":"https:\/\/www.comprarmejor.es\/en\/product\/tractatus-de-ludo-scacorum-treaty-of-the-game-of-chess-15th-century\/#primaryimage"},"thumbnailUrl":"https:\/\/www.comprarmejor.es\/wp-content\/uploads\/2016\/11\/p_6_6_4_5_6645-Tractatus-de-Ludo-Scacorum-Tratado-del-juego-del-ajedrez-siglo-XV.jpg","datePublished":"2016-11-21T21:42:22+00:00","dateModified":"2026-05-02T19:26:31+00:00","description":"The manuscript begins with the origin of the game of chess and deals with the meaning of chess figures as an allegory of two kingdoms facing each other, and","breadcrumb":{"@id":"https:\/\/www.comprarmejor.es\/en\/product\/tractatus-de-ludo-scacorum-treaty-of-the-game-of-chess-15th-century\/#breadcrumb"},"inLanguage":"en-US","potentialAction":[{"@type":"ReadAction","target":["https:\/\/www.comprarmejor.es\/en\/product\/tractatus-de-ludo-scacorum-treaty-of-the-game-of-chess-15th-century\/"]}]},{"@type":"ImageObject","inLanguage":"en-US","@id":"https:\/\/www.comprarmejor.es\/en\/product\/tractatus-de-ludo-scacorum-treaty-of-the-game-of-chess-15th-century\/#primaryimage","url":"https:\/\/www.comprarmejor.es\/wp-content\/uploads\/2016\/11\/p_6_6_4_5_6645-Tractatus-de-Ludo-Scacorum-Tratado-del-juego-del-ajedrez-siglo-XV.jpg","contentUrl":"https:\/\/www.comprarmejor.es\/wp-content\/uploads\/2016\/11\/p_6_6_4_5_6645-Tractatus-de-Ludo-Scacorum-Tratado-del-juego-del-ajedrez-siglo-XV.jpg","width":600,"height":536},{"@type":"BreadcrumbList","@id":"https:\/\/www.comprarmejor.es\/en\/product\/tractatus-de-ludo-scacorum-treaty-of-the-game-of-chess-15th-century\/#breadcrumb","itemListElement":[{"@type":"ListItem","position":1,"name":"Portada","item":"https:\/\/www.comprarmejor.es\/en\/"},{"@type":"ListItem","position":2,"name":"Shop","item":"https:\/\/www.comprarmejor.es\/en\/shop\/"},{"@type":"ListItem","position":3,"name":"Tractatus de Ludo Scacorum (Treaty of the Game of Chess), 15th century"}]},{"@type":"WebSite","@id":"https:\/\/www.comprarmejor.es\/en\/#website","url":"https:\/\/www.comprarmejor.es\/en\/","name":"ComprarMejor","description":"ComprarMejor","publisher":{"@id":"https:\/\/www.comprarmejor.es\/en\/#organization"},"potentialAction":[{"@type":"SearchAction","target":{"@type":"EntryPoint","urlTemplate":"https:\/\/www.comprarmejor.es\/en\/?s={search_term_string}"},"query-input":{"@type":"PropertyValueSpecification","valueRequired":true,"valueName":"search_term_string"}}],"inLanguage":"en-US"},{"@type":"Organization","@id":"https:\/\/www.comprarmejor.es\/en\/#organization","name":"COMPRAR MEJOR","url":"https:\/\/www.comprarmejor.es\/en\/","logo":{"@type":"ImageObject","inLanguage":"en-US","@id":"https:\/\/www.comprarmejor.es\/en\/#\/schema\/logo\/image\/","url":"https:\/\/www.comprarmejor.es\/wp-content\/uploads\/2025\/09\/comprarmejortrinidad.jpg","contentUrl":"https:\/\/www.comprarmejor.es\/wp-content\/uploads\/2025\/09\/comprarmejortrinidad.jpg","width":1022,"height":1380,"caption":"COMPRAR MEJOR"},"image":{"@id":"https:\/\/www.comprarmejor.es\/en\/#\/schema\/logo\/image\/"},"sameAs":["https:\/\/www.instagram.com\/amigosdelcodice"]}]}},"_links":{"self":[{"href":"https:\/\/www.comprarmejor.es\/en\/wp-json\/wp\/v2\/product\/54133","targetHints":{"allow":["GET"]}}],"collection":[{"href":"https:\/\/www.comprarmejor.es\/en\/wp-json\/wp\/v2\/product"}],"about":[{"href":"https:\/\/www.comprarmejor.es\/en\/wp-json\/wp\/v2\/types\/product"}],"wp:featuredmedia":[{"embeddable":true,"href":"https:\/\/www.comprarmejor.es\/en\/wp-json\/wp\/v2\/media\/54125"}],"wp:attachment":[{"href":"https:\/\/www.comprarmejor.es\/en\/wp-json\/wp\/v2\/media?parent=54133"}],"wp:term":[{"taxonomy":"product_brand","embeddable":true,"href":"https:\/\/www.comprarmejor.es\/en\/wp-json\/wp\/v2\/product_brand?post=54133"},{"taxonomy":"product_cat","embeddable":true,"href":"https:\/\/www.comprarmejor.es\/en\/wp-json\/wp\/v2\/product_cat?post=54133"},{"taxonomy":"product_tag","embeddable":true,"href":"https:\/\/www.comprarmejor.es\/en\/wp-json\/wp\/v2\/product_tag?post=54133"}],"curies":[{"name":"wp","href":"https:\/\/api.w.org\/{rel}","templated":true}]}}