{"id":54155,"date":"2016-11-24T18:56:08","date_gmt":"2016-11-24T17:56:08","guid":{"rendered":"https:\/\/www.comprarmejor.es\/producto\/study-book-of-the-cantigas-de-santa-maria-of-el-escorial-edilan\/"},"modified":"2020-08-11T18:56:14","modified_gmt":"2020-08-11T16:56:14","slug":"study-book-of-the-cantigas-de-santa-maria-of-el-escorial-edilan","status":"publish","type":"product","link":"https:\/\/www.comprarmejor.es\/en\/product\/study-book-of-the-cantigas-de-santa-maria-of-el-escorial-edilan\/","title":{"rendered":"Study book of the Cantigas de Santa Mar\u00eda of El Escorial, Edil\u00e1n"},"content":{"rendered":"<p style=\"text-align: justify;\"><span class=\"tlid-translation translation\" lang=\"en\"><span class=\"\" title=\"\">Great study book corresponding to the facsimile of Edil\u00e1n de las Cantigas de Santa Mar\u00eda, rich codex of El Escorial.<\/span><\/span><\/p>\n<p style=\"text-align: justify;\"><span class=\"\" title=\"\">Published in 1979. Bound in leather back decorated in dry and with escurialense symbol.<\/span> <span class=\"\" title=\"\">The two LP discs with music from the Cantigas that this book carried are not delivered.<\/span><\/p>\n<p style=\"text-align: justify;\"><span title=\"\">Large size of 34 x 50 cm.<\/span> <span title=\"\">410 pages<\/span><\/p>\n<p style=\"text-align: justify;\"><span title=\"\">Exemplary in perfect condition.<\/span> <span class=\"\" title=\"\">In this article only the study book is delivered, NOT the facsimile (consult us if you wish).<\/span><\/p>\n<p style=\"text-align: justify;\">Shipping costs for the account of the buyer, according to order and destination.\u00a0<a class=\"btn btn-default\" href=\"https:\/\/www.comprarmejor.es\/en\/contact\">Ask us<\/a> without any questions, as well as any other facsimile or article you are looking for.<\/p>\n","protected":false},"excerpt":{"rendered":"<p style=\"text-align: justify;\"><span id=\"result_box\" lang=\"en\" xml:lang=\"en\">Great study book corresponding to the facsimile of Edil\u00e1n de las Cantigas de Santa Mar\u00eda, Codex Rico de El Escorial.<\/span><\/p>\n","protected":false},"featured_media":54147,"template":"","meta":[],"product_brand":[],"product_cat":[2210,2246],"product_tag":[4242,3984],"class_list":{"0":"post-54155","1":"product","2":"type-product","3":"status-publish","4":"has-post-thumbnail","6":"product_cat-bibliophilia","7":"product_cat-study-books","8":"product_tag-cantigas-en","9":"product_tag-escorial-en-2","10":"product_shipping_class-from-11-to-15-kg","11":"description-off","13":"first","14":"instock","15":"taxable","16":"shipping-taxable","17":"purchasable","18":"product-type-simple"},"yoast_head":"<!-- This site is optimized with the Yoast SEO plugin v27.3 - https:\/\/yoast.com\/product\/yoast-seo-wordpress\/ -->\n<title>Study book of the Cantigas de Santa Mar\u00eda of El Escorial, Edil\u00e1n<\/title>\n<meta name=\"description\" content=\"Great study book corresponding to the facsimile of Edil\u00e1n de las Cantigas de Santa Mar\u00eda, Codex Rico de El Escorial. Only el book study.\" \/>\n<meta name=\"robots\" content=\"index, follow, max-snippet:-1, max-image-preview:large, max-video-preview:-1\" \/>\n<link rel=\"canonical\" href=\"https:\/\/www.comprarmejor.es\/en\/product\/study-book-of-the-cantigas-de-santa-maria-of-el-escorial-edilan\/\" \/>\n<meta property=\"og:locale\" content=\"en_US\" \/>\n<meta property=\"og:type\" content=\"article\" \/>\n<meta property=\"og:title\" content=\"Study book of the Cantigas de Santa Mar\u00eda of El Escorial, Edil\u00e1n\" \/>\n<meta property=\"og:description\" content=\"Great study book corresponding to the facsimile of Edil\u00e1n de las Cantigas de Santa Mar\u00eda, Codex Rico de El Escorial. Only el book study.\" \/>\n<meta property=\"og:url\" content=\"https:\/\/www.comprarmejor.es\/en\/product\/study-book-of-the-cantigas-de-santa-maria-of-el-escorial-edilan\/\" \/>\n<meta property=\"og:site_name\" content=\"ComprarMejor\" \/>\n<meta property=\"article:modified_time\" content=\"2020-08-11T16:56:14+00:00\" \/>\n<meta property=\"og:image\" content=\"https:\/\/www.comprarmejor.es\/wp-content\/uploads\/2016\/11\/p_6_9_7_1_6971-Libro-estudio-de-las-Cantigas-de-Santa-Maria-de-El-Escorial-Edilan.jpg\" \/>\n\t<meta property=\"og:image:width\" content=\"553\" \/>\n\t<meta property=\"og:image:height\" content=\"600\" \/>\n\t<meta property=\"og:image:type\" content=\"image\/jpeg\" \/>\n<meta name=\"twitter:card\" content=\"summary_large_image\" \/>\n<meta name=\"twitter:label1\" content=\"Est. reading time\" \/>\n\t<meta name=\"twitter:data1\" content=\"1 minute\" \/>\n<script type=\"application\/ld+json\" class=\"yoast-schema-graph\">{\"@context\":\"https:\\\/\\\/schema.org\",\"@graph\":[{\"@type\":\"WebPage\",\"@id\":\"https:\\\/\\\/www.comprarmejor.es\\\/en\\\/product\\\/study-book-of-the-cantigas-de-santa-maria-of-el-escorial-edilan\\\/\",\"url\":\"https:\\\/\\\/www.comprarmejor.es\\\/en\\\/product\\\/study-book-of-the-cantigas-de-santa-maria-of-el-escorial-edilan\\\/\",\"name\":\"Study book of the Cantigas de Santa Mar\u00eda of El Escorial, Edil\u00e1n\",\"isPartOf\":{\"@id\":\"https:\\\/\\\/www.comprarmejor.es\\\/en\\\/#website\"},\"primaryImageOfPage\":{\"@id\":\"https:\\\/\\\/www.comprarmejor.es\\\/en\\\/product\\\/study-book-of-the-cantigas-de-santa-maria-of-el-escorial-edilan\\\/#primaryimage\"},\"image\":{\"@id\":\"https:\\\/\\\/www.comprarmejor.es\\\/en\\\/product\\\/study-book-of-the-cantigas-de-santa-maria-of-el-escorial-edilan\\\/#primaryimage\"},\"thumbnailUrl\":\"https:\\\/\\\/www.comprarmejor.es\\\/wp-content\\\/uploads\\\/2016\\\/11\\\/p_6_9_7_1_6971-Libro-estudio-de-las-Cantigas-de-Santa-Maria-de-El-Escorial-Edilan.jpg\",\"datePublished\":\"2016-11-24T17:56:08+00:00\",\"dateModified\":\"2020-08-11T16:56:14+00:00\",\"description\":\"Great study book corresponding to the facsimile of Edil\u00e1n de las Cantigas de Santa Mar\u00eda, Codex Rico de El Escorial. Only el book study.\",\"breadcrumb\":{\"@id\":\"https:\\\/\\\/www.comprarmejor.es\\\/en\\\/product\\\/study-book-of-the-cantigas-de-santa-maria-of-el-escorial-edilan\\\/#breadcrumb\"},\"inLanguage\":\"en-US\",\"potentialAction\":[{\"@type\":\"ReadAction\",\"target\":[\"https:\\\/\\\/www.comprarmejor.es\\\/en\\\/product\\\/study-book-of-the-cantigas-de-santa-maria-of-el-escorial-edilan\\\/\"]}]},{\"@type\":\"ImageObject\",\"inLanguage\":\"en-US\",\"@id\":\"https:\\\/\\\/www.comprarmejor.es\\\/en\\\/product\\\/study-book-of-the-cantigas-de-santa-maria-of-el-escorial-edilan\\\/#primaryimage\",\"url\":\"https:\\\/\\\/www.comprarmejor.es\\\/wp-content\\\/uploads\\\/2016\\\/11\\\/p_6_9_7_1_6971-Libro-estudio-de-las-Cantigas-de-Santa-Maria-de-El-Escorial-Edilan.jpg\",\"contentUrl\":\"https:\\\/\\\/www.comprarmejor.es\\\/wp-content\\\/uploads\\\/2016\\\/11\\\/p_6_9_7_1_6971-Libro-estudio-de-las-Cantigas-de-Santa-Maria-de-El-Escorial-Edilan.jpg\",\"width\":553,\"height\":600},{\"@type\":\"BreadcrumbList\",\"@id\":\"https:\\\/\\\/www.comprarmejor.es\\\/en\\\/product\\\/study-book-of-the-cantigas-de-santa-maria-of-el-escorial-edilan\\\/#breadcrumb\",\"itemListElement\":[{\"@type\":\"ListItem\",\"position\":1,\"name\":\"Portada\",\"item\":\"https:\\\/\\\/www.comprarmejor.es\\\/en\\\/\"},{\"@type\":\"ListItem\",\"position\":2,\"name\":\"Shop\",\"item\":\"https:\\\/\\\/www.comprarmejor.es\\\/en\\\/shop\\\/\"},{\"@type\":\"ListItem\",\"position\":3,\"name\":\"Study book of the Cantigas de Santa Mar\u00eda of El Escorial, Edil\u00e1n\"}]},{\"@type\":\"WebSite\",\"@id\":\"https:\\\/\\\/www.comprarmejor.es\\\/en\\\/#website\",\"url\":\"https:\\\/\\\/www.comprarmejor.es\\\/en\\\/\",\"name\":\"ComprarMejor\",\"description\":\"ComprarMejor\",\"publisher\":{\"@id\":\"https:\\\/\\\/www.comprarmejor.es\\\/en\\\/#organization\"},\"potentialAction\":[{\"@type\":\"SearchAction\",\"target\":{\"@type\":\"EntryPoint\",\"urlTemplate\":\"https:\\\/\\\/www.comprarmejor.es\\\/en\\\/?s={search_term_string}\"},\"query-input\":{\"@type\":\"PropertyValueSpecification\",\"valueRequired\":true,\"valueName\":\"search_term_string\"}}],\"inLanguage\":\"en-US\"},{\"@type\":\"Organization\",\"@id\":\"https:\\\/\\\/www.comprarmejor.es\\\/en\\\/#organization\",\"name\":\"COMPRAR MEJOR\",\"url\":\"https:\\\/\\\/www.comprarmejor.es\\\/en\\\/\",\"logo\":{\"@type\":\"ImageObject\",\"inLanguage\":\"en-US\",\"@id\":\"https:\\\/\\\/www.comprarmejor.es\\\/en\\\/#\\\/schema\\\/logo\\\/image\\\/\",\"url\":\"https:\\\/\\\/www.comprarmejor.es\\\/wp-content\\\/uploads\\\/2025\\\/09\\\/comprarmejortrinidad.jpg\",\"contentUrl\":\"https:\\\/\\\/www.comprarmejor.es\\\/wp-content\\\/uploads\\\/2025\\\/09\\\/comprarmejortrinidad.jpg\",\"width\":1022,\"height\":1380,\"caption\":\"COMPRAR MEJOR\"},\"image\":{\"@id\":\"https:\\\/\\\/www.comprarmejor.es\\\/en\\\/#\\\/schema\\\/logo\\\/image\\\/\"},\"sameAs\":[\"https:\\\/\\\/www.instagram.com\\\/amigosdelcodice\"]}]}<\/script>\n<!-- \/ Yoast SEO plugin. -->","yoast_head_json":{"title":"Study book of the Cantigas de Santa Mar\u00eda of El Escorial, Edil\u00e1n","description":"Great study book corresponding to the facsimile of Edil\u00e1n de las Cantigas de Santa Mar\u00eda, Codex Rico de El Escorial. Only el book study.","robots":{"index":"index","follow":"follow","max-snippet":"max-snippet:-1","max-image-preview":"max-image-preview:large","max-video-preview":"max-video-preview:-1"},"canonical":"https:\/\/www.comprarmejor.es\/en\/product\/study-book-of-the-cantigas-de-santa-maria-of-el-escorial-edilan\/","og_locale":"en_US","og_type":"article","og_title":"Study book of the Cantigas de Santa Mar\u00eda of El Escorial, Edil\u00e1n","og_description":"Great study book corresponding to the facsimile of Edil\u00e1n de las Cantigas de Santa Mar\u00eda, Codex Rico de El Escorial. Only el book study.","og_url":"https:\/\/www.comprarmejor.es\/en\/product\/study-book-of-the-cantigas-de-santa-maria-of-el-escorial-edilan\/","og_site_name":"ComprarMejor","article_modified_time":"2020-08-11T16:56:14+00:00","og_image":[{"width":553,"height":600,"url":"https:\/\/www.comprarmejor.es\/wp-content\/uploads\/2016\/11\/p_6_9_7_1_6971-Libro-estudio-de-las-Cantigas-de-Santa-Maria-de-El-Escorial-Edilan.jpg","type":"image\/jpeg"}],"twitter_card":"summary_large_image","twitter_misc":{"Est. reading time":"1 minute"},"schema":{"@context":"https:\/\/schema.org","@graph":[{"@type":"WebPage","@id":"https:\/\/www.comprarmejor.es\/en\/product\/study-book-of-the-cantigas-de-santa-maria-of-el-escorial-edilan\/","url":"https:\/\/www.comprarmejor.es\/en\/product\/study-book-of-the-cantigas-de-santa-maria-of-el-escorial-edilan\/","name":"Study book of the Cantigas de Santa Mar\u00eda of El Escorial, Edil\u00e1n","isPartOf":{"@id":"https:\/\/www.comprarmejor.es\/en\/#website"},"primaryImageOfPage":{"@id":"https:\/\/www.comprarmejor.es\/en\/product\/study-book-of-the-cantigas-de-santa-maria-of-el-escorial-edilan\/#primaryimage"},"image":{"@id":"https:\/\/www.comprarmejor.es\/en\/product\/study-book-of-the-cantigas-de-santa-maria-of-el-escorial-edilan\/#primaryimage"},"thumbnailUrl":"https:\/\/www.comprarmejor.es\/wp-content\/uploads\/2016\/11\/p_6_9_7_1_6971-Libro-estudio-de-las-Cantigas-de-Santa-Maria-de-El-Escorial-Edilan.jpg","datePublished":"2016-11-24T17:56:08+00:00","dateModified":"2020-08-11T16:56:14+00:00","description":"Great study book corresponding to the facsimile of Edil\u00e1n de las Cantigas de Santa Mar\u00eda, Codex Rico de El Escorial. Only el book study.","breadcrumb":{"@id":"https:\/\/www.comprarmejor.es\/en\/product\/study-book-of-the-cantigas-de-santa-maria-of-el-escorial-edilan\/#breadcrumb"},"inLanguage":"en-US","potentialAction":[{"@type":"ReadAction","target":["https:\/\/www.comprarmejor.es\/en\/product\/study-book-of-the-cantigas-de-santa-maria-of-el-escorial-edilan\/"]}]},{"@type":"ImageObject","inLanguage":"en-US","@id":"https:\/\/www.comprarmejor.es\/en\/product\/study-book-of-the-cantigas-de-santa-maria-of-el-escorial-edilan\/#primaryimage","url":"https:\/\/www.comprarmejor.es\/wp-content\/uploads\/2016\/11\/p_6_9_7_1_6971-Libro-estudio-de-las-Cantigas-de-Santa-Maria-de-El-Escorial-Edilan.jpg","contentUrl":"https:\/\/www.comprarmejor.es\/wp-content\/uploads\/2016\/11\/p_6_9_7_1_6971-Libro-estudio-de-las-Cantigas-de-Santa-Maria-de-El-Escorial-Edilan.jpg","width":553,"height":600},{"@type":"BreadcrumbList","@id":"https:\/\/www.comprarmejor.es\/en\/product\/study-book-of-the-cantigas-de-santa-maria-of-el-escorial-edilan\/#breadcrumb","itemListElement":[{"@type":"ListItem","position":1,"name":"Portada","item":"https:\/\/www.comprarmejor.es\/en\/"},{"@type":"ListItem","position":2,"name":"Shop","item":"https:\/\/www.comprarmejor.es\/en\/shop\/"},{"@type":"ListItem","position":3,"name":"Study book of the Cantigas de Santa Mar\u00eda of El Escorial, Edil\u00e1n"}]},{"@type":"WebSite","@id":"https:\/\/www.comprarmejor.es\/en\/#website","url":"https:\/\/www.comprarmejor.es\/en\/","name":"ComprarMejor","description":"ComprarMejor","publisher":{"@id":"https:\/\/www.comprarmejor.es\/en\/#organization"},"potentialAction":[{"@type":"SearchAction","target":{"@type":"EntryPoint","urlTemplate":"https:\/\/www.comprarmejor.es\/en\/?s={search_term_string}"},"query-input":{"@type":"PropertyValueSpecification","valueRequired":true,"valueName":"search_term_string"}}],"inLanguage":"en-US"},{"@type":"Organization","@id":"https:\/\/www.comprarmejor.es\/en\/#organization","name":"COMPRAR MEJOR","url":"https:\/\/www.comprarmejor.es\/en\/","logo":{"@type":"ImageObject","inLanguage":"en-US","@id":"https:\/\/www.comprarmejor.es\/en\/#\/schema\/logo\/image\/","url":"https:\/\/www.comprarmejor.es\/wp-content\/uploads\/2025\/09\/comprarmejortrinidad.jpg","contentUrl":"https:\/\/www.comprarmejor.es\/wp-content\/uploads\/2025\/09\/comprarmejortrinidad.jpg","width":1022,"height":1380,"caption":"COMPRAR MEJOR"},"image":{"@id":"https:\/\/www.comprarmejor.es\/en\/#\/schema\/logo\/image\/"},"sameAs":["https:\/\/www.instagram.com\/amigosdelcodice"]}]}},"_links":{"self":[{"href":"https:\/\/www.comprarmejor.es\/en\/wp-json\/wp\/v2\/product\/54155","targetHints":{"allow":["GET"]}}],"collection":[{"href":"https:\/\/www.comprarmejor.es\/en\/wp-json\/wp\/v2\/product"}],"about":[{"href":"https:\/\/www.comprarmejor.es\/en\/wp-json\/wp\/v2\/types\/product"}],"wp:featuredmedia":[{"embeddable":true,"href":"https:\/\/www.comprarmejor.es\/en\/wp-json\/wp\/v2\/media\/54147"}],"wp:attachment":[{"href":"https:\/\/www.comprarmejor.es\/en\/wp-json\/wp\/v2\/media?parent=54155"}],"wp:term":[{"taxonomy":"product_brand","embeddable":true,"href":"https:\/\/www.comprarmejor.es\/en\/wp-json\/wp\/v2\/product_brand?post=54155"},{"taxonomy":"product_cat","embeddable":true,"href":"https:\/\/www.comprarmejor.es\/en\/wp-json\/wp\/v2\/product_cat?post=54155"},{"taxonomy":"product_tag","embeddable":true,"href":"https:\/\/www.comprarmejor.es\/en\/wp-json\/wp\/v2\/product_tag?post=54155"}],"curies":[{"name":"wp","href":"https:\/\/api.w.org\/{rel}","templated":true}]}}