{"id":54183,"date":"2016-11-29T18:26:33","date_gmt":"2016-11-29T17:26:33","guid":{"rendered":"https:\/\/www.comprarmejor.es\/producto\/incunable-book-of-hours-of-condotiero-ferrante-d-este-1496\/"},"modified":"2020-05-03T13:29:07","modified_gmt":"2020-05-03T11:29:07","slug":"incunable-book-of-hours-of-condotiero-ferrante-d-este-1496","status":"publish","type":"product","link":"https:\/\/www.comprarmejor.es\/en\/product\/incunable-book-of-hours-of-condotiero-ferrante-d-este-1496\/","title":{"rendered":"Incunable Book of Hours of Condotiero Ferrante d&#8217;Este, 1496"},"content":{"rendered":"<p style=\"text-align: justify;\"><span id=\"result_box\" lang=\"en\" xml:lang=\"en\"><span title=\"Edici\u00f3n facs\u00edmile de 2008 con una tirada \u00fanica de 995 ejemplares, numerados y autenticados mediante acta notarial.\"><span lang=\"en\" xml:lang=\"en\"><span title=\"Libro de Horas incunable en lat\u00edn y franc\u00e9s iluminado para el Condotiero Ferrante D'Este.\">Book of Hours Incunable in Latin and French lit for the Condotiero Ferrante D&#8217;Este. <\/span><span title=\"Este extraordinario incunable es un ejemplar muy singular de la edici\u00f3n de unas \u201chorae ad usum Romanum\u201d, en lat\u00edn y franc\u00e9s, cuya impresi\u00f3n se concluy\u00f3 el 20 de Agosto de 1496 en el taller parisino de Philippe Pigouchet, por encargo del librero editor Simon Vostre\">This extraordinary incunabula is a very singular example of the edition of an &#8220;horae ad usum Romanum&#8221;, in Latin and French, whose impression was concluded on August 20, 1496 in the Parisian workshop of Philippe Pigouchet, commissioned by the book publisher Simon Vostre <\/span><span title=\".\">. <\/span><span title=\"Por su singularidad, un libro que no debe faltar en su biblioteca.\">For its uniqueness, a book that should not be missing in your library.<\/span><\/span><\/span><\/span><\/p>\n<p style=\"text-align: justify;\"><span title=\"Al igual que en el caso de los libros de horas manuscritos, este incunable es una recopilaci\u00f3n de oficios y plegarias para uso de los laicos.\">As in the case of handwritten hours books, this incunable is a compilation of offices and prayers for the use of the laity. <\/span><span title=\"Al tratarse de un libro de horas incunable refleja una selecci\u00f3n singular, propia de un momento de transici\u00f3n: es en la segunda mitad del siglo XV cuando comienza a incrementarse la presencia de composiciones piadosas.\">As it is an incunable book of hours, it reflects a singular selection, typical of a moment of transition: it is in the second half of the fifteenth century that the presence of pious compositions begins to increase. <\/span><span title=\"La existencia de textos en dos lenguas responde a dicha realidad.\">The existence of texts in two languages \u200b\u200bresponds to this reality. <\/span><span title=\"Est\u00e1n presentes todos los textos esenciales, varios de los considerados secundarios y sin que falte una curiosa muestra de textos accesorios tal como clasifican el abigarrado conjunto los mejores estudiosos de este tipo de libros.\">All the essential texts are present, several of the considered secondary ones and without missing a curious sample of accessory texts as they classify the variegated group the best scholars of this type of books. <\/span><span title=\"Es un libro de horas muy especial y curioso, bello e interesante, profusamente ilustrado.\">It is a very special and curious book of hours, beautiful and interesting, profusely illustrated.<\/span><\/p>\n<p style=\"text-align: justify;\"><span title=\"Las estampas sueltas y los marcos han sido finalmente coloreados.\">Loose prints and frames have finally been colored. <\/span><span title=\"Se trata, pues, de un \u201cincunable iluminado\u201d, no miniado, cuyo destinatario fue Ferrando d'Este (1477-1540), hijo de Ercole d'Este (1431-1505), part\u00edcipe de la conjura de 1505, junto a su\">It is, therefore, an incunable enlightened one, not miniado, whose addressee was Ferrando d&#8217;Este (1477-1540), son of Ercole d&#8217;Este (1431-1505), participant of the conspiracy of 1505, next to his <\/span><span title=\"hermano Giulio (hijo natural del Duque) y contra su otro hermano Alfonso I d'Este (1476-1534), el sucesor, duque de Ferrara, M\u00f3dena y Regio, y que, como consecuencia, despu\u00e9s de ser condenado a muerte, permanecer\u00eda en\">Brother Giulio (natural son of the Duke) and against his other brother Alfonso I d&#8217;Este (1476-1534), the successor, Duke of Ferrara, Modena and Regio, and consequently, after being sentenced to death, would remain in <\/span><span title=\"prisi\u00f3n los 34 \u00faltimos a\u00f1os de su vida.\">Prison the last 34 years of his life.<\/span><\/p>\n<p style=\"text-align: justify;\"><span title=\"Original conservado en la Biblioteca Nacional de Espa\u00f1a (signatura I 2719).\">Original preserved in the National Library of Spain (symbol I 2719).<\/span><\/p>\n<p style=\"text-align: justify;\"><span title=\"Facs\u00edmile formato 14,5 x 21 cm.\">Facsimile format 14.5 x 21 cm. <\/span><span title=\"182 p\u00e1ginas.\">182 pages. <\/span><span title=\"48 iluminaciones, 18 de ellas a p\u00e1gina completa.\">48 illuminations, 18 of them to full page. <\/span><span title=\"182 marcos construidos con m\u00e1s de 1.100 piezas de diversos tama\u00f1os.\">182 frames built with more than 1,100 pieces of various sizes. <\/span><span title=\"Iniciales en a\u00f1il o carmes\u00ed, letras may\u00fasculas tocadas en amarillo.\">Initials in indigo or crimson, capital letters in yellow. <\/span><span title=\"Papel especial en pergamino tratado, con gramaje igual al original.\">Special paper in parchment treated, with grammage equal to the original. <\/span><span title=\"Alzado, plegado y cosido a mano.\">Lifting, folding and hand sewing. <\/span><span title=\"Encuadernaci\u00f3n en piel, gofrada en oro, nervios y cortes dorados.\">Binding in leather, embossed in gold, nerves and gold cuts.<\/span><\/p>\n<p style=\"text-align: justify;\"><span title=\"Libro estudio, formato 24 x 30 cm, 120 p\u00e1ginas, tapa dura con sobrecubierta a color.\">Book studio, format 24 x 30 cm, 120 pages, hardcover with color cover. <\/span><span title=\"Autor Dr. Juli\u00e1n Mart\u00edn Abad, Jefe del Servicio de Manuscritos e Incunables de la Biblioteca Nacional de Espa\u00f1a, con la colaboraci\u00f3n de Mar\u00eda Jos\u00e9 Rucio Zamorano.\">Author Dr. Juli\u00e1n Mart\u00edn Abad, Head of the Service of Manuscripts and Incunables of the National Library of Spain, with the collaboration of Mar\u00eda Jos\u00e9 Rucio Zamorano.<\/span><\/p>\n<p style=\"text-align: justify;\"><span title=\"Facs\u00edmile y volumen de estudios alojados en una elegante caja-estuche formato 25,5 x 31,5 x 7 cm, forrada en terciopelo fino de microfibra con t\u00edtulo y cierre dorados.\">Facsimile and volume of studies housed in an elegant box-case format 25.5 x 31.5 x 7 cm, lined in fine microfiber velvet with golden title and clasp.<\/span><\/p>\n<p style=\"text-align: justify;\"><span title=\"Edici\u00f3n facs\u00edmile de 2008 con una tirada \u00fanica de 995 ejemplares, numerados y autenticados mediante acta notarial.\">Facsimile edition of 2008 with a single print run of 995 copies, numbered and authenticated by notarial deed.<\/span><\/p>\n<p style=\"text-align: justify;\">Exemplary<span title=\"el facs\u00edmile y el libro estudio en perfecto estado.\"> in perfect condition<\/span>.<\/p>\n<p style=\"text-align: justify;\"><span title=\"Gastos de env\u00edo por cuenta del comprador, seg\u00fan pedido y destino.\">Shipping costs for the account of the buyer, according to order and destination.\u00a0<\/span><span title=\"Cons\u00faltenos sin compromiso cualquier duda, as\u00ed como por cualquier otro facs\u00edmile o art\u00edculo que est\u00e9 buscando.\"><a class=\"btn btn-default\" href=\"http:\/\/comprarmejor.es\/en\/contact\">Ask us<\/a> without any questions, as well as any other facsimile or article you are looking for.<\/span><\/p>\n","protected":false},"excerpt":{"rendered":"<p style=\"text-align: justify;\"><span id=\"result_box\" lang=\"en\" xml:lang=\"en\"><span title=\"El presente incunable es un ejemplar muy singular de la edici\u00f3n de unas \u201chorae ad usum Romanum\u201d, en lat\u00edn y franc\u00e9s, cuya impresi\u00f3n se concluy\u00f3 el 20 de Agosto de 1496 en el taller parisino de Philippe Pigouchet, por encargo del librero editor Simon Vostre\">The incunable present is a very singular example of the edition of a &#8220;horae ad usum Romanum&#8221;, in Latin and French, whose impression was concluded on August 20, 1496 in the Parisian workshop of Philippe Pigouchet, commissioned by the book publisher Simon Vostre.<\/span><\/span><\/p>\n","protected":false},"featured_media":54175,"template":"","meta":[],"product_brand":[],"product_cat":[2226,2244,2220],"product_tag":[4104,4298,5122,4286,4106],"class_list":{"0":"post-54183","1":"product","2":"type-product","3":"status-publish","4":"has-post-thumbnail","6":"product_cat-books-of-hours","7":"product_cat-incunables-en","8":"product_cat-special-offers","9":"product_tag-bne-en","10":"product_tag-condotiero-en","11":"product_tag-hours-en","12":"product_tag-incunable-en-2","13":"product_tag-millennium-en","14":"product_shipping_class-from-2-to-5-kg","15":"description-off","17":"first","18":"instock","19":"sale","20":"taxable","21":"shipping-taxable","22":"purchasable","23":"product-type-simple"},"yoast_head":"<!-- This site is optimized with the Yoast SEO plugin v27.3 - https:\/\/yoast.com\/product\/yoast-seo-wordpress\/ -->\n<title>Incunable Book of Hours of Condotiero Ferrante d&#039;Este, 1496<\/title>\n<meta name=\"description\" content=\"Book of Hours Incunable in Latin and French lit for the Condotiero Ferrante D&#039;Este. This extraordinary incunabula is a very singular example of the edition of\" \/>\n<meta name=\"robots\" content=\"index, follow, max-snippet:-1, max-image-preview:large, max-video-preview:-1\" \/>\n<link rel=\"canonical\" href=\"https:\/\/www.comprarmejor.es\/en\/product\/incunable-book-of-hours-of-condotiero-ferrante-d-este-1496\/\" \/>\n<meta property=\"og:locale\" content=\"en_US\" \/>\n<meta property=\"og:type\" content=\"article\" \/>\n<meta property=\"og:title\" content=\"Incunable Book of Hours of Condotiero Ferrante d&#039;Este, 1496\" \/>\n<meta property=\"og:description\" content=\"Book of Hours Incunable in Latin and French lit for the Condotiero Ferrante D&#039;Este. This extraordinary incunabula is a very singular example of the edition of\" \/>\n<meta property=\"og:url\" content=\"https:\/\/www.comprarmejor.es\/en\/product\/incunable-book-of-hours-of-condotiero-ferrante-d-este-1496\/\" \/>\n<meta property=\"og:site_name\" content=\"ComprarMejor\" \/>\n<meta property=\"article:modified_time\" content=\"2020-05-03T11:29:07+00:00\" \/>\n<meta property=\"og:image\" content=\"https:\/\/www.comprarmejor.es\/wp-content\/uploads\/2016\/11\/p_6_3_6_6_6366-Libro-de-Horas-incunable-del-Condotiero-Ferrante-d\u00b4Este-1496.jpg\" \/>\n\t<meta property=\"og:image:width\" content=\"599\" \/>\n\t<meta property=\"og:image:height\" content=\"449\" \/>\n\t<meta property=\"og:image:type\" content=\"image\/jpeg\" \/>\n<meta name=\"twitter:card\" content=\"summary_large_image\" \/>\n<meta name=\"twitter:label1\" content=\"Est. reading time\" \/>\n\t<meta name=\"twitter:data1\" content=\"2 minutes\" \/>\n<script type=\"application\/ld+json\" class=\"yoast-schema-graph\">{\"@context\":\"https:\\\/\\\/schema.org\",\"@graph\":[{\"@type\":\"WebPage\",\"@id\":\"https:\\\/\\\/www.comprarmejor.es\\\/en\\\/product\\\/incunable-book-of-hours-of-condotiero-ferrante-d-este-1496\\\/\",\"url\":\"https:\\\/\\\/www.comprarmejor.es\\\/en\\\/product\\\/incunable-book-of-hours-of-condotiero-ferrante-d-este-1496\\\/\",\"name\":\"Incunable Book of Hours of Condotiero Ferrante d'Este, 1496\",\"isPartOf\":{\"@id\":\"https:\\\/\\\/www.comprarmejor.es\\\/en\\\/#website\"},\"primaryImageOfPage\":{\"@id\":\"https:\\\/\\\/www.comprarmejor.es\\\/en\\\/product\\\/incunable-book-of-hours-of-condotiero-ferrante-d-este-1496\\\/#primaryimage\"},\"image\":{\"@id\":\"https:\\\/\\\/www.comprarmejor.es\\\/en\\\/product\\\/incunable-book-of-hours-of-condotiero-ferrante-d-este-1496\\\/#primaryimage\"},\"thumbnailUrl\":\"https:\\\/\\\/www.comprarmejor.es\\\/wp-content\\\/uploads\\\/2016\\\/11\\\/p_6_3_6_6_6366-Libro-de-Horas-incunable-del-Condotiero-Ferrante-d\u00b4Este-1496.jpg\",\"datePublished\":\"2016-11-29T17:26:33+00:00\",\"dateModified\":\"2020-05-03T11:29:07+00:00\",\"description\":\"Book of Hours Incunable in Latin and French lit for the Condotiero Ferrante D'Este. This extraordinary incunabula is a very singular example of the edition of\",\"breadcrumb\":{\"@id\":\"https:\\\/\\\/www.comprarmejor.es\\\/en\\\/product\\\/incunable-book-of-hours-of-condotiero-ferrante-d-este-1496\\\/#breadcrumb\"},\"inLanguage\":\"en-US\",\"potentialAction\":[{\"@type\":\"ReadAction\",\"target\":[\"https:\\\/\\\/www.comprarmejor.es\\\/en\\\/product\\\/incunable-book-of-hours-of-condotiero-ferrante-d-este-1496\\\/\"]}]},{\"@type\":\"ImageObject\",\"inLanguage\":\"en-US\",\"@id\":\"https:\\\/\\\/www.comprarmejor.es\\\/en\\\/product\\\/incunable-book-of-hours-of-condotiero-ferrante-d-este-1496\\\/#primaryimage\",\"url\":\"https:\\\/\\\/www.comprarmejor.es\\\/wp-content\\\/uploads\\\/2016\\\/11\\\/p_6_3_6_6_6366-Libro-de-Horas-incunable-del-Condotiero-Ferrante-d\u00b4Este-1496.jpg\",\"contentUrl\":\"https:\\\/\\\/www.comprarmejor.es\\\/wp-content\\\/uploads\\\/2016\\\/11\\\/p_6_3_6_6_6366-Libro-de-Horas-incunable-del-Condotiero-Ferrante-d\u00b4Este-1496.jpg\",\"width\":599,\"height\":449},{\"@type\":\"BreadcrumbList\",\"@id\":\"https:\\\/\\\/www.comprarmejor.es\\\/en\\\/product\\\/incunable-book-of-hours-of-condotiero-ferrante-d-este-1496\\\/#breadcrumb\",\"itemListElement\":[{\"@type\":\"ListItem\",\"position\":1,\"name\":\"Portada\",\"item\":\"https:\\\/\\\/www.comprarmejor.es\\\/en\\\/\"},{\"@type\":\"ListItem\",\"position\":2,\"name\":\"Shop\",\"item\":\"https:\\\/\\\/www.comprarmejor.es\\\/en\\\/shop\\\/\"},{\"@type\":\"ListItem\",\"position\":3,\"name\":\"Incunable Book of Hours of Condotiero Ferrante d&#8217;Este, 1496\"}]},{\"@type\":\"WebSite\",\"@id\":\"https:\\\/\\\/www.comprarmejor.es\\\/en\\\/#website\",\"url\":\"https:\\\/\\\/www.comprarmejor.es\\\/en\\\/\",\"name\":\"ComprarMejor\",\"description\":\"ComprarMejor\",\"publisher\":{\"@id\":\"https:\\\/\\\/www.comprarmejor.es\\\/en\\\/#organization\"},\"potentialAction\":[{\"@type\":\"SearchAction\",\"target\":{\"@type\":\"EntryPoint\",\"urlTemplate\":\"https:\\\/\\\/www.comprarmejor.es\\\/en\\\/?s={search_term_string}\"},\"query-input\":{\"@type\":\"PropertyValueSpecification\",\"valueRequired\":true,\"valueName\":\"search_term_string\"}}],\"inLanguage\":\"en-US\"},{\"@type\":\"Organization\",\"@id\":\"https:\\\/\\\/www.comprarmejor.es\\\/en\\\/#organization\",\"name\":\"COMPRAR MEJOR\",\"url\":\"https:\\\/\\\/www.comprarmejor.es\\\/en\\\/\",\"logo\":{\"@type\":\"ImageObject\",\"inLanguage\":\"en-US\",\"@id\":\"https:\\\/\\\/www.comprarmejor.es\\\/en\\\/#\\\/schema\\\/logo\\\/image\\\/\",\"url\":\"https:\\\/\\\/www.comprarmejor.es\\\/wp-content\\\/uploads\\\/2025\\\/09\\\/comprarmejortrinidad.jpg\",\"contentUrl\":\"https:\\\/\\\/www.comprarmejor.es\\\/wp-content\\\/uploads\\\/2025\\\/09\\\/comprarmejortrinidad.jpg\",\"width\":1022,\"height\":1380,\"caption\":\"COMPRAR MEJOR\"},\"image\":{\"@id\":\"https:\\\/\\\/www.comprarmejor.es\\\/en\\\/#\\\/schema\\\/logo\\\/image\\\/\"},\"sameAs\":[\"https:\\\/\\\/www.instagram.com\\\/amigosdelcodice\"]}]}<\/script>\n<!-- \/ Yoast SEO plugin. -->","yoast_head_json":{"title":"Incunable Book of Hours of Condotiero Ferrante d'Este, 1496","description":"Book of Hours Incunable in Latin and French lit for the Condotiero Ferrante D'Este. This extraordinary incunabula is a very singular example of the edition of","robots":{"index":"index","follow":"follow","max-snippet":"max-snippet:-1","max-image-preview":"max-image-preview:large","max-video-preview":"max-video-preview:-1"},"canonical":"https:\/\/www.comprarmejor.es\/en\/product\/incunable-book-of-hours-of-condotiero-ferrante-d-este-1496\/","og_locale":"en_US","og_type":"article","og_title":"Incunable Book of Hours of Condotiero Ferrante d'Este, 1496","og_description":"Book of Hours Incunable in Latin and French lit for the Condotiero Ferrante D'Este. This extraordinary incunabula is a very singular example of the edition of","og_url":"https:\/\/www.comprarmejor.es\/en\/product\/incunable-book-of-hours-of-condotiero-ferrante-d-este-1496\/","og_site_name":"ComprarMejor","article_modified_time":"2020-05-03T11:29:07+00:00","og_image":[{"width":599,"height":449,"url":"https:\/\/www.comprarmejor.es\/wp-content\/uploads\/2016\/11\/p_6_3_6_6_6366-Libro-de-Horas-incunable-del-Condotiero-Ferrante-d\u00b4Este-1496.jpg","type":"image\/jpeg"}],"twitter_card":"summary_large_image","twitter_misc":{"Est. reading time":"2 minutes"},"schema":{"@context":"https:\/\/schema.org","@graph":[{"@type":"WebPage","@id":"https:\/\/www.comprarmejor.es\/en\/product\/incunable-book-of-hours-of-condotiero-ferrante-d-este-1496\/","url":"https:\/\/www.comprarmejor.es\/en\/product\/incunable-book-of-hours-of-condotiero-ferrante-d-este-1496\/","name":"Incunable Book of Hours of Condotiero Ferrante d'Este, 1496","isPartOf":{"@id":"https:\/\/www.comprarmejor.es\/en\/#website"},"primaryImageOfPage":{"@id":"https:\/\/www.comprarmejor.es\/en\/product\/incunable-book-of-hours-of-condotiero-ferrante-d-este-1496\/#primaryimage"},"image":{"@id":"https:\/\/www.comprarmejor.es\/en\/product\/incunable-book-of-hours-of-condotiero-ferrante-d-este-1496\/#primaryimage"},"thumbnailUrl":"https:\/\/www.comprarmejor.es\/wp-content\/uploads\/2016\/11\/p_6_3_6_6_6366-Libro-de-Horas-incunable-del-Condotiero-Ferrante-d\u00b4Este-1496.jpg","datePublished":"2016-11-29T17:26:33+00:00","dateModified":"2020-05-03T11:29:07+00:00","description":"Book of Hours Incunable in Latin and French lit for the Condotiero Ferrante D'Este. This extraordinary incunabula is a very singular example of the edition of","breadcrumb":{"@id":"https:\/\/www.comprarmejor.es\/en\/product\/incunable-book-of-hours-of-condotiero-ferrante-d-este-1496\/#breadcrumb"},"inLanguage":"en-US","potentialAction":[{"@type":"ReadAction","target":["https:\/\/www.comprarmejor.es\/en\/product\/incunable-book-of-hours-of-condotiero-ferrante-d-este-1496\/"]}]},{"@type":"ImageObject","inLanguage":"en-US","@id":"https:\/\/www.comprarmejor.es\/en\/product\/incunable-book-of-hours-of-condotiero-ferrante-d-este-1496\/#primaryimage","url":"https:\/\/www.comprarmejor.es\/wp-content\/uploads\/2016\/11\/p_6_3_6_6_6366-Libro-de-Horas-incunable-del-Condotiero-Ferrante-d\u00b4Este-1496.jpg","contentUrl":"https:\/\/www.comprarmejor.es\/wp-content\/uploads\/2016\/11\/p_6_3_6_6_6366-Libro-de-Horas-incunable-del-Condotiero-Ferrante-d\u00b4Este-1496.jpg","width":599,"height":449},{"@type":"BreadcrumbList","@id":"https:\/\/www.comprarmejor.es\/en\/product\/incunable-book-of-hours-of-condotiero-ferrante-d-este-1496\/#breadcrumb","itemListElement":[{"@type":"ListItem","position":1,"name":"Portada","item":"https:\/\/www.comprarmejor.es\/en\/"},{"@type":"ListItem","position":2,"name":"Shop","item":"https:\/\/www.comprarmejor.es\/en\/shop\/"},{"@type":"ListItem","position":3,"name":"Incunable Book of Hours of Condotiero Ferrante d&#8217;Este, 1496"}]},{"@type":"WebSite","@id":"https:\/\/www.comprarmejor.es\/en\/#website","url":"https:\/\/www.comprarmejor.es\/en\/","name":"ComprarMejor","description":"ComprarMejor","publisher":{"@id":"https:\/\/www.comprarmejor.es\/en\/#organization"},"potentialAction":[{"@type":"SearchAction","target":{"@type":"EntryPoint","urlTemplate":"https:\/\/www.comprarmejor.es\/en\/?s={search_term_string}"},"query-input":{"@type":"PropertyValueSpecification","valueRequired":true,"valueName":"search_term_string"}}],"inLanguage":"en-US"},{"@type":"Organization","@id":"https:\/\/www.comprarmejor.es\/en\/#organization","name":"COMPRAR MEJOR","url":"https:\/\/www.comprarmejor.es\/en\/","logo":{"@type":"ImageObject","inLanguage":"en-US","@id":"https:\/\/www.comprarmejor.es\/en\/#\/schema\/logo\/image\/","url":"https:\/\/www.comprarmejor.es\/wp-content\/uploads\/2025\/09\/comprarmejortrinidad.jpg","contentUrl":"https:\/\/www.comprarmejor.es\/wp-content\/uploads\/2025\/09\/comprarmejortrinidad.jpg","width":1022,"height":1380,"caption":"COMPRAR MEJOR"},"image":{"@id":"https:\/\/www.comprarmejor.es\/en\/#\/schema\/logo\/image\/"},"sameAs":["https:\/\/www.instagram.com\/amigosdelcodice"]}]}},"_links":{"self":[{"href":"https:\/\/www.comprarmejor.es\/en\/wp-json\/wp\/v2\/product\/54183","targetHints":{"allow":["GET"]}}],"collection":[{"href":"https:\/\/www.comprarmejor.es\/en\/wp-json\/wp\/v2\/product"}],"about":[{"href":"https:\/\/www.comprarmejor.es\/en\/wp-json\/wp\/v2\/types\/product"}],"wp:featuredmedia":[{"embeddable":true,"href":"https:\/\/www.comprarmejor.es\/en\/wp-json\/wp\/v2\/media\/54175"}],"wp:attachment":[{"href":"https:\/\/www.comprarmejor.es\/en\/wp-json\/wp\/v2\/media?parent=54183"}],"wp:term":[{"taxonomy":"product_brand","embeddable":true,"href":"https:\/\/www.comprarmejor.es\/en\/wp-json\/wp\/v2\/product_brand?post=54183"},{"taxonomy":"product_cat","embeddable":true,"href":"https:\/\/www.comprarmejor.es\/en\/wp-json\/wp\/v2\/product_cat?post=54183"},{"taxonomy":"product_tag","embeddable":true,"href":"https:\/\/www.comprarmejor.es\/en\/wp-json\/wp\/v2\/product_tag?post=54183"}],"curies":[{"name":"wp","href":"https:\/\/api.w.org\/{rel}","templated":true}]}}