{"id":54191,"date":"2016-12-01T11:20:34","date_gmt":"2016-12-01T10:20:34","guid":{"rendered":"https:\/\/www.comprarmejor.es\/producto\/book-study-liber-horarum-attributed-to-gerard-david-year-1486\/"},"modified":"2025-05-25T10:04:58","modified_gmt":"2025-05-25T08:04:58","slug":"book-of-the-hunt-of-gaston-iii-febus-bnf-15th-century","status":"publish","type":"product","link":"https:\/\/www.comprarmejor.es\/en\/product\/book-of-the-hunt-of-gaston-iii-febus-bnf-15th-century\/","title":{"rendered":"Book of the Hunt of Gaston III F\u00e9bus. BNF. 15th Century"},"content":{"rendered":"<p style=\"text-align: justify;\">Extraordinary facsimile edition of the early 15th-century manuscript &#8220;Fran\u00e7ais 616&#8221; from the National Library of France, known as the &#8220;Book of the Hunt of Gaston F\u00e9bus&#8221; (Gaston III F\u00e9bus, 1331-1391).<\/p>\n<p style=\"text-align: justify;\">2017 edition, numbered, limited to 987 copies, and authenticated by a notary.<\/p>\n<p style=\"text-align: justify;\">Beautifully bound facsimile in morocco, 29 x 37.5 cm, with dry-tooled imitation leather endpapers. 440 pages containing 87 splendid miniatures. The first 276 pages correspond to the illuminated manuscript itself; the remaining 164 pages correspond to another manuscript without illuminations.<\/p>\n<p style=\"text-align: justify;\">The facsimile is presented in a beautiful, richly embossed slipcase, measuring 30 x 39 x 7.5 cm.<\/p>\n<p style=\"text-align: justify;\">It comes with the corresponding study book, sealed, unused, measuring 25.5 x 3 cm, and in its original packaging. 496 full-color illustrated pages.<\/p>\n<p style=\"text-align: justify;\">\u201cThe Book of the Hunt was written, or rather dictated to a scribe, between 1387 and 1389 by Gaston F\u00e9bus, Count of Foix and Viscount of B\u00e9arn, and dedicated to the Duke of Burgundy, Philip II the Bold. A man of complex personality and tumultuous life, F\u00e9bus was a great hunter and a great lover of books dedicated to hunting and falconry. The volume he painstakingly wrote was, until the end of the 16th century, the reference work for all enthusiasts of the art of hunting. Among the 44 surviving copies of this work, the manuscript Fran\u00e7ais 616 is undoubtedly the most beautiful and most complete. The text is written in excellent French, sprinkled with Norman and Picard characters. This manuscript, in addition to the Book of the Hunt itself, contains the Book of Prayers, also written by Gaston F\u00e9bus, as well as a second treatise called D\u00e9duits de la chasse (Pleasures of the Hunt), written by Gace de la Buigne. Its pages are illustrated with 87 miniatures of impressive quality, which are among the most attractive works of early 15th-century Parisian illumination. Moreover, few books dedicated to the art of hunting have a pictorial richness comparable to that of the Bibles.<\/p>\n<p style=\"text-align: justify;\">This copy is in perfect condition, brand new, in its original packaging, complete.<\/p>\n<p style=\"text-align: justify;\">Free shipping for this item. <span title=\"Cons\u00faltenos sin compromiso cualquier duda, as\u00ed como por cualquier otro facs\u00edmile o art\u00edculo que est\u00e9 buscando.\"><a class=\"btn btn-default\" href=\"https:\/\/www.comprarmejor.es\/en\/contact\/\">Ask us<\/a> <span class=\"HwtZe\" lang=\"en\"><span class=\"jCAhz ChMk0b\"><span class=\"ryNqvb\">any questions, indicating the article reference.<\/span><\/span><\/span><br \/>\n<\/span><\/p>\n","protected":false},"excerpt":{"rendered":"<p style=\"text-align: justify;\"><span id=\"result_box\" lang=\"en\" xml:lang=\"en\"><span title=\"La encuadernaci\u00f3n es en terciopelo de seda natural carmes\u00ed, la misma que conserva en la actualidad el original.\"><span class=\"HwtZe\" lang=\"en\"><span class=\"jCAhz ChMk0b\"><span class=\"ryNqvb\">Extraordinary facsimile edition of the early 15th-century manuscript &#8220;Fran\u00e7ais 616&#8221; from the National Library of France, known as the &#8220;Book of the Hunt of Gaston F\u00e9bus&#8221; (Gaston III F\u00e9bus, 1331-1391).<\/span><\/span><\/span><\/span><\/span><\/p>\n","protected":false},"featured_media":102552,"template":"","meta":[],"product_brand":[],"product_cat":[2250,2220],"product_tag":[3975,4017],"class_list":{"0":"post-54191","1":"product","2":"type-product","3":"status-publish","4":"has-post-thumbnail","6":"product_cat-other-facsimiles","7":"product_cat-special-offers","8":"product_tag-bnf-en","9":"product_tag-moleiro-en","10":"description-off","12":"first","13":"instock","14":"sale","15":"taxable","16":"shipping-taxable","17":"purchasable","18":"product-type-simple"},"yoast_head":"<!-- This site is optimized with the Yoast SEO plugin v27.3 - https:\/\/yoast.com\/product\/yoast-seo-wordpress\/ -->\n<title>Book of the Hunt of Gaston III F\u00e9bus. BNF. 15th Century<\/title>\n<meta name=\"description\" content=\"Facsimile edition of the early 15th-century manuscript &quot;Fran\u00e7ais 616&quot; from the National Library of France, known as the &quot;Book of the Hunt of Gaston F\u00e9bus&quot;\" \/>\n<meta name=\"robots\" content=\"index, follow, max-snippet:-1, max-image-preview:large, max-video-preview:-1\" \/>\n<link rel=\"canonical\" href=\"https:\/\/www.comprarmejor.es\/en\/product\/book-of-the-hunt-of-gaston-iii-febus-bnf-15th-century\/\" \/>\n<meta property=\"og:locale\" content=\"en_US\" \/>\n<meta property=\"og:type\" content=\"article\" \/>\n<meta property=\"og:title\" content=\"Book of the Hunt of Gaston III F\u00e9bus. BNF. 15th Century\" \/>\n<meta property=\"og:description\" content=\"Facsimile edition of the early 15th-century manuscript &quot;Fran\u00e7ais 616&quot; from the National Library of France, known as the &quot;Book of the Hunt of Gaston F\u00e9bus&quot;\" \/>\n<meta property=\"og:url\" content=\"https:\/\/www.comprarmejor.es\/en\/product\/book-of-the-hunt-of-gaston-iii-febus-bnf-15th-century\/\" \/>\n<meta property=\"og:site_name\" content=\"ComprarMejor\" \/>\n<meta property=\"article:modified_time\" content=\"2025-05-25T08:04:58+00:00\" \/>\n<meta property=\"og:image\" content=\"https:\/\/www.comprarmejor.es\/wp-content\/uploads\/2016\/12\/ELdlCm-01-1.jpg\" \/>\n\t<meta property=\"og:image:width\" content=\"563\" \/>\n\t<meta property=\"og:image:height\" content=\"750\" \/>\n\t<meta property=\"og:image:type\" content=\"image\/jpeg\" \/>\n<meta name=\"twitter:card\" content=\"summary_large_image\" \/>\n<meta name=\"twitter:label1\" content=\"Est. reading time\" \/>\n\t<meta name=\"twitter:data1\" content=\"2 minutes\" \/>\n<script type=\"application\/ld+json\" class=\"yoast-schema-graph\">{\"@context\":\"https:\\\/\\\/schema.org\",\"@graph\":[{\"@type\":\"WebPage\",\"@id\":\"https:\\\/\\\/www.comprarmejor.es\\\/en\\\/product\\\/book-of-the-hunt-of-gaston-iii-febus-bnf-15th-century\\\/\",\"url\":\"https:\\\/\\\/www.comprarmejor.es\\\/en\\\/product\\\/book-of-the-hunt-of-gaston-iii-febus-bnf-15th-century\\\/\",\"name\":\"Book of the Hunt of Gaston III F\u00e9bus. BNF. 15th Century\",\"isPartOf\":{\"@id\":\"https:\\\/\\\/www.comprarmejor.es\\\/en\\\/#website\"},\"primaryImageOfPage\":{\"@id\":\"https:\\\/\\\/www.comprarmejor.es\\\/en\\\/product\\\/book-of-the-hunt-of-gaston-iii-febus-bnf-15th-century\\\/#primaryimage\"},\"image\":{\"@id\":\"https:\\\/\\\/www.comprarmejor.es\\\/en\\\/product\\\/book-of-the-hunt-of-gaston-iii-febus-bnf-15th-century\\\/#primaryimage\"},\"thumbnailUrl\":\"https:\\\/\\\/www.comprarmejor.es\\\/wp-content\\\/uploads\\\/2016\\\/12\\\/ELdlCm-01-1.jpg\",\"datePublished\":\"2016-12-01T10:20:34+00:00\",\"dateModified\":\"2025-05-25T08:04:58+00:00\",\"description\":\"Facsimile edition of the early 15th-century manuscript \\\"Fran\u00e7ais 616\\\" from the National Library of France, known as the \\\"Book of the Hunt of Gaston F\u00e9bus\\\"\",\"breadcrumb\":{\"@id\":\"https:\\\/\\\/www.comprarmejor.es\\\/en\\\/product\\\/book-of-the-hunt-of-gaston-iii-febus-bnf-15th-century\\\/#breadcrumb\"},\"inLanguage\":\"en-US\",\"potentialAction\":[{\"@type\":\"ReadAction\",\"target\":[\"https:\\\/\\\/www.comprarmejor.es\\\/en\\\/product\\\/book-of-the-hunt-of-gaston-iii-febus-bnf-15th-century\\\/\"]}]},{\"@type\":\"ImageObject\",\"inLanguage\":\"en-US\",\"@id\":\"https:\\\/\\\/www.comprarmejor.es\\\/en\\\/product\\\/book-of-the-hunt-of-gaston-iii-febus-bnf-15th-century\\\/#primaryimage\",\"url\":\"https:\\\/\\\/www.comprarmejor.es\\\/wp-content\\\/uploads\\\/2016\\\/12\\\/ELdlCm-01-1.jpg\",\"contentUrl\":\"https:\\\/\\\/www.comprarmejor.es\\\/wp-content\\\/uploads\\\/2016\\\/12\\\/ELdlCm-01-1.jpg\",\"width\":563,\"height\":750},{\"@type\":\"BreadcrumbList\",\"@id\":\"https:\\\/\\\/www.comprarmejor.es\\\/en\\\/product\\\/book-of-the-hunt-of-gaston-iii-febus-bnf-15th-century\\\/#breadcrumb\",\"itemListElement\":[{\"@type\":\"ListItem\",\"position\":1,\"name\":\"Portada\",\"item\":\"https:\\\/\\\/www.comprarmejor.es\\\/en\\\/\"},{\"@type\":\"ListItem\",\"position\":2,\"name\":\"Shop\",\"item\":\"https:\\\/\\\/www.comprarmejor.es\\\/en\\\/shop\\\/\"},{\"@type\":\"ListItem\",\"position\":3,\"name\":\"Book of the Hunt of Gaston III F\u00e9bus. BNF. 15th Century\"}]},{\"@type\":\"WebSite\",\"@id\":\"https:\\\/\\\/www.comprarmejor.es\\\/en\\\/#website\",\"url\":\"https:\\\/\\\/www.comprarmejor.es\\\/en\\\/\",\"name\":\"ComprarMejor\",\"description\":\"ComprarMejor\",\"publisher\":{\"@id\":\"https:\\\/\\\/www.comprarmejor.es\\\/en\\\/#organization\"},\"potentialAction\":[{\"@type\":\"SearchAction\",\"target\":{\"@type\":\"EntryPoint\",\"urlTemplate\":\"https:\\\/\\\/www.comprarmejor.es\\\/en\\\/?s={search_term_string}\"},\"query-input\":{\"@type\":\"PropertyValueSpecification\",\"valueRequired\":true,\"valueName\":\"search_term_string\"}}],\"inLanguage\":\"en-US\"},{\"@type\":\"Organization\",\"@id\":\"https:\\\/\\\/www.comprarmejor.es\\\/en\\\/#organization\",\"name\":\"COMPRAR MEJOR\",\"url\":\"https:\\\/\\\/www.comprarmejor.es\\\/en\\\/\",\"logo\":{\"@type\":\"ImageObject\",\"inLanguage\":\"en-US\",\"@id\":\"https:\\\/\\\/www.comprarmejor.es\\\/en\\\/#\\\/schema\\\/logo\\\/image\\\/\",\"url\":\"https:\\\/\\\/www.comprarmejor.es\\\/wp-content\\\/uploads\\\/2025\\\/09\\\/comprarmejortrinidad.jpg\",\"contentUrl\":\"https:\\\/\\\/www.comprarmejor.es\\\/wp-content\\\/uploads\\\/2025\\\/09\\\/comprarmejortrinidad.jpg\",\"width\":1022,\"height\":1380,\"caption\":\"COMPRAR MEJOR\"},\"image\":{\"@id\":\"https:\\\/\\\/www.comprarmejor.es\\\/en\\\/#\\\/schema\\\/logo\\\/image\\\/\"},\"sameAs\":[\"https:\\\/\\\/www.instagram.com\\\/amigosdelcodice\"]}]}<\/script>\n<!-- \/ Yoast SEO plugin. -->","yoast_head_json":{"title":"Book of the Hunt of Gaston III F\u00e9bus. BNF. 15th Century","description":"Facsimile edition of the early 15th-century manuscript \"Fran\u00e7ais 616\" from the National Library of France, known as the \"Book of the Hunt of Gaston F\u00e9bus\"","robots":{"index":"index","follow":"follow","max-snippet":"max-snippet:-1","max-image-preview":"max-image-preview:large","max-video-preview":"max-video-preview:-1"},"canonical":"https:\/\/www.comprarmejor.es\/en\/product\/book-of-the-hunt-of-gaston-iii-febus-bnf-15th-century\/","og_locale":"en_US","og_type":"article","og_title":"Book of the Hunt of Gaston III F\u00e9bus. BNF. 15th Century","og_description":"Facsimile edition of the early 15th-century manuscript \"Fran\u00e7ais 616\" from the National Library of France, known as the \"Book of the Hunt of Gaston F\u00e9bus\"","og_url":"https:\/\/www.comprarmejor.es\/en\/product\/book-of-the-hunt-of-gaston-iii-febus-bnf-15th-century\/","og_site_name":"ComprarMejor","article_modified_time":"2025-05-25T08:04:58+00:00","og_image":[{"width":563,"height":750,"url":"https:\/\/www.comprarmejor.es\/wp-content\/uploads\/2016\/12\/ELdlCm-01-1.jpg","type":"image\/jpeg"}],"twitter_card":"summary_large_image","twitter_misc":{"Est. reading time":"2 minutes"},"schema":{"@context":"https:\/\/schema.org","@graph":[{"@type":"WebPage","@id":"https:\/\/www.comprarmejor.es\/en\/product\/book-of-the-hunt-of-gaston-iii-febus-bnf-15th-century\/","url":"https:\/\/www.comprarmejor.es\/en\/product\/book-of-the-hunt-of-gaston-iii-febus-bnf-15th-century\/","name":"Book of the Hunt of Gaston III F\u00e9bus. BNF. 15th Century","isPartOf":{"@id":"https:\/\/www.comprarmejor.es\/en\/#website"},"primaryImageOfPage":{"@id":"https:\/\/www.comprarmejor.es\/en\/product\/book-of-the-hunt-of-gaston-iii-febus-bnf-15th-century\/#primaryimage"},"image":{"@id":"https:\/\/www.comprarmejor.es\/en\/product\/book-of-the-hunt-of-gaston-iii-febus-bnf-15th-century\/#primaryimage"},"thumbnailUrl":"https:\/\/www.comprarmejor.es\/wp-content\/uploads\/2016\/12\/ELdlCm-01-1.jpg","datePublished":"2016-12-01T10:20:34+00:00","dateModified":"2025-05-25T08:04:58+00:00","description":"Facsimile edition of the early 15th-century manuscript \"Fran\u00e7ais 616\" from the National Library of France, known as the \"Book of the Hunt of Gaston F\u00e9bus\"","breadcrumb":{"@id":"https:\/\/www.comprarmejor.es\/en\/product\/book-of-the-hunt-of-gaston-iii-febus-bnf-15th-century\/#breadcrumb"},"inLanguage":"en-US","potentialAction":[{"@type":"ReadAction","target":["https:\/\/www.comprarmejor.es\/en\/product\/book-of-the-hunt-of-gaston-iii-febus-bnf-15th-century\/"]}]},{"@type":"ImageObject","inLanguage":"en-US","@id":"https:\/\/www.comprarmejor.es\/en\/product\/book-of-the-hunt-of-gaston-iii-febus-bnf-15th-century\/#primaryimage","url":"https:\/\/www.comprarmejor.es\/wp-content\/uploads\/2016\/12\/ELdlCm-01-1.jpg","contentUrl":"https:\/\/www.comprarmejor.es\/wp-content\/uploads\/2016\/12\/ELdlCm-01-1.jpg","width":563,"height":750},{"@type":"BreadcrumbList","@id":"https:\/\/www.comprarmejor.es\/en\/product\/book-of-the-hunt-of-gaston-iii-febus-bnf-15th-century\/#breadcrumb","itemListElement":[{"@type":"ListItem","position":1,"name":"Portada","item":"https:\/\/www.comprarmejor.es\/en\/"},{"@type":"ListItem","position":2,"name":"Shop","item":"https:\/\/www.comprarmejor.es\/en\/shop\/"},{"@type":"ListItem","position":3,"name":"Book of the Hunt of Gaston III F\u00e9bus. BNF. 15th Century"}]},{"@type":"WebSite","@id":"https:\/\/www.comprarmejor.es\/en\/#website","url":"https:\/\/www.comprarmejor.es\/en\/","name":"ComprarMejor","description":"ComprarMejor","publisher":{"@id":"https:\/\/www.comprarmejor.es\/en\/#organization"},"potentialAction":[{"@type":"SearchAction","target":{"@type":"EntryPoint","urlTemplate":"https:\/\/www.comprarmejor.es\/en\/?s={search_term_string}"},"query-input":{"@type":"PropertyValueSpecification","valueRequired":true,"valueName":"search_term_string"}}],"inLanguage":"en-US"},{"@type":"Organization","@id":"https:\/\/www.comprarmejor.es\/en\/#organization","name":"COMPRAR MEJOR","url":"https:\/\/www.comprarmejor.es\/en\/","logo":{"@type":"ImageObject","inLanguage":"en-US","@id":"https:\/\/www.comprarmejor.es\/en\/#\/schema\/logo\/image\/","url":"https:\/\/www.comprarmejor.es\/wp-content\/uploads\/2025\/09\/comprarmejortrinidad.jpg","contentUrl":"https:\/\/www.comprarmejor.es\/wp-content\/uploads\/2025\/09\/comprarmejortrinidad.jpg","width":1022,"height":1380,"caption":"COMPRAR MEJOR"},"image":{"@id":"https:\/\/www.comprarmejor.es\/en\/#\/schema\/logo\/image\/"},"sameAs":["https:\/\/www.instagram.com\/amigosdelcodice"]}]}},"_links":{"self":[{"href":"https:\/\/www.comprarmejor.es\/en\/wp-json\/wp\/v2\/product\/54191","targetHints":{"allow":["GET"]}}],"collection":[{"href":"https:\/\/www.comprarmejor.es\/en\/wp-json\/wp\/v2\/product"}],"about":[{"href":"https:\/\/www.comprarmejor.es\/en\/wp-json\/wp\/v2\/types\/product"}],"wp:featuredmedia":[{"embeddable":true,"href":"https:\/\/www.comprarmejor.es\/en\/wp-json\/wp\/v2\/media\/102552"}],"wp:attachment":[{"href":"https:\/\/www.comprarmejor.es\/en\/wp-json\/wp\/v2\/media?parent=54191"}],"wp:term":[{"taxonomy":"product_brand","embeddable":true,"href":"https:\/\/www.comprarmejor.es\/en\/wp-json\/wp\/v2\/product_brand?post=54191"},{"taxonomy":"product_cat","embeddable":true,"href":"https:\/\/www.comprarmejor.es\/en\/wp-json\/wp\/v2\/product_cat?post=54191"},{"taxonomy":"product_tag","embeddable":true,"href":"https:\/\/www.comprarmejor.es\/en\/wp-json\/wp\/v2\/product_tag?post=54191"}],"curies":[{"name":"wp","href":"https:\/\/api.w.org\/{rel}","templated":true}]}}