{"id":54203,"date":"2016-12-02T00:08:28","date_gmt":"2016-12-01T23:08:28","guid":{"rendered":"https:\/\/www.comprarmejor.es\/producto\/the-very-fine-hours-of-the-duke-of-berry-eberhard-konig\/"},"modified":"2024-10-15T16:45:04","modified_gmt":"2024-10-15T14:45:04","slug":"book-study-of-the-book-of-hours-of-carlos-viii-moleiro","status":"publish","type":"product","link":"https:\/\/www.comprarmejor.es\/en\/product\/book-study-of-the-book-of-hours-of-carlos-viii-moleiro\/","title":{"rendered":"Book study of the Book of Hours of Carlos VIII. Moleiro"},"content":{"rendered":"<p style=\"text-align: justify;\">Book study of the facsimile of the Moleiro publishing house, &#8220;Book of Hours of Carlos VIII, King of France&#8221;. Edited in 1995. Texts in Spanish.<\/p>\n<p style=\"text-align: justify;\">Content: studies on miniatures, translation and transcription.<\/p>\n<p style=\"text-align: justify;\">Bound in hardcover with illustrated black dust jacket, guide tape. Format 18 x 25 cm. 432 pages on gray laid paper.<\/p>\n<p style=\"text-align: justify;\"><span class=\"HwtZe\" lang=\"en\"><span class=\"jCAhz ChMk0b\"><span class=\"ryNqvb\">These books were among the first that the publisher bound in a material that decomposes over time, even if it has the dust jacket.<\/span><\/span> <span class=\"jCAhz ChMk0b\"><span class=\"ryNqvb\">In this copy the effects of time were beginning to be seen on the covers, so we have covered it with a first protective adhesive cover to prevent further deterioration.<\/span><\/span> <span class=\"jCAhz\"><span class=\"ryNqvb\">The rest of the book is in perfect condition, unused<\/span><\/span><\/span>.<\/p>\n<p style=\"text-align: justify;\">This study book was published without illustrations, it is just text.<\/p>\n<p style=\"text-align: justify;\">This article deals only with the study book of the facsimile edition of the year 1995, exhausted and discontinued by the publisher.<\/p>\n<p style=\"text-align: justify;\">Shipping costs according to order and destination. <span title=\"Cons\u00faltenos sin compromiso cualquier duda, as\u00ed como por cualquier otro facs\u00edmile o art\u00edculo que est\u00e9 buscando.\"><a class=\"btn btn-default\" href=\"https:\/\/www.comprarmejor.es\/en\/contact\">Ask us<\/a> <span class=\"HwtZe\" lang=\"en\"><span class=\"jCAhz ChMk0b\"><span class=\"ryNqvb\">any questions, indicating the article reference.<\/span><\/span><\/span><br \/>\n<\/span><\/p>\n","protected":false},"excerpt":{"rendered":"<p style=\"text-align: justify;\"><span id=\"result_box\" lang=\"en\" xml:lang=\"en\"><span title=\"Datado entre los siglos XII y XI a.C.\"><span lang=\"en\" xml:lang=\"en\"><span title=\"Las Muy Bellas Horas del duque de Berry constituye uno de los manuscritos m\u00e1s prestigiosos del final de la Edad Media en el que se expone, con un esplendor sin igual, uno de los momentos m\u00e1s creativos de la pintura occidental.\"><span class=\"HwtZe\" lang=\"en\"><span class=\"jCAhz ChMk0b\"><span class=\"ryNqvb\">Book study of the facsimile of the Moleiro publishing house, &#8220;Book of Hours of Carlos VIII, King of France&#8221;.<\/span><\/span> <span class=\"jCAhz ChMk0b\"><span class=\"ryNqvb\">Edited in 1995. Texts in Spanish.<\/span><\/span><span class=\"jCAhz ChMk0b\"><span class=\"ryNqvb\"><br \/>\n<\/span><\/span><\/span><\/span><\/span><\/span><\/span><\/p>\n","protected":false},"featured_media":89050,"template":"","meta":[],"product_brand":[],"product_cat":[2246],"product_tag":[5791,4104,5263,5122,4017],"class_list":{"0":"post-54203","1":"product","2":"type-product","3":"status-publish","4":"has-post-thumbnail","6":"product_cat-study-books","7":"product_tag-arte-en","8":"product_tag-bne-en","9":"product_tag-france-en","10":"product_tag-hours-en","11":"product_tag-moleiro-en","12":"product_shipping_class-from-2-to-5-kg","13":"description-off","15":"first","16":"instock","17":"taxable","18":"shipping-taxable","19":"purchasable","20":"product-type-simple"},"yoast_head":"<!-- This site is optimized with the Yoast SEO plugin v27.3 - https:\/\/yoast.com\/product\/yoast-seo-wordpress\/ -->\n<title>Book study of the Book of Hours of Carlos VIII. Moleiro<\/title>\n<meta name=\"description\" content=\"Book study of the facsimile of the Moleiro publishing house, &quot;Book of Hours of Carlos VIII, King of France&quot;. Edited in 1995. Texts in Spanish.\" \/>\n<meta name=\"robots\" content=\"index, follow, max-snippet:-1, max-image-preview:large, max-video-preview:-1\" \/>\n<link rel=\"canonical\" href=\"https:\/\/www.comprarmejor.es\/en\/product\/book-study-of-the-book-of-hours-of-carlos-viii-moleiro\/\" \/>\n<meta property=\"og:locale\" content=\"en_US\" \/>\n<meta property=\"og:type\" content=\"article\" \/>\n<meta property=\"og:title\" content=\"Book study of the Book of Hours of Carlos VIII. Moleiro\" \/>\n<meta property=\"og:description\" content=\"Book study of the facsimile of the Moleiro publishing house, &quot;Book of Hours of Carlos VIII, King of France&quot;. Edited in 1995. Texts in Spanish.\" \/>\n<meta property=\"og:url\" content=\"https:\/\/www.comprarmejor.es\/en\/product\/book-study-of-the-book-of-hours-of-carlos-viii-moleiro\/\" \/>\n<meta property=\"og:site_name\" content=\"ComprarMejor\" \/>\n<meta property=\"article:modified_time\" content=\"2024-10-15T14:45:04+00:00\" \/>\n<meta property=\"og:image\" content=\"https:\/\/www.comprarmejor.es\/wp-content\/uploads\/2016\/12\/EFM0765.jpg\" \/>\n\t<meta property=\"og:image:width\" content=\"446\" \/>\n\t<meta property=\"og:image:height\" content=\"600\" \/>\n\t<meta property=\"og:image:type\" content=\"image\/jpeg\" \/>\n<meta name=\"twitter:card\" content=\"summary_large_image\" \/>\n<meta name=\"twitter:label1\" content=\"Est. reading time\" \/>\n\t<meta name=\"twitter:data1\" content=\"1 minute\" \/>\n<script type=\"application\/ld+json\" class=\"yoast-schema-graph\">{\"@context\":\"https:\\\/\\\/schema.org\",\"@graph\":[{\"@type\":\"WebPage\",\"@id\":\"https:\\\/\\\/www.comprarmejor.es\\\/en\\\/product\\\/book-study-of-the-book-of-hours-of-carlos-viii-moleiro\\\/\",\"url\":\"https:\\\/\\\/www.comprarmejor.es\\\/en\\\/product\\\/book-study-of-the-book-of-hours-of-carlos-viii-moleiro\\\/\",\"name\":\"Book study of the Book of Hours of Carlos VIII. Moleiro\",\"isPartOf\":{\"@id\":\"https:\\\/\\\/www.comprarmejor.es\\\/en\\\/#website\"},\"primaryImageOfPage\":{\"@id\":\"https:\\\/\\\/www.comprarmejor.es\\\/en\\\/product\\\/book-study-of-the-book-of-hours-of-carlos-viii-moleiro\\\/#primaryimage\"},\"image\":{\"@id\":\"https:\\\/\\\/www.comprarmejor.es\\\/en\\\/product\\\/book-study-of-the-book-of-hours-of-carlos-viii-moleiro\\\/#primaryimage\"},\"thumbnailUrl\":\"https:\\\/\\\/www.comprarmejor.es\\\/wp-content\\\/uploads\\\/2016\\\/12\\\/EFM0765.jpg\",\"datePublished\":\"2016-12-01T23:08:28+00:00\",\"dateModified\":\"2024-10-15T14:45:04+00:00\",\"description\":\"Book study of the facsimile of the Moleiro publishing house, \\\"Book of Hours of Carlos VIII, King of France\\\". Edited in 1995. Texts in Spanish.\",\"breadcrumb\":{\"@id\":\"https:\\\/\\\/www.comprarmejor.es\\\/en\\\/product\\\/book-study-of-the-book-of-hours-of-carlos-viii-moleiro\\\/#breadcrumb\"},\"inLanguage\":\"en-US\",\"potentialAction\":[{\"@type\":\"ReadAction\",\"target\":[\"https:\\\/\\\/www.comprarmejor.es\\\/en\\\/product\\\/book-study-of-the-book-of-hours-of-carlos-viii-moleiro\\\/\"]}]},{\"@type\":\"ImageObject\",\"inLanguage\":\"en-US\",\"@id\":\"https:\\\/\\\/www.comprarmejor.es\\\/en\\\/product\\\/book-study-of-the-book-of-hours-of-carlos-viii-moleiro\\\/#primaryimage\",\"url\":\"https:\\\/\\\/www.comprarmejor.es\\\/wp-content\\\/uploads\\\/2016\\\/12\\\/EFM0765.jpg\",\"contentUrl\":\"https:\\\/\\\/www.comprarmejor.es\\\/wp-content\\\/uploads\\\/2016\\\/12\\\/EFM0765.jpg\",\"width\":446,\"height\":600},{\"@type\":\"BreadcrumbList\",\"@id\":\"https:\\\/\\\/www.comprarmejor.es\\\/en\\\/product\\\/book-study-of-the-book-of-hours-of-carlos-viii-moleiro\\\/#breadcrumb\",\"itemListElement\":[{\"@type\":\"ListItem\",\"position\":1,\"name\":\"Portada\",\"item\":\"https:\\\/\\\/www.comprarmejor.es\\\/en\\\/\"},{\"@type\":\"ListItem\",\"position\":2,\"name\":\"Shop\",\"item\":\"https:\\\/\\\/www.comprarmejor.es\\\/en\\\/shop\\\/\"},{\"@type\":\"ListItem\",\"position\":3,\"name\":\"Book study of the Book of Hours of Carlos VIII. Moleiro\"}]},{\"@type\":\"WebSite\",\"@id\":\"https:\\\/\\\/www.comprarmejor.es\\\/en\\\/#website\",\"url\":\"https:\\\/\\\/www.comprarmejor.es\\\/en\\\/\",\"name\":\"ComprarMejor\",\"description\":\"ComprarMejor\",\"publisher\":{\"@id\":\"https:\\\/\\\/www.comprarmejor.es\\\/en\\\/#organization\"},\"potentialAction\":[{\"@type\":\"SearchAction\",\"target\":{\"@type\":\"EntryPoint\",\"urlTemplate\":\"https:\\\/\\\/www.comprarmejor.es\\\/en\\\/?s={search_term_string}\"},\"query-input\":{\"@type\":\"PropertyValueSpecification\",\"valueRequired\":true,\"valueName\":\"search_term_string\"}}],\"inLanguage\":\"en-US\"},{\"@type\":\"Organization\",\"@id\":\"https:\\\/\\\/www.comprarmejor.es\\\/en\\\/#organization\",\"name\":\"COMPRAR MEJOR\",\"url\":\"https:\\\/\\\/www.comprarmejor.es\\\/en\\\/\",\"logo\":{\"@type\":\"ImageObject\",\"inLanguage\":\"en-US\",\"@id\":\"https:\\\/\\\/www.comprarmejor.es\\\/en\\\/#\\\/schema\\\/logo\\\/image\\\/\",\"url\":\"https:\\\/\\\/www.comprarmejor.es\\\/wp-content\\\/uploads\\\/2025\\\/09\\\/comprarmejortrinidad.jpg\",\"contentUrl\":\"https:\\\/\\\/www.comprarmejor.es\\\/wp-content\\\/uploads\\\/2025\\\/09\\\/comprarmejortrinidad.jpg\",\"width\":1022,\"height\":1380,\"caption\":\"COMPRAR MEJOR\"},\"image\":{\"@id\":\"https:\\\/\\\/www.comprarmejor.es\\\/en\\\/#\\\/schema\\\/logo\\\/image\\\/\"},\"sameAs\":[\"https:\\\/\\\/www.instagram.com\\\/amigosdelcodice\"]}]}<\/script>\n<!-- \/ Yoast SEO plugin. -->","yoast_head_json":{"title":"Book study of the Book of Hours of Carlos VIII. Moleiro","description":"Book study of the facsimile of the Moleiro publishing house, \"Book of Hours of Carlos VIII, King of France\". Edited in 1995. Texts in Spanish.","robots":{"index":"index","follow":"follow","max-snippet":"max-snippet:-1","max-image-preview":"max-image-preview:large","max-video-preview":"max-video-preview:-1"},"canonical":"https:\/\/www.comprarmejor.es\/en\/product\/book-study-of-the-book-of-hours-of-carlos-viii-moleiro\/","og_locale":"en_US","og_type":"article","og_title":"Book study of the Book of Hours of Carlos VIII. Moleiro","og_description":"Book study of the facsimile of the Moleiro publishing house, \"Book of Hours of Carlos VIII, King of France\". Edited in 1995. Texts in Spanish.","og_url":"https:\/\/www.comprarmejor.es\/en\/product\/book-study-of-the-book-of-hours-of-carlos-viii-moleiro\/","og_site_name":"ComprarMejor","article_modified_time":"2024-10-15T14:45:04+00:00","og_image":[{"width":446,"height":600,"url":"https:\/\/www.comprarmejor.es\/wp-content\/uploads\/2016\/12\/EFM0765.jpg","type":"image\/jpeg"}],"twitter_card":"summary_large_image","twitter_misc":{"Est. reading time":"1 minute"},"schema":{"@context":"https:\/\/schema.org","@graph":[{"@type":"WebPage","@id":"https:\/\/www.comprarmejor.es\/en\/product\/book-study-of-the-book-of-hours-of-carlos-viii-moleiro\/","url":"https:\/\/www.comprarmejor.es\/en\/product\/book-study-of-the-book-of-hours-of-carlos-viii-moleiro\/","name":"Book study of the Book of Hours of Carlos VIII. Moleiro","isPartOf":{"@id":"https:\/\/www.comprarmejor.es\/en\/#website"},"primaryImageOfPage":{"@id":"https:\/\/www.comprarmejor.es\/en\/product\/book-study-of-the-book-of-hours-of-carlos-viii-moleiro\/#primaryimage"},"image":{"@id":"https:\/\/www.comprarmejor.es\/en\/product\/book-study-of-the-book-of-hours-of-carlos-viii-moleiro\/#primaryimage"},"thumbnailUrl":"https:\/\/www.comprarmejor.es\/wp-content\/uploads\/2016\/12\/EFM0765.jpg","datePublished":"2016-12-01T23:08:28+00:00","dateModified":"2024-10-15T14:45:04+00:00","description":"Book study of the facsimile of the Moleiro publishing house, \"Book of Hours of Carlos VIII, King of France\". Edited in 1995. Texts in Spanish.","breadcrumb":{"@id":"https:\/\/www.comprarmejor.es\/en\/product\/book-study-of-the-book-of-hours-of-carlos-viii-moleiro\/#breadcrumb"},"inLanguage":"en-US","potentialAction":[{"@type":"ReadAction","target":["https:\/\/www.comprarmejor.es\/en\/product\/book-study-of-the-book-of-hours-of-carlos-viii-moleiro\/"]}]},{"@type":"ImageObject","inLanguage":"en-US","@id":"https:\/\/www.comprarmejor.es\/en\/product\/book-study-of-the-book-of-hours-of-carlos-viii-moleiro\/#primaryimage","url":"https:\/\/www.comprarmejor.es\/wp-content\/uploads\/2016\/12\/EFM0765.jpg","contentUrl":"https:\/\/www.comprarmejor.es\/wp-content\/uploads\/2016\/12\/EFM0765.jpg","width":446,"height":600},{"@type":"BreadcrumbList","@id":"https:\/\/www.comprarmejor.es\/en\/product\/book-study-of-the-book-of-hours-of-carlos-viii-moleiro\/#breadcrumb","itemListElement":[{"@type":"ListItem","position":1,"name":"Portada","item":"https:\/\/www.comprarmejor.es\/en\/"},{"@type":"ListItem","position":2,"name":"Shop","item":"https:\/\/www.comprarmejor.es\/en\/shop\/"},{"@type":"ListItem","position":3,"name":"Book study of the Book of Hours of Carlos VIII. Moleiro"}]},{"@type":"WebSite","@id":"https:\/\/www.comprarmejor.es\/en\/#website","url":"https:\/\/www.comprarmejor.es\/en\/","name":"ComprarMejor","description":"ComprarMejor","publisher":{"@id":"https:\/\/www.comprarmejor.es\/en\/#organization"},"potentialAction":[{"@type":"SearchAction","target":{"@type":"EntryPoint","urlTemplate":"https:\/\/www.comprarmejor.es\/en\/?s={search_term_string}"},"query-input":{"@type":"PropertyValueSpecification","valueRequired":true,"valueName":"search_term_string"}}],"inLanguage":"en-US"},{"@type":"Organization","@id":"https:\/\/www.comprarmejor.es\/en\/#organization","name":"COMPRAR MEJOR","url":"https:\/\/www.comprarmejor.es\/en\/","logo":{"@type":"ImageObject","inLanguage":"en-US","@id":"https:\/\/www.comprarmejor.es\/en\/#\/schema\/logo\/image\/","url":"https:\/\/www.comprarmejor.es\/wp-content\/uploads\/2025\/09\/comprarmejortrinidad.jpg","contentUrl":"https:\/\/www.comprarmejor.es\/wp-content\/uploads\/2025\/09\/comprarmejortrinidad.jpg","width":1022,"height":1380,"caption":"COMPRAR MEJOR"},"image":{"@id":"https:\/\/www.comprarmejor.es\/en\/#\/schema\/logo\/image\/"},"sameAs":["https:\/\/www.instagram.com\/amigosdelcodice"]}]}},"_links":{"self":[{"href":"https:\/\/www.comprarmejor.es\/en\/wp-json\/wp\/v2\/product\/54203","targetHints":{"allow":["GET"]}}],"collection":[{"href":"https:\/\/www.comprarmejor.es\/en\/wp-json\/wp\/v2\/product"}],"about":[{"href":"https:\/\/www.comprarmejor.es\/en\/wp-json\/wp\/v2\/types\/product"}],"wp:featuredmedia":[{"embeddable":true,"href":"https:\/\/www.comprarmejor.es\/en\/wp-json\/wp\/v2\/media\/89050"}],"wp:attachment":[{"href":"https:\/\/www.comprarmejor.es\/en\/wp-json\/wp\/v2\/media?parent=54203"}],"wp:term":[{"taxonomy":"product_brand","embeddable":true,"href":"https:\/\/www.comprarmejor.es\/en\/wp-json\/wp\/v2\/product_brand?post=54203"},{"taxonomy":"product_cat","embeddable":true,"href":"https:\/\/www.comprarmejor.es\/en\/wp-json\/wp\/v2\/product_cat?post=54203"},{"taxonomy":"product_tag","embeddable":true,"href":"https:\/\/www.comprarmejor.es\/en\/wp-json\/wp\/v2\/product_tag?post=54203"}],"curies":[{"name":"wp","href":"https:\/\/api.w.org\/{rel}","templated":true}]}}