{"id":54207,"date":"2016-12-23T10:32:09","date_gmt":"2016-12-23T09:32:09","guid":{"rendered":"https:\/\/www.comprarmejor.es\/producto\/book-of-kells-german-facsimile-1990\/"},"modified":"2025-11-20T11:29:57","modified_gmt":"2025-11-20T10:29:57","slug":"the-book-of-kells-treasure-of-ireland-1990-swiss-facsimile","status":"publish","type":"product","link":"https:\/\/www.comprarmejor.es\/en\/product\/the-book-of-kells-treasure-of-ireland-1990-swiss-facsimile\/","title":{"rendered":"The Book of Kells, Treasure of Ireland. 1990 Swiss Facsimile"},"content":{"rendered":"<p style=\"text-align: justify;\"><span id=\"result_box\" lang=\"en\" xml:lang=\"en\"><span title=\"Edici\u00f3n agotada hace tiempo.\"><span class=\"HwtZe\" lang=\"en\"><span class=\"jCAhz ChMk0b\"><span class=\"ryNqvb\">A copy of the highly sought-after 1990 Swiss facsimile edition of the famous codex known as the Book of Kells.<\/span><\/span> <span class=\"jCAhz ChMk0b\"><span class=\"ryNqvb\">This edition has been out of print for a long time<\/span><\/span><\/span>.<\/span><\/span><\/p>\n<p style=\"text-align: justify;\"><span title=\"Manuscrito original datado en el a\u00f1o c.\">Original manuscript dated in year c. <\/span><span title=\"800 y conservado actualmente en la Biblioteca del Trinity College (Dubl\u00edn, Irlanda), signatura Ms. 58 (A.I.6).\">800 and currently preserved in the Library of Trinity College (Dublin, Ireland), signature Ms. 58 (A.I.6). <\/span><span title=\"Una obra muy preciada y considerada como Tesoro de Irlanda.\">A very precious work and considered as Treasure of Ireland.<\/span><\/p>\n<p style=\"text-align: justify;\"><span title=\"Edici\u00f3n limitada y numerada de 1.480 ejemplares, de los cuales 740 fueron para el mercado en lengua inglesa.\"><span class=\"HwtZe\" lang=\"en\"><span class=\"jCAhz ChMk0b\"><span class=\"ryNqvb\">This numbered, limited edition was limited to 1,480 copies, of which 740 were for the English-language market<\/span><\/span><\/span>.<\/span><\/p>\n<p style=\"text-align: justify;\"><span title=\"Facs\u00edmile encuadernado en cuero fino de color blanco, formato 25 x 33 cm, 680 p\u00e1ginas.\">Facsimile bound in fine white leather, format 25 x 33 cm, 680 pages.<\/span><\/p>\n<p style=\"text-align: justify;\"><span title=\"El libro estudio (en alem\u00e1n o ingl\u00e9s) contiene 400 p\u00e1ginas.\">The study book (in German or English) contains 400 pages. <\/span><span title=\"Autores: Dr. J. J. Alexander, Profesor de Historia del Arte en el Instituto de Bellas Artes, Nueva York;\">Authors: Dr. J. J. Alexander, Professor of Art History at the Institute of Fine Arts, New York; <\/span><span title=\"Anthony Cain, Jefe del Departamento de Conservaci\u00f3n, Trinity College Library, Dubl\u00edn;\">Anthony Cain, Chief, Department of Conservation, Trinity College Library, Dublin; <\/span><span title=\"Gera\u00f3id MacNiocaill, Profesor de Historia, Universidad de Galway;\">Gera\u00f3id MacNiocaill, Professor of History, University of Galway; <\/span><span title=\"Dr. Patrick McGurk, Profesor de Historia Medieval, Birkbeck College, Universidad de Londres;\">Dr. Patrick McGurk, Professor of Medieval History, Birkbeck College, University of London; <\/span><span title=\"y el Dr. Bernard Meehan, Jefe del Departamento de Manuscritos, Biblioteca de Trinity College, Dubl\u00edn.\">And Dr Bernard Meehan, Head of the Department of Manuscripts, Trinity College Library, Dublin. <\/span><span title=\"Editor de la edici\u00f3n alemana del volumen comentario es el Prof. Dr. Anton von Euw, curador en el Museo Schn\u00fctgen Colonia y Profesor de Historia del Arte Medieval de la Universidad de Colonia.\">Editor of the German volume comment volume is Prof. Dr. Anton von Euw, curator at the Schn\u00fctgen Museum Cologne and Professor of History of Medieval Art at the University of Cologne. <\/span><span title=\"El autor de fama mundial Umberto Eco escribi\u00f3 un prefacio entusiasta.\">World-renowned author Umberto Eco wrote an enthusiastic preface.<\/span><\/p>\n<p style=\"text-align: justify;\"><span title=\"Para proteger el facs\u00edmile se acompa\u00f1a de un estuche especialmente dise\u00f1ado para esta obra, realizado artesanalmente, y en cuyo exterior se reflejan varios elementos simb\u00f3licos del Libro en plata y lat\u00f3n en relieve.\">To protect the facsimile is accompanied by a case specially designed for this work, handmade, and in the exterior are reflected several symbolic elements of the Book in silver and brass in relief.<\/span><\/p>\n<p style=\"text-align: justify;\"><span title=\"En nuestra web ofrecemos una alternativa mucho m\u00e1s econ\u00f3mica a esta extraordinaria edici\u00f3n.\">In our website we offer a much more economical alternative to this extraordinary edition.<\/span><\/p>\n<p style=\"text-align: justify;\"><span title=\"El Libro de Kells (a veces conocido como el Libro de Columba) es un manuscrito de deslumbrante belleza que contiene los cuatro Evangelios junto con varios textos introductorios y tablas.\">The Book of Kells (sometimes known as the Book of Columba) is a manuscript of dazzling beauty containing the four Gospels along with various introductory texts and tables. <\/span><span title=\"Est\u00e1 considerado como el m\u00e1s preciado tesoro nacional de Irlanda, y generalmente se le considera como el m\u00e1s fino manuscrito iluminado que nos ha llegado de la Europa medieval.\">It is regarded as Ireland&#8217;s most treasured national treasure, and is generally regarded as the finest illuminated manuscript that has come to us from medieval Europe. <\/span><span title=\"Aunque hist\u00f3ricamente es un c\u00f3dice muy importante;\">Although historically it is a very important codex; <\/span><span title=\"sin embargo, no es un manuscrito excesivamente iluminado, tiene pocas p\u00e1ginas miniadas a tama\u00f1o completo pero s\u00ed muchas capitulares y letras tanto al inicio de la l\u00ednea como en la misma.\">However, it is not an overly illuminated manuscript, it has few full-size mini-pages but many capitular letters and letters both at the beginning of the line and in it.<\/span><\/p>\n<p style=\"text-align: justify;\"><span title=\"El Libro de Kells fue creado por monjes celtas sobre el a\u00f1o 800 o ligeramente anterior y nunca fue terminado.\">The Book of Kells was created by Celtic monks about 800 or slightly earlier and was never completed. <\/span><span title=\"El texto de los Evangelios se extrae en gran parte de la Vulgata, aunque tambi\u00e9n incluye algunos pasajes extra\u00eddos de las versiones anteriores de la Biblia conocida como la Vetus Latina.\">The text of the Gospels is drawn largely from the Vulgate, although it also includes some passages extracted from previous versions of the Bible known as the Vetus Latina. <\/span><span title=\"Es una obra maestra de la caligraf\u00eda occidental y representa el pin\u00e1culo de la iluminaci\u00f3n insular.\">It is a masterpiece of Western calligraphy and represents the pinnacle of island lighting. <\/span><span title=\"Las ilustraciones y ornamentos del Libro de Kells son mayores que las de otros libros por su extravagancia y complejidad.\">The illustrations and ornaments of the Book of Kells are greater than those of other books because of their extravagance and complexity. <\/span><span title=\"La decoraci\u00f3n combina la iconograf\u00eda cristiana tradicional adornada con los motivos t\u00edpicos de remolinos del arte insular.\">The decoration combines traditional Christian iconography adorned with the typical swirling motifs of the island art. <\/span><span title=\"Las figuras de humanos, animales y bestias m\u00edticas, junto con nudos celtas y patrones entrelazados en colores vibrantes, animan las p\u00e1ginas del manuscrito.\">The figures of humans, animals and mythical beasts, along with Celtic knots and patterns interlaced in vibrant colors, animate the pages of the manuscript. <\/span><span title=\"Muchos de estos elementos decorativos menores est\u00e1n impregnados de simbolismo cristiano.\">Many of these smaller decorative elements are impregnated with Christian symbolism.<\/span><\/p>\n<p style=\"text-align: justify;\"><span title=\"El manuscrito hoy comprende 340 folios y, desde 1953, se ha consolidado en cuatro vol\u00famenes.\">The manuscript today comprises 340 folios and, since 1953, has been consolidated into four volumes. <\/span><span title=\"Las hojas (actualmente son de 25,5 x 33 cm, ya que en el siglo XIX sufrieron un severo corte) son de pergamino de alta calidad (piel de vitela, becerro preparado), y la ornamentaci\u00f3n elaborada sin precedentes que los cubre incluye diez\">The leaves (currently 25.5 x 33 cm, since they were severely cut in the 19th century) are of high quality parchment (calf skin, calf ready), and the unprecedented elaborate ornamentation that covers them includes ten <\/span><span title=\"ilustraciones a toda p\u00e1gina y las p\u00e1ginas de texto con iniciales decoradas, trabajos de por lo menos tres diferentes escribas.\">Full-page illustrations and text pages with decorated initials, works by at least three different scribes. <\/span><span title=\"Las letras est\u00e1n en tinta ferrog\u00e1lica, y los colores utilizados se obtuvieron a partir de una amplia gama de sustancias, muchas de las cuales fueron importaciones procedentes de pa\u00edses lejanos.\">The letters are in ferrogallic ink, and the colors used were obtained from a wide range of substances, many of which were imports from distant countries. <\/span><span title=\"No obstante, en muchas hojas es evidente que el paso de m\u00e1s de 12 siglos ha dejado su huella en ellas.\">However, in many leaves it is evident that the passage of more than 12 centuries has left its mark on them.<\/span><\/p>\n<p style=\"text-align: justify;\"><span title=\"El manuscrito debe su nombre a la abad\u00eda de Kells que fue su casa durante siglos.\">The manuscript owes its name to the abbey of Kells which was its home for centuries. <\/span><span title=\"Hoy en d\u00eda est\u00e1 en exhibici\u00f3n permanente en la Biblioteca del Trinity College de Dubl\u00edn en la que, por lo general, se exponen dos de los cuatro vol\u00famenes actuales a la vez, uno que muestra una ilustraci\u00f3n principal y otro que muestra p\u00e1ginas con el t\u00edpico texto\">Today it is on permanent display at the Trinity College Library in Dublin, where two of the four volumes are currently displayed at one time, one showing a main illustration and one showing pages with the typical text <\/span><span title=\"de la obra.\">Of the work.<\/span><\/p>\n<p style=\"text-align: justify;\"><span title=\"\u00danico ejemplar disponible de esta gran edici\u00f3n facs\u00edmile y en perfecto estado.\">Only available copy of this great facsimile edition and in perfect condition.<\/span><\/p>\n<p style=\"text-align: justify;\"><span title=\"Gastos de env\u00edo por cuenta del comprador, seg\u00fan pedido y destino.\"><span class=\"HwtZe\" lang=\"en\"><span class=\"jCAhz ChMk0b\"><span class=\"ryNqvb\">Free shipping on this item<\/span><\/span><\/span>. <\/span><span title=\"Cons\u00faltenos sin compromiso cualquier duda, as\u00ed como por cualquier otro facs\u00edmile o art\u00edculo que est\u00e9 buscando.\"><a class=\"btn btn-default\" href=\"https:\/\/www.comprarmejor.es\/en\/contact\/\">Ask us<\/a> <span class=\"HwtZe\" lang=\"en\"><span class=\"jCAhz ChMk0b\"><span class=\"ryNqvb\">any questions, quoting the item reference.<\/span><\/span><\/span><br \/>\n<\/span><\/p>\n","protected":false},"excerpt":{"rendered":"<p style=\"text-align: justify;\"><span id=\"result_box\" lang=\"en\" xml:lang=\"en\"><span class=\"HwtZe\" lang=\"en\"><span class=\"jCAhz ChMk0b\"><span class=\"ryNqvb\">A copy of the highly sought-after 1990 Swiss facsimile edition of the famous codex known as the Book of Kells.<\/span><\/span> <span class=\"jCAhz ChMk0b\"><span class=\"ryNqvb\">This edition has been out of print for a long time.<\/span><\/span><\/span><br \/>\n<\/span><\/p>\n","protected":false},"featured_media":104855,"template":"","meta":[],"product_brand":[],"product_cat":[2250],"product_tag":[4289,4296],"class_list":{"0":"post-54207","1":"product","2":"type-product","3":"status-publish","4":"has-post-thumbnail","6":"product_cat-other-facsimiles","7":"product_tag-kells-en-2","8":"product_tag-verlag-en","9":"description-off","11":"first","12":"instock","13":"sale","14":"taxable","15":"shipping-taxable","16":"purchasable","17":"product-type-simple"},"yoast_head":"<!-- This site is optimized with the Yoast SEO plugin v27.3 - https:\/\/yoast.com\/product\/yoast-seo-wordpress\/ -->\n<title>The Book of Kells, Treasure of Ireland. 1990 Swiss Facsimile<\/title>\n<meta name=\"description\" content=\"A copy of the highly sought-after 1990 Swiss facsimile edition of the famous codex known as the Book of Kells. This edition has been out of print for a long\" \/>\n<meta name=\"robots\" content=\"index, follow, max-snippet:-1, max-image-preview:large, max-video-preview:-1\" \/>\n<link rel=\"canonical\" href=\"https:\/\/www.comprarmejor.es\/en\/product\/the-book-of-kells-treasure-of-ireland-1990-swiss-facsimile\/\" \/>\n<meta property=\"og:locale\" content=\"en_US\" \/>\n<meta property=\"og:type\" content=\"article\" \/>\n<meta property=\"og:title\" content=\"The Book of Kells, Treasure of Ireland. 1990 Swiss Facsimile\" \/>\n<meta property=\"og:description\" content=\"A copy of the highly sought-after 1990 Swiss facsimile edition of the famous codex known as the Book of Kells. This edition has been out of print for a long\" \/>\n<meta property=\"og:url\" content=\"https:\/\/www.comprarmejor.es\/en\/product\/the-book-of-kells-treasure-of-ireland-1990-swiss-facsimile\/\" \/>\n<meta property=\"og:site_name\" content=\"ComprarMejor\" \/>\n<meta property=\"article:modified_time\" content=\"2025-11-20T10:29:57+00:00\" \/>\n<meta property=\"og:image\" content=\"https:\/\/www.comprarmejor.es\/wp-content\/uploads\/2016\/12\/LK-7.jpg\" \/>\n\t<meta property=\"og:image:width\" content=\"563\" \/>\n\t<meta property=\"og:image:height\" content=\"750\" \/>\n\t<meta property=\"og:image:type\" content=\"image\/jpeg\" \/>\n<meta name=\"twitter:card\" content=\"summary_large_image\" \/>\n<meta name=\"twitter:label1\" content=\"Est. reading time\" \/>\n\t<meta name=\"twitter:data1\" content=\"4 minutes\" \/>\n<script type=\"application\/ld+json\" class=\"yoast-schema-graph\">{\"@context\":\"https:\\\/\\\/schema.org\",\"@graph\":[{\"@type\":\"WebPage\",\"@id\":\"https:\\\/\\\/www.comprarmejor.es\\\/en\\\/product\\\/the-book-of-kells-treasure-of-ireland-1990-swiss-facsimile\\\/\",\"url\":\"https:\\\/\\\/www.comprarmejor.es\\\/en\\\/product\\\/the-book-of-kells-treasure-of-ireland-1990-swiss-facsimile\\\/\",\"name\":\"The Book of Kells, Treasure of Ireland. 1990 Swiss Facsimile\",\"isPartOf\":{\"@id\":\"https:\\\/\\\/www.comprarmejor.es\\\/en\\\/#website\"},\"primaryImageOfPage\":{\"@id\":\"https:\\\/\\\/www.comprarmejor.es\\\/en\\\/product\\\/the-book-of-kells-treasure-of-ireland-1990-swiss-facsimile\\\/#primaryimage\"},\"image\":{\"@id\":\"https:\\\/\\\/www.comprarmejor.es\\\/en\\\/product\\\/the-book-of-kells-treasure-of-ireland-1990-swiss-facsimile\\\/#primaryimage\"},\"thumbnailUrl\":\"https:\\\/\\\/www.comprarmejor.es\\\/wp-content\\\/uploads\\\/2016\\\/12\\\/LK-7.jpg\",\"datePublished\":\"2016-12-23T09:32:09+00:00\",\"dateModified\":\"2025-11-20T10:29:57+00:00\",\"description\":\"A copy of the highly sought-after 1990 Swiss facsimile edition of the famous codex known as the Book of Kells. This edition has been out of print for a long\",\"breadcrumb\":{\"@id\":\"https:\\\/\\\/www.comprarmejor.es\\\/en\\\/product\\\/the-book-of-kells-treasure-of-ireland-1990-swiss-facsimile\\\/#breadcrumb\"},\"inLanguage\":\"en-US\",\"potentialAction\":[{\"@type\":\"ReadAction\",\"target\":[\"https:\\\/\\\/www.comprarmejor.es\\\/en\\\/product\\\/the-book-of-kells-treasure-of-ireland-1990-swiss-facsimile\\\/\"]}]},{\"@type\":\"ImageObject\",\"inLanguage\":\"en-US\",\"@id\":\"https:\\\/\\\/www.comprarmejor.es\\\/en\\\/product\\\/the-book-of-kells-treasure-of-ireland-1990-swiss-facsimile\\\/#primaryimage\",\"url\":\"https:\\\/\\\/www.comprarmejor.es\\\/wp-content\\\/uploads\\\/2016\\\/12\\\/LK-7.jpg\",\"contentUrl\":\"https:\\\/\\\/www.comprarmejor.es\\\/wp-content\\\/uploads\\\/2016\\\/12\\\/LK-7.jpg\",\"width\":563,\"height\":750},{\"@type\":\"BreadcrumbList\",\"@id\":\"https:\\\/\\\/www.comprarmejor.es\\\/en\\\/product\\\/the-book-of-kells-treasure-of-ireland-1990-swiss-facsimile\\\/#breadcrumb\",\"itemListElement\":[{\"@type\":\"ListItem\",\"position\":1,\"name\":\"Portada\",\"item\":\"https:\\\/\\\/www.comprarmejor.es\\\/en\\\/\"},{\"@type\":\"ListItem\",\"position\":2,\"name\":\"Shop\",\"item\":\"https:\\\/\\\/www.comprarmejor.es\\\/en\\\/shop\\\/\"},{\"@type\":\"ListItem\",\"position\":3,\"name\":\"The Book of Kells, Treasure of Ireland. 1990 Swiss Facsimile\"}]},{\"@type\":\"WebSite\",\"@id\":\"https:\\\/\\\/www.comprarmejor.es\\\/en\\\/#website\",\"url\":\"https:\\\/\\\/www.comprarmejor.es\\\/en\\\/\",\"name\":\"ComprarMejor\",\"description\":\"ComprarMejor\",\"publisher\":{\"@id\":\"https:\\\/\\\/www.comprarmejor.es\\\/en\\\/#organization\"},\"potentialAction\":[{\"@type\":\"SearchAction\",\"target\":{\"@type\":\"EntryPoint\",\"urlTemplate\":\"https:\\\/\\\/www.comprarmejor.es\\\/en\\\/?s={search_term_string}\"},\"query-input\":{\"@type\":\"PropertyValueSpecification\",\"valueRequired\":true,\"valueName\":\"search_term_string\"}}],\"inLanguage\":\"en-US\"},{\"@type\":\"Organization\",\"@id\":\"https:\\\/\\\/www.comprarmejor.es\\\/en\\\/#organization\",\"name\":\"COMPRAR MEJOR\",\"url\":\"https:\\\/\\\/www.comprarmejor.es\\\/en\\\/\",\"logo\":{\"@type\":\"ImageObject\",\"inLanguage\":\"en-US\",\"@id\":\"https:\\\/\\\/www.comprarmejor.es\\\/en\\\/#\\\/schema\\\/logo\\\/image\\\/\",\"url\":\"https:\\\/\\\/www.comprarmejor.es\\\/wp-content\\\/uploads\\\/2025\\\/09\\\/comprarmejortrinidad.jpg\",\"contentUrl\":\"https:\\\/\\\/www.comprarmejor.es\\\/wp-content\\\/uploads\\\/2025\\\/09\\\/comprarmejortrinidad.jpg\",\"width\":1022,\"height\":1380,\"caption\":\"COMPRAR MEJOR\"},\"image\":{\"@id\":\"https:\\\/\\\/www.comprarmejor.es\\\/en\\\/#\\\/schema\\\/logo\\\/image\\\/\"},\"sameAs\":[\"https:\\\/\\\/www.instagram.com\\\/amigosdelcodice\"]}]}<\/script>\n<!-- \/ Yoast SEO plugin. -->","yoast_head_json":{"title":"The Book of Kells, Treasure of Ireland. 1990 Swiss Facsimile","description":"A copy of the highly sought-after 1990 Swiss facsimile edition of the famous codex known as the Book of Kells. This edition has been out of print for a long","robots":{"index":"index","follow":"follow","max-snippet":"max-snippet:-1","max-image-preview":"max-image-preview:large","max-video-preview":"max-video-preview:-1"},"canonical":"https:\/\/www.comprarmejor.es\/en\/product\/the-book-of-kells-treasure-of-ireland-1990-swiss-facsimile\/","og_locale":"en_US","og_type":"article","og_title":"The Book of Kells, Treasure of Ireland. 1990 Swiss Facsimile","og_description":"A copy of the highly sought-after 1990 Swiss facsimile edition of the famous codex known as the Book of Kells. This edition has been out of print for a long","og_url":"https:\/\/www.comprarmejor.es\/en\/product\/the-book-of-kells-treasure-of-ireland-1990-swiss-facsimile\/","og_site_name":"ComprarMejor","article_modified_time":"2025-11-20T10:29:57+00:00","og_image":[{"width":563,"height":750,"url":"https:\/\/www.comprarmejor.es\/wp-content\/uploads\/2016\/12\/LK-7.jpg","type":"image\/jpeg"}],"twitter_card":"summary_large_image","twitter_misc":{"Est. reading time":"4 minutes"},"schema":{"@context":"https:\/\/schema.org","@graph":[{"@type":"WebPage","@id":"https:\/\/www.comprarmejor.es\/en\/product\/the-book-of-kells-treasure-of-ireland-1990-swiss-facsimile\/","url":"https:\/\/www.comprarmejor.es\/en\/product\/the-book-of-kells-treasure-of-ireland-1990-swiss-facsimile\/","name":"The Book of Kells, Treasure of Ireland. 1990 Swiss Facsimile","isPartOf":{"@id":"https:\/\/www.comprarmejor.es\/en\/#website"},"primaryImageOfPage":{"@id":"https:\/\/www.comprarmejor.es\/en\/product\/the-book-of-kells-treasure-of-ireland-1990-swiss-facsimile\/#primaryimage"},"image":{"@id":"https:\/\/www.comprarmejor.es\/en\/product\/the-book-of-kells-treasure-of-ireland-1990-swiss-facsimile\/#primaryimage"},"thumbnailUrl":"https:\/\/www.comprarmejor.es\/wp-content\/uploads\/2016\/12\/LK-7.jpg","datePublished":"2016-12-23T09:32:09+00:00","dateModified":"2025-11-20T10:29:57+00:00","description":"A copy of the highly sought-after 1990 Swiss facsimile edition of the famous codex known as the Book of Kells. This edition has been out of print for a long","breadcrumb":{"@id":"https:\/\/www.comprarmejor.es\/en\/product\/the-book-of-kells-treasure-of-ireland-1990-swiss-facsimile\/#breadcrumb"},"inLanguage":"en-US","potentialAction":[{"@type":"ReadAction","target":["https:\/\/www.comprarmejor.es\/en\/product\/the-book-of-kells-treasure-of-ireland-1990-swiss-facsimile\/"]}]},{"@type":"ImageObject","inLanguage":"en-US","@id":"https:\/\/www.comprarmejor.es\/en\/product\/the-book-of-kells-treasure-of-ireland-1990-swiss-facsimile\/#primaryimage","url":"https:\/\/www.comprarmejor.es\/wp-content\/uploads\/2016\/12\/LK-7.jpg","contentUrl":"https:\/\/www.comprarmejor.es\/wp-content\/uploads\/2016\/12\/LK-7.jpg","width":563,"height":750},{"@type":"BreadcrumbList","@id":"https:\/\/www.comprarmejor.es\/en\/product\/the-book-of-kells-treasure-of-ireland-1990-swiss-facsimile\/#breadcrumb","itemListElement":[{"@type":"ListItem","position":1,"name":"Portada","item":"https:\/\/www.comprarmejor.es\/en\/"},{"@type":"ListItem","position":2,"name":"Shop","item":"https:\/\/www.comprarmejor.es\/en\/shop\/"},{"@type":"ListItem","position":3,"name":"The Book of Kells, Treasure of Ireland. 1990 Swiss Facsimile"}]},{"@type":"WebSite","@id":"https:\/\/www.comprarmejor.es\/en\/#website","url":"https:\/\/www.comprarmejor.es\/en\/","name":"ComprarMejor","description":"ComprarMejor","publisher":{"@id":"https:\/\/www.comprarmejor.es\/en\/#organization"},"potentialAction":[{"@type":"SearchAction","target":{"@type":"EntryPoint","urlTemplate":"https:\/\/www.comprarmejor.es\/en\/?s={search_term_string}"},"query-input":{"@type":"PropertyValueSpecification","valueRequired":true,"valueName":"search_term_string"}}],"inLanguage":"en-US"},{"@type":"Organization","@id":"https:\/\/www.comprarmejor.es\/en\/#organization","name":"COMPRAR MEJOR","url":"https:\/\/www.comprarmejor.es\/en\/","logo":{"@type":"ImageObject","inLanguage":"en-US","@id":"https:\/\/www.comprarmejor.es\/en\/#\/schema\/logo\/image\/","url":"https:\/\/www.comprarmejor.es\/wp-content\/uploads\/2025\/09\/comprarmejortrinidad.jpg","contentUrl":"https:\/\/www.comprarmejor.es\/wp-content\/uploads\/2025\/09\/comprarmejortrinidad.jpg","width":1022,"height":1380,"caption":"COMPRAR MEJOR"},"image":{"@id":"https:\/\/www.comprarmejor.es\/en\/#\/schema\/logo\/image\/"},"sameAs":["https:\/\/www.instagram.com\/amigosdelcodice"]}]}},"_links":{"self":[{"href":"https:\/\/www.comprarmejor.es\/en\/wp-json\/wp\/v2\/product\/54207","targetHints":{"allow":["GET"]}}],"collection":[{"href":"https:\/\/www.comprarmejor.es\/en\/wp-json\/wp\/v2\/product"}],"about":[{"href":"https:\/\/www.comprarmejor.es\/en\/wp-json\/wp\/v2\/types\/product"}],"wp:featuredmedia":[{"embeddable":true,"href":"https:\/\/www.comprarmejor.es\/en\/wp-json\/wp\/v2\/media\/104855"}],"wp:attachment":[{"href":"https:\/\/www.comprarmejor.es\/en\/wp-json\/wp\/v2\/media?parent=54207"}],"wp:term":[{"taxonomy":"product_brand","embeddable":true,"href":"https:\/\/www.comprarmejor.es\/en\/wp-json\/wp\/v2\/product_brand?post=54207"},{"taxonomy":"product_cat","embeddable":true,"href":"https:\/\/www.comprarmejor.es\/en\/wp-json\/wp\/v2\/product_cat?post=54207"},{"taxonomy":"product_tag","embeddable":true,"href":"https:\/\/www.comprarmejor.es\/en\/wp-json\/wp\/v2\/product_tag?post=54207"}],"curies":[{"name":"wp","href":"https:\/\/api.w.org\/{rel}","templated":true}]}}