{"id":54217,"date":"2016-12-25T13:15:41","date_gmt":"2016-12-25T12:15:41","guid":{"rendered":"https:\/\/www.comprarmejor.es\/producto\/psalter-of-st-albans-s-xii\/"},"modified":"2019-07-29T19:03:18","modified_gmt":"2019-07-29T17:03:18","slug":"psalter-of-st-albans-s-xii","status":"publish","type":"product","link":"https:\/\/www.comprarmejor.es\/en\/product\/psalter-of-st-albans-s-xii\/","title":{"rendered":"Psalter of St. Albans, s. XII"},"content":{"rendered":"<p style=\"text-align:justify;\"><span lang=\"en\" xml:lang=\"en\"><span title=\"Ejemplar del extraordinario facs\u00edmile alem\u00e1n realizado en 2007 del Salterio de San Albans, cuyo original, datado entre 1123 y 1135, se custodia en Hildesheim.\">Exemplary of the extraordinary German facsimile made in 2007 of the Psalter of St. Albans, whose original, dated between 1123 and 1135, is guarded in Hildesheim. <\/span><span title=\"Gracias a esta edici\u00f3n facs\u00edmile, la obra vuelve a estar completa, ya que se encontraba separada en dos piezas.\">Thanks to this facsimile edition, the work is again complete, since it was separated into two\u00a0<\/span><span title=\"Gastos de env\u00edo por cuenta del comprador, seg\u00fan pedido y destino.\"><span lang=\"en\" xml:lang=\"en\"><span title=\"Gracias a esta edici\u00f3n facs\u00edmile, la obra vuelve a estar completa, ya que se encontraba separada en dos piezas.\">pieces.<\/p>\n<p><\/span><span title=\"Edici\u00f3n limitada y numerada.\">Limited edition and numbered. <\/span><span title=\"Facs\u00edmile encuadernado en piel labrada formato 18,5 x 28 cm.\">Facsimile bound in 18.5 x 28 cm format. <\/span><span title=\"422 p\u00e1ginas.\">422 pages. <\/span><span title=\"2 cierres y cantos dorados.\">2 gold clasps and corners.<\/p>\n<p><\/span><span title=\"Tanto el facs\u00edmile como el libro estudio se entrega en un cofre-estuche realizado artesanalmente y con materiales nobles.\">Both the facsimile and the study book are delivered in a chest-case made by hand and with noble <\/span><\/span><span id=\"result_box\" lang=\"en\" xml:lang=\"en\"><span title=\"Tanto el facs\u00edmile como el libro estudio se entrega en un cofre-estuche realizado artesanalmente y con materiales nobles.\">materials.<\/p>\n<p><\/span><span title=\"La obra original tiene su origen en la Abad\u00eda de San Albano, Londres, de estilo rom\u00e1nico y escrita en lat\u00edn y franc\u00e9s.\">The original work has its origin in the Abbey of San Albano, London, Romanesque style and written in Latin and French. <\/span><span title=\"Tiene 46 con miniaturas a p\u00e1gina completa y 214 iniciales historiadas, todas ellas ricamente decoradas.\">It has 46 with thumbnails to full page and 214 initials historiados, all richly <\/span><\/span><span lang=\"en\" xml:lang=\"en\"><span title=\"Una obra tan especial, bella y ricamente elaborada, por lo general mantiene una historia especial.\"><span lang=\"en\" xml:lang=\"en\"><span title=\"Una obra tan especial, bella y ricamente elaborada, por lo general mantiene una historia especial.\"><span lang=\"en\" xml:lang=\"en\"><span title=\"Una obra tan especial, bella y ricamente elaborada, por lo general mantiene una historia especial.\"><span lang=\"en\" xml:lang=\"en\"><span title=\"Tiene 46 con miniaturas a p\u00e1gina completa y 214 iniciales historiadas, todas ellas ricamente decoradas.\">decorated.<\/p>\n<p><\/span><span title=\"El Salterio de San Albans es uno de los ejemplares m\u00e1s destacados e indiscutibles de la iluminaci\u00f3n rom\u00e1nica inglesa.\">The <\/span><span title=\"La obra contiene la parte principal de los Salmos m\u00e1s populares del Rey David y adem\u00e1s un calendario lit\u00fargico, oraciones, cantos y otros textos inusuales.\">work contains the main part of the most popular Psalms of King David and also a liturgical calendar, prayers, songs and other unusual texts. <\/span><span title=\"Fue creado a principios del siglo XII por encargo del Abad Geoffrey de Gorham para Cristina de Markyate.\">It was created at the beginning of century XII by order of the Abbot Geoffrey de Gorham for Cristina de Markyate.<\/p>\n<p><\/span><span title=\"Una obra tan especial, bella y ricamente elaborada, por lo general mantiene una historia especial.\">A<\/span><\/span><\/span><\/span><\/span><\/span> work so special, beautiful and richly elaborated, usually maintains a special history. <\/span><span title=\"El Salterio Albans cuenta la historia de una amistad entre el Abad Geoffrey de Gorham (1119-1149), de la Abad\u00eda inglesa de San Albano, y la reclusa Cristina de Markyate (alrededor de 1096-1155).\">The Salterio Albans tells the story of a friendship between Abbot Geoffrey of Gorham (1119-1149), the English Abbey of St. Albano, and the recluse Cristina de Markyate (circa 1096-1155). <\/span><span title=\"\u00c9sta, viniendo de una familia rica, huy\u00f3 de su uni\u00f3n dispuesta en la zona de Markyate, donde se retir\u00f3 a una ermita.\">This one, coming from a rich family, fled of its union arranged in the zone of Markyate, where retired to a hermitage. <\/span><span title=\"All\u00ed estaba ella con Geoffrey de Gorham, conocido abad de la abad\u00eda, bajo cuya protecci\u00f3n estaba la ermita.\">There she was with Geoffrey of Gorham, well-known abbot of the abbey, under whose protection was the hermitage. <\/span><span title=\"Ellos influyeron mutuamente en gran medida en su espiritualidad y la personalidad y desarrollaron una estrecha relaci\u00f3n de amistad que dio lugar a la especulaci\u00f3n salvaje.\">They influenced each other greatly in their spirituality and personality and developed a close friendship relationship that led to wild speculation.<\/p>\n<p><\/span><span title=\"Adem\u00e1s de los Salmos del Rey David, el magn\u00edfico manuscrito incluye un calendario lit\u00fargico, 40 miniaturas a p\u00e1gina entera sobre la vida de Cristo, la vieja canci\u00f3n francesa de Alexis y una carta al Papa Gregorio Magno, as\u00ed como una serie de im\u00e1genes de car\u00e1cter instructivo\">In addition to King David&#8217;s Psalms, the magnificent manuscript includes a liturgical calendar, 40 full-page miniatures on the life of Christ, Alexis&#8217;s old French song, and a letter to Pope Gregory the Great, as well as a series of instructive images <\/span><span title=\".\">.<\/p>\n<p><\/span><span title=\"Las im\u00e1genes bellamente art\u00edsticas y de alta calidad e incre\u00edblemente ricas hacen a este Salterio una obra \u00fanica.\">The beautifully artistic, high quality and incredibly rich images make this Psalter a unique work. <\/span><span title=\"Sus iluminaciones crean un flujo de im\u00e1genes en infinidad de colores y formas.\">Its illuminations create a flow of images in many colors and shapes. <\/span><span title=\"El dise\u00f1o ornamental de las escenas figurativas lo hacen a\u00fan m\u00e1s elaborado.\">The ornamental design of the figurative scenes make it even more elaborate. <\/span><span title=\"Estil\u00edsticamente la obra contiene influencias bizantinas y otonianas, que hacen que este magn\u00edfico manuscrito sea un ejemplo de la \u00e9poca rom\u00e1nica inglesa de la iluminaci\u00f3n de libros, que puede ser visto como una edad de oro en la producci\u00f3n insular de c\u00f3dices.\">Stylistically the work contains Byzantine and Otonian influences, which make this magnificent manuscript an example of the English Romance period of book lighting, which can be seen as a golden age in the insular production of codices. <\/span><span title=\"El iluminador principal de esta obra fue el Maestro Alexis y las iniciales vienen de la mano de tres diferentes iluminadores.\">The main illuminator of this work was Master Alexis and the initials come from the hand of three different illuminators.<\/p>\n<p><\/span><span title=\"Ejemplar en perfecto estado.\">Exemplary in perfect condition.<\/p>\n<p><\/span><span title=\"Gastos de env\u00edo por cuenta del comprador, seg\u00fan pedido y destino.\">Shipping<\/span><\/span> costs for the account of the buyer, according to order and destination.\u00a0<\/span><span title=\"Cons\u00faltenos sin compromiso cualquier duda, as\u00ed como por cualquier otro facs\u00edmile o art\u00edculo que est\u00e9 buscando.\"><a class=\"btn btn-default\" href=\"http:\/\/comprarmejor.es\/en\/contact\">Ask us<\/a> without any questions, as well as any other facsimile or article you are looking for.<\/span><\/span><\/p>\n","protected":false},"excerpt":{"rendered":"<p style=\"text-align:justify;\"><span id=\"result_box\" lang=\"en\" xml:lang=\"en\"><span title=\"Ejemplar del extraordinario facs\u00edmile alem\u00e1n realizado en 2007 del Salterio de San Albans, cuyo original, datado entre 1123 y 1135, se custodia en Hildesheim.\">Exemplary of the extraordinary German facsimile made in 2007 of the Psalter of St. Albans, whose original, dated between 1123 and 1135, is guarded in Hildesheim. <\/span><span title=\"Gracias a esta edici\u00f3n facs\u00edmile, la obra vuelve a estar completa, ya que se encontraba separada en dos piezas.\">Thanks to this facsimile edition, the work is again complete, since it was separated into two pieces.<\/span><\/span><\/p>\n","protected":false},"featured_media":54209,"template":"","meta":[],"product_brand":[],"product_cat":[2184,2250],"product_tag":[4294,2750],"class_list":{"0":"post-54217","1":"product","2":"type-product","3":"status-publish","4":"has-post-thumbnail","6":"product_cat-facsimiles-editions","7":"product_cat-other-facsimiles","8":"product_tag-muller-en","9":"product_tag-psalter-en","10":"product_shipping_class-from-11-to-15-kg","11":"description-off","13":"first","14":"instock","15":"taxable","16":"shipping-taxable","17":"purchasable","18":"product-type-simple"},"yoast_head":"<!-- This site is optimized with the Yoast SEO plugin v27.3 - https:\/\/yoast.com\/product\/yoast-seo-wordpress\/ -->\n<title>Psalter of St. Albans, s. XII<\/title>\n<meta name=\"description\" content=\"Exemplary of the extraordinary German facsimile made in 2007 of the Psalter of St. Albans, whose original, dated between 1123 and 1135, is guarded in Hildesheim\" \/>\n<meta name=\"robots\" content=\"index, follow, max-snippet:-1, max-image-preview:large, max-video-preview:-1\" \/>\n<link rel=\"canonical\" href=\"https:\/\/www.comprarmejor.es\/en\/product\/psalter-of-st-albans-s-xii\/\" \/>\n<meta property=\"og:locale\" content=\"en_US\" \/>\n<meta property=\"og:type\" content=\"article\" \/>\n<meta property=\"og:title\" content=\"Psalter of St. Albans, s. XII\" \/>\n<meta property=\"og:description\" content=\"Exemplary of the extraordinary German facsimile made in 2007 of the Psalter of St. Albans, whose original, dated between 1123 and 1135, is guarded in Hildesheim\" \/>\n<meta property=\"og:url\" content=\"https:\/\/www.comprarmejor.es\/en\/product\/psalter-of-st-albans-s-xii\/\" \/>\n<meta property=\"og:site_name\" content=\"ComprarMejor\" \/>\n<meta property=\"article:modified_time\" content=\"2019-07-29T17:03:18+00:00\" \/>\n<meta property=\"og:image\" content=\"https:\/\/www.comprarmejor.es\/wp-content\/uploads\/2016\/12\/p_6_7_8_6_6786-Salterio-de-San-Albans-s.-XII.jpg\" \/>\n\t<meta property=\"og:image:width\" content=\"599\" \/>\n\t<meta property=\"og:image:height\" content=\"351\" \/>\n\t<meta property=\"og:image:type\" content=\"image\/jpeg\" \/>\n<meta name=\"twitter:card\" content=\"summary_large_image\" \/>\n<meta name=\"twitter:label1\" content=\"Est. reading time\" \/>\n\t<meta name=\"twitter:data1\" content=\"2 minutes\" \/>\n<script type=\"application\/ld+json\" class=\"yoast-schema-graph\">{\"@context\":\"https:\\\/\\\/schema.org\",\"@graph\":[{\"@type\":\"WebPage\",\"@id\":\"https:\\\/\\\/www.comprarmejor.es\\\/en\\\/product\\\/psalter-of-st-albans-s-xii\\\/\",\"url\":\"https:\\\/\\\/www.comprarmejor.es\\\/en\\\/product\\\/psalter-of-st-albans-s-xii\\\/\",\"name\":\"Psalter of St. Albans, s. XII\",\"isPartOf\":{\"@id\":\"https:\\\/\\\/www.comprarmejor.es\\\/en\\\/#website\"},\"primaryImageOfPage\":{\"@id\":\"https:\\\/\\\/www.comprarmejor.es\\\/en\\\/product\\\/psalter-of-st-albans-s-xii\\\/#primaryimage\"},\"image\":{\"@id\":\"https:\\\/\\\/www.comprarmejor.es\\\/en\\\/product\\\/psalter-of-st-albans-s-xii\\\/#primaryimage\"},\"thumbnailUrl\":\"https:\\\/\\\/www.comprarmejor.es\\\/wp-content\\\/uploads\\\/2016\\\/12\\\/p_6_7_8_6_6786-Salterio-de-San-Albans-s.-XII.jpg\",\"datePublished\":\"2016-12-25T12:15:41+00:00\",\"dateModified\":\"2019-07-29T17:03:18+00:00\",\"description\":\"Exemplary of the extraordinary German facsimile made in 2007 of the Psalter of St. Albans, whose original, dated between 1123 and 1135, is guarded in Hildesheim\",\"breadcrumb\":{\"@id\":\"https:\\\/\\\/www.comprarmejor.es\\\/en\\\/product\\\/psalter-of-st-albans-s-xii\\\/#breadcrumb\"},\"inLanguage\":\"en-US\",\"potentialAction\":[{\"@type\":\"ReadAction\",\"target\":[\"https:\\\/\\\/www.comprarmejor.es\\\/en\\\/product\\\/psalter-of-st-albans-s-xii\\\/\"]}]},{\"@type\":\"ImageObject\",\"inLanguage\":\"en-US\",\"@id\":\"https:\\\/\\\/www.comprarmejor.es\\\/en\\\/product\\\/psalter-of-st-albans-s-xii\\\/#primaryimage\",\"url\":\"https:\\\/\\\/www.comprarmejor.es\\\/wp-content\\\/uploads\\\/2016\\\/12\\\/p_6_7_8_6_6786-Salterio-de-San-Albans-s.-XII.jpg\",\"contentUrl\":\"https:\\\/\\\/www.comprarmejor.es\\\/wp-content\\\/uploads\\\/2016\\\/12\\\/p_6_7_8_6_6786-Salterio-de-San-Albans-s.-XII.jpg\",\"width\":599,\"height\":351},{\"@type\":\"BreadcrumbList\",\"@id\":\"https:\\\/\\\/www.comprarmejor.es\\\/en\\\/product\\\/psalter-of-st-albans-s-xii\\\/#breadcrumb\",\"itemListElement\":[{\"@type\":\"ListItem\",\"position\":1,\"name\":\"Portada\",\"item\":\"https:\\\/\\\/www.comprarmejor.es\\\/en\\\/\"},{\"@type\":\"ListItem\",\"position\":2,\"name\":\"Shop\",\"item\":\"https:\\\/\\\/www.comprarmejor.es\\\/en\\\/shop\\\/\"},{\"@type\":\"ListItem\",\"position\":3,\"name\":\"Psalter of St. Albans, s. XII\"}]},{\"@type\":\"WebSite\",\"@id\":\"https:\\\/\\\/www.comprarmejor.es\\\/en\\\/#website\",\"url\":\"https:\\\/\\\/www.comprarmejor.es\\\/en\\\/\",\"name\":\"ComprarMejor\",\"description\":\"ComprarMejor\",\"publisher\":{\"@id\":\"https:\\\/\\\/www.comprarmejor.es\\\/en\\\/#organization\"},\"potentialAction\":[{\"@type\":\"SearchAction\",\"target\":{\"@type\":\"EntryPoint\",\"urlTemplate\":\"https:\\\/\\\/www.comprarmejor.es\\\/en\\\/?s={search_term_string}\"},\"query-input\":{\"@type\":\"PropertyValueSpecification\",\"valueRequired\":true,\"valueName\":\"search_term_string\"}}],\"inLanguage\":\"en-US\"},{\"@type\":\"Organization\",\"@id\":\"https:\\\/\\\/www.comprarmejor.es\\\/en\\\/#organization\",\"name\":\"COMPRAR MEJOR\",\"url\":\"https:\\\/\\\/www.comprarmejor.es\\\/en\\\/\",\"logo\":{\"@type\":\"ImageObject\",\"inLanguage\":\"en-US\",\"@id\":\"https:\\\/\\\/www.comprarmejor.es\\\/en\\\/#\\\/schema\\\/logo\\\/image\\\/\",\"url\":\"https:\\\/\\\/www.comprarmejor.es\\\/wp-content\\\/uploads\\\/2025\\\/09\\\/comprarmejortrinidad.jpg\",\"contentUrl\":\"https:\\\/\\\/www.comprarmejor.es\\\/wp-content\\\/uploads\\\/2025\\\/09\\\/comprarmejortrinidad.jpg\",\"width\":1022,\"height\":1380,\"caption\":\"COMPRAR MEJOR\"},\"image\":{\"@id\":\"https:\\\/\\\/www.comprarmejor.es\\\/en\\\/#\\\/schema\\\/logo\\\/image\\\/\"},\"sameAs\":[\"https:\\\/\\\/www.instagram.com\\\/amigosdelcodice\"]}]}<\/script>\n<!-- \/ Yoast SEO plugin. -->","yoast_head_json":{"title":"Psalter of St. Albans, s. XII","description":"Exemplary of the extraordinary German facsimile made in 2007 of the Psalter of St. Albans, whose original, dated between 1123 and 1135, is guarded in Hildesheim","robots":{"index":"index","follow":"follow","max-snippet":"max-snippet:-1","max-image-preview":"max-image-preview:large","max-video-preview":"max-video-preview:-1"},"canonical":"https:\/\/www.comprarmejor.es\/en\/product\/psalter-of-st-albans-s-xii\/","og_locale":"en_US","og_type":"article","og_title":"Psalter of St. Albans, s. XII","og_description":"Exemplary of the extraordinary German facsimile made in 2007 of the Psalter of St. Albans, whose original, dated between 1123 and 1135, is guarded in Hildesheim","og_url":"https:\/\/www.comprarmejor.es\/en\/product\/psalter-of-st-albans-s-xii\/","og_site_name":"ComprarMejor","article_modified_time":"2019-07-29T17:03:18+00:00","og_image":[{"width":599,"height":351,"url":"https:\/\/www.comprarmejor.es\/wp-content\/uploads\/2016\/12\/p_6_7_8_6_6786-Salterio-de-San-Albans-s.-XII.jpg","type":"image\/jpeg"}],"twitter_card":"summary_large_image","twitter_misc":{"Est. reading time":"2 minutes"},"schema":{"@context":"https:\/\/schema.org","@graph":[{"@type":"WebPage","@id":"https:\/\/www.comprarmejor.es\/en\/product\/psalter-of-st-albans-s-xii\/","url":"https:\/\/www.comprarmejor.es\/en\/product\/psalter-of-st-albans-s-xii\/","name":"Psalter of St. Albans, s. XII","isPartOf":{"@id":"https:\/\/www.comprarmejor.es\/en\/#website"},"primaryImageOfPage":{"@id":"https:\/\/www.comprarmejor.es\/en\/product\/psalter-of-st-albans-s-xii\/#primaryimage"},"image":{"@id":"https:\/\/www.comprarmejor.es\/en\/product\/psalter-of-st-albans-s-xii\/#primaryimage"},"thumbnailUrl":"https:\/\/www.comprarmejor.es\/wp-content\/uploads\/2016\/12\/p_6_7_8_6_6786-Salterio-de-San-Albans-s.-XII.jpg","datePublished":"2016-12-25T12:15:41+00:00","dateModified":"2019-07-29T17:03:18+00:00","description":"Exemplary of the extraordinary German facsimile made in 2007 of the Psalter of St. Albans, whose original, dated between 1123 and 1135, is guarded in Hildesheim","breadcrumb":{"@id":"https:\/\/www.comprarmejor.es\/en\/product\/psalter-of-st-albans-s-xii\/#breadcrumb"},"inLanguage":"en-US","potentialAction":[{"@type":"ReadAction","target":["https:\/\/www.comprarmejor.es\/en\/product\/psalter-of-st-albans-s-xii\/"]}]},{"@type":"ImageObject","inLanguage":"en-US","@id":"https:\/\/www.comprarmejor.es\/en\/product\/psalter-of-st-albans-s-xii\/#primaryimage","url":"https:\/\/www.comprarmejor.es\/wp-content\/uploads\/2016\/12\/p_6_7_8_6_6786-Salterio-de-San-Albans-s.-XII.jpg","contentUrl":"https:\/\/www.comprarmejor.es\/wp-content\/uploads\/2016\/12\/p_6_7_8_6_6786-Salterio-de-San-Albans-s.-XII.jpg","width":599,"height":351},{"@type":"BreadcrumbList","@id":"https:\/\/www.comprarmejor.es\/en\/product\/psalter-of-st-albans-s-xii\/#breadcrumb","itemListElement":[{"@type":"ListItem","position":1,"name":"Portada","item":"https:\/\/www.comprarmejor.es\/en\/"},{"@type":"ListItem","position":2,"name":"Shop","item":"https:\/\/www.comprarmejor.es\/en\/shop\/"},{"@type":"ListItem","position":3,"name":"Psalter of St. Albans, s. XII"}]},{"@type":"WebSite","@id":"https:\/\/www.comprarmejor.es\/en\/#website","url":"https:\/\/www.comprarmejor.es\/en\/","name":"ComprarMejor","description":"ComprarMejor","publisher":{"@id":"https:\/\/www.comprarmejor.es\/en\/#organization"},"potentialAction":[{"@type":"SearchAction","target":{"@type":"EntryPoint","urlTemplate":"https:\/\/www.comprarmejor.es\/en\/?s={search_term_string}"},"query-input":{"@type":"PropertyValueSpecification","valueRequired":true,"valueName":"search_term_string"}}],"inLanguage":"en-US"},{"@type":"Organization","@id":"https:\/\/www.comprarmejor.es\/en\/#organization","name":"COMPRAR MEJOR","url":"https:\/\/www.comprarmejor.es\/en\/","logo":{"@type":"ImageObject","inLanguage":"en-US","@id":"https:\/\/www.comprarmejor.es\/en\/#\/schema\/logo\/image\/","url":"https:\/\/www.comprarmejor.es\/wp-content\/uploads\/2025\/09\/comprarmejortrinidad.jpg","contentUrl":"https:\/\/www.comprarmejor.es\/wp-content\/uploads\/2025\/09\/comprarmejortrinidad.jpg","width":1022,"height":1380,"caption":"COMPRAR MEJOR"},"image":{"@id":"https:\/\/www.comprarmejor.es\/en\/#\/schema\/logo\/image\/"},"sameAs":["https:\/\/www.instagram.com\/amigosdelcodice"]}]}},"_links":{"self":[{"href":"https:\/\/www.comprarmejor.es\/en\/wp-json\/wp\/v2\/product\/54217","targetHints":{"allow":["GET"]}}],"collection":[{"href":"https:\/\/www.comprarmejor.es\/en\/wp-json\/wp\/v2\/product"}],"about":[{"href":"https:\/\/www.comprarmejor.es\/en\/wp-json\/wp\/v2\/types\/product"}],"wp:featuredmedia":[{"embeddable":true,"href":"https:\/\/www.comprarmejor.es\/en\/wp-json\/wp\/v2\/media\/54209"}],"wp:attachment":[{"href":"https:\/\/www.comprarmejor.es\/en\/wp-json\/wp\/v2\/media?parent=54217"}],"wp:term":[{"taxonomy":"product_brand","embeddable":true,"href":"https:\/\/www.comprarmejor.es\/en\/wp-json\/wp\/v2\/product_brand?post=54217"},{"taxonomy":"product_cat","embeddable":true,"href":"https:\/\/www.comprarmejor.es\/en\/wp-json\/wp\/v2\/product_cat?post=54217"},{"taxonomy":"product_tag","embeddable":true,"href":"https:\/\/www.comprarmejor.es\/en\/wp-json\/wp\/v2\/product_tag?post=54217"}],"curies":[{"name":"wp","href":"https:\/\/api.w.org\/{rel}","templated":true}]}}