{"id":54239,"date":"2016-12-29T23:49:10","date_gmt":"2016-12-29T22:49:10","guid":{"rendered":"https:\/\/www.comprarmejor.es\/producto\/book-of-hours-of-charles-v-coronation-s-xvi\/"},"modified":"2026-05-02T13:23:56","modified_gmt":"2026-05-02T11:23:56","slug":"book-of-hours-of-charles-v-coronation-s-xvi","status":"publish","type":"product","link":"https:\/\/www.comprarmejor.es\/en\/product\/book-of-hours-of-charles-v-coronation-s-xvi\/","title":{"rendered":"Book of Hours of Charles V (coronation), s. XVI"},"content":{"rendered":"<p style=\"text-align: justify;\"><span class=\"HwtZe\" lang=\"en\"><span class=\"jCAhz ChMk0b\"><span class=\"ryNqvb\">ARTICLE FOR INFORMATIONAL PURPOSES ONLY<\/span><\/span><\/span><\/p>\n<p style=\"text-align: justify;\"><span id=\"result_box\" lang=\"en\" xml:lang=\"en\"><span title=\"Libro de Horas del viaje de Carlos V para ser coronado Emperador.\">Book of Hours of the trip of Carlos V to be crowned Emperor. <\/span><span title=\"Entre las joyas manuscritas que se exponen en las vitrinas de la Biblioteca de El Escorial, figura con el n\u00famero 13 un libro de horas de Carlos V de una excepcional calidad, del siglo XVI, y del que ahora se ofrece en este art\u00edculo la maravillosa edici\u00f3n\">Among the handwritten jewels that are displayed in the windows of the Library of El Escorial, the number 13 contains a book of hours of Charles V of an exceptional quality, from the sixteenth century, and which is now offered in this article the wonderful edition <\/span><span title=\"facs\u00edmile que se realiz\u00f3 en 2003.\">Facsimile that took place in 2003.<\/span><\/span><\/p>\n<p style=\"text-align: justify;\"><span title=\"No se trata de uno m\u00e1s de los innumerables Libros de Horas que se confeccionaron en el oto\u00f1o de la Edad Media y el Renacimiento para satisfacer la devoci\u00f3n de los laicos, sino un libro expresamente redactado con motivo del viaje por mar que realiz\u00f3 el a\u00f1o 1520 Carlos\">It is not one of the innumerable Books of Hours that were made in the autumn of the Middle Ages and the Renaissance to satisfy the devotion of the laity, but a book expressly written on the occasion of the voyage by sea that made the year 1520 Carlos <\/span><span title=\"I de Espa\u00f1a y V de Alemania, desde Espa\u00f1a a Alemania para ser coronado Emperador.\">I of Spain and V of Germany, from Spain to Germany to be crowned Emperor.<\/span><\/p>\n<p style=\"text-align: justify;\"><span title=\"Edici\u00f3n facs\u00edmile limitada, numerada y certificada.\">Limited, numbered and certified facsimile edition. <\/span><span title=\"Facs\u00edmile encuadernado en piel de cabra marr\u00f3n, estampada en oro y negro por ambos lados.\">Facsimile bound in brown goat skin, printed in gold and black on both sides. <\/span><span title=\"Formato 19 x 28 cm.\">Format 19 x 28 cm. <\/span><span title=\"76 p\u00e1ginas.\">76 pages.<\/span><\/p>\n<p style=\"text-align: justify;\"><span title=\"Ejemplar en perfecto estado.\">Exemplary in perfect condition.<\/span><\/p>\n<p style=\"text-align: justify;\"><span title=\"Gastos de env\u00edo por cuenta del comprador, seg\u00fan pedido y destino.\">Retail Price: 1.773 \u20ac. <\/span><span title=\"Cons\u00faltenos sin compromiso cualquier duda, as\u00ed como por cualquier otro facs\u00edmile o art\u00edculo que est\u00e9 buscando.\"><a class=\"btn btn-default\" href=\"https:\/\/www.comprarmejor.es\/en\/contact\/\">Ask us<\/a> without any questions, as well as any other facsimile or article you are looking for.<\/span><\/p>\n","protected":false},"excerpt":{"rendered":"<p style=\"text-align: justify;\"><span id=\"result_box\" lang=\"en\" xml:lang=\"en\"><span title=\"Libro de Horas del viaje de Carlos V para ser coronado Emperador.\">Book of Hours of the trip of Carlos V to be crowned Emperor. <\/span><span title=\"Entre las joyas manuscritas que se exponen en las vitrinas de la Biblioteca de El Escorial, figura con el n\u00famero 13 un libro de horas de Carlos V de una excepcional calidad, del siglo XVI, y del que ahora se ofrece en este art\u00edculo la maravillosa edici\u00f3n\">Among the handwritten jewels that are displayed in the windows of the Library of El Escorial, the number 13 contains a book of hours of Charles V of an exceptional quality, from the sixteenth century, and which is now offered in this article the wonderful edition <\/span><span title=\"facs\u00edmile que se realiz\u00f3 en 2003.\">Facsimile that took place in 2003.<\/span><\/span><\/p>\n","protected":false},"featured_media":54233,"template":"","meta":[],"product_brand":[],"product_cat":[2226],"product_tag":[5138,3984,5122,3999],"class_list":{"0":"post-54239","1":"product","2":"type-product","3":"status-publish","4":"has-post-thumbnail","6":"product_cat-books-of-hours","7":"product_tag-carlos-en","8":"product_tag-escorial-en-2","9":"product_tag-hours-en","10":"product_tag-testimonio-en","11":"description-off","13":"first","14":"instock","15":"taxable","16":"shipping-taxable","17":"purchasable","18":"product-type-simple"},"yoast_head":"<!-- This site is optimized with the Yoast SEO plugin v27.3 - https:\/\/yoast.com\/product\/yoast-seo-wordpress\/ -->\n<title>Book of Hours of Charles V (coronation), s. XVI<\/title>\n<meta name=\"description\" content=\"Book of Hours of the trip of Carlos V to be crowned Emperor. Among the handwritten jewels that are displayed in the windows of the Library of El Escorial,\" \/>\n<meta name=\"robots\" content=\"index, follow, max-snippet:-1, max-image-preview:large, max-video-preview:-1\" \/>\n<link rel=\"canonical\" href=\"https:\/\/www.comprarmejor.es\/en\/product\/book-of-hours-of-charles-v-coronation-s-xvi\/\" \/>\n<meta property=\"og:locale\" content=\"en_US\" \/>\n<meta property=\"og:type\" content=\"article\" \/>\n<meta property=\"og:title\" content=\"Book of Hours of Charles V (coronation), s. XVI\" \/>\n<meta property=\"og:description\" content=\"Book of Hours of the trip of Carlos V to be crowned Emperor. Among the handwritten jewels that are displayed in the windows of the Library of El Escorial,\" \/>\n<meta property=\"og:url\" content=\"https:\/\/www.comprarmejor.es\/en\/product\/book-of-hours-of-charles-v-coronation-s-xvi\/\" \/>\n<meta property=\"og:site_name\" content=\"ComprarMejor\" \/>\n<meta property=\"article:modified_time\" content=\"2026-05-02T11:23:56+00:00\" \/>\n<meta property=\"og:image\" content=\"https:\/\/www.comprarmejor.es\/wp-content\/uploads\/2016\/12\/p_6_3_2_3_6323-Libro-de-Horas-de-Carlos-V-coronacion-s.-XVI.jpg\" \/>\n\t<meta property=\"og:image:width\" content=\"505\" \/>\n\t<meta property=\"og:image:height\" content=\"341\" \/>\n\t<meta property=\"og:image:type\" content=\"image\/jpeg\" \/>\n<meta name=\"twitter:card\" content=\"summary_large_image\" \/>\n<meta name=\"twitter:label1\" content=\"Est. reading time\" \/>\n\t<meta name=\"twitter:data1\" content=\"2 minutes\" \/>\n<script type=\"application\/ld+json\" class=\"yoast-schema-graph\">{\"@context\":\"https:\\\/\\\/schema.org\",\"@graph\":[{\"@type\":\"WebPage\",\"@id\":\"https:\\\/\\\/www.comprarmejor.es\\\/en\\\/product\\\/book-of-hours-of-charles-v-coronation-s-xvi\\\/\",\"url\":\"https:\\\/\\\/www.comprarmejor.es\\\/en\\\/product\\\/book-of-hours-of-charles-v-coronation-s-xvi\\\/\",\"name\":\"Book of Hours of Charles V (coronation), s. XVI\",\"isPartOf\":{\"@id\":\"https:\\\/\\\/www.comprarmejor.es\\\/en\\\/#website\"},\"primaryImageOfPage\":{\"@id\":\"https:\\\/\\\/www.comprarmejor.es\\\/en\\\/product\\\/book-of-hours-of-charles-v-coronation-s-xvi\\\/#primaryimage\"},\"image\":{\"@id\":\"https:\\\/\\\/www.comprarmejor.es\\\/en\\\/product\\\/book-of-hours-of-charles-v-coronation-s-xvi\\\/#primaryimage\"},\"thumbnailUrl\":\"https:\\\/\\\/www.comprarmejor.es\\\/wp-content\\\/uploads\\\/2016\\\/12\\\/p_6_3_2_3_6323-Libro-de-Horas-de-Carlos-V-coronacion-s.-XVI.jpg\",\"datePublished\":\"2016-12-29T22:49:10+00:00\",\"dateModified\":\"2026-05-02T11:23:56+00:00\",\"description\":\"Book of Hours of the trip of Carlos V to be crowned Emperor. Among the handwritten jewels that are displayed in the windows of the Library of El Escorial,\",\"breadcrumb\":{\"@id\":\"https:\\\/\\\/www.comprarmejor.es\\\/en\\\/product\\\/book-of-hours-of-charles-v-coronation-s-xvi\\\/#breadcrumb\"},\"inLanguage\":\"en-US\",\"potentialAction\":[{\"@type\":\"ReadAction\",\"target\":[\"https:\\\/\\\/www.comprarmejor.es\\\/en\\\/product\\\/book-of-hours-of-charles-v-coronation-s-xvi\\\/\"]}]},{\"@type\":\"ImageObject\",\"inLanguage\":\"en-US\",\"@id\":\"https:\\\/\\\/www.comprarmejor.es\\\/en\\\/product\\\/book-of-hours-of-charles-v-coronation-s-xvi\\\/#primaryimage\",\"url\":\"https:\\\/\\\/www.comprarmejor.es\\\/wp-content\\\/uploads\\\/2016\\\/12\\\/p_6_3_2_3_6323-Libro-de-Horas-de-Carlos-V-coronacion-s.-XVI.jpg\",\"contentUrl\":\"https:\\\/\\\/www.comprarmejor.es\\\/wp-content\\\/uploads\\\/2016\\\/12\\\/p_6_3_2_3_6323-Libro-de-Horas-de-Carlos-V-coronacion-s.-XVI.jpg\",\"width\":505,\"height\":341},{\"@type\":\"BreadcrumbList\",\"@id\":\"https:\\\/\\\/www.comprarmejor.es\\\/en\\\/product\\\/book-of-hours-of-charles-v-coronation-s-xvi\\\/#breadcrumb\",\"itemListElement\":[{\"@type\":\"ListItem\",\"position\":1,\"name\":\"Portada\",\"item\":\"https:\\\/\\\/www.comprarmejor.es\\\/en\\\/\"},{\"@type\":\"ListItem\",\"position\":2,\"name\":\"Shop\",\"item\":\"https:\\\/\\\/www.comprarmejor.es\\\/en\\\/shop\\\/\"},{\"@type\":\"ListItem\",\"position\":3,\"name\":\"Book of Hours of Charles V (coronation), s. XVI\"}]},{\"@type\":\"WebSite\",\"@id\":\"https:\\\/\\\/www.comprarmejor.es\\\/en\\\/#website\",\"url\":\"https:\\\/\\\/www.comprarmejor.es\\\/en\\\/\",\"name\":\"ComprarMejor\",\"description\":\"ComprarMejor\",\"publisher\":{\"@id\":\"https:\\\/\\\/www.comprarmejor.es\\\/en\\\/#organization\"},\"potentialAction\":[{\"@type\":\"SearchAction\",\"target\":{\"@type\":\"EntryPoint\",\"urlTemplate\":\"https:\\\/\\\/www.comprarmejor.es\\\/en\\\/?s={search_term_string}\"},\"query-input\":{\"@type\":\"PropertyValueSpecification\",\"valueRequired\":true,\"valueName\":\"search_term_string\"}}],\"inLanguage\":\"en-US\"},{\"@type\":\"Organization\",\"@id\":\"https:\\\/\\\/www.comprarmejor.es\\\/en\\\/#organization\",\"name\":\"COMPRAR MEJOR\",\"url\":\"https:\\\/\\\/www.comprarmejor.es\\\/en\\\/\",\"logo\":{\"@type\":\"ImageObject\",\"inLanguage\":\"en-US\",\"@id\":\"https:\\\/\\\/www.comprarmejor.es\\\/en\\\/#\\\/schema\\\/logo\\\/image\\\/\",\"url\":\"https:\\\/\\\/www.comprarmejor.es\\\/wp-content\\\/uploads\\\/2025\\\/09\\\/comprarmejortrinidad.jpg\",\"contentUrl\":\"https:\\\/\\\/www.comprarmejor.es\\\/wp-content\\\/uploads\\\/2025\\\/09\\\/comprarmejortrinidad.jpg\",\"width\":1022,\"height\":1380,\"caption\":\"COMPRAR MEJOR\"},\"image\":{\"@id\":\"https:\\\/\\\/www.comprarmejor.es\\\/en\\\/#\\\/schema\\\/logo\\\/image\\\/\"},\"sameAs\":[\"https:\\\/\\\/www.instagram.com\\\/amigosdelcodice\"]}]}<\/script>\n<!-- \/ Yoast SEO plugin. -->","yoast_head_json":{"title":"Book of Hours of Charles V (coronation), s. XVI","description":"Book of Hours of the trip of Carlos V to be crowned Emperor. Among the handwritten jewels that are displayed in the windows of the Library of El Escorial,","robots":{"index":"index","follow":"follow","max-snippet":"max-snippet:-1","max-image-preview":"max-image-preview:large","max-video-preview":"max-video-preview:-1"},"canonical":"https:\/\/www.comprarmejor.es\/en\/product\/book-of-hours-of-charles-v-coronation-s-xvi\/","og_locale":"en_US","og_type":"article","og_title":"Book of Hours of Charles V (coronation), s. XVI","og_description":"Book of Hours of the trip of Carlos V to be crowned Emperor. Among the handwritten jewels that are displayed in the windows of the Library of El Escorial,","og_url":"https:\/\/www.comprarmejor.es\/en\/product\/book-of-hours-of-charles-v-coronation-s-xvi\/","og_site_name":"ComprarMejor","article_modified_time":"2026-05-02T11:23:56+00:00","og_image":[{"width":505,"height":341,"url":"https:\/\/www.comprarmejor.es\/wp-content\/uploads\/2016\/12\/p_6_3_2_3_6323-Libro-de-Horas-de-Carlos-V-coronacion-s.-XVI.jpg","type":"image\/jpeg"}],"twitter_card":"summary_large_image","twitter_misc":{"Est. reading time":"2 minutes"},"schema":{"@context":"https:\/\/schema.org","@graph":[{"@type":"WebPage","@id":"https:\/\/www.comprarmejor.es\/en\/product\/book-of-hours-of-charles-v-coronation-s-xvi\/","url":"https:\/\/www.comprarmejor.es\/en\/product\/book-of-hours-of-charles-v-coronation-s-xvi\/","name":"Book of Hours of Charles V (coronation), s. XVI","isPartOf":{"@id":"https:\/\/www.comprarmejor.es\/en\/#website"},"primaryImageOfPage":{"@id":"https:\/\/www.comprarmejor.es\/en\/product\/book-of-hours-of-charles-v-coronation-s-xvi\/#primaryimage"},"image":{"@id":"https:\/\/www.comprarmejor.es\/en\/product\/book-of-hours-of-charles-v-coronation-s-xvi\/#primaryimage"},"thumbnailUrl":"https:\/\/www.comprarmejor.es\/wp-content\/uploads\/2016\/12\/p_6_3_2_3_6323-Libro-de-Horas-de-Carlos-V-coronacion-s.-XVI.jpg","datePublished":"2016-12-29T22:49:10+00:00","dateModified":"2026-05-02T11:23:56+00:00","description":"Book of Hours of the trip of Carlos V to be crowned Emperor. Among the handwritten jewels that are displayed in the windows of the Library of El Escorial,","breadcrumb":{"@id":"https:\/\/www.comprarmejor.es\/en\/product\/book-of-hours-of-charles-v-coronation-s-xvi\/#breadcrumb"},"inLanguage":"en-US","potentialAction":[{"@type":"ReadAction","target":["https:\/\/www.comprarmejor.es\/en\/product\/book-of-hours-of-charles-v-coronation-s-xvi\/"]}]},{"@type":"ImageObject","inLanguage":"en-US","@id":"https:\/\/www.comprarmejor.es\/en\/product\/book-of-hours-of-charles-v-coronation-s-xvi\/#primaryimage","url":"https:\/\/www.comprarmejor.es\/wp-content\/uploads\/2016\/12\/p_6_3_2_3_6323-Libro-de-Horas-de-Carlos-V-coronacion-s.-XVI.jpg","contentUrl":"https:\/\/www.comprarmejor.es\/wp-content\/uploads\/2016\/12\/p_6_3_2_3_6323-Libro-de-Horas-de-Carlos-V-coronacion-s.-XVI.jpg","width":505,"height":341},{"@type":"BreadcrumbList","@id":"https:\/\/www.comprarmejor.es\/en\/product\/book-of-hours-of-charles-v-coronation-s-xvi\/#breadcrumb","itemListElement":[{"@type":"ListItem","position":1,"name":"Portada","item":"https:\/\/www.comprarmejor.es\/en\/"},{"@type":"ListItem","position":2,"name":"Shop","item":"https:\/\/www.comprarmejor.es\/en\/shop\/"},{"@type":"ListItem","position":3,"name":"Book of Hours of Charles V (coronation), s. XVI"}]},{"@type":"WebSite","@id":"https:\/\/www.comprarmejor.es\/en\/#website","url":"https:\/\/www.comprarmejor.es\/en\/","name":"ComprarMejor","description":"ComprarMejor","publisher":{"@id":"https:\/\/www.comprarmejor.es\/en\/#organization"},"potentialAction":[{"@type":"SearchAction","target":{"@type":"EntryPoint","urlTemplate":"https:\/\/www.comprarmejor.es\/en\/?s={search_term_string}"},"query-input":{"@type":"PropertyValueSpecification","valueRequired":true,"valueName":"search_term_string"}}],"inLanguage":"en-US"},{"@type":"Organization","@id":"https:\/\/www.comprarmejor.es\/en\/#organization","name":"COMPRAR MEJOR","url":"https:\/\/www.comprarmejor.es\/en\/","logo":{"@type":"ImageObject","inLanguage":"en-US","@id":"https:\/\/www.comprarmejor.es\/en\/#\/schema\/logo\/image\/","url":"https:\/\/www.comprarmejor.es\/wp-content\/uploads\/2025\/09\/comprarmejortrinidad.jpg","contentUrl":"https:\/\/www.comprarmejor.es\/wp-content\/uploads\/2025\/09\/comprarmejortrinidad.jpg","width":1022,"height":1380,"caption":"COMPRAR MEJOR"},"image":{"@id":"https:\/\/www.comprarmejor.es\/en\/#\/schema\/logo\/image\/"},"sameAs":["https:\/\/www.instagram.com\/amigosdelcodice"]}]}},"_links":{"self":[{"href":"https:\/\/www.comprarmejor.es\/en\/wp-json\/wp\/v2\/product\/54239","targetHints":{"allow":["GET"]}}],"collection":[{"href":"https:\/\/www.comprarmejor.es\/en\/wp-json\/wp\/v2\/product"}],"about":[{"href":"https:\/\/www.comprarmejor.es\/en\/wp-json\/wp\/v2\/types\/product"}],"wp:featuredmedia":[{"embeddable":true,"href":"https:\/\/www.comprarmejor.es\/en\/wp-json\/wp\/v2\/media\/54233"}],"wp:attachment":[{"href":"https:\/\/www.comprarmejor.es\/en\/wp-json\/wp\/v2\/media?parent=54239"}],"wp:term":[{"taxonomy":"product_brand","embeddable":true,"href":"https:\/\/www.comprarmejor.es\/en\/wp-json\/wp\/v2\/product_brand?post=54239"},{"taxonomy":"product_cat","embeddable":true,"href":"https:\/\/www.comprarmejor.es\/en\/wp-json\/wp\/v2\/product_cat?post=54239"},{"taxonomy":"product_tag","embeddable":true,"href":"https:\/\/www.comprarmejor.es\/en\/wp-json\/wp\/v2\/product_tag?post=54239"}],"curies":[{"name":"wp","href":"https:\/\/api.w.org\/{rel}","templated":true}]}}