{"id":54279,"date":"2017-01-14T22:57:38","date_gmt":"2017-01-14T21:57:38","guid":{"rendered":"https:\/\/www.comprarmejor.es\/producto\/lot-6-small-pyramids-of-semiprecious-stones\/"},"modified":"2021-12-30T12:46:34","modified_gmt":"2021-12-30T11:46:34","slug":"lot-12-small-pyramids-of-semiprecious-stones","status":"publish","type":"product","link":"https:\/\/www.comprarmejor.es\/en\/product\/lot-12-small-pyramids-of-semiprecious-stones\/","title":{"rendered":"Lot 12 small pyramids of semiprecious stones"},"content":{"rendered":"<p style=\"text-align: justify;\">Lot consisting of 12 small pyramids of semi-precious stones.<\/p>\n<p style=\"text-align: justify;\">Irregular sizes approximately 3.5 x 3.5 x 3 cm.<\/p>\n<p style=\"text-align: justify;\">From left to right of images, back row: lapis lazuli, rose quartz, unakite, yellow calcite, red aventurine, and fluorite.<\/p>\n<p style=\"text-align: justify;\">Those of the first row do not have the name registered.<\/p>\n<p style=\"text-align: justify;\">The item is sold as seen in the images.<\/p>\n<p style=\"text-align: justify;\"><span title=\"Gastos de env\u00edo por cuenta del comprador, seg\u00fan pedido y destino.\">Shipping costs for the account of the buyer, according to order and destination.\u00a0<\/span><span title=\"Cons\u00faltenos sin compromiso cualquier duda, as\u00ed como por cualquier otro art\u00edculo que est\u00e9 buscando.\"><a class=\"btn btn-default\" href=\"https:\/\/www.comprarmejor.es\/en\/contact\">Ask us<\/a> <span lang=\"en\" xml:lang=\"en\">without obligation (indicating the reference of the article) any doubt.<\/span><br \/>\n<\/span><\/p>\n","protected":false},"excerpt":{"rendered":"<p style=\"text-align: justify;\"><span id=\"result_box\" lang=\"en\" xml:lang=\"en\"><span title=\"16 de la colecci\u00f3n gr\u00e1fica y bibli\u00f3fila \u201cTiempo para la Alegr\u00eda\u201d, de la Editorial Casariego, Madrid, 1976.\"><span lang=\"en\" xml:lang=\"en\">Lot composed of 6 small pyramids of semiprecious stones.<\/span><\/span><\/span><\/p>\n","protected":false},"featured_media":72292,"template":"","meta":[],"product_brand":[],"product_cat":[2230,2248],"product_tag":[],"class_list":{"0":"post-54279","1":"product","2":"type-product","3":"status-publish","4":"has-post-thumbnail","6":"product_cat-egyptomania","7":"product_cat-minerals-and-gems","8":"product_shipping_class-from-0-to-1-kg","9":"description-off","11":"first","12":"instock","13":"taxable","14":"shipping-taxable","15":"purchasable","16":"product-type-simple"},"yoast_head":"<!-- This site is optimized with the Yoast SEO plugin v27.3 - https:\/\/yoast.com\/product\/yoast-seo-wordpress\/ -->\n<title>Lot 12 small pyramids of semiprecious stones<\/title>\n<meta name=\"description\" content=\"Lot composed of 12 small pyramids of semiprecious stones: lapis lazuli, rose quartz, unakite, yellow calcite, red aventurine, and fluorite.\" \/>\n<meta name=\"robots\" content=\"index, follow, max-snippet:-1, max-image-preview:large, max-video-preview:-1\" \/>\n<link rel=\"canonical\" href=\"https:\/\/www.comprarmejor.es\/en\/product\/lot-12-small-pyramids-of-semiprecious-stones\/\" \/>\n<meta property=\"og:locale\" content=\"en_US\" \/>\n<meta property=\"og:type\" content=\"article\" \/>\n<meta property=\"og:title\" content=\"Lot 12 small pyramids of semiprecious stones\" \/>\n<meta property=\"og:description\" content=\"Lot composed of 12 small pyramids of semiprecious stones: lapis lazuli, rose quartz, unakite, yellow calcite, red aventurine, and fluorite.\" \/>\n<meta property=\"og:url\" content=\"https:\/\/www.comprarmejor.es\/en\/product\/lot-12-small-pyramids-of-semiprecious-stones\/\" \/>\n<meta property=\"og:site_name\" content=\"ComprarMejor\" \/>\n<meta property=\"article:modified_time\" content=\"2021-12-30T11:46:34+00:00\" \/>\n<meta property=\"og:image\" content=\"https:\/\/www.comprarmejor.es\/wp-content\/uploads\/2017\/01\/DSC02925.jpg\" \/>\n\t<meta property=\"og:image:width\" content=\"599\" \/>\n\t<meta property=\"og:image:height\" content=\"449\" \/>\n\t<meta property=\"og:image:type\" content=\"image\/jpeg\" \/>\n<meta name=\"twitter:card\" content=\"summary_large_image\" \/>\n<script type=\"application\/ld+json\" class=\"yoast-schema-graph\">{\"@context\":\"https:\\\/\\\/schema.org\",\"@graph\":[{\"@type\":\"WebPage\",\"@id\":\"https:\\\/\\\/www.comprarmejor.es\\\/en\\\/product\\\/lot-12-small-pyramids-of-semiprecious-stones\\\/\",\"url\":\"https:\\\/\\\/www.comprarmejor.es\\\/en\\\/product\\\/lot-12-small-pyramids-of-semiprecious-stones\\\/\",\"name\":\"Lot 12 small pyramids of semiprecious stones\",\"isPartOf\":{\"@id\":\"https:\\\/\\\/www.comprarmejor.es\\\/en\\\/#website\"},\"primaryImageOfPage\":{\"@id\":\"https:\\\/\\\/www.comprarmejor.es\\\/en\\\/product\\\/lot-12-small-pyramids-of-semiprecious-stones\\\/#primaryimage\"},\"image\":{\"@id\":\"https:\\\/\\\/www.comprarmejor.es\\\/en\\\/product\\\/lot-12-small-pyramids-of-semiprecious-stones\\\/#primaryimage\"},\"thumbnailUrl\":\"https:\\\/\\\/www.comprarmejor.es\\\/wp-content\\\/uploads\\\/2017\\\/01\\\/DSC02925.jpg\",\"datePublished\":\"2017-01-14T21:57:38+00:00\",\"dateModified\":\"2021-12-30T11:46:34+00:00\",\"description\":\"Lot composed of 12 small pyramids of semiprecious stones: lapis lazuli, rose quartz, unakite, yellow calcite, red aventurine, and fluorite.\",\"breadcrumb\":{\"@id\":\"https:\\\/\\\/www.comprarmejor.es\\\/en\\\/product\\\/lot-12-small-pyramids-of-semiprecious-stones\\\/#breadcrumb\"},\"inLanguage\":\"en-US\",\"potentialAction\":[{\"@type\":\"ReadAction\",\"target\":[\"https:\\\/\\\/www.comprarmejor.es\\\/en\\\/product\\\/lot-12-small-pyramids-of-semiprecious-stones\\\/\"]}]},{\"@type\":\"ImageObject\",\"inLanguage\":\"en-US\",\"@id\":\"https:\\\/\\\/www.comprarmejor.es\\\/en\\\/product\\\/lot-12-small-pyramids-of-semiprecious-stones\\\/#primaryimage\",\"url\":\"https:\\\/\\\/www.comprarmejor.es\\\/wp-content\\\/uploads\\\/2017\\\/01\\\/DSC02925.jpg\",\"contentUrl\":\"https:\\\/\\\/www.comprarmejor.es\\\/wp-content\\\/uploads\\\/2017\\\/01\\\/DSC02925.jpg\",\"width\":599,\"height\":449},{\"@type\":\"BreadcrumbList\",\"@id\":\"https:\\\/\\\/www.comprarmejor.es\\\/en\\\/product\\\/lot-12-small-pyramids-of-semiprecious-stones\\\/#breadcrumb\",\"itemListElement\":[{\"@type\":\"ListItem\",\"position\":1,\"name\":\"Portada\",\"item\":\"https:\\\/\\\/www.comprarmejor.es\\\/en\\\/\"},{\"@type\":\"ListItem\",\"position\":2,\"name\":\"Shop\",\"item\":\"https:\\\/\\\/www.comprarmejor.es\\\/en\\\/shop\\\/\"},{\"@type\":\"ListItem\",\"position\":3,\"name\":\"Lot 12 small pyramids of semiprecious stones\"}]},{\"@type\":\"WebSite\",\"@id\":\"https:\\\/\\\/www.comprarmejor.es\\\/en\\\/#website\",\"url\":\"https:\\\/\\\/www.comprarmejor.es\\\/en\\\/\",\"name\":\"ComprarMejor\",\"description\":\"ComprarMejor\",\"publisher\":{\"@id\":\"https:\\\/\\\/www.comprarmejor.es\\\/en\\\/#organization\"},\"potentialAction\":[{\"@type\":\"SearchAction\",\"target\":{\"@type\":\"EntryPoint\",\"urlTemplate\":\"https:\\\/\\\/www.comprarmejor.es\\\/en\\\/?s={search_term_string}\"},\"query-input\":{\"@type\":\"PropertyValueSpecification\",\"valueRequired\":true,\"valueName\":\"search_term_string\"}}],\"inLanguage\":\"en-US\"},{\"@type\":\"Organization\",\"@id\":\"https:\\\/\\\/www.comprarmejor.es\\\/en\\\/#organization\",\"name\":\"COMPRAR MEJOR\",\"url\":\"https:\\\/\\\/www.comprarmejor.es\\\/en\\\/\",\"logo\":{\"@type\":\"ImageObject\",\"inLanguage\":\"en-US\",\"@id\":\"https:\\\/\\\/www.comprarmejor.es\\\/en\\\/#\\\/schema\\\/logo\\\/image\\\/\",\"url\":\"https:\\\/\\\/www.comprarmejor.es\\\/wp-content\\\/uploads\\\/2025\\\/09\\\/comprarmejortrinidad.jpg\",\"contentUrl\":\"https:\\\/\\\/www.comprarmejor.es\\\/wp-content\\\/uploads\\\/2025\\\/09\\\/comprarmejortrinidad.jpg\",\"width\":1022,\"height\":1380,\"caption\":\"COMPRAR MEJOR\"},\"image\":{\"@id\":\"https:\\\/\\\/www.comprarmejor.es\\\/en\\\/#\\\/schema\\\/logo\\\/image\\\/\"},\"sameAs\":[\"https:\\\/\\\/www.instagram.com\\\/amigosdelcodice\"]}]}<\/script>\n<!-- \/ Yoast SEO plugin. -->","yoast_head_json":{"title":"Lot 12 small pyramids of semiprecious stones","description":"Lot composed of 12 small pyramids of semiprecious stones: lapis lazuli, rose quartz, unakite, yellow calcite, red aventurine, and fluorite.","robots":{"index":"index","follow":"follow","max-snippet":"max-snippet:-1","max-image-preview":"max-image-preview:large","max-video-preview":"max-video-preview:-1"},"canonical":"https:\/\/www.comprarmejor.es\/en\/product\/lot-12-small-pyramids-of-semiprecious-stones\/","og_locale":"en_US","og_type":"article","og_title":"Lot 12 small pyramids of semiprecious stones","og_description":"Lot composed of 12 small pyramids of semiprecious stones: lapis lazuli, rose quartz, unakite, yellow calcite, red aventurine, and fluorite.","og_url":"https:\/\/www.comprarmejor.es\/en\/product\/lot-12-small-pyramids-of-semiprecious-stones\/","og_site_name":"ComprarMejor","article_modified_time":"2021-12-30T11:46:34+00:00","og_image":[{"width":599,"height":449,"url":"https:\/\/www.comprarmejor.es\/wp-content\/uploads\/2017\/01\/DSC02925.jpg","type":"image\/jpeg"}],"twitter_card":"summary_large_image","schema":{"@context":"https:\/\/schema.org","@graph":[{"@type":"WebPage","@id":"https:\/\/www.comprarmejor.es\/en\/product\/lot-12-small-pyramids-of-semiprecious-stones\/","url":"https:\/\/www.comprarmejor.es\/en\/product\/lot-12-small-pyramids-of-semiprecious-stones\/","name":"Lot 12 small pyramids of semiprecious stones","isPartOf":{"@id":"https:\/\/www.comprarmejor.es\/en\/#website"},"primaryImageOfPage":{"@id":"https:\/\/www.comprarmejor.es\/en\/product\/lot-12-small-pyramids-of-semiprecious-stones\/#primaryimage"},"image":{"@id":"https:\/\/www.comprarmejor.es\/en\/product\/lot-12-small-pyramids-of-semiprecious-stones\/#primaryimage"},"thumbnailUrl":"https:\/\/www.comprarmejor.es\/wp-content\/uploads\/2017\/01\/DSC02925.jpg","datePublished":"2017-01-14T21:57:38+00:00","dateModified":"2021-12-30T11:46:34+00:00","description":"Lot composed of 12 small pyramids of semiprecious stones: lapis lazuli, rose quartz, unakite, yellow calcite, red aventurine, and fluorite.","breadcrumb":{"@id":"https:\/\/www.comprarmejor.es\/en\/product\/lot-12-small-pyramids-of-semiprecious-stones\/#breadcrumb"},"inLanguage":"en-US","potentialAction":[{"@type":"ReadAction","target":["https:\/\/www.comprarmejor.es\/en\/product\/lot-12-small-pyramids-of-semiprecious-stones\/"]}]},{"@type":"ImageObject","inLanguage":"en-US","@id":"https:\/\/www.comprarmejor.es\/en\/product\/lot-12-small-pyramids-of-semiprecious-stones\/#primaryimage","url":"https:\/\/www.comprarmejor.es\/wp-content\/uploads\/2017\/01\/DSC02925.jpg","contentUrl":"https:\/\/www.comprarmejor.es\/wp-content\/uploads\/2017\/01\/DSC02925.jpg","width":599,"height":449},{"@type":"BreadcrumbList","@id":"https:\/\/www.comprarmejor.es\/en\/product\/lot-12-small-pyramids-of-semiprecious-stones\/#breadcrumb","itemListElement":[{"@type":"ListItem","position":1,"name":"Portada","item":"https:\/\/www.comprarmejor.es\/en\/"},{"@type":"ListItem","position":2,"name":"Shop","item":"https:\/\/www.comprarmejor.es\/en\/shop\/"},{"@type":"ListItem","position":3,"name":"Lot 12 small pyramids of semiprecious stones"}]},{"@type":"WebSite","@id":"https:\/\/www.comprarmejor.es\/en\/#website","url":"https:\/\/www.comprarmejor.es\/en\/","name":"ComprarMejor","description":"ComprarMejor","publisher":{"@id":"https:\/\/www.comprarmejor.es\/en\/#organization"},"potentialAction":[{"@type":"SearchAction","target":{"@type":"EntryPoint","urlTemplate":"https:\/\/www.comprarmejor.es\/en\/?s={search_term_string}"},"query-input":{"@type":"PropertyValueSpecification","valueRequired":true,"valueName":"search_term_string"}}],"inLanguage":"en-US"},{"@type":"Organization","@id":"https:\/\/www.comprarmejor.es\/en\/#organization","name":"COMPRAR MEJOR","url":"https:\/\/www.comprarmejor.es\/en\/","logo":{"@type":"ImageObject","inLanguage":"en-US","@id":"https:\/\/www.comprarmejor.es\/en\/#\/schema\/logo\/image\/","url":"https:\/\/www.comprarmejor.es\/wp-content\/uploads\/2025\/09\/comprarmejortrinidad.jpg","contentUrl":"https:\/\/www.comprarmejor.es\/wp-content\/uploads\/2025\/09\/comprarmejortrinidad.jpg","width":1022,"height":1380,"caption":"COMPRAR MEJOR"},"image":{"@id":"https:\/\/www.comprarmejor.es\/en\/#\/schema\/logo\/image\/"},"sameAs":["https:\/\/www.instagram.com\/amigosdelcodice"]}]}},"_links":{"self":[{"href":"https:\/\/www.comprarmejor.es\/en\/wp-json\/wp\/v2\/product\/54279","targetHints":{"allow":["GET"]}}],"collection":[{"href":"https:\/\/www.comprarmejor.es\/en\/wp-json\/wp\/v2\/product"}],"about":[{"href":"https:\/\/www.comprarmejor.es\/en\/wp-json\/wp\/v2\/types\/product"}],"wp:featuredmedia":[{"embeddable":true,"href":"https:\/\/www.comprarmejor.es\/en\/wp-json\/wp\/v2\/media\/72292"}],"wp:attachment":[{"href":"https:\/\/www.comprarmejor.es\/en\/wp-json\/wp\/v2\/media?parent=54279"}],"wp:term":[{"taxonomy":"product_brand","embeddable":true,"href":"https:\/\/www.comprarmejor.es\/en\/wp-json\/wp\/v2\/product_brand?post=54279"},{"taxonomy":"product_cat","embeddable":true,"href":"https:\/\/www.comprarmejor.es\/en\/wp-json\/wp\/v2\/product_cat?post=54279"},{"taxonomy":"product_tag","embeddable":true,"href":"https:\/\/www.comprarmejor.es\/en\/wp-json\/wp\/v2\/product_tag?post=54279"}],"curies":[{"name":"wp","href":"https:\/\/api.w.org\/{rel}","templated":true}]}}