{"id":54295,"date":"2017-01-17T17:16:10","date_gmt":"2017-01-17T16:16:10","guid":{"rendered":"https:\/\/www.comprarmejor.es\/producto\/exploring-the-book-of-kells\/"},"modified":"2024-03-13T13:31:53","modified_gmt":"2024-03-13T12:31:53","slug":"exploring-the-book-of-kells","status":"publish","type":"product","link":"https:\/\/www.comprarmejor.es\/en\/product\/exploring-the-book-of-kells\/","title":{"rendered":"Exploring The Book of Kells"},"content":{"rendered":"<p style=\"text-align: justify;\"><span id=\"result_box\" lang=\"en\" xml:lang=\"en\"><span title=\"Un viaje a trav\u00e9s del Libro de Kells, es el libro estudio complementario que se entrega como regalo y conjuntamente con la edici\u00f3n facs\u00edmile del Libro de Kells, seg\u00fan la versi\u00f3n y encuadernaci\u00f3n de Amigos del C\u00f3dice, tambi\u00e9n disponible en esta web.\">A journey through the Book of Kells, w<\/span><\/span><span title=\"Escrito por George Otto Simms e ilustrado por David Rooney y Eoin O'Brien.\">ritten by George Otto Simms and illustrated by David Rooney and Eoin O&#8217;Brien. <\/span><span title=\"Traducci\u00f3n de Cruz Losada Guti\u00e9rrez.\">Translation Gutierrez Cruz Losada.<\/span><\/p>\n<p style=\"text-align: justify;\"><span title=\"Tambi\u00e9n lo tenemos disponible en otros cuatro idiomas: ingl\u00e9s, franc\u00e9s, alem\u00e1n y japon\u00e9s.\"><span lang=\"en\" xml:lang=\"en\">This article corresponds to the edition with texts in <strong>English<\/strong>. We also have it available in three other languages: Japanese, German and French.<\/span><\/span><\/p>\n<p style=\"text-align: justify;\"><span title=\"Una hermosa y simple introducci\u00f3n al Libro de Kells.\">A beautiful and simple introduction to the Book of Kells. <\/span><span title=\"Obra ganadora de los premios \u201cRAI\u201d y \u201cBisto Book of the Decade\u201d.\">award winning play &#8220;RAI&#8221; and &#8220;Bisto Book of the Decade&#8221;.<\/span><\/p>\n<p style=\"text-align: justify;\"><span title=\"George Otto Simms, reconocida autoridad a nivel mundial en el Libro de Kells, revela los misterios escondidos en este impresionante manuscrito.\">George Otto Simms, globally recognized authority in the Book of Kells, reveals the hidden mysteries in this awesome manuscript. <\/span><span title=\"El autor abre una puerta al mundo de los monjes que realizaron el libro y gu\u00eda al lector a trav\u00e9s de la selva de complicados detalles que est\u00e1n contenidos en este singular y antiqu\u00edsimo libro: uno de los tesoros m\u00e1s preciados de Irlanda.\">The author opens a door to the world of the monks who made the book and guides the reader through the jungle of complicated details that are contained in this unique and ancient book one of the most precious treasures of Ireland.<\/span><\/p>\n<p style=\"text-align: justify;\"><span title=\"Magn\u00edficas reproducciones a todo color de p\u00e1ginas del Libro de Kells.\">Gorgeous full-color reproductions of pages of the Book of Kells. <\/span><span title=\"Ilustraciones sobre la vida y las labores de los monjes en los antiguos monasterios irlandeses.\">Illustrations on the life and work of the ancient Irish monks in monasteries. <\/span><span title=\"Dibujos a pluma de detalles que muestran aspectos del texto y las ilustraciones del Libro de Kells.\">Pen drawings showing details aspects of the text and illustrations of the Book of Kells.<\/span><\/p>\n<p style=\"text-align: justify;\"><span title=\"George Otto Simms naci\u00f3 en 1910. Fue Arzobispo de Armagh y Primado de Irlanda de la Iglesia Anglicana Irlandesa.\">George Otto Simms was born in 1910. He was Archbishop of Armagh and Primate of Ireland from the Irish Anglican Church. <\/span><span title=\"Muri\u00f3 en el a\u00f1o 1991.\">He died in 1991.<\/span><\/p>\n<p style=\"text-align: justify;\"><span title=\"Libro encuadernado en tapa blanda ilustrada a color, formato 13,8 x 21,6 cm, 72 p\u00e1ginas.\">Hardback illustrated paperback color, format 13.8 x 21.6 cm, 72 pages. <\/span><span title=\"Editado en Irlanda, 2012.\">Published in Ireland, 2012.<\/span><\/p>\n<p style=\"text-align: justify;\"><span title=\"Gastos de env\u00edo por cuenta del comprador, seg\u00fan pedido y destino.\"><span class=\"HwtZe\" lang=\"en\"><span class=\"jCAhz ChMk0b\"><span class=\"ryNqvb\">Shipping costs according to order and destination<\/span><\/span><\/span>. <\/span><span title=\"Cons\u00faltenos sin compromiso cualquier duda, as\u00ed como por cualquier otro facs\u00edmile o art\u00edculo que est\u00e9 buscando.\"><a class=\"btn btn-default\" href=\"https:\/\/www.comprarmejor.es\/en\/contact\">Consult us<\/a> <span class=\"HwtZe\" lang=\"en\"><span class=\"jCAhz ChMk0b\"><span class=\"ryNqvb\">any questions, indicating the article reference.<\/span><\/span><\/span><br \/>\n<\/span><\/p>\n","protected":false},"excerpt":{"rendered":"<p style=\"text-align: justify;\"><span id=\"result_box\" lang=\"en\" xml:lang=\"en\"><span title=\"Un viaje a trav\u00e9s del Libro de Kells, es el libro estudio complementario que se entrega como regalo y conjuntamente con la edici\u00f3n facs\u00edmile del Libro de Kells, seg\u00fan la versi\u00f3n y encuadernaci\u00f3n de Amigos del C\u00f3dice, tambi\u00e9n disponible en esta web.\">A journey through the Book of Kells, the book that comes up study as a gift and together with the facsimile edition of the Book of Kells, depending on the version and binding of Friends of the Codex, also available on this site is.<\/span><\/span><\/p>\n","protected":false},"featured_media":54293,"template":"","meta":[],"product_brand":[],"product_cat":[2188,2246],"product_tag":[4289,4290],"class_list":{"0":"post-54295","1":"product","2":"type-product","3":"status-publish","4":"has-post-thumbnail","6":"product_cat-books","7":"product_cat-study-books","8":"product_tag-kells-en-2","9":"product_tag-otto-en","10":"product_shipping_class-from-0-to-1-kg","11":"description-off","13":"first","14":"instock","15":"taxable","16":"shipping-taxable","17":"purchasable","18":"product-type-simple"},"yoast_head":"<!-- This site is optimized with the Yoast SEO plugin v27.3 - https:\/\/yoast.com\/product\/yoast-seo-wordpress\/ -->\n<title>Exploring The Book of Kells<\/title>\n<meta name=\"description\" content=\"The book that comes up study as a gift and together with the facsimile edition of the Book of Kells, depending on the version and binding of Friends of the Code\" \/>\n<meta name=\"robots\" content=\"index, follow, max-snippet:-1, max-image-preview:large, max-video-preview:-1\" \/>\n<link rel=\"canonical\" href=\"https:\/\/www.comprarmejor.es\/en\/product\/exploring-the-book-of-kells\/\" \/>\n<meta property=\"og:locale\" content=\"en_US\" \/>\n<meta property=\"og:type\" content=\"article\" \/>\n<meta property=\"og:title\" content=\"Exploring The Book of Kells\" \/>\n<meta property=\"og:description\" content=\"The book that comes up study as a gift and together with the facsimile edition of the Book of Kells, depending on the version and binding of Friends of the Code\" \/>\n<meta property=\"og:url\" content=\"https:\/\/www.comprarmejor.es\/en\/product\/exploring-the-book-of-kells\/\" \/>\n<meta property=\"og:site_name\" content=\"ComprarMejor\" \/>\n<meta property=\"article:modified_time\" content=\"2024-03-13T12:31:53+00:00\" \/>\n<meta property=\"og:image\" content=\"https:\/\/www.comprarmejor.es\/wp-content\/uploads\/2017\/01\/p_7_1_0_1_7101-Exploring-The-Book-of-Kells.jpg\" \/>\n\t<meta property=\"og:image:width\" content=\"254\" \/>\n\t<meta property=\"og:image:height\" content=\"400\" \/>\n\t<meta property=\"og:image:type\" content=\"image\/jpeg\" \/>\n<meta name=\"twitter:card\" content=\"summary_large_image\" \/>\n<meta name=\"twitter:label1\" content=\"Est. reading time\" \/>\n\t<meta name=\"twitter:data1\" content=\"2 minutes\" \/>\n<script type=\"application\/ld+json\" class=\"yoast-schema-graph\">{\"@context\":\"https:\\\/\\\/schema.org\",\"@graph\":[{\"@type\":\"WebPage\",\"@id\":\"https:\\\/\\\/www.comprarmejor.es\\\/en\\\/product\\\/exploring-the-book-of-kells\\\/\",\"url\":\"https:\\\/\\\/www.comprarmejor.es\\\/en\\\/product\\\/exploring-the-book-of-kells\\\/\",\"name\":\"Exploring The Book of Kells\",\"isPartOf\":{\"@id\":\"https:\\\/\\\/www.comprarmejor.es\\\/en\\\/#website\"},\"primaryImageOfPage\":{\"@id\":\"https:\\\/\\\/www.comprarmejor.es\\\/en\\\/product\\\/exploring-the-book-of-kells\\\/#primaryimage\"},\"image\":{\"@id\":\"https:\\\/\\\/www.comprarmejor.es\\\/en\\\/product\\\/exploring-the-book-of-kells\\\/#primaryimage\"},\"thumbnailUrl\":\"https:\\\/\\\/www.comprarmejor.es\\\/wp-content\\\/uploads\\\/2017\\\/01\\\/p_7_1_0_1_7101-Exploring-The-Book-of-Kells.jpg\",\"datePublished\":\"2017-01-17T16:16:10+00:00\",\"dateModified\":\"2024-03-13T12:31:53+00:00\",\"description\":\"The book that comes up study as a gift and together with the facsimile edition of the Book of Kells, depending on the version and binding of Friends of the Code\",\"breadcrumb\":{\"@id\":\"https:\\\/\\\/www.comprarmejor.es\\\/en\\\/product\\\/exploring-the-book-of-kells\\\/#breadcrumb\"},\"inLanguage\":\"en-US\",\"potentialAction\":[{\"@type\":\"ReadAction\",\"target\":[\"https:\\\/\\\/www.comprarmejor.es\\\/en\\\/product\\\/exploring-the-book-of-kells\\\/\"]}]},{\"@type\":\"ImageObject\",\"inLanguage\":\"en-US\",\"@id\":\"https:\\\/\\\/www.comprarmejor.es\\\/en\\\/product\\\/exploring-the-book-of-kells\\\/#primaryimage\",\"url\":\"https:\\\/\\\/www.comprarmejor.es\\\/wp-content\\\/uploads\\\/2017\\\/01\\\/p_7_1_0_1_7101-Exploring-The-Book-of-Kells.jpg\",\"contentUrl\":\"https:\\\/\\\/www.comprarmejor.es\\\/wp-content\\\/uploads\\\/2017\\\/01\\\/p_7_1_0_1_7101-Exploring-The-Book-of-Kells.jpg\",\"width\":254,\"height\":400},{\"@type\":\"BreadcrumbList\",\"@id\":\"https:\\\/\\\/www.comprarmejor.es\\\/en\\\/product\\\/exploring-the-book-of-kells\\\/#breadcrumb\",\"itemListElement\":[{\"@type\":\"ListItem\",\"position\":1,\"name\":\"Portada\",\"item\":\"https:\\\/\\\/www.comprarmejor.es\\\/en\\\/\"},{\"@type\":\"ListItem\",\"position\":2,\"name\":\"Shop\",\"item\":\"https:\\\/\\\/www.comprarmejor.es\\\/en\\\/shop\\\/\"},{\"@type\":\"ListItem\",\"position\":3,\"name\":\"Exploring The Book of Kells\"}]},{\"@type\":\"WebSite\",\"@id\":\"https:\\\/\\\/www.comprarmejor.es\\\/en\\\/#website\",\"url\":\"https:\\\/\\\/www.comprarmejor.es\\\/en\\\/\",\"name\":\"ComprarMejor\",\"description\":\"ComprarMejor\",\"publisher\":{\"@id\":\"https:\\\/\\\/www.comprarmejor.es\\\/en\\\/#organization\"},\"potentialAction\":[{\"@type\":\"SearchAction\",\"target\":{\"@type\":\"EntryPoint\",\"urlTemplate\":\"https:\\\/\\\/www.comprarmejor.es\\\/en\\\/?s={search_term_string}\"},\"query-input\":{\"@type\":\"PropertyValueSpecification\",\"valueRequired\":true,\"valueName\":\"search_term_string\"}}],\"inLanguage\":\"en-US\"},{\"@type\":\"Organization\",\"@id\":\"https:\\\/\\\/www.comprarmejor.es\\\/en\\\/#organization\",\"name\":\"COMPRAR MEJOR\",\"url\":\"https:\\\/\\\/www.comprarmejor.es\\\/en\\\/\",\"logo\":{\"@type\":\"ImageObject\",\"inLanguage\":\"en-US\",\"@id\":\"https:\\\/\\\/www.comprarmejor.es\\\/en\\\/#\\\/schema\\\/logo\\\/image\\\/\",\"url\":\"https:\\\/\\\/www.comprarmejor.es\\\/wp-content\\\/uploads\\\/2025\\\/09\\\/comprarmejortrinidad.jpg\",\"contentUrl\":\"https:\\\/\\\/www.comprarmejor.es\\\/wp-content\\\/uploads\\\/2025\\\/09\\\/comprarmejortrinidad.jpg\",\"width\":1022,\"height\":1380,\"caption\":\"COMPRAR MEJOR\"},\"image\":{\"@id\":\"https:\\\/\\\/www.comprarmejor.es\\\/en\\\/#\\\/schema\\\/logo\\\/image\\\/\"},\"sameAs\":[\"https:\\\/\\\/www.instagram.com\\\/amigosdelcodice\"]}]}<\/script>\n<!-- \/ Yoast SEO plugin. -->","yoast_head_json":{"title":"Exploring The Book of Kells","description":"The book that comes up study as a gift and together with the facsimile edition of the Book of Kells, depending on the version and binding of Friends of the Code","robots":{"index":"index","follow":"follow","max-snippet":"max-snippet:-1","max-image-preview":"max-image-preview:large","max-video-preview":"max-video-preview:-1"},"canonical":"https:\/\/www.comprarmejor.es\/en\/product\/exploring-the-book-of-kells\/","og_locale":"en_US","og_type":"article","og_title":"Exploring The Book of Kells","og_description":"The book that comes up study as a gift and together with the facsimile edition of the Book of Kells, depending on the version and binding of Friends of the Code","og_url":"https:\/\/www.comprarmejor.es\/en\/product\/exploring-the-book-of-kells\/","og_site_name":"ComprarMejor","article_modified_time":"2024-03-13T12:31:53+00:00","og_image":[{"width":254,"height":400,"url":"https:\/\/www.comprarmejor.es\/wp-content\/uploads\/2017\/01\/p_7_1_0_1_7101-Exploring-The-Book-of-Kells.jpg","type":"image\/jpeg"}],"twitter_card":"summary_large_image","twitter_misc":{"Est. reading time":"2 minutes"},"schema":{"@context":"https:\/\/schema.org","@graph":[{"@type":"WebPage","@id":"https:\/\/www.comprarmejor.es\/en\/product\/exploring-the-book-of-kells\/","url":"https:\/\/www.comprarmejor.es\/en\/product\/exploring-the-book-of-kells\/","name":"Exploring The Book of Kells","isPartOf":{"@id":"https:\/\/www.comprarmejor.es\/en\/#website"},"primaryImageOfPage":{"@id":"https:\/\/www.comprarmejor.es\/en\/product\/exploring-the-book-of-kells\/#primaryimage"},"image":{"@id":"https:\/\/www.comprarmejor.es\/en\/product\/exploring-the-book-of-kells\/#primaryimage"},"thumbnailUrl":"https:\/\/www.comprarmejor.es\/wp-content\/uploads\/2017\/01\/p_7_1_0_1_7101-Exploring-The-Book-of-Kells.jpg","datePublished":"2017-01-17T16:16:10+00:00","dateModified":"2024-03-13T12:31:53+00:00","description":"The book that comes up study as a gift and together with the facsimile edition of the Book of Kells, depending on the version and binding of Friends of the Code","breadcrumb":{"@id":"https:\/\/www.comprarmejor.es\/en\/product\/exploring-the-book-of-kells\/#breadcrumb"},"inLanguage":"en-US","potentialAction":[{"@type":"ReadAction","target":["https:\/\/www.comprarmejor.es\/en\/product\/exploring-the-book-of-kells\/"]}]},{"@type":"ImageObject","inLanguage":"en-US","@id":"https:\/\/www.comprarmejor.es\/en\/product\/exploring-the-book-of-kells\/#primaryimage","url":"https:\/\/www.comprarmejor.es\/wp-content\/uploads\/2017\/01\/p_7_1_0_1_7101-Exploring-The-Book-of-Kells.jpg","contentUrl":"https:\/\/www.comprarmejor.es\/wp-content\/uploads\/2017\/01\/p_7_1_0_1_7101-Exploring-The-Book-of-Kells.jpg","width":254,"height":400},{"@type":"BreadcrumbList","@id":"https:\/\/www.comprarmejor.es\/en\/product\/exploring-the-book-of-kells\/#breadcrumb","itemListElement":[{"@type":"ListItem","position":1,"name":"Portada","item":"https:\/\/www.comprarmejor.es\/en\/"},{"@type":"ListItem","position":2,"name":"Shop","item":"https:\/\/www.comprarmejor.es\/en\/shop\/"},{"@type":"ListItem","position":3,"name":"Exploring The Book of Kells"}]},{"@type":"WebSite","@id":"https:\/\/www.comprarmejor.es\/en\/#website","url":"https:\/\/www.comprarmejor.es\/en\/","name":"ComprarMejor","description":"ComprarMejor","publisher":{"@id":"https:\/\/www.comprarmejor.es\/en\/#organization"},"potentialAction":[{"@type":"SearchAction","target":{"@type":"EntryPoint","urlTemplate":"https:\/\/www.comprarmejor.es\/en\/?s={search_term_string}"},"query-input":{"@type":"PropertyValueSpecification","valueRequired":true,"valueName":"search_term_string"}}],"inLanguage":"en-US"},{"@type":"Organization","@id":"https:\/\/www.comprarmejor.es\/en\/#organization","name":"COMPRAR MEJOR","url":"https:\/\/www.comprarmejor.es\/en\/","logo":{"@type":"ImageObject","inLanguage":"en-US","@id":"https:\/\/www.comprarmejor.es\/en\/#\/schema\/logo\/image\/","url":"https:\/\/www.comprarmejor.es\/wp-content\/uploads\/2025\/09\/comprarmejortrinidad.jpg","contentUrl":"https:\/\/www.comprarmejor.es\/wp-content\/uploads\/2025\/09\/comprarmejortrinidad.jpg","width":1022,"height":1380,"caption":"COMPRAR MEJOR"},"image":{"@id":"https:\/\/www.comprarmejor.es\/en\/#\/schema\/logo\/image\/"},"sameAs":["https:\/\/www.instagram.com\/amigosdelcodice"]}]}},"_links":{"self":[{"href":"https:\/\/www.comprarmejor.es\/en\/wp-json\/wp\/v2\/product\/54295","targetHints":{"allow":["GET"]}}],"collection":[{"href":"https:\/\/www.comprarmejor.es\/en\/wp-json\/wp\/v2\/product"}],"about":[{"href":"https:\/\/www.comprarmejor.es\/en\/wp-json\/wp\/v2\/types\/product"}],"wp:featuredmedia":[{"embeddable":true,"href":"https:\/\/www.comprarmejor.es\/en\/wp-json\/wp\/v2\/media\/54293"}],"wp:attachment":[{"href":"https:\/\/www.comprarmejor.es\/en\/wp-json\/wp\/v2\/media?parent=54295"}],"wp:term":[{"taxonomy":"product_brand","embeddable":true,"href":"https:\/\/www.comprarmejor.es\/en\/wp-json\/wp\/v2\/product_brand?post=54295"},{"taxonomy":"product_cat","embeddable":true,"href":"https:\/\/www.comprarmejor.es\/en\/wp-json\/wp\/v2\/product_cat?post=54295"},{"taxonomy":"product_tag","embeddable":true,"href":"https:\/\/www.comprarmejor.es\/en\/wp-json\/wp\/v2\/product_tag?post=54295"}],"curies":[{"name":"wp","href":"https:\/\/api.w.org\/{rel}","templated":true}]}}