{"id":54301,"date":"2017-01-19T00:17:10","date_gmt":"2017-01-18T23:17:10","guid":{"rendered":"https:\/\/www.comprarmejor.es\/producto\/luxury-book-case-case-case-reverse-open-type-2\/"},"modified":"2019-09-15T13:22:24","modified_gmt":"2019-09-15T11:22:24","slug":"luxury-book-case-case-case-reverse-open-type-2","status":"publish","type":"product","link":"https:\/\/www.comprarmejor.es\/en\/product\/luxury-book-case-case-case-reverse-open-type-2\/","title":{"rendered":"Luxury book case, case-case, reverse open type"},"content":{"rendered":"<p style=\"text-align:justify;\"><span id=\"result_box\" lang=\"en\" xml:lang=\"en\"><span title=\"Gastos de env\u00edo por cuenta del comprador, seg\u00fan pedido y destino.\"><span lang=\"en\" xml:lang=\"en\"><span title=\"Este art\u00edculo se trata \u00fanicamente de la funda, no lleva ning\u00fan libro.\"><span lang=\"en\" xml:lang=\"en\"><span title=\"Caja-estuche tipo abierto, tipo petaca, tipo funda, inverso, realizada a mano en holandesa con lomo en piel dorada, 4 nervios, y resto en papel tela color rojo.\">Box-case open type, flap type, cover type, reverse, handmade in Dutch with back in golden leather, 4 ribs, and rest in red cloth paper. <\/span><span title=\"R\u00edgida y fuerte.\">Rigid and strong. <\/span><span title=\"Grabado en lomo \u201cSent Cristofol\u201d.\">Recorded in Loin &#8220;Sent Cristofol&#8221;. <\/span><span title=\"Cinta en la parte interna para extracci\u00f3n manual del libro.\">Tape on the inside for manual extraction of the book. <\/span><span title=\"En perfecto estado, nueva.\">In perfect condition, new.<\/p>\n<p><\/span><span title=\"Formato exterior de 16 x 21,4 x 2,2 cm.\">Exterior format of 16 x 21.4 x 2.2 cm. <\/span><span title=\"Espacio interior para meter un libro como m\u00e1ximo de 14,5 x 20 x 1,5 cm.\">Interior space to put a book at most 14.5 x 20 x 1.5 cm.<\/p>\n<p><\/span><span title=\"Esta funda fue realizada para la edici\u00f3n facs\u00edmile del incunable \u201cObra a llaors del benaventurat lo senyor sent Cristofol\u201d, de Llu\u00eds Ro\u00eds y otros, impresa en Valencia en 1498, realizada por la editorial Vicent Garc\u00eda en 1997 del original custodiado en la Biblioteca Nacional de\">This cover was made for the facsimile edition of the incunable &#8220;Obra a llaors del benaventurat lo senyor sent Cristofol&#8221;, by Llu\u00eds Ro\u00eds et al., Printed in Valencia in 1498, made by the publisher Vicent Garc\u00eda in 1997 of the original guarded in the National Library of <\/span><span title=\"Espa\u00f1a.\">Spain.<\/p>\n<p><\/span><span title=\"Es una bella y lujosa funda abierta inversa, por cuanto el lomo que se ve no es el del libro que contiene, sino el de la propia funda, elaborada como si de un libro se tratara.\">It is a beautiful and luxurious open reversed cover, since the spine that is seen is not the one of the book that contains, but the one of the own sheath, elaborated as if of a book in question. <\/span><span title=\"En la parte del lomo grabada con el t\u00edtulo de la obra se puede adherir un tejuelo con el t\u00edtulo de la obra que se quiera meter en dicha funda.\">In the part of the loin engraved with the title of the work can be adhered a tejuelo with the title of the work that is wanted to put in said sheath.<\/p>\n<p><\/span><span title=\"Una funda artesanal, caja-estuche, especial para conservar y mantener ese libro especial de su biblioteca.\">A handmade, box-case, special case to keep and keep that special book from your library.<\/p>\n<p><\/span><span title=\"Este art\u00edculo se trata \u00fanicamente de la funda, no lleva ning\u00fan libro.\">This article is only about the cover, it does not carry any book<\/span><\/span>.<\/p>\n<p><\/span><span title=\"Gastos de env\u00edo por cuenta del comprador, seg\u00fan pedido y destino.\">Shipping<\/span><\/span> by the buyer, upon request and destination. <\/span><span title=\"Cons\u00faltenos cualquier duda, as\u00ed como por cualquier otro art\u00edculo que est\u00e9 buscando.\"><a class=\"btn btn-default\" href=\"http:\/\/comprarmejor.es\/en\/contact\">Ask us<\/a> <span lang=\"en\" xml:lang=\"en\"><span title=\"Cons\u00faltenos sin compromiso cualquier duda, as\u00ed como por cualquier otro art\u00edculo que est\u00e9 buscando.\">without any questions, as well as any other item you are looking for.<\/span><\/span><br \/><\/span><\/span><\/p>\n","protected":false},"excerpt":{"rendered":"<p style=\"text-align:justify;\"><span id=\"result_box\" lang=\"en\" xml:lang=\"en\"><span title=\"Edici\u00f3n Limitada de Krone realizada en honor al emperador chino Quianlong y a la Ciudad Prohibida.\"><span lang=\"en\" xml:lang=\"en\"><span title=\"Carpeta con 4 diferentes hojas facs\u00edmiles para enmarcar del Beato de Li\u00e9bana c\u00f3dice de T\u00e1bara, preparadas para decorar ese rinc\u00f3n especial de su hogar con una imagen de una obra manuscrita de hace m\u00e1s de 1.000 a\u00f1os, m\u00e1xime a\u00fan cuando se trata de hojas de los Beatos de\"><span lang=\"en\" xml:lang=\"en\"><span title=\"Mateos, Origen de la caza\u201d.\"><span lang=\"en\" xml:lang=\"en\"><span title=\"Caja-estuche tipo abierto, tipo petaca, tipo funda, inverso, realizada a mano en holandesa con lomo en piel dorada, 4 nervios, y resto en papel tela color rojo.\">Box-case open type, flap type, cover type, reverse, handmade in Dutch with back in golden leather, 4 ribs, and rest in red cloth paper. <\/span><span title=\"R\u00edgida y fuerte.\">Rigid and strong. <\/span><span title=\"Grabado en lomo \u201cSent Cristofol\u201d.\">Recorded in Loin &#8220;Sent Cristofol&#8221;.<\/span><\/span><\/span><\/span><\/span><\/span><\/span><\/span><\/p>\n","protected":false},"featured_media":54297,"template":"","meta":[],"product_brand":[],"product_cat":[2258],"product_tag":[],"class_list":{"0":"post-54301","1":"product","2":"type-product","3":"status-publish","4":"has-post-thumbnail","6":"product_cat-various","7":"product_shipping_class-from-0-to-1-kg","8":"description-off","10":"first","11":"instock","12":"taxable","13":"shipping-taxable","14":"purchasable","15":"product-type-simple"},"yoast_head":"<!-- This site is optimized with the Yoast SEO plugin v27.3 - https:\/\/yoast.com\/product\/yoast-seo-wordpress\/ -->\n<title>Luxury book case, case-case, reverse open type<\/title>\n<meta name=\"description\" content=\"Box-case open type, flap type, cover type, reverse, handmade in Dutch with back in golden leather, 4 ribs, and rest in red cloth paper. Rigid and strong.\" \/>\n<meta name=\"robots\" content=\"index, follow, max-snippet:-1, max-image-preview:large, max-video-preview:-1\" \/>\n<link rel=\"canonical\" href=\"https:\/\/www.comprarmejor.es\/en\/product\/luxury-book-case-case-case-reverse-open-type-2\/\" \/>\n<meta property=\"og:locale\" content=\"en_US\" \/>\n<meta property=\"og:type\" content=\"article\" \/>\n<meta property=\"og:title\" content=\"Luxury book case, case-case, reverse open type\" \/>\n<meta property=\"og:description\" content=\"Box-case open type, flap type, cover type, reverse, handmade in Dutch with back in golden leather, 4 ribs, and rest in red cloth paper. Rigid and strong.\" \/>\n<meta property=\"og:url\" content=\"https:\/\/www.comprarmejor.es\/en\/product\/luxury-book-case-case-case-reverse-open-type-2\/\" \/>\n<meta property=\"og:site_name\" content=\"ComprarMejor\" \/>\n<meta property=\"article:modified_time\" content=\"2019-09-15T11:22:24+00:00\" \/>\n<meta property=\"og:image\" content=\"https:\/\/www.comprarmejor.es\/wp-content\/uploads\/2017\/01\/p_7_4_7_2_7472-Funda-de-lujo-para-libro-caja-estuche-tipo-abierto-inverso.jpg\" \/>\n\t<meta property=\"og:image:width\" content=\"306\" \/>\n\t<meta property=\"og:image:height\" content=\"349\" \/>\n\t<meta property=\"og:image:type\" content=\"image\/jpeg\" \/>\n<meta name=\"twitter:card\" content=\"summary_large_image\" \/>\n<meta name=\"twitter:label1\" content=\"Est. reading time\" \/>\n\t<meta name=\"twitter:data1\" content=\"1 minute\" \/>\n<script type=\"application\/ld+json\" class=\"yoast-schema-graph\">{\"@context\":\"https:\\\/\\\/schema.org\",\"@graph\":[{\"@type\":\"WebPage\",\"@id\":\"https:\\\/\\\/www.comprarmejor.es\\\/en\\\/product\\\/luxury-book-case-case-case-reverse-open-type-2\\\/\",\"url\":\"https:\\\/\\\/www.comprarmejor.es\\\/en\\\/product\\\/luxury-book-case-case-case-reverse-open-type-2\\\/\",\"name\":\"Luxury book case, case-case, reverse open type\",\"isPartOf\":{\"@id\":\"https:\\\/\\\/www.comprarmejor.es\\\/en\\\/#website\"},\"primaryImageOfPage\":{\"@id\":\"https:\\\/\\\/www.comprarmejor.es\\\/en\\\/product\\\/luxury-book-case-case-case-reverse-open-type-2\\\/#primaryimage\"},\"image\":{\"@id\":\"https:\\\/\\\/www.comprarmejor.es\\\/en\\\/product\\\/luxury-book-case-case-case-reverse-open-type-2\\\/#primaryimage\"},\"thumbnailUrl\":\"https:\\\/\\\/www.comprarmejor.es\\\/wp-content\\\/uploads\\\/2017\\\/01\\\/p_7_4_7_2_7472-Funda-de-lujo-para-libro-caja-estuche-tipo-abierto-inverso.jpg\",\"datePublished\":\"2017-01-18T23:17:10+00:00\",\"dateModified\":\"2019-09-15T11:22:24+00:00\",\"description\":\"Box-case open type, flap type, cover type, reverse, handmade in Dutch with back in golden leather, 4 ribs, and rest in red cloth paper. Rigid and strong.\",\"breadcrumb\":{\"@id\":\"https:\\\/\\\/www.comprarmejor.es\\\/en\\\/product\\\/luxury-book-case-case-case-reverse-open-type-2\\\/#breadcrumb\"},\"inLanguage\":\"en-US\",\"potentialAction\":[{\"@type\":\"ReadAction\",\"target\":[\"https:\\\/\\\/www.comprarmejor.es\\\/en\\\/product\\\/luxury-book-case-case-case-reverse-open-type-2\\\/\"]}]},{\"@type\":\"ImageObject\",\"inLanguage\":\"en-US\",\"@id\":\"https:\\\/\\\/www.comprarmejor.es\\\/en\\\/product\\\/luxury-book-case-case-case-reverse-open-type-2\\\/#primaryimage\",\"url\":\"https:\\\/\\\/www.comprarmejor.es\\\/wp-content\\\/uploads\\\/2017\\\/01\\\/p_7_4_7_2_7472-Funda-de-lujo-para-libro-caja-estuche-tipo-abierto-inverso.jpg\",\"contentUrl\":\"https:\\\/\\\/www.comprarmejor.es\\\/wp-content\\\/uploads\\\/2017\\\/01\\\/p_7_4_7_2_7472-Funda-de-lujo-para-libro-caja-estuche-tipo-abierto-inverso.jpg\",\"width\":306,\"height\":349},{\"@type\":\"BreadcrumbList\",\"@id\":\"https:\\\/\\\/www.comprarmejor.es\\\/en\\\/product\\\/luxury-book-case-case-case-reverse-open-type-2\\\/#breadcrumb\",\"itemListElement\":[{\"@type\":\"ListItem\",\"position\":1,\"name\":\"Portada\",\"item\":\"https:\\\/\\\/www.comprarmejor.es\\\/en\\\/\"},{\"@type\":\"ListItem\",\"position\":2,\"name\":\"Shop\",\"item\":\"https:\\\/\\\/www.comprarmejor.es\\\/en\\\/shop\\\/\"},{\"@type\":\"ListItem\",\"position\":3,\"name\":\"Luxury book case, case-case, reverse open type\"}]},{\"@type\":\"WebSite\",\"@id\":\"https:\\\/\\\/www.comprarmejor.es\\\/en\\\/#website\",\"url\":\"https:\\\/\\\/www.comprarmejor.es\\\/en\\\/\",\"name\":\"ComprarMejor\",\"description\":\"ComprarMejor\",\"publisher\":{\"@id\":\"https:\\\/\\\/www.comprarmejor.es\\\/en\\\/#organization\"},\"potentialAction\":[{\"@type\":\"SearchAction\",\"target\":{\"@type\":\"EntryPoint\",\"urlTemplate\":\"https:\\\/\\\/www.comprarmejor.es\\\/en\\\/?s={search_term_string}\"},\"query-input\":{\"@type\":\"PropertyValueSpecification\",\"valueRequired\":true,\"valueName\":\"search_term_string\"}}],\"inLanguage\":\"en-US\"},{\"@type\":\"Organization\",\"@id\":\"https:\\\/\\\/www.comprarmejor.es\\\/en\\\/#organization\",\"name\":\"COMPRAR MEJOR\",\"url\":\"https:\\\/\\\/www.comprarmejor.es\\\/en\\\/\",\"logo\":{\"@type\":\"ImageObject\",\"inLanguage\":\"en-US\",\"@id\":\"https:\\\/\\\/www.comprarmejor.es\\\/en\\\/#\\\/schema\\\/logo\\\/image\\\/\",\"url\":\"https:\\\/\\\/www.comprarmejor.es\\\/wp-content\\\/uploads\\\/2025\\\/09\\\/comprarmejortrinidad.jpg\",\"contentUrl\":\"https:\\\/\\\/www.comprarmejor.es\\\/wp-content\\\/uploads\\\/2025\\\/09\\\/comprarmejortrinidad.jpg\",\"width\":1022,\"height\":1380,\"caption\":\"COMPRAR MEJOR\"},\"image\":{\"@id\":\"https:\\\/\\\/www.comprarmejor.es\\\/en\\\/#\\\/schema\\\/logo\\\/image\\\/\"},\"sameAs\":[\"https:\\\/\\\/www.instagram.com\\\/amigosdelcodice\"]}]}<\/script>\n<!-- \/ Yoast SEO plugin. -->","yoast_head_json":{"title":"Luxury book case, case-case, reverse open type","description":"Box-case open type, flap type, cover type, reverse, handmade in Dutch with back in golden leather, 4 ribs, and rest in red cloth paper. Rigid and strong.","robots":{"index":"index","follow":"follow","max-snippet":"max-snippet:-1","max-image-preview":"max-image-preview:large","max-video-preview":"max-video-preview:-1"},"canonical":"https:\/\/www.comprarmejor.es\/en\/product\/luxury-book-case-case-case-reverse-open-type-2\/","og_locale":"en_US","og_type":"article","og_title":"Luxury book case, case-case, reverse open type","og_description":"Box-case open type, flap type, cover type, reverse, handmade in Dutch with back in golden leather, 4 ribs, and rest in red cloth paper. Rigid and strong.","og_url":"https:\/\/www.comprarmejor.es\/en\/product\/luxury-book-case-case-case-reverse-open-type-2\/","og_site_name":"ComprarMejor","article_modified_time":"2019-09-15T11:22:24+00:00","og_image":[{"width":306,"height":349,"url":"https:\/\/www.comprarmejor.es\/wp-content\/uploads\/2017\/01\/p_7_4_7_2_7472-Funda-de-lujo-para-libro-caja-estuche-tipo-abierto-inverso.jpg","type":"image\/jpeg"}],"twitter_card":"summary_large_image","twitter_misc":{"Est. reading time":"1 minute"},"schema":{"@context":"https:\/\/schema.org","@graph":[{"@type":"WebPage","@id":"https:\/\/www.comprarmejor.es\/en\/product\/luxury-book-case-case-case-reverse-open-type-2\/","url":"https:\/\/www.comprarmejor.es\/en\/product\/luxury-book-case-case-case-reverse-open-type-2\/","name":"Luxury book case, case-case, reverse open type","isPartOf":{"@id":"https:\/\/www.comprarmejor.es\/en\/#website"},"primaryImageOfPage":{"@id":"https:\/\/www.comprarmejor.es\/en\/product\/luxury-book-case-case-case-reverse-open-type-2\/#primaryimage"},"image":{"@id":"https:\/\/www.comprarmejor.es\/en\/product\/luxury-book-case-case-case-reverse-open-type-2\/#primaryimage"},"thumbnailUrl":"https:\/\/www.comprarmejor.es\/wp-content\/uploads\/2017\/01\/p_7_4_7_2_7472-Funda-de-lujo-para-libro-caja-estuche-tipo-abierto-inverso.jpg","datePublished":"2017-01-18T23:17:10+00:00","dateModified":"2019-09-15T11:22:24+00:00","description":"Box-case open type, flap type, cover type, reverse, handmade in Dutch with back in golden leather, 4 ribs, and rest in red cloth paper. Rigid and strong.","breadcrumb":{"@id":"https:\/\/www.comprarmejor.es\/en\/product\/luxury-book-case-case-case-reverse-open-type-2\/#breadcrumb"},"inLanguage":"en-US","potentialAction":[{"@type":"ReadAction","target":["https:\/\/www.comprarmejor.es\/en\/product\/luxury-book-case-case-case-reverse-open-type-2\/"]}]},{"@type":"ImageObject","inLanguage":"en-US","@id":"https:\/\/www.comprarmejor.es\/en\/product\/luxury-book-case-case-case-reverse-open-type-2\/#primaryimage","url":"https:\/\/www.comprarmejor.es\/wp-content\/uploads\/2017\/01\/p_7_4_7_2_7472-Funda-de-lujo-para-libro-caja-estuche-tipo-abierto-inverso.jpg","contentUrl":"https:\/\/www.comprarmejor.es\/wp-content\/uploads\/2017\/01\/p_7_4_7_2_7472-Funda-de-lujo-para-libro-caja-estuche-tipo-abierto-inverso.jpg","width":306,"height":349},{"@type":"BreadcrumbList","@id":"https:\/\/www.comprarmejor.es\/en\/product\/luxury-book-case-case-case-reverse-open-type-2\/#breadcrumb","itemListElement":[{"@type":"ListItem","position":1,"name":"Portada","item":"https:\/\/www.comprarmejor.es\/en\/"},{"@type":"ListItem","position":2,"name":"Shop","item":"https:\/\/www.comprarmejor.es\/en\/shop\/"},{"@type":"ListItem","position":3,"name":"Luxury book case, case-case, reverse open type"}]},{"@type":"WebSite","@id":"https:\/\/www.comprarmejor.es\/en\/#website","url":"https:\/\/www.comprarmejor.es\/en\/","name":"ComprarMejor","description":"ComprarMejor","publisher":{"@id":"https:\/\/www.comprarmejor.es\/en\/#organization"},"potentialAction":[{"@type":"SearchAction","target":{"@type":"EntryPoint","urlTemplate":"https:\/\/www.comprarmejor.es\/en\/?s={search_term_string}"},"query-input":{"@type":"PropertyValueSpecification","valueRequired":true,"valueName":"search_term_string"}}],"inLanguage":"en-US"},{"@type":"Organization","@id":"https:\/\/www.comprarmejor.es\/en\/#organization","name":"COMPRAR MEJOR","url":"https:\/\/www.comprarmejor.es\/en\/","logo":{"@type":"ImageObject","inLanguage":"en-US","@id":"https:\/\/www.comprarmejor.es\/en\/#\/schema\/logo\/image\/","url":"https:\/\/www.comprarmejor.es\/wp-content\/uploads\/2025\/09\/comprarmejortrinidad.jpg","contentUrl":"https:\/\/www.comprarmejor.es\/wp-content\/uploads\/2025\/09\/comprarmejortrinidad.jpg","width":1022,"height":1380,"caption":"COMPRAR MEJOR"},"image":{"@id":"https:\/\/www.comprarmejor.es\/en\/#\/schema\/logo\/image\/"},"sameAs":["https:\/\/www.instagram.com\/amigosdelcodice"]}]}},"_links":{"self":[{"href":"https:\/\/www.comprarmejor.es\/en\/wp-json\/wp\/v2\/product\/54301","targetHints":{"allow":["GET"]}}],"collection":[{"href":"https:\/\/www.comprarmejor.es\/en\/wp-json\/wp\/v2\/product"}],"about":[{"href":"https:\/\/www.comprarmejor.es\/en\/wp-json\/wp\/v2\/types\/product"}],"wp:featuredmedia":[{"embeddable":true,"href":"https:\/\/www.comprarmejor.es\/en\/wp-json\/wp\/v2\/media\/54297"}],"wp:attachment":[{"href":"https:\/\/www.comprarmejor.es\/en\/wp-json\/wp\/v2\/media?parent=54301"}],"wp:term":[{"taxonomy":"product_brand","embeddable":true,"href":"https:\/\/www.comprarmejor.es\/en\/wp-json\/wp\/v2\/product_brand?post=54301"},{"taxonomy":"product_cat","embeddable":true,"href":"https:\/\/www.comprarmejor.es\/en\/wp-json\/wp\/v2\/product_cat?post=54301"},{"taxonomy":"product_tag","embeddable":true,"href":"https:\/\/www.comprarmejor.es\/en\/wp-json\/wp\/v2\/product_tag?post=54301"}],"curies":[{"name":"wp","href":"https:\/\/api.w.org\/{rel}","templated":true}]}}