{"id":54325,"date":"2017-01-21T13:22:52","date_gmt":"2017-01-21T12:22:52","guid":{"rendered":"https:\/\/www.comprarmejor.es\/producto\/lex-flavia-malacitana-malaga-1972\/"},"modified":"2021-06-17T14:06:17","modified_gmt":"2021-06-17T12:06:17","slug":"lex-flavia-malacitana-malaga-1972","status":"publish","type":"product","link":"https:\/\/www.comprarmejor.es\/en\/product\/lex-flavia-malacitana-malaga-1972\/","title":{"rendered":"Lex Flavia Malacitana, Malaga, 1972 (plus Mainake XXIII 2001)"},"content":{"rendered":"<p style=\"text-align: justify;\"><strong>Lex Flavia Malacitana<\/strong>. Introduction, version and notes by Rafael Le\u00f3n and Alfonso Canales, Doctors in Law. Malaga, City Hall, 1972.<\/p>\n<p style=\"text-align: justify;\">Special edition on the occasion of the XIV Inter-American Congress of Municipalities held in Malaga.<\/p>\n<p style=\"text-align: justify;\">Copy rebound in old gold sapphire vanol hardcover, format 22 x 28 cm. 64 pages. Folded sheet. Study, transcription and translation of Latin texts into Spanish.<\/p>\n<p style=\"text-align: justify;\">The Lex Flavia Malacitana, also known as Lex Malaca, is a compendium of five bronze tablets made up of legal statutes that establish the passage of the Roman city of Malacca (Malaga) from a federated city to a full-fledged municipality in the Roman Empire. Currently they are not preserved in their entirety, only those that contain the rubrics from 51 to 69, and are deposited in the National Archaeological Museum of Madrid.<\/p>\n<p style=\"text-align: justify;\">In <strong>EXCLUSIVE<\/strong> we are giving away a copy of the <strong>Mainake<\/strong> XXIII magazine from 2001 dedicated monographically to Lex Flavia Malacitana. Rustic bound with flaps, format 20 x 28 cm. 248 pages.<\/p>\n<p style=\"text-align: justify;\">Copies in perfect condition and unique in this presentation.<\/p>\n<p style=\"text-align: justify;\"><span title=\"Gastos de env\u00edo por cuenta del comprador, seg\u00fan pedido y destino.\">Shipping costs for the account of the buyer, according to order and destination.\u00a0<\/span><span title=\"Cons\u00faltenos sin compromiso cualquier duda, as\u00ed como por cualquier otro art\u00edculo que est\u00e9 buscando.\"><a class=\"btn btn-default\" href=\"https:\/\/www.comprarmejor.es\/en\/contact\">Ask us<\/a> without any questions, as well as any other item you are looking for.<\/span><\/p>\n","protected":false},"excerpt":{"rendered":"<p style=\"text-align: justify;\"><span id=\"result_box\" lang=\"en\" xml:lang=\"en\"><span title=\"Lex Flavia Malacitana.\">Lex Flavia Malacitana. <\/span><span title=\"Introducci\u00f3n, versi\u00f3n y notas de Rafael Le\u00f3n y Alfonso Canales, Doctores en Derecho.\">Introduction, version and notes of Rafael Le\u00f3n and Alfonso Canales, Doctors in Law. <\/span><span title=\"M\u00e1laga, Ayuntamiento, 1972.\">M\u00e1laga, City Hall, 1972.<\/span><\/span><\/p>\n","protected":false},"featured_media":68634,"template":"","meta":[],"product_brand":[],"product_cat":[2256,2238],"product_tag":[4284],"class_list":{"0":"post-54325","1":"product","2":"type-product","3":"status-publish","4":"has-post-thumbnail","6":"product_cat-books-in-general","7":"product_cat-exclusive-copies","8":"product_tag-lex-flavia-en-2","9":"product_shipping_class-from-2-to-5-kg","10":"description-off","12":"first","13":"instock","14":"taxable","15":"shipping-taxable","16":"purchasable","17":"product-type-simple"},"yoast_head":"<!-- This site is optimized with the Yoast SEO plugin v27.3 - https:\/\/yoast.com\/product\/yoast-seo-wordpress\/ -->\n<title>Lex Flavia Malacitana, Malaga, 1972 (plus Mainake XXIII 2001)<\/title>\n<meta name=\"description\" content=\"Lex Flavia Malacitana. Introduction, version and notes of Rafael Le\u00f3n and Alfonso Canales, Doctors in Law. M\u00e1laga, City Hall, 1972.\" \/>\n<meta name=\"robots\" content=\"index, follow, max-snippet:-1, max-image-preview:large, max-video-preview:-1\" \/>\n<link rel=\"canonical\" href=\"https:\/\/www.comprarmejor.es\/en\/product\/lex-flavia-malacitana-malaga-1972\/\" \/>\n<meta property=\"og:locale\" content=\"en_US\" \/>\n<meta property=\"og:type\" content=\"article\" \/>\n<meta property=\"og:title\" content=\"Lex Flavia Malacitana, Malaga, 1972 (plus Mainake XXIII 2001)\" \/>\n<meta property=\"og:description\" content=\"Lex Flavia Malacitana. Introduction, version and notes of Rafael Le\u00f3n and Alfonso Canales, Doctors in Law. M\u00e1laga, City Hall, 1972.\" \/>\n<meta property=\"og:url\" content=\"https:\/\/www.comprarmejor.es\/en\/product\/lex-flavia-malacitana-malaga-1972\/\" \/>\n<meta property=\"og:site_name\" content=\"ComprarMejor\" \/>\n<meta property=\"article:modified_time\" content=\"2021-06-17T12:06:17+00:00\" \/>\n<meta property=\"og:image\" content=\"https:\/\/www.comprarmejor.es\/wp-content\/uploads\/2017\/01\/LFM-3.jpg\" \/>\n\t<meta property=\"og:image:width\" content=\"464\" \/>\n\t<meta property=\"og:image:height\" content=\"600\" \/>\n\t<meta property=\"og:image:type\" content=\"image\/jpeg\" \/>\n<meta name=\"twitter:card\" content=\"summary_large_image\" \/>\n<meta name=\"twitter:label1\" content=\"Est. reading time\" \/>\n\t<meta name=\"twitter:data1\" content=\"1 minute\" \/>\n<script type=\"application\/ld+json\" class=\"yoast-schema-graph\">{\"@context\":\"https:\\\/\\\/schema.org\",\"@graph\":[{\"@type\":\"WebPage\",\"@id\":\"https:\\\/\\\/www.comprarmejor.es\\\/en\\\/product\\\/lex-flavia-malacitana-malaga-1972\\\/\",\"url\":\"https:\\\/\\\/www.comprarmejor.es\\\/en\\\/product\\\/lex-flavia-malacitana-malaga-1972\\\/\",\"name\":\"Lex Flavia Malacitana, Malaga, 1972 (plus Mainake XXIII 2001)\",\"isPartOf\":{\"@id\":\"https:\\\/\\\/www.comprarmejor.es\\\/en\\\/#website\"},\"primaryImageOfPage\":{\"@id\":\"https:\\\/\\\/www.comprarmejor.es\\\/en\\\/product\\\/lex-flavia-malacitana-malaga-1972\\\/#primaryimage\"},\"image\":{\"@id\":\"https:\\\/\\\/www.comprarmejor.es\\\/en\\\/product\\\/lex-flavia-malacitana-malaga-1972\\\/#primaryimage\"},\"thumbnailUrl\":\"https:\\\/\\\/www.comprarmejor.es\\\/wp-content\\\/uploads\\\/2017\\\/01\\\/LFM-3.jpg\",\"datePublished\":\"2017-01-21T12:22:52+00:00\",\"dateModified\":\"2021-06-17T12:06:17+00:00\",\"description\":\"Lex Flavia Malacitana. Introduction, version and notes of Rafael Le\u00f3n and Alfonso Canales, Doctors in Law. M\u00e1laga, City Hall, 1972.\",\"breadcrumb\":{\"@id\":\"https:\\\/\\\/www.comprarmejor.es\\\/en\\\/product\\\/lex-flavia-malacitana-malaga-1972\\\/#breadcrumb\"},\"inLanguage\":\"en-US\",\"potentialAction\":[{\"@type\":\"ReadAction\",\"target\":[\"https:\\\/\\\/www.comprarmejor.es\\\/en\\\/product\\\/lex-flavia-malacitana-malaga-1972\\\/\"]}]},{\"@type\":\"ImageObject\",\"inLanguage\":\"en-US\",\"@id\":\"https:\\\/\\\/www.comprarmejor.es\\\/en\\\/product\\\/lex-flavia-malacitana-malaga-1972\\\/#primaryimage\",\"url\":\"https:\\\/\\\/www.comprarmejor.es\\\/wp-content\\\/uploads\\\/2017\\\/01\\\/LFM-3.jpg\",\"contentUrl\":\"https:\\\/\\\/www.comprarmejor.es\\\/wp-content\\\/uploads\\\/2017\\\/01\\\/LFM-3.jpg\",\"width\":464,\"height\":600},{\"@type\":\"BreadcrumbList\",\"@id\":\"https:\\\/\\\/www.comprarmejor.es\\\/en\\\/product\\\/lex-flavia-malacitana-malaga-1972\\\/#breadcrumb\",\"itemListElement\":[{\"@type\":\"ListItem\",\"position\":1,\"name\":\"Portada\",\"item\":\"https:\\\/\\\/www.comprarmejor.es\\\/en\\\/\"},{\"@type\":\"ListItem\",\"position\":2,\"name\":\"Shop\",\"item\":\"https:\\\/\\\/www.comprarmejor.es\\\/en\\\/shop\\\/\"},{\"@type\":\"ListItem\",\"position\":3,\"name\":\"Lex Flavia Malacitana, Malaga, 1972 (plus Mainake XXIII 2001)\"}]},{\"@type\":\"WebSite\",\"@id\":\"https:\\\/\\\/www.comprarmejor.es\\\/en\\\/#website\",\"url\":\"https:\\\/\\\/www.comprarmejor.es\\\/en\\\/\",\"name\":\"ComprarMejor\",\"description\":\"ComprarMejor\",\"publisher\":{\"@id\":\"https:\\\/\\\/www.comprarmejor.es\\\/en\\\/#organization\"},\"potentialAction\":[{\"@type\":\"SearchAction\",\"target\":{\"@type\":\"EntryPoint\",\"urlTemplate\":\"https:\\\/\\\/www.comprarmejor.es\\\/en\\\/?s={search_term_string}\"},\"query-input\":{\"@type\":\"PropertyValueSpecification\",\"valueRequired\":true,\"valueName\":\"search_term_string\"}}],\"inLanguage\":\"en-US\"},{\"@type\":\"Organization\",\"@id\":\"https:\\\/\\\/www.comprarmejor.es\\\/en\\\/#organization\",\"name\":\"COMPRAR MEJOR\",\"url\":\"https:\\\/\\\/www.comprarmejor.es\\\/en\\\/\",\"logo\":{\"@type\":\"ImageObject\",\"inLanguage\":\"en-US\",\"@id\":\"https:\\\/\\\/www.comprarmejor.es\\\/en\\\/#\\\/schema\\\/logo\\\/image\\\/\",\"url\":\"https:\\\/\\\/www.comprarmejor.es\\\/wp-content\\\/uploads\\\/2025\\\/09\\\/comprarmejortrinidad.jpg\",\"contentUrl\":\"https:\\\/\\\/www.comprarmejor.es\\\/wp-content\\\/uploads\\\/2025\\\/09\\\/comprarmejortrinidad.jpg\",\"width\":1022,\"height\":1380,\"caption\":\"COMPRAR MEJOR\"},\"image\":{\"@id\":\"https:\\\/\\\/www.comprarmejor.es\\\/en\\\/#\\\/schema\\\/logo\\\/image\\\/\"},\"sameAs\":[\"https:\\\/\\\/www.instagram.com\\\/amigosdelcodice\"]}]}<\/script>\n<!-- \/ Yoast SEO plugin. -->","yoast_head_json":{"title":"Lex Flavia Malacitana, Malaga, 1972 (plus Mainake XXIII 2001)","description":"Lex Flavia Malacitana. Introduction, version and notes of Rafael Le\u00f3n and Alfonso Canales, Doctors in Law. M\u00e1laga, City Hall, 1972.","robots":{"index":"index","follow":"follow","max-snippet":"max-snippet:-1","max-image-preview":"max-image-preview:large","max-video-preview":"max-video-preview:-1"},"canonical":"https:\/\/www.comprarmejor.es\/en\/product\/lex-flavia-malacitana-malaga-1972\/","og_locale":"en_US","og_type":"article","og_title":"Lex Flavia Malacitana, Malaga, 1972 (plus Mainake XXIII 2001)","og_description":"Lex Flavia Malacitana. Introduction, version and notes of Rafael Le\u00f3n and Alfonso Canales, Doctors in Law. M\u00e1laga, City Hall, 1972.","og_url":"https:\/\/www.comprarmejor.es\/en\/product\/lex-flavia-malacitana-malaga-1972\/","og_site_name":"ComprarMejor","article_modified_time":"2021-06-17T12:06:17+00:00","og_image":[{"width":464,"height":600,"url":"https:\/\/www.comprarmejor.es\/wp-content\/uploads\/2017\/01\/LFM-3.jpg","type":"image\/jpeg"}],"twitter_card":"summary_large_image","twitter_misc":{"Est. reading time":"1 minute"},"schema":{"@context":"https:\/\/schema.org","@graph":[{"@type":"WebPage","@id":"https:\/\/www.comprarmejor.es\/en\/product\/lex-flavia-malacitana-malaga-1972\/","url":"https:\/\/www.comprarmejor.es\/en\/product\/lex-flavia-malacitana-malaga-1972\/","name":"Lex Flavia Malacitana, Malaga, 1972 (plus Mainake XXIII 2001)","isPartOf":{"@id":"https:\/\/www.comprarmejor.es\/en\/#website"},"primaryImageOfPage":{"@id":"https:\/\/www.comprarmejor.es\/en\/product\/lex-flavia-malacitana-malaga-1972\/#primaryimage"},"image":{"@id":"https:\/\/www.comprarmejor.es\/en\/product\/lex-flavia-malacitana-malaga-1972\/#primaryimage"},"thumbnailUrl":"https:\/\/www.comprarmejor.es\/wp-content\/uploads\/2017\/01\/LFM-3.jpg","datePublished":"2017-01-21T12:22:52+00:00","dateModified":"2021-06-17T12:06:17+00:00","description":"Lex Flavia Malacitana. Introduction, version and notes of Rafael Le\u00f3n and Alfonso Canales, Doctors in Law. M\u00e1laga, City Hall, 1972.","breadcrumb":{"@id":"https:\/\/www.comprarmejor.es\/en\/product\/lex-flavia-malacitana-malaga-1972\/#breadcrumb"},"inLanguage":"en-US","potentialAction":[{"@type":"ReadAction","target":["https:\/\/www.comprarmejor.es\/en\/product\/lex-flavia-malacitana-malaga-1972\/"]}]},{"@type":"ImageObject","inLanguage":"en-US","@id":"https:\/\/www.comprarmejor.es\/en\/product\/lex-flavia-malacitana-malaga-1972\/#primaryimage","url":"https:\/\/www.comprarmejor.es\/wp-content\/uploads\/2017\/01\/LFM-3.jpg","contentUrl":"https:\/\/www.comprarmejor.es\/wp-content\/uploads\/2017\/01\/LFM-3.jpg","width":464,"height":600},{"@type":"BreadcrumbList","@id":"https:\/\/www.comprarmejor.es\/en\/product\/lex-flavia-malacitana-malaga-1972\/#breadcrumb","itemListElement":[{"@type":"ListItem","position":1,"name":"Portada","item":"https:\/\/www.comprarmejor.es\/en\/"},{"@type":"ListItem","position":2,"name":"Shop","item":"https:\/\/www.comprarmejor.es\/en\/shop\/"},{"@type":"ListItem","position":3,"name":"Lex Flavia Malacitana, Malaga, 1972 (plus Mainake XXIII 2001)"}]},{"@type":"WebSite","@id":"https:\/\/www.comprarmejor.es\/en\/#website","url":"https:\/\/www.comprarmejor.es\/en\/","name":"ComprarMejor","description":"ComprarMejor","publisher":{"@id":"https:\/\/www.comprarmejor.es\/en\/#organization"},"potentialAction":[{"@type":"SearchAction","target":{"@type":"EntryPoint","urlTemplate":"https:\/\/www.comprarmejor.es\/en\/?s={search_term_string}"},"query-input":{"@type":"PropertyValueSpecification","valueRequired":true,"valueName":"search_term_string"}}],"inLanguage":"en-US"},{"@type":"Organization","@id":"https:\/\/www.comprarmejor.es\/en\/#organization","name":"COMPRAR MEJOR","url":"https:\/\/www.comprarmejor.es\/en\/","logo":{"@type":"ImageObject","inLanguage":"en-US","@id":"https:\/\/www.comprarmejor.es\/en\/#\/schema\/logo\/image\/","url":"https:\/\/www.comprarmejor.es\/wp-content\/uploads\/2025\/09\/comprarmejortrinidad.jpg","contentUrl":"https:\/\/www.comprarmejor.es\/wp-content\/uploads\/2025\/09\/comprarmejortrinidad.jpg","width":1022,"height":1380,"caption":"COMPRAR MEJOR"},"image":{"@id":"https:\/\/www.comprarmejor.es\/en\/#\/schema\/logo\/image\/"},"sameAs":["https:\/\/www.instagram.com\/amigosdelcodice"]}]}},"_links":{"self":[{"href":"https:\/\/www.comprarmejor.es\/en\/wp-json\/wp\/v2\/product\/54325","targetHints":{"allow":["GET"]}}],"collection":[{"href":"https:\/\/www.comprarmejor.es\/en\/wp-json\/wp\/v2\/product"}],"about":[{"href":"https:\/\/www.comprarmejor.es\/en\/wp-json\/wp\/v2\/types\/product"}],"wp:featuredmedia":[{"embeddable":true,"href":"https:\/\/www.comprarmejor.es\/en\/wp-json\/wp\/v2\/media\/68634"}],"wp:attachment":[{"href":"https:\/\/www.comprarmejor.es\/en\/wp-json\/wp\/v2\/media?parent=54325"}],"wp:term":[{"taxonomy":"product_brand","embeddable":true,"href":"https:\/\/www.comprarmejor.es\/en\/wp-json\/wp\/v2\/product_brand?post=54325"},{"taxonomy":"product_cat","embeddable":true,"href":"https:\/\/www.comprarmejor.es\/en\/wp-json\/wp\/v2\/product_cat?post=54325"},{"taxonomy":"product_tag","embeddable":true,"href":"https:\/\/www.comprarmejor.es\/en\/wp-json\/wp\/v2\/product_tag?post=54325"}],"curies":[{"name":"wp","href":"https:\/\/api.w.org\/{rel}","templated":true}]}}