{"id":54391,"date":"2017-01-29T13:38:56","date_gmt":"2017-01-29T12:38:56","guid":{"rendered":"https:\/\/www.comprarmejor.es\/producto\/eiho-japanese-porcelain-coffee-set\/"},"modified":"2022-02-10T18:06:44","modified_gmt":"2022-02-10T17:06:44","slug":"eiho-japanese-porcelain-coffee-set","status":"publish","type":"product","link":"https:\/\/www.comprarmejor.es\/en\/product\/eiho-japanese-porcelain-coffee-set\/","title":{"rendered":"Eiho Japanese porcelain coffee or tea set"},"content":{"rendered":"<p style=\"text-align: justify;\"><span id=\"result_box\" lang=\"en\" xml:lang=\"en\"><span title=\"Las Profec\u00edas de las Sibilas, m\u00e1s que un c\u00f3dice, es una aut\u00e9ntica obra de arte.\"><span class=\"tlid-translation translation\"><span title=\"\">Beautiful set of coffee or tea in Japanese porcelain of the Eiho brand, c.<\/span> <span title=\"\">1988. Engraving &#8220;EIHO GRADE A Made in Japan&#8221;.<\/span><\/span><\/span><\/span><\/p>\n<p style=\"text-align: justify;\"><span title=\"\">Painted in blue with gold edges and decorated with beautiful drawings of peacocks and flowers.<\/span><\/p>\n<p style=\"text-align: justify;\"><span title=\"\"><span class=\"VIiyi\" lang=\"en\"><span class=\"JLqJ4b\" data-language-for-alternatives=\"en\" data-language-to-translate-into=\"es\" data-phrase-index=\"0\" data-number-of-phrases=\"1\">Complete set, new, has never been used although it has been exposed but protected, consisting of:<\/span><\/span><\/span><br \/>\n<span title=\"\">6 cups<\/span><br \/>\n<span title=\"\">6 dishes<\/span><br \/>\n<span title=\"\">1 milkmaid girl<\/span><br \/>\n<span title=\"\">1 sugar bowl<\/span><br \/>\n<span title=\"\">1 large coffee maker<\/span><\/p>\n<p style=\"text-align: justify;\"><span title=\"\"><span class=\"VIiyi\" lang=\"en\"><span class=\"JLqJ4b\" data-language-for-alternatives=\"en\" data-language-to-translate-into=\"es\" data-phrase-index=\"0\" data-number-of-phrases=\"1\">If you do not remove the item from our facilities in Malaga, as it is made of a very delicate material, and although it will be properly packaged, we will not accept claims for breakage if you do not send us a video of the unpacking of all the pieces.<\/span><\/span><\/span><\/p>\n<p style=\"text-align: justify;\"><span title=\"resto de destinos, por cuenta del comprador, seg\u00fan pedido y destino.\"><span class=\"tlid-translation translation\"><span title=\"\">Shipping costs on behalf of the buyer, according to order and destination<\/span><\/span>.\u00a0<\/span><span title=\"Cons\u00faltenos sin compromiso cualquier duda, as\u00ed como por cualquier otro facs\u00edmile o art\u00edculo que est\u00e9 buscando.\"><a class=\"btn btn-default\" href=\"https:\/\/www.comprarmejor.es\/en\/contact\">Ask us<\/a> <span class=\"tlid-translation translation\"><span title=\"\">without obligation (indicating the reference of the article) any doubt.<\/span><\/span><br \/>\n<\/span><\/p>\n","protected":false},"excerpt":{"rendered":"<p style=\"text-align: justify;\"><span id=\"result_box\" lang=\"en\" xml:lang=\"en\"><span title=\"Este manuscrito, titulado Sibyllae et prophetae de Christo Salvatore vaticinantes (Las sibilas y los profetas que predicen a Cristo el Salvador), es producto del taller del iluminador franc\u00e9s Jean Poyer (circa 1445\u20131504) de Tours.\"><span class=\"tlid-translation translation\"><span title=\"\">Beautiful set of coffee or tea in Japanese porcelain of the Eiho brand, c.<\/span> <span title=\"\">1988. Engraving &#8220;EIHO GRADE A Made in Japan&#8221;.<\/span><\/span><\/span><\/span><\/p>\n","protected":false},"featured_media":54379,"template":"","meta":[],"product_brand":[],"product_cat":[5386],"product_tag":[5307,4278],"class_list":{"0":"post-54391","1":"product","2":"type-product","3":"status-publish","4":"has-post-thumbnail","6":"product_cat-home-decoration","7":"product_tag-cafe-en","8":"product_tag-eiho-en","9":"product_shipping_class-from-6-to-10-kg","10":"description-off","12":"first","13":"instock","14":"taxable","15":"shipping-taxable","16":"purchasable","17":"product-type-simple"},"yoast_head":"<!-- This site is optimized with the Yoast SEO plugin v27.3 - https:\/\/yoast.com\/product\/yoast-seo-wordpress\/ -->\n<title>Eiho Japanese porcelain coffee set<\/title>\n<meta name=\"description\" content=\"Beautiful set of coffee or tea in Japanese porcelain of the Eiho brand, c. 1988. Engraving &quot;EIHO GRADE A Made in Japan&quot;.\" \/>\n<meta name=\"robots\" content=\"index, follow, max-snippet:-1, max-image-preview:large, max-video-preview:-1\" \/>\n<link rel=\"canonical\" href=\"https:\/\/www.comprarmejor.es\/en\/product\/eiho-japanese-porcelain-coffee-set\/\" \/>\n<meta property=\"og:locale\" content=\"en_US\" \/>\n<meta property=\"og:type\" content=\"article\" \/>\n<meta property=\"og:title\" content=\"Eiho Japanese porcelain coffee set\" \/>\n<meta property=\"og:description\" content=\"Beautiful set of coffee or tea in Japanese porcelain of the Eiho brand, c. 1988. Engraving &quot;EIHO GRADE A Made in Japan&quot;.\" \/>\n<meta property=\"og:url\" content=\"https:\/\/www.comprarmejor.es\/en\/product\/eiho-japanese-porcelain-coffee-set\/\" \/>\n<meta property=\"og:site_name\" content=\"ComprarMejor\" \/>\n<meta property=\"article:modified_time\" content=\"2022-02-10T17:06:44+00:00\" \/>\n<meta property=\"og:image\" content=\"https:\/\/www.comprarmejor.es\/wp-content\/uploads\/2017\/01\/p_8_0_2_4_8024-Juego-de-cafe-porcelana-japonesa-Eiho.jpg\" \/>\n\t<meta property=\"og:image:width\" content=\"600\" \/>\n\t<meta property=\"og:image:height\" content=\"591\" \/>\n\t<meta property=\"og:image:type\" content=\"image\/jpeg\" \/>\n<meta name=\"twitter:card\" content=\"summary_large_image\" \/>\n<meta name=\"twitter:label1\" content=\"Est. reading time\" \/>\n\t<meta name=\"twitter:data1\" content=\"1 minute\" \/>\n<script type=\"application\/ld+json\" class=\"yoast-schema-graph\">{\"@context\":\"https:\\\/\\\/schema.org\",\"@graph\":[{\"@type\":\"WebPage\",\"@id\":\"https:\\\/\\\/www.comprarmejor.es\\\/en\\\/product\\\/eiho-japanese-porcelain-coffee-set\\\/\",\"url\":\"https:\\\/\\\/www.comprarmejor.es\\\/en\\\/product\\\/eiho-japanese-porcelain-coffee-set\\\/\",\"name\":\"Eiho Japanese porcelain coffee set\",\"isPartOf\":{\"@id\":\"https:\\\/\\\/www.comprarmejor.es\\\/en\\\/#website\"},\"primaryImageOfPage\":{\"@id\":\"https:\\\/\\\/www.comprarmejor.es\\\/en\\\/product\\\/eiho-japanese-porcelain-coffee-set\\\/#primaryimage\"},\"image\":{\"@id\":\"https:\\\/\\\/www.comprarmejor.es\\\/en\\\/product\\\/eiho-japanese-porcelain-coffee-set\\\/#primaryimage\"},\"thumbnailUrl\":\"https:\\\/\\\/www.comprarmejor.es\\\/wp-content\\\/uploads\\\/2017\\\/01\\\/p_8_0_2_4_8024-Juego-de-cafe-porcelana-japonesa-Eiho.jpg\",\"datePublished\":\"2017-01-29T12:38:56+00:00\",\"dateModified\":\"2022-02-10T17:06:44+00:00\",\"description\":\"Beautiful set of coffee or tea in Japanese porcelain of the Eiho brand, c. 1988. Engraving \\\"EIHO GRADE A Made in Japan\\\".\",\"breadcrumb\":{\"@id\":\"https:\\\/\\\/www.comprarmejor.es\\\/en\\\/product\\\/eiho-japanese-porcelain-coffee-set\\\/#breadcrumb\"},\"inLanguage\":\"en-US\",\"potentialAction\":[{\"@type\":\"ReadAction\",\"target\":[\"https:\\\/\\\/www.comprarmejor.es\\\/en\\\/product\\\/eiho-japanese-porcelain-coffee-set\\\/\"]}]},{\"@type\":\"ImageObject\",\"inLanguage\":\"en-US\",\"@id\":\"https:\\\/\\\/www.comprarmejor.es\\\/en\\\/product\\\/eiho-japanese-porcelain-coffee-set\\\/#primaryimage\",\"url\":\"https:\\\/\\\/www.comprarmejor.es\\\/wp-content\\\/uploads\\\/2017\\\/01\\\/p_8_0_2_4_8024-Juego-de-cafe-porcelana-japonesa-Eiho.jpg\",\"contentUrl\":\"https:\\\/\\\/www.comprarmejor.es\\\/wp-content\\\/uploads\\\/2017\\\/01\\\/p_8_0_2_4_8024-Juego-de-cafe-porcelana-japonesa-Eiho.jpg\",\"width\":600,\"height\":591},{\"@type\":\"BreadcrumbList\",\"@id\":\"https:\\\/\\\/www.comprarmejor.es\\\/en\\\/product\\\/eiho-japanese-porcelain-coffee-set\\\/#breadcrumb\",\"itemListElement\":[{\"@type\":\"ListItem\",\"position\":1,\"name\":\"Portada\",\"item\":\"https:\\\/\\\/www.comprarmejor.es\\\/en\\\/\"},{\"@type\":\"ListItem\",\"position\":2,\"name\":\"Shop\",\"item\":\"https:\\\/\\\/www.comprarmejor.es\\\/en\\\/shop\\\/\"},{\"@type\":\"ListItem\",\"position\":3,\"name\":\"Eiho Japanese porcelain coffee or tea set\"}]},{\"@type\":\"WebSite\",\"@id\":\"https:\\\/\\\/www.comprarmejor.es\\\/en\\\/#website\",\"url\":\"https:\\\/\\\/www.comprarmejor.es\\\/en\\\/\",\"name\":\"ComprarMejor\",\"description\":\"ComprarMejor\",\"publisher\":{\"@id\":\"https:\\\/\\\/www.comprarmejor.es\\\/en\\\/#organization\"},\"potentialAction\":[{\"@type\":\"SearchAction\",\"target\":{\"@type\":\"EntryPoint\",\"urlTemplate\":\"https:\\\/\\\/www.comprarmejor.es\\\/en\\\/?s={search_term_string}\"},\"query-input\":{\"@type\":\"PropertyValueSpecification\",\"valueRequired\":true,\"valueName\":\"search_term_string\"}}],\"inLanguage\":\"en-US\"},{\"@type\":\"Organization\",\"@id\":\"https:\\\/\\\/www.comprarmejor.es\\\/en\\\/#organization\",\"name\":\"COMPRAR MEJOR\",\"url\":\"https:\\\/\\\/www.comprarmejor.es\\\/en\\\/\",\"logo\":{\"@type\":\"ImageObject\",\"inLanguage\":\"en-US\",\"@id\":\"https:\\\/\\\/www.comprarmejor.es\\\/en\\\/#\\\/schema\\\/logo\\\/image\\\/\",\"url\":\"https:\\\/\\\/www.comprarmejor.es\\\/wp-content\\\/uploads\\\/2025\\\/09\\\/comprarmejortrinidad.jpg\",\"contentUrl\":\"https:\\\/\\\/www.comprarmejor.es\\\/wp-content\\\/uploads\\\/2025\\\/09\\\/comprarmejortrinidad.jpg\",\"width\":1022,\"height\":1380,\"caption\":\"COMPRAR MEJOR\"},\"image\":{\"@id\":\"https:\\\/\\\/www.comprarmejor.es\\\/en\\\/#\\\/schema\\\/logo\\\/image\\\/\"},\"sameAs\":[\"https:\\\/\\\/www.instagram.com\\\/amigosdelcodice\"]}]}<\/script>\n<!-- \/ Yoast SEO plugin. -->","yoast_head_json":{"title":"Eiho Japanese porcelain coffee set","description":"Beautiful set of coffee or tea in Japanese porcelain of the Eiho brand, c. 1988. Engraving \"EIHO GRADE A Made in Japan\".","robots":{"index":"index","follow":"follow","max-snippet":"max-snippet:-1","max-image-preview":"max-image-preview:large","max-video-preview":"max-video-preview:-1"},"canonical":"https:\/\/www.comprarmejor.es\/en\/product\/eiho-japanese-porcelain-coffee-set\/","og_locale":"en_US","og_type":"article","og_title":"Eiho Japanese porcelain coffee set","og_description":"Beautiful set of coffee or tea in Japanese porcelain of the Eiho brand, c. 1988. Engraving \"EIHO GRADE A Made in Japan\".","og_url":"https:\/\/www.comprarmejor.es\/en\/product\/eiho-japanese-porcelain-coffee-set\/","og_site_name":"ComprarMejor","article_modified_time":"2022-02-10T17:06:44+00:00","og_image":[{"width":600,"height":591,"url":"https:\/\/www.comprarmejor.es\/wp-content\/uploads\/2017\/01\/p_8_0_2_4_8024-Juego-de-cafe-porcelana-japonesa-Eiho.jpg","type":"image\/jpeg"}],"twitter_card":"summary_large_image","twitter_misc":{"Est. reading time":"1 minute"},"schema":{"@context":"https:\/\/schema.org","@graph":[{"@type":"WebPage","@id":"https:\/\/www.comprarmejor.es\/en\/product\/eiho-japanese-porcelain-coffee-set\/","url":"https:\/\/www.comprarmejor.es\/en\/product\/eiho-japanese-porcelain-coffee-set\/","name":"Eiho Japanese porcelain coffee set","isPartOf":{"@id":"https:\/\/www.comprarmejor.es\/en\/#website"},"primaryImageOfPage":{"@id":"https:\/\/www.comprarmejor.es\/en\/product\/eiho-japanese-porcelain-coffee-set\/#primaryimage"},"image":{"@id":"https:\/\/www.comprarmejor.es\/en\/product\/eiho-japanese-porcelain-coffee-set\/#primaryimage"},"thumbnailUrl":"https:\/\/www.comprarmejor.es\/wp-content\/uploads\/2017\/01\/p_8_0_2_4_8024-Juego-de-cafe-porcelana-japonesa-Eiho.jpg","datePublished":"2017-01-29T12:38:56+00:00","dateModified":"2022-02-10T17:06:44+00:00","description":"Beautiful set of coffee or tea in Japanese porcelain of the Eiho brand, c. 1988. Engraving \"EIHO GRADE A Made in Japan\".","breadcrumb":{"@id":"https:\/\/www.comprarmejor.es\/en\/product\/eiho-japanese-porcelain-coffee-set\/#breadcrumb"},"inLanguage":"en-US","potentialAction":[{"@type":"ReadAction","target":["https:\/\/www.comprarmejor.es\/en\/product\/eiho-japanese-porcelain-coffee-set\/"]}]},{"@type":"ImageObject","inLanguage":"en-US","@id":"https:\/\/www.comprarmejor.es\/en\/product\/eiho-japanese-porcelain-coffee-set\/#primaryimage","url":"https:\/\/www.comprarmejor.es\/wp-content\/uploads\/2017\/01\/p_8_0_2_4_8024-Juego-de-cafe-porcelana-japonesa-Eiho.jpg","contentUrl":"https:\/\/www.comprarmejor.es\/wp-content\/uploads\/2017\/01\/p_8_0_2_4_8024-Juego-de-cafe-porcelana-japonesa-Eiho.jpg","width":600,"height":591},{"@type":"BreadcrumbList","@id":"https:\/\/www.comprarmejor.es\/en\/product\/eiho-japanese-porcelain-coffee-set\/#breadcrumb","itemListElement":[{"@type":"ListItem","position":1,"name":"Portada","item":"https:\/\/www.comprarmejor.es\/en\/"},{"@type":"ListItem","position":2,"name":"Shop","item":"https:\/\/www.comprarmejor.es\/en\/shop\/"},{"@type":"ListItem","position":3,"name":"Eiho Japanese porcelain coffee or tea set"}]},{"@type":"WebSite","@id":"https:\/\/www.comprarmejor.es\/en\/#website","url":"https:\/\/www.comprarmejor.es\/en\/","name":"ComprarMejor","description":"ComprarMejor","publisher":{"@id":"https:\/\/www.comprarmejor.es\/en\/#organization"},"potentialAction":[{"@type":"SearchAction","target":{"@type":"EntryPoint","urlTemplate":"https:\/\/www.comprarmejor.es\/en\/?s={search_term_string}"},"query-input":{"@type":"PropertyValueSpecification","valueRequired":true,"valueName":"search_term_string"}}],"inLanguage":"en-US"},{"@type":"Organization","@id":"https:\/\/www.comprarmejor.es\/en\/#organization","name":"COMPRAR MEJOR","url":"https:\/\/www.comprarmejor.es\/en\/","logo":{"@type":"ImageObject","inLanguage":"en-US","@id":"https:\/\/www.comprarmejor.es\/en\/#\/schema\/logo\/image\/","url":"https:\/\/www.comprarmejor.es\/wp-content\/uploads\/2025\/09\/comprarmejortrinidad.jpg","contentUrl":"https:\/\/www.comprarmejor.es\/wp-content\/uploads\/2025\/09\/comprarmejortrinidad.jpg","width":1022,"height":1380,"caption":"COMPRAR MEJOR"},"image":{"@id":"https:\/\/www.comprarmejor.es\/en\/#\/schema\/logo\/image\/"},"sameAs":["https:\/\/www.instagram.com\/amigosdelcodice"]}]}},"_links":{"self":[{"href":"https:\/\/www.comprarmejor.es\/en\/wp-json\/wp\/v2\/product\/54391","targetHints":{"allow":["GET"]}}],"collection":[{"href":"https:\/\/www.comprarmejor.es\/en\/wp-json\/wp\/v2\/product"}],"about":[{"href":"https:\/\/www.comprarmejor.es\/en\/wp-json\/wp\/v2\/types\/product"}],"wp:featuredmedia":[{"embeddable":true,"href":"https:\/\/www.comprarmejor.es\/en\/wp-json\/wp\/v2\/media\/54379"}],"wp:attachment":[{"href":"https:\/\/www.comprarmejor.es\/en\/wp-json\/wp\/v2\/media?parent=54391"}],"wp:term":[{"taxonomy":"product_brand","embeddable":true,"href":"https:\/\/www.comprarmejor.es\/en\/wp-json\/wp\/v2\/product_brand?post=54391"},{"taxonomy":"product_cat","embeddable":true,"href":"https:\/\/www.comprarmejor.es\/en\/wp-json\/wp\/v2\/product_cat?post=54391"},{"taxonomy":"product_tag","embeddable":true,"href":"https:\/\/www.comprarmejor.es\/en\/wp-json\/wp\/v2\/product_tag?post=54391"}],"curies":[{"name":"wp","href":"https:\/\/api.w.org\/{rel}","templated":true}]}}