{"id":54401,"date":"2017-01-30T17:56:16","date_gmt":"2017-01-30T16:56:16","guid":{"rendered":"https:\/\/www.comprarmejor.es\/producto\/horae-books-of-hours-in-spanish-libraries\/"},"modified":"2022-11-28T22:23:24","modified_gmt":"2022-11-28T21:23:24","slug":"horae-books-of-hours-in-spanish-libraries","status":"publish","type":"product","link":"https:\/\/www.comprarmejor.es\/en\/product\/horae-books-of-hours-in-spanish-libraries\/","title":{"rendered":"Horae, Books of Hours in Spanish Libraries"},"content":{"rendered":"<p style=\"text-align: justify;\"><span id=\"result_box\" lang=\"en\" xml:lang=\"en\"><span title=\"Horae, el poder de la imagen.\"><strong>Horae<\/strong>, the power of the image. <\/span><span title=\"Libros de Horas en Bibliotecas Espa\u00f1olas.\">Books of Hours in Spanish Libraries. <\/span><span title=\"La sociedad y las creencias de todo el mundo medieval reflejadas como en un espejo en m\u00e1s de 400 im\u00e1genes.\">Society and beliefs from all over the medieval world mirrored like in a mirror in over 400 images.<\/span><\/span><\/p>\n<p style=\"text-align: justify;\"><span title=\"Ejemplar en perfecto estado, totalmente nuevo.\"><span lang=\"en\" xml:lang=\"en\"><span title=\"Las p\u00e1ginas de este bello y gran libro incorporan una ansiada e in\u00e9dita recopilaci\u00f3n de los 50 Libros de Horas m\u00e1s valiosos conservados en Bibliotecas espa\u00f1olas.\">The pages of this beautiful and great book incorporate an awaited and unpublished compilation of the 50 most valuable Books of Hours preserved in Spanish Libraries.<\/span><\/span><\/span><\/p>\n<p style=\"text-align: justify;\"><span title=\"Los 50 c\u00f3dices seleccionados atesoran en sus folios un sorprendente mundo de im\u00e1genes y decoraciones, aut\u00e9nticas obras de arte en las que intervinieron los mejores artistas g\u00f3ticos y renacentistas.\">The 50 chosen codices treasure in their folios a surprising world of images and decorations, authentic works of art in which the best gothic and Renaissance artists took part.<\/span><\/p>\n<p style=\"text-align: justify;\"><span title=\"Las 500 p\u00e1ginas de este libro conjugan por primera vez una esmerada colecci\u00f3n de textos cient\u00edficos con un sugestivo compendio de im\u00e1genes.\">The 500 pages of this book combine for the first time a careful collection of scientific texts with a suggestive compendium of images.<\/span><\/p>\n<p style=\"text-align: justify;\"><span title=\"Tanto si es un coleccionista de Libros de Horas, un bibli\u00f3filo, un amante de la belleza, del arte, de la historia y de la cultura, como un simple curioso en el sorprendente mundo de los libros, as\u00f3mese a la fascinante ventana del Medioevo hojeando\">Whether you are a collector of Books of Hours, a bibliophile, a lover of beauty, art, history and culture, as a mere curiosity in the amazing world of books, look at the fascinating window of the Middle Ages browsing <\/span><span title=\"las p\u00e1ginas de este libro, bellamente editado a finales de 2016.\">The pages of this book, beautifully edited at the end of 2016.<\/span><\/p>\n<p style=\"text-align: justify;\"><span title=\"Encuadernado en carton\u00e9 tapa dura ilustrada.\">Hardcover illustrated hardcover bookbinding. <\/span><span title=\"Formato 25,5 x 35,5 cm.\">Format 25,5 x 35,5 cm. <\/span><span title=\"512 p\u00e1ginas con m\u00e1s de 400 ilustraciones.\">512 pages with more than 400 illustrations. <span lang=\"en\" xml:lang=\"en\">Guide tape.<\/span> <\/span><span title=\"Autores: Josefina Planas Badenas y Javier Docampo Capilla.\">Authors: Josefina Planas Badenas and Javier Docampo Capilla. <\/span><span title=\"Peso de algo m\u00e1s de 4 kg (sin embalaje).\">Weight of more than 4 kg (without packaging).<\/span><\/p>\n<p style=\"text-align: justify;\"><span title=\"Textos en espa\u00f1ol.\">Texts in Spanish. <\/span><span title=\"Contiene adem\u00e1s 57 p\u00e1ginas en ingl\u00e9s con las rese\u00f1as y datos bibliogr\u00e1ficos de los 50 libros de horas.\">It also contains 57 pages in English with the reviews and bibliographic data of the 50 books of hours.<\/span><\/p>\n<p style=\"text-align: justify;\"><span lang=\"en\" xml:lang=\"en\">Exemplary in perfect condition, brand new and sealed.<\/span><\/p>\n<p style=\"text-align: justify;\"><span title=\"Gastos de env\u00edo por cuenta del comprador, seg\u00fan pedido y destino.\">Shipping costs for the account of the buyer, according to order and destination.\u00a0<\/span><span title=\"Cons\u00faltenos sin compromiso cualquier duda, as\u00ed como por cualquier otro art\u00edculo que est\u00e9 buscando.\"><a class=\"btn btn-default\" href=\"http:\/\/comprarmejor.es\/en\/contact\">Ask us<\/a> without any questions, as well as any other item you are looking <span lang=\"en\" xml:lang=\"en\">for.<\/span><\/span><\/p>\n<p style=\"text-align: justify;\">This book was presented at the National Library of Spain on February 22, 2017. You can see the act on Youtube by <a href=\"https:\/\/www.youtube.com\/watch?v=JBT6YYRFS2k&amp;feature=youtu.be\" target=\"_blank\" rel=\"noopener noreferrer\">clicking here<\/a>.<\/p>\n<p><iframe loading=\"lazy\" src=\"\/\/www.youtube.com\/embed\/7N5aDs_knPk\" width=\"560\" height=\"314\" allowfullscreen=\"allowfullscreen\"><\/iframe><\/p>\n","protected":false},"excerpt":{"rendered":"<p style=\"text-align: justify;\"><span id=\"result_box\" lang=\"en\" xml:lang=\"en\"><span title=\"Horae, el poder de la imagen.\">Horae, the power of the image. <\/span><span title=\"Libros de Horas en Bibliotecas Espa\u00f1olas.\">Books of Hours in Spanish Libraries. <\/span><span title=\"La sociedad y las creencias de todo el mundo medieval reflejadas como en un espejo en m\u00e1s de 400 im\u00e1genes.\">Society and beliefs from all over the medieval world mirrored like in a mirror in over 400 images.<\/span><\/span><\/p>\n","protected":false},"featured_media":54393,"template":"","meta":[],"product_brand":[],"product_cat":[2256,2226],"product_tag":[5122,4002],"class_list":{"0":"post-54401","1":"product","2":"type-product","3":"status-publish","4":"has-post-thumbnail","6":"product_cat-books-in-general","7":"product_cat-books-of-hours","8":"product_tag-hours-en","9":"product_tag-orbis-en","10":"product_shipping_class-from-2-to-5-kg","11":"description-off","13":"first","14":"instock","15":"taxable","16":"shipping-taxable","17":"purchasable","18":"product-type-simple"},"yoast_head":"<!-- This site is optimized with the Yoast SEO plugin v27.3 - https:\/\/yoast.com\/product\/yoast-seo-wordpress\/ -->\n<title>Horae, the power of the image. Books of Hours in Spanish Libraries<\/title>\n<meta name=\"description\" content=\"Horae, the power of the image. Books of Hours in Spanish Libraries. Society and beliefs from around the medieval world reflected in over 400 images.\" \/>\n<meta name=\"robots\" content=\"index, follow, max-snippet:-1, max-image-preview:large, max-video-preview:-1\" \/>\n<link rel=\"canonical\" href=\"https:\/\/www.comprarmejor.es\/en\/product\/horae-books-of-hours-in-spanish-libraries\/\" \/>\n<meta property=\"og:locale\" content=\"en_US\" \/>\n<meta property=\"og:type\" content=\"article\" \/>\n<meta property=\"og:title\" content=\"Horae, the power of the image. Books of Hours in Spanish Libraries\" \/>\n<meta property=\"og:description\" content=\"Horae, the power of the image. Books of Hours in Spanish Libraries. Society and beliefs from around the medieval world reflected in over 400 images.\" \/>\n<meta property=\"og:url\" content=\"https:\/\/www.comprarmejor.es\/en\/product\/horae-books-of-hours-in-spanish-libraries\/\" \/>\n<meta property=\"og:site_name\" content=\"ComprarMejor\" \/>\n<meta property=\"article:modified_time\" content=\"2022-11-28T21:23:24+00:00\" \/>\n<meta property=\"og:image\" content=\"https:\/\/www.comprarmejor.es\/wp-content\/uploads\/2017\/01\/p_6_3_0_9_6309-Horae-Libros-de-Horas-en-Bibliotecas-Espanolas.jpg\" \/>\n\t<meta property=\"og:image:width\" content=\"539\" \/>\n\t<meta property=\"og:image:height\" content=\"600\" \/>\n\t<meta property=\"og:image:type\" content=\"image\/jpeg\" \/>\n<meta name=\"twitter:card\" content=\"summary_large_image\" \/>\n<meta name=\"twitter:label1\" content=\"Est. reading time\" \/>\n\t<meta name=\"twitter:data1\" content=\"2 minutes\" \/>\n<script type=\"application\/ld+json\" class=\"yoast-schema-graph\">{\"@context\":\"https:\\\/\\\/schema.org\",\"@graph\":[{\"@type\":\"WebPage\",\"@id\":\"https:\\\/\\\/www.comprarmejor.es\\\/en\\\/product\\\/horae-books-of-hours-in-spanish-libraries\\\/\",\"url\":\"https:\\\/\\\/www.comprarmejor.es\\\/en\\\/product\\\/horae-books-of-hours-in-spanish-libraries\\\/\",\"name\":\"Horae, the power of the image. Books of Hours in Spanish Libraries\",\"isPartOf\":{\"@id\":\"https:\\\/\\\/www.comprarmejor.es\\\/en\\\/#website\"},\"primaryImageOfPage\":{\"@id\":\"https:\\\/\\\/www.comprarmejor.es\\\/en\\\/product\\\/horae-books-of-hours-in-spanish-libraries\\\/#primaryimage\"},\"image\":{\"@id\":\"https:\\\/\\\/www.comprarmejor.es\\\/en\\\/product\\\/horae-books-of-hours-in-spanish-libraries\\\/#primaryimage\"},\"thumbnailUrl\":\"https:\\\/\\\/www.comprarmejor.es\\\/wp-content\\\/uploads\\\/2017\\\/01\\\/p_6_3_0_9_6309-Horae-Libros-de-Horas-en-Bibliotecas-Espanolas.jpg\",\"datePublished\":\"2017-01-30T16:56:16+00:00\",\"dateModified\":\"2022-11-28T21:23:24+00:00\",\"description\":\"Horae, the power of the image. Books of Hours in Spanish Libraries. Society and beliefs from around the medieval world reflected in over 400 images.\",\"breadcrumb\":{\"@id\":\"https:\\\/\\\/www.comprarmejor.es\\\/en\\\/product\\\/horae-books-of-hours-in-spanish-libraries\\\/#breadcrumb\"},\"inLanguage\":\"en-US\",\"potentialAction\":[{\"@type\":\"ReadAction\",\"target\":[\"https:\\\/\\\/www.comprarmejor.es\\\/en\\\/product\\\/horae-books-of-hours-in-spanish-libraries\\\/\"]}]},{\"@type\":\"ImageObject\",\"inLanguage\":\"en-US\",\"@id\":\"https:\\\/\\\/www.comprarmejor.es\\\/en\\\/product\\\/horae-books-of-hours-in-spanish-libraries\\\/#primaryimage\",\"url\":\"https:\\\/\\\/www.comprarmejor.es\\\/wp-content\\\/uploads\\\/2017\\\/01\\\/p_6_3_0_9_6309-Horae-Libros-de-Horas-en-Bibliotecas-Espanolas.jpg\",\"contentUrl\":\"https:\\\/\\\/www.comprarmejor.es\\\/wp-content\\\/uploads\\\/2017\\\/01\\\/p_6_3_0_9_6309-Horae-Libros-de-Horas-en-Bibliotecas-Espanolas.jpg\",\"width\":539,\"height\":600},{\"@type\":\"BreadcrumbList\",\"@id\":\"https:\\\/\\\/www.comprarmejor.es\\\/en\\\/product\\\/horae-books-of-hours-in-spanish-libraries\\\/#breadcrumb\",\"itemListElement\":[{\"@type\":\"ListItem\",\"position\":1,\"name\":\"Portada\",\"item\":\"https:\\\/\\\/www.comprarmejor.es\\\/en\\\/\"},{\"@type\":\"ListItem\",\"position\":2,\"name\":\"Shop\",\"item\":\"https:\\\/\\\/www.comprarmejor.es\\\/en\\\/shop\\\/\"},{\"@type\":\"ListItem\",\"position\":3,\"name\":\"Horae, Books of Hours in Spanish Libraries\"}]},{\"@type\":\"WebSite\",\"@id\":\"https:\\\/\\\/www.comprarmejor.es\\\/en\\\/#website\",\"url\":\"https:\\\/\\\/www.comprarmejor.es\\\/en\\\/\",\"name\":\"ComprarMejor\",\"description\":\"ComprarMejor\",\"publisher\":{\"@id\":\"https:\\\/\\\/www.comprarmejor.es\\\/en\\\/#organization\"},\"potentialAction\":[{\"@type\":\"SearchAction\",\"target\":{\"@type\":\"EntryPoint\",\"urlTemplate\":\"https:\\\/\\\/www.comprarmejor.es\\\/en\\\/?s={search_term_string}\"},\"query-input\":{\"@type\":\"PropertyValueSpecification\",\"valueRequired\":true,\"valueName\":\"search_term_string\"}}],\"inLanguage\":\"en-US\"},{\"@type\":\"Organization\",\"@id\":\"https:\\\/\\\/www.comprarmejor.es\\\/en\\\/#organization\",\"name\":\"COMPRAR MEJOR\",\"url\":\"https:\\\/\\\/www.comprarmejor.es\\\/en\\\/\",\"logo\":{\"@type\":\"ImageObject\",\"inLanguage\":\"en-US\",\"@id\":\"https:\\\/\\\/www.comprarmejor.es\\\/en\\\/#\\\/schema\\\/logo\\\/image\\\/\",\"url\":\"https:\\\/\\\/www.comprarmejor.es\\\/wp-content\\\/uploads\\\/2025\\\/09\\\/comprarmejortrinidad.jpg\",\"contentUrl\":\"https:\\\/\\\/www.comprarmejor.es\\\/wp-content\\\/uploads\\\/2025\\\/09\\\/comprarmejortrinidad.jpg\",\"width\":1022,\"height\":1380,\"caption\":\"COMPRAR MEJOR\"},\"image\":{\"@id\":\"https:\\\/\\\/www.comprarmejor.es\\\/en\\\/#\\\/schema\\\/logo\\\/image\\\/\"},\"sameAs\":[\"https:\\\/\\\/www.instagram.com\\\/amigosdelcodice\"]}]}<\/script>\n<!-- \/ Yoast SEO plugin. -->","yoast_head_json":{"title":"Horae, the power of the image. Books of Hours in Spanish Libraries","description":"Horae, the power of the image. Books of Hours in Spanish Libraries. Society and beliefs from around the medieval world reflected in over 400 images.","robots":{"index":"index","follow":"follow","max-snippet":"max-snippet:-1","max-image-preview":"max-image-preview:large","max-video-preview":"max-video-preview:-1"},"canonical":"https:\/\/www.comprarmejor.es\/en\/product\/horae-books-of-hours-in-spanish-libraries\/","og_locale":"en_US","og_type":"article","og_title":"Horae, the power of the image. Books of Hours in Spanish Libraries","og_description":"Horae, the power of the image. Books of Hours in Spanish Libraries. Society and beliefs from around the medieval world reflected in over 400 images.","og_url":"https:\/\/www.comprarmejor.es\/en\/product\/horae-books-of-hours-in-spanish-libraries\/","og_site_name":"ComprarMejor","article_modified_time":"2022-11-28T21:23:24+00:00","og_image":[{"width":539,"height":600,"url":"https:\/\/www.comprarmejor.es\/wp-content\/uploads\/2017\/01\/p_6_3_0_9_6309-Horae-Libros-de-Horas-en-Bibliotecas-Espanolas.jpg","type":"image\/jpeg"}],"twitter_card":"summary_large_image","twitter_misc":{"Est. reading time":"2 minutes"},"schema":{"@context":"https:\/\/schema.org","@graph":[{"@type":"WebPage","@id":"https:\/\/www.comprarmejor.es\/en\/product\/horae-books-of-hours-in-spanish-libraries\/","url":"https:\/\/www.comprarmejor.es\/en\/product\/horae-books-of-hours-in-spanish-libraries\/","name":"Horae, the power of the image. Books of Hours in Spanish Libraries","isPartOf":{"@id":"https:\/\/www.comprarmejor.es\/en\/#website"},"primaryImageOfPage":{"@id":"https:\/\/www.comprarmejor.es\/en\/product\/horae-books-of-hours-in-spanish-libraries\/#primaryimage"},"image":{"@id":"https:\/\/www.comprarmejor.es\/en\/product\/horae-books-of-hours-in-spanish-libraries\/#primaryimage"},"thumbnailUrl":"https:\/\/www.comprarmejor.es\/wp-content\/uploads\/2017\/01\/p_6_3_0_9_6309-Horae-Libros-de-Horas-en-Bibliotecas-Espanolas.jpg","datePublished":"2017-01-30T16:56:16+00:00","dateModified":"2022-11-28T21:23:24+00:00","description":"Horae, the power of the image. Books of Hours in Spanish Libraries. Society and beliefs from around the medieval world reflected in over 400 images.","breadcrumb":{"@id":"https:\/\/www.comprarmejor.es\/en\/product\/horae-books-of-hours-in-spanish-libraries\/#breadcrumb"},"inLanguage":"en-US","potentialAction":[{"@type":"ReadAction","target":["https:\/\/www.comprarmejor.es\/en\/product\/horae-books-of-hours-in-spanish-libraries\/"]}]},{"@type":"ImageObject","inLanguage":"en-US","@id":"https:\/\/www.comprarmejor.es\/en\/product\/horae-books-of-hours-in-spanish-libraries\/#primaryimage","url":"https:\/\/www.comprarmejor.es\/wp-content\/uploads\/2017\/01\/p_6_3_0_9_6309-Horae-Libros-de-Horas-en-Bibliotecas-Espanolas.jpg","contentUrl":"https:\/\/www.comprarmejor.es\/wp-content\/uploads\/2017\/01\/p_6_3_0_9_6309-Horae-Libros-de-Horas-en-Bibliotecas-Espanolas.jpg","width":539,"height":600},{"@type":"BreadcrumbList","@id":"https:\/\/www.comprarmejor.es\/en\/product\/horae-books-of-hours-in-spanish-libraries\/#breadcrumb","itemListElement":[{"@type":"ListItem","position":1,"name":"Portada","item":"https:\/\/www.comprarmejor.es\/en\/"},{"@type":"ListItem","position":2,"name":"Shop","item":"https:\/\/www.comprarmejor.es\/en\/shop\/"},{"@type":"ListItem","position":3,"name":"Horae, Books of Hours in Spanish Libraries"}]},{"@type":"WebSite","@id":"https:\/\/www.comprarmejor.es\/en\/#website","url":"https:\/\/www.comprarmejor.es\/en\/","name":"ComprarMejor","description":"ComprarMejor","publisher":{"@id":"https:\/\/www.comprarmejor.es\/en\/#organization"},"potentialAction":[{"@type":"SearchAction","target":{"@type":"EntryPoint","urlTemplate":"https:\/\/www.comprarmejor.es\/en\/?s={search_term_string}"},"query-input":{"@type":"PropertyValueSpecification","valueRequired":true,"valueName":"search_term_string"}}],"inLanguage":"en-US"},{"@type":"Organization","@id":"https:\/\/www.comprarmejor.es\/en\/#organization","name":"COMPRAR MEJOR","url":"https:\/\/www.comprarmejor.es\/en\/","logo":{"@type":"ImageObject","inLanguage":"en-US","@id":"https:\/\/www.comprarmejor.es\/en\/#\/schema\/logo\/image\/","url":"https:\/\/www.comprarmejor.es\/wp-content\/uploads\/2025\/09\/comprarmejortrinidad.jpg","contentUrl":"https:\/\/www.comprarmejor.es\/wp-content\/uploads\/2025\/09\/comprarmejortrinidad.jpg","width":1022,"height":1380,"caption":"COMPRAR MEJOR"},"image":{"@id":"https:\/\/www.comprarmejor.es\/en\/#\/schema\/logo\/image\/"},"sameAs":["https:\/\/www.instagram.com\/amigosdelcodice"]}]}},"_links":{"self":[{"href":"https:\/\/www.comprarmejor.es\/en\/wp-json\/wp\/v2\/product\/54401","targetHints":{"allow":["GET"]}}],"collection":[{"href":"https:\/\/www.comprarmejor.es\/en\/wp-json\/wp\/v2\/product"}],"about":[{"href":"https:\/\/www.comprarmejor.es\/en\/wp-json\/wp\/v2\/types\/product"}],"wp:featuredmedia":[{"embeddable":true,"href":"https:\/\/www.comprarmejor.es\/en\/wp-json\/wp\/v2\/media\/54393"}],"wp:attachment":[{"href":"https:\/\/www.comprarmejor.es\/en\/wp-json\/wp\/v2\/media?parent=54401"}],"wp:term":[{"taxonomy":"product_brand","embeddable":true,"href":"https:\/\/www.comprarmejor.es\/en\/wp-json\/wp\/v2\/product_brand?post=54401"},{"taxonomy":"product_cat","embeddable":true,"href":"https:\/\/www.comprarmejor.es\/en\/wp-json\/wp\/v2\/product_cat?post=54401"},{"taxonomy":"product_tag","embeddable":true,"href":"https:\/\/www.comprarmejor.es\/en\/wp-json\/wp\/v2\/product_tag?post=54401"}],"curies":[{"name":"wp","href":"https:\/\/api.w.org\/{rel}","templated":true}]}}