{"id":54407,"date":"2017-02-01T22:18:07","date_gmt":"2017-02-01T21:18:07","guid":{"rendered":"https:\/\/www.comprarmejor.es\/producto\/the-mayan-testament-steve-alten-2007\/"},"modified":"2020-05-03T17:18:51","modified_gmt":"2020-05-03T15:18:51","slug":"el-testamento-maya-steve-alten-2007","status":"publish","type":"product","link":"https:\/\/www.comprarmejor.es\/en\/product\/el-testamento-maya-steve-alten-2007\/","title":{"rendered":"El Testamento Maya, Steve Alten, 2007"},"content":{"rendered":"<p style=\"text-align: justify;\"><span id=\"result_box\" lang=\"en\" xml:lang=\"en\"><span title=\"Ejemplar original de la primera edici\u00f3n de 1922 de la obra Don Juan, de Azor\u00edn, miembro de la Generaci\u00f3n del 98, grupo literario emblem\u00e1tico de finales del siglo XIX espa\u00f1ol.\"><span lang=\"en\" xml:lang=\"en\"><span title=\"A esta misma etapa pertenece Don Juan (1922), basada en la conversi\u00f3n cristiana del mito.\"><span lang=\"en\" xml:lang=\"en\"><span title=\"Ejemplar en perfecto estado, a estrenar, de la novela &quot;El testamento maya&quot;, de Steve Alten.\">In perfect condition, brand new, from the novel &#8220;The Mayan Testament&#8221;, by Steve Alten. <\/span><span title=\"T\u00edtulo original: Domain.\">Original title: Domain. <\/span><span title=\"Traducci\u00f3n al espa\u00f1ol por Mar\u00eda Cristina Mart\u00edn Sanz.\">Spanish translation by Mar\u00eda Cristina Mart\u00edn Sanz.<\/span><\/span><\/span><\/span><\/span><\/span><\/p>\n<p style=\"text-align: justify;\"><span title=\"Encuadernado en r\u00fastica con carton\u00e9 ilustrado con solapas, formato 15,5 x 23 cm.\">Binding in paperback with illustrated carton with flaps, format 15.5 x 23 cm. <\/span><span title=\"590 p\u00e1ginas.\">590 pages. <\/span><span title=\"Ejemplar de la 24 edici\u00f3n, octubre 2007, por la Editorial V\u00edaMagna.\">Issue of the 24th edition, October 2007, by the V\u00edaMagna Publishing House.<\/span><\/p>\n<p style=\"text-align: justify;\"><span title=\"Primera parte de la trilog\u00eda Maya, de Steve Alten.\">First part of the Mayan trilogy, by Steve Alten.<\/span><\/p>\n<p style=\"text-align: justify;\"><span title=\"21 de diciembre de 2012... El d\u00eda en que termina el calendario maya.\">December 21, 2012 &#8230; The day when the Mayan calendar ends. <\/span><span title=\"A lo largo de los siglos, los cient\u00edficos han cre\u00eddo que este dato era simplemente una curiosidad hist\u00f3rica.\">Over the centuries, scientists have believed that this data was simply a historical curiosity. <\/span><span title=\"Despu\u00e9s de muchos a\u00f1os de investigaciones, el conocido arque\u00f3logo Julius Gabriel descubre la verdad acerca del calendario maya, una verdad tan antigua como poderosa que podr\u00eda revelar el funesto destino de la Humanidad.\">After many years of research, renowned archaeologist Julius Gabriel discovers the truth about the Mayan calendar, a truth as old as it could be that could reveal the fateful destiny of mankind. <\/span><span title=\"La investigaci\u00f3n de Julius complet\u00f3 un antiguo rompecabezas cuyas piezas estaban diseminadas por todo el planeta, desde Stonehenge a las inmemoriales ruinas mayas.\">Julius&#8217; research completed an ancient puzzle whose pieces were scattered all over the planet, from Stonehenge to the immemorial Mayan ruins. <\/span><span title=\"Los secretos sobre los or\u00edgenes de la civilizaci\u00f3n y el destino \u00faltimo de la Humanidad estaban al alcance de Julius, esperando s\u00f3lo a que fueran revelados, cuando ocurre lo inesperado... Una conspiraci\u00f3n que se remonta a 65 millones de a\u00f1os y que ha alterado el\">The secrets about the origins of civilization and the ultimate destiny of mankind were available to Julius, only waiting for them to be revealed, when the unexpected happens &#8230; A conspiracy that goes back 65 million years and has altered the <\/span><span title=\"tejido mismo de la civilizaci\u00f3n.\">The very fabric of civilization. <\/span><span title=\"El calendario maya, Stonehenge, las pir\u00e1mides de Egipto, el templo de Angkor Wat, cada monumento de la antig\u00fcedad ofrece una pista de un misterio milenario, un misterio que afectar\u00e1 a todos los seres vivos de la Tierra.\">The Mayan calendar, Stonehenge, the Egyptian pyramids, the temple of Angkor Wat, each ancient monument offers a hint of a millennial mystery, a mystery that will affect all living beings on Earth. <\/span><span title=\"El Testamento Maya, el best seller internacional de Steve Alten, es un thriller que atrapa al lector y lo gu\u00eda por un emocionante viaje alrededor del mundo para descubrir antiguos secretos sobre la historia de la Humanidad y el futuro de la existencia.\">The Mayan Testament, Steve Alten&#8217;s international best seller, is a thriller that catches the reader and guides him through an exciting journey around the world to discover ancient secrets about the history of mankind and the future of existence. <\/span><span title=\"El Testamento Maya es una apasionante carrera para salvar a la Humanidad, e incluye una gran dosis de acci\u00f3n, romance y suspense.\">The Maya Testament is an exciting career to save humanity, and includes a great deal of action, romance and suspense.<\/span><\/p>\n<p style=\"text-align: justify;\"><span title=\"Gastos de env\u00edo por cuenta del comprador, seg\u00fan pedido y destino.\">Shipping by the buyer, upon request and destination.\u00a0<\/span><span title=\"Cons\u00faltenos cualquier duda, as\u00ed como por cualquier otra edici\u00f3n que est\u00e9 buscando.\"><a class=\"btn btn-default\" href=\"http:\/\/comprarmejor.es\/en\/contact\">Ask us<\/a> <span lang=\"en\" xml:lang=\"en\"><span title=\"Cons\u00faltenos sin compromiso (indicando la referencia del art\u00edculo) cualquier duda, as\u00ed como por aquello que est\u00e9 buscando.\">without obligation (indicating the reference of the article) any doubts, as well as for what you are looking for.<\/span><\/span><br \/>\n<\/span><\/p>\n","protected":false},"excerpt":{"rendered":"<p style=\"text-align: justify;\"><span id=\"result_box\" lang=\"en\" xml:lang=\"en\"><span title=\"Ejemplar original de la primera edici\u00f3n de 1922 de la obra Don Juan, de Azor\u00edn, miembro de la Generaci\u00f3n del 98, grupo literario emblem\u00e1tico de finales del siglo XIX espa\u00f1ol.\"><span lang=\"en\" xml:lang=\"en\"><span title=\"17 vol\u00famenes cuerpo de la obra.\"><span lang=\"en\" xml:lang=\"en\"><span title=\"Art\u00edculo compuesto por dos grandes obras de FMR, la editorial italiana de Franco Maria Ricci: ART Enciclopedia del Arte 17 tomos y Los Signos del Hombre, 25 t\u00edtulos (27 tomos), ambas completas, en perfecto estado, y textos en espa\u00f1ol.\"><span lang=\"en\" xml:lang=\"en\"><span title=\"3 vol\u00famenes complementos (editados unos a\u00f1os m\u00e1s tarde y que se vendieron en unos 900 \u20ac. Estos tomos NO se incluyen en este art\u00edculo).\"><span lang=\"en\" xml:lang=\"en\"><span title=\"20 vol\u00famenes: 17 del cuerpo de la obra m\u00e1s los 3 vol\u00famenes complementos editados unos a\u00f1os m\u00e1s tarde.\"><span lang=\"en\" xml:lang=\"en\"><span title=\"Ejemplar en perfecto estado, a estrenar, de la novela &quot;El testamento maya&quot;, de Steve Alten.\">In perfect condition, brand new, from the novel &#8220;The Mayan Testament&#8221;, by Steve Alten. <\/span><span title=\"T\u00edtulo original: Domain.\">Original title: Domain. <\/span><span title=\"Traducci\u00f3n al espa\u00f1ol por Mar\u00eda Cristina Mart\u00edn Sanz.\">Spanish translation by Mar\u00eda Cristina Mart\u00edn Sanz.<\/span><\/span><\/span><\/span><\/span><\/span><\/span><\/span><\/span><\/span><\/span><\/span><\/p>\n","protected":false},"featured_media":54403,"template":"","meta":[],"product_brand":[],"product_cat":[2188,2256],"product_tag":[4276],"class_list":{"0":"post-54407","1":"product","2":"type-product","3":"status-publish","4":"has-post-thumbnail","6":"product_cat-books","7":"product_cat-books-in-general","8":"product_tag-alten-en","9":"product_shipping_class-from-0-to-1-kg","10":"description-off","12":"first","13":"instock","14":"taxable","15":"shipping-taxable","16":"purchasable","17":"product-type-simple"},"yoast_head":"<!-- This site is optimized with the Yoast SEO plugin v27.3 - https:\/\/yoast.com\/product\/yoast-seo-wordpress\/ -->\n<title>The Mayan Testament, Steve Alten, 2007, First part of the Maya trilogy<\/title>\n<meta name=\"description\" content=\"In perfect condition, brand new, from the novel &quot;The Mayan Testament&quot;, by Steve Alten. Original title: Domain. Spanish translation by Maria Cristina Martin\" \/>\n<meta name=\"robots\" content=\"index, follow, max-snippet:-1, max-image-preview:large, max-video-preview:-1\" \/>\n<link rel=\"canonical\" href=\"https:\/\/www.comprarmejor.es\/en\/product\/el-testamento-maya-steve-alten-2007\/\" \/>\n<meta property=\"og:locale\" content=\"en_US\" \/>\n<meta property=\"og:type\" content=\"article\" \/>\n<meta property=\"og:title\" content=\"The Mayan Testament, Steve Alten, 2007, First part of the Maya trilogy\" \/>\n<meta property=\"og:description\" content=\"In perfect condition, brand new, from the novel &quot;The Mayan Testament&quot;, by Steve Alten. Original title: Domain. Spanish translation by Maria Cristina Martin\" \/>\n<meta property=\"og:url\" content=\"https:\/\/www.comprarmejor.es\/en\/product\/el-testamento-maya-steve-alten-2007\/\" \/>\n<meta property=\"og:site_name\" content=\"ComprarMejor\" \/>\n<meta property=\"article:modified_time\" content=\"2020-05-03T15:18:51+00:00\" \/>\n<meta property=\"og:image\" content=\"https:\/\/www.comprarmejor.es\/wp-content\/uploads\/2017\/02\/p_7_1_6_2_7162-El-testamento-maya-Steve-Alten-2007.jpg\" \/>\n\t<meta property=\"og:image:width\" content=\"418\" \/>\n\t<meta property=\"og:image:height\" content=\"595\" \/>\n\t<meta property=\"og:image:type\" content=\"image\/jpeg\" \/>\n<meta name=\"twitter:card\" content=\"summary_large_image\" \/>\n<meta name=\"twitter:label1\" content=\"Est. reading time\" \/>\n\t<meta name=\"twitter:data1\" content=\"1 minute\" \/>\n<script type=\"application\/ld+json\" class=\"yoast-schema-graph\">{\"@context\":\"https:\\\/\\\/schema.org\",\"@graph\":[{\"@type\":\"WebPage\",\"@id\":\"https:\\\/\\\/www.comprarmejor.es\\\/en\\\/product\\\/el-testamento-maya-steve-alten-2007\\\/\",\"url\":\"https:\\\/\\\/www.comprarmejor.es\\\/en\\\/product\\\/el-testamento-maya-steve-alten-2007\\\/\",\"name\":\"The Mayan Testament, Steve Alten, 2007, First part of the Maya trilogy\",\"isPartOf\":{\"@id\":\"https:\\\/\\\/www.comprarmejor.es\\\/en\\\/#website\"},\"primaryImageOfPage\":{\"@id\":\"https:\\\/\\\/www.comprarmejor.es\\\/en\\\/product\\\/el-testamento-maya-steve-alten-2007\\\/#primaryimage\"},\"image\":{\"@id\":\"https:\\\/\\\/www.comprarmejor.es\\\/en\\\/product\\\/el-testamento-maya-steve-alten-2007\\\/#primaryimage\"},\"thumbnailUrl\":\"https:\\\/\\\/www.comprarmejor.es\\\/wp-content\\\/uploads\\\/2017\\\/02\\\/p_7_1_6_2_7162-El-testamento-maya-Steve-Alten-2007.jpg\",\"datePublished\":\"2017-02-01T21:18:07+00:00\",\"dateModified\":\"2020-05-03T15:18:51+00:00\",\"description\":\"In perfect condition, brand new, from the novel \\\"The Mayan Testament\\\", by Steve Alten. Original title: Domain. Spanish translation by Maria Cristina Martin\",\"breadcrumb\":{\"@id\":\"https:\\\/\\\/www.comprarmejor.es\\\/en\\\/product\\\/el-testamento-maya-steve-alten-2007\\\/#breadcrumb\"},\"inLanguage\":\"en-US\",\"potentialAction\":[{\"@type\":\"ReadAction\",\"target\":[\"https:\\\/\\\/www.comprarmejor.es\\\/en\\\/product\\\/el-testamento-maya-steve-alten-2007\\\/\"]}]},{\"@type\":\"ImageObject\",\"inLanguage\":\"en-US\",\"@id\":\"https:\\\/\\\/www.comprarmejor.es\\\/en\\\/product\\\/el-testamento-maya-steve-alten-2007\\\/#primaryimage\",\"url\":\"https:\\\/\\\/www.comprarmejor.es\\\/wp-content\\\/uploads\\\/2017\\\/02\\\/p_7_1_6_2_7162-El-testamento-maya-Steve-Alten-2007.jpg\",\"contentUrl\":\"https:\\\/\\\/www.comprarmejor.es\\\/wp-content\\\/uploads\\\/2017\\\/02\\\/p_7_1_6_2_7162-El-testamento-maya-Steve-Alten-2007.jpg\",\"width\":418,\"height\":595},{\"@type\":\"BreadcrumbList\",\"@id\":\"https:\\\/\\\/www.comprarmejor.es\\\/en\\\/product\\\/el-testamento-maya-steve-alten-2007\\\/#breadcrumb\",\"itemListElement\":[{\"@type\":\"ListItem\",\"position\":1,\"name\":\"Portada\",\"item\":\"https:\\\/\\\/www.comprarmejor.es\\\/en\\\/\"},{\"@type\":\"ListItem\",\"position\":2,\"name\":\"Shop\",\"item\":\"https:\\\/\\\/www.comprarmejor.es\\\/en\\\/shop\\\/\"},{\"@type\":\"ListItem\",\"position\":3,\"name\":\"El Testamento Maya, Steve Alten, 2007\"}]},{\"@type\":\"WebSite\",\"@id\":\"https:\\\/\\\/www.comprarmejor.es\\\/en\\\/#website\",\"url\":\"https:\\\/\\\/www.comprarmejor.es\\\/en\\\/\",\"name\":\"ComprarMejor\",\"description\":\"ComprarMejor\",\"publisher\":{\"@id\":\"https:\\\/\\\/www.comprarmejor.es\\\/en\\\/#organization\"},\"potentialAction\":[{\"@type\":\"SearchAction\",\"target\":{\"@type\":\"EntryPoint\",\"urlTemplate\":\"https:\\\/\\\/www.comprarmejor.es\\\/en\\\/?s={search_term_string}\"},\"query-input\":{\"@type\":\"PropertyValueSpecification\",\"valueRequired\":true,\"valueName\":\"search_term_string\"}}],\"inLanguage\":\"en-US\"},{\"@type\":\"Organization\",\"@id\":\"https:\\\/\\\/www.comprarmejor.es\\\/en\\\/#organization\",\"name\":\"COMPRAR MEJOR\",\"url\":\"https:\\\/\\\/www.comprarmejor.es\\\/en\\\/\",\"logo\":{\"@type\":\"ImageObject\",\"inLanguage\":\"en-US\",\"@id\":\"https:\\\/\\\/www.comprarmejor.es\\\/en\\\/#\\\/schema\\\/logo\\\/image\\\/\",\"url\":\"https:\\\/\\\/www.comprarmejor.es\\\/wp-content\\\/uploads\\\/2025\\\/09\\\/comprarmejortrinidad.jpg\",\"contentUrl\":\"https:\\\/\\\/www.comprarmejor.es\\\/wp-content\\\/uploads\\\/2025\\\/09\\\/comprarmejortrinidad.jpg\",\"width\":1022,\"height\":1380,\"caption\":\"COMPRAR MEJOR\"},\"image\":{\"@id\":\"https:\\\/\\\/www.comprarmejor.es\\\/en\\\/#\\\/schema\\\/logo\\\/image\\\/\"},\"sameAs\":[\"https:\\\/\\\/www.instagram.com\\\/amigosdelcodice\"]}]}<\/script>\n<!-- \/ Yoast SEO plugin. -->","yoast_head_json":{"title":"The Mayan Testament, Steve Alten, 2007, First part of the Maya trilogy","description":"In perfect condition, brand new, from the novel \"The Mayan Testament\", by Steve Alten. Original title: Domain. Spanish translation by Maria Cristina Martin","robots":{"index":"index","follow":"follow","max-snippet":"max-snippet:-1","max-image-preview":"max-image-preview:large","max-video-preview":"max-video-preview:-1"},"canonical":"https:\/\/www.comprarmejor.es\/en\/product\/el-testamento-maya-steve-alten-2007\/","og_locale":"en_US","og_type":"article","og_title":"The Mayan Testament, Steve Alten, 2007, First part of the Maya trilogy","og_description":"In perfect condition, brand new, from the novel \"The Mayan Testament\", by Steve Alten. Original title: Domain. Spanish translation by Maria Cristina Martin","og_url":"https:\/\/www.comprarmejor.es\/en\/product\/el-testamento-maya-steve-alten-2007\/","og_site_name":"ComprarMejor","article_modified_time":"2020-05-03T15:18:51+00:00","og_image":[{"width":418,"height":595,"url":"https:\/\/www.comprarmejor.es\/wp-content\/uploads\/2017\/02\/p_7_1_6_2_7162-El-testamento-maya-Steve-Alten-2007.jpg","type":"image\/jpeg"}],"twitter_card":"summary_large_image","twitter_misc":{"Est. reading time":"1 minute"},"schema":{"@context":"https:\/\/schema.org","@graph":[{"@type":"WebPage","@id":"https:\/\/www.comprarmejor.es\/en\/product\/el-testamento-maya-steve-alten-2007\/","url":"https:\/\/www.comprarmejor.es\/en\/product\/el-testamento-maya-steve-alten-2007\/","name":"The Mayan Testament, Steve Alten, 2007, First part of the Maya trilogy","isPartOf":{"@id":"https:\/\/www.comprarmejor.es\/en\/#website"},"primaryImageOfPage":{"@id":"https:\/\/www.comprarmejor.es\/en\/product\/el-testamento-maya-steve-alten-2007\/#primaryimage"},"image":{"@id":"https:\/\/www.comprarmejor.es\/en\/product\/el-testamento-maya-steve-alten-2007\/#primaryimage"},"thumbnailUrl":"https:\/\/www.comprarmejor.es\/wp-content\/uploads\/2017\/02\/p_7_1_6_2_7162-El-testamento-maya-Steve-Alten-2007.jpg","datePublished":"2017-02-01T21:18:07+00:00","dateModified":"2020-05-03T15:18:51+00:00","description":"In perfect condition, brand new, from the novel \"The Mayan Testament\", by Steve Alten. Original title: Domain. Spanish translation by Maria Cristina Martin","breadcrumb":{"@id":"https:\/\/www.comprarmejor.es\/en\/product\/el-testamento-maya-steve-alten-2007\/#breadcrumb"},"inLanguage":"en-US","potentialAction":[{"@type":"ReadAction","target":["https:\/\/www.comprarmejor.es\/en\/product\/el-testamento-maya-steve-alten-2007\/"]}]},{"@type":"ImageObject","inLanguage":"en-US","@id":"https:\/\/www.comprarmejor.es\/en\/product\/el-testamento-maya-steve-alten-2007\/#primaryimage","url":"https:\/\/www.comprarmejor.es\/wp-content\/uploads\/2017\/02\/p_7_1_6_2_7162-El-testamento-maya-Steve-Alten-2007.jpg","contentUrl":"https:\/\/www.comprarmejor.es\/wp-content\/uploads\/2017\/02\/p_7_1_6_2_7162-El-testamento-maya-Steve-Alten-2007.jpg","width":418,"height":595},{"@type":"BreadcrumbList","@id":"https:\/\/www.comprarmejor.es\/en\/product\/el-testamento-maya-steve-alten-2007\/#breadcrumb","itemListElement":[{"@type":"ListItem","position":1,"name":"Portada","item":"https:\/\/www.comprarmejor.es\/en\/"},{"@type":"ListItem","position":2,"name":"Shop","item":"https:\/\/www.comprarmejor.es\/en\/shop\/"},{"@type":"ListItem","position":3,"name":"El Testamento Maya, Steve Alten, 2007"}]},{"@type":"WebSite","@id":"https:\/\/www.comprarmejor.es\/en\/#website","url":"https:\/\/www.comprarmejor.es\/en\/","name":"ComprarMejor","description":"ComprarMejor","publisher":{"@id":"https:\/\/www.comprarmejor.es\/en\/#organization"},"potentialAction":[{"@type":"SearchAction","target":{"@type":"EntryPoint","urlTemplate":"https:\/\/www.comprarmejor.es\/en\/?s={search_term_string}"},"query-input":{"@type":"PropertyValueSpecification","valueRequired":true,"valueName":"search_term_string"}}],"inLanguage":"en-US"},{"@type":"Organization","@id":"https:\/\/www.comprarmejor.es\/en\/#organization","name":"COMPRAR MEJOR","url":"https:\/\/www.comprarmejor.es\/en\/","logo":{"@type":"ImageObject","inLanguage":"en-US","@id":"https:\/\/www.comprarmejor.es\/en\/#\/schema\/logo\/image\/","url":"https:\/\/www.comprarmejor.es\/wp-content\/uploads\/2025\/09\/comprarmejortrinidad.jpg","contentUrl":"https:\/\/www.comprarmejor.es\/wp-content\/uploads\/2025\/09\/comprarmejortrinidad.jpg","width":1022,"height":1380,"caption":"COMPRAR MEJOR"},"image":{"@id":"https:\/\/www.comprarmejor.es\/en\/#\/schema\/logo\/image\/"},"sameAs":["https:\/\/www.instagram.com\/amigosdelcodice"]}]}},"_links":{"self":[{"href":"https:\/\/www.comprarmejor.es\/en\/wp-json\/wp\/v2\/product\/54407","targetHints":{"allow":["GET"]}}],"collection":[{"href":"https:\/\/www.comprarmejor.es\/en\/wp-json\/wp\/v2\/product"}],"about":[{"href":"https:\/\/www.comprarmejor.es\/en\/wp-json\/wp\/v2\/types\/product"}],"wp:featuredmedia":[{"embeddable":true,"href":"https:\/\/www.comprarmejor.es\/en\/wp-json\/wp\/v2\/media\/54403"}],"wp:attachment":[{"href":"https:\/\/www.comprarmejor.es\/en\/wp-json\/wp\/v2\/media?parent=54407"}],"wp:term":[{"taxonomy":"product_brand","embeddable":true,"href":"https:\/\/www.comprarmejor.es\/en\/wp-json\/wp\/v2\/product_brand?post=54407"},{"taxonomy":"product_cat","embeddable":true,"href":"https:\/\/www.comprarmejor.es\/en\/wp-json\/wp\/v2\/product_cat?post=54407"},{"taxonomy":"product_tag","embeddable":true,"href":"https:\/\/www.comprarmejor.es\/en\/wp-json\/wp\/v2\/product_tag?post=54407"}],"curies":[{"name":"wp","href":"https:\/\/api.w.org\/{rel}","templated":true}]}}