{"id":54441,"date":"2017-02-23T09:52:41","date_gmt":"2017-02-23T08:52:41","guid":{"rendered":"https:\/\/www.comprarmejor.es\/producto\/the-wines-of-navarre-by-jose-penin-santos\/"},"modified":"2020-05-03T17:23:24","modified_gmt":"2020-05-03T15:23:24","slug":"los-vinos-de-navarra-by-jose-penin-santos","status":"publish","type":"product","link":"https:\/\/www.comprarmejor.es\/en\/product\/los-vinos-de-navarra-by-jose-penin-santos\/","title":{"rendered":"Los vinos de Navarra, by Jose Penin Santos"},"content":{"rendered":"<p style=\"text-align: justify;\"><span id=\"result_box\" lang=\"en\" xml:lang=\"en\"><span title=\"Ejemplar en perfecto estado.\"><span class=\"tlid-translation translation\"><span title=\"\">The wines of Navarra, by Jose Penin Santos.<\/span> <span title=\"\">1988 edition. History, vineyards and wines, general characteristics of the wines of Navarra, climatology, varieties, wine regions, Muscat, the viticulture station of Olite, the Regulatory Council of the Navarra Designation of Origin, Guide of wineries of Navarre<\/span> <span title=\"\">, the pachar\u00e1n.<\/span><\/span><\/span><\/span><\/p>\n<p style=\"text-align: justify;\"><span title=\"\">Volume bound in hard cover with dust jacket illustrated in color, format 21.5 x 30 cm, 304 pages.<\/span><\/p>\n<p style=\"text-align: justify;\"><span title=\"\">Exemplary in perfect condition<\/span>.<\/p>\n<p style=\"text-align: justify;\"><span title=\"Gastos de env\u00edo por cuenta del comprador, seg\u00fan pedido y destino.\">Shipping costs for the account of the buyer, according to order and destination.\u00a0<\/span><span title=\"Cons\u00faltenos sin compromiso cualquier duda, as\u00ed como por cualquier otro art\u00edculo que est\u00e9 buscando.\"><a class=\"btn btn-default\" href=\"http:\/\/comprarmejor.es\/en\/contact\">Ask us<\/a> <span class=\"tlid-translation translation\"><span title=\"\">without obligation (indicating the reference of the article) any doubt.<\/span><\/span><br \/>\n<\/span><\/p>\n","protected":false},"excerpt":{"rendered":"<p style=\"text-align: justify;\"><span id=\"result_box\" lang=\"en\" xml:lang=\"en\"><span title=\"Edici\u00f3n conmemorativa del 150 Aniversario de la muerte de D. Francisco Goya y Lucientes.\"><span class=\"tlid-translation translation\"><span title=\"\">The wines of Navarra, by Jos\u00e9 Pe\u00f1\u00edn Santos.<\/span> <span title=\"\">1988 edition. History, vineyards and wines, general characteristics of the wines of Navarra, climatology, varieties, wine regions, Muscat, the viticulture station of Olite&#8230;<br \/>\n<\/span><\/span><\/span><\/span><\/p>\n","protected":false},"featured_media":54433,"template":"","meta":[],"product_brand":[],"product_cat":[2256],"product_tag":[4272],"class_list":{"0":"post-54441","1":"product","2":"type-product","3":"status-publish","4":"has-post-thumbnail","6":"product_cat-books-in-general","7":"product_tag-navarra-en","8":"product_shipping_class-from-0-to-1-kg","9":"description-off","11":"first","12":"instock","13":"sale","14":"taxable","15":"shipping-taxable","16":"purchasable","17":"product-type-simple"},"yoast_head":"<!-- This site is optimized with the Yoast SEO plugin v27.3 - https:\/\/yoast.com\/product\/yoast-seo-wordpress\/ -->\n<title>The wines of Navarre, by Jose Penin Santos, history<\/title>\n<meta name=\"description\" content=\"The wines of Navarra, by Jose Penin Santos. 1988 edition. History, vineyards and wines, general characteristics of the wines of Navarra, climatology,\" \/>\n<meta name=\"robots\" content=\"index, follow, max-snippet:-1, max-image-preview:large, max-video-preview:-1\" \/>\n<link rel=\"canonical\" href=\"https:\/\/www.comprarmejor.es\/en\/product\/los-vinos-de-navarra-by-jose-penin-santos\/\" \/>\n<meta property=\"og:locale\" content=\"en_US\" \/>\n<meta property=\"og:type\" content=\"article\" \/>\n<meta property=\"og:title\" content=\"The wines of Navarre, by Jose Penin Santos, history\" \/>\n<meta property=\"og:description\" content=\"The wines of Navarra, by Jose Penin Santos. 1988 edition. History, vineyards and wines, general characteristics of the wines of Navarra, climatology,\" \/>\n<meta property=\"og:url\" content=\"https:\/\/www.comprarmejor.es\/en\/product\/los-vinos-de-navarra-by-jose-penin-santos\/\" \/>\n<meta property=\"og:site_name\" content=\"ComprarMejor\" \/>\n<meta property=\"article:modified_time\" content=\"2020-05-03T15:23:24+00:00\" \/>\n<meta property=\"og:image\" content=\"https:\/\/www.comprarmejor.es\/wp-content\/uploads\/2017\/02\/p_7_9_7_0_7970-Los-vinos-de-Navarra-por-Jose-Penin-Santos.jpg\" \/>\n\t<meta property=\"og:image:width\" content=\"483\" \/>\n\t<meta property=\"og:image:height\" content=\"600\" \/>\n\t<meta property=\"og:image:type\" content=\"image\/jpeg\" \/>\n<meta name=\"twitter:card\" content=\"summary_large_image\" \/>\n<script type=\"application\/ld+json\" class=\"yoast-schema-graph\">{\"@context\":\"https:\\\/\\\/schema.org\",\"@graph\":[{\"@type\":\"WebPage\",\"@id\":\"https:\\\/\\\/www.comprarmejor.es\\\/en\\\/product\\\/los-vinos-de-navarra-by-jose-penin-santos\\\/\",\"url\":\"https:\\\/\\\/www.comprarmejor.es\\\/en\\\/product\\\/los-vinos-de-navarra-by-jose-penin-santos\\\/\",\"name\":\"The wines of Navarre, by Jose Penin Santos, history\",\"isPartOf\":{\"@id\":\"https:\\\/\\\/www.comprarmejor.es\\\/en\\\/#website\"},\"primaryImageOfPage\":{\"@id\":\"https:\\\/\\\/www.comprarmejor.es\\\/en\\\/product\\\/los-vinos-de-navarra-by-jose-penin-santos\\\/#primaryimage\"},\"image\":{\"@id\":\"https:\\\/\\\/www.comprarmejor.es\\\/en\\\/product\\\/los-vinos-de-navarra-by-jose-penin-santos\\\/#primaryimage\"},\"thumbnailUrl\":\"https:\\\/\\\/www.comprarmejor.es\\\/wp-content\\\/uploads\\\/2017\\\/02\\\/p_7_9_7_0_7970-Los-vinos-de-Navarra-por-Jose-Penin-Santos.jpg\",\"datePublished\":\"2017-02-23T08:52:41+00:00\",\"dateModified\":\"2020-05-03T15:23:24+00:00\",\"description\":\"The wines of Navarra, by Jose Penin Santos. 1988 edition. History, vineyards and wines, general characteristics of the wines of Navarra, climatology,\",\"breadcrumb\":{\"@id\":\"https:\\\/\\\/www.comprarmejor.es\\\/en\\\/product\\\/los-vinos-de-navarra-by-jose-penin-santos\\\/#breadcrumb\"},\"inLanguage\":\"en-US\",\"potentialAction\":[{\"@type\":\"ReadAction\",\"target\":[\"https:\\\/\\\/www.comprarmejor.es\\\/en\\\/product\\\/los-vinos-de-navarra-by-jose-penin-santos\\\/\"]}]},{\"@type\":\"ImageObject\",\"inLanguage\":\"en-US\",\"@id\":\"https:\\\/\\\/www.comprarmejor.es\\\/en\\\/product\\\/los-vinos-de-navarra-by-jose-penin-santos\\\/#primaryimage\",\"url\":\"https:\\\/\\\/www.comprarmejor.es\\\/wp-content\\\/uploads\\\/2017\\\/02\\\/p_7_9_7_0_7970-Los-vinos-de-Navarra-por-Jose-Penin-Santos.jpg\",\"contentUrl\":\"https:\\\/\\\/www.comprarmejor.es\\\/wp-content\\\/uploads\\\/2017\\\/02\\\/p_7_9_7_0_7970-Los-vinos-de-Navarra-por-Jose-Penin-Santos.jpg\",\"width\":483,\"height\":600},{\"@type\":\"BreadcrumbList\",\"@id\":\"https:\\\/\\\/www.comprarmejor.es\\\/en\\\/product\\\/los-vinos-de-navarra-by-jose-penin-santos\\\/#breadcrumb\",\"itemListElement\":[{\"@type\":\"ListItem\",\"position\":1,\"name\":\"Portada\",\"item\":\"https:\\\/\\\/www.comprarmejor.es\\\/en\\\/\"},{\"@type\":\"ListItem\",\"position\":2,\"name\":\"Shop\",\"item\":\"https:\\\/\\\/www.comprarmejor.es\\\/en\\\/shop\\\/\"},{\"@type\":\"ListItem\",\"position\":3,\"name\":\"Los vinos de Navarra, by Jose Penin Santos\"}]},{\"@type\":\"WebSite\",\"@id\":\"https:\\\/\\\/www.comprarmejor.es\\\/en\\\/#website\",\"url\":\"https:\\\/\\\/www.comprarmejor.es\\\/en\\\/\",\"name\":\"ComprarMejor\",\"description\":\"ComprarMejor\",\"publisher\":{\"@id\":\"https:\\\/\\\/www.comprarmejor.es\\\/en\\\/#organization\"},\"potentialAction\":[{\"@type\":\"SearchAction\",\"target\":{\"@type\":\"EntryPoint\",\"urlTemplate\":\"https:\\\/\\\/www.comprarmejor.es\\\/en\\\/?s={search_term_string}\"},\"query-input\":{\"@type\":\"PropertyValueSpecification\",\"valueRequired\":true,\"valueName\":\"search_term_string\"}}],\"inLanguage\":\"en-US\"},{\"@type\":\"Organization\",\"@id\":\"https:\\\/\\\/www.comprarmejor.es\\\/en\\\/#organization\",\"name\":\"COMPRAR MEJOR\",\"url\":\"https:\\\/\\\/www.comprarmejor.es\\\/en\\\/\",\"logo\":{\"@type\":\"ImageObject\",\"inLanguage\":\"en-US\",\"@id\":\"https:\\\/\\\/www.comprarmejor.es\\\/en\\\/#\\\/schema\\\/logo\\\/image\\\/\",\"url\":\"https:\\\/\\\/www.comprarmejor.es\\\/wp-content\\\/uploads\\\/2025\\\/09\\\/comprarmejortrinidad.jpg\",\"contentUrl\":\"https:\\\/\\\/www.comprarmejor.es\\\/wp-content\\\/uploads\\\/2025\\\/09\\\/comprarmejortrinidad.jpg\",\"width\":1022,\"height\":1380,\"caption\":\"COMPRAR MEJOR\"},\"image\":{\"@id\":\"https:\\\/\\\/www.comprarmejor.es\\\/en\\\/#\\\/schema\\\/logo\\\/image\\\/\"},\"sameAs\":[\"https:\\\/\\\/www.instagram.com\\\/amigosdelcodice\"]}]}<\/script>\n<!-- \/ Yoast SEO plugin. -->","yoast_head_json":{"title":"The wines of Navarre, by Jose Penin Santos, history","description":"The wines of Navarra, by Jose Penin Santos. 1988 edition. History, vineyards and wines, general characteristics of the wines of Navarra, climatology,","robots":{"index":"index","follow":"follow","max-snippet":"max-snippet:-1","max-image-preview":"max-image-preview:large","max-video-preview":"max-video-preview:-1"},"canonical":"https:\/\/www.comprarmejor.es\/en\/product\/los-vinos-de-navarra-by-jose-penin-santos\/","og_locale":"en_US","og_type":"article","og_title":"The wines of Navarre, by Jose Penin Santos, history","og_description":"The wines of Navarra, by Jose Penin Santos. 1988 edition. History, vineyards and wines, general characteristics of the wines of Navarra, climatology,","og_url":"https:\/\/www.comprarmejor.es\/en\/product\/los-vinos-de-navarra-by-jose-penin-santos\/","og_site_name":"ComprarMejor","article_modified_time":"2020-05-03T15:23:24+00:00","og_image":[{"width":483,"height":600,"url":"https:\/\/www.comprarmejor.es\/wp-content\/uploads\/2017\/02\/p_7_9_7_0_7970-Los-vinos-de-Navarra-por-Jose-Penin-Santos.jpg","type":"image\/jpeg"}],"twitter_card":"summary_large_image","schema":{"@context":"https:\/\/schema.org","@graph":[{"@type":"WebPage","@id":"https:\/\/www.comprarmejor.es\/en\/product\/los-vinos-de-navarra-by-jose-penin-santos\/","url":"https:\/\/www.comprarmejor.es\/en\/product\/los-vinos-de-navarra-by-jose-penin-santos\/","name":"The wines of Navarre, by Jose Penin Santos, history","isPartOf":{"@id":"https:\/\/www.comprarmejor.es\/en\/#website"},"primaryImageOfPage":{"@id":"https:\/\/www.comprarmejor.es\/en\/product\/los-vinos-de-navarra-by-jose-penin-santos\/#primaryimage"},"image":{"@id":"https:\/\/www.comprarmejor.es\/en\/product\/los-vinos-de-navarra-by-jose-penin-santos\/#primaryimage"},"thumbnailUrl":"https:\/\/www.comprarmejor.es\/wp-content\/uploads\/2017\/02\/p_7_9_7_0_7970-Los-vinos-de-Navarra-por-Jose-Penin-Santos.jpg","datePublished":"2017-02-23T08:52:41+00:00","dateModified":"2020-05-03T15:23:24+00:00","description":"The wines of Navarra, by Jose Penin Santos. 1988 edition. History, vineyards and wines, general characteristics of the wines of Navarra, climatology,","breadcrumb":{"@id":"https:\/\/www.comprarmejor.es\/en\/product\/los-vinos-de-navarra-by-jose-penin-santos\/#breadcrumb"},"inLanguage":"en-US","potentialAction":[{"@type":"ReadAction","target":["https:\/\/www.comprarmejor.es\/en\/product\/los-vinos-de-navarra-by-jose-penin-santos\/"]}]},{"@type":"ImageObject","inLanguage":"en-US","@id":"https:\/\/www.comprarmejor.es\/en\/product\/los-vinos-de-navarra-by-jose-penin-santos\/#primaryimage","url":"https:\/\/www.comprarmejor.es\/wp-content\/uploads\/2017\/02\/p_7_9_7_0_7970-Los-vinos-de-Navarra-por-Jose-Penin-Santos.jpg","contentUrl":"https:\/\/www.comprarmejor.es\/wp-content\/uploads\/2017\/02\/p_7_9_7_0_7970-Los-vinos-de-Navarra-por-Jose-Penin-Santos.jpg","width":483,"height":600},{"@type":"BreadcrumbList","@id":"https:\/\/www.comprarmejor.es\/en\/product\/los-vinos-de-navarra-by-jose-penin-santos\/#breadcrumb","itemListElement":[{"@type":"ListItem","position":1,"name":"Portada","item":"https:\/\/www.comprarmejor.es\/en\/"},{"@type":"ListItem","position":2,"name":"Shop","item":"https:\/\/www.comprarmejor.es\/en\/shop\/"},{"@type":"ListItem","position":3,"name":"Los vinos de Navarra, by Jose Penin Santos"}]},{"@type":"WebSite","@id":"https:\/\/www.comprarmejor.es\/en\/#website","url":"https:\/\/www.comprarmejor.es\/en\/","name":"ComprarMejor","description":"ComprarMejor","publisher":{"@id":"https:\/\/www.comprarmejor.es\/en\/#organization"},"potentialAction":[{"@type":"SearchAction","target":{"@type":"EntryPoint","urlTemplate":"https:\/\/www.comprarmejor.es\/en\/?s={search_term_string}"},"query-input":{"@type":"PropertyValueSpecification","valueRequired":true,"valueName":"search_term_string"}}],"inLanguage":"en-US"},{"@type":"Organization","@id":"https:\/\/www.comprarmejor.es\/en\/#organization","name":"COMPRAR MEJOR","url":"https:\/\/www.comprarmejor.es\/en\/","logo":{"@type":"ImageObject","inLanguage":"en-US","@id":"https:\/\/www.comprarmejor.es\/en\/#\/schema\/logo\/image\/","url":"https:\/\/www.comprarmejor.es\/wp-content\/uploads\/2025\/09\/comprarmejortrinidad.jpg","contentUrl":"https:\/\/www.comprarmejor.es\/wp-content\/uploads\/2025\/09\/comprarmejortrinidad.jpg","width":1022,"height":1380,"caption":"COMPRAR MEJOR"},"image":{"@id":"https:\/\/www.comprarmejor.es\/en\/#\/schema\/logo\/image\/"},"sameAs":["https:\/\/www.instagram.com\/amigosdelcodice"]}]}},"_links":{"self":[{"href":"https:\/\/www.comprarmejor.es\/en\/wp-json\/wp\/v2\/product\/54441","targetHints":{"allow":["GET"]}}],"collection":[{"href":"https:\/\/www.comprarmejor.es\/en\/wp-json\/wp\/v2\/product"}],"about":[{"href":"https:\/\/www.comprarmejor.es\/en\/wp-json\/wp\/v2\/types\/product"}],"wp:featuredmedia":[{"embeddable":true,"href":"https:\/\/www.comprarmejor.es\/en\/wp-json\/wp\/v2\/media\/54433"}],"wp:attachment":[{"href":"https:\/\/www.comprarmejor.es\/en\/wp-json\/wp\/v2\/media?parent=54441"}],"wp:term":[{"taxonomy":"product_brand","embeddable":true,"href":"https:\/\/www.comprarmejor.es\/en\/wp-json\/wp\/v2\/product_brand?post=54441"},{"taxonomy":"product_cat","embeddable":true,"href":"https:\/\/www.comprarmejor.es\/en\/wp-json\/wp\/v2\/product_cat?post=54441"},{"taxonomy":"product_tag","embeddable":true,"href":"https:\/\/www.comprarmejor.es\/en\/wp-json\/wp\/v2\/product_tag?post=54441"}],"curies":[{"name":"wp","href":"https:\/\/api.w.org\/{rel}","templated":true}]}}