{"id":54451,"date":"2017-02-25T23:48:21","date_gmt":"2017-02-25T22:48:21","guid":{"rendered":"https:\/\/www.comprarmejor.es\/producto\/genesi-fmr-illustrator-sandro-chia\/"},"modified":"2026-05-02T13:17:46","modified_gmt":"2026-05-02T11:17:46","slug":"historia-rerum-ubique-gestarum-pope-pius-ii-xv-century","status":"publish","type":"product","link":"https:\/\/www.comprarmejor.es\/en\/product\/historia-rerum-ubique-gestarum-pope-pius-ii-xv-century\/","title":{"rendered":"Historia Rerum Ubique Gestarum. Pope Pius II. XV century"},"content":{"rendered":"<p><span class=\"HwtZe\" lang=\"en\"><span class=\"jCAhz ChMk0b\"><span class=\"ryNqvb\">ARTICLE FOR INFORMATIONAL PURPOSES ONLY<\/span><\/span><\/span><\/p>\n<p style=\"text-align: justify;\">Facsimile edition of the 20 x 22 cm, 300-page book published in Venice in 1477. Its author, Aeneas Silvio Piccolomini, humanist, politician and finally Pope (Pius II) summarizes the scientific knowledge of the time.<\/p>\n<p style=\"text-align: justify;\">Facsimile edition published in 1991 by the publisher Testimonio of the copy that belonged to Christopher Columbus and includes notes in his handwriting, beautiful diagrams and drawings reproduced with techniques similar to those of the time.<\/p>\n<p style=\"text-align: justify;\">Copy preserved in Seville in the Capitular and Colombina Library. The binding is leather, Mudejar style, with gold-plated studs and nails.<\/p>\n<p style=\"text-align: justify;\">The two complementary volumes of 386 pages with a translation by Antonio Ram\u00edrez de Verger and 372 pages with a study by Juan P\u00e9rez de Tudela.<\/p>\n<p style=\"text-align: justify;\">Complete and new copy, brand new, from the edition of 980 copies, numbered and certified.<\/p>\n<p style=\"text-align: justify;\">Retail Price: 2.174 \u20ac<span title=\"Gastos de env\u00edo por cuenta del comprador, seg\u00fan pedido y destino.\">.\u00a0<\/span><span title=\"Cons\u00faltenos sin compromiso cualquier duda, as\u00ed como por cualquier otro art\u00edculo que est\u00e9 buscando.\"><a class=\"btn btn-default\" href=\"https:\/\/www.comprarmejor.es\/en\/contact\/\">Ask us<\/a> <span class=\"HwtZe\" lang=\"en\"><span class=\"jCAhz ChMk0b\"><span class=\"ryNqvb\">any questions, indicating the article reference.<\/span><\/span><\/span><br \/>\n<\/span><\/p>\n","protected":false},"excerpt":{"rendered":"<p style=\"text-align: justify;\"><span id=\"result_box\" lang=\"en\" xml:lang=\"en\"><span title=\"Genesi: libro joya de Arte editado por la editorial italiana FMR (Franco Maria Ricci) en 2002. La obra incluye una introducci\u00f3n, la traducci\u00f3n del original del hebreo y diez comentarios exeg\u00e9ticos por el Prof. Fr\u00e9d\u00e9ric Manns, Decano Em\u00e9rito del Estudio B\u00edblico Franciscano de\"><span class=\"HwtZe\" lang=\"en\"><span class=\"jCAhz ChMk0b\"><span class=\"ryNqvb\">Facsimile edition of the 20 x 22 cm, 300-page book published in Venice in 1477. Its author, Aeneas Silvio Piccolomini, humanist, politician and finally Pope (Pius II) summarizes the scientific knowledge of the time.<\/span><\/span><\/span><\/span><\/span><\/p>\n","protected":false},"featured_media":92124,"template":"","meta":[],"product_brand":[],"product_cat":[2250],"product_tag":[3999],"class_list":{"0":"post-54451","1":"product","2":"type-product","3":"status-publish","4":"has-post-thumbnail","6":"product_cat-other-facsimiles","7":"product_tag-testimonio-en","8":"description-off","10":"first","11":"instock","12":"taxable","13":"shipping-taxable","14":"purchasable","15":"product-type-simple"},"yoast_head":"<!-- This site is optimized with the Yoast SEO plugin v27.3 - https:\/\/yoast.com\/product\/yoast-seo-wordpress\/ -->\n<title>Historia Rerum Ubique Gestarum. Pope Pius II. XV century<\/title>\n<meta name=\"description\" content=\"Facsimile edition of the book published in Venice in 1477. Its author, Aeneas Silvio Piccolomini, humanist, politician and finally Pope (Pius II) summarizes\" \/>\n<meta name=\"robots\" content=\"index, follow, max-snippet:-1, max-image-preview:large, max-video-preview:-1\" \/>\n<link rel=\"canonical\" href=\"https:\/\/www.comprarmejor.es\/en\/product\/historia-rerum-ubique-gestarum-pope-pius-ii-xv-century\/\" \/>\n<meta property=\"og:locale\" content=\"en_US\" \/>\n<meta property=\"og:type\" content=\"article\" \/>\n<meta property=\"og:title\" content=\"Historia Rerum Ubique Gestarum. Pope Pius II. XV century\" \/>\n<meta property=\"og:description\" content=\"Facsimile edition of the book published in Venice in 1477. Its author, Aeneas Silvio Piccolomini, humanist, politician and finally Pope (Pius II) summarizes\" \/>\n<meta property=\"og:url\" content=\"https:\/\/www.comprarmejor.es\/en\/product\/historia-rerum-ubique-gestarum-pope-pius-ii-xv-century\/\" \/>\n<meta property=\"og:site_name\" content=\"ComprarMejor\" \/>\n<meta property=\"article:modified_time\" content=\"2026-05-02T11:17:46+00:00\" \/>\n<meta property=\"og:image\" content=\"https:\/\/www.comprarmejor.es\/wp-content\/uploads\/2017\/02\/HRUG1.jpg\" \/>\n\t<meta property=\"og:image:width\" content=\"583\" \/>\n\t<meta property=\"og:image:height\" content=\"370\" \/>\n\t<meta property=\"og:image:type\" content=\"image\/jpeg\" \/>\n<meta name=\"twitter:card\" content=\"summary_large_image\" \/>\n<meta name=\"twitter:label1\" content=\"Est. reading time\" \/>\n\t<meta name=\"twitter:data1\" content=\"1 minute\" \/>\n<script type=\"application\/ld+json\" class=\"yoast-schema-graph\">{\"@context\":\"https:\\\/\\\/schema.org\",\"@graph\":[{\"@type\":\"WebPage\",\"@id\":\"https:\\\/\\\/www.comprarmejor.es\\\/en\\\/product\\\/historia-rerum-ubique-gestarum-pope-pius-ii-xv-century\\\/\",\"url\":\"https:\\\/\\\/www.comprarmejor.es\\\/en\\\/product\\\/historia-rerum-ubique-gestarum-pope-pius-ii-xv-century\\\/\",\"name\":\"Historia Rerum Ubique Gestarum. Pope Pius II. XV century\",\"isPartOf\":{\"@id\":\"https:\\\/\\\/www.comprarmejor.es\\\/en\\\/#website\"},\"primaryImageOfPage\":{\"@id\":\"https:\\\/\\\/www.comprarmejor.es\\\/en\\\/product\\\/historia-rerum-ubique-gestarum-pope-pius-ii-xv-century\\\/#primaryimage\"},\"image\":{\"@id\":\"https:\\\/\\\/www.comprarmejor.es\\\/en\\\/product\\\/historia-rerum-ubique-gestarum-pope-pius-ii-xv-century\\\/#primaryimage\"},\"thumbnailUrl\":\"https:\\\/\\\/www.comprarmejor.es\\\/wp-content\\\/uploads\\\/2017\\\/02\\\/HRUG1.jpg\",\"datePublished\":\"2017-02-25T22:48:21+00:00\",\"dateModified\":\"2026-05-02T11:17:46+00:00\",\"description\":\"Facsimile edition of the book published in Venice in 1477. Its author, Aeneas Silvio Piccolomini, humanist, politician and finally Pope (Pius II) summarizes\",\"breadcrumb\":{\"@id\":\"https:\\\/\\\/www.comprarmejor.es\\\/en\\\/product\\\/historia-rerum-ubique-gestarum-pope-pius-ii-xv-century\\\/#breadcrumb\"},\"inLanguage\":\"en-US\",\"potentialAction\":[{\"@type\":\"ReadAction\",\"target\":[\"https:\\\/\\\/www.comprarmejor.es\\\/en\\\/product\\\/historia-rerum-ubique-gestarum-pope-pius-ii-xv-century\\\/\"]}]},{\"@type\":\"ImageObject\",\"inLanguage\":\"en-US\",\"@id\":\"https:\\\/\\\/www.comprarmejor.es\\\/en\\\/product\\\/historia-rerum-ubique-gestarum-pope-pius-ii-xv-century\\\/#primaryimage\",\"url\":\"https:\\\/\\\/www.comprarmejor.es\\\/wp-content\\\/uploads\\\/2017\\\/02\\\/HRUG1.jpg\",\"contentUrl\":\"https:\\\/\\\/www.comprarmejor.es\\\/wp-content\\\/uploads\\\/2017\\\/02\\\/HRUG1.jpg\",\"width\":583,\"height\":370},{\"@type\":\"BreadcrumbList\",\"@id\":\"https:\\\/\\\/www.comprarmejor.es\\\/en\\\/product\\\/historia-rerum-ubique-gestarum-pope-pius-ii-xv-century\\\/#breadcrumb\",\"itemListElement\":[{\"@type\":\"ListItem\",\"position\":1,\"name\":\"Portada\",\"item\":\"https:\\\/\\\/www.comprarmejor.es\\\/en\\\/\"},{\"@type\":\"ListItem\",\"position\":2,\"name\":\"Shop\",\"item\":\"https:\\\/\\\/www.comprarmejor.es\\\/en\\\/shop\\\/\"},{\"@type\":\"ListItem\",\"position\":3,\"name\":\"Historia Rerum Ubique Gestarum. Pope Pius II. XV century\"}]},{\"@type\":\"WebSite\",\"@id\":\"https:\\\/\\\/www.comprarmejor.es\\\/en\\\/#website\",\"url\":\"https:\\\/\\\/www.comprarmejor.es\\\/en\\\/\",\"name\":\"ComprarMejor\",\"description\":\"ComprarMejor\",\"publisher\":{\"@id\":\"https:\\\/\\\/www.comprarmejor.es\\\/en\\\/#organization\"},\"potentialAction\":[{\"@type\":\"SearchAction\",\"target\":{\"@type\":\"EntryPoint\",\"urlTemplate\":\"https:\\\/\\\/www.comprarmejor.es\\\/en\\\/?s={search_term_string}\"},\"query-input\":{\"@type\":\"PropertyValueSpecification\",\"valueRequired\":true,\"valueName\":\"search_term_string\"}}],\"inLanguage\":\"en-US\"},{\"@type\":\"Organization\",\"@id\":\"https:\\\/\\\/www.comprarmejor.es\\\/en\\\/#organization\",\"name\":\"COMPRAR MEJOR\",\"url\":\"https:\\\/\\\/www.comprarmejor.es\\\/en\\\/\",\"logo\":{\"@type\":\"ImageObject\",\"inLanguage\":\"en-US\",\"@id\":\"https:\\\/\\\/www.comprarmejor.es\\\/en\\\/#\\\/schema\\\/logo\\\/image\\\/\",\"url\":\"https:\\\/\\\/www.comprarmejor.es\\\/wp-content\\\/uploads\\\/2025\\\/09\\\/comprarmejortrinidad.jpg\",\"contentUrl\":\"https:\\\/\\\/www.comprarmejor.es\\\/wp-content\\\/uploads\\\/2025\\\/09\\\/comprarmejortrinidad.jpg\",\"width\":1022,\"height\":1380,\"caption\":\"COMPRAR MEJOR\"},\"image\":{\"@id\":\"https:\\\/\\\/www.comprarmejor.es\\\/en\\\/#\\\/schema\\\/logo\\\/image\\\/\"},\"sameAs\":[\"https:\\\/\\\/www.instagram.com\\\/amigosdelcodice\"]}]}<\/script>\n<!-- \/ Yoast SEO plugin. -->","yoast_head_json":{"title":"Historia Rerum Ubique Gestarum. Pope Pius II. XV century","description":"Facsimile edition of the book published in Venice in 1477. Its author, Aeneas Silvio Piccolomini, humanist, politician and finally Pope (Pius II) summarizes","robots":{"index":"index","follow":"follow","max-snippet":"max-snippet:-1","max-image-preview":"max-image-preview:large","max-video-preview":"max-video-preview:-1"},"canonical":"https:\/\/www.comprarmejor.es\/en\/product\/historia-rerum-ubique-gestarum-pope-pius-ii-xv-century\/","og_locale":"en_US","og_type":"article","og_title":"Historia Rerum Ubique Gestarum. Pope Pius II. XV century","og_description":"Facsimile edition of the book published in Venice in 1477. Its author, Aeneas Silvio Piccolomini, humanist, politician and finally Pope (Pius II) summarizes","og_url":"https:\/\/www.comprarmejor.es\/en\/product\/historia-rerum-ubique-gestarum-pope-pius-ii-xv-century\/","og_site_name":"ComprarMejor","article_modified_time":"2026-05-02T11:17:46+00:00","og_image":[{"width":583,"height":370,"url":"https:\/\/www.comprarmejor.es\/wp-content\/uploads\/2017\/02\/HRUG1.jpg","type":"image\/jpeg"}],"twitter_card":"summary_large_image","twitter_misc":{"Est. reading time":"1 minute"},"schema":{"@context":"https:\/\/schema.org","@graph":[{"@type":"WebPage","@id":"https:\/\/www.comprarmejor.es\/en\/product\/historia-rerum-ubique-gestarum-pope-pius-ii-xv-century\/","url":"https:\/\/www.comprarmejor.es\/en\/product\/historia-rerum-ubique-gestarum-pope-pius-ii-xv-century\/","name":"Historia Rerum Ubique Gestarum. Pope Pius II. XV century","isPartOf":{"@id":"https:\/\/www.comprarmejor.es\/en\/#website"},"primaryImageOfPage":{"@id":"https:\/\/www.comprarmejor.es\/en\/product\/historia-rerum-ubique-gestarum-pope-pius-ii-xv-century\/#primaryimage"},"image":{"@id":"https:\/\/www.comprarmejor.es\/en\/product\/historia-rerum-ubique-gestarum-pope-pius-ii-xv-century\/#primaryimage"},"thumbnailUrl":"https:\/\/www.comprarmejor.es\/wp-content\/uploads\/2017\/02\/HRUG1.jpg","datePublished":"2017-02-25T22:48:21+00:00","dateModified":"2026-05-02T11:17:46+00:00","description":"Facsimile edition of the book published in Venice in 1477. Its author, Aeneas Silvio Piccolomini, humanist, politician and finally Pope (Pius II) summarizes","breadcrumb":{"@id":"https:\/\/www.comprarmejor.es\/en\/product\/historia-rerum-ubique-gestarum-pope-pius-ii-xv-century\/#breadcrumb"},"inLanguage":"en-US","potentialAction":[{"@type":"ReadAction","target":["https:\/\/www.comprarmejor.es\/en\/product\/historia-rerum-ubique-gestarum-pope-pius-ii-xv-century\/"]}]},{"@type":"ImageObject","inLanguage":"en-US","@id":"https:\/\/www.comprarmejor.es\/en\/product\/historia-rerum-ubique-gestarum-pope-pius-ii-xv-century\/#primaryimage","url":"https:\/\/www.comprarmejor.es\/wp-content\/uploads\/2017\/02\/HRUG1.jpg","contentUrl":"https:\/\/www.comprarmejor.es\/wp-content\/uploads\/2017\/02\/HRUG1.jpg","width":583,"height":370},{"@type":"BreadcrumbList","@id":"https:\/\/www.comprarmejor.es\/en\/product\/historia-rerum-ubique-gestarum-pope-pius-ii-xv-century\/#breadcrumb","itemListElement":[{"@type":"ListItem","position":1,"name":"Portada","item":"https:\/\/www.comprarmejor.es\/en\/"},{"@type":"ListItem","position":2,"name":"Shop","item":"https:\/\/www.comprarmejor.es\/en\/shop\/"},{"@type":"ListItem","position":3,"name":"Historia Rerum Ubique Gestarum. Pope Pius II. XV century"}]},{"@type":"WebSite","@id":"https:\/\/www.comprarmejor.es\/en\/#website","url":"https:\/\/www.comprarmejor.es\/en\/","name":"ComprarMejor","description":"ComprarMejor","publisher":{"@id":"https:\/\/www.comprarmejor.es\/en\/#organization"},"potentialAction":[{"@type":"SearchAction","target":{"@type":"EntryPoint","urlTemplate":"https:\/\/www.comprarmejor.es\/en\/?s={search_term_string}"},"query-input":{"@type":"PropertyValueSpecification","valueRequired":true,"valueName":"search_term_string"}}],"inLanguage":"en-US"},{"@type":"Organization","@id":"https:\/\/www.comprarmejor.es\/en\/#organization","name":"COMPRAR MEJOR","url":"https:\/\/www.comprarmejor.es\/en\/","logo":{"@type":"ImageObject","inLanguage":"en-US","@id":"https:\/\/www.comprarmejor.es\/en\/#\/schema\/logo\/image\/","url":"https:\/\/www.comprarmejor.es\/wp-content\/uploads\/2025\/09\/comprarmejortrinidad.jpg","contentUrl":"https:\/\/www.comprarmejor.es\/wp-content\/uploads\/2025\/09\/comprarmejortrinidad.jpg","width":1022,"height":1380,"caption":"COMPRAR MEJOR"},"image":{"@id":"https:\/\/www.comprarmejor.es\/en\/#\/schema\/logo\/image\/"},"sameAs":["https:\/\/www.instagram.com\/amigosdelcodice"]}]}},"_links":{"self":[{"href":"https:\/\/www.comprarmejor.es\/en\/wp-json\/wp\/v2\/product\/54451","targetHints":{"allow":["GET"]}}],"collection":[{"href":"https:\/\/www.comprarmejor.es\/en\/wp-json\/wp\/v2\/product"}],"about":[{"href":"https:\/\/www.comprarmejor.es\/en\/wp-json\/wp\/v2\/types\/product"}],"wp:featuredmedia":[{"embeddable":true,"href":"https:\/\/www.comprarmejor.es\/en\/wp-json\/wp\/v2\/media\/92124"}],"wp:attachment":[{"href":"https:\/\/www.comprarmejor.es\/en\/wp-json\/wp\/v2\/media?parent=54451"}],"wp:term":[{"taxonomy":"product_brand","embeddable":true,"href":"https:\/\/www.comprarmejor.es\/en\/wp-json\/wp\/v2\/product_brand?post=54451"},{"taxonomy":"product_cat","embeddable":true,"href":"https:\/\/www.comprarmejor.es\/en\/wp-json\/wp\/v2\/product_cat?post=54451"},{"taxonomy":"product_tag","embeddable":true,"href":"https:\/\/www.comprarmejor.es\/en\/wp-json\/wp\/v2\/product_tag?post=54451"}],"curies":[{"name":"wp","href":"https:\/\/api.w.org\/{rel}","templated":true}]}}