{"id":54467,"date":"2017-02-27T17:54:37","date_gmt":"2017-02-27T16:54:37","guid":{"rendered":"https:\/\/www.comprarmejor.es\/producto\/the-ram-s-xvii-colombia-1538-1638\/"},"modified":"2026-05-02T13:13:37","modified_gmt":"2026-05-02T11:13:37","slug":"the-ram-s-xvii-colombia-1538-1638","status":"publish","type":"product","link":"https:\/\/www.comprarmejor.es\/en\/product\/the-ram-s-xvii-colombia-1538-1638\/","title":{"rendered":"The Ram, s. XVII (Colombia 1538-1638)"},"content":{"rendered":"<p style=\"text-align: justify;\"><span class=\"HwtZe\" lang=\"en\"><span class=\"jCAhz ChMk0b\"><span class=\"ryNqvb\">ARTICLE FOR INFORMATIONAL PURPOSES ONLY<\/span><\/span><\/span><\/p>\n<p style=\"text-align: justify;\"><span id=\"result_box\" lang=\"en\" xml:lang=\"en\"><span title=\"El autor dedic\u00f3 los \u00faltimos seis a\u00f1os de su vida a escribir una gran cr\u00f3nica, que titul\u00f3 &quot;Conquista y descubrimiento del Nuevo Reino de Granada de las Indias Occidentales del Mar Oc\u00e9ano, y Fundaci\u00f3n de la ciudad de Santaf\u00e9 de Bogot\u00e1, primera de este reino donde\">The author dedicated the last six years of his life to writing a great chronicle, entitled &#8220;Conquest and discovery of the New Kingdom of Granada of the West Indies of the Ocean Sea, and Foundation of the city of Santaf\u00e9 de Bogot\u00e1, first of this kingdom where <\/span><span title=\"se fund\u00f3 la Real Audiencia y Canciller\u00eda, siendo la cabeza se hizo su arzobispado&quot;, t\u00edtulo que muy pronto fue reemplazado por escribanos y lectores por &quot;El Carnero&quot;.\">Was founded the Royal Audiencia and Chancellery, being the head became his archbishop,&#8221; a title that was soon replaced by scribes and readers for &#8220;The Ram&#8221;.<\/span><\/span><\/p>\n<p style=\"text-align: justify;\"><span title=\"Edici\u00f3n facs\u00edmile de 1993 de una de las 6 copias que existen de la obra original.\">1993 facsimile edition of one of the 6 copies of the original work. <\/span><span title=\"Su autor el cronista santaferre\u00f1o, Juan Rodr\u00edguez Freyle (1566-1640), ofrece con esta obra una de las primeras visiones sobre los hechos oficiales de conquista, al tiempo que permite acceder a la intimidad de las m\u00e1s florecientes urbes del nuevo continente, sin que\">Its author, the chronicler of Santaferre\u00f1o, Juan Rodr\u00edguez Freyle (1566-1640), offers with this work one of the first visions on the official facts of conquest, while allowing access to the privacy of the most flourishing cities of the new continent, without <\/span><span title=\"ello impida reconocer la notable capacidad narrativa de un hombre que durante toda su vida se dedic\u00f3 a menesteres diversos y que, gracias a su testimonio, se convirti\u00f3 al final de sus d\u00edas en juez y parte del complejo y, en gran medida, determinante proceso de\">This would prevent the recognition of the remarkable narrative capacity of a man who throughout his life devoted himself to various needs and who, thanks to his testimony, became at the end of his days a judge and part of the complex and, to a great extent, decisive process of <\/span><span title=\"consolidaci\u00f3n social americana.\">American social consolidation.<\/span><\/p>\n<p style=\"text-align: justify;\"><span title=\"Se constituye una antolog\u00eda de sucesos que ilustran la vida social y pol\u00edtica de la colonia americana.\">It constitutes an anthology of events that illustrate the social and political life of the American colony. <\/span><span title=\"Abarca un per\u00edodo de 100 a\u00f1os, donde se evocan los m\u00e1s s\u00f3rdidos y sonados esc\u00e1ndalos tratados con gran iron\u00eda y humor en ocasiones, que conmovieron la joven pero flamante sociedad del nuevo mundo.\">It covers a period of 100 years, where the most sordid and sound scandals are treated with great irony and humor on occasion, which shook the young but flaming society of the new world. <\/span><span title=\"Estos son los a\u00f1os transcurridos desde la fundaci\u00f3n de Santa Fe de Bogot\u00e1 (Colombia) en 1538 hasta 1638, fecha en la que el autor pone punto y final a su cr\u00f3nica.\">These are the years since the founding of Santa Fe de Bogot\u00e1 (Colombia) in 1538 to 1638, when the author puts an end to his chronicle. <\/span><span title=\"Cualquiera de sus lecturas ratifica su importancia en las letras americanas.\">Any of his readings confirms its importance in American letters.<\/span><\/p>\n<p style=\"text-align: justify;\"><span title=\"Facs\u00edmile encuadernado en piel de cabra estampada en seco por ambos lados, formato 22 x 30 (x 5 de grosor) cm, 184 p\u00e1ginas.\">Facsimile bound in dry-stained goat leather on both sides, 22 x 30 (x 5 thick) cm, 184 pages. <\/span><span title=\"Cosido a mano.\">Hand sewn.<\/span><\/p>\n<p style=\"text-align: justify;\"><span title=\"El libro estudio ha sido realizado por Delia Palomino Urbano, Archivera-Pale\u00f3grafa Catedr\u00e1tica de la Universidad de Tunja y el escritor colombiano R. H. Moreno Dur\u00e1n, responsable de la introducci\u00f3n.\">The study book has been made by Delia Palomino Urbano, Archivera-Pale\u00f3grafa Professor at the University of Tunja and the Colombian writer R. H. Moreno Dur\u00e1n, responsible for the introduction.<\/span><\/p>\n<p style=\"text-align: justify;\"><span title=\"Ejemplar en perfecto estado.\">Exemplary in perfect condition.<\/span><\/p>\n<p style=\"text-align: justify;\"><span title=\"Gastos de env\u00edo por cuenta del comprador, seg\u00fan pedido y destino.\">Retail Price: 886 \u20ac. <\/span><span title=\"Cons\u00faltenos sin compromiso cualquier duda, as\u00ed como por cualquier otro facs\u00edmile o art\u00edculo que est\u00e9 buscando.\"><a class=\"btn btn-default\" href=\"https:\/\/www.comprarmejor.es\/en\/contact\/\">Ask us<\/a> without any questions, as well as any other facsimile or article you are looking for.<\/span><\/p>\n","protected":false},"excerpt":{"rendered":"<p style=\"text-align: justify;\"><span id=\"result_box\" lang=\"en\" xml:lang=\"en\"><span title=\"El autor dedic\u00f3 los \u00faltimos seis a\u00f1os de su vida a escribir una gran cr\u00f3nica, que titul\u00f3 &quot;Conquista y descubrimiento del Nuevo Reino de Granada de las Indias Occidentales del Mar Oc\u00e9ano, y Fundaci\u00f3n de la ciudad de Santaf\u00e9 de Bogot\u00e1, primera de este reino donde\">Conquest and discovery of the New Kingdom of Granada of the West Indies of the Ocean Sea, and Foundation of the city of Santaf\u00e9 de Bogot\u00e1, first of this kingdom where <\/span><span title=\"se fund\u00f3 la Real Audiencia y Canciller\u00eda, siendo la cabeza se hizo su arzobispado&quot;, t\u00edtulo que muy pronto fue reemplazado por escribanos y lectores por &quot;El Carnero&quot;.\">Was founded the Royal Audiencia and Chancellery, being the head became his archbishop.<\/span><\/span><\/p>\n","protected":false},"featured_media":54463,"template":"","meta":[],"product_brand":[],"product_cat":[2250],"product_tag":[4268,4267,5120,5770,3999],"class_list":{"0":"post-54467","1":"product","2":"type-product","3":"status-publish","4":"has-post-thumbnail","6":"product_cat-other-facsimiles","7":"product_tag-colombia-en","8":"product_tag-freyle-en-2","9":"product_tag-history-en","10":"product_tag-america-del-sur-en","11":"product_tag-testimonio-en","12":"description-off","14":"first","15":"instock","16":"taxable","17":"shipping-taxable","18":"purchasable","19":"product-type-simple"},"yoast_head":"<!-- This site is optimized with the Yoast SEO plugin v27.3 - https:\/\/yoast.com\/product\/yoast-seo-wordpress\/ -->\n<title>The Ram, s. XVII (Colombia 1538-1638). Juan Rodriguez Freyle<\/title>\n<meta name=\"description\" content=\"It constitutes an anthology of events that illustrate the social and political life of the American colony. It covers a period of 100 years, where the most\" \/>\n<meta name=\"robots\" content=\"index, follow, max-snippet:-1, max-image-preview:large, max-video-preview:-1\" \/>\n<link rel=\"canonical\" href=\"https:\/\/www.comprarmejor.es\/en\/product\/the-ram-s-xvii-colombia-1538-1638\/\" \/>\n<meta property=\"og:locale\" content=\"en_US\" \/>\n<meta property=\"og:type\" content=\"article\" \/>\n<meta property=\"og:title\" content=\"The Ram, s. XVII (Colombia 1538-1638). Juan Rodriguez Freyle\" \/>\n<meta property=\"og:description\" content=\"It constitutes an anthology of events that illustrate the social and political life of the American colony. It covers a period of 100 years, where the most\" \/>\n<meta property=\"og:url\" content=\"https:\/\/www.comprarmejor.es\/en\/product\/the-ram-s-xvii-colombia-1538-1638\/\" \/>\n<meta property=\"og:site_name\" content=\"ComprarMejor\" \/>\n<meta property=\"article:modified_time\" content=\"2026-05-02T11:13:37+00:00\" \/>\n<meta property=\"og:image\" content=\"https:\/\/www.comprarmejor.es\/wp-content\/uploads\/2017\/02\/p_6_5_4_0_6540-El-Carnero-s.-XVII-Colombia-1538-1638.jpg\" \/>\n\t<meta property=\"og:image:width\" content=\"557\" \/>\n\t<meta property=\"og:image:height\" content=\"311\" \/>\n\t<meta property=\"og:image:type\" content=\"image\/jpeg\" \/>\n<meta name=\"twitter:card\" content=\"summary_large_image\" \/>\n<meta name=\"twitter:label1\" content=\"Est. reading time\" \/>\n\t<meta name=\"twitter:data1\" content=\"2 minutes\" \/>\n<script type=\"application\/ld+json\" class=\"yoast-schema-graph\">{\"@context\":\"https:\\\/\\\/schema.org\",\"@graph\":[{\"@type\":\"WebPage\",\"@id\":\"https:\\\/\\\/www.comprarmejor.es\\\/en\\\/product\\\/the-ram-s-xvii-colombia-1538-1638\\\/\",\"url\":\"https:\\\/\\\/www.comprarmejor.es\\\/en\\\/product\\\/the-ram-s-xvii-colombia-1538-1638\\\/\",\"name\":\"The Ram, s. XVII (Colombia 1538-1638). Juan Rodriguez Freyle\",\"isPartOf\":{\"@id\":\"https:\\\/\\\/www.comprarmejor.es\\\/en\\\/#website\"},\"primaryImageOfPage\":{\"@id\":\"https:\\\/\\\/www.comprarmejor.es\\\/en\\\/product\\\/the-ram-s-xvii-colombia-1538-1638\\\/#primaryimage\"},\"image\":{\"@id\":\"https:\\\/\\\/www.comprarmejor.es\\\/en\\\/product\\\/the-ram-s-xvii-colombia-1538-1638\\\/#primaryimage\"},\"thumbnailUrl\":\"https:\\\/\\\/www.comprarmejor.es\\\/wp-content\\\/uploads\\\/2017\\\/02\\\/p_6_5_4_0_6540-El-Carnero-s.-XVII-Colombia-1538-1638.jpg\",\"datePublished\":\"2017-02-27T16:54:37+00:00\",\"dateModified\":\"2026-05-02T11:13:37+00:00\",\"description\":\"It constitutes an anthology of events that illustrate the social and political life of the American colony. It covers a period of 100 years, where the most\",\"breadcrumb\":{\"@id\":\"https:\\\/\\\/www.comprarmejor.es\\\/en\\\/product\\\/the-ram-s-xvii-colombia-1538-1638\\\/#breadcrumb\"},\"inLanguage\":\"en-US\",\"potentialAction\":[{\"@type\":\"ReadAction\",\"target\":[\"https:\\\/\\\/www.comprarmejor.es\\\/en\\\/product\\\/the-ram-s-xvii-colombia-1538-1638\\\/\"]}]},{\"@type\":\"ImageObject\",\"inLanguage\":\"en-US\",\"@id\":\"https:\\\/\\\/www.comprarmejor.es\\\/en\\\/product\\\/the-ram-s-xvii-colombia-1538-1638\\\/#primaryimage\",\"url\":\"https:\\\/\\\/www.comprarmejor.es\\\/wp-content\\\/uploads\\\/2017\\\/02\\\/p_6_5_4_0_6540-El-Carnero-s.-XVII-Colombia-1538-1638.jpg\",\"contentUrl\":\"https:\\\/\\\/www.comprarmejor.es\\\/wp-content\\\/uploads\\\/2017\\\/02\\\/p_6_5_4_0_6540-El-Carnero-s.-XVII-Colombia-1538-1638.jpg\",\"width\":557,\"height\":311},{\"@type\":\"BreadcrumbList\",\"@id\":\"https:\\\/\\\/www.comprarmejor.es\\\/en\\\/product\\\/the-ram-s-xvii-colombia-1538-1638\\\/#breadcrumb\",\"itemListElement\":[{\"@type\":\"ListItem\",\"position\":1,\"name\":\"Portada\",\"item\":\"https:\\\/\\\/www.comprarmejor.es\\\/en\\\/\"},{\"@type\":\"ListItem\",\"position\":2,\"name\":\"Shop\",\"item\":\"https:\\\/\\\/www.comprarmejor.es\\\/en\\\/shop\\\/\"},{\"@type\":\"ListItem\",\"position\":3,\"name\":\"The Ram, s. XVII (Colombia 1538-1638)\"}]},{\"@type\":\"WebSite\",\"@id\":\"https:\\\/\\\/www.comprarmejor.es\\\/en\\\/#website\",\"url\":\"https:\\\/\\\/www.comprarmejor.es\\\/en\\\/\",\"name\":\"ComprarMejor\",\"description\":\"ComprarMejor\",\"publisher\":{\"@id\":\"https:\\\/\\\/www.comprarmejor.es\\\/en\\\/#organization\"},\"potentialAction\":[{\"@type\":\"SearchAction\",\"target\":{\"@type\":\"EntryPoint\",\"urlTemplate\":\"https:\\\/\\\/www.comprarmejor.es\\\/en\\\/?s={search_term_string}\"},\"query-input\":{\"@type\":\"PropertyValueSpecification\",\"valueRequired\":true,\"valueName\":\"search_term_string\"}}],\"inLanguage\":\"en-US\"},{\"@type\":\"Organization\",\"@id\":\"https:\\\/\\\/www.comprarmejor.es\\\/en\\\/#organization\",\"name\":\"COMPRAR MEJOR\",\"url\":\"https:\\\/\\\/www.comprarmejor.es\\\/en\\\/\",\"logo\":{\"@type\":\"ImageObject\",\"inLanguage\":\"en-US\",\"@id\":\"https:\\\/\\\/www.comprarmejor.es\\\/en\\\/#\\\/schema\\\/logo\\\/image\\\/\",\"url\":\"https:\\\/\\\/www.comprarmejor.es\\\/wp-content\\\/uploads\\\/2025\\\/09\\\/comprarmejortrinidad.jpg\",\"contentUrl\":\"https:\\\/\\\/www.comprarmejor.es\\\/wp-content\\\/uploads\\\/2025\\\/09\\\/comprarmejortrinidad.jpg\",\"width\":1022,\"height\":1380,\"caption\":\"COMPRAR MEJOR\"},\"image\":{\"@id\":\"https:\\\/\\\/www.comprarmejor.es\\\/en\\\/#\\\/schema\\\/logo\\\/image\\\/\"},\"sameAs\":[\"https:\\\/\\\/www.instagram.com\\\/amigosdelcodice\"]}]}<\/script>\n<!-- \/ Yoast SEO plugin. -->","yoast_head_json":{"title":"The Ram, s. XVII (Colombia 1538-1638). Juan Rodriguez Freyle","description":"It constitutes an anthology of events that illustrate the social and political life of the American colony. It covers a period of 100 years, where the most","robots":{"index":"index","follow":"follow","max-snippet":"max-snippet:-1","max-image-preview":"max-image-preview:large","max-video-preview":"max-video-preview:-1"},"canonical":"https:\/\/www.comprarmejor.es\/en\/product\/the-ram-s-xvii-colombia-1538-1638\/","og_locale":"en_US","og_type":"article","og_title":"The Ram, s. XVII (Colombia 1538-1638). Juan Rodriguez Freyle","og_description":"It constitutes an anthology of events that illustrate the social and political life of the American colony. It covers a period of 100 years, where the most","og_url":"https:\/\/www.comprarmejor.es\/en\/product\/the-ram-s-xvii-colombia-1538-1638\/","og_site_name":"ComprarMejor","article_modified_time":"2026-05-02T11:13:37+00:00","og_image":[{"width":557,"height":311,"url":"https:\/\/www.comprarmejor.es\/wp-content\/uploads\/2017\/02\/p_6_5_4_0_6540-El-Carnero-s.-XVII-Colombia-1538-1638.jpg","type":"image\/jpeg"}],"twitter_card":"summary_large_image","twitter_misc":{"Est. reading time":"2 minutes"},"schema":{"@context":"https:\/\/schema.org","@graph":[{"@type":"WebPage","@id":"https:\/\/www.comprarmejor.es\/en\/product\/the-ram-s-xvii-colombia-1538-1638\/","url":"https:\/\/www.comprarmejor.es\/en\/product\/the-ram-s-xvii-colombia-1538-1638\/","name":"The Ram, s. XVII (Colombia 1538-1638). Juan Rodriguez Freyle","isPartOf":{"@id":"https:\/\/www.comprarmejor.es\/en\/#website"},"primaryImageOfPage":{"@id":"https:\/\/www.comprarmejor.es\/en\/product\/the-ram-s-xvii-colombia-1538-1638\/#primaryimage"},"image":{"@id":"https:\/\/www.comprarmejor.es\/en\/product\/the-ram-s-xvii-colombia-1538-1638\/#primaryimage"},"thumbnailUrl":"https:\/\/www.comprarmejor.es\/wp-content\/uploads\/2017\/02\/p_6_5_4_0_6540-El-Carnero-s.-XVII-Colombia-1538-1638.jpg","datePublished":"2017-02-27T16:54:37+00:00","dateModified":"2026-05-02T11:13:37+00:00","description":"It constitutes an anthology of events that illustrate the social and political life of the American colony. It covers a period of 100 years, where the most","breadcrumb":{"@id":"https:\/\/www.comprarmejor.es\/en\/product\/the-ram-s-xvii-colombia-1538-1638\/#breadcrumb"},"inLanguage":"en-US","potentialAction":[{"@type":"ReadAction","target":["https:\/\/www.comprarmejor.es\/en\/product\/the-ram-s-xvii-colombia-1538-1638\/"]}]},{"@type":"ImageObject","inLanguage":"en-US","@id":"https:\/\/www.comprarmejor.es\/en\/product\/the-ram-s-xvii-colombia-1538-1638\/#primaryimage","url":"https:\/\/www.comprarmejor.es\/wp-content\/uploads\/2017\/02\/p_6_5_4_0_6540-El-Carnero-s.-XVII-Colombia-1538-1638.jpg","contentUrl":"https:\/\/www.comprarmejor.es\/wp-content\/uploads\/2017\/02\/p_6_5_4_0_6540-El-Carnero-s.-XVII-Colombia-1538-1638.jpg","width":557,"height":311},{"@type":"BreadcrumbList","@id":"https:\/\/www.comprarmejor.es\/en\/product\/the-ram-s-xvii-colombia-1538-1638\/#breadcrumb","itemListElement":[{"@type":"ListItem","position":1,"name":"Portada","item":"https:\/\/www.comprarmejor.es\/en\/"},{"@type":"ListItem","position":2,"name":"Shop","item":"https:\/\/www.comprarmejor.es\/en\/shop\/"},{"@type":"ListItem","position":3,"name":"The Ram, s. XVII (Colombia 1538-1638)"}]},{"@type":"WebSite","@id":"https:\/\/www.comprarmejor.es\/en\/#website","url":"https:\/\/www.comprarmejor.es\/en\/","name":"ComprarMejor","description":"ComprarMejor","publisher":{"@id":"https:\/\/www.comprarmejor.es\/en\/#organization"},"potentialAction":[{"@type":"SearchAction","target":{"@type":"EntryPoint","urlTemplate":"https:\/\/www.comprarmejor.es\/en\/?s={search_term_string}"},"query-input":{"@type":"PropertyValueSpecification","valueRequired":true,"valueName":"search_term_string"}}],"inLanguage":"en-US"},{"@type":"Organization","@id":"https:\/\/www.comprarmejor.es\/en\/#organization","name":"COMPRAR MEJOR","url":"https:\/\/www.comprarmejor.es\/en\/","logo":{"@type":"ImageObject","inLanguage":"en-US","@id":"https:\/\/www.comprarmejor.es\/en\/#\/schema\/logo\/image\/","url":"https:\/\/www.comprarmejor.es\/wp-content\/uploads\/2025\/09\/comprarmejortrinidad.jpg","contentUrl":"https:\/\/www.comprarmejor.es\/wp-content\/uploads\/2025\/09\/comprarmejortrinidad.jpg","width":1022,"height":1380,"caption":"COMPRAR MEJOR"},"image":{"@id":"https:\/\/www.comprarmejor.es\/en\/#\/schema\/logo\/image\/"},"sameAs":["https:\/\/www.instagram.com\/amigosdelcodice"]}]}},"_links":{"self":[{"href":"https:\/\/www.comprarmejor.es\/en\/wp-json\/wp\/v2\/product\/54467","targetHints":{"allow":["GET"]}}],"collection":[{"href":"https:\/\/www.comprarmejor.es\/en\/wp-json\/wp\/v2\/product"}],"about":[{"href":"https:\/\/www.comprarmejor.es\/en\/wp-json\/wp\/v2\/types\/product"}],"wp:featuredmedia":[{"embeddable":true,"href":"https:\/\/www.comprarmejor.es\/en\/wp-json\/wp\/v2\/media\/54463"}],"wp:attachment":[{"href":"https:\/\/www.comprarmejor.es\/en\/wp-json\/wp\/v2\/media?parent=54467"}],"wp:term":[{"taxonomy":"product_brand","embeddable":true,"href":"https:\/\/www.comprarmejor.es\/en\/wp-json\/wp\/v2\/product_brand?post=54467"},{"taxonomy":"product_cat","embeddable":true,"href":"https:\/\/www.comprarmejor.es\/en\/wp-json\/wp\/v2\/product_cat?post=54467"},{"taxonomy":"product_tag","embeddable":true,"href":"https:\/\/www.comprarmejor.es\/en\/wp-json\/wp\/v2\/product_tag?post=54467"}],"curies":[{"name":"wp","href":"https:\/\/api.w.org\/{rel}","templated":true}]}}