{"id":54477,"date":"2017-02-28T13:39:13","date_gmt":"2017-02-28T12:39:13","guid":{"rendered":"https:\/\/www.comprarmejor.es\/producto\/the-song-of-songs-fmr-arte-ugo-nespolo-2007\/"},"modified":"2024-12-30T11:13:37","modified_gmt":"2024-12-30T10:13:37","slug":"dictionary-of-the-occult-sciences-julien-tondriau-edaf-1985","status":"publish","type":"product","link":"https:\/\/www.comprarmejor.es\/en\/product\/dictionary-of-the-occult-sciences-julien-tondriau-edaf-1985\/","title":{"rendered":"Dictionary of the Occult Sciences. Julien Tondriau. EDAF, 1985"},"content":{"rendered":"<p style=\"text-align: justify;\">Dictionary of the Occult Sciences, by Julien Tondriau. Spanish edition by the publisher EDAF, 1985, in its collection \u201cThe Emerald Table\u201d.<\/p>\n<p style=\"text-align: justify;\">The practices of Occultism (Oracles, Esoteric Philosophies, Ancient Traditions), completely and systematically described.<\/p>\n<p style=\"text-align: justify;\">Man, the brilliant inventor of new techniques that allow him to live better, conquer space or innovate even more and always, seeks today, and more than ever, to know himself better, explore his unconscious, penetrate the mysteries of the world: oracles multiply in all domains, esoteric philosophies have more and more followers, ancient traditions are being revived, occultism fascinates. For this reason, this Dictionary, an initiation book, describes and recounts the ways of being, acting and thinking that have been practiced in the dark throughout all times\u2026<\/p>\n<p style=\"text-align: justify;\">Softcover book, 14.5 x 20.5 cm format. 256 pages with black and white illustrations.<\/p>\n<p style=\"text-align: justify;\">New copy, unused, with slightly tanned paper, and retaining two small circular stamps from the previous owner.<\/p>\n<p style=\"text-align: justify;\">Shipping costs according to order and destination<span title=\"Gastos de env\u00edo por cuenta del comprador, seg\u00fan pedido y destino.\">.\u00a0<\/span><span title=\"Cons\u00faltenos sin compromiso cualquier duda, as\u00ed como por cualquier otro art\u00edculo que est\u00e9 buscando.\"><a class=\"btn btn-default\" href=\"https:\/\/www.comprarmejor.es\/en\/contact\">Ask us<\/a> <span class=\"HwtZe\" lang=\"en\"><span class=\"jCAhz ChMk0b\"><span class=\"ryNqvb\">any questions, indicating the article reference.<\/span><\/span><\/span><br \/>\n<\/span><\/p>\n","protected":false},"excerpt":{"rendered":"<p style=\"text-align: justify;\"><span id=\"result_box\" lang=\"en\" xml:lang=\"en\"><span title=\"\u201cEl Cantar de los Cantares\u201d, edici\u00f3n en espa\u00f1ol de FMR-ARTE de 2007, con la que la editorial italiana inicia la colecci\u00f3n \u201cLivres del peintre\u201d dedicada a los libros de artista.\"><span class=\"HwtZe\" lang=\"en\"><span class=\"jCAhz ChMk0b\"><span class=\"ryNqvb\">Dictionary of the Occult Sciences, by Julien Tondriau.<\/span><\/span> <span class=\"jCAhz ChMk0b\"><span class=\"ryNqvb\">Spanish edition by the publisher EDAF, 1985, in its collection \u201cThe Emerald Table\u201d.<\/span><\/span><br \/>\n<\/span><\/span><\/span><\/p>\n","protected":false},"featured_media":99817,"template":"","meta":[],"product_brand":[],"product_cat":[2256],"product_tag":[],"class_list":{"0":"post-54477","1":"product","2":"type-product","3":"status-publish","4":"has-post-thumbnail","6":"product_cat-books-in-general","7":"product_shipping_class-from-2-to-5-kg","8":"description-off","10":"first","11":"instock","12":"taxable","13":"shipping-taxable","14":"purchasable","15":"product-type-simple"},"yoast_head":"<!-- This site is optimized with the Yoast SEO plugin v27.3 - https:\/\/yoast.com\/product\/yoast-seo-wordpress\/ -->\n<title>Dictionary of the Occult Sciences. Julien Tondriau. EDAF, 1985<\/title>\n<meta name=\"description\" content=\"Dictionary of the Occult Sciences, by Julien Tondriau. Spanish edition by the publisher EDAF, 1985, in its collection \u201cThe Emerald Table\u201d.\" \/>\n<meta name=\"robots\" content=\"index, follow, max-snippet:-1, max-image-preview:large, max-video-preview:-1\" \/>\n<link rel=\"canonical\" href=\"https:\/\/www.comprarmejor.es\/en\/product\/dictionary-of-the-occult-sciences-julien-tondriau-edaf-1985\/\" \/>\n<meta property=\"og:locale\" content=\"en_US\" \/>\n<meta property=\"og:type\" content=\"article\" \/>\n<meta property=\"og:title\" content=\"Dictionary of the Occult Sciences. Julien Tondriau. EDAF, 1985\" \/>\n<meta property=\"og:description\" content=\"Dictionary of the Occult Sciences, by Julien Tondriau. Spanish edition by the publisher EDAF, 1985, in its collection \u201cThe Emerald Table\u201d.\" \/>\n<meta property=\"og:url\" content=\"https:\/\/www.comprarmejor.es\/en\/product\/dictionary-of-the-occult-sciences-julien-tondriau-edaf-1985\/\" \/>\n<meta property=\"og:site_name\" content=\"ComprarMejor\" \/>\n<meta property=\"article:modified_time\" content=\"2024-12-30T10:13:37+00:00\" \/>\n<meta property=\"og:image\" content=\"https:\/\/www.comprarmejor.es\/wp-content\/uploads\/2017\/02\/DdlCO-1.jpg\" \/>\n\t<meta property=\"og:image:width\" content=\"645\" \/>\n\t<meta property=\"og:image:height\" content=\"757\" \/>\n\t<meta property=\"og:image:type\" content=\"image\/jpeg\" \/>\n<meta name=\"twitter:card\" content=\"summary_large_image\" \/>\n<meta name=\"twitter:label1\" content=\"Est. reading time\" \/>\n\t<meta name=\"twitter:data1\" content=\"1 minute\" \/>\n<script type=\"application\/ld+json\" class=\"yoast-schema-graph\">{\"@context\":\"https:\\\/\\\/schema.org\",\"@graph\":[{\"@type\":\"WebPage\",\"@id\":\"https:\\\/\\\/www.comprarmejor.es\\\/en\\\/product\\\/dictionary-of-the-occult-sciences-julien-tondriau-edaf-1985\\\/\",\"url\":\"https:\\\/\\\/www.comprarmejor.es\\\/en\\\/product\\\/dictionary-of-the-occult-sciences-julien-tondriau-edaf-1985\\\/\",\"name\":\"Dictionary of the Occult Sciences. Julien Tondriau. EDAF, 1985\",\"isPartOf\":{\"@id\":\"https:\\\/\\\/www.comprarmejor.es\\\/en\\\/#website\"},\"primaryImageOfPage\":{\"@id\":\"https:\\\/\\\/www.comprarmejor.es\\\/en\\\/product\\\/dictionary-of-the-occult-sciences-julien-tondriau-edaf-1985\\\/#primaryimage\"},\"image\":{\"@id\":\"https:\\\/\\\/www.comprarmejor.es\\\/en\\\/product\\\/dictionary-of-the-occult-sciences-julien-tondriau-edaf-1985\\\/#primaryimage\"},\"thumbnailUrl\":\"https:\\\/\\\/www.comprarmejor.es\\\/wp-content\\\/uploads\\\/2017\\\/02\\\/DdlCO-1.jpg\",\"datePublished\":\"2017-02-28T12:39:13+00:00\",\"dateModified\":\"2024-12-30T10:13:37+00:00\",\"description\":\"Dictionary of the Occult Sciences, by Julien Tondriau. Spanish edition by the publisher EDAF, 1985, in its collection \u201cThe Emerald Table\u201d.\",\"breadcrumb\":{\"@id\":\"https:\\\/\\\/www.comprarmejor.es\\\/en\\\/product\\\/dictionary-of-the-occult-sciences-julien-tondriau-edaf-1985\\\/#breadcrumb\"},\"inLanguage\":\"en-US\",\"potentialAction\":[{\"@type\":\"ReadAction\",\"target\":[\"https:\\\/\\\/www.comprarmejor.es\\\/en\\\/product\\\/dictionary-of-the-occult-sciences-julien-tondriau-edaf-1985\\\/\"]}]},{\"@type\":\"ImageObject\",\"inLanguage\":\"en-US\",\"@id\":\"https:\\\/\\\/www.comprarmejor.es\\\/en\\\/product\\\/dictionary-of-the-occult-sciences-julien-tondriau-edaf-1985\\\/#primaryimage\",\"url\":\"https:\\\/\\\/www.comprarmejor.es\\\/wp-content\\\/uploads\\\/2017\\\/02\\\/DdlCO-1.jpg\",\"contentUrl\":\"https:\\\/\\\/www.comprarmejor.es\\\/wp-content\\\/uploads\\\/2017\\\/02\\\/DdlCO-1.jpg\",\"width\":645,\"height\":757},{\"@type\":\"BreadcrumbList\",\"@id\":\"https:\\\/\\\/www.comprarmejor.es\\\/en\\\/product\\\/dictionary-of-the-occult-sciences-julien-tondriau-edaf-1985\\\/#breadcrumb\",\"itemListElement\":[{\"@type\":\"ListItem\",\"position\":1,\"name\":\"Portada\",\"item\":\"https:\\\/\\\/www.comprarmejor.es\\\/en\\\/\"},{\"@type\":\"ListItem\",\"position\":2,\"name\":\"Shop\",\"item\":\"https:\\\/\\\/www.comprarmejor.es\\\/en\\\/shop\\\/\"},{\"@type\":\"ListItem\",\"position\":3,\"name\":\"Dictionary of the Occult Sciences. Julien Tondriau. EDAF, 1985\"}]},{\"@type\":\"WebSite\",\"@id\":\"https:\\\/\\\/www.comprarmejor.es\\\/en\\\/#website\",\"url\":\"https:\\\/\\\/www.comprarmejor.es\\\/en\\\/\",\"name\":\"ComprarMejor\",\"description\":\"ComprarMejor\",\"publisher\":{\"@id\":\"https:\\\/\\\/www.comprarmejor.es\\\/en\\\/#organization\"},\"potentialAction\":[{\"@type\":\"SearchAction\",\"target\":{\"@type\":\"EntryPoint\",\"urlTemplate\":\"https:\\\/\\\/www.comprarmejor.es\\\/en\\\/?s={search_term_string}\"},\"query-input\":{\"@type\":\"PropertyValueSpecification\",\"valueRequired\":true,\"valueName\":\"search_term_string\"}}],\"inLanguage\":\"en-US\"},{\"@type\":\"Organization\",\"@id\":\"https:\\\/\\\/www.comprarmejor.es\\\/en\\\/#organization\",\"name\":\"COMPRAR MEJOR\",\"url\":\"https:\\\/\\\/www.comprarmejor.es\\\/en\\\/\",\"logo\":{\"@type\":\"ImageObject\",\"inLanguage\":\"en-US\",\"@id\":\"https:\\\/\\\/www.comprarmejor.es\\\/en\\\/#\\\/schema\\\/logo\\\/image\\\/\",\"url\":\"https:\\\/\\\/www.comprarmejor.es\\\/wp-content\\\/uploads\\\/2025\\\/09\\\/comprarmejortrinidad.jpg\",\"contentUrl\":\"https:\\\/\\\/www.comprarmejor.es\\\/wp-content\\\/uploads\\\/2025\\\/09\\\/comprarmejortrinidad.jpg\",\"width\":1022,\"height\":1380,\"caption\":\"COMPRAR MEJOR\"},\"image\":{\"@id\":\"https:\\\/\\\/www.comprarmejor.es\\\/en\\\/#\\\/schema\\\/logo\\\/image\\\/\"},\"sameAs\":[\"https:\\\/\\\/www.instagram.com\\\/amigosdelcodice\"]}]}<\/script>\n<!-- \/ Yoast SEO plugin. -->","yoast_head_json":{"title":"Dictionary of the Occult Sciences. Julien Tondriau. EDAF, 1985","description":"Dictionary of the Occult Sciences, by Julien Tondriau. Spanish edition by the publisher EDAF, 1985, in its collection \u201cThe Emerald Table\u201d.","robots":{"index":"index","follow":"follow","max-snippet":"max-snippet:-1","max-image-preview":"max-image-preview:large","max-video-preview":"max-video-preview:-1"},"canonical":"https:\/\/www.comprarmejor.es\/en\/product\/dictionary-of-the-occult-sciences-julien-tondriau-edaf-1985\/","og_locale":"en_US","og_type":"article","og_title":"Dictionary of the Occult Sciences. Julien Tondriau. EDAF, 1985","og_description":"Dictionary of the Occult Sciences, by Julien Tondriau. Spanish edition by the publisher EDAF, 1985, in its collection \u201cThe Emerald Table\u201d.","og_url":"https:\/\/www.comprarmejor.es\/en\/product\/dictionary-of-the-occult-sciences-julien-tondriau-edaf-1985\/","og_site_name":"ComprarMejor","article_modified_time":"2024-12-30T10:13:37+00:00","og_image":[{"width":645,"height":757,"url":"https:\/\/www.comprarmejor.es\/wp-content\/uploads\/2017\/02\/DdlCO-1.jpg","type":"image\/jpeg"}],"twitter_card":"summary_large_image","twitter_misc":{"Est. reading time":"1 minute"},"schema":{"@context":"https:\/\/schema.org","@graph":[{"@type":"WebPage","@id":"https:\/\/www.comprarmejor.es\/en\/product\/dictionary-of-the-occult-sciences-julien-tondriau-edaf-1985\/","url":"https:\/\/www.comprarmejor.es\/en\/product\/dictionary-of-the-occult-sciences-julien-tondriau-edaf-1985\/","name":"Dictionary of the Occult Sciences. Julien Tondriau. EDAF, 1985","isPartOf":{"@id":"https:\/\/www.comprarmejor.es\/en\/#website"},"primaryImageOfPage":{"@id":"https:\/\/www.comprarmejor.es\/en\/product\/dictionary-of-the-occult-sciences-julien-tondriau-edaf-1985\/#primaryimage"},"image":{"@id":"https:\/\/www.comprarmejor.es\/en\/product\/dictionary-of-the-occult-sciences-julien-tondriau-edaf-1985\/#primaryimage"},"thumbnailUrl":"https:\/\/www.comprarmejor.es\/wp-content\/uploads\/2017\/02\/DdlCO-1.jpg","datePublished":"2017-02-28T12:39:13+00:00","dateModified":"2024-12-30T10:13:37+00:00","description":"Dictionary of the Occult Sciences, by Julien Tondriau. Spanish edition by the publisher EDAF, 1985, in its collection \u201cThe Emerald Table\u201d.","breadcrumb":{"@id":"https:\/\/www.comprarmejor.es\/en\/product\/dictionary-of-the-occult-sciences-julien-tondriau-edaf-1985\/#breadcrumb"},"inLanguage":"en-US","potentialAction":[{"@type":"ReadAction","target":["https:\/\/www.comprarmejor.es\/en\/product\/dictionary-of-the-occult-sciences-julien-tondriau-edaf-1985\/"]}]},{"@type":"ImageObject","inLanguage":"en-US","@id":"https:\/\/www.comprarmejor.es\/en\/product\/dictionary-of-the-occult-sciences-julien-tondriau-edaf-1985\/#primaryimage","url":"https:\/\/www.comprarmejor.es\/wp-content\/uploads\/2017\/02\/DdlCO-1.jpg","contentUrl":"https:\/\/www.comprarmejor.es\/wp-content\/uploads\/2017\/02\/DdlCO-1.jpg","width":645,"height":757},{"@type":"BreadcrumbList","@id":"https:\/\/www.comprarmejor.es\/en\/product\/dictionary-of-the-occult-sciences-julien-tondriau-edaf-1985\/#breadcrumb","itemListElement":[{"@type":"ListItem","position":1,"name":"Portada","item":"https:\/\/www.comprarmejor.es\/en\/"},{"@type":"ListItem","position":2,"name":"Shop","item":"https:\/\/www.comprarmejor.es\/en\/shop\/"},{"@type":"ListItem","position":3,"name":"Dictionary of the Occult Sciences. Julien Tondriau. EDAF, 1985"}]},{"@type":"WebSite","@id":"https:\/\/www.comprarmejor.es\/en\/#website","url":"https:\/\/www.comprarmejor.es\/en\/","name":"ComprarMejor","description":"ComprarMejor","publisher":{"@id":"https:\/\/www.comprarmejor.es\/en\/#organization"},"potentialAction":[{"@type":"SearchAction","target":{"@type":"EntryPoint","urlTemplate":"https:\/\/www.comprarmejor.es\/en\/?s={search_term_string}"},"query-input":{"@type":"PropertyValueSpecification","valueRequired":true,"valueName":"search_term_string"}}],"inLanguage":"en-US"},{"@type":"Organization","@id":"https:\/\/www.comprarmejor.es\/en\/#organization","name":"COMPRAR MEJOR","url":"https:\/\/www.comprarmejor.es\/en\/","logo":{"@type":"ImageObject","inLanguage":"en-US","@id":"https:\/\/www.comprarmejor.es\/en\/#\/schema\/logo\/image\/","url":"https:\/\/www.comprarmejor.es\/wp-content\/uploads\/2025\/09\/comprarmejortrinidad.jpg","contentUrl":"https:\/\/www.comprarmejor.es\/wp-content\/uploads\/2025\/09\/comprarmejortrinidad.jpg","width":1022,"height":1380,"caption":"COMPRAR MEJOR"},"image":{"@id":"https:\/\/www.comprarmejor.es\/en\/#\/schema\/logo\/image\/"},"sameAs":["https:\/\/www.instagram.com\/amigosdelcodice"]}]}},"_links":{"self":[{"href":"https:\/\/www.comprarmejor.es\/en\/wp-json\/wp\/v2\/product\/54477","targetHints":{"allow":["GET"]}}],"collection":[{"href":"https:\/\/www.comprarmejor.es\/en\/wp-json\/wp\/v2\/product"}],"about":[{"href":"https:\/\/www.comprarmejor.es\/en\/wp-json\/wp\/v2\/types\/product"}],"wp:featuredmedia":[{"embeddable":true,"href":"https:\/\/www.comprarmejor.es\/en\/wp-json\/wp\/v2\/media\/99817"}],"wp:attachment":[{"href":"https:\/\/www.comprarmejor.es\/en\/wp-json\/wp\/v2\/media?parent=54477"}],"wp:term":[{"taxonomy":"product_brand","embeddable":true,"href":"https:\/\/www.comprarmejor.es\/en\/wp-json\/wp\/v2\/product_brand?post=54477"},{"taxonomy":"product_cat","embeddable":true,"href":"https:\/\/www.comprarmejor.es\/en\/wp-json\/wp\/v2\/product_cat?post=54477"},{"taxonomy":"product_tag","embeddable":true,"href":"https:\/\/www.comprarmejor.es\/en\/wp-json\/wp\/v2\/product_tag?post=54477"}],"curies":[{"name":"wp","href":"https:\/\/api.w.org\/{rel}","templated":true}]}}