{"id":54487,"date":"2017-03-02T23:06:19","date_gmt":"2017-03-02T22:06:19","guid":{"rendered":"https:\/\/www.comprarmejor.es\/producto\/just-and-unjust-antonio-mingote-2006\/"},"modified":"2020-05-03T17:57:25","modified_gmt":"2020-05-03T15:57:25","slug":"justos-e-injustos-antonio-mingote-2006","status":"publish","type":"product","link":"https:\/\/www.comprarmejor.es\/en\/product\/justos-e-injustos-antonio-mingote-2006\/","title":{"rendered":"Justos e injustos, Antonio Mingote, 2006"},"content":{"rendered":"<p style=\"text-align: justify;\"><span id=\"result_box\" lang=\"en\" xml:lang=\"en\"><span title=\"Justos e injustos.\">Just and unjust. <\/span><span title=\"Dos mundos opuestos, dos realidades distintas que se alimentan mutuamente: el eterno enfrentamiento entre polic\u00edas y cacos, jueces y condenados, buenos y malos o, como Mingote prefiere llamarlos: justos e injustos.\">Two opposing worlds, two mutually nourishing realities: the eternal confrontation between policemen and shards, judges and convicts, good and bad or, as Mingote prefers to call them: just and unjust.<\/span><\/span><\/p>\n<p style=\"text-align: justify;\"><span title=\"Primera edici\u00f3n, 2006. Colecci\u00f3n A. Mingote n\u00famero 4.\">First Edition, 2006. Collection A. Mingote number 4.<\/span><\/p>\n<p style=\"text-align: justify;\"><span title=\"Encuadernaci\u00f3n en tapa dura ilustrada, formato 21,7 x 30 cm.\">Binding in hardcover illustrated, format 21.7 x 30 cm. <\/span><span title=\"90 p\u00e1ginas.\">90 pages. <\/span><span title=\"162 vi\u00f1etas en blanco y negro de los chistes que Mingote fue publicando a lo largo de su carrera en el diario ABC.\">162 black and white cartoons of the jokes that Mingote was publishing throughout his career in the ABC newspaper.<\/span><\/p>\n<p style=\"text-align: justify;\"><span title=\"En esta colecci\u00f3n de antolog\u00edas de chistes, el lector puede ver c\u00f3mo ha evolucionado el dibujo de Mingote desde sus primeros chistes, publicados en la d\u00e9cada de los cincuenta, hasta los m\u00e1s recientes (fecha de la edici\u00f3n 2006).\">In this collection of anthologies of jokes, the reader can see how Mingote&#8217;s drawing has evolved from his first jokes, published in the fifties, to the most recent ones (date of the 2006 edition). <\/span><span title=\"Es m\u00e1s de medio siglo analizando, desde las p\u00e1ginas del diario ABC la actualidad espa\u00f1ola e internacional mediante un l\u00e1piz y un papel.\">It is more than half a century analyzing, from the pages of the newspaper ABC the Spanish and international news through a pencil and a paper. <\/span><span title=\"Los chistes de Mingote rescatados del pasado provocan las mismas sonrisas que los de hoy en d\u00eda, con lo que se demuestra que el talento no caduca, que el ingenio no se agota y que la mirada inocente y el sentido com\u00fan son poderosas armas para despojar a\">The jokes of Mingote rescued from the past provoke the same smiles that today, which shows that talent does not expire, that wit is not exhausted and that innocent gaze and common sense are powerful weapons to strip <\/span><span title=\"la actualidad de adornos innecesarios y sinrazones circunstanciales.\">The actuality of unnecessary adornments and circumstantial unreason.<\/span><\/p>\n<p style=\"text-align: justify;\"><span title=\"Ejemplos son los chistes que retratan la sociedad espa\u00f1ola de los a\u00f1os ochenta pero que hoy d\u00eda siguen vigentes: el caco que le dice a su v\u00edctima \u201cmucho cuidado con lo que hace o lo denuncio a la polic\u00eda\u201d, cuando se prepara para defenderse del atraco\">Examples are the jokes that portray the Spanish society of the 1980s but are still in force today: the shard that tells his victim &#8220;very careful what he does or I denounce him to the police,&#8221; as he prepares to defend himself against the robbery <\/span><span title=\";\">; <\/span><span title=\"o cuando la v\u00edctima malparada que est\u00e1 siendo auxiliada dice \u201cy sobre todo que no se entere el juez de que le he pegado una bofetada al atracador\u201d;\">Or when the ill-fated victim being aided says &#8220;and above all that the judge does not know that I have slapped the robber&#8221;; <\/span><span title=\"o cuando sin palabras, dibuja a la Justicia encima de una tortuga.\">Or when without words, draws Justice over a turtle.<\/span><\/p>\n<p style=\"text-align: justify;\"><span title=\"Seguro que disfrutar\u00e1 y sonreir\u00e1 muchas veces con cada chiste del genial Mingote.\">Surely you will enjoy and smile many times with every joke of the great Mingote.<\/span><\/p>\n<p style=\"text-align: justify;\"><span title=\"Ejemplar en perfecto estado.\">Exemplary in perfect condition.<\/span><\/p>\n<p style=\"text-align: justify;\"><span title=\"Gastos de env\u00edo por cuenta del comprador, seg\u00fan pedido y destino.\">Shipping costs for the account of the buyer, according to order and destination.\u00a0<\/span><span title=\"Cons\u00faltenos sin compromiso cualquier duda, as\u00ed como por cualquier otro art\u00edculo que est\u00e9 buscando.\"><a class=\"btn btn-default\" href=\"http:\/\/comprarmejor.es\/en\/contact\">Ask us<\/a> without any questions, as well as any other item you are looking for.<\/span><\/p>\n","protected":false},"excerpt":{"rendered":"<p style=\"text-align: justify;\"><span id=\"result_box\" lang=\"en\" xml:lang=\"en\"><span title=\"Dos mundos opuestos, dos realidades distintas que se alimentan mutuamente: el eterno enfrentamiento entre polic\u00edas y cacos, jueces y condenados, buenos y malos o, como Mingote prefiere llamarlos: justos e injustos.\">Two opposing worlds, two mutually nourishing realities: the eternal confrontation between policemen and shards, judges and convicts, good and bad or, as Mingote prefers to call them: just and unjust.<\/span><\/span><\/p>\n","protected":false},"featured_media":54479,"template":"","meta":[],"product_brand":[],"product_cat":[2256,2242],"product_tag":[4262],"class_list":{"0":"post-54487","1":"product","2":"type-product","3":"status-publish","4":"has-post-thumbnail","6":"product_cat-books-in-general","7":"product_cat-first-editions","8":"product_tag-mingote-en","9":"product_shipping_class-from-0-to-1-kg","10":"description-off","12":"first","13":"instock","14":"sale","15":"taxable","16":"shipping-taxable","17":"purchasable","18":"product-type-simple"},"yoast_head":"<!-- This site is optimized with the Yoast SEO plugin v27.3 - https:\/\/yoast.com\/product\/yoast-seo-wordpress\/ -->\n<title>Just and unjust, Antonio Mingote, 2006, the eternal confrontation<\/title>\n<meta name=\"description\" content=\"Two opposing worlds, two mutually nourishing realities: the eternal confrontation between policemen and shards, judges and convicts, good and bad or,\" \/>\n<meta name=\"robots\" content=\"index, follow, max-snippet:-1, max-image-preview:large, max-video-preview:-1\" \/>\n<link rel=\"canonical\" href=\"https:\/\/www.comprarmejor.es\/en\/product\/justos-e-injustos-antonio-mingote-2006\/\" \/>\n<meta property=\"og:locale\" content=\"en_US\" \/>\n<meta property=\"og:type\" content=\"article\" \/>\n<meta property=\"og:title\" content=\"Just and unjust, Antonio Mingote, 2006, the eternal confrontation\" \/>\n<meta property=\"og:description\" content=\"Two opposing worlds, two mutually nourishing realities: the eternal confrontation between policemen and shards, judges and convicts, good and bad or,\" \/>\n<meta property=\"og:url\" content=\"https:\/\/www.comprarmejor.es\/en\/product\/justos-e-injustos-antonio-mingote-2006\/\" \/>\n<meta property=\"og:site_name\" content=\"ComprarMejor\" \/>\n<meta property=\"article:modified_time\" content=\"2020-05-03T15:57:25+00:00\" \/>\n<meta property=\"og:image\" content=\"https:\/\/www.comprarmejor.es\/wp-content\/uploads\/2017\/03\/p_7_0_7_8_7078-Justos-e-injustos-Antonio-Mingote-2006.jpg\" \/>\n\t<meta property=\"og:image:width\" content=\"484\" \/>\n\t<meta property=\"og:image:height\" content=\"600\" \/>\n\t<meta property=\"og:image:type\" content=\"image\/jpeg\" \/>\n<meta name=\"twitter:card\" content=\"summary_large_image\" \/>\n<meta name=\"twitter:label1\" content=\"Est. reading time\" \/>\n\t<meta name=\"twitter:data1\" content=\"1 minute\" \/>\n<script type=\"application\/ld+json\" class=\"yoast-schema-graph\">{\"@context\":\"https:\\\/\\\/schema.org\",\"@graph\":[{\"@type\":\"WebPage\",\"@id\":\"https:\\\/\\\/www.comprarmejor.es\\\/en\\\/product\\\/justos-e-injustos-antonio-mingote-2006\\\/\",\"url\":\"https:\\\/\\\/www.comprarmejor.es\\\/en\\\/product\\\/justos-e-injustos-antonio-mingote-2006\\\/\",\"name\":\"Just and unjust, Antonio Mingote, 2006, the eternal confrontation\",\"isPartOf\":{\"@id\":\"https:\\\/\\\/www.comprarmejor.es\\\/en\\\/#website\"},\"primaryImageOfPage\":{\"@id\":\"https:\\\/\\\/www.comprarmejor.es\\\/en\\\/product\\\/justos-e-injustos-antonio-mingote-2006\\\/#primaryimage\"},\"image\":{\"@id\":\"https:\\\/\\\/www.comprarmejor.es\\\/en\\\/product\\\/justos-e-injustos-antonio-mingote-2006\\\/#primaryimage\"},\"thumbnailUrl\":\"https:\\\/\\\/www.comprarmejor.es\\\/wp-content\\\/uploads\\\/2017\\\/03\\\/p_7_0_7_8_7078-Justos-e-injustos-Antonio-Mingote-2006.jpg\",\"datePublished\":\"2017-03-02T22:06:19+00:00\",\"dateModified\":\"2020-05-03T15:57:25+00:00\",\"description\":\"Two opposing worlds, two mutually nourishing realities: the eternal confrontation between policemen and shards, judges and convicts, good and bad or,\",\"breadcrumb\":{\"@id\":\"https:\\\/\\\/www.comprarmejor.es\\\/en\\\/product\\\/justos-e-injustos-antonio-mingote-2006\\\/#breadcrumb\"},\"inLanguage\":\"en-US\",\"potentialAction\":[{\"@type\":\"ReadAction\",\"target\":[\"https:\\\/\\\/www.comprarmejor.es\\\/en\\\/product\\\/justos-e-injustos-antonio-mingote-2006\\\/\"]}]},{\"@type\":\"ImageObject\",\"inLanguage\":\"en-US\",\"@id\":\"https:\\\/\\\/www.comprarmejor.es\\\/en\\\/product\\\/justos-e-injustos-antonio-mingote-2006\\\/#primaryimage\",\"url\":\"https:\\\/\\\/www.comprarmejor.es\\\/wp-content\\\/uploads\\\/2017\\\/03\\\/p_7_0_7_8_7078-Justos-e-injustos-Antonio-Mingote-2006.jpg\",\"contentUrl\":\"https:\\\/\\\/www.comprarmejor.es\\\/wp-content\\\/uploads\\\/2017\\\/03\\\/p_7_0_7_8_7078-Justos-e-injustos-Antonio-Mingote-2006.jpg\",\"width\":484,\"height\":600},{\"@type\":\"BreadcrumbList\",\"@id\":\"https:\\\/\\\/www.comprarmejor.es\\\/en\\\/product\\\/justos-e-injustos-antonio-mingote-2006\\\/#breadcrumb\",\"itemListElement\":[{\"@type\":\"ListItem\",\"position\":1,\"name\":\"Portada\",\"item\":\"https:\\\/\\\/www.comprarmejor.es\\\/en\\\/\"},{\"@type\":\"ListItem\",\"position\":2,\"name\":\"Shop\",\"item\":\"https:\\\/\\\/www.comprarmejor.es\\\/en\\\/shop\\\/\"},{\"@type\":\"ListItem\",\"position\":3,\"name\":\"Justos e injustos, Antonio Mingote, 2006\"}]},{\"@type\":\"WebSite\",\"@id\":\"https:\\\/\\\/www.comprarmejor.es\\\/en\\\/#website\",\"url\":\"https:\\\/\\\/www.comprarmejor.es\\\/en\\\/\",\"name\":\"ComprarMejor\",\"description\":\"ComprarMejor\",\"publisher\":{\"@id\":\"https:\\\/\\\/www.comprarmejor.es\\\/en\\\/#organization\"},\"potentialAction\":[{\"@type\":\"SearchAction\",\"target\":{\"@type\":\"EntryPoint\",\"urlTemplate\":\"https:\\\/\\\/www.comprarmejor.es\\\/en\\\/?s={search_term_string}\"},\"query-input\":{\"@type\":\"PropertyValueSpecification\",\"valueRequired\":true,\"valueName\":\"search_term_string\"}}],\"inLanguage\":\"en-US\"},{\"@type\":\"Organization\",\"@id\":\"https:\\\/\\\/www.comprarmejor.es\\\/en\\\/#organization\",\"name\":\"COMPRAR MEJOR\",\"url\":\"https:\\\/\\\/www.comprarmejor.es\\\/en\\\/\",\"logo\":{\"@type\":\"ImageObject\",\"inLanguage\":\"en-US\",\"@id\":\"https:\\\/\\\/www.comprarmejor.es\\\/en\\\/#\\\/schema\\\/logo\\\/image\\\/\",\"url\":\"https:\\\/\\\/www.comprarmejor.es\\\/wp-content\\\/uploads\\\/2025\\\/09\\\/comprarmejortrinidad.jpg\",\"contentUrl\":\"https:\\\/\\\/www.comprarmejor.es\\\/wp-content\\\/uploads\\\/2025\\\/09\\\/comprarmejortrinidad.jpg\",\"width\":1022,\"height\":1380,\"caption\":\"COMPRAR MEJOR\"},\"image\":{\"@id\":\"https:\\\/\\\/www.comprarmejor.es\\\/en\\\/#\\\/schema\\\/logo\\\/image\\\/\"},\"sameAs\":[\"https:\\\/\\\/www.instagram.com\\\/amigosdelcodice\"]}]}<\/script>\n<!-- \/ Yoast SEO plugin. -->","yoast_head_json":{"title":"Just and unjust, Antonio Mingote, 2006, the eternal confrontation","description":"Two opposing worlds, two mutually nourishing realities: the eternal confrontation between policemen and shards, judges and convicts, good and bad or,","robots":{"index":"index","follow":"follow","max-snippet":"max-snippet:-1","max-image-preview":"max-image-preview:large","max-video-preview":"max-video-preview:-1"},"canonical":"https:\/\/www.comprarmejor.es\/en\/product\/justos-e-injustos-antonio-mingote-2006\/","og_locale":"en_US","og_type":"article","og_title":"Just and unjust, Antonio Mingote, 2006, the eternal confrontation","og_description":"Two opposing worlds, two mutually nourishing realities: the eternal confrontation between policemen and shards, judges and convicts, good and bad or,","og_url":"https:\/\/www.comprarmejor.es\/en\/product\/justos-e-injustos-antonio-mingote-2006\/","og_site_name":"ComprarMejor","article_modified_time":"2020-05-03T15:57:25+00:00","og_image":[{"width":484,"height":600,"url":"https:\/\/www.comprarmejor.es\/wp-content\/uploads\/2017\/03\/p_7_0_7_8_7078-Justos-e-injustos-Antonio-Mingote-2006.jpg","type":"image\/jpeg"}],"twitter_card":"summary_large_image","twitter_misc":{"Est. reading time":"1 minute"},"schema":{"@context":"https:\/\/schema.org","@graph":[{"@type":"WebPage","@id":"https:\/\/www.comprarmejor.es\/en\/product\/justos-e-injustos-antonio-mingote-2006\/","url":"https:\/\/www.comprarmejor.es\/en\/product\/justos-e-injustos-antonio-mingote-2006\/","name":"Just and unjust, Antonio Mingote, 2006, the eternal confrontation","isPartOf":{"@id":"https:\/\/www.comprarmejor.es\/en\/#website"},"primaryImageOfPage":{"@id":"https:\/\/www.comprarmejor.es\/en\/product\/justos-e-injustos-antonio-mingote-2006\/#primaryimage"},"image":{"@id":"https:\/\/www.comprarmejor.es\/en\/product\/justos-e-injustos-antonio-mingote-2006\/#primaryimage"},"thumbnailUrl":"https:\/\/www.comprarmejor.es\/wp-content\/uploads\/2017\/03\/p_7_0_7_8_7078-Justos-e-injustos-Antonio-Mingote-2006.jpg","datePublished":"2017-03-02T22:06:19+00:00","dateModified":"2020-05-03T15:57:25+00:00","description":"Two opposing worlds, two mutually nourishing realities: the eternal confrontation between policemen and shards, judges and convicts, good and bad or,","breadcrumb":{"@id":"https:\/\/www.comprarmejor.es\/en\/product\/justos-e-injustos-antonio-mingote-2006\/#breadcrumb"},"inLanguage":"en-US","potentialAction":[{"@type":"ReadAction","target":["https:\/\/www.comprarmejor.es\/en\/product\/justos-e-injustos-antonio-mingote-2006\/"]}]},{"@type":"ImageObject","inLanguage":"en-US","@id":"https:\/\/www.comprarmejor.es\/en\/product\/justos-e-injustos-antonio-mingote-2006\/#primaryimage","url":"https:\/\/www.comprarmejor.es\/wp-content\/uploads\/2017\/03\/p_7_0_7_8_7078-Justos-e-injustos-Antonio-Mingote-2006.jpg","contentUrl":"https:\/\/www.comprarmejor.es\/wp-content\/uploads\/2017\/03\/p_7_0_7_8_7078-Justos-e-injustos-Antonio-Mingote-2006.jpg","width":484,"height":600},{"@type":"BreadcrumbList","@id":"https:\/\/www.comprarmejor.es\/en\/product\/justos-e-injustos-antonio-mingote-2006\/#breadcrumb","itemListElement":[{"@type":"ListItem","position":1,"name":"Portada","item":"https:\/\/www.comprarmejor.es\/en\/"},{"@type":"ListItem","position":2,"name":"Shop","item":"https:\/\/www.comprarmejor.es\/en\/shop\/"},{"@type":"ListItem","position":3,"name":"Justos e injustos, Antonio Mingote, 2006"}]},{"@type":"WebSite","@id":"https:\/\/www.comprarmejor.es\/en\/#website","url":"https:\/\/www.comprarmejor.es\/en\/","name":"ComprarMejor","description":"ComprarMejor","publisher":{"@id":"https:\/\/www.comprarmejor.es\/en\/#organization"},"potentialAction":[{"@type":"SearchAction","target":{"@type":"EntryPoint","urlTemplate":"https:\/\/www.comprarmejor.es\/en\/?s={search_term_string}"},"query-input":{"@type":"PropertyValueSpecification","valueRequired":true,"valueName":"search_term_string"}}],"inLanguage":"en-US"},{"@type":"Organization","@id":"https:\/\/www.comprarmejor.es\/en\/#organization","name":"COMPRAR MEJOR","url":"https:\/\/www.comprarmejor.es\/en\/","logo":{"@type":"ImageObject","inLanguage":"en-US","@id":"https:\/\/www.comprarmejor.es\/en\/#\/schema\/logo\/image\/","url":"https:\/\/www.comprarmejor.es\/wp-content\/uploads\/2025\/09\/comprarmejortrinidad.jpg","contentUrl":"https:\/\/www.comprarmejor.es\/wp-content\/uploads\/2025\/09\/comprarmejortrinidad.jpg","width":1022,"height":1380,"caption":"COMPRAR MEJOR"},"image":{"@id":"https:\/\/www.comprarmejor.es\/en\/#\/schema\/logo\/image\/"},"sameAs":["https:\/\/www.instagram.com\/amigosdelcodice"]}]}},"_links":{"self":[{"href":"https:\/\/www.comprarmejor.es\/en\/wp-json\/wp\/v2\/product\/54487","targetHints":{"allow":["GET"]}}],"collection":[{"href":"https:\/\/www.comprarmejor.es\/en\/wp-json\/wp\/v2\/product"}],"about":[{"href":"https:\/\/www.comprarmejor.es\/en\/wp-json\/wp\/v2\/types\/product"}],"wp:featuredmedia":[{"embeddable":true,"href":"https:\/\/www.comprarmejor.es\/en\/wp-json\/wp\/v2\/media\/54479"}],"wp:attachment":[{"href":"https:\/\/www.comprarmejor.es\/en\/wp-json\/wp\/v2\/media?parent=54487"}],"wp:term":[{"taxonomy":"product_brand","embeddable":true,"href":"https:\/\/www.comprarmejor.es\/en\/wp-json\/wp\/v2\/product_brand?post=54487"},{"taxonomy":"product_cat","embeddable":true,"href":"https:\/\/www.comprarmejor.es\/en\/wp-json\/wp\/v2\/product_cat?post=54487"},{"taxonomy":"product_tag","embeddable":true,"href":"https:\/\/www.comprarmejor.es\/en\/wp-json\/wp\/v2\/product_tag?post=54487"}],"curies":[{"name":"wp","href":"https:\/\/api.w.org\/{rel}","templated":true}]}}