{"id":54531,"date":"2017-03-09T18:21:02","date_gmt":"2017-03-09T17:21:02","guid":{"rendered":"https:\/\/www.comprarmejor.es\/producto\/codices-illustres-the-most-beautiful-illuminated-manuscripts-in-the-world-ed2014\/"},"modified":"2022-12-28T11:20:54","modified_gmt":"2022-12-28T10:20:54","slug":"codices-illustres-the-most-beautiful-illuminated-manuscripts-in-the-world-ed2014","status":"publish","type":"product","link":"https:\/\/www.comprarmejor.es\/en\/product\/codices-illustres-the-most-beautiful-illuminated-manuscripts-in-the-world-ed2014\/","title":{"rendered":"Codices illustres. The most beautiful illuminated manuscripts in the world (ed.2014)"},"content":{"rendered":"<p style=\"text-align: justify;\"><span id=\"result_box\" lang=\"en\" xml:lang=\"en\"><span lang=\"en\" xml:lang=\"en\"><span title=\"Ejemplar en perfecto estado, a estrenar.\"><span lang=\"en\" xml:lang=\"en\"><span title=\"Esta bella edici\u00f3n realizada en 2014 de \u201cCodices illustres, los manuscritos iluminados m\u00e1s bellos del mundo desde 400 hasta 1600\u201d, por Ingo F. Walther y Norbert Wolf, es una obra imprescindible para todo buen bibli\u00f3filo y coleccionista de facs\u00edmiles medievales.\">This beautiful edition made in 2014 of &#8220;Codices illustres, the most beautiful illuminated manuscripts of the world from 400 to 1600&#8221;, by Ingo F. Walther and Norbert Wolf, is an essential work for every good bibliophile and collector of medieval facsimiles. <\/span><span title=\"Representa un cat\u00e1logo de los 167 manuscritos m\u00e1s bellos e importantes de la Edad Media, muchos de ellos al alcance de la mano de cualquier coleccionista gracias a las ediciones facsimilares de lujo de las mejores editoriales europeas.\">It represents a catalog of the 167 most beautiful and important manuscripts of the Middle Ages, many of them at the reach of any collector thanks to the luxury facsimile editions of the best European publishers.<\/span><\/span><\/span><\/span><\/span><\/p>\n<p style=\"text-align: justify;\"><span title=\"Estas obras paradigm\u00e1ticas de la ilustraci\u00f3n de manuscritos de entre el siglo IV y el XVII poseen un valor incalculable y, hasta hoy, sol\u00edan guardarse a buen recaudo en colecciones privadas o archivos bien custodiados.\">These paradigmatic works of manuscript illustration from the 4th to the 17th century are invaluable and, until now, they were often kept safely in private collections or well-guarded archives. <\/span><span title=\"Descubra algunos de los m\u00e1s exquisitos e importantes manuscritos de la Edad Media en esta colecci\u00f3n de brillantes reproducciones en gran formato, completada con un ap\u00e9ndice de 36 p\u00e1ginas que incluye las biograf\u00edas de los artistas, un \u00edndice y un glosario.\">Discover some of the most exquisite and important manuscripts of the Middle Ages in this collection of brilliant reproductions in large format, complete with a 36-page appendix that includes the biographies of the artists, an index and a glossary.<\/span><\/p>\n<p style=\"text-align: justify;\"><span title=\"Desde El libro de Kells hasta el Decamer\u00f3n de Boccaccio, pasando por El G\u00e9nesis de Viena o La Divina Comedia de Dante, abrir \u201cCodices illustres\u201d es como abrir la puerta a un mundo privado muy valioso.\">From The Book of Kells to the Decameron of Boccaccio, through The Genesis of Vienna or The Divine Comedy by Dante, opening &#8220;Codices illustres&#8221; is like opening the door to a very valuable private world. <\/span><span title=\"Disponible en un nuevo formato, este libro radiante acerca al lector a 167 de los manuscritos m\u00e1s bellos e importantes de la Edad Media.\">Available in a new format, this radiant book brings the reader closer to 167 of the most beautiful and important manuscripts of the Middle Ages.<\/span><\/p>\n<p style=\"text-align: justify;\"><span title=\"Estos paradigmas de las miniaturas y las iluminaciones de los siglos IV al XVII, presentadas con magn\u00edficas reproducciones en gran formato, pertenecieron a algunos de los personajes m\u00e1s ilustres de la historia.\">These paradigms of miniatures and illuminations from the 4th to the 17th centuries, presented with magnificent reproductions in large format, belonged to some of the most illustrious figures in history. <\/span><span title=\"Considerados aut\u00e9nticos tesoros de la historia del arte, valen su peso en oro y suelen guardarse a buen recaudo en colecciones privadas o archivos custodiados con grandes medidas de seguridad.\">Considered authentic treasures of the history of art, they are worth their weight in gold and are usually kept safely in private collections or archives guarded with large security measures. <\/span><span title=\"Hasta hoy.\">Until today.<\/span><\/p>\n<p style=\"text-align: justify;\"><span title=\"Aunque la colecci\u00f3n se centra en los manuscritos europeos, tambi\u00e9n se han seleccionado ejemplares mexicanos, persas e indios que muestran el refinamiento y la complejidad de la ilustraci\u00f3n de culturas ajenas a la europea.\">Although the collection focuses on European manuscripts, Mexican, Persian and Indian specimens have also been selected, showing the refinement and complexity of the illustration of non-European cultures. <\/span><span title=\"Una sinopsis detallada de cada manuscrito orienta el lector, mientras que un ap\u00e9ndice de 36 p\u00e1ginas re\u00fane las biograf\u00edas de los artistas, as\u00ed como una extensa bibliograf\u00eda, un \u00edndice y un glosario de t\u00e9rminos t\u00e9cnicos.\">A detailed synopsis of each manuscript guides the reader, while a 36-page appendix gathers the biographies of the artists, as well as an extensive bibliography, an index and a glossary of technical terms.<\/span><\/p>\n<p style=\"text-align: justify;\"><span title=\"Esta nueva edici\u00f3n se presenta en tapa dura encuadernada en tela, con sobrecubierta ilustrada a color y con faja, formato 22,5 x 28,3 cm, 504 p\u00e1ginas bellamente ilustradas.\">This new edition is presented in hardcover bound in fabric, with dust jacket illustrated in color and with sash, format 22.5 x 28.3 cm, 504 pages beautifully illustrated.<\/span><\/p>\n<p style=\"text-align: justify;\"><span title=\"El ejemplar que aqu\u00ed ofrecemos (nuevo, a estrenar) tiene los textos en espa\u00f1ol y la edici\u00f3n se encuentra totalmente agotada.\">The copy that we offer here (new, brand new) has the texts in Spanish and the edition is totally sold out.<\/span><\/p>\n<p style=\"text-align: justify;\"><span class=\"HwtZe\" lang=\"en\"><span class=\"jCAhz ChMk0b C1N51c\"><span class=\"ryNqvb\">Free shipping for this item<\/span><\/span><\/span>. <a class=\"btn btn-default\" href=\"https:\/\/www.comprarmejor.es\/en\/contact\">Ask us<\/a>\u00a0<span class=\"HwtZe\" lang=\"en\"><span class=\"jCAhz ChMk0b\"><span class=\"ryNqvb\">any questions you have, indicating the article reference.<\/span><\/span><\/span><\/p>\n","protected":false},"excerpt":{"rendered":"<p style=\"text-align: justify;\"><span id=\"result_box\" lang=\"en\" xml:lang=\"en\"><span lang=\"en\" xml:lang=\"en\"><span title=\"y 1832.\"><span lang=\"en\" xml:lang=\"en\"><span title=\"Esta bella edici\u00f3n realizada en 2014 de \u201cCodices illustres, los manuscritos iluminados m\u00e1s bellos del mundo desde 400 hasta 1600\u201d, por Ingo F. Walther y Norbert Wolf, es una obra imprescindible para todo buen bibli\u00f3filo y coleccionista de facs\u00edmiles medievales.\">This beautiful edition made in 2014 of &#8220;Codices illustres, the most beautiful illuminated manuscripts of the world from 400 to 1600&#8221;, by Ingo F. Walther and Norbert Wolf, is an essential work for every good bibliophile and collector of medieval facsimiles.<\/span><\/span><\/span><\/span><\/span><\/p>\n","protected":false},"featured_media":54515,"template":"","meta":[],"product_brand":[],"product_cat":[2256],"product_tag":[4244,3989],"class_list":{"0":"post-54531","1":"product","2":"type-product","3":"status-publish","4":"has-post-thumbnail","6":"product_cat-books-in-general","7":"product_tag-illustres-en-2","8":"product_tag-taschen-en","9":"description-off","11":"first","12":"instock","13":"taxable","14":"shipping-taxable","15":"purchasable","16":"product-type-simple"},"yoast_head":"<!-- This site is optimized with the Yoast SEO plugin v27.3 - https:\/\/yoast.com\/product\/yoast-seo-wordpress\/ -->\n<title>Codices illustres. The most beautiful illuminated manuscripts in the<\/title>\n<meta name=\"description\" content=\"This edition made in 2014 of &quot;Codices illustres, the most beautiful illuminated manuscripts of the world from 400 to 1600&quot;, by Ingo F. Walther and Norbert\" \/>\n<meta name=\"robots\" content=\"index, follow, max-snippet:-1, max-image-preview:large, max-video-preview:-1\" \/>\n<link rel=\"canonical\" href=\"https:\/\/www.comprarmejor.es\/en\/product\/codices-illustres-the-most-beautiful-illuminated-manuscripts-in-the-world-ed2014\/\" \/>\n<meta property=\"og:locale\" content=\"en_US\" \/>\n<meta property=\"og:type\" content=\"article\" \/>\n<meta property=\"og:title\" content=\"Codices illustres. The most beautiful illuminated manuscripts in the\" \/>\n<meta property=\"og:description\" content=\"This edition made in 2014 of &quot;Codices illustres, the most beautiful illuminated manuscripts of the world from 400 to 1600&quot;, by Ingo F. Walther and Norbert\" \/>\n<meta property=\"og:url\" content=\"https:\/\/www.comprarmejor.es\/en\/product\/codices-illustres-the-most-beautiful-illuminated-manuscripts-in-the-world-ed2014\/\" \/>\n<meta property=\"og:site_name\" content=\"ComprarMejor\" \/>\n<meta property=\"article:modified_time\" content=\"2022-12-28T10:20:54+00:00\" \/>\n<meta property=\"og:image\" content=\"https:\/\/www.comprarmejor.es\/wp-content\/uploads\/2017\/03\/p_7_6_9_1_7691-Codices-illustres.-Los-manuscritos-iluminados-mas-bellos-del-mundo-ed.2014.jpg\" \/>\n\t<meta property=\"og:image:width\" content=\"575\" \/>\n\t<meta property=\"og:image:height\" content=\"595\" \/>\n\t<meta property=\"og:image:type\" content=\"image\/jpeg\" \/>\n<meta name=\"twitter:card\" content=\"summary_large_image\" \/>\n<meta name=\"twitter:label1\" content=\"Est. reading time\" \/>\n\t<meta name=\"twitter:data1\" content=\"2 minutes\" \/>\n<script type=\"application\/ld+json\" class=\"yoast-schema-graph\">{\"@context\":\"https:\\\/\\\/schema.org\",\"@graph\":[{\"@type\":\"WebPage\",\"@id\":\"https:\\\/\\\/www.comprarmejor.es\\\/en\\\/product\\\/codices-illustres-the-most-beautiful-illuminated-manuscripts-in-the-world-ed2014\\\/\",\"url\":\"https:\\\/\\\/www.comprarmejor.es\\\/en\\\/product\\\/codices-illustres-the-most-beautiful-illuminated-manuscripts-in-the-world-ed2014\\\/\",\"name\":\"Codices illustres. The most beautiful illuminated manuscripts in the\",\"isPartOf\":{\"@id\":\"https:\\\/\\\/www.comprarmejor.es\\\/en\\\/#website\"},\"primaryImageOfPage\":{\"@id\":\"https:\\\/\\\/www.comprarmejor.es\\\/en\\\/product\\\/codices-illustres-the-most-beautiful-illuminated-manuscripts-in-the-world-ed2014\\\/#primaryimage\"},\"image\":{\"@id\":\"https:\\\/\\\/www.comprarmejor.es\\\/en\\\/product\\\/codices-illustres-the-most-beautiful-illuminated-manuscripts-in-the-world-ed2014\\\/#primaryimage\"},\"thumbnailUrl\":\"https:\\\/\\\/www.comprarmejor.es\\\/wp-content\\\/uploads\\\/2017\\\/03\\\/p_7_6_9_1_7691-Codices-illustres.-Los-manuscritos-iluminados-mas-bellos-del-mundo-ed.2014.jpg\",\"datePublished\":\"2017-03-09T17:21:02+00:00\",\"dateModified\":\"2022-12-28T10:20:54+00:00\",\"description\":\"This edition made in 2014 of \\\"Codices illustres, the most beautiful illuminated manuscripts of the world from 400 to 1600\\\", by Ingo F. Walther and Norbert\",\"breadcrumb\":{\"@id\":\"https:\\\/\\\/www.comprarmejor.es\\\/en\\\/product\\\/codices-illustres-the-most-beautiful-illuminated-manuscripts-in-the-world-ed2014\\\/#breadcrumb\"},\"inLanguage\":\"en-US\",\"potentialAction\":[{\"@type\":\"ReadAction\",\"target\":[\"https:\\\/\\\/www.comprarmejor.es\\\/en\\\/product\\\/codices-illustres-the-most-beautiful-illuminated-manuscripts-in-the-world-ed2014\\\/\"]}]},{\"@type\":\"ImageObject\",\"inLanguage\":\"en-US\",\"@id\":\"https:\\\/\\\/www.comprarmejor.es\\\/en\\\/product\\\/codices-illustres-the-most-beautiful-illuminated-manuscripts-in-the-world-ed2014\\\/#primaryimage\",\"url\":\"https:\\\/\\\/www.comprarmejor.es\\\/wp-content\\\/uploads\\\/2017\\\/03\\\/p_7_6_9_1_7691-Codices-illustres.-Los-manuscritos-iluminados-mas-bellos-del-mundo-ed.2014.jpg\",\"contentUrl\":\"https:\\\/\\\/www.comprarmejor.es\\\/wp-content\\\/uploads\\\/2017\\\/03\\\/p_7_6_9_1_7691-Codices-illustres.-Los-manuscritos-iluminados-mas-bellos-del-mundo-ed.2014.jpg\",\"width\":575,\"height\":595},{\"@type\":\"BreadcrumbList\",\"@id\":\"https:\\\/\\\/www.comprarmejor.es\\\/en\\\/product\\\/codices-illustres-the-most-beautiful-illuminated-manuscripts-in-the-world-ed2014\\\/#breadcrumb\",\"itemListElement\":[{\"@type\":\"ListItem\",\"position\":1,\"name\":\"Portada\",\"item\":\"https:\\\/\\\/www.comprarmejor.es\\\/en\\\/\"},{\"@type\":\"ListItem\",\"position\":2,\"name\":\"Shop\",\"item\":\"https:\\\/\\\/www.comprarmejor.es\\\/en\\\/shop\\\/\"},{\"@type\":\"ListItem\",\"position\":3,\"name\":\"Codices illustres. The most beautiful illuminated manuscripts in the world (ed.2014)\"}]},{\"@type\":\"WebSite\",\"@id\":\"https:\\\/\\\/www.comprarmejor.es\\\/en\\\/#website\",\"url\":\"https:\\\/\\\/www.comprarmejor.es\\\/en\\\/\",\"name\":\"ComprarMejor\",\"description\":\"ComprarMejor\",\"publisher\":{\"@id\":\"https:\\\/\\\/www.comprarmejor.es\\\/en\\\/#organization\"},\"potentialAction\":[{\"@type\":\"SearchAction\",\"target\":{\"@type\":\"EntryPoint\",\"urlTemplate\":\"https:\\\/\\\/www.comprarmejor.es\\\/en\\\/?s={search_term_string}\"},\"query-input\":{\"@type\":\"PropertyValueSpecification\",\"valueRequired\":true,\"valueName\":\"search_term_string\"}}],\"inLanguage\":\"en-US\"},{\"@type\":\"Organization\",\"@id\":\"https:\\\/\\\/www.comprarmejor.es\\\/en\\\/#organization\",\"name\":\"COMPRAR MEJOR\",\"url\":\"https:\\\/\\\/www.comprarmejor.es\\\/en\\\/\",\"logo\":{\"@type\":\"ImageObject\",\"inLanguage\":\"en-US\",\"@id\":\"https:\\\/\\\/www.comprarmejor.es\\\/en\\\/#\\\/schema\\\/logo\\\/image\\\/\",\"url\":\"https:\\\/\\\/www.comprarmejor.es\\\/wp-content\\\/uploads\\\/2025\\\/09\\\/comprarmejortrinidad.jpg\",\"contentUrl\":\"https:\\\/\\\/www.comprarmejor.es\\\/wp-content\\\/uploads\\\/2025\\\/09\\\/comprarmejortrinidad.jpg\",\"width\":1022,\"height\":1380,\"caption\":\"COMPRAR MEJOR\"},\"image\":{\"@id\":\"https:\\\/\\\/www.comprarmejor.es\\\/en\\\/#\\\/schema\\\/logo\\\/image\\\/\"},\"sameAs\":[\"https:\\\/\\\/www.instagram.com\\\/amigosdelcodice\"]}]}<\/script>\n<!-- \/ Yoast SEO plugin. -->","yoast_head_json":{"title":"Codices illustres. The most beautiful illuminated manuscripts in the","description":"This edition made in 2014 of \"Codices illustres, the most beautiful illuminated manuscripts of the world from 400 to 1600\", by Ingo F. Walther and Norbert","robots":{"index":"index","follow":"follow","max-snippet":"max-snippet:-1","max-image-preview":"max-image-preview:large","max-video-preview":"max-video-preview:-1"},"canonical":"https:\/\/www.comprarmejor.es\/en\/product\/codices-illustres-the-most-beautiful-illuminated-manuscripts-in-the-world-ed2014\/","og_locale":"en_US","og_type":"article","og_title":"Codices illustres. The most beautiful illuminated manuscripts in the","og_description":"This edition made in 2014 of \"Codices illustres, the most beautiful illuminated manuscripts of the world from 400 to 1600\", by Ingo F. Walther and Norbert","og_url":"https:\/\/www.comprarmejor.es\/en\/product\/codices-illustres-the-most-beautiful-illuminated-manuscripts-in-the-world-ed2014\/","og_site_name":"ComprarMejor","article_modified_time":"2022-12-28T10:20:54+00:00","og_image":[{"width":575,"height":595,"url":"https:\/\/www.comprarmejor.es\/wp-content\/uploads\/2017\/03\/p_7_6_9_1_7691-Codices-illustres.-Los-manuscritos-iluminados-mas-bellos-del-mundo-ed.2014.jpg","type":"image\/jpeg"}],"twitter_card":"summary_large_image","twitter_misc":{"Est. reading time":"2 minutes"},"schema":{"@context":"https:\/\/schema.org","@graph":[{"@type":"WebPage","@id":"https:\/\/www.comprarmejor.es\/en\/product\/codices-illustres-the-most-beautiful-illuminated-manuscripts-in-the-world-ed2014\/","url":"https:\/\/www.comprarmejor.es\/en\/product\/codices-illustres-the-most-beautiful-illuminated-manuscripts-in-the-world-ed2014\/","name":"Codices illustres. The most beautiful illuminated manuscripts in the","isPartOf":{"@id":"https:\/\/www.comprarmejor.es\/en\/#website"},"primaryImageOfPage":{"@id":"https:\/\/www.comprarmejor.es\/en\/product\/codices-illustres-the-most-beautiful-illuminated-manuscripts-in-the-world-ed2014\/#primaryimage"},"image":{"@id":"https:\/\/www.comprarmejor.es\/en\/product\/codices-illustres-the-most-beautiful-illuminated-manuscripts-in-the-world-ed2014\/#primaryimage"},"thumbnailUrl":"https:\/\/www.comprarmejor.es\/wp-content\/uploads\/2017\/03\/p_7_6_9_1_7691-Codices-illustres.-Los-manuscritos-iluminados-mas-bellos-del-mundo-ed.2014.jpg","datePublished":"2017-03-09T17:21:02+00:00","dateModified":"2022-12-28T10:20:54+00:00","description":"This edition made in 2014 of \"Codices illustres, the most beautiful illuminated manuscripts of the world from 400 to 1600\", by Ingo F. Walther and Norbert","breadcrumb":{"@id":"https:\/\/www.comprarmejor.es\/en\/product\/codices-illustres-the-most-beautiful-illuminated-manuscripts-in-the-world-ed2014\/#breadcrumb"},"inLanguage":"en-US","potentialAction":[{"@type":"ReadAction","target":["https:\/\/www.comprarmejor.es\/en\/product\/codices-illustres-the-most-beautiful-illuminated-manuscripts-in-the-world-ed2014\/"]}]},{"@type":"ImageObject","inLanguage":"en-US","@id":"https:\/\/www.comprarmejor.es\/en\/product\/codices-illustres-the-most-beautiful-illuminated-manuscripts-in-the-world-ed2014\/#primaryimage","url":"https:\/\/www.comprarmejor.es\/wp-content\/uploads\/2017\/03\/p_7_6_9_1_7691-Codices-illustres.-Los-manuscritos-iluminados-mas-bellos-del-mundo-ed.2014.jpg","contentUrl":"https:\/\/www.comprarmejor.es\/wp-content\/uploads\/2017\/03\/p_7_6_9_1_7691-Codices-illustres.-Los-manuscritos-iluminados-mas-bellos-del-mundo-ed.2014.jpg","width":575,"height":595},{"@type":"BreadcrumbList","@id":"https:\/\/www.comprarmejor.es\/en\/product\/codices-illustres-the-most-beautiful-illuminated-manuscripts-in-the-world-ed2014\/#breadcrumb","itemListElement":[{"@type":"ListItem","position":1,"name":"Portada","item":"https:\/\/www.comprarmejor.es\/en\/"},{"@type":"ListItem","position":2,"name":"Shop","item":"https:\/\/www.comprarmejor.es\/en\/shop\/"},{"@type":"ListItem","position":3,"name":"Codices illustres. The most beautiful illuminated manuscripts in the world (ed.2014)"}]},{"@type":"WebSite","@id":"https:\/\/www.comprarmejor.es\/en\/#website","url":"https:\/\/www.comprarmejor.es\/en\/","name":"ComprarMejor","description":"ComprarMejor","publisher":{"@id":"https:\/\/www.comprarmejor.es\/en\/#organization"},"potentialAction":[{"@type":"SearchAction","target":{"@type":"EntryPoint","urlTemplate":"https:\/\/www.comprarmejor.es\/en\/?s={search_term_string}"},"query-input":{"@type":"PropertyValueSpecification","valueRequired":true,"valueName":"search_term_string"}}],"inLanguage":"en-US"},{"@type":"Organization","@id":"https:\/\/www.comprarmejor.es\/en\/#organization","name":"COMPRAR MEJOR","url":"https:\/\/www.comprarmejor.es\/en\/","logo":{"@type":"ImageObject","inLanguage":"en-US","@id":"https:\/\/www.comprarmejor.es\/en\/#\/schema\/logo\/image\/","url":"https:\/\/www.comprarmejor.es\/wp-content\/uploads\/2025\/09\/comprarmejortrinidad.jpg","contentUrl":"https:\/\/www.comprarmejor.es\/wp-content\/uploads\/2025\/09\/comprarmejortrinidad.jpg","width":1022,"height":1380,"caption":"COMPRAR MEJOR"},"image":{"@id":"https:\/\/www.comprarmejor.es\/en\/#\/schema\/logo\/image\/"},"sameAs":["https:\/\/www.instagram.com\/amigosdelcodice"]}]}},"_links":{"self":[{"href":"https:\/\/www.comprarmejor.es\/en\/wp-json\/wp\/v2\/product\/54531","targetHints":{"allow":["GET"]}}],"collection":[{"href":"https:\/\/www.comprarmejor.es\/en\/wp-json\/wp\/v2\/product"}],"about":[{"href":"https:\/\/www.comprarmejor.es\/en\/wp-json\/wp\/v2\/types\/product"}],"wp:featuredmedia":[{"embeddable":true,"href":"https:\/\/www.comprarmejor.es\/en\/wp-json\/wp\/v2\/media\/54515"}],"wp:attachment":[{"href":"https:\/\/www.comprarmejor.es\/en\/wp-json\/wp\/v2\/media?parent=54531"}],"wp:term":[{"taxonomy":"product_brand","embeddable":true,"href":"https:\/\/www.comprarmejor.es\/en\/wp-json\/wp\/v2\/product_brand?post=54531"},{"taxonomy":"product_cat","embeddable":true,"href":"https:\/\/www.comprarmejor.es\/en\/wp-json\/wp\/v2\/product_cat?post=54531"},{"taxonomy":"product_tag","embeddable":true,"href":"https:\/\/www.comprarmejor.es\/en\/wp-json\/wp\/v2\/product_tag?post=54531"}],"curies":[{"name":"wp","href":"https:\/\/api.w.org\/{rel}","templated":true}]}}