{"id":54587,"date":"2017-03-16T23:16:59","date_gmt":"2017-03-16T22:16:59","guid":{"rendered":"https:\/\/www.comprarmejor.es\/producto\/book-of-hours-of-horenbout-s-xvi\/"},"modified":"2026-05-02T12:53:57","modified_gmt":"2026-05-02T10:53:57","slug":"book-of-hours-of-horenbout-s-xvi","status":"publish","type":"product","link":"https:\/\/www.comprarmejor.es\/en\/product\/book-of-hours-of-horenbout-s-xvi\/","title":{"rendered":"Book of Hours of Horenbout, s. XVI"},"content":{"rendered":"<p style=\"text-align: justify;\"><span class=\"HwtZe\" lang=\"en\"><span class=\"jCAhz ChMk0b\"><span class=\"ryNqvb\">ARTICLE FOR INFORMATIONAL PURPOSES ONLY<\/span><\/span><\/span><\/p>\n<p style=\"text-align: justify;\"><span id=\"result_box\" lang=\"en\" xml:lang=\"en\"><span title=\"Edici\u00f3n facs\u00edmile del manuscrito Vaticano latino 3770 de la Biblioteca Apost\u00f3lica Vaticana, uno de sus m\u00e1s notables libros de oraciones.\">Facsimile edition of the manuscript Latin Vatican 3770 of the Vatican Apostolic Library, one of his most remarkable books of prayers.<\/span><\/span><\/p>\n<p style=\"text-align: justify;\"><span title=\"De s\u00ed es un libro \u00fanico.\">Of itself is a unique book. <\/span><span title=\"Primero por su tama\u00f1o.\">First because of its size. <\/span><span title=\"No hay otro libro de oraciones, o si se quiere, Libro de Horas, del mismo volumen: 231 folios (462 p\u00e1ginas) con los dos folios de guarda al principio y al fin.\">There is no other book of sentences, or if you like, Book of Hours, of the same volume: 231 folios (462 pages) with the two folios of guard at the beginning and at the end.<\/span><\/p>\n<p style=\"text-align: justify;\"><span title=\"Pero sobre todo por su contenido.\">But above all by its content. <\/span><span title=\"Porque adem\u00e1s de proponer la entera colecci\u00f3n del libro b\u00edblico de los Salmos, contiene las cuatro lecturas evang\u00e9licas cl\u00e1sicas (Juan, Mateo, Lucas, Marcos, en ese orden), el Oficio can\u00f3nico de la Virgen, la Misa de la Virgen y una serie \u00fanica\">In addition to proposing the entire collection of the biblical book of the Psalms, it contains the four classic evangelical readings (John, Matthew, Luke, Mark, in that order), the canonical office of the Virgin, the Mass of the Virgin and a unique series <\/span><span title=\"de oraciones dirigidas siempre a la Virgen, hasta ahora, que sepamos, nunca reunidas en un solo manuscrito para uso de los fieles;\">Of prayers always addressed to the Virgin, until now, as far as we know, never assembled in a single manuscript for the use of the faithful; <\/span><span title=\"m\u00e1s dos series de letan\u00edas completas de santos, para cerrar la serie con los siete salmos penitenciales con las oraciones consiguientes.\">Plus two sets of complete litanies of saints, to close the series with the seven penitential psalms with the consequent sentences. <\/span><span title=\"Por algunos aspectos de su contenido se aproxima a los usuales Libros de Horas, pero es, en realidad, por su verdadero contenido, enteramente \u00fanico.\">By some aspects of its content it comes close to the usual Books of Hours, but it is, in reality, by its true content, entirely unique.<\/span><\/p>\n<p style=\"text-align: justify;\"><span title=\"Sin duda lo que distingue este facs\u00edmile y le confiere su valor especial y exclusivo es la serie de miniaturas de alto nivel art\u00edstico que lo decoran, sea en el mismo Salterio, sea en el Oficio de la Virgen, sea distribuidas en el libro como introducci\u00f3n a\">No doubt what distinguishes this facsimile and confers its special and exclusive value is the series of miniatures of high artistic level that decorate it, be it in the same Psalter, or in the Office of the Virgin, be distributed in the book as an introduction to <\/span><span title=\"otros textos.\">Other texts. <\/span><span title=\"La mayor\u00eda de estas miniaturas, en primer lugar las ocho que decoran el Libro de los Salmos, con la historia de David, no tienen aparentemente paralelo en ning\u00fan otro libro del mismo tipo.\">Most of these miniatures, first of all the eight that decorate the Book of Psalms, with the story of David, seemingly have no parallel in any other book of the same type.<\/span><\/p>\n<p style=\"text-align: justify;\"><span title=\"A la edici\u00f3n facs\u00edmile lo acompa\u00f1a, para m\u00e1s completa explicaci\u00f3n y elucidaci\u00f3n de sus varias partes y de sus ilustraciones, un comentario del Cardenal Jorge Mej\u00eda, Bibliotecario y Archivista em\u00e9rito de la Santa Sede.\">The facsimile edition is accompanied by a commentary by Cardinal Jorge Mejia, Librarian and Archivist emeritus of the Holy See, for a more complete explanation and explanation of its various parts and illustrations.<\/span><\/p>\n<p style=\"text-align: justify;\"><span title=\"El Vat. lat.\">The Latin Vat. <\/span><span title=\"3770 se distingue a primera vista por dos cosas: su notable extensi\u00f3n: 232 folios (464 p\u00e1ginas) y las preciosas miniaturas de p\u00e1gina entera que lo decoran.\">3770 is distinguished at first sight by two things: its remarkable extension: 232 folios (464 pages) and the precious page thumbnails that decorate it. <\/span><span title=\"M\u00e1s detenidamente, su contenido preciso, tambi\u00e9n peculiar y ciertamente ajeno al t\u00edpico Libro de Horas.\">More carefully, its precise content, also peculiar and certainly alien to the typical Book of Hours.<\/span><\/p>\n<p style=\"text-align: justify;\"><span title=\"Los folios de este manuscrito tienen 14,3 x 20 cm.\">The folios of this manuscript are 14.3 x 20 cm. <\/span><span title=\"y la parte escrita (y\/o decorada) 12 x 12;\">And the written (and \/ or decorated) part 12 x 12; <\/span><span title=\"es decir, pr\u00e1cticamente un cuadrado.\">That is, practically a square. <\/span><span title=\"El texto escrito suele ocupar 21 l\u00edneas, preparadas en cada caso por tinta roja.\">The written text usually occupies 21 lines, prepared in each case by red ink. <\/span><span title=\"Como es caracter\u00edstico de este tipo de manuscritos, los folios suelen tener, en torno a la parte escrita (o ilustrada) una (la mayor\u00eda), dos o tres y en alg\u00fan caso cuatro, bandas marginales casi siempre en fondo oro, ilustradas por flores\">As it is characteristic of this type of manuscripts, the folios usually have, around the written (or illustrated) part one (the majority), two or three and in some case four, marginal bands almost always in gold background, illustrated by flowers <\/span><span title=\", alg\u00fan fruto ya veces tambi\u00e9n peque\u00f1os animales, insectos (la preferencia va a las mariposas) y alg\u00fan p\u00e1jaro peque\u00f1o.\">, Some fruit and sometimes also small animals, insects (the preference goes to the butterflies) and some small bird. <\/span><span title=\"En un manuscrito como el presente, esto sin duda favorece la lectura, al hacer casi de cada folio una peque\u00f1a obra de arte.\">In a manuscript like the present, this undoubtedly favors the reading, making almost of each folio a small work of art.<\/span><\/p>\n<p style=\"text-align: justify;\"><span title=\"La escritura, es tan id\u00e9ntica a s\u00ed misma, que presupone, si no un solo escriba, que parecer\u00eda imposible, dada la extensi\u00f3n, por lo menos un grupo o una escuela de escribas, estrictamente coherentes con ellos mismos.\">Writing is so identical with itself, that presupposes, if not a single scribe, that it would seem impossible, given the extension, at least a group or school of scribes, strictly consistent with themselves. <\/span><span title=\"Las iniciales abundan, de hermoso dise\u00f1o, id\u00e9nticas del principio al fin del manuscrito.\">The initials abound, beautiful in design, identical from the beginning to the end of the manuscript.<\/span><\/p>\n<p style=\"text-align: justify;\"><span title=\"Llama por fin la atenci\u00f3n, la profusi\u00f3n de miniaturas de p\u00e1gina entera, sobre todo en el Salterio, ocho en total, una de las cualidades notables del manuscrito reproducido.\">It calls at last attention, the profusion of whole-page miniatures, especially in the Psalter, eight in all, one of the remarkable qualities of the manuscript reproduced.<\/span><\/p>\n<p style=\"text-align: justify;\"><span title=\"Hay tres series de miniaturas, dos de p\u00e1gina entera y otra serie que toma toda la extensi\u00f3n del folio, limitada esta \u00faltima a los encabezamientos de los meses del a\u00f1o en el Calendario.\">There are three series of miniatures, two full page and another series that takes the full extent of the folio, limited the latter to the headings of the months of the year in the Calendar.<\/span><\/p>\n<p style=\"text-align: justify;\"><span title=\"Las actividades de cada mes est\u00e1n dibujadas e iluminadas con cuidado y m\u00e1s de una es especialmente art\u00edstica.\">The activities of each month are drawn and illuminated with care and more than one is especially artistic. <\/span><span title=\"Por ejemplo, la descripci\u00f3n del paseo en bote en el mes de mayo con un amplio paisaje detr\u00e1s.\">For example, the description of the boat ride in the month of May with a wide landscape behind. <\/span><span title=\"O bien la hermosa escena de la vida dom\u00e9stica en una casa de clase media t\u00edpicamente holandesa para el mes de diciembre.\">Or the beautiful scene of domestic life in a typically Dutch middle class house for the month of December.<\/span><\/p>\n<p style=\"text-align: justify;\"><span title=\"Una serie tambi\u00e9n notable, y entre las mejores del libro, son las de los cuatro evangelistas, cuidadosamente enmarcadas al principio de los cuatro pasajes respectivos, por espacio de unas once l\u00edneas.\">A series also notable, and among the best in the book, are those of the four evangelists, carefully framed at the beginning of the four respective passages, by space of about eleven lines. <\/span><span title=\"Cada una de ellas, se puede decir, es una peque\u00f1a obra de arte, ya en la tradici\u00f3n de los grandes artistas flamencos u holandeses de la segunda mitad del siglo XV.\">Each of them, it may be said, is a small work of art, already in the tradition of the great Flemish or Dutch artists of the second half of the fifteenth century.<\/span><\/p>\n<p style=\"text-align: justify;\"><span title=\"Cada una de estas miniaturas es en s\u00ed una peque\u00f1a obra de arte y sin duda la clave para identificar, en la medida de lo posible, al principal artista autor de la decoraci\u00f3n del libro.\">Each of these miniatures is itself a small work of art and certainly the key to identify, as far as possible, the main artist author of the book&#8217;s decoration.<\/span><\/p>\n<p style=\"text-align: justify;\"><span title=\"Todo lo cual significa que, el taller a quien se conf\u00eda la copia e ilustraci\u00f3n del manuscrito, como a menudo sucede, no ha hallado o no dispon\u00eda de un solo artista, sino en todo caso para la continua decoraci\u00f3n floral, en s\u00ed admirable, sino\">All of which means that the workshop entrusted with the copy and illustration of the manuscript, as often happens, has not found or did not have a single artist, but in any case for the continuous floral decoration, itself admirable, but <\/span><span title=\"que ha recurrido a varios artistas de distinta calidad y nivel.\">Which has turned to several artists of different quality and <span lang=\"en\" xml:lang=\"en\"><span title=\"que ha recurrido a varios artistas de distinta calidad y nivel.\">level.<\/span><\/span><\/span><\/p>\n<p style=\"text-align: justify;\"><span title=\"El facs\u00edmile se presenta encuadernado en piel.\">The facsimile is bound in leather. <\/span><span title=\"La encuadernaci\u00f3n es en piel de cabra de color marr\u00f3n y est\u00e1 estampada en seco por ambos planos de la cubierta y en el lomo, con los mismos motivos que presenta el original.\">The binding is in brown goat skin and is stamped dry on both sides of the cover and on the back, with the same motifs as the original one. <\/span><span title=\"Al igual que el volumen original, el facs\u00edmile presenta los cantos dorados.\">Like the original volume, the facsimile features the golden corners. <\/span><span title=\"Formato 14,3 x 20 cm.\">Format 14.3 x 20 cm. <\/span><span title=\"464 p\u00e1ginas.\">464 pages.<\/span><\/p>\n<p style=\"text-align: justify;\"><span title=\"El volumen de estudio o volumen complementario est\u00e1 encuadernado en seda italiana, ricamente ilustrado en la portada y con guardas profusamente decoradas.\">The volume of study or supplementary volume is bound in Italian silk, richly illustrated on the cover and with heavily decorated guards. <\/span><span title=\"Realizado por el Cardenal Jorge Mej\u00eda, Archivista y Bibliotecario Em\u00e9rito de la Santa Iglesia Romana.\">Realized by Cardinal Jorge Mej\u00eda, Archivist and Librarian Emeritus of the Holy Roman Church. <\/span><span title=\"Textos en espa\u00f1ol.\">Texts in Spanish.<\/span><\/p>\n<p style=\"text-align: justify;\"><span title=\"Esta edici\u00f3n facs\u00edmile del c\u00f3dice original del siglo XVI, se realiz\u00f3 en 2014.\">This facsimile edition of the original sixteenth century codex was made in 2014.<\/span><\/p>\n<p style=\"text-align: justify;\"><span title=\"Gastos de env\u00edo por cuenta del comprador, seg\u00fan pedido y destino.\">Retail Price: 2.750 \u20ac. <\/span><span title=\"Cons\u00faltenos sin compromiso cualquier duda, as\u00ed como por cualquier otro facs\u00edmile o art\u00edculo que est\u00e9 buscando.\"><a class=\"btn btn-default\" href=\"https:\/\/www.comprarmejor.es\/en\/contact\/\">Ask us<\/a> without any questions, as well as any other facsimile or article you are looking for.<\/span><\/p>\n","protected":false},"excerpt":{"rendered":"<p style=\"text-align: justify;\"><span id=\"result_box\" lang=\"en\" xml:lang=\"en\"><span title=\"Edici\u00f3n facs\u00edmile del manuscrito Vaticano latino 3770 de la Biblioteca Apost\u00f3lica Vaticana, uno de sus m\u00e1s notables libros de oraciones.\">Facsimile edition of the manuscript Latin Vatican 3770 of the Vatican Apostolic Library, one of his most remarkable books of prayers.<\/span><\/span><\/p>\n","protected":false},"featured_media":54575,"template":"","meta":[],"product_brand":[],"product_cat":[2226],"product_tag":[5122,3999],"class_list":{"0":"post-54587","1":"product","2":"type-product","3":"status-publish","4":"has-post-thumbnail","6":"product_cat-books-of-hours","7":"product_tag-hours-en","8":"product_tag-testimonio-en","9":"description-off","11":"first","12":"instock","13":"taxable","14":"shipping-taxable","15":"purchasable","16":"product-type-simple"},"yoast_head":"<!-- This site is optimized with the Yoast SEO plugin v27.3 - https:\/\/yoast.com\/product\/yoast-seo-wordpress\/ -->\n<title>Book of Hours of Horenbout, s. XVI<\/title>\n<meta name=\"description\" content=\"Facsimile edition of the manuscript Latin Vatican 3770 of the Vatican Apostolic Library, one of his most remarkable books of prayers.\" \/>\n<meta name=\"robots\" content=\"index, follow, max-snippet:-1, max-image-preview:large, max-video-preview:-1\" \/>\n<link rel=\"canonical\" href=\"https:\/\/www.comprarmejor.es\/en\/product\/book-of-hours-of-horenbout-s-xvi\/\" \/>\n<meta property=\"og:locale\" content=\"en_US\" \/>\n<meta property=\"og:type\" content=\"article\" \/>\n<meta property=\"og:title\" content=\"Book of Hours of Horenbout, s. XVI\" \/>\n<meta property=\"og:description\" content=\"Facsimile edition of the manuscript Latin Vatican 3770 of the Vatican Apostolic Library, one of his most remarkable books of prayers.\" \/>\n<meta property=\"og:url\" content=\"https:\/\/www.comprarmejor.es\/en\/product\/book-of-hours-of-horenbout-s-xvi\/\" \/>\n<meta property=\"og:site_name\" content=\"ComprarMejor\" \/>\n<meta property=\"article:modified_time\" content=\"2026-05-02T10:53:57+00:00\" \/>\n<meta property=\"og:image\" content=\"https:\/\/www.comprarmejor.es\/wp-content\/uploads\/2017\/03\/p_6_3_5_4_6354-Libro-de-Horas-de-Horenbout-s.-XVI.jpg\" \/>\n\t<meta property=\"og:image:width\" content=\"536\" \/>\n\t<meta property=\"og:image:height\" content=\"344\" \/>\n\t<meta property=\"og:image:type\" content=\"image\/jpeg\" \/>\n<meta name=\"twitter:card\" content=\"summary_large_image\" \/>\n<meta name=\"twitter:label1\" content=\"Est. reading time\" \/>\n\t<meta name=\"twitter:data1\" content=\"5 minutes\" \/>\n<script type=\"application\/ld+json\" class=\"yoast-schema-graph\">{\"@context\":\"https:\\\/\\\/schema.org\",\"@graph\":[{\"@type\":\"WebPage\",\"@id\":\"https:\\\/\\\/www.comprarmejor.es\\\/en\\\/product\\\/book-of-hours-of-horenbout-s-xvi\\\/\",\"url\":\"https:\\\/\\\/www.comprarmejor.es\\\/en\\\/product\\\/book-of-hours-of-horenbout-s-xvi\\\/\",\"name\":\"Book of Hours of Horenbout, s. XVI\",\"isPartOf\":{\"@id\":\"https:\\\/\\\/www.comprarmejor.es\\\/en\\\/#website\"},\"primaryImageOfPage\":{\"@id\":\"https:\\\/\\\/www.comprarmejor.es\\\/en\\\/product\\\/book-of-hours-of-horenbout-s-xvi\\\/#primaryimage\"},\"image\":{\"@id\":\"https:\\\/\\\/www.comprarmejor.es\\\/en\\\/product\\\/book-of-hours-of-horenbout-s-xvi\\\/#primaryimage\"},\"thumbnailUrl\":\"https:\\\/\\\/www.comprarmejor.es\\\/wp-content\\\/uploads\\\/2017\\\/03\\\/p_6_3_5_4_6354-Libro-de-Horas-de-Horenbout-s.-XVI.jpg\",\"datePublished\":\"2017-03-16T22:16:59+00:00\",\"dateModified\":\"2026-05-02T10:53:57+00:00\",\"description\":\"Facsimile edition of the manuscript Latin Vatican 3770 of the Vatican Apostolic Library, one of his most remarkable books of prayers.\",\"breadcrumb\":{\"@id\":\"https:\\\/\\\/www.comprarmejor.es\\\/en\\\/product\\\/book-of-hours-of-horenbout-s-xvi\\\/#breadcrumb\"},\"inLanguage\":\"en-US\",\"potentialAction\":[{\"@type\":\"ReadAction\",\"target\":[\"https:\\\/\\\/www.comprarmejor.es\\\/en\\\/product\\\/book-of-hours-of-horenbout-s-xvi\\\/\"]}]},{\"@type\":\"ImageObject\",\"inLanguage\":\"en-US\",\"@id\":\"https:\\\/\\\/www.comprarmejor.es\\\/en\\\/product\\\/book-of-hours-of-horenbout-s-xvi\\\/#primaryimage\",\"url\":\"https:\\\/\\\/www.comprarmejor.es\\\/wp-content\\\/uploads\\\/2017\\\/03\\\/p_6_3_5_4_6354-Libro-de-Horas-de-Horenbout-s.-XVI.jpg\",\"contentUrl\":\"https:\\\/\\\/www.comprarmejor.es\\\/wp-content\\\/uploads\\\/2017\\\/03\\\/p_6_3_5_4_6354-Libro-de-Horas-de-Horenbout-s.-XVI.jpg\",\"width\":536,\"height\":344},{\"@type\":\"BreadcrumbList\",\"@id\":\"https:\\\/\\\/www.comprarmejor.es\\\/en\\\/product\\\/book-of-hours-of-horenbout-s-xvi\\\/#breadcrumb\",\"itemListElement\":[{\"@type\":\"ListItem\",\"position\":1,\"name\":\"Portada\",\"item\":\"https:\\\/\\\/www.comprarmejor.es\\\/en\\\/\"},{\"@type\":\"ListItem\",\"position\":2,\"name\":\"Shop\",\"item\":\"https:\\\/\\\/www.comprarmejor.es\\\/en\\\/shop\\\/\"},{\"@type\":\"ListItem\",\"position\":3,\"name\":\"Book of Hours of Horenbout, s. XVI\"}]},{\"@type\":\"WebSite\",\"@id\":\"https:\\\/\\\/www.comprarmejor.es\\\/en\\\/#website\",\"url\":\"https:\\\/\\\/www.comprarmejor.es\\\/en\\\/\",\"name\":\"ComprarMejor\",\"description\":\"ComprarMejor\",\"publisher\":{\"@id\":\"https:\\\/\\\/www.comprarmejor.es\\\/en\\\/#organization\"},\"potentialAction\":[{\"@type\":\"SearchAction\",\"target\":{\"@type\":\"EntryPoint\",\"urlTemplate\":\"https:\\\/\\\/www.comprarmejor.es\\\/en\\\/?s={search_term_string}\"},\"query-input\":{\"@type\":\"PropertyValueSpecification\",\"valueRequired\":true,\"valueName\":\"search_term_string\"}}],\"inLanguage\":\"en-US\"},{\"@type\":\"Organization\",\"@id\":\"https:\\\/\\\/www.comprarmejor.es\\\/en\\\/#organization\",\"name\":\"COMPRAR MEJOR\",\"url\":\"https:\\\/\\\/www.comprarmejor.es\\\/en\\\/\",\"logo\":{\"@type\":\"ImageObject\",\"inLanguage\":\"en-US\",\"@id\":\"https:\\\/\\\/www.comprarmejor.es\\\/en\\\/#\\\/schema\\\/logo\\\/image\\\/\",\"url\":\"https:\\\/\\\/www.comprarmejor.es\\\/wp-content\\\/uploads\\\/2025\\\/09\\\/comprarmejortrinidad.jpg\",\"contentUrl\":\"https:\\\/\\\/www.comprarmejor.es\\\/wp-content\\\/uploads\\\/2025\\\/09\\\/comprarmejortrinidad.jpg\",\"width\":1022,\"height\":1380,\"caption\":\"COMPRAR MEJOR\"},\"image\":{\"@id\":\"https:\\\/\\\/www.comprarmejor.es\\\/en\\\/#\\\/schema\\\/logo\\\/image\\\/\"},\"sameAs\":[\"https:\\\/\\\/www.instagram.com\\\/amigosdelcodice\"]}]}<\/script>\n<!-- \/ Yoast SEO plugin. -->","yoast_head_json":{"title":"Book of Hours of Horenbout, s. XVI","description":"Facsimile edition of the manuscript Latin Vatican 3770 of the Vatican Apostolic Library, one of his most remarkable books of prayers.","robots":{"index":"index","follow":"follow","max-snippet":"max-snippet:-1","max-image-preview":"max-image-preview:large","max-video-preview":"max-video-preview:-1"},"canonical":"https:\/\/www.comprarmejor.es\/en\/product\/book-of-hours-of-horenbout-s-xvi\/","og_locale":"en_US","og_type":"article","og_title":"Book of Hours of Horenbout, s. XVI","og_description":"Facsimile edition of the manuscript Latin Vatican 3770 of the Vatican Apostolic Library, one of his most remarkable books of prayers.","og_url":"https:\/\/www.comprarmejor.es\/en\/product\/book-of-hours-of-horenbout-s-xvi\/","og_site_name":"ComprarMejor","article_modified_time":"2026-05-02T10:53:57+00:00","og_image":[{"width":536,"height":344,"url":"https:\/\/www.comprarmejor.es\/wp-content\/uploads\/2017\/03\/p_6_3_5_4_6354-Libro-de-Horas-de-Horenbout-s.-XVI.jpg","type":"image\/jpeg"}],"twitter_card":"summary_large_image","twitter_misc":{"Est. reading time":"5 minutes"},"schema":{"@context":"https:\/\/schema.org","@graph":[{"@type":"WebPage","@id":"https:\/\/www.comprarmejor.es\/en\/product\/book-of-hours-of-horenbout-s-xvi\/","url":"https:\/\/www.comprarmejor.es\/en\/product\/book-of-hours-of-horenbout-s-xvi\/","name":"Book of Hours of Horenbout, s. XVI","isPartOf":{"@id":"https:\/\/www.comprarmejor.es\/en\/#website"},"primaryImageOfPage":{"@id":"https:\/\/www.comprarmejor.es\/en\/product\/book-of-hours-of-horenbout-s-xvi\/#primaryimage"},"image":{"@id":"https:\/\/www.comprarmejor.es\/en\/product\/book-of-hours-of-horenbout-s-xvi\/#primaryimage"},"thumbnailUrl":"https:\/\/www.comprarmejor.es\/wp-content\/uploads\/2017\/03\/p_6_3_5_4_6354-Libro-de-Horas-de-Horenbout-s.-XVI.jpg","datePublished":"2017-03-16T22:16:59+00:00","dateModified":"2026-05-02T10:53:57+00:00","description":"Facsimile edition of the manuscript Latin Vatican 3770 of the Vatican Apostolic Library, one of his most remarkable books of prayers.","breadcrumb":{"@id":"https:\/\/www.comprarmejor.es\/en\/product\/book-of-hours-of-horenbout-s-xvi\/#breadcrumb"},"inLanguage":"en-US","potentialAction":[{"@type":"ReadAction","target":["https:\/\/www.comprarmejor.es\/en\/product\/book-of-hours-of-horenbout-s-xvi\/"]}]},{"@type":"ImageObject","inLanguage":"en-US","@id":"https:\/\/www.comprarmejor.es\/en\/product\/book-of-hours-of-horenbout-s-xvi\/#primaryimage","url":"https:\/\/www.comprarmejor.es\/wp-content\/uploads\/2017\/03\/p_6_3_5_4_6354-Libro-de-Horas-de-Horenbout-s.-XVI.jpg","contentUrl":"https:\/\/www.comprarmejor.es\/wp-content\/uploads\/2017\/03\/p_6_3_5_4_6354-Libro-de-Horas-de-Horenbout-s.-XVI.jpg","width":536,"height":344},{"@type":"BreadcrumbList","@id":"https:\/\/www.comprarmejor.es\/en\/product\/book-of-hours-of-horenbout-s-xvi\/#breadcrumb","itemListElement":[{"@type":"ListItem","position":1,"name":"Portada","item":"https:\/\/www.comprarmejor.es\/en\/"},{"@type":"ListItem","position":2,"name":"Shop","item":"https:\/\/www.comprarmejor.es\/en\/shop\/"},{"@type":"ListItem","position":3,"name":"Book of Hours of Horenbout, s. XVI"}]},{"@type":"WebSite","@id":"https:\/\/www.comprarmejor.es\/en\/#website","url":"https:\/\/www.comprarmejor.es\/en\/","name":"ComprarMejor","description":"ComprarMejor","publisher":{"@id":"https:\/\/www.comprarmejor.es\/en\/#organization"},"potentialAction":[{"@type":"SearchAction","target":{"@type":"EntryPoint","urlTemplate":"https:\/\/www.comprarmejor.es\/en\/?s={search_term_string}"},"query-input":{"@type":"PropertyValueSpecification","valueRequired":true,"valueName":"search_term_string"}}],"inLanguage":"en-US"},{"@type":"Organization","@id":"https:\/\/www.comprarmejor.es\/en\/#organization","name":"COMPRAR MEJOR","url":"https:\/\/www.comprarmejor.es\/en\/","logo":{"@type":"ImageObject","inLanguage":"en-US","@id":"https:\/\/www.comprarmejor.es\/en\/#\/schema\/logo\/image\/","url":"https:\/\/www.comprarmejor.es\/wp-content\/uploads\/2025\/09\/comprarmejortrinidad.jpg","contentUrl":"https:\/\/www.comprarmejor.es\/wp-content\/uploads\/2025\/09\/comprarmejortrinidad.jpg","width":1022,"height":1380,"caption":"COMPRAR MEJOR"},"image":{"@id":"https:\/\/www.comprarmejor.es\/en\/#\/schema\/logo\/image\/"},"sameAs":["https:\/\/www.instagram.com\/amigosdelcodice"]}]}},"_links":{"self":[{"href":"https:\/\/www.comprarmejor.es\/en\/wp-json\/wp\/v2\/product\/54587","targetHints":{"allow":["GET"]}}],"collection":[{"href":"https:\/\/www.comprarmejor.es\/en\/wp-json\/wp\/v2\/product"}],"about":[{"href":"https:\/\/www.comprarmejor.es\/en\/wp-json\/wp\/v2\/types\/product"}],"wp:featuredmedia":[{"embeddable":true,"href":"https:\/\/www.comprarmejor.es\/en\/wp-json\/wp\/v2\/media\/54575"}],"wp:attachment":[{"href":"https:\/\/www.comprarmejor.es\/en\/wp-json\/wp\/v2\/media?parent=54587"}],"wp:term":[{"taxonomy":"product_brand","embeddable":true,"href":"https:\/\/www.comprarmejor.es\/en\/wp-json\/wp\/v2\/product_brand?post=54587"},{"taxonomy":"product_cat","embeddable":true,"href":"https:\/\/www.comprarmejor.es\/en\/wp-json\/wp\/v2\/product_cat?post=54587"},{"taxonomy":"product_tag","embeddable":true,"href":"https:\/\/www.comprarmejor.es\/en\/wp-json\/wp\/v2\/product_tag?post=54587"}],"curies":[{"name":"wp","href":"https:\/\/api.w.org\/{rel}","templated":true}]}}