{"id":54599,"date":"2017-03-17T00:05:17","date_gmt":"2017-03-16T23:05:17","guid":{"rendered":"https:\/\/www.comprarmejor.es\/producto\/book-of-hours-of-rouen-s-xv\/"},"modified":"2020-05-03T18:04:48","modified_gmt":"2020-05-03T16:04:48","slug":"book-of-hours-of-rouen-s-xv","status":"publish","type":"product","link":"https:\/\/www.comprarmejor.es\/en\/product\/book-of-hours-of-rouen-s-xv\/","title":{"rendered":"Book of Hours of Rouen, s. XV"},"content":{"rendered":"<p style=\"text-align: justify;\"><span id=\"result_box\" lang=\"en\" xml:lang=\"en\"><span title=\"Ejemplar completo y en perfecto estado.\"><span lang=\"en\" xml:lang=\"en\"><span title=\"Reproducci\u00f3n facs\u00edmile del Devocionario Mariano de la Biblioteca Nacional de Lisboa, tambi\u00e9n conocido como Libro de Horas de Rouen, signatura Iluminado 42, c\u00f3dice original del siglo XV, que tiene todas las caracter\u00edsticas de la \u00e9poca \u00e1urea de la ilustraci\u00f3n miniada francesa, visible en el tratamiento\">Facsimile reproduction of the Marian Devotionary of the National Library of Lisbon, also known as Rouen Hours Book, Illuminated Signature 42, original codex of the fifteenth century, which has all the characteristics of the golden age of French mini-illustration, visible in the treatment <\/span><span title=\"de los paisajes, perspectiva, luz y color del vestuario de los personajes, en los que el oro realza ciertos pormenores y sirve de fondo a las orlas marginales.\">Of the landscapes, perspective, light and color of the costumes of the personages, in which the gold enhances certain details and serves as background to the marginal borders.<\/span><\/span><\/span><\/span><\/p>\n<p style=\"text-align: justify;\"><span title=\"Su autor\u00eda fue recientemente atribuida al maestro del Echevinage de Rouen.\">Its authorship was recently attributed to the master of the Echevinage de Rouen. <\/span><span title=\"La riqueza de los elementos decorativos de los m\u00e1rgenes incluye, adem\u00e1s de ramajes \u2013algunas estilizadas, otras de forma naturalista\u2013, diversos frutos y flores, animales, figuras humanas, etc., e indica el gusto por la naturaleza.\">The richness of the decorative elements of the margins includes, in addition to branches &#8211; some stylized, some in a naturalistic way &#8211; various fruits and flowers, animals, human figures, etc., and indicates a taste for nature.<\/span><\/p>\n<p style=\"text-align: justify;\"><span title=\"Las p\u00e1ginas del calendario, como ocurre en numerosos libros de horas del siglo XV, son enriquecidas, en su imagen inferior, con escenas de la vida campestre, alusivas al mes correspondiente, constituyendo una fuente documental importante, y que, desde el punto de vista\">The pages of the calendar, as in many books of the fifteenth century, are enriched, in their inferior image, with scenes of the country life, allusive to the corresponding month, constituting an important documentary source, and that, from the point of view <\/span><span title=\"art\u00edstico, confirman la buena calidad de este Libro de Horas.\">Artistic, confirm the good quality of this Book of Hours.<\/span><\/p>\n<p style=\"text-align: justify;\"><span title=\"Se le dio entrada, por compra de la Biblioteca Nacional, a D. Francisco de Melo Manuel (Cabrinha), a quien pertenec\u00eda en el siglo XIX.\">He was admitted, by purchase of the National Library, to D. Francisco de Melo Manuel (Cabrinha), to whom he belonged in the nineteenth century.<\/span><\/p>\n<p style=\"text-align: justify;\"><span title=\"Edici\u00f3n facs\u00edmile de 1997, ya agotada.\">Facsimile edition of 1997, already exhausted. <\/span><span title=\"Facs\u00edmile encuadernado en piel de cabra marr\u00f3n estampada en seco por ambos lados y cosido a mano en telar.\">Facsimile bound in brown goat skin, dry stamped on both sides and hand sewn on loom. <\/span><span title=\"Formato 15,7 x 21 cm.\">Format 15.7 x 21 cm. <\/span><span title=\"2 cierres en bronce y cuero fielmente reproducidos del original.\">2 bronze and leather closures faithfully reproduced from the original. <\/span><span title=\"Cantos de las p\u00e1ginas dorados.\">Corners of the golden pages. <\/span><span title=\"148 p\u00e1ginas.\">148 pages. <\/span><span title=\"Contiene 22 iluminaciones circulares en el calendario y 8 iluminaciones en p\u00e1gina completa;\">It contains 22 circular illuminations in the calendar and 8 illuminations in full page; <\/span><span title=\"resto de p\u00e1ginas orladas en bandas con motivos florales y decorativos.\">Rest of pages bordered in bands with floral and decorative motifs.<\/span><\/p>\n<p style=\"text-align: justify;\"><span title=\"El facs\u00edmile se presenta en un estuche abierto, tipo guardapolvo, para su mejor conservaci\u00f3n.\">The facsimile is presented in an open, dust-proof case for best preservation.<\/span><\/p>\n<p style=\"text-align: justify;\"><span title=\"Edici\u00f3n certificada, numerada y limitada a 980 ejemplares.\">Certified edition, numbered and limited to 980 copies.<\/span><\/p>\n<p style=\"text-align: justify;\"><span title=\"Acompa\u00f1ado del correspondiente libro de estudios, formato 16,7 x 23,8 cm, sin desprecintar, completamente nuevo.\">Accompanied by the corresponding book of studies, format 16.7 x 23.8 cm, without unsealing, completely new.<\/span><\/p>\n<p style=\"text-align: justify;\"><span title=\"Ejemplar completo y en perfecto estado.\">Complete and in perfect condition.<\/span><\/p>\n<p style=\"text-align: justify;\"><span title=\"Gastos de env\u00edo por cuenta del comprador, seg\u00fan pedido y destino.\">Shipping costs for the account of the buyer, according to order and destination.\u00a0<\/span><span title=\"Cons\u00faltenos sin compromiso cualquier duda, as\u00ed como por cualquier otro facs\u00edmile o art\u00edculo que est\u00e9 buscando.\"><a class=\"btn btn-default\" href=\"http:\/\/comprarmejor.es\/en\/contact\">Ask us<\/a> without any questions, as well as any other facsimile or article you are looking for.<\/span><\/p>\n","protected":false},"excerpt":{"rendered":"<p style=\"text-align: justify;\"><span id=\"result_box\" lang=\"en\" xml:lang=\"en\"><span title=\"Reproducci\u00f3n facs\u00edmile del Devocionario Mariano de la Biblioteca Nacional de Lisboa, signatura Iluminado 42, Libro de Horas del siglo XV, que tiene todas las caracter\u00edsticas de la \u00e9poca \u00e1urea de la ilustraci\u00f3n miniada francesa, visible en el tratamiento de los paisajes, perspectiva, luz y\">Facsimile reproduction of the Marian devotional of the National Library of Lisbon, Illuminated signatura 42, Book of Hours of the fifteenth century, which has all the characteristics of the golden age of French miniature illustration,<br \/>\n<\/span><\/span><\/p>\n","protected":false},"featured_media":54589,"template":"","meta":[],"product_brand":[],"product_cat":[2226],"product_tag":[5122,4236,3999],"class_list":{"0":"post-54599","1":"product","2":"type-product","3":"status-publish","4":"has-post-thumbnail","6":"product_cat-books-of-hours","7":"product_tag-hours-en","8":"product_tag-rouen-en","9":"product_tag-testimonio-en","10":"product_shipping_class-from-2-to-5-kg","11":"description-off","13":"first","14":"instock","15":"taxable","16":"shipping-taxable","17":"purchasable","18":"product-type-simple"},"yoast_head":"<!-- This site is optimized with the Yoast SEO plugin v27.3 - https:\/\/yoast.com\/product\/yoast-seo-wordpress\/ -->\n<title>Book of Hours of Rouen, s. XV<\/title>\n<meta name=\"description\" content=\"Facsimile reproduction of the Marian devotional of the National Library of Lisbon, Illuminated signatura 42, Book of Hours of the fifteenth century, which has\" \/>\n<meta name=\"robots\" content=\"index, follow, max-snippet:-1, max-image-preview:large, max-video-preview:-1\" \/>\n<link rel=\"canonical\" href=\"https:\/\/www.comprarmejor.es\/en\/product\/book-of-hours-of-rouen-s-xv\/\" \/>\n<meta property=\"og:locale\" content=\"en_US\" \/>\n<meta property=\"og:type\" content=\"article\" \/>\n<meta property=\"og:title\" content=\"Book of Hours of Rouen, s. XV\" \/>\n<meta property=\"og:description\" content=\"Facsimile reproduction of the Marian devotional of the National Library of Lisbon, Illuminated signatura 42, Book of Hours of the fifteenth century, which has\" \/>\n<meta property=\"og:url\" content=\"https:\/\/www.comprarmejor.es\/en\/product\/book-of-hours-of-rouen-s-xv\/\" \/>\n<meta property=\"og:site_name\" content=\"ComprarMejor\" \/>\n<meta property=\"article:modified_time\" content=\"2020-05-03T16:04:48+00:00\" \/>\n<meta property=\"og:image\" content=\"https:\/\/www.comprarmejor.es\/wp-content\/uploads\/2017\/03\/p_6_3_2_6_6326-Libro-de-Horas-de-Rouen-s.-XV.jpg\" \/>\n\t<meta property=\"og:image:width\" content=\"599\" \/>\n\t<meta property=\"og:image:height\" content=\"449\" \/>\n\t<meta property=\"og:image:type\" content=\"image\/jpeg\" \/>\n<meta name=\"twitter:card\" content=\"summary_large_image\" \/>\n<meta name=\"twitter:label1\" content=\"Est. reading time\" \/>\n\t<meta name=\"twitter:data1\" content=\"2 minutes\" \/>\n<script type=\"application\/ld+json\" class=\"yoast-schema-graph\">{\"@context\":\"https:\\\/\\\/schema.org\",\"@graph\":[{\"@type\":\"WebPage\",\"@id\":\"https:\\\/\\\/www.comprarmejor.es\\\/en\\\/product\\\/book-of-hours-of-rouen-s-xv\\\/\",\"url\":\"https:\\\/\\\/www.comprarmejor.es\\\/en\\\/product\\\/book-of-hours-of-rouen-s-xv\\\/\",\"name\":\"Book of Hours of Rouen, s. XV\",\"isPartOf\":{\"@id\":\"https:\\\/\\\/www.comprarmejor.es\\\/en\\\/#website\"},\"primaryImageOfPage\":{\"@id\":\"https:\\\/\\\/www.comprarmejor.es\\\/en\\\/product\\\/book-of-hours-of-rouen-s-xv\\\/#primaryimage\"},\"image\":{\"@id\":\"https:\\\/\\\/www.comprarmejor.es\\\/en\\\/product\\\/book-of-hours-of-rouen-s-xv\\\/#primaryimage\"},\"thumbnailUrl\":\"https:\\\/\\\/www.comprarmejor.es\\\/wp-content\\\/uploads\\\/2017\\\/03\\\/p_6_3_2_6_6326-Libro-de-Horas-de-Rouen-s.-XV.jpg\",\"datePublished\":\"2017-03-16T23:05:17+00:00\",\"dateModified\":\"2020-05-03T16:04:48+00:00\",\"description\":\"Facsimile reproduction of the Marian devotional of the National Library of Lisbon, Illuminated signatura 42, Book of Hours of the fifteenth century, which has\",\"breadcrumb\":{\"@id\":\"https:\\\/\\\/www.comprarmejor.es\\\/en\\\/product\\\/book-of-hours-of-rouen-s-xv\\\/#breadcrumb\"},\"inLanguage\":\"en-US\",\"potentialAction\":[{\"@type\":\"ReadAction\",\"target\":[\"https:\\\/\\\/www.comprarmejor.es\\\/en\\\/product\\\/book-of-hours-of-rouen-s-xv\\\/\"]}]},{\"@type\":\"ImageObject\",\"inLanguage\":\"en-US\",\"@id\":\"https:\\\/\\\/www.comprarmejor.es\\\/en\\\/product\\\/book-of-hours-of-rouen-s-xv\\\/#primaryimage\",\"url\":\"https:\\\/\\\/www.comprarmejor.es\\\/wp-content\\\/uploads\\\/2017\\\/03\\\/p_6_3_2_6_6326-Libro-de-Horas-de-Rouen-s.-XV.jpg\",\"contentUrl\":\"https:\\\/\\\/www.comprarmejor.es\\\/wp-content\\\/uploads\\\/2017\\\/03\\\/p_6_3_2_6_6326-Libro-de-Horas-de-Rouen-s.-XV.jpg\",\"width\":599,\"height\":449},{\"@type\":\"BreadcrumbList\",\"@id\":\"https:\\\/\\\/www.comprarmejor.es\\\/en\\\/product\\\/book-of-hours-of-rouen-s-xv\\\/#breadcrumb\",\"itemListElement\":[{\"@type\":\"ListItem\",\"position\":1,\"name\":\"Portada\",\"item\":\"https:\\\/\\\/www.comprarmejor.es\\\/en\\\/\"},{\"@type\":\"ListItem\",\"position\":2,\"name\":\"Shop\",\"item\":\"https:\\\/\\\/www.comprarmejor.es\\\/en\\\/shop\\\/\"},{\"@type\":\"ListItem\",\"position\":3,\"name\":\"Book of Hours of Rouen, s. XV\"}]},{\"@type\":\"WebSite\",\"@id\":\"https:\\\/\\\/www.comprarmejor.es\\\/en\\\/#website\",\"url\":\"https:\\\/\\\/www.comprarmejor.es\\\/en\\\/\",\"name\":\"ComprarMejor\",\"description\":\"ComprarMejor\",\"publisher\":{\"@id\":\"https:\\\/\\\/www.comprarmejor.es\\\/en\\\/#organization\"},\"potentialAction\":[{\"@type\":\"SearchAction\",\"target\":{\"@type\":\"EntryPoint\",\"urlTemplate\":\"https:\\\/\\\/www.comprarmejor.es\\\/en\\\/?s={search_term_string}\"},\"query-input\":{\"@type\":\"PropertyValueSpecification\",\"valueRequired\":true,\"valueName\":\"search_term_string\"}}],\"inLanguage\":\"en-US\"},{\"@type\":\"Organization\",\"@id\":\"https:\\\/\\\/www.comprarmejor.es\\\/en\\\/#organization\",\"name\":\"COMPRAR MEJOR\",\"url\":\"https:\\\/\\\/www.comprarmejor.es\\\/en\\\/\",\"logo\":{\"@type\":\"ImageObject\",\"inLanguage\":\"en-US\",\"@id\":\"https:\\\/\\\/www.comprarmejor.es\\\/en\\\/#\\\/schema\\\/logo\\\/image\\\/\",\"url\":\"https:\\\/\\\/www.comprarmejor.es\\\/wp-content\\\/uploads\\\/2025\\\/09\\\/comprarmejortrinidad.jpg\",\"contentUrl\":\"https:\\\/\\\/www.comprarmejor.es\\\/wp-content\\\/uploads\\\/2025\\\/09\\\/comprarmejortrinidad.jpg\",\"width\":1022,\"height\":1380,\"caption\":\"COMPRAR MEJOR\"},\"image\":{\"@id\":\"https:\\\/\\\/www.comprarmejor.es\\\/en\\\/#\\\/schema\\\/logo\\\/image\\\/\"},\"sameAs\":[\"https:\\\/\\\/www.instagram.com\\\/amigosdelcodice\"]}]}<\/script>\n<!-- \/ Yoast SEO plugin. -->","yoast_head_json":{"title":"Book of Hours of Rouen, s. XV","description":"Facsimile reproduction of the Marian devotional of the National Library of Lisbon, Illuminated signatura 42, Book of Hours of the fifteenth century, which has","robots":{"index":"index","follow":"follow","max-snippet":"max-snippet:-1","max-image-preview":"max-image-preview:large","max-video-preview":"max-video-preview:-1"},"canonical":"https:\/\/www.comprarmejor.es\/en\/product\/book-of-hours-of-rouen-s-xv\/","og_locale":"en_US","og_type":"article","og_title":"Book of Hours of Rouen, s. XV","og_description":"Facsimile reproduction of the Marian devotional of the National Library of Lisbon, Illuminated signatura 42, Book of Hours of the fifteenth century, which has","og_url":"https:\/\/www.comprarmejor.es\/en\/product\/book-of-hours-of-rouen-s-xv\/","og_site_name":"ComprarMejor","article_modified_time":"2020-05-03T16:04:48+00:00","og_image":[{"width":599,"height":449,"url":"https:\/\/www.comprarmejor.es\/wp-content\/uploads\/2017\/03\/p_6_3_2_6_6326-Libro-de-Horas-de-Rouen-s.-XV.jpg","type":"image\/jpeg"}],"twitter_card":"summary_large_image","twitter_misc":{"Est. reading time":"2 minutes"},"schema":{"@context":"https:\/\/schema.org","@graph":[{"@type":"WebPage","@id":"https:\/\/www.comprarmejor.es\/en\/product\/book-of-hours-of-rouen-s-xv\/","url":"https:\/\/www.comprarmejor.es\/en\/product\/book-of-hours-of-rouen-s-xv\/","name":"Book of Hours of Rouen, s. XV","isPartOf":{"@id":"https:\/\/www.comprarmejor.es\/en\/#website"},"primaryImageOfPage":{"@id":"https:\/\/www.comprarmejor.es\/en\/product\/book-of-hours-of-rouen-s-xv\/#primaryimage"},"image":{"@id":"https:\/\/www.comprarmejor.es\/en\/product\/book-of-hours-of-rouen-s-xv\/#primaryimage"},"thumbnailUrl":"https:\/\/www.comprarmejor.es\/wp-content\/uploads\/2017\/03\/p_6_3_2_6_6326-Libro-de-Horas-de-Rouen-s.-XV.jpg","datePublished":"2017-03-16T23:05:17+00:00","dateModified":"2020-05-03T16:04:48+00:00","description":"Facsimile reproduction of the Marian devotional of the National Library of Lisbon, Illuminated signatura 42, Book of Hours of the fifteenth century, which has","breadcrumb":{"@id":"https:\/\/www.comprarmejor.es\/en\/product\/book-of-hours-of-rouen-s-xv\/#breadcrumb"},"inLanguage":"en-US","potentialAction":[{"@type":"ReadAction","target":["https:\/\/www.comprarmejor.es\/en\/product\/book-of-hours-of-rouen-s-xv\/"]}]},{"@type":"ImageObject","inLanguage":"en-US","@id":"https:\/\/www.comprarmejor.es\/en\/product\/book-of-hours-of-rouen-s-xv\/#primaryimage","url":"https:\/\/www.comprarmejor.es\/wp-content\/uploads\/2017\/03\/p_6_3_2_6_6326-Libro-de-Horas-de-Rouen-s.-XV.jpg","contentUrl":"https:\/\/www.comprarmejor.es\/wp-content\/uploads\/2017\/03\/p_6_3_2_6_6326-Libro-de-Horas-de-Rouen-s.-XV.jpg","width":599,"height":449},{"@type":"BreadcrumbList","@id":"https:\/\/www.comprarmejor.es\/en\/product\/book-of-hours-of-rouen-s-xv\/#breadcrumb","itemListElement":[{"@type":"ListItem","position":1,"name":"Portada","item":"https:\/\/www.comprarmejor.es\/en\/"},{"@type":"ListItem","position":2,"name":"Shop","item":"https:\/\/www.comprarmejor.es\/en\/shop\/"},{"@type":"ListItem","position":3,"name":"Book of Hours of Rouen, s. XV"}]},{"@type":"WebSite","@id":"https:\/\/www.comprarmejor.es\/en\/#website","url":"https:\/\/www.comprarmejor.es\/en\/","name":"ComprarMejor","description":"ComprarMejor","publisher":{"@id":"https:\/\/www.comprarmejor.es\/en\/#organization"},"potentialAction":[{"@type":"SearchAction","target":{"@type":"EntryPoint","urlTemplate":"https:\/\/www.comprarmejor.es\/en\/?s={search_term_string}"},"query-input":{"@type":"PropertyValueSpecification","valueRequired":true,"valueName":"search_term_string"}}],"inLanguage":"en-US"},{"@type":"Organization","@id":"https:\/\/www.comprarmejor.es\/en\/#organization","name":"COMPRAR MEJOR","url":"https:\/\/www.comprarmejor.es\/en\/","logo":{"@type":"ImageObject","inLanguage":"en-US","@id":"https:\/\/www.comprarmejor.es\/en\/#\/schema\/logo\/image\/","url":"https:\/\/www.comprarmejor.es\/wp-content\/uploads\/2025\/09\/comprarmejortrinidad.jpg","contentUrl":"https:\/\/www.comprarmejor.es\/wp-content\/uploads\/2025\/09\/comprarmejortrinidad.jpg","width":1022,"height":1380,"caption":"COMPRAR MEJOR"},"image":{"@id":"https:\/\/www.comprarmejor.es\/en\/#\/schema\/logo\/image\/"},"sameAs":["https:\/\/www.instagram.com\/amigosdelcodice"]}]}},"_links":{"self":[{"href":"https:\/\/www.comprarmejor.es\/en\/wp-json\/wp\/v2\/product\/54599","targetHints":{"allow":["GET"]}}],"collection":[{"href":"https:\/\/www.comprarmejor.es\/en\/wp-json\/wp\/v2\/product"}],"about":[{"href":"https:\/\/www.comprarmejor.es\/en\/wp-json\/wp\/v2\/types\/product"}],"wp:featuredmedia":[{"embeddable":true,"href":"https:\/\/www.comprarmejor.es\/en\/wp-json\/wp\/v2\/media\/54589"}],"wp:attachment":[{"href":"https:\/\/www.comprarmejor.es\/en\/wp-json\/wp\/v2\/media?parent=54599"}],"wp:term":[{"taxonomy":"product_brand","embeddable":true,"href":"https:\/\/www.comprarmejor.es\/en\/wp-json\/wp\/v2\/product_brand?post=54599"},{"taxonomy":"product_cat","embeddable":true,"href":"https:\/\/www.comprarmejor.es\/en\/wp-json\/wp\/v2\/product_cat?post=54599"},{"taxonomy":"product_tag","embeddable":true,"href":"https:\/\/www.comprarmejor.es\/en\/wp-json\/wp\/v2\/product_tag?post=54599"}],"curies":[{"name":"wp","href":"https:\/\/api.w.org\/{rel}","templated":true}]}}