{"id":54621,"date":"2017-03-29T18:38:04","date_gmt":"2017-03-29T16:38:04","guid":{"rendered":"https:\/\/www.comprarmejor.es\/producto\/quixote-cervantes-2-mini-books-micro-edition\/"},"modified":"2021-06-10T18:24:07","modified_gmt":"2021-06-10T16:24:07","slug":"madrid-capital-of-a-kingdom-the-villa-and-court-in-the-time-of-philip-ii","status":"publish","type":"product","link":"https:\/\/www.comprarmejor.es\/en\/product\/madrid-capital-of-a-kingdom-the-villa-and-court-in-the-time-of-philip-ii\/","title":{"rendered":"Madrid, Capital of a Kingdom. The Villa and Court in the time of Philip II"},"content":{"rendered":"<p style=\"text-align: justify;\">Madrid, Capital of a Kingdom. The Villa and Court in the time of Felipe II. Texts by Henri Cock, Crist\u00f3bal P\u00e9rez de Herrera and Juan L\u00f3pez de Hoyos. Madrid City Council, Guillermo Bl\u00e1zquez Editor, 2002.<\/p>\n<p style=\"text-align: justify;\">Two volumes made with a beautiful imitation suede binding, decorated with dry prints and golden shields. Format 24 x 33.3 cm. Presented in an open case box for better protection, format 24 x 34 x 5.5 cm.<\/p>\n<p style=\"text-align: justify;\">Volume of Texts: 136 pages on parchment paper, beautifully decorated with borders, initials and color illustrations, four of them full-page, and covers with the Madrid coat of arms. Golden cuts.<br \/>\nLimits and Ordinances for the Villa de Madrid. Royal Provision of Felipe II, 1567.<br \/>\nDescription of Ursaria or Mantua Carpetana. Described in heroic verse by Henri Cock, Archero de Felipe II.<br \/>\nSpeech to the Catholic and Royal Majesty of King Felipe II considering the Greatness of the Villa of Madrid. Crist\u00f3bal P\u00e9rez de Herrera, House and Court Physician.<br \/>\nSolemnities in the Villa of Madrid, by Juan L\u00f3pez de Hoyos, Director of the Villa Study.<br \/>\nGeneral Proclamation for the good Governance of this Court. Hall of Mayors of the House and Court, 1585.<\/p>\n<p style=\"text-align: justify;\">Volume with Transcription: 176 pages on laid paper.<\/p>\n<p style=\"text-align: justify;\">Both volumes with illustrations and design by the painter \u00c1ngel Roncero in the style of the old illuminated manuscripts. All illustrations are based on historical documents.<\/p>\n<p style=\"text-align: justify;\">Limited edition of 1,000 unnumbered copies, stamped with artisan techniques.<\/p>\n<p style=\"text-align: justify;\">Complete copy and in perfect condition.<\/p>\n<p style=\"text-align: justify;\"><span title=\"Gastos de env\u00edo por cuenta del comprador, seg\u00fan pedido y destino.\">Shipping costs for the account of the buyer, according to order and destination.\u00a0<\/span><span title=\"Cons\u00faltenos sin compromiso (haciendo constar la referencia del art\u00edculo) cualquier duda, as\u00ed como por cualquier otro art\u00edculo que est\u00e9 buscando.\"><a class=\"btn btn-default\" href=\"https:\/\/www.comprarmejor.es\/en\/contact\">Ask us<\/a> without any obligation (including the reference of the article) any doubt.<br \/>\n<\/span><\/p>\n","protected":false},"excerpt":{"rendered":"<p style=\"text-align: justify;\"><span id=\"result_box\" lang=\"en\" xml:lang=\"en\"><span title=\"Curiosa y rara edici\u00f3n de la obra m\u00e1s famosa de la literatura espa\u00f1ola: El ingenioso hidalgo don Quixote de La Mancha, de Miguel de Cervantes Saavedra, en formato mini libro y con textos microsc\u00f3picos.\"><span class=\"VIiyi\" lang=\"en\"><span class=\"JLqJ4b\" data-language-for-alternatives=\"en\" data-language-to-translate-into=\"es\" data-phrase-index=\"0\">Madrid, Capital of a Kingdom. The Villa and Court in the time of Felipe II. Texts by Henri Cock, Crist\u00f3bal P\u00e9rez de Herrera and Juan L\u00f3pez de Hoyos.<br \/>\n<\/span><\/span><\/span><\/span><\/p>\n","protected":false},"featured_media":68485,"template":"","meta":[],"product_brand":[],"product_cat":[2210,5118],"product_tag":[5822,4537,5120,4324],"class_list":{"0":"post-54621","1":"product","2":"type-product","3":"status-publish","4":"has-post-thumbnail","6":"product_cat-bibliophilia","7":"product_cat-bindings","8":"product_tag-bibliofilia-en","9":"product_tag-felipe-ii-en-2","10":"product_tag-history-en","11":"product_tag-madrid-en","12":"product_shipping_class-from-2-to-5-kg","13":"description-off","15":"first","16":"instock","17":"sale","18":"taxable","19":"shipping-taxable","20":"purchasable","21":"product-type-simple"},"yoast_head":"<!-- This site is optimized with the Yoast SEO plugin v27.3 - https:\/\/yoast.com\/product\/yoast-seo-wordpress\/ -->\n<title>Madrid, Capital of a Kingdom. The Villa and Court in the time of Philip II<\/title>\n<meta name=\"description\" content=\"Madrid, Capital of a Kingdom. The Villa and Court in the time of Felipe II. Texts by Henri Cock, C. P\u00e9rez de Herrera and J. L\u00f3pez de Hoyos\" \/>\n<meta name=\"robots\" content=\"index, follow, max-snippet:-1, max-image-preview:large, max-video-preview:-1\" \/>\n<link rel=\"canonical\" href=\"https:\/\/www.comprarmejor.es\/en\/product\/madrid-capital-of-a-kingdom-the-villa-and-court-in-the-time-of-philip-ii\/\" \/>\n<meta property=\"og:locale\" content=\"en_US\" \/>\n<meta property=\"og:type\" content=\"article\" \/>\n<meta property=\"og:title\" content=\"Madrid, Capital of a Kingdom. The Villa and Court in the time of Philip II\" \/>\n<meta property=\"og:description\" content=\"Madrid, Capital of a Kingdom. The Villa and Court in the time of Felipe II. Texts by Henri Cock, C. P\u00e9rez de Herrera and J. L\u00f3pez de Hoyos\" \/>\n<meta property=\"og:url\" content=\"https:\/\/www.comprarmejor.es\/en\/product\/madrid-capital-of-a-kingdom-the-villa-and-court-in-the-time-of-philip-ii\/\" \/>\n<meta property=\"og:site_name\" content=\"ComprarMejor\" \/>\n<meta property=\"article:modified_time\" content=\"2021-06-10T16:24:07+00:00\" \/>\n<meta property=\"og:image\" content=\"https:\/\/www.comprarmejor.es\/wp-content\/uploads\/2017\/03\/MCduR-1.jpg\" \/>\n\t<meta property=\"og:image:width\" content=\"599\" \/>\n\t<meta property=\"og:image:height\" content=\"449\" \/>\n\t<meta property=\"og:image:type\" content=\"image\/jpeg\" \/>\n<meta name=\"twitter:card\" content=\"summary_large_image\" \/>\n<meta name=\"twitter:label1\" content=\"Est. reading time\" \/>\n\t<meta name=\"twitter:data1\" content=\"2 minutes\" \/>\n<script type=\"application\/ld+json\" class=\"yoast-schema-graph\">{\"@context\":\"https:\\\/\\\/schema.org\",\"@graph\":[{\"@type\":\"WebPage\",\"@id\":\"https:\\\/\\\/www.comprarmejor.es\\\/en\\\/product\\\/madrid-capital-of-a-kingdom-the-villa-and-court-in-the-time-of-philip-ii\\\/\",\"url\":\"https:\\\/\\\/www.comprarmejor.es\\\/en\\\/product\\\/madrid-capital-of-a-kingdom-the-villa-and-court-in-the-time-of-philip-ii\\\/\",\"name\":\"Madrid, Capital of a Kingdom. The Villa and Court in the time of Philip II\",\"isPartOf\":{\"@id\":\"https:\\\/\\\/www.comprarmejor.es\\\/en\\\/#website\"},\"primaryImageOfPage\":{\"@id\":\"https:\\\/\\\/www.comprarmejor.es\\\/en\\\/product\\\/madrid-capital-of-a-kingdom-the-villa-and-court-in-the-time-of-philip-ii\\\/#primaryimage\"},\"image\":{\"@id\":\"https:\\\/\\\/www.comprarmejor.es\\\/en\\\/product\\\/madrid-capital-of-a-kingdom-the-villa-and-court-in-the-time-of-philip-ii\\\/#primaryimage\"},\"thumbnailUrl\":\"https:\\\/\\\/www.comprarmejor.es\\\/wp-content\\\/uploads\\\/2017\\\/03\\\/MCduR-1.jpg\",\"datePublished\":\"2017-03-29T16:38:04+00:00\",\"dateModified\":\"2021-06-10T16:24:07+00:00\",\"description\":\"Madrid, Capital of a Kingdom. The Villa and Court in the time of Felipe II. Texts by Henri Cock, C. P\u00e9rez de Herrera and J. L\u00f3pez de Hoyos\",\"breadcrumb\":{\"@id\":\"https:\\\/\\\/www.comprarmejor.es\\\/en\\\/product\\\/madrid-capital-of-a-kingdom-the-villa-and-court-in-the-time-of-philip-ii\\\/#breadcrumb\"},\"inLanguage\":\"en-US\",\"potentialAction\":[{\"@type\":\"ReadAction\",\"target\":[\"https:\\\/\\\/www.comprarmejor.es\\\/en\\\/product\\\/madrid-capital-of-a-kingdom-the-villa-and-court-in-the-time-of-philip-ii\\\/\"]}]},{\"@type\":\"ImageObject\",\"inLanguage\":\"en-US\",\"@id\":\"https:\\\/\\\/www.comprarmejor.es\\\/en\\\/product\\\/madrid-capital-of-a-kingdom-the-villa-and-court-in-the-time-of-philip-ii\\\/#primaryimage\",\"url\":\"https:\\\/\\\/www.comprarmejor.es\\\/wp-content\\\/uploads\\\/2017\\\/03\\\/MCduR-1.jpg\",\"contentUrl\":\"https:\\\/\\\/www.comprarmejor.es\\\/wp-content\\\/uploads\\\/2017\\\/03\\\/MCduR-1.jpg\",\"width\":599,\"height\":449},{\"@type\":\"BreadcrumbList\",\"@id\":\"https:\\\/\\\/www.comprarmejor.es\\\/en\\\/product\\\/madrid-capital-of-a-kingdom-the-villa-and-court-in-the-time-of-philip-ii\\\/#breadcrumb\",\"itemListElement\":[{\"@type\":\"ListItem\",\"position\":1,\"name\":\"Portada\",\"item\":\"https:\\\/\\\/www.comprarmejor.es\\\/en\\\/\"},{\"@type\":\"ListItem\",\"position\":2,\"name\":\"Shop\",\"item\":\"https:\\\/\\\/www.comprarmejor.es\\\/en\\\/shop\\\/\"},{\"@type\":\"ListItem\",\"position\":3,\"name\":\"Madrid, Capital of a Kingdom. The Villa and Court in the time of Philip II\"}]},{\"@type\":\"WebSite\",\"@id\":\"https:\\\/\\\/www.comprarmejor.es\\\/en\\\/#website\",\"url\":\"https:\\\/\\\/www.comprarmejor.es\\\/en\\\/\",\"name\":\"ComprarMejor\",\"description\":\"ComprarMejor\",\"publisher\":{\"@id\":\"https:\\\/\\\/www.comprarmejor.es\\\/en\\\/#organization\"},\"potentialAction\":[{\"@type\":\"SearchAction\",\"target\":{\"@type\":\"EntryPoint\",\"urlTemplate\":\"https:\\\/\\\/www.comprarmejor.es\\\/en\\\/?s={search_term_string}\"},\"query-input\":{\"@type\":\"PropertyValueSpecification\",\"valueRequired\":true,\"valueName\":\"search_term_string\"}}],\"inLanguage\":\"en-US\"},{\"@type\":\"Organization\",\"@id\":\"https:\\\/\\\/www.comprarmejor.es\\\/en\\\/#organization\",\"name\":\"COMPRAR MEJOR\",\"url\":\"https:\\\/\\\/www.comprarmejor.es\\\/en\\\/\",\"logo\":{\"@type\":\"ImageObject\",\"inLanguage\":\"en-US\",\"@id\":\"https:\\\/\\\/www.comprarmejor.es\\\/en\\\/#\\\/schema\\\/logo\\\/image\\\/\",\"url\":\"https:\\\/\\\/www.comprarmejor.es\\\/wp-content\\\/uploads\\\/2025\\\/09\\\/comprarmejortrinidad.jpg\",\"contentUrl\":\"https:\\\/\\\/www.comprarmejor.es\\\/wp-content\\\/uploads\\\/2025\\\/09\\\/comprarmejortrinidad.jpg\",\"width\":1022,\"height\":1380,\"caption\":\"COMPRAR MEJOR\"},\"image\":{\"@id\":\"https:\\\/\\\/www.comprarmejor.es\\\/en\\\/#\\\/schema\\\/logo\\\/image\\\/\"},\"sameAs\":[\"https:\\\/\\\/www.instagram.com\\\/amigosdelcodice\"]}]}<\/script>\n<!-- \/ Yoast SEO plugin. -->","yoast_head_json":{"title":"Madrid, Capital of a Kingdom. The Villa and Court in the time of Philip II","description":"Madrid, Capital of a Kingdom. The Villa and Court in the time of Felipe II. Texts by Henri Cock, C. P\u00e9rez de Herrera and J. L\u00f3pez de Hoyos","robots":{"index":"index","follow":"follow","max-snippet":"max-snippet:-1","max-image-preview":"max-image-preview:large","max-video-preview":"max-video-preview:-1"},"canonical":"https:\/\/www.comprarmejor.es\/en\/product\/madrid-capital-of-a-kingdom-the-villa-and-court-in-the-time-of-philip-ii\/","og_locale":"en_US","og_type":"article","og_title":"Madrid, Capital of a Kingdom. The Villa and Court in the time of Philip II","og_description":"Madrid, Capital of a Kingdom. The Villa and Court in the time of Felipe II. Texts by Henri Cock, C. P\u00e9rez de Herrera and J. L\u00f3pez de Hoyos","og_url":"https:\/\/www.comprarmejor.es\/en\/product\/madrid-capital-of-a-kingdom-the-villa-and-court-in-the-time-of-philip-ii\/","og_site_name":"ComprarMejor","article_modified_time":"2021-06-10T16:24:07+00:00","og_image":[{"width":599,"height":449,"url":"https:\/\/www.comprarmejor.es\/wp-content\/uploads\/2017\/03\/MCduR-1.jpg","type":"image\/jpeg"}],"twitter_card":"summary_large_image","twitter_misc":{"Est. reading time":"2 minutes"},"schema":{"@context":"https:\/\/schema.org","@graph":[{"@type":"WebPage","@id":"https:\/\/www.comprarmejor.es\/en\/product\/madrid-capital-of-a-kingdom-the-villa-and-court-in-the-time-of-philip-ii\/","url":"https:\/\/www.comprarmejor.es\/en\/product\/madrid-capital-of-a-kingdom-the-villa-and-court-in-the-time-of-philip-ii\/","name":"Madrid, Capital of a Kingdom. The Villa and Court in the time of Philip II","isPartOf":{"@id":"https:\/\/www.comprarmejor.es\/en\/#website"},"primaryImageOfPage":{"@id":"https:\/\/www.comprarmejor.es\/en\/product\/madrid-capital-of-a-kingdom-the-villa-and-court-in-the-time-of-philip-ii\/#primaryimage"},"image":{"@id":"https:\/\/www.comprarmejor.es\/en\/product\/madrid-capital-of-a-kingdom-the-villa-and-court-in-the-time-of-philip-ii\/#primaryimage"},"thumbnailUrl":"https:\/\/www.comprarmejor.es\/wp-content\/uploads\/2017\/03\/MCduR-1.jpg","datePublished":"2017-03-29T16:38:04+00:00","dateModified":"2021-06-10T16:24:07+00:00","description":"Madrid, Capital of a Kingdom. The Villa and Court in the time of Felipe II. Texts by Henri Cock, C. P\u00e9rez de Herrera and J. L\u00f3pez de Hoyos","breadcrumb":{"@id":"https:\/\/www.comprarmejor.es\/en\/product\/madrid-capital-of-a-kingdom-the-villa-and-court-in-the-time-of-philip-ii\/#breadcrumb"},"inLanguage":"en-US","potentialAction":[{"@type":"ReadAction","target":["https:\/\/www.comprarmejor.es\/en\/product\/madrid-capital-of-a-kingdom-the-villa-and-court-in-the-time-of-philip-ii\/"]}]},{"@type":"ImageObject","inLanguage":"en-US","@id":"https:\/\/www.comprarmejor.es\/en\/product\/madrid-capital-of-a-kingdom-the-villa-and-court-in-the-time-of-philip-ii\/#primaryimage","url":"https:\/\/www.comprarmejor.es\/wp-content\/uploads\/2017\/03\/MCduR-1.jpg","contentUrl":"https:\/\/www.comprarmejor.es\/wp-content\/uploads\/2017\/03\/MCduR-1.jpg","width":599,"height":449},{"@type":"BreadcrumbList","@id":"https:\/\/www.comprarmejor.es\/en\/product\/madrid-capital-of-a-kingdom-the-villa-and-court-in-the-time-of-philip-ii\/#breadcrumb","itemListElement":[{"@type":"ListItem","position":1,"name":"Portada","item":"https:\/\/www.comprarmejor.es\/en\/"},{"@type":"ListItem","position":2,"name":"Shop","item":"https:\/\/www.comprarmejor.es\/en\/shop\/"},{"@type":"ListItem","position":3,"name":"Madrid, Capital of a Kingdom. The Villa and Court in the time of Philip II"}]},{"@type":"WebSite","@id":"https:\/\/www.comprarmejor.es\/en\/#website","url":"https:\/\/www.comprarmejor.es\/en\/","name":"ComprarMejor","description":"ComprarMejor","publisher":{"@id":"https:\/\/www.comprarmejor.es\/en\/#organization"},"potentialAction":[{"@type":"SearchAction","target":{"@type":"EntryPoint","urlTemplate":"https:\/\/www.comprarmejor.es\/en\/?s={search_term_string}"},"query-input":{"@type":"PropertyValueSpecification","valueRequired":true,"valueName":"search_term_string"}}],"inLanguage":"en-US"},{"@type":"Organization","@id":"https:\/\/www.comprarmejor.es\/en\/#organization","name":"COMPRAR MEJOR","url":"https:\/\/www.comprarmejor.es\/en\/","logo":{"@type":"ImageObject","inLanguage":"en-US","@id":"https:\/\/www.comprarmejor.es\/en\/#\/schema\/logo\/image\/","url":"https:\/\/www.comprarmejor.es\/wp-content\/uploads\/2025\/09\/comprarmejortrinidad.jpg","contentUrl":"https:\/\/www.comprarmejor.es\/wp-content\/uploads\/2025\/09\/comprarmejortrinidad.jpg","width":1022,"height":1380,"caption":"COMPRAR MEJOR"},"image":{"@id":"https:\/\/www.comprarmejor.es\/en\/#\/schema\/logo\/image\/"},"sameAs":["https:\/\/www.instagram.com\/amigosdelcodice"]}]}},"_links":{"self":[{"href":"https:\/\/www.comprarmejor.es\/en\/wp-json\/wp\/v2\/product\/54621","targetHints":{"allow":["GET"]}}],"collection":[{"href":"https:\/\/www.comprarmejor.es\/en\/wp-json\/wp\/v2\/product"}],"about":[{"href":"https:\/\/www.comprarmejor.es\/en\/wp-json\/wp\/v2\/types\/product"}],"wp:featuredmedia":[{"embeddable":true,"href":"https:\/\/www.comprarmejor.es\/en\/wp-json\/wp\/v2\/media\/68485"}],"wp:attachment":[{"href":"https:\/\/www.comprarmejor.es\/en\/wp-json\/wp\/v2\/media?parent=54621"}],"wp:term":[{"taxonomy":"product_brand","embeddable":true,"href":"https:\/\/www.comprarmejor.es\/en\/wp-json\/wp\/v2\/product_brand?post=54621"},{"taxonomy":"product_cat","embeddable":true,"href":"https:\/\/www.comprarmejor.es\/en\/wp-json\/wp\/v2\/product_cat?post=54621"},{"taxonomy":"product_tag","embeddable":true,"href":"https:\/\/www.comprarmejor.es\/en\/wp-json\/wp\/v2\/product_tag?post=54621"}],"curies":[{"name":"wp","href":"https:\/\/api.w.org\/{rel}","templated":true}]}}