{"id":54629,"date":"2017-03-30T10:38:56","date_gmt":"2017-03-30T08:38:56","guid":{"rendered":"https:\/\/www.comprarmejor.es\/producto\/atlas-of-oliva-year-1580\/"},"modified":"2026-05-02T12:47:31","modified_gmt":"2026-05-02T10:47:31","slug":"imago-mundi-pierre-dailly-century-xvi","status":"publish","type":"product","link":"https:\/\/www.comprarmejor.es\/en\/product\/imago-mundi-pierre-dailly-century-xvi\/","title":{"rendered":"Imago Mundi. Pierre d&#8217;Ailly. Century XVI"},"content":{"rendered":"<p><span class=\"HwtZe\" lang=\"en\"><span class=\"jCAhz ChMk0b\"><span class=\"ryNqvb\">ARTICLE FOR INFORMATIONAL PURPOSES ONLY<\/span><\/span><\/span><\/p>\n<p style=\"text-align: justify;\">Facsimile edition of a volume of 288 pages and 21 x 28 cm published in Leuven in 1480. Its author, Pierre d&#8217;Ailly, summarizes the cosmographic knowledge of the time, especially the ideas of Ptolemy. It contains 18 treatises that include beautiful drawings and diagrams reproduced with the techniques and colors of the time.<\/p>\n<p style=\"text-align: justify;\">This facsimile edition, extraordinarily published in 1990 by the Testimonio publishing house, is made from the copy that belonged to Christopher Columbus, with 898 handwritten notes of the Admiral and that of his son Hernando, preserved in the Capitular and Columbian Library of Seville.<\/p>\n<p style=\"text-align: justify;\">The binding is in Mudejar style leather with gold-plated studs. The two complementary volumes of 816 and 288 pages have an introduction and translation by Antonio Ram\u00edrez de Verger and a study by Juan P\u00e9rez de Tudela.<\/p>\n<p style=\"text-align: justify;\">Complete, new, brand new copy, from an edition of 980 numbered and certified copies.<\/p>\n<p style=\"text-align: justify;\">Retail Price: 2.460 \u20ac<span title=\"Gastos de env\u00edo por cuenta del comprador, seg\u00fan pedido y destino.\">.\u00a0<\/span><span title=\"Cons\u00faltenos sin compromiso (indicando la referencia del art\u00edculo) cualquier duda, as\u00ed como por cualquier otro facs\u00edmile o art\u00edculo que est\u00e9 buscando.\"><a class=\"btn btn-default\" href=\"https:\/\/www.comprarmejor.es\/en\/contact\/\">Ask us<\/a> <span class=\"HwtZe\" lang=\"en\"><span class=\"jCAhz ChMk0b\"><span class=\"ryNqvb\">any questions, indicating the article reference.<\/span><\/span><\/span><br \/>\n<\/span><\/p>\n","protected":false},"excerpt":{"rendered":"<p style=\"text-align: justify;\"><span id=\"result_box\" lang=\"en\" xml:lang=\"en\"><span class=\"HwtZe\" lang=\"en\"><span class=\"jCAhz ChMk0b\"><span class=\"ryNqvb\">Facsimile edition of a volume of 288 pages and 21 x 28 cm published in Leuven in 1480. Its author, Pierre d&#8217;Ailly, summarizes the cosmographic knowledge of the time, especially the ideas of Ptolemy<\/span><\/span><\/span><span title=\"Contiene las primeras cartas n\u00e1uticas del Nuevo Continente.\"><br \/>\n<\/span><\/span><\/p>\n","protected":false},"featured_media":92104,"template":"","meta":[],"product_brand":[],"product_cat":[2250],"product_tag":[5796,5254,4145,3999],"class_list":{"0":"post-54629","1":"product","2":"type-product","3":"status-publish","4":"has-post-thumbnail","6":"product_cat-other-facsimiles","7":"product_tag-astronomia-en","8":"product_tag-colon-en","9":"product_tag-ptolomeo-en","10":"product_tag-testimonio-en","11":"description-off","13":"first","14":"instock","15":"taxable","16":"shipping-taxable","17":"purchasable","18":"product-type-simple"},"yoast_head":"<!-- This site is optimized with the Yoast SEO plugin v27.3 - https:\/\/yoast.com\/product\/yoast-seo-wordpress\/ -->\n<title>Imago Mundi. Pierre d&#039;Ailly. Century XVI<\/title>\n<meta name=\"description\" content=\"Facsimile edition in Leuven in 1480. Its author, Pierre d&#039;Ailly, summarizes the cosmographic knowledge of the time, especially the ideas of Ptolemy\" \/>\n<meta name=\"robots\" content=\"index, follow, max-snippet:-1, max-image-preview:large, max-video-preview:-1\" \/>\n<link rel=\"canonical\" href=\"https:\/\/www.comprarmejor.es\/en\/product\/imago-mundi-pierre-dailly-century-xvi\/\" \/>\n<meta property=\"og:locale\" content=\"en_US\" \/>\n<meta property=\"og:type\" content=\"article\" \/>\n<meta property=\"og:title\" content=\"Imago Mundi. Pierre d&#039;Ailly. Century XVI\" \/>\n<meta property=\"og:description\" content=\"Facsimile edition in Leuven in 1480. Its author, Pierre d&#039;Ailly, summarizes the cosmographic knowledge of the time, especially the ideas of Ptolemy\" \/>\n<meta property=\"og:url\" content=\"https:\/\/www.comprarmejor.es\/en\/product\/imago-mundi-pierre-dailly-century-xvi\/\" \/>\n<meta property=\"og:site_name\" content=\"ComprarMejor\" \/>\n<meta property=\"article:modified_time\" content=\"2026-05-02T10:47:31+00:00\" \/>\n<meta property=\"og:image\" content=\"https:\/\/www.comprarmejor.es\/wp-content\/uploads\/2017\/03\/IM01.jpg\" \/>\n\t<meta property=\"og:image:width\" content=\"396\" \/>\n\t<meta property=\"og:image:height\" content=\"629\" \/>\n\t<meta property=\"og:image:type\" content=\"image\/jpeg\" \/>\n<meta name=\"twitter:card\" content=\"summary_large_image\" \/>\n<meta name=\"twitter:label1\" content=\"Est. reading time\" \/>\n\t<meta name=\"twitter:data1\" content=\"1 minute\" \/>\n<script type=\"application\/ld+json\" class=\"yoast-schema-graph\">{\"@context\":\"https:\\\/\\\/schema.org\",\"@graph\":[{\"@type\":\"WebPage\",\"@id\":\"https:\\\/\\\/www.comprarmejor.es\\\/en\\\/product\\\/imago-mundi-pierre-dailly-century-xvi\\\/\",\"url\":\"https:\\\/\\\/www.comprarmejor.es\\\/en\\\/product\\\/imago-mundi-pierre-dailly-century-xvi\\\/\",\"name\":\"Imago Mundi. Pierre d'Ailly. Century XVI\",\"isPartOf\":{\"@id\":\"https:\\\/\\\/www.comprarmejor.es\\\/en\\\/#website\"},\"primaryImageOfPage\":{\"@id\":\"https:\\\/\\\/www.comprarmejor.es\\\/en\\\/product\\\/imago-mundi-pierre-dailly-century-xvi\\\/#primaryimage\"},\"image\":{\"@id\":\"https:\\\/\\\/www.comprarmejor.es\\\/en\\\/product\\\/imago-mundi-pierre-dailly-century-xvi\\\/#primaryimage\"},\"thumbnailUrl\":\"https:\\\/\\\/www.comprarmejor.es\\\/wp-content\\\/uploads\\\/2017\\\/03\\\/IM01.jpg\",\"datePublished\":\"2017-03-30T08:38:56+00:00\",\"dateModified\":\"2026-05-02T10:47:31+00:00\",\"description\":\"Facsimile edition in Leuven in 1480. Its author, Pierre d'Ailly, summarizes the cosmographic knowledge of the time, especially the ideas of Ptolemy\",\"breadcrumb\":{\"@id\":\"https:\\\/\\\/www.comprarmejor.es\\\/en\\\/product\\\/imago-mundi-pierre-dailly-century-xvi\\\/#breadcrumb\"},\"inLanguage\":\"en-US\",\"potentialAction\":[{\"@type\":\"ReadAction\",\"target\":[\"https:\\\/\\\/www.comprarmejor.es\\\/en\\\/product\\\/imago-mundi-pierre-dailly-century-xvi\\\/\"]}]},{\"@type\":\"ImageObject\",\"inLanguage\":\"en-US\",\"@id\":\"https:\\\/\\\/www.comprarmejor.es\\\/en\\\/product\\\/imago-mundi-pierre-dailly-century-xvi\\\/#primaryimage\",\"url\":\"https:\\\/\\\/www.comprarmejor.es\\\/wp-content\\\/uploads\\\/2017\\\/03\\\/IM01.jpg\",\"contentUrl\":\"https:\\\/\\\/www.comprarmejor.es\\\/wp-content\\\/uploads\\\/2017\\\/03\\\/IM01.jpg\",\"width\":396,\"height\":629},{\"@type\":\"BreadcrumbList\",\"@id\":\"https:\\\/\\\/www.comprarmejor.es\\\/en\\\/product\\\/imago-mundi-pierre-dailly-century-xvi\\\/#breadcrumb\",\"itemListElement\":[{\"@type\":\"ListItem\",\"position\":1,\"name\":\"Portada\",\"item\":\"https:\\\/\\\/www.comprarmejor.es\\\/en\\\/\"},{\"@type\":\"ListItem\",\"position\":2,\"name\":\"Shop\",\"item\":\"https:\\\/\\\/www.comprarmejor.es\\\/en\\\/shop\\\/\"},{\"@type\":\"ListItem\",\"position\":3,\"name\":\"Imago Mundi. Pierre d&#8217;Ailly. Century XVI\"}]},{\"@type\":\"WebSite\",\"@id\":\"https:\\\/\\\/www.comprarmejor.es\\\/en\\\/#website\",\"url\":\"https:\\\/\\\/www.comprarmejor.es\\\/en\\\/\",\"name\":\"ComprarMejor\",\"description\":\"ComprarMejor\",\"publisher\":{\"@id\":\"https:\\\/\\\/www.comprarmejor.es\\\/en\\\/#organization\"},\"potentialAction\":[{\"@type\":\"SearchAction\",\"target\":{\"@type\":\"EntryPoint\",\"urlTemplate\":\"https:\\\/\\\/www.comprarmejor.es\\\/en\\\/?s={search_term_string}\"},\"query-input\":{\"@type\":\"PropertyValueSpecification\",\"valueRequired\":true,\"valueName\":\"search_term_string\"}}],\"inLanguage\":\"en-US\"},{\"@type\":\"Organization\",\"@id\":\"https:\\\/\\\/www.comprarmejor.es\\\/en\\\/#organization\",\"name\":\"COMPRAR MEJOR\",\"url\":\"https:\\\/\\\/www.comprarmejor.es\\\/en\\\/\",\"logo\":{\"@type\":\"ImageObject\",\"inLanguage\":\"en-US\",\"@id\":\"https:\\\/\\\/www.comprarmejor.es\\\/en\\\/#\\\/schema\\\/logo\\\/image\\\/\",\"url\":\"https:\\\/\\\/www.comprarmejor.es\\\/wp-content\\\/uploads\\\/2025\\\/09\\\/comprarmejortrinidad.jpg\",\"contentUrl\":\"https:\\\/\\\/www.comprarmejor.es\\\/wp-content\\\/uploads\\\/2025\\\/09\\\/comprarmejortrinidad.jpg\",\"width\":1022,\"height\":1380,\"caption\":\"COMPRAR MEJOR\"},\"image\":{\"@id\":\"https:\\\/\\\/www.comprarmejor.es\\\/en\\\/#\\\/schema\\\/logo\\\/image\\\/\"},\"sameAs\":[\"https:\\\/\\\/www.instagram.com\\\/amigosdelcodice\"]}]}<\/script>\n<!-- \/ Yoast SEO plugin. -->","yoast_head_json":{"title":"Imago Mundi. Pierre d'Ailly. Century XVI","description":"Facsimile edition in Leuven in 1480. Its author, Pierre d'Ailly, summarizes the cosmographic knowledge of the time, especially the ideas of Ptolemy","robots":{"index":"index","follow":"follow","max-snippet":"max-snippet:-1","max-image-preview":"max-image-preview:large","max-video-preview":"max-video-preview:-1"},"canonical":"https:\/\/www.comprarmejor.es\/en\/product\/imago-mundi-pierre-dailly-century-xvi\/","og_locale":"en_US","og_type":"article","og_title":"Imago Mundi. Pierre d'Ailly. Century XVI","og_description":"Facsimile edition in Leuven in 1480. Its author, Pierre d'Ailly, summarizes the cosmographic knowledge of the time, especially the ideas of Ptolemy","og_url":"https:\/\/www.comprarmejor.es\/en\/product\/imago-mundi-pierre-dailly-century-xvi\/","og_site_name":"ComprarMejor","article_modified_time":"2026-05-02T10:47:31+00:00","og_image":[{"width":396,"height":629,"url":"https:\/\/www.comprarmejor.es\/wp-content\/uploads\/2017\/03\/IM01.jpg","type":"image\/jpeg"}],"twitter_card":"summary_large_image","twitter_misc":{"Est. reading time":"1 minute"},"schema":{"@context":"https:\/\/schema.org","@graph":[{"@type":"WebPage","@id":"https:\/\/www.comprarmejor.es\/en\/product\/imago-mundi-pierre-dailly-century-xvi\/","url":"https:\/\/www.comprarmejor.es\/en\/product\/imago-mundi-pierre-dailly-century-xvi\/","name":"Imago Mundi. Pierre d'Ailly. Century XVI","isPartOf":{"@id":"https:\/\/www.comprarmejor.es\/en\/#website"},"primaryImageOfPage":{"@id":"https:\/\/www.comprarmejor.es\/en\/product\/imago-mundi-pierre-dailly-century-xvi\/#primaryimage"},"image":{"@id":"https:\/\/www.comprarmejor.es\/en\/product\/imago-mundi-pierre-dailly-century-xvi\/#primaryimage"},"thumbnailUrl":"https:\/\/www.comprarmejor.es\/wp-content\/uploads\/2017\/03\/IM01.jpg","datePublished":"2017-03-30T08:38:56+00:00","dateModified":"2026-05-02T10:47:31+00:00","description":"Facsimile edition in Leuven in 1480. Its author, Pierre d'Ailly, summarizes the cosmographic knowledge of the time, especially the ideas of Ptolemy","breadcrumb":{"@id":"https:\/\/www.comprarmejor.es\/en\/product\/imago-mundi-pierre-dailly-century-xvi\/#breadcrumb"},"inLanguage":"en-US","potentialAction":[{"@type":"ReadAction","target":["https:\/\/www.comprarmejor.es\/en\/product\/imago-mundi-pierre-dailly-century-xvi\/"]}]},{"@type":"ImageObject","inLanguage":"en-US","@id":"https:\/\/www.comprarmejor.es\/en\/product\/imago-mundi-pierre-dailly-century-xvi\/#primaryimage","url":"https:\/\/www.comprarmejor.es\/wp-content\/uploads\/2017\/03\/IM01.jpg","contentUrl":"https:\/\/www.comprarmejor.es\/wp-content\/uploads\/2017\/03\/IM01.jpg","width":396,"height":629},{"@type":"BreadcrumbList","@id":"https:\/\/www.comprarmejor.es\/en\/product\/imago-mundi-pierre-dailly-century-xvi\/#breadcrumb","itemListElement":[{"@type":"ListItem","position":1,"name":"Portada","item":"https:\/\/www.comprarmejor.es\/en\/"},{"@type":"ListItem","position":2,"name":"Shop","item":"https:\/\/www.comprarmejor.es\/en\/shop\/"},{"@type":"ListItem","position":3,"name":"Imago Mundi. Pierre d&#8217;Ailly. Century XVI"}]},{"@type":"WebSite","@id":"https:\/\/www.comprarmejor.es\/en\/#website","url":"https:\/\/www.comprarmejor.es\/en\/","name":"ComprarMejor","description":"ComprarMejor","publisher":{"@id":"https:\/\/www.comprarmejor.es\/en\/#organization"},"potentialAction":[{"@type":"SearchAction","target":{"@type":"EntryPoint","urlTemplate":"https:\/\/www.comprarmejor.es\/en\/?s={search_term_string}"},"query-input":{"@type":"PropertyValueSpecification","valueRequired":true,"valueName":"search_term_string"}}],"inLanguage":"en-US"},{"@type":"Organization","@id":"https:\/\/www.comprarmejor.es\/en\/#organization","name":"COMPRAR MEJOR","url":"https:\/\/www.comprarmejor.es\/en\/","logo":{"@type":"ImageObject","inLanguage":"en-US","@id":"https:\/\/www.comprarmejor.es\/en\/#\/schema\/logo\/image\/","url":"https:\/\/www.comprarmejor.es\/wp-content\/uploads\/2025\/09\/comprarmejortrinidad.jpg","contentUrl":"https:\/\/www.comprarmejor.es\/wp-content\/uploads\/2025\/09\/comprarmejortrinidad.jpg","width":1022,"height":1380,"caption":"COMPRAR MEJOR"},"image":{"@id":"https:\/\/www.comprarmejor.es\/en\/#\/schema\/logo\/image\/"},"sameAs":["https:\/\/www.instagram.com\/amigosdelcodice"]}]}},"_links":{"self":[{"href":"https:\/\/www.comprarmejor.es\/en\/wp-json\/wp\/v2\/product\/54629","targetHints":{"allow":["GET"]}}],"collection":[{"href":"https:\/\/www.comprarmejor.es\/en\/wp-json\/wp\/v2\/product"}],"about":[{"href":"https:\/\/www.comprarmejor.es\/en\/wp-json\/wp\/v2\/types\/product"}],"wp:featuredmedia":[{"embeddable":true,"href":"https:\/\/www.comprarmejor.es\/en\/wp-json\/wp\/v2\/media\/92104"}],"wp:attachment":[{"href":"https:\/\/www.comprarmejor.es\/en\/wp-json\/wp\/v2\/media?parent=54629"}],"wp:term":[{"taxonomy":"product_brand","embeddable":true,"href":"https:\/\/www.comprarmejor.es\/en\/wp-json\/wp\/v2\/product_brand?post=54629"},{"taxonomy":"product_cat","embeddable":true,"href":"https:\/\/www.comprarmejor.es\/en\/wp-json\/wp\/v2\/product_cat?post=54629"},{"taxonomy":"product_tag","embeddable":true,"href":"https:\/\/www.comprarmejor.es\/en\/wp-json\/wp\/v2\/product_tag?post=54629"}],"curies":[{"name":"wp","href":"https:\/\/api.w.org\/{rel}","templated":true}]}}