{"id":54643,"date":"2017-03-30T12:08:42","date_gmt":"2017-03-30T10:08:42","guid":{"rendered":"https:\/\/www.comprarmejor.es\/producto\/atlas-miller-1519\/"},"modified":"2020-09-11T17:30:11","modified_gmt":"2020-09-11T15:30:11","slug":"6-atlas-miller","status":"publish","type":"product","link":"https:\/\/www.comprarmejor.es\/en\/product\/6-atlas-miller\/","title":{"rendered":"Atlas Miller, 1519"},"content":{"rendered":"<p style=\"text-align: justify;\"><span id=\"result_box\" lang=\"en\" xml:lang=\"en\"><span title=\"Cons\u00faltenos sin compromiso (indicando la referencia del art\u00edculo) cualquier duda, as\u00ed como por cualquier otro facs\u00edmile o art\u00edculo que est\u00e9 buscando.\"><span lang=\"en\" xml:lang=\"en\"><span title=\"Edici\u00f3n facs\u00edmile de la editorial Moleiro realizada en 2004 del conocido como Atlas Miller, cuyo original de 1519 se conserva en la Biblioteca Nacional de Francia.\">Facsimile edition of the Moleiro publishing house made in 2004 known as Atlas Miller, whose original from 1519 is preserved in the National Library of France.<\/span><\/span><\/span><\/span><\/p>\n<p style=\"text-align: justify;\"><span title=\"Contiene 6 pergaminos con 8 mapas de tama\u00f1o 41,5 x 59 cm y 2 pergaminos enrollados con 2 mapas de 61 x 117 cm.\">It contains 6 parchments with 8 maps of size 41.5 x 59 cm and 2 scrolls rolled with 2 maps of 61 x 117 cm.<\/span><\/p>\n<p style=\"text-align: justify;\"><span title=\"Obra conjunta de Pedro y Jorge Reinel, Lopo Homem (cart\u00f3grafos) y Ant\u00f3nio de Holanda (miniaturista).\">Joint work of Pedro and Jorge Reinel, Lopo Homem (cartographers) and Ant\u00f3nio de Holanda (miniaturist).<\/span><\/p>\n<p style=\"text-align: justify;\"><span title=\"Las zonas geogr\u00e1ficas representadas en este atlas son: el Oc\u00e9ano Atl\u00e1ntico norte, Norte de Europa, el Archipi\u00e9lago de las Azores, Madagascar, el Oc\u00e9ano \u00cdndico, Insulindia, Mar de China, las Molucas, Brasil, el Oc\u00e9ano Atl\u00e1ntico y el Mediterr\u00e1neo.\">The geographical areas represented in this atlas are: the North Atlantic Ocean, Northern Europe, the Archipelago of the Azores, Madagascar, the Indian Ocean, Insulindia, the China Sea, the Moluccas, Brazil, the Atlantic Ocean and the Mediterranean.<\/span><\/p>\n<p style=\"text-align: justify;\"><span title=\"Libro estudio formato 25 x 35 cm, 432 p\u00e1ginas ilustradas a color, a cargo de Lu\u00eds Filipe Thomaz (Director del Instituto de Estudios Orientales de la Universidad Cat\u00f3lica Portuguesa), Alfredo Pinheiro Marques y Bernardo Sa Nogueira.\">Book study format 25 x 35 cm, 432 pages illustrated in color.<\/span><\/p>\n<p style=\"text-align: justify;\"><span title=\"Edici\u00f3n facs\u00edmile limitada a 987 ejemplares numerados y autentificados notarialmente.\">Facsimile edition limited to 987 numbered copies and notarially authenticated.<\/span><\/p>\n<p style=\"text-align: justify;\"><span title=\"El Atlas Miller es una obra de lujo infrecuente, misterioso, un instrumento de contrainformaci\u00f3n geoestrat\u00e9gica, geopol\u00edtica y diplom\u00e1tica, que acab\u00f3 siendo un regalo para la reina Leonor de Portugal.\">The Atlas Miller is an infrequent, mysterious luxury work, an instrument of geostrategic, geopolitical and diplomatic counter-information, which ended up being a gift for Queen Leonor of Portugal. <\/span><span title=\"(Tiene una extensa informaci\u00f3n en la web del editor)\">(Has extensive information on the publisher&#8217;s website)<\/span><\/p>\n<p style=\"text-align: justify;\"><span title=\"Ejemplar completo y en perfecto estado.\">Complete and in perfect condition.<\/span><\/p>\n<p style=\"text-align: justify;\"><span title=\"Gastos de env\u00edo por cuenta del comprador, seg\u00fan pedido y destino.\">Shipping costs for the account of the buyer, according to order and destination.\u00a0<\/span><span title=\"Cons\u00faltenos sin compromiso (indicando la referencia del art\u00edculo) cualquier duda, as\u00ed como por cualquier otro facs\u00edmile o art\u00edculo que est\u00e9 buscando.\"><a class=\"btn btn-default\" href=\"https:\/\/www.comprarmejor.es\/en\/contact\">Ask us<\/a> without obligation (indicating the reference of the article) any doubt, as well as for any other facsimile or article that you are looking for.<\/span><\/p>\n","protected":false},"excerpt":{"rendered":"<p style=\"text-align: justify;\"><span id=\"result_box\" lang=\"en\" xml:lang=\"en\"><span title=\"Edici\u00f3n facs\u00edmile de la editorial Moleiro realizada en 2004 del conocido como Atlas Miller, cuyo original de 1519 se conserva en la Biblioteca Nacional de Francia.\">Facsimile edition of the Moleiro publishing house made in 2004 known as Atlas Miller, whose original from 1519 is preserved in the National Library of France.<\/span><\/span><\/p>\n","protected":false},"featured_media":58787,"template":"","meta":[],"product_brand":[],"product_cat":[2234],"product_tag":[3976,3975,4017],"class_list":{"0":"post-54643","1":"product","2":"type-product","3":"status-publish","4":"has-post-thumbnail","6":"product_cat-antique-maps","7":"product_tag-atlas-en","8":"product_tag-bnf-en","9":"product_tag-moleiro-en","10":"product_shipping_class-from-2-to-5-kg","11":"description-off","13":"first","14":"instock","15":"sale","16":"taxable","17":"shipping-taxable","18":"purchasable","19":"product-type-simple"},"yoast_head":"<!-- This site is optimized with the Yoast SEO plugin v27.3 - https:\/\/yoast.com\/product\/yoast-seo-wordpress\/ -->\n<title>Atlas Miller, 1519, National Library of France, facsimile edition<\/title>\n<meta name=\"description\" content=\"Facsimile edition of the Moleiro publishing house made in 2004 known as Atlas Miller, whose original from 1519 is preserved in the N.L.F.\" \/>\n<meta name=\"robots\" content=\"index, follow, max-snippet:-1, max-image-preview:large, max-video-preview:-1\" \/>\n<link rel=\"canonical\" href=\"https:\/\/www.comprarmejor.es\/en\/product\/6-atlas-miller\/\" \/>\n<meta property=\"og:locale\" content=\"en_US\" \/>\n<meta property=\"og:type\" content=\"article\" \/>\n<meta property=\"og:title\" content=\"Atlas Miller, 1519, National Library of France, facsimile edition\" \/>\n<meta property=\"og:description\" content=\"Facsimile edition of the Moleiro publishing house made in 2004 known as Atlas Miller, whose original from 1519 is preserved in the N.L.F.\" \/>\n<meta property=\"og:url\" content=\"https:\/\/www.comprarmejor.es\/en\/product\/6-atlas-miller\/\" \/>\n<meta property=\"og:site_name\" content=\"ComprarMejor\" \/>\n<meta property=\"article:modified_time\" content=\"2020-09-11T15:30:11+00:00\" \/>\n<meta property=\"og:image\" content=\"https:\/\/www.comprarmejor.es\/wp-content\/uploads\/2017\/03\/AMdM-1.jpg\" \/>\n\t<meta property=\"og:image:width\" content=\"600\" \/>\n\t<meta property=\"og:image:height\" content=\"515\" \/>\n\t<meta property=\"og:image:type\" content=\"image\/jpeg\" \/>\n<meta name=\"twitter:card\" content=\"summary_large_image\" \/>\n<meta name=\"twitter:label1\" content=\"Est. reading time\" \/>\n\t<meta name=\"twitter:data1\" content=\"1 minute\" \/>\n<script type=\"application\/ld+json\" class=\"yoast-schema-graph\">{\"@context\":\"https:\\\/\\\/schema.org\",\"@graph\":[{\"@type\":\"WebPage\",\"@id\":\"https:\\\/\\\/www.comprarmejor.es\\\/en\\\/product\\\/6-atlas-miller\\\/\",\"url\":\"https:\\\/\\\/www.comprarmejor.es\\\/en\\\/product\\\/6-atlas-miller\\\/\",\"name\":\"Atlas Miller, 1519, National Library of France, facsimile edition\",\"isPartOf\":{\"@id\":\"https:\\\/\\\/www.comprarmejor.es\\\/en\\\/#website\"},\"primaryImageOfPage\":{\"@id\":\"https:\\\/\\\/www.comprarmejor.es\\\/en\\\/product\\\/6-atlas-miller\\\/#primaryimage\"},\"image\":{\"@id\":\"https:\\\/\\\/www.comprarmejor.es\\\/en\\\/product\\\/6-atlas-miller\\\/#primaryimage\"},\"thumbnailUrl\":\"https:\\\/\\\/www.comprarmejor.es\\\/wp-content\\\/uploads\\\/2017\\\/03\\\/AMdM-1.jpg\",\"datePublished\":\"2017-03-30T10:08:42+00:00\",\"dateModified\":\"2020-09-11T15:30:11+00:00\",\"description\":\"Facsimile edition of the Moleiro publishing house made in 2004 known as Atlas Miller, whose original from 1519 is preserved in the N.L.F.\",\"breadcrumb\":{\"@id\":\"https:\\\/\\\/www.comprarmejor.es\\\/en\\\/product\\\/6-atlas-miller\\\/#breadcrumb\"},\"inLanguage\":\"en-US\",\"potentialAction\":[{\"@type\":\"ReadAction\",\"target\":[\"https:\\\/\\\/www.comprarmejor.es\\\/en\\\/product\\\/6-atlas-miller\\\/\"]}]},{\"@type\":\"ImageObject\",\"inLanguage\":\"en-US\",\"@id\":\"https:\\\/\\\/www.comprarmejor.es\\\/en\\\/product\\\/6-atlas-miller\\\/#primaryimage\",\"url\":\"https:\\\/\\\/www.comprarmejor.es\\\/wp-content\\\/uploads\\\/2017\\\/03\\\/AMdM-1.jpg\",\"contentUrl\":\"https:\\\/\\\/www.comprarmejor.es\\\/wp-content\\\/uploads\\\/2017\\\/03\\\/AMdM-1.jpg\",\"width\":600,\"height\":515},{\"@type\":\"BreadcrumbList\",\"@id\":\"https:\\\/\\\/www.comprarmejor.es\\\/en\\\/product\\\/6-atlas-miller\\\/#breadcrumb\",\"itemListElement\":[{\"@type\":\"ListItem\",\"position\":1,\"name\":\"Portada\",\"item\":\"https:\\\/\\\/www.comprarmejor.es\\\/en\\\/\"},{\"@type\":\"ListItem\",\"position\":2,\"name\":\"Shop\",\"item\":\"https:\\\/\\\/www.comprarmejor.es\\\/en\\\/shop\\\/\"},{\"@type\":\"ListItem\",\"position\":3,\"name\":\"Atlas Miller, 1519\"}]},{\"@type\":\"WebSite\",\"@id\":\"https:\\\/\\\/www.comprarmejor.es\\\/en\\\/#website\",\"url\":\"https:\\\/\\\/www.comprarmejor.es\\\/en\\\/\",\"name\":\"ComprarMejor\",\"description\":\"ComprarMejor\",\"publisher\":{\"@id\":\"https:\\\/\\\/www.comprarmejor.es\\\/en\\\/#organization\"},\"potentialAction\":[{\"@type\":\"SearchAction\",\"target\":{\"@type\":\"EntryPoint\",\"urlTemplate\":\"https:\\\/\\\/www.comprarmejor.es\\\/en\\\/?s={search_term_string}\"},\"query-input\":{\"@type\":\"PropertyValueSpecification\",\"valueRequired\":true,\"valueName\":\"search_term_string\"}}],\"inLanguage\":\"en-US\"},{\"@type\":\"Organization\",\"@id\":\"https:\\\/\\\/www.comprarmejor.es\\\/en\\\/#organization\",\"name\":\"COMPRAR MEJOR\",\"url\":\"https:\\\/\\\/www.comprarmejor.es\\\/en\\\/\",\"logo\":{\"@type\":\"ImageObject\",\"inLanguage\":\"en-US\",\"@id\":\"https:\\\/\\\/www.comprarmejor.es\\\/en\\\/#\\\/schema\\\/logo\\\/image\\\/\",\"url\":\"https:\\\/\\\/www.comprarmejor.es\\\/wp-content\\\/uploads\\\/2025\\\/09\\\/comprarmejortrinidad.jpg\",\"contentUrl\":\"https:\\\/\\\/www.comprarmejor.es\\\/wp-content\\\/uploads\\\/2025\\\/09\\\/comprarmejortrinidad.jpg\",\"width\":1022,\"height\":1380,\"caption\":\"COMPRAR MEJOR\"},\"image\":{\"@id\":\"https:\\\/\\\/www.comprarmejor.es\\\/en\\\/#\\\/schema\\\/logo\\\/image\\\/\"},\"sameAs\":[\"https:\\\/\\\/www.instagram.com\\\/amigosdelcodice\"]}]}<\/script>\n<!-- \/ Yoast SEO plugin. -->","yoast_head_json":{"title":"Atlas Miller, 1519, National Library of France, facsimile edition","description":"Facsimile edition of the Moleiro publishing house made in 2004 known as Atlas Miller, whose original from 1519 is preserved in the N.L.F.","robots":{"index":"index","follow":"follow","max-snippet":"max-snippet:-1","max-image-preview":"max-image-preview:large","max-video-preview":"max-video-preview:-1"},"canonical":"https:\/\/www.comprarmejor.es\/en\/product\/6-atlas-miller\/","og_locale":"en_US","og_type":"article","og_title":"Atlas Miller, 1519, National Library of France, facsimile edition","og_description":"Facsimile edition of the Moleiro publishing house made in 2004 known as Atlas Miller, whose original from 1519 is preserved in the N.L.F.","og_url":"https:\/\/www.comprarmejor.es\/en\/product\/6-atlas-miller\/","og_site_name":"ComprarMejor","article_modified_time":"2020-09-11T15:30:11+00:00","og_image":[{"width":600,"height":515,"url":"https:\/\/www.comprarmejor.es\/wp-content\/uploads\/2017\/03\/AMdM-1.jpg","type":"image\/jpeg"}],"twitter_card":"summary_large_image","twitter_misc":{"Est. reading time":"1 minute"},"schema":{"@context":"https:\/\/schema.org","@graph":[{"@type":"WebPage","@id":"https:\/\/www.comprarmejor.es\/en\/product\/6-atlas-miller\/","url":"https:\/\/www.comprarmejor.es\/en\/product\/6-atlas-miller\/","name":"Atlas Miller, 1519, National Library of France, facsimile edition","isPartOf":{"@id":"https:\/\/www.comprarmejor.es\/en\/#website"},"primaryImageOfPage":{"@id":"https:\/\/www.comprarmejor.es\/en\/product\/6-atlas-miller\/#primaryimage"},"image":{"@id":"https:\/\/www.comprarmejor.es\/en\/product\/6-atlas-miller\/#primaryimage"},"thumbnailUrl":"https:\/\/www.comprarmejor.es\/wp-content\/uploads\/2017\/03\/AMdM-1.jpg","datePublished":"2017-03-30T10:08:42+00:00","dateModified":"2020-09-11T15:30:11+00:00","description":"Facsimile edition of the Moleiro publishing house made in 2004 known as Atlas Miller, whose original from 1519 is preserved in the N.L.F.","breadcrumb":{"@id":"https:\/\/www.comprarmejor.es\/en\/product\/6-atlas-miller\/#breadcrumb"},"inLanguage":"en-US","potentialAction":[{"@type":"ReadAction","target":["https:\/\/www.comprarmejor.es\/en\/product\/6-atlas-miller\/"]}]},{"@type":"ImageObject","inLanguage":"en-US","@id":"https:\/\/www.comprarmejor.es\/en\/product\/6-atlas-miller\/#primaryimage","url":"https:\/\/www.comprarmejor.es\/wp-content\/uploads\/2017\/03\/AMdM-1.jpg","contentUrl":"https:\/\/www.comprarmejor.es\/wp-content\/uploads\/2017\/03\/AMdM-1.jpg","width":600,"height":515},{"@type":"BreadcrumbList","@id":"https:\/\/www.comprarmejor.es\/en\/product\/6-atlas-miller\/#breadcrumb","itemListElement":[{"@type":"ListItem","position":1,"name":"Portada","item":"https:\/\/www.comprarmejor.es\/en\/"},{"@type":"ListItem","position":2,"name":"Shop","item":"https:\/\/www.comprarmejor.es\/en\/shop\/"},{"@type":"ListItem","position":3,"name":"Atlas Miller, 1519"}]},{"@type":"WebSite","@id":"https:\/\/www.comprarmejor.es\/en\/#website","url":"https:\/\/www.comprarmejor.es\/en\/","name":"ComprarMejor","description":"ComprarMejor","publisher":{"@id":"https:\/\/www.comprarmejor.es\/en\/#organization"},"potentialAction":[{"@type":"SearchAction","target":{"@type":"EntryPoint","urlTemplate":"https:\/\/www.comprarmejor.es\/en\/?s={search_term_string}"},"query-input":{"@type":"PropertyValueSpecification","valueRequired":true,"valueName":"search_term_string"}}],"inLanguage":"en-US"},{"@type":"Organization","@id":"https:\/\/www.comprarmejor.es\/en\/#organization","name":"COMPRAR MEJOR","url":"https:\/\/www.comprarmejor.es\/en\/","logo":{"@type":"ImageObject","inLanguage":"en-US","@id":"https:\/\/www.comprarmejor.es\/en\/#\/schema\/logo\/image\/","url":"https:\/\/www.comprarmejor.es\/wp-content\/uploads\/2025\/09\/comprarmejortrinidad.jpg","contentUrl":"https:\/\/www.comprarmejor.es\/wp-content\/uploads\/2025\/09\/comprarmejortrinidad.jpg","width":1022,"height":1380,"caption":"COMPRAR MEJOR"},"image":{"@id":"https:\/\/www.comprarmejor.es\/en\/#\/schema\/logo\/image\/"},"sameAs":["https:\/\/www.instagram.com\/amigosdelcodice"]}]}},"_links":{"self":[{"href":"https:\/\/www.comprarmejor.es\/en\/wp-json\/wp\/v2\/product\/54643","targetHints":{"allow":["GET"]}}],"collection":[{"href":"https:\/\/www.comprarmejor.es\/en\/wp-json\/wp\/v2\/product"}],"about":[{"href":"https:\/\/www.comprarmejor.es\/en\/wp-json\/wp\/v2\/types\/product"}],"wp:featuredmedia":[{"embeddable":true,"href":"https:\/\/www.comprarmejor.es\/en\/wp-json\/wp\/v2\/media\/58787"}],"wp:attachment":[{"href":"https:\/\/www.comprarmejor.es\/en\/wp-json\/wp\/v2\/media?parent=54643"}],"wp:term":[{"taxonomy":"product_brand","embeddable":true,"href":"https:\/\/www.comprarmejor.es\/en\/wp-json\/wp\/v2\/product_brand?post=54643"},{"taxonomy":"product_cat","embeddable":true,"href":"https:\/\/www.comprarmejor.es\/en\/wp-json\/wp\/v2\/product_cat?post=54643"},{"taxonomy":"product_tag","embeddable":true,"href":"https:\/\/www.comprarmejor.es\/en\/wp-json\/wp\/v2\/product_tag?post=54643"}],"curies":[{"name":"wp","href":"https:\/\/api.w.org\/{rel}","templated":true}]}}