{"id":54649,"date":"2017-04-16T11:57:26","date_gmt":"2017-04-16T09:57:26","guid":{"rendered":"https:\/\/www.comprarmejor.es\/producto\/rechargeable-tactical-flashlight-diving-100m-high-luminosity-1000lm\/"},"modified":"2020-05-02T22:59:59","modified_gmt":"2020-05-02T20:59:59","slug":"rechargeable-tactical-flashlight-diving-100m-high-luminosity-1000lm","status":"publish","type":"product","link":"https:\/\/www.comprarmejor.es\/en\/product\/rechargeable-tactical-flashlight-diving-100m-high-luminosity-1000lm\/","title":{"rendered":"Rechargeable tactical flashlight, diving 100M, high luminosity 1000LM"},"content":{"rendered":"<p style=\"text-align: justify;\"><span id=\"result_box\" lang=\"en\" xml:lang=\"en\"><span title=\"Linterna t\u00e1ctica recargable de alta gama, marca Favour, ideal para buceo (sumergible 100 m), camping, t\u00e1ctica, y para toda ocasi\u00f3n en la que se necesita gran cantidad de luz.\">Rechargeable Tactical flashlight of high range, brand Favour, ideal for diving (submersible 100 m), camping, tactics, and for any occasion where a lot of light is needed. <\/span><span title=\"Led blanco cree 1.000 lumens.\">Led white creates 1.000 lumens. <\/span><span title=\"Cuerpo de aluminio, color negro.\">Aluminum body, black color.<\/span><\/span><\/p>\n<p><span title=\"Caracter\u00edsticas:\">Characteristics:<br \/>\n<\/span><span title=\"Led blanco 1000 Lms\">White Led 1000 Lms<br \/>\n<\/span><span title=\"Led blanco 50 Lms\">Led white 50 Lms<br \/>\n<\/span><span title=\"Control nivel de luminosidad\">Control brightness level<br \/>\n<\/span><span title=\"Interruptor deslizante\">Sliding switch<br \/>\n<\/span><span title=\"Bater\u00eda 2.5h\/30h\">2.5h \/ 30h battery<br \/>\n<\/span><span title=\"Bater\u00eda recargable por USB\">Rechargeable USB battery<br \/>\n<\/span><span title=\"Indicador de carga de bater\u00eda\">Battery Charge Indicator<br \/>\n<\/span><span title=\"Indicador de situaci\u00f3n de carga\">Load status indicator<br \/>\n<\/span><span title=\"Sumergible hasta 100 m.\">Submersible up to 100 m.<br \/>\n<\/span><span title=\"A prueba de polvo\">Dust proof<br \/>\n<\/span><span title=\"Impacto ca\u00edda 2 m.\">Dropped impact 2 m.<br \/>\n<\/span><span title=\"Alcance 250 m.\">Reach 250 m.<br \/>\n<\/span><span title=\"Peso 338 g con bater\u00eda\">Weight 338 g with battery<br \/>\n<\/span><span title=\"Bater\u00eda 3.7v Li-ion recargable incluida\">3.7v Li-ion rechargeable battery included<br \/>\n<\/span><span title=\"Medidas 48 x 167 mm.\">Measures 48 x 167 mm.<\/span><\/p>\n<p><span title=\"Art\u00edculo nuevo y en perfecto estado, a estrenar, en su caja de origen.\">Brand new and in perfect condition, brand new, in its original box.<\/span><\/p>\n<p><span title=\"Gastos de env\u00edo por cuenta del comprador, seg\u00fan pedido y destino.\">Shipping costs for the account of the buyer, according to order and destination. <\/span><span title=\"Cons\u00faltenos sin compromiso (indicando la referencia del art\u00edculo) cualquier duda, as\u00ed como por cualquier otro art\u00edculo que est\u00e9 buscando.\">Ask us without obligation (indicating the reference of the article) any doubt, as well as for any other article that you are looking for.<\/span><\/p>\n","protected":false},"excerpt":{"rendered":"<p style=\"text-align: justify;\"><span id=\"result_box\" lang=\"en\" xml:lang=\"en\"><span title=\"Linterna t\u00e1ctica recargable de alta gama, marca Favour, ideal para buceo (sumergible 100 m), camping, t\u00e1ctica, y para toda ocasi\u00f3n en la que se necesita gran cantidad de luz.\">Rechargeable Tactical flashlight of high range, brand Favour, ideal for diving (submersible 100 m), camping, tactics, and for any occasion where a lot of light is needed. <\/span><span title=\"Led blanco cree 1.000 lumens.\">Led white creates 1.000 lumens. <\/span><span title=\"Cuerpo de aluminio, color negro.\">Aluminum body, black color.<\/span><\/span><\/p>\n","protected":false},"featured_media":54645,"template":"","meta":[],"product_brand":[],"product_cat":[2194,2258],"product_tag":[4228],"class_list":{"0":"post-54649","1":"product","2":"type-product","3":"status-publish","4":"has-post-thumbnail","6":"product_cat-miscellany","7":"product_cat-various","8":"product_tag-favour-en-2","9":"product_shipping_class-from-0-to-1-kg","10":"description-off","12":"first","13":"instock","14":"taxable","15":"shipping-taxable","16":"purchasable","17":"product-type-simple"},"yoast_head":"<!-- This site is optimized with the Yoast SEO plugin v27.3 - https:\/\/yoast.com\/product\/yoast-seo-wordpress\/ -->\n<title>Rechargeable tactical flashlight, diving 100M, high luminosity 1000LM<\/title>\n<meta name=\"description\" content=\"Rechargeable Tactical flashlight of high range, brand Favour, ideal for diving (submersible 100 m), camping, tactics, and for any occasion where a lot of light\" \/>\n<meta name=\"robots\" content=\"index, follow, max-snippet:-1, max-image-preview:large, max-video-preview:-1\" \/>\n<link rel=\"canonical\" href=\"https:\/\/www.comprarmejor.es\/en\/product\/rechargeable-tactical-flashlight-diving-100m-high-luminosity-1000lm\/\" \/>\n<meta property=\"og:locale\" content=\"en_US\" \/>\n<meta property=\"og:type\" content=\"article\" \/>\n<meta property=\"og:title\" content=\"Rechargeable tactical flashlight, diving 100M, high luminosity 1000LM\" \/>\n<meta property=\"og:description\" content=\"Rechargeable Tactical flashlight of high range, brand Favour, ideal for diving (submersible 100 m), camping, tactics, and for any occasion where a lot of light\" \/>\n<meta property=\"og:url\" content=\"https:\/\/www.comprarmejor.es\/en\/product\/rechargeable-tactical-flashlight-diving-100m-high-luminosity-1000lm\/\" \/>\n<meta property=\"og:site_name\" content=\"ComprarMejor\" \/>\n<meta property=\"article:modified_time\" content=\"2020-05-02T20:59:59+00:00\" \/>\n<meta property=\"og:image\" content=\"https:\/\/www.comprarmejor.es\/wp-content\/uploads\/2017\/04\/p_7_4_7_0_7470-Linterna-tactica-recargable-de-buceo-100M-alta-luminosidad-1000LM.jpg\" \/>\n\t<meta property=\"og:image:width\" content=\"600\" \/>\n\t<meta property=\"og:image:height\" content=\"335\" \/>\n\t<meta property=\"og:image:type\" content=\"image\/jpeg\" \/>\n<meta name=\"twitter:card\" content=\"summary_large_image\" \/>\n<meta name=\"twitter:label1\" content=\"Est. reading time\" \/>\n\t<meta name=\"twitter:data1\" content=\"1 minute\" \/>\n<script type=\"application\/ld+json\" class=\"yoast-schema-graph\">{\"@context\":\"https:\\\/\\\/schema.org\",\"@graph\":[{\"@type\":\"WebPage\",\"@id\":\"https:\\\/\\\/www.comprarmejor.es\\\/en\\\/product\\\/rechargeable-tactical-flashlight-diving-100m-high-luminosity-1000lm\\\/\",\"url\":\"https:\\\/\\\/www.comprarmejor.es\\\/en\\\/product\\\/rechargeable-tactical-flashlight-diving-100m-high-luminosity-1000lm\\\/\",\"name\":\"Rechargeable tactical flashlight, diving 100M, high luminosity 1000LM\",\"isPartOf\":{\"@id\":\"https:\\\/\\\/www.comprarmejor.es\\\/en\\\/#website\"},\"primaryImageOfPage\":{\"@id\":\"https:\\\/\\\/www.comprarmejor.es\\\/en\\\/product\\\/rechargeable-tactical-flashlight-diving-100m-high-luminosity-1000lm\\\/#primaryimage\"},\"image\":{\"@id\":\"https:\\\/\\\/www.comprarmejor.es\\\/en\\\/product\\\/rechargeable-tactical-flashlight-diving-100m-high-luminosity-1000lm\\\/#primaryimage\"},\"thumbnailUrl\":\"https:\\\/\\\/www.comprarmejor.es\\\/wp-content\\\/uploads\\\/2017\\\/04\\\/p_7_4_7_0_7470-Linterna-tactica-recargable-de-buceo-100M-alta-luminosidad-1000LM.jpg\",\"datePublished\":\"2017-04-16T09:57:26+00:00\",\"dateModified\":\"2020-05-02T20:59:59+00:00\",\"description\":\"Rechargeable Tactical flashlight of high range, brand Favour, ideal for diving (submersible 100 m), camping, tactics, and for any occasion where a lot of light\",\"breadcrumb\":{\"@id\":\"https:\\\/\\\/www.comprarmejor.es\\\/en\\\/product\\\/rechargeable-tactical-flashlight-diving-100m-high-luminosity-1000lm\\\/#breadcrumb\"},\"inLanguage\":\"en-US\",\"potentialAction\":[{\"@type\":\"ReadAction\",\"target\":[\"https:\\\/\\\/www.comprarmejor.es\\\/en\\\/product\\\/rechargeable-tactical-flashlight-diving-100m-high-luminosity-1000lm\\\/\"]}]},{\"@type\":\"ImageObject\",\"inLanguage\":\"en-US\",\"@id\":\"https:\\\/\\\/www.comprarmejor.es\\\/en\\\/product\\\/rechargeable-tactical-flashlight-diving-100m-high-luminosity-1000lm\\\/#primaryimage\",\"url\":\"https:\\\/\\\/www.comprarmejor.es\\\/wp-content\\\/uploads\\\/2017\\\/04\\\/p_7_4_7_0_7470-Linterna-tactica-recargable-de-buceo-100M-alta-luminosidad-1000LM.jpg\",\"contentUrl\":\"https:\\\/\\\/www.comprarmejor.es\\\/wp-content\\\/uploads\\\/2017\\\/04\\\/p_7_4_7_0_7470-Linterna-tactica-recargable-de-buceo-100M-alta-luminosidad-1000LM.jpg\",\"width\":600,\"height\":335},{\"@type\":\"BreadcrumbList\",\"@id\":\"https:\\\/\\\/www.comprarmejor.es\\\/en\\\/product\\\/rechargeable-tactical-flashlight-diving-100m-high-luminosity-1000lm\\\/#breadcrumb\",\"itemListElement\":[{\"@type\":\"ListItem\",\"position\":1,\"name\":\"Portada\",\"item\":\"https:\\\/\\\/www.comprarmejor.es\\\/en\\\/\"},{\"@type\":\"ListItem\",\"position\":2,\"name\":\"Shop\",\"item\":\"https:\\\/\\\/www.comprarmejor.es\\\/en\\\/shop\\\/\"},{\"@type\":\"ListItem\",\"position\":3,\"name\":\"Rechargeable tactical flashlight, diving 100M, high luminosity 1000LM\"}]},{\"@type\":\"WebSite\",\"@id\":\"https:\\\/\\\/www.comprarmejor.es\\\/en\\\/#website\",\"url\":\"https:\\\/\\\/www.comprarmejor.es\\\/en\\\/\",\"name\":\"ComprarMejor\",\"description\":\"ComprarMejor\",\"publisher\":{\"@id\":\"https:\\\/\\\/www.comprarmejor.es\\\/en\\\/#organization\"},\"potentialAction\":[{\"@type\":\"SearchAction\",\"target\":{\"@type\":\"EntryPoint\",\"urlTemplate\":\"https:\\\/\\\/www.comprarmejor.es\\\/en\\\/?s={search_term_string}\"},\"query-input\":{\"@type\":\"PropertyValueSpecification\",\"valueRequired\":true,\"valueName\":\"search_term_string\"}}],\"inLanguage\":\"en-US\"},{\"@type\":\"Organization\",\"@id\":\"https:\\\/\\\/www.comprarmejor.es\\\/en\\\/#organization\",\"name\":\"COMPRAR MEJOR\",\"url\":\"https:\\\/\\\/www.comprarmejor.es\\\/en\\\/\",\"logo\":{\"@type\":\"ImageObject\",\"inLanguage\":\"en-US\",\"@id\":\"https:\\\/\\\/www.comprarmejor.es\\\/en\\\/#\\\/schema\\\/logo\\\/image\\\/\",\"url\":\"https:\\\/\\\/www.comprarmejor.es\\\/wp-content\\\/uploads\\\/2025\\\/09\\\/comprarmejortrinidad.jpg\",\"contentUrl\":\"https:\\\/\\\/www.comprarmejor.es\\\/wp-content\\\/uploads\\\/2025\\\/09\\\/comprarmejortrinidad.jpg\",\"width\":1022,\"height\":1380,\"caption\":\"COMPRAR MEJOR\"},\"image\":{\"@id\":\"https:\\\/\\\/www.comprarmejor.es\\\/en\\\/#\\\/schema\\\/logo\\\/image\\\/\"},\"sameAs\":[\"https:\\\/\\\/www.instagram.com\\\/amigosdelcodice\"]}]}<\/script>\n<!-- \/ Yoast SEO plugin. -->","yoast_head_json":{"title":"Rechargeable tactical flashlight, diving 100M, high luminosity 1000LM","description":"Rechargeable Tactical flashlight of high range, brand Favour, ideal for diving (submersible 100 m), camping, tactics, and for any occasion where a lot of light","robots":{"index":"index","follow":"follow","max-snippet":"max-snippet:-1","max-image-preview":"max-image-preview:large","max-video-preview":"max-video-preview:-1"},"canonical":"https:\/\/www.comprarmejor.es\/en\/product\/rechargeable-tactical-flashlight-diving-100m-high-luminosity-1000lm\/","og_locale":"en_US","og_type":"article","og_title":"Rechargeable tactical flashlight, diving 100M, high luminosity 1000LM","og_description":"Rechargeable Tactical flashlight of high range, brand Favour, ideal for diving (submersible 100 m), camping, tactics, and for any occasion where a lot of light","og_url":"https:\/\/www.comprarmejor.es\/en\/product\/rechargeable-tactical-flashlight-diving-100m-high-luminosity-1000lm\/","og_site_name":"ComprarMejor","article_modified_time":"2020-05-02T20:59:59+00:00","og_image":[{"width":600,"height":335,"url":"https:\/\/www.comprarmejor.es\/wp-content\/uploads\/2017\/04\/p_7_4_7_0_7470-Linterna-tactica-recargable-de-buceo-100M-alta-luminosidad-1000LM.jpg","type":"image\/jpeg"}],"twitter_card":"summary_large_image","twitter_misc":{"Est. reading time":"1 minute"},"schema":{"@context":"https:\/\/schema.org","@graph":[{"@type":"WebPage","@id":"https:\/\/www.comprarmejor.es\/en\/product\/rechargeable-tactical-flashlight-diving-100m-high-luminosity-1000lm\/","url":"https:\/\/www.comprarmejor.es\/en\/product\/rechargeable-tactical-flashlight-diving-100m-high-luminosity-1000lm\/","name":"Rechargeable tactical flashlight, diving 100M, high luminosity 1000LM","isPartOf":{"@id":"https:\/\/www.comprarmejor.es\/en\/#website"},"primaryImageOfPage":{"@id":"https:\/\/www.comprarmejor.es\/en\/product\/rechargeable-tactical-flashlight-diving-100m-high-luminosity-1000lm\/#primaryimage"},"image":{"@id":"https:\/\/www.comprarmejor.es\/en\/product\/rechargeable-tactical-flashlight-diving-100m-high-luminosity-1000lm\/#primaryimage"},"thumbnailUrl":"https:\/\/www.comprarmejor.es\/wp-content\/uploads\/2017\/04\/p_7_4_7_0_7470-Linterna-tactica-recargable-de-buceo-100M-alta-luminosidad-1000LM.jpg","datePublished":"2017-04-16T09:57:26+00:00","dateModified":"2020-05-02T20:59:59+00:00","description":"Rechargeable Tactical flashlight of high range, brand Favour, ideal for diving (submersible 100 m), camping, tactics, and for any occasion where a lot of light","breadcrumb":{"@id":"https:\/\/www.comprarmejor.es\/en\/product\/rechargeable-tactical-flashlight-diving-100m-high-luminosity-1000lm\/#breadcrumb"},"inLanguage":"en-US","potentialAction":[{"@type":"ReadAction","target":["https:\/\/www.comprarmejor.es\/en\/product\/rechargeable-tactical-flashlight-diving-100m-high-luminosity-1000lm\/"]}]},{"@type":"ImageObject","inLanguage":"en-US","@id":"https:\/\/www.comprarmejor.es\/en\/product\/rechargeable-tactical-flashlight-diving-100m-high-luminosity-1000lm\/#primaryimage","url":"https:\/\/www.comprarmejor.es\/wp-content\/uploads\/2017\/04\/p_7_4_7_0_7470-Linterna-tactica-recargable-de-buceo-100M-alta-luminosidad-1000LM.jpg","contentUrl":"https:\/\/www.comprarmejor.es\/wp-content\/uploads\/2017\/04\/p_7_4_7_0_7470-Linterna-tactica-recargable-de-buceo-100M-alta-luminosidad-1000LM.jpg","width":600,"height":335},{"@type":"BreadcrumbList","@id":"https:\/\/www.comprarmejor.es\/en\/product\/rechargeable-tactical-flashlight-diving-100m-high-luminosity-1000lm\/#breadcrumb","itemListElement":[{"@type":"ListItem","position":1,"name":"Portada","item":"https:\/\/www.comprarmejor.es\/en\/"},{"@type":"ListItem","position":2,"name":"Shop","item":"https:\/\/www.comprarmejor.es\/en\/shop\/"},{"@type":"ListItem","position":3,"name":"Rechargeable tactical flashlight, diving 100M, high luminosity 1000LM"}]},{"@type":"WebSite","@id":"https:\/\/www.comprarmejor.es\/en\/#website","url":"https:\/\/www.comprarmejor.es\/en\/","name":"ComprarMejor","description":"ComprarMejor","publisher":{"@id":"https:\/\/www.comprarmejor.es\/en\/#organization"},"potentialAction":[{"@type":"SearchAction","target":{"@type":"EntryPoint","urlTemplate":"https:\/\/www.comprarmejor.es\/en\/?s={search_term_string}"},"query-input":{"@type":"PropertyValueSpecification","valueRequired":true,"valueName":"search_term_string"}}],"inLanguage":"en-US"},{"@type":"Organization","@id":"https:\/\/www.comprarmejor.es\/en\/#organization","name":"COMPRAR MEJOR","url":"https:\/\/www.comprarmejor.es\/en\/","logo":{"@type":"ImageObject","inLanguage":"en-US","@id":"https:\/\/www.comprarmejor.es\/en\/#\/schema\/logo\/image\/","url":"https:\/\/www.comprarmejor.es\/wp-content\/uploads\/2025\/09\/comprarmejortrinidad.jpg","contentUrl":"https:\/\/www.comprarmejor.es\/wp-content\/uploads\/2025\/09\/comprarmejortrinidad.jpg","width":1022,"height":1380,"caption":"COMPRAR MEJOR"},"image":{"@id":"https:\/\/www.comprarmejor.es\/en\/#\/schema\/logo\/image\/"},"sameAs":["https:\/\/www.instagram.com\/amigosdelcodice"]}]}},"_links":{"self":[{"href":"https:\/\/www.comprarmejor.es\/en\/wp-json\/wp\/v2\/product\/54649","targetHints":{"allow":["GET"]}}],"collection":[{"href":"https:\/\/www.comprarmejor.es\/en\/wp-json\/wp\/v2\/product"}],"about":[{"href":"https:\/\/www.comprarmejor.es\/en\/wp-json\/wp\/v2\/types\/product"}],"wp:featuredmedia":[{"embeddable":true,"href":"https:\/\/www.comprarmejor.es\/en\/wp-json\/wp\/v2\/media\/54645"}],"wp:attachment":[{"href":"https:\/\/www.comprarmejor.es\/en\/wp-json\/wp\/v2\/media?parent=54649"}],"wp:term":[{"taxonomy":"product_brand","embeddable":true,"href":"https:\/\/www.comprarmejor.es\/en\/wp-json\/wp\/v2\/product_brand?post=54649"},{"taxonomy":"product_cat","embeddable":true,"href":"https:\/\/www.comprarmejor.es\/en\/wp-json\/wp\/v2\/product_cat?post=54649"},{"taxonomy":"product_tag","embeddable":true,"href":"https:\/\/www.comprarmejor.es\/en\/wp-json\/wp\/v2\/product_tag?post=54649"}],"curies":[{"name":"wp","href":"https:\/\/api.w.org\/{rel}","templated":true}]}}