{"id":54721,"date":"2017-05-08T23:52:17","date_gmt":"2017-05-08T21:52:17","guid":{"rendered":"https:\/\/www.comprarmejor.es\/producto\/le-pas-de-saumur-book-of-tournaments-of-rene-d-anjou-1446\/"},"modified":"2020-05-02T23:06:23","modified_gmt":"2020-05-02T21:06:23","slug":"le-pas-de-saumur-book-of-tournaments-of-rene-d-anjou-1446","status":"publish","type":"product","link":"https:\/\/www.comprarmejor.es\/en\/product\/le-pas-de-saumur-book-of-tournaments-of-rene-d-anjou-1446\/","title":{"rendered":"Le Pas de Saumur (Book of Tournaments of Ren\u00e9 d&#8217;Anjou), 1446"},"content":{"rendered":"<p style=\"text-align: justify;\"><span id=\"result_box\" lang=\"en\" xml:lang=\"en\"><span title=\"T\u00edtulo original: Le Pas de Saumur\">Original title: Le Pas de Saumur<br \/>\n<\/span><span title=\"T\u00edtulo en espa\u00f1ol: Libro de los Torneos de Ren\u00e9 d\u2019Anjou\">Spanish Title: Book of Tournaments by Ren\u00e9 d&#8217;Anjou<br \/>\n<\/span><span title=\"T\u00edtulo en alem\u00e1n: Das Turnierbuch fur Rene d\u2019Anjou\">German title: Das Turnierbuch fur Rene d&#8217;Anjou<\/span><\/span><\/p>\n<p style=\"text-align: justify;\"><span title=\"Facs\u00edmile realizado en 1998 por la editorial austriaca Adeva y coeditado en la versi\u00f3n espa\u00f1ola por Ars Millenii del c\u00f3dice original de 1446, Le Pas de Saumur, conservado en la Biblioteca Nacional de Rusia, signatura codex Fr. F. XIV, n\u00ba 4.\">Facsimile made in 1998 by the Austrian publishing house Adeva and co-edited in the Spanish version by Ars Millenii of the original codex of 1446, Le Pas de Saumur, preserved in the National Library of Russia, codex documentary Br. F. XIV, no. 4.<\/span><\/p>\n<p style=\"text-align: justify;\"><span title=\"Facs\u00edmile con la bella encuadernaci\u00f3n elaborada por la editorial Silo\u00e9, realizada en piel marr\u00f3n sobre madera, decorada en seco y con 5 nervaduras, formato 28,2 x 36,4 cm.\">Facsimile with the beautiful binding made by the publishing company Silo\u00e9, made in brown leather on wood, decorated in dry and with 5 ribs, format 28.2 x 36.4 cm. <\/span><span title=\"100 p\u00e1ginas.\">100 pages.<\/span><\/p>\n<p style=\"text-align: justify;\"><span title=\"Libro estudio en espa\u00f1ol realizado en 2010 por la editorial Silo\u00e9, con los estudios a la obra y la transcripci\u00f3n del texto original en franc\u00e9s medieval.\">Book study in Spanish realized in 2010 by the publishing house Silo\u00e9, with the studies to the work and the transcription of the original text in medieval French. <\/span><span title=\"La editorial no incluy\u00f3 una traducci\u00f3n de los textos al espa\u00f1ol.\">The publisher did not include a translation of the texts into Spanish. <\/span><span title=\"Encuadernado en r\u00fastica ilustrada con solapas.\">Paperback illustrated with flaps. <\/span><span title=\"Formato 16 x 23,2 cm, 172 p\u00e1ginas.\">Format 16 x 23.2 cm, 172 pages.<\/span><\/p>\n<p style=\"text-align: justify;\"><span title=\"Uno de los m\u00e1s valiosos manuscritos de la Biblioteca Nacional de Rusia en San Petersburgo es un libro de torneos realizado para Ren\u00e9 d'Anjou.\">One of the most valuable manuscripts of the National Library of Russia in St. Petersburg is a tourney book for Ren\u00e9 d&#8217;Anjou. <\/span><span title=\"Este manuscrito del siglo XV contiene la \u00fanica versi\u00f3n conocida de la descripci\u00f3n po\u00e9tica de la justa, o torneo de caballeros, que se celebr\u00f3 en el a\u00f1o 1446 en Saumur.\">This 15th-century manuscript contains the only known version of the poetic description of the fair, or tournament of knights, which was held in 1446 in Saumur.<\/span><\/p>\n<p style=\"text-align: justify;\"><span title=\"De gran valor hist\u00f3rico tambi\u00e9n est\u00e1n contenidas en el c\u00f3dice 91 ilustraciones con una gran atenci\u00f3n al detalle.\">Of great historical value are also contained in the codex 91 illustrations with a great attention to detail. <\/span><span title=\"Estas representaciones magistralmente ejecutadas son debidas a los dibujos originales perdidos de Barth\u00e9lemy d'Eyck, un gran pintor, que trabaj\u00f3 durante un tiempo para la Corte francesa.\">These representations masterfully executed are due to the original drawings lost of Barth\u00e9lemy d&#8217;Eyck, a great painter, that worked during a time for the French Court.<\/span><\/p>\n<p style=\"text-align: justify;\"><span title=\"El manuscrito de San Petersburgo es el \u00fanico testimonio hist\u00f3rico de los magn\u00edficos caballeros del festival de Saumur.\">The St. Petersburg manuscript is the only historical testimony of the magnificent knights of the festival of Saumur. <\/span><span title=\"Tiene un alto valor hist\u00f3rico y literario del siglo XV para los estudiosos de la historia medieval, la literatura y la cultura en general, y en especial tambi\u00e9n para la her\u00e1ldica medieval.\">It has a high historical and literary value of the fifteenth century for the students of medieval history, literature and culture in general, and especially also for medieval heraldry.<\/span><\/p>\n<p style=\"text-align: justify;\"><span title=\"El manuscrito es un documento significativo y gr\u00e1fico de la historia de los juegos de lucha caballerescos de finales de la Edad Media.\">The manuscript is a significant and graphic document of the history of the games of chivalric struggle of the late Middle Ages. <\/span><span title=\"El autor del texto presenta la organizaci\u00f3n y el ceremonial de la justa (una especie de juego de combate de caballer\u00eda, en el que se permite competir a caballeros por pares, unos contra otros), sobre los actores y los combatientes, en el que se\">The author of the text presents the organization and ceremonial of the joust (a kind of cavalry combat game, in which men are allowed to compete in pairs against each other), actors and combatants, in which <\/span><span title=\"describe el equipo de los caballeros -especialmente su cresta-, arneses y el equipo de los propios caballos de batalla.\">Describes the equipment of the knights-especially their crest-harnesses and the equipment of the own horses of battle. <\/span><span title=\"Pero no s\u00f3lo eso, tambi\u00e9n se esfuerza por mostrar los contenidos de la cultura cortesana-caballeresca en todo su significado.\">But not only that, it also strives to show the contents of the court-chivalric culture in all its meaning.<\/span><\/p>\n<p style=\"text-align: justify;\"><span title=\"Ejemplar en perfecto estado.\">Exemplary in perfect condition.<\/span><\/p>\n<p style=\"text-align: justify;\"><span title=\"Gastos de env\u00edo por cuenta del comprador, seg\u00fan pedido y destino.\">Shipping costs for the account of the buyer, according to order and destination.\u00a0<\/span><span title=\"Cons\u00faltenos sin compromiso (indicado la referencia del art\u00edculo) cualquier duda, as\u00ed como por cualquier otro facs\u00edmile o art\u00edculo que est\u00e9 buscando.\"><a class=\"btn btn-default\" href=\"http:\/\/comprarmejor.es\/en\/contact\">Ask us<\/a> without obligation (indicated the reference of the article) any doubt, as well as for any other facsimile or article that you are looking for.<\/span><\/p>\n","protected":false},"excerpt":{"rendered":"<p style=\"text-align: left;\"><span id=\"result_box\" lang=\"en\" xml:lang=\"en\"><span title=\"Facs\u00edmile realizado en 1998 por la editorial austriaca Adeva y coeditado en la versi\u00f3n espa\u00f1ola por Ars Millenii del c\u00f3dice original de 1446, Le Pas de Saumur, conservado en la Biblioteca Nacional de Rusia, signatura codex Fr. F. XIV, n\u00ba 4.\">Facsimile made in 1998 by the Austrian publishing house Adeva and co-edited in the Spanish version by Ars Millenii of the original codex of 1446, Le Pas de Saumur, preserved in the National Library of Russia, codex documentary Br. F. XIV, no. 4.<\/span><\/span><\/p>\n","protected":false},"featured_media":54709,"template":"","meta":[],"product_brand":[],"product_cat":[2250,2220],"product_tag":[4224,4134,5119],"class_list":{"0":"post-54721","1":"product","2":"type-product","3":"status-publish","4":"has-post-thumbnail","6":"product_cat-other-facsimiles","7":"product_cat-special-offers","8":"product_tag-anjou-en","9":"product_tag-millenii-en","10":"product_tag-siloe-en","11":"product_shipping_class-from-2-to-5-kg","12":"description-off","14":"first","15":"instock","16":"sale","17":"taxable","18":"shipping-taxable","19":"purchasable","20":"product-type-simple"},"yoast_head":"<!-- This site is optimized with the Yoast SEO plugin v27.3 - https:\/\/yoast.com\/product\/yoast-seo-wordpress\/ -->\n<title>Le Pas de Saumur (Book of Tournaments of Ren\u00e9 d&#039;Anjou), 1446<\/title>\n<meta name=\"description\" content=\"Facsimile made in 1998 by the Austrian publishing house Adeva and co-edited in the Spanish version Ars Millenii of the original codex of 1446, Le Pas de Saumur\" \/>\n<meta name=\"robots\" content=\"index, follow, max-snippet:-1, max-image-preview:large, max-video-preview:-1\" \/>\n<link rel=\"canonical\" href=\"https:\/\/www.comprarmejor.es\/en\/product\/le-pas-de-saumur-book-of-tournaments-of-rene-d-anjou-1446\/\" \/>\n<meta property=\"og:locale\" content=\"en_US\" \/>\n<meta property=\"og:type\" content=\"article\" \/>\n<meta property=\"og:title\" content=\"Le Pas de Saumur (Book of Tournaments of Ren\u00e9 d&#039;Anjou), 1446\" \/>\n<meta property=\"og:description\" content=\"Facsimile made in 1998 by the Austrian publishing house Adeva and co-edited in the Spanish version Ars Millenii of the original codex of 1446, Le Pas de Saumur\" \/>\n<meta property=\"og:url\" content=\"https:\/\/www.comprarmejor.es\/en\/product\/le-pas-de-saumur-book-of-tournaments-of-rene-d-anjou-1446\/\" \/>\n<meta property=\"og:site_name\" content=\"ComprarMejor\" \/>\n<meta property=\"article:modified_time\" content=\"2020-05-02T21:06:23+00:00\" \/>\n<meta property=\"og:image\" content=\"https:\/\/www.comprarmejor.es\/wp-content\/uploads\/2017\/05\/p_6_6_1_5_6615-Le-Pas-de-Saumur-Libro-de-los-Torneos-de-Rene-d\u2019Anjou-1446.jpg\" \/>\n\t<meta property=\"og:image:width\" content=\"599\" \/>\n\t<meta property=\"og:image:height\" content=\"449\" \/>\n\t<meta property=\"og:image:type\" content=\"image\/jpeg\" \/>\n<meta name=\"twitter:card\" content=\"summary_large_image\" \/>\n<meta name=\"twitter:label1\" content=\"Est. reading time\" \/>\n\t<meta name=\"twitter:data1\" content=\"2 minutes\" \/>\n<script type=\"application\/ld+json\" class=\"yoast-schema-graph\">{\"@context\":\"https:\\\/\\\/schema.org\",\"@graph\":[{\"@type\":\"WebPage\",\"@id\":\"https:\\\/\\\/www.comprarmejor.es\\\/en\\\/product\\\/le-pas-de-saumur-book-of-tournaments-of-rene-d-anjou-1446\\\/\",\"url\":\"https:\\\/\\\/www.comprarmejor.es\\\/en\\\/product\\\/le-pas-de-saumur-book-of-tournaments-of-rene-d-anjou-1446\\\/\",\"name\":\"Le Pas de Saumur (Book of Tournaments of Ren\u00e9 d'Anjou), 1446\",\"isPartOf\":{\"@id\":\"https:\\\/\\\/www.comprarmejor.es\\\/en\\\/#website\"},\"primaryImageOfPage\":{\"@id\":\"https:\\\/\\\/www.comprarmejor.es\\\/en\\\/product\\\/le-pas-de-saumur-book-of-tournaments-of-rene-d-anjou-1446\\\/#primaryimage\"},\"image\":{\"@id\":\"https:\\\/\\\/www.comprarmejor.es\\\/en\\\/product\\\/le-pas-de-saumur-book-of-tournaments-of-rene-d-anjou-1446\\\/#primaryimage\"},\"thumbnailUrl\":\"https:\\\/\\\/www.comprarmejor.es\\\/wp-content\\\/uploads\\\/2017\\\/05\\\/p_6_6_1_5_6615-Le-Pas-de-Saumur-Libro-de-los-Torneos-de-Rene-d\u2019Anjou-1446.jpg\",\"datePublished\":\"2017-05-08T21:52:17+00:00\",\"dateModified\":\"2020-05-02T21:06:23+00:00\",\"description\":\"Facsimile made in 1998 by the Austrian publishing house Adeva and co-edited in the Spanish version Ars Millenii of the original codex of 1446, Le Pas de Saumur\",\"breadcrumb\":{\"@id\":\"https:\\\/\\\/www.comprarmejor.es\\\/en\\\/product\\\/le-pas-de-saumur-book-of-tournaments-of-rene-d-anjou-1446\\\/#breadcrumb\"},\"inLanguage\":\"en-US\",\"potentialAction\":[{\"@type\":\"ReadAction\",\"target\":[\"https:\\\/\\\/www.comprarmejor.es\\\/en\\\/product\\\/le-pas-de-saumur-book-of-tournaments-of-rene-d-anjou-1446\\\/\"]}]},{\"@type\":\"ImageObject\",\"inLanguage\":\"en-US\",\"@id\":\"https:\\\/\\\/www.comprarmejor.es\\\/en\\\/product\\\/le-pas-de-saumur-book-of-tournaments-of-rene-d-anjou-1446\\\/#primaryimage\",\"url\":\"https:\\\/\\\/www.comprarmejor.es\\\/wp-content\\\/uploads\\\/2017\\\/05\\\/p_6_6_1_5_6615-Le-Pas-de-Saumur-Libro-de-los-Torneos-de-Rene-d\u2019Anjou-1446.jpg\",\"contentUrl\":\"https:\\\/\\\/www.comprarmejor.es\\\/wp-content\\\/uploads\\\/2017\\\/05\\\/p_6_6_1_5_6615-Le-Pas-de-Saumur-Libro-de-los-Torneos-de-Rene-d\u2019Anjou-1446.jpg\",\"width\":599,\"height\":449},{\"@type\":\"BreadcrumbList\",\"@id\":\"https:\\\/\\\/www.comprarmejor.es\\\/en\\\/product\\\/le-pas-de-saumur-book-of-tournaments-of-rene-d-anjou-1446\\\/#breadcrumb\",\"itemListElement\":[{\"@type\":\"ListItem\",\"position\":1,\"name\":\"Portada\",\"item\":\"https:\\\/\\\/www.comprarmejor.es\\\/en\\\/\"},{\"@type\":\"ListItem\",\"position\":2,\"name\":\"Shop\",\"item\":\"https:\\\/\\\/www.comprarmejor.es\\\/en\\\/shop\\\/\"},{\"@type\":\"ListItem\",\"position\":3,\"name\":\"Le Pas de Saumur (Book of Tournaments of Ren\u00e9 d&#8217;Anjou), 1446\"}]},{\"@type\":\"WebSite\",\"@id\":\"https:\\\/\\\/www.comprarmejor.es\\\/en\\\/#website\",\"url\":\"https:\\\/\\\/www.comprarmejor.es\\\/en\\\/\",\"name\":\"ComprarMejor\",\"description\":\"ComprarMejor\",\"publisher\":{\"@id\":\"https:\\\/\\\/www.comprarmejor.es\\\/en\\\/#organization\"},\"potentialAction\":[{\"@type\":\"SearchAction\",\"target\":{\"@type\":\"EntryPoint\",\"urlTemplate\":\"https:\\\/\\\/www.comprarmejor.es\\\/en\\\/?s={search_term_string}\"},\"query-input\":{\"@type\":\"PropertyValueSpecification\",\"valueRequired\":true,\"valueName\":\"search_term_string\"}}],\"inLanguage\":\"en-US\"},{\"@type\":\"Organization\",\"@id\":\"https:\\\/\\\/www.comprarmejor.es\\\/en\\\/#organization\",\"name\":\"COMPRAR MEJOR\",\"url\":\"https:\\\/\\\/www.comprarmejor.es\\\/en\\\/\",\"logo\":{\"@type\":\"ImageObject\",\"inLanguage\":\"en-US\",\"@id\":\"https:\\\/\\\/www.comprarmejor.es\\\/en\\\/#\\\/schema\\\/logo\\\/image\\\/\",\"url\":\"https:\\\/\\\/www.comprarmejor.es\\\/wp-content\\\/uploads\\\/2025\\\/09\\\/comprarmejortrinidad.jpg\",\"contentUrl\":\"https:\\\/\\\/www.comprarmejor.es\\\/wp-content\\\/uploads\\\/2025\\\/09\\\/comprarmejortrinidad.jpg\",\"width\":1022,\"height\":1380,\"caption\":\"COMPRAR MEJOR\"},\"image\":{\"@id\":\"https:\\\/\\\/www.comprarmejor.es\\\/en\\\/#\\\/schema\\\/logo\\\/image\\\/\"},\"sameAs\":[\"https:\\\/\\\/www.instagram.com\\\/amigosdelcodice\"]}]}<\/script>\n<!-- \/ Yoast SEO plugin. -->","yoast_head_json":{"title":"Le Pas de Saumur (Book of Tournaments of Ren\u00e9 d'Anjou), 1446","description":"Facsimile made in 1998 by the Austrian publishing house Adeva and co-edited in the Spanish version Ars Millenii of the original codex of 1446, Le Pas de Saumur","robots":{"index":"index","follow":"follow","max-snippet":"max-snippet:-1","max-image-preview":"max-image-preview:large","max-video-preview":"max-video-preview:-1"},"canonical":"https:\/\/www.comprarmejor.es\/en\/product\/le-pas-de-saumur-book-of-tournaments-of-rene-d-anjou-1446\/","og_locale":"en_US","og_type":"article","og_title":"Le Pas de Saumur (Book of Tournaments of Ren\u00e9 d'Anjou), 1446","og_description":"Facsimile made in 1998 by the Austrian publishing house Adeva and co-edited in the Spanish version Ars Millenii of the original codex of 1446, Le Pas de Saumur","og_url":"https:\/\/www.comprarmejor.es\/en\/product\/le-pas-de-saumur-book-of-tournaments-of-rene-d-anjou-1446\/","og_site_name":"ComprarMejor","article_modified_time":"2020-05-02T21:06:23+00:00","og_image":[{"width":599,"height":449,"url":"https:\/\/www.comprarmejor.es\/wp-content\/uploads\/2017\/05\/p_6_6_1_5_6615-Le-Pas-de-Saumur-Libro-de-los-Torneos-de-Rene-d\u2019Anjou-1446.jpg","type":"image\/jpeg"}],"twitter_card":"summary_large_image","twitter_misc":{"Est. reading time":"2 minutes"},"schema":{"@context":"https:\/\/schema.org","@graph":[{"@type":"WebPage","@id":"https:\/\/www.comprarmejor.es\/en\/product\/le-pas-de-saumur-book-of-tournaments-of-rene-d-anjou-1446\/","url":"https:\/\/www.comprarmejor.es\/en\/product\/le-pas-de-saumur-book-of-tournaments-of-rene-d-anjou-1446\/","name":"Le Pas de Saumur (Book of Tournaments of Ren\u00e9 d'Anjou), 1446","isPartOf":{"@id":"https:\/\/www.comprarmejor.es\/en\/#website"},"primaryImageOfPage":{"@id":"https:\/\/www.comprarmejor.es\/en\/product\/le-pas-de-saumur-book-of-tournaments-of-rene-d-anjou-1446\/#primaryimage"},"image":{"@id":"https:\/\/www.comprarmejor.es\/en\/product\/le-pas-de-saumur-book-of-tournaments-of-rene-d-anjou-1446\/#primaryimage"},"thumbnailUrl":"https:\/\/www.comprarmejor.es\/wp-content\/uploads\/2017\/05\/p_6_6_1_5_6615-Le-Pas-de-Saumur-Libro-de-los-Torneos-de-Rene-d\u2019Anjou-1446.jpg","datePublished":"2017-05-08T21:52:17+00:00","dateModified":"2020-05-02T21:06:23+00:00","description":"Facsimile made in 1998 by the Austrian publishing house Adeva and co-edited in the Spanish version Ars Millenii of the original codex of 1446, Le Pas de Saumur","breadcrumb":{"@id":"https:\/\/www.comprarmejor.es\/en\/product\/le-pas-de-saumur-book-of-tournaments-of-rene-d-anjou-1446\/#breadcrumb"},"inLanguage":"en-US","potentialAction":[{"@type":"ReadAction","target":["https:\/\/www.comprarmejor.es\/en\/product\/le-pas-de-saumur-book-of-tournaments-of-rene-d-anjou-1446\/"]}]},{"@type":"ImageObject","inLanguage":"en-US","@id":"https:\/\/www.comprarmejor.es\/en\/product\/le-pas-de-saumur-book-of-tournaments-of-rene-d-anjou-1446\/#primaryimage","url":"https:\/\/www.comprarmejor.es\/wp-content\/uploads\/2017\/05\/p_6_6_1_5_6615-Le-Pas-de-Saumur-Libro-de-los-Torneos-de-Rene-d\u2019Anjou-1446.jpg","contentUrl":"https:\/\/www.comprarmejor.es\/wp-content\/uploads\/2017\/05\/p_6_6_1_5_6615-Le-Pas-de-Saumur-Libro-de-los-Torneos-de-Rene-d\u2019Anjou-1446.jpg","width":599,"height":449},{"@type":"BreadcrumbList","@id":"https:\/\/www.comprarmejor.es\/en\/product\/le-pas-de-saumur-book-of-tournaments-of-rene-d-anjou-1446\/#breadcrumb","itemListElement":[{"@type":"ListItem","position":1,"name":"Portada","item":"https:\/\/www.comprarmejor.es\/en\/"},{"@type":"ListItem","position":2,"name":"Shop","item":"https:\/\/www.comprarmejor.es\/en\/shop\/"},{"@type":"ListItem","position":3,"name":"Le Pas de Saumur (Book of Tournaments of Ren\u00e9 d&#8217;Anjou), 1446"}]},{"@type":"WebSite","@id":"https:\/\/www.comprarmejor.es\/en\/#website","url":"https:\/\/www.comprarmejor.es\/en\/","name":"ComprarMejor","description":"ComprarMejor","publisher":{"@id":"https:\/\/www.comprarmejor.es\/en\/#organization"},"potentialAction":[{"@type":"SearchAction","target":{"@type":"EntryPoint","urlTemplate":"https:\/\/www.comprarmejor.es\/en\/?s={search_term_string}"},"query-input":{"@type":"PropertyValueSpecification","valueRequired":true,"valueName":"search_term_string"}}],"inLanguage":"en-US"},{"@type":"Organization","@id":"https:\/\/www.comprarmejor.es\/en\/#organization","name":"COMPRAR MEJOR","url":"https:\/\/www.comprarmejor.es\/en\/","logo":{"@type":"ImageObject","inLanguage":"en-US","@id":"https:\/\/www.comprarmejor.es\/en\/#\/schema\/logo\/image\/","url":"https:\/\/www.comprarmejor.es\/wp-content\/uploads\/2025\/09\/comprarmejortrinidad.jpg","contentUrl":"https:\/\/www.comprarmejor.es\/wp-content\/uploads\/2025\/09\/comprarmejortrinidad.jpg","width":1022,"height":1380,"caption":"COMPRAR MEJOR"},"image":{"@id":"https:\/\/www.comprarmejor.es\/en\/#\/schema\/logo\/image\/"},"sameAs":["https:\/\/www.instagram.com\/amigosdelcodice"]}]}},"_links":{"self":[{"href":"https:\/\/www.comprarmejor.es\/en\/wp-json\/wp\/v2\/product\/54721","targetHints":{"allow":["GET"]}}],"collection":[{"href":"https:\/\/www.comprarmejor.es\/en\/wp-json\/wp\/v2\/product"}],"about":[{"href":"https:\/\/www.comprarmejor.es\/en\/wp-json\/wp\/v2\/types\/product"}],"wp:featuredmedia":[{"embeddable":true,"href":"https:\/\/www.comprarmejor.es\/en\/wp-json\/wp\/v2\/media\/54709"}],"wp:attachment":[{"href":"https:\/\/www.comprarmejor.es\/en\/wp-json\/wp\/v2\/media?parent=54721"}],"wp:term":[{"taxonomy":"product_brand","embeddable":true,"href":"https:\/\/www.comprarmejor.es\/en\/wp-json\/wp\/v2\/product_brand?post=54721"},{"taxonomy":"product_cat","embeddable":true,"href":"https:\/\/www.comprarmejor.es\/en\/wp-json\/wp\/v2\/product_cat?post=54721"},{"taxonomy":"product_tag","embeddable":true,"href":"https:\/\/www.comprarmejor.es\/en\/wp-json\/wp\/v2\/product_tag?post=54721"}],"curies":[{"name":"wp","href":"https:\/\/api.w.org\/{rel}","templated":true}]}}