{"id":54733,"date":"2017-06-09T10:21:48","date_gmt":"2017-06-09T08:21:48","guid":{"rendered":"https:\/\/www.comprarmejor.es\/producto\/book-of-motes-of-ladies-and-cavaliers-luis-milan-1535\/"},"modified":"2020-08-15T18:02:09","modified_gmt":"2020-08-15T16:02:09","slug":"book-of-motes-of-ladies-and-cavaliers-luis-milan-1535","status":"publish","type":"product","link":"https:\/\/www.comprarmejor.es\/en\/product\/book-of-motes-of-ladies-and-cavaliers-luis-milan-1535\/","title":{"rendered":"Book of Motes of Ladies and Cavaliers &#8230;, Luis Milan, 1535 (VG)"},"content":{"rendered":"<p style=\"text-align: justify;\"><span id=\"result_box\" lang=\"en\" xml:lang=\"en\"><span title=\"Tanto el facs\u00edmile como el libro estudio se entregan en una caja libro estuche formato 32 x 42 x 10 cm de madera forrada en tela fibra roja burdeos.\"><span lang=\"en\" xml:lang=\"en\"><span title=\"Edici\u00f3n facs\u00edmile realizada en 2005 del \u201cLibro de Motes de Damas y Cavalleros, intitulado el Juego de Mandar\u201d, de Luis Mil\u00e1n, Valencia 1535, cuyo original (\u00fanico ejemplar conocido) se conserva en la Biblioteca Nacional de Espa\u00f1a, sig.\">Facsimile edition made in 2005 of the &#8220;Book of Motes de Damas y Cavalleros, entitled the Game of Mandar&#8221;, by Luis Mil\u00e1n, Valencia 1535, whose original (only known example) is preserved in the National Library of Spain, sig. <\/span><span title=\"R\/7271.\">R \/ 7271.<\/span><\/span><\/span><\/span><\/p>\n<p style=\"text-align: justify;\"><span title=\"Libro de Motes de Damas y Caballeros, o el Juego de Mandar.\">Book of Motes of Ladies and Gentlemen, or the Mandar Game. <\/span><span title=\"Facs\u00edmile encuadernado en pergamino sobre madera, formato 16\u00ba apaisado 11 x 8,3 cm, cantos tintados, 208 p\u00e1ginas en papel verjurado de fabricaci\u00f3n especial.\">Facsimile bound on parchment on wood, 16\u00ba landscape format 11 x 8.3 cm, tinted edges, 208 pages on special-purpose embossed paper. <\/span><span title=\"Texto en espa\u00f1ol del siglo XVI, letra g\u00f3tica de tres tama\u00f1os.\">Sixteenth-century Spanish text, Gothic letter of three sizes. <\/span><span title=\"M\u00faltiples grabados xilogr\u00e1ficos fact\u00f3tum de damas y caballeros en todas las p\u00e1ginas, y en el recto y el verso de la portada orlas construidas con peque\u00f1as piezas xilogr\u00e1ficas.\">Multiple xylographic engravings handmade ladies and gentlemen on every page, and on the rectum and the verse of the front edges constructed with small pieces xylographic.<\/span><\/p>\n<p style=\"text-align: justify;\"><span title=\"Edici\u00f3n limitada de 3.000 ejemplares, numerados y autentificados doblemente por notario y por el editor.\">Limited edition of 3,000 copies, numbered and authenticated twice by notary and by the publisher.<\/span><\/p>\n<p style=\"text-align: justify;\"><span title=\"Presentado en una bella funda en holandesa con lomo en piel, nervios, dorada a mano, conteniendo el facs\u00edmile para su mejor conservaci\u00f3n, formato 13 x 9,5 cm.\">Presented in a beautiful case in Dutch with leather spine, nerves, handmade golden, containing the facsimile for better preservation, format 13 x 9.5 cm.<\/span><\/p>\n<p style=\"text-align: justify;\"><span title=\"Quiz\u00e1 convenga recordar un antiguo comentario de un gran bibli\u00f3grafo, Justo Garc\u00eda Morales, sobre este libro que califica de &quot;raro y evocador&quot;, al se\u00f1alar que &quot;el formato en que fue impresa, en el que sol\u00edan editarse los libros llamados de bolsillo o faltriquera\">It may be worth remembering an old commentary by a great bibliographer, Justo Garc\u00eda Morales, about this book that he describes as &#8220;strange and evocative&#8221;, stating that &#8220;the format in which it was printed, which used to be edited by books called pocketbooks <\/span><span title=\", por el lugar donde guardarse cuando se iba de viaje, tama\u00f1o propio de repertorios de caminos, cancionerillos, etc., y el asunto de tal obrita, mera diversi\u00f3n cortesana y pasatiempo, hicieron sin duda que se destruyeran todos los dem\u00e1s cuerpos o vol\u00famenes que\">, For the place to be kept when traveling, proper size of repertoires of roads, songs, etc., and the subject of such an act, mere courtesan fun and pastime, did without doubt destroy all other bodies or volumes that <\/span><span title=\"formaron la edici\u00f3n...&quot;.\">Shaped edition &#8230; &#8220;. <\/span><span title=\"Al evocar el contexto en que se edita este libro se\u00f1alaba: &quot;Si hay alg\u00fan lugar en Espa\u00f1a en que amorosamente se a\u00fanen el sentido caballeresco, sobrio y medieval de sus primitivos reconquistadores, con el dulce hedonismo que nace de su mar, de su cielo y\">In evoking the context in which this book is published, he said: &#8220;If there is any place in Spain where the chivalrous, sober and medieval sense of its primitive reconquistadores, with the sweet hedonism born of its sea, <\/span><span title=\"de su tierra, este es sin duda Valencia&quot;.\">Of their land, this is certainly Valencia. &#8221; <\/span><span title=\"Y muy en especial la Valencia de los \u00faltimos a\u00f1os del siglo XVI, \u00e9poca en que el esp\u00edritu renacentista importado de Italia con los constantes viajes de los levantinos a N\u00e1poles, a Sicilia ya la corte pontificia valenciana de sus papas Borjas o Borgias, suaviz\u00f3 e hizo\">And especially the Valencia of the last years of the sixteenth century, when the Renaissance spirit imported from Italy with the constant voyages of the Levantines to Naples, Sicily and the papal court Valencian of their Boras or Borgias, softened and made <\/span><span title=\"m\u00e1s blanco el \u00e1nimo almog\u00e1var de los descendientes de los rom\u00e1nticos y valerosos compa\u00f1eros de Jaime el Conquistador.\">More white the almog\u00e1var spirit of the descendants of the romantic and valiant companions of Jaime the Conqueror.<\/span><\/p>\n<p style=\"text-align: justify;\"><span title=\"Esta edici\u00f3n ve la luz en 1535, en el entorno de la corte virreinal de Germana de Foix.\">This edition sees the light in 1535, in the surroundings of the virreinal court of Germana de Foix. <\/span><span title=\"En el ambiente literario valenciano destacaba un noble caballero, Luis Mil\u00e1n, el autor, que tambi\u00e9n lo fue de El Libro de m\u00fasica de vihuela de mano intitulado el maestro y de El Cortesano.\">In the Valencian literary environment, a noble gentleman, Luis Mil\u00e1n, the author, who also was of the book of music of vihuela of hand titled the master and of the Cortesano stood out.<\/span><\/p>\n<p style=\"text-align: justify;\"><span title=\"Concluye el gran bibli\u00f3grafo sobre este libro, &quot;hijo de una corte fr\u00edvola y divertida, presidida por una dama m\u00e1s fr\u00edvola y divertida todav\u00eda, no tuvo m\u00e1s trascendencia que servir de pasatiempo y entretener alegre y galantemente unas horas&quot;.\">The great bibliographer concludes on this book, &#8220;Son of a frivolous and amusing court, presided over by a more frivolous and amusing lady, had no more importance than to serve as a pastime and entertain joyfully and gallantly a few hours.&#8221;<\/span><\/p>\n<p style=\"text-align: justify;\"><span title=\"Gastos de env\u00edo por cuenta del comprador seg\u00fan pedido y destino.\">Shipping by the buyer to order and destination.\u00a0<\/span><span title=\"Cons\u00faltenos cualquier duda, as\u00ed como por cualquier otro Beato o facs\u00edmile que est\u00e9 buscando.\"><a class=\"btn btn-default\" href=\"https:\/\/www.comprarmejor.es\/en\/contact\">Ask us<\/a> <span lang=\"en\" xml:lang=\"en\"><span title=\"Cons\u00faltenos sin compromiso (indicando la referencia del art\u00edculo) cualquier duda, as\u00ed como por cualquier otro Beato, facs\u00edmile o art\u00edculo que est\u00e9 buscando.\">without obligation (indicating the reference of the article) any doubt.<\/span><\/span><br \/>\n<\/span><\/p>\n","protected":false},"excerpt":{"rendered":"<p style=\"text-align: justify;\"><span id=\"result_box\" lang=\"en\" xml:lang=\"en\"><span title=\"El artista iluminador es clasicista, de una est\u00e9tica occidental y contempor\u00e1nea.\"><span lang=\"en\" xml:lang=\"en\"><span lang=\"en\" xml:lang=\"en\"><span lang=\"en\" xml:lang=\"en\"><span title=\"Edici\u00f3n facs\u00edmile realizada en 2005 del \u201cLibro de Motes de Damas y Cavalleros, intitulado el Juego de Mandar\u201d, de Luis Mil\u00e1n, Valencia 1535, cuyo original (\u00fanico ejemplar conocido) se conserva en la Biblioteca Nacional de Espa\u00f1a, sig.\">Facsimile edition made in 2005 of the &#8220;Book of Motes de Damas y Cavalleros, entitled the Game of Mandar&#8221;, by Luis Mil\u00e1n, Valencia 1535, whose original (only known example) is preserved in the National Library of Spain, sig. <\/span><span title=\"R\/7271.\">R \/ 7271.<\/span><\/span><\/span><\/span><\/span><\/span><\/p>\n","protected":false},"featured_media":54723,"template":"","meta":[],"product_brand":[],"product_cat":[2250,2220],"product_tag":[4104,4222],"class_list":{"0":"post-54733","1":"product","2":"type-product","3":"status-publish","4":"has-post-thumbnail","6":"product_cat-other-facsimiles","7":"product_cat-special-offers","8":"product_tag-bne-en","9":"product_tag-motes-en","10":"product_shipping_class-from-0-to-1-kg","11":"description-off","13":"first","14":"instock","15":"sale","16":"taxable","17":"shipping-taxable","18":"purchasable","19":"product-type-simple"},"yoast_head":"<!-- This site is optimized with the Yoast SEO plugin v27.3 - https:\/\/yoast.com\/product\/yoast-seo-wordpress\/ -->\n<title>Book of Motes of Ladies and Cavaliers ..., Luis Milan, 1535<\/title>\n<meta name=\"description\" content=\"Facsimile edition made in 2005 of the &quot;Book of Motes de Damas y Cavalleros, entitled the Game of Mandar&quot;, by Luis Mil\u00e1n, Valencia 1535, whose original\" \/>\n<meta name=\"robots\" content=\"index, follow, max-snippet:-1, max-image-preview:large, max-video-preview:-1\" \/>\n<link rel=\"canonical\" href=\"https:\/\/www.comprarmejor.es\/en\/product\/book-of-motes-of-ladies-and-cavaliers-luis-milan-1535\/\" \/>\n<meta property=\"og:locale\" content=\"en_US\" \/>\n<meta property=\"og:type\" content=\"article\" \/>\n<meta property=\"og:title\" content=\"Book of Motes of Ladies and Cavaliers ..., Luis Milan, 1535\" \/>\n<meta property=\"og:description\" content=\"Facsimile edition made in 2005 of the &quot;Book of Motes de Damas y Cavalleros, entitled the Game of Mandar&quot;, by Luis Mil\u00e1n, Valencia 1535, whose original\" \/>\n<meta property=\"og:url\" content=\"https:\/\/www.comprarmejor.es\/en\/product\/book-of-motes-of-ladies-and-cavaliers-luis-milan-1535\/\" \/>\n<meta property=\"og:site_name\" content=\"ComprarMejor\" \/>\n<meta property=\"article:modified_time\" content=\"2020-08-15T16:02:09+00:00\" \/>\n<meta property=\"og:image\" content=\"https:\/\/www.comprarmejor.es\/wp-content\/uploads\/2017\/06\/p_6_5_1_9_6519-Libro-de-Motes-de-Damas-y-Cavalleros\u2026-Luis-Milan-1535.jpg\" \/>\n\t<meta property=\"og:image:width\" content=\"445\" \/>\n\t<meta property=\"og:image:height\" content=\"599\" \/>\n\t<meta property=\"og:image:type\" content=\"image\/jpeg\" \/>\n<meta name=\"twitter:card\" content=\"summary_large_image\" \/>\n<meta name=\"twitter:label1\" content=\"Est. reading time\" \/>\n\t<meta name=\"twitter:data1\" content=\"2 minutes\" \/>\n<script type=\"application\/ld+json\" class=\"yoast-schema-graph\">{\"@context\":\"https:\\\/\\\/schema.org\",\"@graph\":[{\"@type\":\"WebPage\",\"@id\":\"https:\\\/\\\/www.comprarmejor.es\\\/en\\\/product\\\/book-of-motes-of-ladies-and-cavaliers-luis-milan-1535\\\/\",\"url\":\"https:\\\/\\\/www.comprarmejor.es\\\/en\\\/product\\\/book-of-motes-of-ladies-and-cavaliers-luis-milan-1535\\\/\",\"name\":\"Book of Motes of Ladies and Cavaliers ..., Luis Milan, 1535\",\"isPartOf\":{\"@id\":\"https:\\\/\\\/www.comprarmejor.es\\\/en\\\/#website\"},\"primaryImageOfPage\":{\"@id\":\"https:\\\/\\\/www.comprarmejor.es\\\/en\\\/product\\\/book-of-motes-of-ladies-and-cavaliers-luis-milan-1535\\\/#primaryimage\"},\"image\":{\"@id\":\"https:\\\/\\\/www.comprarmejor.es\\\/en\\\/product\\\/book-of-motes-of-ladies-and-cavaliers-luis-milan-1535\\\/#primaryimage\"},\"thumbnailUrl\":\"https:\\\/\\\/www.comprarmejor.es\\\/wp-content\\\/uploads\\\/2017\\\/06\\\/p_6_5_1_9_6519-Libro-de-Motes-de-Damas-y-Cavalleros\u2026-Luis-Milan-1535.jpg\",\"datePublished\":\"2017-06-09T08:21:48+00:00\",\"dateModified\":\"2020-08-15T16:02:09+00:00\",\"description\":\"Facsimile edition made in 2005 of the \\\"Book of Motes de Damas y Cavalleros, entitled the Game of Mandar\\\", by Luis Mil\u00e1n, Valencia 1535, whose original\",\"breadcrumb\":{\"@id\":\"https:\\\/\\\/www.comprarmejor.es\\\/en\\\/product\\\/book-of-motes-of-ladies-and-cavaliers-luis-milan-1535\\\/#breadcrumb\"},\"inLanguage\":\"en-US\",\"potentialAction\":[{\"@type\":\"ReadAction\",\"target\":[\"https:\\\/\\\/www.comprarmejor.es\\\/en\\\/product\\\/book-of-motes-of-ladies-and-cavaliers-luis-milan-1535\\\/\"]}]},{\"@type\":\"ImageObject\",\"inLanguage\":\"en-US\",\"@id\":\"https:\\\/\\\/www.comprarmejor.es\\\/en\\\/product\\\/book-of-motes-of-ladies-and-cavaliers-luis-milan-1535\\\/#primaryimage\",\"url\":\"https:\\\/\\\/www.comprarmejor.es\\\/wp-content\\\/uploads\\\/2017\\\/06\\\/p_6_5_1_9_6519-Libro-de-Motes-de-Damas-y-Cavalleros\u2026-Luis-Milan-1535.jpg\",\"contentUrl\":\"https:\\\/\\\/www.comprarmejor.es\\\/wp-content\\\/uploads\\\/2017\\\/06\\\/p_6_5_1_9_6519-Libro-de-Motes-de-Damas-y-Cavalleros\u2026-Luis-Milan-1535.jpg\",\"width\":445,\"height\":599},{\"@type\":\"BreadcrumbList\",\"@id\":\"https:\\\/\\\/www.comprarmejor.es\\\/en\\\/product\\\/book-of-motes-of-ladies-and-cavaliers-luis-milan-1535\\\/#breadcrumb\",\"itemListElement\":[{\"@type\":\"ListItem\",\"position\":1,\"name\":\"Portada\",\"item\":\"https:\\\/\\\/www.comprarmejor.es\\\/en\\\/\"},{\"@type\":\"ListItem\",\"position\":2,\"name\":\"Shop\",\"item\":\"https:\\\/\\\/www.comprarmejor.es\\\/en\\\/shop\\\/\"},{\"@type\":\"ListItem\",\"position\":3,\"name\":\"Book of Motes of Ladies and Cavaliers &#8230;, Luis Milan, 1535 (VG)\"}]},{\"@type\":\"WebSite\",\"@id\":\"https:\\\/\\\/www.comprarmejor.es\\\/en\\\/#website\",\"url\":\"https:\\\/\\\/www.comprarmejor.es\\\/en\\\/\",\"name\":\"ComprarMejor\",\"description\":\"ComprarMejor\",\"publisher\":{\"@id\":\"https:\\\/\\\/www.comprarmejor.es\\\/en\\\/#organization\"},\"potentialAction\":[{\"@type\":\"SearchAction\",\"target\":{\"@type\":\"EntryPoint\",\"urlTemplate\":\"https:\\\/\\\/www.comprarmejor.es\\\/en\\\/?s={search_term_string}\"},\"query-input\":{\"@type\":\"PropertyValueSpecification\",\"valueRequired\":true,\"valueName\":\"search_term_string\"}}],\"inLanguage\":\"en-US\"},{\"@type\":\"Organization\",\"@id\":\"https:\\\/\\\/www.comprarmejor.es\\\/en\\\/#organization\",\"name\":\"COMPRAR MEJOR\",\"url\":\"https:\\\/\\\/www.comprarmejor.es\\\/en\\\/\",\"logo\":{\"@type\":\"ImageObject\",\"inLanguage\":\"en-US\",\"@id\":\"https:\\\/\\\/www.comprarmejor.es\\\/en\\\/#\\\/schema\\\/logo\\\/image\\\/\",\"url\":\"https:\\\/\\\/www.comprarmejor.es\\\/wp-content\\\/uploads\\\/2025\\\/09\\\/comprarmejortrinidad.jpg\",\"contentUrl\":\"https:\\\/\\\/www.comprarmejor.es\\\/wp-content\\\/uploads\\\/2025\\\/09\\\/comprarmejortrinidad.jpg\",\"width\":1022,\"height\":1380,\"caption\":\"COMPRAR MEJOR\"},\"image\":{\"@id\":\"https:\\\/\\\/www.comprarmejor.es\\\/en\\\/#\\\/schema\\\/logo\\\/image\\\/\"},\"sameAs\":[\"https:\\\/\\\/www.instagram.com\\\/amigosdelcodice\"]}]}<\/script>\n<!-- \/ Yoast SEO plugin. -->","yoast_head_json":{"title":"Book of Motes of Ladies and Cavaliers ..., Luis Milan, 1535","description":"Facsimile edition made in 2005 of the \"Book of Motes de Damas y Cavalleros, entitled the Game of Mandar\", by Luis Mil\u00e1n, Valencia 1535, whose original","robots":{"index":"index","follow":"follow","max-snippet":"max-snippet:-1","max-image-preview":"max-image-preview:large","max-video-preview":"max-video-preview:-1"},"canonical":"https:\/\/www.comprarmejor.es\/en\/product\/book-of-motes-of-ladies-and-cavaliers-luis-milan-1535\/","og_locale":"en_US","og_type":"article","og_title":"Book of Motes of Ladies and Cavaliers ..., Luis Milan, 1535","og_description":"Facsimile edition made in 2005 of the \"Book of Motes de Damas y Cavalleros, entitled the Game of Mandar\", by Luis Mil\u00e1n, Valencia 1535, whose original","og_url":"https:\/\/www.comprarmejor.es\/en\/product\/book-of-motes-of-ladies-and-cavaliers-luis-milan-1535\/","og_site_name":"ComprarMejor","article_modified_time":"2020-08-15T16:02:09+00:00","og_image":[{"width":445,"height":599,"url":"https:\/\/www.comprarmejor.es\/wp-content\/uploads\/2017\/06\/p_6_5_1_9_6519-Libro-de-Motes-de-Damas-y-Cavalleros\u2026-Luis-Milan-1535.jpg","type":"image\/jpeg"}],"twitter_card":"summary_large_image","twitter_misc":{"Est. reading time":"2 minutes"},"schema":{"@context":"https:\/\/schema.org","@graph":[{"@type":"WebPage","@id":"https:\/\/www.comprarmejor.es\/en\/product\/book-of-motes-of-ladies-and-cavaliers-luis-milan-1535\/","url":"https:\/\/www.comprarmejor.es\/en\/product\/book-of-motes-of-ladies-and-cavaliers-luis-milan-1535\/","name":"Book of Motes of Ladies and Cavaliers ..., Luis Milan, 1535","isPartOf":{"@id":"https:\/\/www.comprarmejor.es\/en\/#website"},"primaryImageOfPage":{"@id":"https:\/\/www.comprarmejor.es\/en\/product\/book-of-motes-of-ladies-and-cavaliers-luis-milan-1535\/#primaryimage"},"image":{"@id":"https:\/\/www.comprarmejor.es\/en\/product\/book-of-motes-of-ladies-and-cavaliers-luis-milan-1535\/#primaryimage"},"thumbnailUrl":"https:\/\/www.comprarmejor.es\/wp-content\/uploads\/2017\/06\/p_6_5_1_9_6519-Libro-de-Motes-de-Damas-y-Cavalleros\u2026-Luis-Milan-1535.jpg","datePublished":"2017-06-09T08:21:48+00:00","dateModified":"2020-08-15T16:02:09+00:00","description":"Facsimile edition made in 2005 of the \"Book of Motes de Damas y Cavalleros, entitled the Game of Mandar\", by Luis Mil\u00e1n, Valencia 1535, whose original","breadcrumb":{"@id":"https:\/\/www.comprarmejor.es\/en\/product\/book-of-motes-of-ladies-and-cavaliers-luis-milan-1535\/#breadcrumb"},"inLanguage":"en-US","potentialAction":[{"@type":"ReadAction","target":["https:\/\/www.comprarmejor.es\/en\/product\/book-of-motes-of-ladies-and-cavaliers-luis-milan-1535\/"]}]},{"@type":"ImageObject","inLanguage":"en-US","@id":"https:\/\/www.comprarmejor.es\/en\/product\/book-of-motes-of-ladies-and-cavaliers-luis-milan-1535\/#primaryimage","url":"https:\/\/www.comprarmejor.es\/wp-content\/uploads\/2017\/06\/p_6_5_1_9_6519-Libro-de-Motes-de-Damas-y-Cavalleros\u2026-Luis-Milan-1535.jpg","contentUrl":"https:\/\/www.comprarmejor.es\/wp-content\/uploads\/2017\/06\/p_6_5_1_9_6519-Libro-de-Motes-de-Damas-y-Cavalleros\u2026-Luis-Milan-1535.jpg","width":445,"height":599},{"@type":"BreadcrumbList","@id":"https:\/\/www.comprarmejor.es\/en\/product\/book-of-motes-of-ladies-and-cavaliers-luis-milan-1535\/#breadcrumb","itemListElement":[{"@type":"ListItem","position":1,"name":"Portada","item":"https:\/\/www.comprarmejor.es\/en\/"},{"@type":"ListItem","position":2,"name":"Shop","item":"https:\/\/www.comprarmejor.es\/en\/shop\/"},{"@type":"ListItem","position":3,"name":"Book of Motes of Ladies and Cavaliers &#8230;, Luis Milan, 1535 (VG)"}]},{"@type":"WebSite","@id":"https:\/\/www.comprarmejor.es\/en\/#website","url":"https:\/\/www.comprarmejor.es\/en\/","name":"ComprarMejor","description":"ComprarMejor","publisher":{"@id":"https:\/\/www.comprarmejor.es\/en\/#organization"},"potentialAction":[{"@type":"SearchAction","target":{"@type":"EntryPoint","urlTemplate":"https:\/\/www.comprarmejor.es\/en\/?s={search_term_string}"},"query-input":{"@type":"PropertyValueSpecification","valueRequired":true,"valueName":"search_term_string"}}],"inLanguage":"en-US"},{"@type":"Organization","@id":"https:\/\/www.comprarmejor.es\/en\/#organization","name":"COMPRAR MEJOR","url":"https:\/\/www.comprarmejor.es\/en\/","logo":{"@type":"ImageObject","inLanguage":"en-US","@id":"https:\/\/www.comprarmejor.es\/en\/#\/schema\/logo\/image\/","url":"https:\/\/www.comprarmejor.es\/wp-content\/uploads\/2025\/09\/comprarmejortrinidad.jpg","contentUrl":"https:\/\/www.comprarmejor.es\/wp-content\/uploads\/2025\/09\/comprarmejortrinidad.jpg","width":1022,"height":1380,"caption":"COMPRAR MEJOR"},"image":{"@id":"https:\/\/www.comprarmejor.es\/en\/#\/schema\/logo\/image\/"},"sameAs":["https:\/\/www.instagram.com\/amigosdelcodice"]}]}},"_links":{"self":[{"href":"https:\/\/www.comprarmejor.es\/en\/wp-json\/wp\/v2\/product\/54733","targetHints":{"allow":["GET"]}}],"collection":[{"href":"https:\/\/www.comprarmejor.es\/en\/wp-json\/wp\/v2\/product"}],"about":[{"href":"https:\/\/www.comprarmejor.es\/en\/wp-json\/wp\/v2\/types\/product"}],"wp:featuredmedia":[{"embeddable":true,"href":"https:\/\/www.comprarmejor.es\/en\/wp-json\/wp\/v2\/media\/54723"}],"wp:attachment":[{"href":"https:\/\/www.comprarmejor.es\/en\/wp-json\/wp\/v2\/media?parent=54733"}],"wp:term":[{"taxonomy":"product_brand","embeddable":true,"href":"https:\/\/www.comprarmejor.es\/en\/wp-json\/wp\/v2\/product_brand?post=54733"},{"taxonomy":"product_cat","embeddable":true,"href":"https:\/\/www.comprarmejor.es\/en\/wp-json\/wp\/v2\/product_cat?post=54733"},{"taxonomy":"product_tag","embeddable":true,"href":"https:\/\/www.comprarmejor.es\/en\/wp-json\/wp\/v2\/product_tag?post=54733"}],"curies":[{"name":"wp","href":"https:\/\/api.w.org\/{rel}","templated":true}]}}