{"id":54777,"date":"2017-06-12T11:46:18","date_gmt":"2017-06-12T09:46:18","guid":{"rendered":"https:\/\/www.comprarmejor.es\/producto\/bucolic-georgian-and-aeneid-opera-of-virgilio\/"},"modified":"2025-10-04T10:48:19","modified_gmt":"2025-10-04T08:48:19","slug":"imperial-spain-1469-1716-john-h-elliott-rba-2006","status":"publish","type":"product","link":"https:\/\/www.comprarmejor.es\/en\/product\/imperial-spain-1469-1716-john-h-elliott-rba-2006\/","title":{"rendered":"Imperial Spain, 1469-1716. John H. Elliott. RBA 2006"},"content":{"rendered":"<p style=\"text-align: justify;\">Imperial Spain, 1469-1716. Author: John H. Elliott (1930-2022), British historian and Hispanist. 2006 Spanish edition by RBA in its &#8220;Biblioteca Historia de Espa\u00f1a&#8221; collection.<\/p>\n<p style=\"text-align: justify;\">Hardcover binding, ribbed and gilt spine, cover with mounted color plate and gilt title, and ribbon guide. 17 x 24 cm. 464 pages with black and white illustrations and plates.<\/p>\n<p style=\"text-align: justify;\">Copy in perfect condition, new, unused.<\/p>\n<p style=\"text-align: justify;\">Shipping costs depend on order and destination<span title=\"Gastos de env\u00edo por cuenta del comprador, seg\u00fan pedido y destino.\">.\u00a0<\/span><span title=\"Cons\u00faltenos sin compromiso (indicando la referencia del art\u00edculo) cualquier cosa, as\u00ed como por cualquier otro facs\u00edmile o art\u00edculo que est\u00e9 buscando.\"><a class=\"btn btn-default\" href=\"https:\/\/www.comprarmejor.es\/en\/contact\/\">Ask us<\/a> <span class=\"HwtZe\" lang=\"en\"><span class=\"jCAhz ChMk0b\"><span class=\"ryNqvb\">any questions, indicating the article reference.<\/span><\/span><\/span><br \/>\n<\/span><\/p>\n","protected":false},"excerpt":{"rendered":"<p style=\"text-align: justify;\"><span id=\"result_box\" lang=\"en\" xml:lang=\"en\"><span title=\"5 estrellas en toda gran Biblioteca!\"><span lang=\"en\" xml:lang=\"en\"><span class=\"HwtZe\" lang=\"en\"><span class=\"jCAhz ChMk0b\"><span class=\"ryNqvb\">Imperial Spain, 1469-1716. Author: John H. Elliott, British historian and Hispanist. 2006 Spanish edition by RBA in its &#8220;Biblioteca Historia de Espa\u00f1a&#8221; collection.<\/span><\/span><\/span><\/span><\/span><\/span><\/p>\n","protected":false},"featured_media":100943,"template":"","meta":[],"product_brand":[],"product_cat":[2256],"product_tag":[5120],"class_list":{"0":"post-54777","1":"product","2":"type-product","3":"status-publish","4":"has-post-thumbnail","6":"product_cat-books-in-general","7":"product_tag-history-en","8":"product_shipping_class-from-2-to-5-kg","9":"description-off","11":"first","12":"instock","13":"taxable","14":"shipping-taxable","15":"purchasable","16":"product-type-simple"},"yoast_head":"<!-- This site is optimized with the Yoast SEO plugin v27.3 - https:\/\/yoast.com\/product\/yoast-seo-wordpress\/ -->\n<title>Imperial Spain, 1469-1716. John H. Elliott. RBA 2006<\/title>\n<meta name=\"description\" content=\"Imperial Spain, 1469-1716. Author: John H. Elliott, British Hispanist. 2006 Spanish edition by RBA in its &quot;Biblioteca Historia de Espa\u00f1a&quot; collection.\" \/>\n<meta name=\"robots\" content=\"index, follow, max-snippet:-1, max-image-preview:large, max-video-preview:-1\" \/>\n<link rel=\"canonical\" href=\"https:\/\/www.comprarmejor.es\/en\/product\/imperial-spain-1469-1716-john-h-elliott-rba-2006\/\" \/>\n<meta property=\"og:locale\" content=\"en_US\" \/>\n<meta property=\"og:type\" content=\"article\" \/>\n<meta property=\"og:title\" content=\"Imperial Spain, 1469-1716. John H. Elliott. RBA 2006\" \/>\n<meta property=\"og:description\" content=\"Imperial Spain, 1469-1716. Author: John H. Elliott, British Hispanist. 2006 Spanish edition by RBA in its &quot;Biblioteca Historia de Espa\u00f1a&quot; collection.\" \/>\n<meta property=\"og:url\" content=\"https:\/\/www.comprarmejor.es\/en\/product\/imperial-spain-1469-1716-john-h-elliott-rba-2006\/\" \/>\n<meta property=\"og:site_name\" content=\"ComprarMejor\" \/>\n<meta property=\"article:modified_time\" content=\"2025-10-04T08:48:19+00:00\" \/>\n<meta property=\"og:image\" content=\"https:\/\/www.comprarmejor.es\/wp-content\/uploads\/2017\/04\/LBHdE-20.jpg\" \/>\n\t<meta property=\"og:image:width\" content=\"576\" \/>\n\t<meta property=\"og:image:height\" content=\"755\" \/>\n\t<meta property=\"og:image:type\" content=\"image\/jpeg\" \/>\n<meta name=\"twitter:card\" content=\"summary_large_image\" \/>\n<meta name=\"twitter:label1\" content=\"Est. reading time\" \/>\n\t<meta name=\"twitter:data1\" content=\"1 minute\" \/>\n<script type=\"application\/ld+json\" class=\"yoast-schema-graph\">{\"@context\":\"https:\\\/\\\/schema.org\",\"@graph\":[{\"@type\":\"WebPage\",\"@id\":\"https:\\\/\\\/www.comprarmejor.es\\\/en\\\/product\\\/imperial-spain-1469-1716-john-h-elliott-rba-2006\\\/\",\"url\":\"https:\\\/\\\/www.comprarmejor.es\\\/en\\\/product\\\/imperial-spain-1469-1716-john-h-elliott-rba-2006\\\/\",\"name\":\"Imperial Spain, 1469-1716. John H. Elliott. RBA 2006\",\"isPartOf\":{\"@id\":\"https:\\\/\\\/www.comprarmejor.es\\\/en\\\/#website\"},\"primaryImageOfPage\":{\"@id\":\"https:\\\/\\\/www.comprarmejor.es\\\/en\\\/product\\\/imperial-spain-1469-1716-john-h-elliott-rba-2006\\\/#primaryimage\"},\"image\":{\"@id\":\"https:\\\/\\\/www.comprarmejor.es\\\/en\\\/product\\\/imperial-spain-1469-1716-john-h-elliott-rba-2006\\\/#primaryimage\"},\"thumbnailUrl\":\"https:\\\/\\\/www.comprarmejor.es\\\/wp-content\\\/uploads\\\/2017\\\/04\\\/LBHdE-20.jpg\",\"datePublished\":\"2017-06-12T09:46:18+00:00\",\"dateModified\":\"2025-10-04T08:48:19+00:00\",\"description\":\"Imperial Spain, 1469-1716. Author: John H. Elliott, British Hispanist. 2006 Spanish edition by RBA in its \\\"Biblioteca Historia de Espa\u00f1a\\\" collection.\",\"breadcrumb\":{\"@id\":\"https:\\\/\\\/www.comprarmejor.es\\\/en\\\/product\\\/imperial-spain-1469-1716-john-h-elliott-rba-2006\\\/#breadcrumb\"},\"inLanguage\":\"en-US\",\"potentialAction\":[{\"@type\":\"ReadAction\",\"target\":[\"https:\\\/\\\/www.comprarmejor.es\\\/en\\\/product\\\/imperial-spain-1469-1716-john-h-elliott-rba-2006\\\/\"]}]},{\"@type\":\"ImageObject\",\"inLanguage\":\"en-US\",\"@id\":\"https:\\\/\\\/www.comprarmejor.es\\\/en\\\/product\\\/imperial-spain-1469-1716-john-h-elliott-rba-2006\\\/#primaryimage\",\"url\":\"https:\\\/\\\/www.comprarmejor.es\\\/wp-content\\\/uploads\\\/2017\\\/04\\\/LBHdE-20.jpg\",\"contentUrl\":\"https:\\\/\\\/www.comprarmejor.es\\\/wp-content\\\/uploads\\\/2017\\\/04\\\/LBHdE-20.jpg\",\"width\":576,\"height\":755},{\"@type\":\"BreadcrumbList\",\"@id\":\"https:\\\/\\\/www.comprarmejor.es\\\/en\\\/product\\\/imperial-spain-1469-1716-john-h-elliott-rba-2006\\\/#breadcrumb\",\"itemListElement\":[{\"@type\":\"ListItem\",\"position\":1,\"name\":\"Portada\",\"item\":\"https:\\\/\\\/www.comprarmejor.es\\\/en\\\/\"},{\"@type\":\"ListItem\",\"position\":2,\"name\":\"Shop\",\"item\":\"https:\\\/\\\/www.comprarmejor.es\\\/en\\\/shop\\\/\"},{\"@type\":\"ListItem\",\"position\":3,\"name\":\"Imperial Spain, 1469-1716. John H. Elliott. RBA 2006\"}]},{\"@type\":\"WebSite\",\"@id\":\"https:\\\/\\\/www.comprarmejor.es\\\/en\\\/#website\",\"url\":\"https:\\\/\\\/www.comprarmejor.es\\\/en\\\/\",\"name\":\"ComprarMejor\",\"description\":\"ComprarMejor\",\"publisher\":{\"@id\":\"https:\\\/\\\/www.comprarmejor.es\\\/en\\\/#organization\"},\"potentialAction\":[{\"@type\":\"SearchAction\",\"target\":{\"@type\":\"EntryPoint\",\"urlTemplate\":\"https:\\\/\\\/www.comprarmejor.es\\\/en\\\/?s={search_term_string}\"},\"query-input\":{\"@type\":\"PropertyValueSpecification\",\"valueRequired\":true,\"valueName\":\"search_term_string\"}}],\"inLanguage\":\"en-US\"},{\"@type\":\"Organization\",\"@id\":\"https:\\\/\\\/www.comprarmejor.es\\\/en\\\/#organization\",\"name\":\"COMPRAR MEJOR\",\"url\":\"https:\\\/\\\/www.comprarmejor.es\\\/en\\\/\",\"logo\":{\"@type\":\"ImageObject\",\"inLanguage\":\"en-US\",\"@id\":\"https:\\\/\\\/www.comprarmejor.es\\\/en\\\/#\\\/schema\\\/logo\\\/image\\\/\",\"url\":\"https:\\\/\\\/www.comprarmejor.es\\\/wp-content\\\/uploads\\\/2025\\\/09\\\/comprarmejortrinidad.jpg\",\"contentUrl\":\"https:\\\/\\\/www.comprarmejor.es\\\/wp-content\\\/uploads\\\/2025\\\/09\\\/comprarmejortrinidad.jpg\",\"width\":1022,\"height\":1380,\"caption\":\"COMPRAR MEJOR\"},\"image\":{\"@id\":\"https:\\\/\\\/www.comprarmejor.es\\\/en\\\/#\\\/schema\\\/logo\\\/image\\\/\"},\"sameAs\":[\"https:\\\/\\\/www.instagram.com\\\/amigosdelcodice\"]}]}<\/script>\n<!-- \/ Yoast SEO plugin. -->","yoast_head_json":{"title":"Imperial Spain, 1469-1716. John H. Elliott. RBA 2006","description":"Imperial Spain, 1469-1716. Author: John H. Elliott, British Hispanist. 2006 Spanish edition by RBA in its \"Biblioteca Historia de Espa\u00f1a\" collection.","robots":{"index":"index","follow":"follow","max-snippet":"max-snippet:-1","max-image-preview":"max-image-preview:large","max-video-preview":"max-video-preview:-1"},"canonical":"https:\/\/www.comprarmejor.es\/en\/product\/imperial-spain-1469-1716-john-h-elliott-rba-2006\/","og_locale":"en_US","og_type":"article","og_title":"Imperial Spain, 1469-1716. John H. Elliott. RBA 2006","og_description":"Imperial Spain, 1469-1716. Author: John H. Elliott, British Hispanist. 2006 Spanish edition by RBA in its \"Biblioteca Historia de Espa\u00f1a\" collection.","og_url":"https:\/\/www.comprarmejor.es\/en\/product\/imperial-spain-1469-1716-john-h-elliott-rba-2006\/","og_site_name":"ComprarMejor","article_modified_time":"2025-10-04T08:48:19+00:00","og_image":[{"width":576,"height":755,"url":"https:\/\/www.comprarmejor.es\/wp-content\/uploads\/2017\/04\/LBHdE-20.jpg","type":"image\/jpeg"}],"twitter_card":"summary_large_image","twitter_misc":{"Est. reading time":"1 minute"},"schema":{"@context":"https:\/\/schema.org","@graph":[{"@type":"WebPage","@id":"https:\/\/www.comprarmejor.es\/en\/product\/imperial-spain-1469-1716-john-h-elliott-rba-2006\/","url":"https:\/\/www.comprarmejor.es\/en\/product\/imperial-spain-1469-1716-john-h-elliott-rba-2006\/","name":"Imperial Spain, 1469-1716. John H. Elliott. RBA 2006","isPartOf":{"@id":"https:\/\/www.comprarmejor.es\/en\/#website"},"primaryImageOfPage":{"@id":"https:\/\/www.comprarmejor.es\/en\/product\/imperial-spain-1469-1716-john-h-elliott-rba-2006\/#primaryimage"},"image":{"@id":"https:\/\/www.comprarmejor.es\/en\/product\/imperial-spain-1469-1716-john-h-elliott-rba-2006\/#primaryimage"},"thumbnailUrl":"https:\/\/www.comprarmejor.es\/wp-content\/uploads\/2017\/04\/LBHdE-20.jpg","datePublished":"2017-06-12T09:46:18+00:00","dateModified":"2025-10-04T08:48:19+00:00","description":"Imperial Spain, 1469-1716. Author: John H. Elliott, British Hispanist. 2006 Spanish edition by RBA in its \"Biblioteca Historia de Espa\u00f1a\" collection.","breadcrumb":{"@id":"https:\/\/www.comprarmejor.es\/en\/product\/imperial-spain-1469-1716-john-h-elliott-rba-2006\/#breadcrumb"},"inLanguage":"en-US","potentialAction":[{"@type":"ReadAction","target":["https:\/\/www.comprarmejor.es\/en\/product\/imperial-spain-1469-1716-john-h-elliott-rba-2006\/"]}]},{"@type":"ImageObject","inLanguage":"en-US","@id":"https:\/\/www.comprarmejor.es\/en\/product\/imperial-spain-1469-1716-john-h-elliott-rba-2006\/#primaryimage","url":"https:\/\/www.comprarmejor.es\/wp-content\/uploads\/2017\/04\/LBHdE-20.jpg","contentUrl":"https:\/\/www.comprarmejor.es\/wp-content\/uploads\/2017\/04\/LBHdE-20.jpg","width":576,"height":755},{"@type":"BreadcrumbList","@id":"https:\/\/www.comprarmejor.es\/en\/product\/imperial-spain-1469-1716-john-h-elliott-rba-2006\/#breadcrumb","itemListElement":[{"@type":"ListItem","position":1,"name":"Portada","item":"https:\/\/www.comprarmejor.es\/en\/"},{"@type":"ListItem","position":2,"name":"Shop","item":"https:\/\/www.comprarmejor.es\/en\/shop\/"},{"@type":"ListItem","position":3,"name":"Imperial Spain, 1469-1716. John H. Elliott. RBA 2006"}]},{"@type":"WebSite","@id":"https:\/\/www.comprarmejor.es\/en\/#website","url":"https:\/\/www.comprarmejor.es\/en\/","name":"ComprarMejor","description":"ComprarMejor","publisher":{"@id":"https:\/\/www.comprarmejor.es\/en\/#organization"},"potentialAction":[{"@type":"SearchAction","target":{"@type":"EntryPoint","urlTemplate":"https:\/\/www.comprarmejor.es\/en\/?s={search_term_string}"},"query-input":{"@type":"PropertyValueSpecification","valueRequired":true,"valueName":"search_term_string"}}],"inLanguage":"en-US"},{"@type":"Organization","@id":"https:\/\/www.comprarmejor.es\/en\/#organization","name":"COMPRAR MEJOR","url":"https:\/\/www.comprarmejor.es\/en\/","logo":{"@type":"ImageObject","inLanguage":"en-US","@id":"https:\/\/www.comprarmejor.es\/en\/#\/schema\/logo\/image\/","url":"https:\/\/www.comprarmejor.es\/wp-content\/uploads\/2025\/09\/comprarmejortrinidad.jpg","contentUrl":"https:\/\/www.comprarmejor.es\/wp-content\/uploads\/2025\/09\/comprarmejortrinidad.jpg","width":1022,"height":1380,"caption":"COMPRAR MEJOR"},"image":{"@id":"https:\/\/www.comprarmejor.es\/en\/#\/schema\/logo\/image\/"},"sameAs":["https:\/\/www.instagram.com\/amigosdelcodice"]}]}},"_links":{"self":[{"href":"https:\/\/www.comprarmejor.es\/en\/wp-json\/wp\/v2\/product\/54777","targetHints":{"allow":["GET"]}}],"collection":[{"href":"https:\/\/www.comprarmejor.es\/en\/wp-json\/wp\/v2\/product"}],"about":[{"href":"https:\/\/www.comprarmejor.es\/en\/wp-json\/wp\/v2\/types\/product"}],"wp:featuredmedia":[{"embeddable":true,"href":"https:\/\/www.comprarmejor.es\/en\/wp-json\/wp\/v2\/media\/100943"}],"wp:attachment":[{"href":"https:\/\/www.comprarmejor.es\/en\/wp-json\/wp\/v2\/media?parent=54777"}],"wp:term":[{"taxonomy":"product_brand","embeddable":true,"href":"https:\/\/www.comprarmejor.es\/en\/wp-json\/wp\/v2\/product_brand?post=54777"},{"taxonomy":"product_cat","embeddable":true,"href":"https:\/\/www.comprarmejor.es\/en\/wp-json\/wp\/v2\/product_cat?post=54777"},{"taxonomy":"product_tag","embeddable":true,"href":"https:\/\/www.comprarmejor.es\/en\/wp-json\/wp\/v2\/product_tag?post=54777"}],"curies":[{"name":"wp","href":"https:\/\/api.w.org\/{rel}","templated":true}]}}