{"id":54819,"date":"2017-06-14T18:52:42","date_gmt":"2017-06-14T16:52:42","guid":{"rendered":"https:\/\/www.comprarmejor.es\/producto\/anglo-romanian-martirology-13c-picture-book-of-madame-marie\/"},"modified":"2022-06-24T17:55:43","modified_gmt":"2022-06-24T15:55:43","slug":"the-great-book-of-enigmas-the-secrets-of-lost-civilizations","status":"publish","type":"product","link":"https:\/\/www.comprarmejor.es\/en\/product\/the-great-book-of-enigmas-the-secrets-of-lost-civilizations\/","title":{"rendered":"The great book of enigmas, the secrets of lost civilizations"},"content":{"rendered":"<p style=\"text-align: justify;\">Second edition in Spanish of 1978 of Selections from the Reader&#8217;s Digest of the work &#8220;The great book of enigmas. The Fascinating Secrets of Lost Civilizations\u201d.<\/p>\n<p style=\"text-align: justify;\">Hardcover bound with illustrated dust jacket, 24 x 31.5 cm format. 320 pages lavishly illustrated in colour.<\/p>\n<p style=\"text-align: justify;\">&#8220;The great book of enigmas&#8221; describes the great myths of humanity, delves into prehistoric remains, explores the amazing testimonies of a past that could be present and certifies the validity of mysteries that defy current techniques. Despite constant discoveries, the last chapters of prehistory may not be written for a long time.<\/p>\n<p style=\"text-align: justify;\">Copy in perfect condition except for the dust jacket that shows slight signs of the passage of time (this can be removed and the book is still perfect).<\/p>\n<p style=\"text-align: justify;\"><span title=\"Gastos de env\u00edo por cuenta del comprador, seg\u00fan pedido y destino.\"><span class=\"VIiyi\" lang=\"en\"><span class=\"JLqJ4b\" data-language-for-alternatives=\"en\" data-language-to-translate-into=\"es\" data-phrase-index=\"0\" data-number-of-phrases=\"1\"><span class=\"Q4iAWc\">Shipping costs paid by the buyer, according to order and destination<\/span><\/span><\/span>. <\/span><span title=\"Cons\u00faltenos sin compromiso (indicando la referencia del art\u00edculo) cualquier duda, as\u00ed como por cualquier otro facs\u00edmile o art\u00edculo que est\u00e9 buscando.\"><a class=\"btn btn-default\" href=\"https:\/\/www.comprarmejor.es\/en\/contact\">Ask us<\/a> <span class=\"VIiyi\" lang=\"en\"><span class=\"JLqJ4b\" data-language-for-alternatives=\"en\" data-language-to-translate-into=\"es\" data-phrase-index=\"0\" data-number-of-phrases=\"1\"><span class=\"Q4iAWc\">any questions you may have, indicating the article reference.<\/span><\/span><\/span><br \/>\n<\/span><\/p>\n","protected":false},"excerpt":{"rendered":"<p style=\"text-align: justify;\"><span id=\"result_box\" lang=\"en\" xml:lang=\"en\"><span title=\"El t\u00edtulo oficial de este extraordinario c\u00f3dice, bellamente miniado, es Le Livre d\u2019Images de Madame Marie (el Libro de Im\u00e1genes de Madame Marie), cuyo original se custodia en la Biblioteca Nacional de Francia con la signatura NAF 16251.\"><span class=\"VIiyi\" lang=\"en\"><span class=\"JLqJ4b\" data-language-for-alternatives=\"en\" data-language-to-translate-into=\"es\" data-phrase-index=\"0\" data-number-of-phrases=\"1\"><span class=\"Q4iAWc\"><span class=\"JLqJ4b ChMk0b\" data-language-for-alternatives=\"en\" data-language-to-translate-into=\"es\" data-phrase-index=\"8\" data-number-of-phrases=\"18\">Second edition in Spanish of 1978 of Selections from the Reader&#8217;s Digest of the work &#8220;The great book of enigmas.<\/span> <span class=\"JLqJ4b ChMk0b\" data-language-for-alternatives=\"en\" data-language-to-translate-into=\"es\" data-phrase-index=\"9\" data-number-of-phrases=\"18\">The Fascinating Secrets of Lost Civilizations\u201d.<\/span><\/span><\/span><\/span><\/span><\/span><\/p>\n","protected":false},"featured_media":77218,"template":"","meta":[],"product_brand":[],"product_cat":[2256],"product_tag":[5120],"class_list":{"0":"post-54819","1":"product","2":"type-product","3":"status-publish","4":"has-post-thumbnail","6":"product_cat-books-in-general","7":"product_tag-history-en","8":"product_shipping_class-from-2-to-5-kg","9":"description-off","11":"first","12":"instock","13":"sale","14":"taxable","15":"shipping-taxable","16":"purchasable","17":"product-type-simple"},"yoast_head":"<!-- This site is optimized with the Yoast SEO plugin v27.3 - https:\/\/yoast.com\/product\/yoast-seo-wordpress\/ -->\n<title>The great book of enigmas, the secrets of lost civilizations<\/title>\n<meta name=\"description\" content=\"Edition in Spanish 1978 of Selections from the Reader&#039;s Digest of &quot;The great book of enigmas. The Fascinating Secrets of Lost Civilizations\u201d.\" \/>\n<meta name=\"robots\" content=\"index, follow, max-snippet:-1, max-image-preview:large, max-video-preview:-1\" \/>\n<link rel=\"canonical\" href=\"https:\/\/www.comprarmejor.es\/en\/product\/the-great-book-of-enigmas-the-secrets-of-lost-civilizations\/\" \/>\n<meta property=\"og:locale\" content=\"en_US\" \/>\n<meta property=\"og:type\" content=\"article\" \/>\n<meta property=\"og:title\" content=\"The great book of enigmas, the secrets of lost civilizations\" \/>\n<meta property=\"og:description\" content=\"Edition in Spanish 1978 of Selections from the Reader&#039;s Digest of &quot;The great book of enigmas. The Fascinating Secrets of Lost Civilizations\u201d.\" \/>\n<meta property=\"og:url\" content=\"https:\/\/www.comprarmejor.es\/en\/product\/the-great-book-of-enigmas-the-secrets-of-lost-civilizations\/\" \/>\n<meta property=\"og:site_name\" content=\"ComprarMejor\" \/>\n<meta property=\"article:modified_time\" content=\"2022-06-24T15:55:43+00:00\" \/>\n<meta property=\"og:image\" content=\"https:\/\/www.comprarmejor.es\/wp-content\/uploads\/2017\/06\/DSC04153.jpg\" \/>\n\t<meta property=\"og:image:width\" content=\"576\" \/>\n\t<meta property=\"og:image:height\" content=\"600\" \/>\n\t<meta property=\"og:image:type\" content=\"image\/jpeg\" \/>\n<meta name=\"twitter:card\" content=\"summary_large_image\" \/>\n<meta name=\"twitter:label1\" content=\"Est. reading time\" \/>\n\t<meta name=\"twitter:data1\" content=\"1 minute\" \/>\n<script type=\"application\/ld+json\" class=\"yoast-schema-graph\">{\"@context\":\"https:\\\/\\\/schema.org\",\"@graph\":[{\"@type\":\"WebPage\",\"@id\":\"https:\\\/\\\/www.comprarmejor.es\\\/en\\\/product\\\/the-great-book-of-enigmas-the-secrets-of-lost-civilizations\\\/\",\"url\":\"https:\\\/\\\/www.comprarmejor.es\\\/en\\\/product\\\/the-great-book-of-enigmas-the-secrets-of-lost-civilizations\\\/\",\"name\":\"The great book of enigmas, the secrets of lost civilizations\",\"isPartOf\":{\"@id\":\"https:\\\/\\\/www.comprarmejor.es\\\/en\\\/#website\"},\"primaryImageOfPage\":{\"@id\":\"https:\\\/\\\/www.comprarmejor.es\\\/en\\\/product\\\/the-great-book-of-enigmas-the-secrets-of-lost-civilizations\\\/#primaryimage\"},\"image\":{\"@id\":\"https:\\\/\\\/www.comprarmejor.es\\\/en\\\/product\\\/the-great-book-of-enigmas-the-secrets-of-lost-civilizations\\\/#primaryimage\"},\"thumbnailUrl\":\"https:\\\/\\\/www.comprarmejor.es\\\/wp-content\\\/uploads\\\/2017\\\/06\\\/DSC04153.jpg\",\"datePublished\":\"2017-06-14T16:52:42+00:00\",\"dateModified\":\"2022-06-24T15:55:43+00:00\",\"description\":\"Edition in Spanish 1978 of Selections from the Reader's Digest of \\\"The great book of enigmas. The Fascinating Secrets of Lost Civilizations\u201d.\",\"breadcrumb\":{\"@id\":\"https:\\\/\\\/www.comprarmejor.es\\\/en\\\/product\\\/the-great-book-of-enigmas-the-secrets-of-lost-civilizations\\\/#breadcrumb\"},\"inLanguage\":\"en-US\",\"potentialAction\":[{\"@type\":\"ReadAction\",\"target\":[\"https:\\\/\\\/www.comprarmejor.es\\\/en\\\/product\\\/the-great-book-of-enigmas-the-secrets-of-lost-civilizations\\\/\"]}]},{\"@type\":\"ImageObject\",\"inLanguage\":\"en-US\",\"@id\":\"https:\\\/\\\/www.comprarmejor.es\\\/en\\\/product\\\/the-great-book-of-enigmas-the-secrets-of-lost-civilizations\\\/#primaryimage\",\"url\":\"https:\\\/\\\/www.comprarmejor.es\\\/wp-content\\\/uploads\\\/2017\\\/06\\\/DSC04153.jpg\",\"contentUrl\":\"https:\\\/\\\/www.comprarmejor.es\\\/wp-content\\\/uploads\\\/2017\\\/06\\\/DSC04153.jpg\",\"width\":576,\"height\":600},{\"@type\":\"BreadcrumbList\",\"@id\":\"https:\\\/\\\/www.comprarmejor.es\\\/en\\\/product\\\/the-great-book-of-enigmas-the-secrets-of-lost-civilizations\\\/#breadcrumb\",\"itemListElement\":[{\"@type\":\"ListItem\",\"position\":1,\"name\":\"Portada\",\"item\":\"https:\\\/\\\/www.comprarmejor.es\\\/en\\\/\"},{\"@type\":\"ListItem\",\"position\":2,\"name\":\"Shop\",\"item\":\"https:\\\/\\\/www.comprarmejor.es\\\/en\\\/shop\\\/\"},{\"@type\":\"ListItem\",\"position\":3,\"name\":\"The great book of enigmas, the secrets of lost civilizations\"}]},{\"@type\":\"WebSite\",\"@id\":\"https:\\\/\\\/www.comprarmejor.es\\\/en\\\/#website\",\"url\":\"https:\\\/\\\/www.comprarmejor.es\\\/en\\\/\",\"name\":\"ComprarMejor\",\"description\":\"ComprarMejor\",\"publisher\":{\"@id\":\"https:\\\/\\\/www.comprarmejor.es\\\/en\\\/#organization\"},\"potentialAction\":[{\"@type\":\"SearchAction\",\"target\":{\"@type\":\"EntryPoint\",\"urlTemplate\":\"https:\\\/\\\/www.comprarmejor.es\\\/en\\\/?s={search_term_string}\"},\"query-input\":{\"@type\":\"PropertyValueSpecification\",\"valueRequired\":true,\"valueName\":\"search_term_string\"}}],\"inLanguage\":\"en-US\"},{\"@type\":\"Organization\",\"@id\":\"https:\\\/\\\/www.comprarmejor.es\\\/en\\\/#organization\",\"name\":\"COMPRAR MEJOR\",\"url\":\"https:\\\/\\\/www.comprarmejor.es\\\/en\\\/\",\"logo\":{\"@type\":\"ImageObject\",\"inLanguage\":\"en-US\",\"@id\":\"https:\\\/\\\/www.comprarmejor.es\\\/en\\\/#\\\/schema\\\/logo\\\/image\\\/\",\"url\":\"https:\\\/\\\/www.comprarmejor.es\\\/wp-content\\\/uploads\\\/2025\\\/09\\\/comprarmejortrinidad.jpg\",\"contentUrl\":\"https:\\\/\\\/www.comprarmejor.es\\\/wp-content\\\/uploads\\\/2025\\\/09\\\/comprarmejortrinidad.jpg\",\"width\":1022,\"height\":1380,\"caption\":\"COMPRAR MEJOR\"},\"image\":{\"@id\":\"https:\\\/\\\/www.comprarmejor.es\\\/en\\\/#\\\/schema\\\/logo\\\/image\\\/\"},\"sameAs\":[\"https:\\\/\\\/www.instagram.com\\\/amigosdelcodice\"]}]}<\/script>\n<!-- \/ Yoast SEO plugin. -->","yoast_head_json":{"title":"The great book of enigmas, the secrets of lost civilizations","description":"Edition in Spanish 1978 of Selections from the Reader's Digest of \"The great book of enigmas. The Fascinating Secrets of Lost Civilizations\u201d.","robots":{"index":"index","follow":"follow","max-snippet":"max-snippet:-1","max-image-preview":"max-image-preview:large","max-video-preview":"max-video-preview:-1"},"canonical":"https:\/\/www.comprarmejor.es\/en\/product\/the-great-book-of-enigmas-the-secrets-of-lost-civilizations\/","og_locale":"en_US","og_type":"article","og_title":"The great book of enigmas, the secrets of lost civilizations","og_description":"Edition in Spanish 1978 of Selections from the Reader's Digest of \"The great book of enigmas. The Fascinating Secrets of Lost Civilizations\u201d.","og_url":"https:\/\/www.comprarmejor.es\/en\/product\/the-great-book-of-enigmas-the-secrets-of-lost-civilizations\/","og_site_name":"ComprarMejor","article_modified_time":"2022-06-24T15:55:43+00:00","og_image":[{"width":576,"height":600,"url":"https:\/\/www.comprarmejor.es\/wp-content\/uploads\/2017\/06\/DSC04153.jpg","type":"image\/jpeg"}],"twitter_card":"summary_large_image","twitter_misc":{"Est. reading time":"1 minute"},"schema":{"@context":"https:\/\/schema.org","@graph":[{"@type":"WebPage","@id":"https:\/\/www.comprarmejor.es\/en\/product\/the-great-book-of-enigmas-the-secrets-of-lost-civilizations\/","url":"https:\/\/www.comprarmejor.es\/en\/product\/the-great-book-of-enigmas-the-secrets-of-lost-civilizations\/","name":"The great book of enigmas, the secrets of lost civilizations","isPartOf":{"@id":"https:\/\/www.comprarmejor.es\/en\/#website"},"primaryImageOfPage":{"@id":"https:\/\/www.comprarmejor.es\/en\/product\/the-great-book-of-enigmas-the-secrets-of-lost-civilizations\/#primaryimage"},"image":{"@id":"https:\/\/www.comprarmejor.es\/en\/product\/the-great-book-of-enigmas-the-secrets-of-lost-civilizations\/#primaryimage"},"thumbnailUrl":"https:\/\/www.comprarmejor.es\/wp-content\/uploads\/2017\/06\/DSC04153.jpg","datePublished":"2017-06-14T16:52:42+00:00","dateModified":"2022-06-24T15:55:43+00:00","description":"Edition in Spanish 1978 of Selections from the Reader's Digest of \"The great book of enigmas. The Fascinating Secrets of Lost Civilizations\u201d.","breadcrumb":{"@id":"https:\/\/www.comprarmejor.es\/en\/product\/the-great-book-of-enigmas-the-secrets-of-lost-civilizations\/#breadcrumb"},"inLanguage":"en-US","potentialAction":[{"@type":"ReadAction","target":["https:\/\/www.comprarmejor.es\/en\/product\/the-great-book-of-enigmas-the-secrets-of-lost-civilizations\/"]}]},{"@type":"ImageObject","inLanguage":"en-US","@id":"https:\/\/www.comprarmejor.es\/en\/product\/the-great-book-of-enigmas-the-secrets-of-lost-civilizations\/#primaryimage","url":"https:\/\/www.comprarmejor.es\/wp-content\/uploads\/2017\/06\/DSC04153.jpg","contentUrl":"https:\/\/www.comprarmejor.es\/wp-content\/uploads\/2017\/06\/DSC04153.jpg","width":576,"height":600},{"@type":"BreadcrumbList","@id":"https:\/\/www.comprarmejor.es\/en\/product\/the-great-book-of-enigmas-the-secrets-of-lost-civilizations\/#breadcrumb","itemListElement":[{"@type":"ListItem","position":1,"name":"Portada","item":"https:\/\/www.comprarmejor.es\/en\/"},{"@type":"ListItem","position":2,"name":"Shop","item":"https:\/\/www.comprarmejor.es\/en\/shop\/"},{"@type":"ListItem","position":3,"name":"The great book of enigmas, the secrets of lost civilizations"}]},{"@type":"WebSite","@id":"https:\/\/www.comprarmejor.es\/en\/#website","url":"https:\/\/www.comprarmejor.es\/en\/","name":"ComprarMejor","description":"ComprarMejor","publisher":{"@id":"https:\/\/www.comprarmejor.es\/en\/#organization"},"potentialAction":[{"@type":"SearchAction","target":{"@type":"EntryPoint","urlTemplate":"https:\/\/www.comprarmejor.es\/en\/?s={search_term_string}"},"query-input":{"@type":"PropertyValueSpecification","valueRequired":true,"valueName":"search_term_string"}}],"inLanguage":"en-US"},{"@type":"Organization","@id":"https:\/\/www.comprarmejor.es\/en\/#organization","name":"COMPRAR MEJOR","url":"https:\/\/www.comprarmejor.es\/en\/","logo":{"@type":"ImageObject","inLanguage":"en-US","@id":"https:\/\/www.comprarmejor.es\/en\/#\/schema\/logo\/image\/","url":"https:\/\/www.comprarmejor.es\/wp-content\/uploads\/2025\/09\/comprarmejortrinidad.jpg","contentUrl":"https:\/\/www.comprarmejor.es\/wp-content\/uploads\/2025\/09\/comprarmejortrinidad.jpg","width":1022,"height":1380,"caption":"COMPRAR MEJOR"},"image":{"@id":"https:\/\/www.comprarmejor.es\/en\/#\/schema\/logo\/image\/"},"sameAs":["https:\/\/www.instagram.com\/amigosdelcodice"]}]}},"_links":{"self":[{"href":"https:\/\/www.comprarmejor.es\/en\/wp-json\/wp\/v2\/product\/54819","targetHints":{"allow":["GET"]}}],"collection":[{"href":"https:\/\/www.comprarmejor.es\/en\/wp-json\/wp\/v2\/product"}],"about":[{"href":"https:\/\/www.comprarmejor.es\/en\/wp-json\/wp\/v2\/types\/product"}],"wp:featuredmedia":[{"embeddable":true,"href":"https:\/\/www.comprarmejor.es\/en\/wp-json\/wp\/v2\/media\/77218"}],"wp:attachment":[{"href":"https:\/\/www.comprarmejor.es\/en\/wp-json\/wp\/v2\/media?parent=54819"}],"wp:term":[{"taxonomy":"product_brand","embeddable":true,"href":"https:\/\/www.comprarmejor.es\/en\/wp-json\/wp\/v2\/product_brand?post=54819"},{"taxonomy":"product_cat","embeddable":true,"href":"https:\/\/www.comprarmejor.es\/en\/wp-json\/wp\/v2\/product_cat?post=54819"},{"taxonomy":"product_tag","embeddable":true,"href":"https:\/\/www.comprarmejor.es\/en\/wp-json\/wp\/v2\/product_tag?post=54819"}],"curies":[{"name":"wp","href":"https:\/\/api.w.org\/{rel}","templated":true}]}}