{"id":54829,"date":"2017-06-15T17:10:32","date_gmt":"2017-06-15T15:10:32","guid":{"rendered":"https:\/\/www.comprarmejor.es\/producto\/ioannes-paulus-ii-joannes-paulus-ii-st-john-paul-ii-bodini-in-gold\/"},"modified":"2024-10-20T21:14:04","modified_gmt":"2024-10-20T19:14:04","slug":"ioannes-paulus-ii-joannes-paulus-ii-st-john-paul-ii-bodini-in-gold","status":"publish","type":"product","link":"https:\/\/www.comprarmejor.es\/en\/product\/ioannes-paulus-ii-joannes-paulus-ii-st-john-paul-ii-bodini-in-gold\/","title":{"rendered":"Ioannes Paulus II (Joannes Paulus II, St. John Paul II), Bodini, in gold"},"content":{"rendered":"<p style=\"text-align: justify;\"><span id=\"result_box\" lang=\"en\" xml:lang=\"en\"><span title=\"T\u00edtulo de la obra: Ioannes Paulus II (Joannes Paulus II, San Juan Pablo II)\">Title of the work: Ioannes Paulus II (Joannes Paulus II, Saint John Paul II). <\/span><span title=\"Autor: Floriano Bodini\">Author: Floriano Bodini<\/span><\/span><\/p>\n<p style=\"text-align: justify;\"><span title=\"Escultura original en bajorrelieve en aleaci\u00f3n especial de metal, di\u00e1metro 240 mm, realizada en cu\u00f1atura y recubierta en oro de 24 quilates en el taller art\u00edstico Senesi De Pognano, en tirada limitada a 675 ejemplares en n\u00fameros \u00e1rabes y 75 ejemplares en n\u00fameros romanos.\">Original sculpture in bas relief in special metal alloy, diameter 240 mm, made in cu\u00f1atura and covered in 24 carat gold in the art workshop Senesi De Pognano, limited edition to 675 copies in Arabic numerals and 75 copies in Roman numerals.<\/span><\/p>\n<p style=\"text-align: justify;\"><span title=\"Realizada en 2007 para FMR ART\u2019E\u2019, con certificado de autenticidad.\">Made in 2007 for FMR ART&#8217;E &#8216;, with certificate of authenticity. <\/span><span title=\"El ejemplar que ofrecemos corresponde a la numeraci\u00f3n ar\u00e1biga.\">The specimen we offer corresponds to the Arabic numbering.<\/span><\/p>\n<p style=\"text-align: justify;\"><span title=\"Presentada la escultura en forma de medall\u00f3n central de 24 cm de di\u00e1metro en un cuadro dorado de medidas 51,5 x 51,5 cm.\">Presented the sculpture in the form of a central medallion of 24 cm in diameter in a gold frame measuring 51.5 x 51.5 cm. <\/span><span title=\"La escultura en perfecto estado, presentando el marco muy leves se\u00f1ales de uso.\">The sculpture in perfect condition, presenting the frame very slight signs of use.<\/span><\/p>\n<p style=\"text-align: justify;\"><span title=\"La escultura presenta en relieve la firma del autor, la marca del editor, el n\u00famero de ejemplar y la ley del oro.\">The sculpture shows in relief the signature of the author, the publisher&#8217;s mark, the copy number and the law of gold.<\/span><\/p>\n<p style=\"text-align: justify;\"><span title=\"Realizada con motivo de la instituci\u00f3n del Premio \u201cEroi di Pace\u201d (H\u00e9roes de la Paz), en el \u00e1mbito de la iniciativa de FMR-Art\u2019e, \u201cCreare la Pace\u201d (Crear la Paz).\">Held on the occasion of the institution of the &#8220;Eroi di Pace&#8221; Prize (Heroes of Peace), within the scope of the FMR-Art&#8217;e initiative, &#8220;Creare la Pace&#8221; (Creating Peace).<\/span><\/p>\n<p style=\"text-align: justify;\"><span title=\"De esta obra existe tambi\u00e9n una versi\u00f3n en plata de 275 ejemplares en ar\u00e1bigo m\u00e1s 25 ejemplares en romano, de la que tambi\u00e9n tenemos un ejemplar disponible.\">Of this work there is also a silver version of 275 copies in Arabic plus 25 copies in Roman, of which we also have a copy available.<\/span><\/p>\n<p style=\"text-align: justify;\"><span title=\"Esta misma escultura en bajorrelieve, pero en plata de ley y en tama\u00f1o inferior (10 cm) se incorpora en la portada del libro Totus Tuus de la editorial FMR-ART\u2019E\u2019 editado en 2005, del que tambi\u00e9n tenemos ejemplares disponibles.\">This same sculpture in bas-relief, but in sterling silver and in smaller size (10 cm) is incorporated in the cover of the book Totus Tuus of the publishing house FMR-ART&#8217;E &#8216;published in 2005, of which we also have copies available.<\/span><\/p>\n<p style=\"text-align: justify;\"><span title=\"Gastos de env\u00edo por cuenta del comprador, seg\u00fan pedido y destino.\"><span class=\"HwtZe\" lang=\"en\"><span class=\"jCAhz ChMk0b\"><span class=\"ryNqvb\">Free shipping for this item<\/span><\/span><\/span>. <\/span><span title=\"Cons\u00faltenos sin compromiso (indicando la referencia del art\u00edculo) cualquier duda, as\u00ed como por cualquier otro art\u00edculo que est\u00e9 buscando.\"><a class=\"btn btn-default\" href=\"https:\/\/www.comprarmejor.es\/en\/contact\">Ask us<\/a> <span class=\"HwtZe\" lang=\"en\"><span class=\"jCAhz ChMk0b\"><span class=\"ryNqvb\">with any questions, indicating the item reference.<\/span><\/span><\/span><br \/>\n<\/span><\/p>\n","protected":false},"excerpt":{"rendered":"<p style=\"text-align: justify;\"><span id=\"result_box\" lang=\"en\" xml:lang=\"en\"><span title=\"T\u00edtulo de la obra: Ioannes Paulus II (Joannes Paulus II, San Juan Pablo II)\">Title of the work: Ioannes Paulus II (Joannes Paulus II, Saint John Paul II). <\/span><span title=\"Autor: Floriano Bodini\">Author: Floriano Bodini<\/span><\/span><\/p>\n","protected":false},"featured_media":54821,"template":"","meta":[],"product_brand":[],"product_cat":[2190,5386],"product_tag":[5791,4212,4193],"class_list":{"0":"post-54829","1":"product","2":"type-product","3":"status-publish","4":"has-post-thumbnail","6":"product_cat-art-craft","7":"product_cat-home-decoration","8":"product_tag-arte-en","9":"product_tag-bodini-en","10":"product_tag-fmr-en-2","11":"description-off","13":"first","14":"instock","15":"sale","16":"featured","17":"taxable","18":"shipping-taxable","19":"purchasable","20":"product-type-simple"},"yoast_head":"<!-- This site is optimized with the Yoast SEO plugin v27.3 - https:\/\/yoast.com\/product\/yoast-seo-wordpress\/ -->\n<title>Ioannes Paulus II (Joannes Paulus II, St. John Paul II), Bodini, gold<\/title>\n<meta name=\"description\" content=\"Title of the work: Ioannes Paulus II (Joannes Paulus II, Saint John Paul II), in gold. Author: Floriano Bodini. FMR-ART&#039;E&#039;\" \/>\n<meta name=\"robots\" content=\"index, follow, max-snippet:-1, max-image-preview:large, max-video-preview:-1\" \/>\n<link rel=\"canonical\" href=\"https:\/\/www.comprarmejor.es\/en\/product\/ioannes-paulus-ii-joannes-paulus-ii-st-john-paul-ii-bodini-in-gold\/\" \/>\n<meta property=\"og:locale\" content=\"en_US\" \/>\n<meta property=\"og:type\" content=\"article\" \/>\n<meta property=\"og:title\" content=\"Ioannes Paulus II (Joannes Paulus II, St. John Paul II), Bodini, gold\" \/>\n<meta property=\"og:description\" content=\"Title of the work: Ioannes Paulus II (Joannes Paulus II, Saint John Paul II), in gold. Author: Floriano Bodini. FMR-ART&#039;E&#039;\" \/>\n<meta property=\"og:url\" content=\"https:\/\/www.comprarmejor.es\/en\/product\/ioannes-paulus-ii-joannes-paulus-ii-st-john-paul-ii-bodini-in-gold\/\" \/>\n<meta property=\"og:site_name\" content=\"ComprarMejor\" \/>\n<meta property=\"article:modified_time\" content=\"2024-10-20T19:14:04+00:00\" \/>\n<meta property=\"og:image\" content=\"https:\/\/www.comprarmejor.es\/wp-content\/uploads\/2017\/06\/p_5_9_1_1_5911-Ioannes-Paulus-II-Joannes-Paulus-II-San-Juan-Pablo-II-Bodini-en-oro.jpg\" \/>\n\t<meta property=\"og:image:width\" content=\"600\" \/>\n\t<meta property=\"og:image:height\" content=\"598\" \/>\n\t<meta property=\"og:image:type\" content=\"image\/jpeg\" \/>\n<meta name=\"twitter:card\" content=\"summary_large_image\" \/>\n<meta name=\"twitter:label1\" content=\"Est. reading time\" \/>\n\t<meta name=\"twitter:data1\" content=\"2 minutes\" \/>\n<script type=\"application\/ld+json\" class=\"yoast-schema-graph\">{\"@context\":\"https:\\\/\\\/schema.org\",\"@graph\":[{\"@type\":\"WebPage\",\"@id\":\"https:\\\/\\\/www.comprarmejor.es\\\/en\\\/product\\\/ioannes-paulus-ii-joannes-paulus-ii-st-john-paul-ii-bodini-in-gold\\\/\",\"url\":\"https:\\\/\\\/www.comprarmejor.es\\\/en\\\/product\\\/ioannes-paulus-ii-joannes-paulus-ii-st-john-paul-ii-bodini-in-gold\\\/\",\"name\":\"Ioannes Paulus II (Joannes Paulus II, St. John Paul II), Bodini, gold\",\"isPartOf\":{\"@id\":\"https:\\\/\\\/www.comprarmejor.es\\\/en\\\/#website\"},\"primaryImageOfPage\":{\"@id\":\"https:\\\/\\\/www.comprarmejor.es\\\/en\\\/product\\\/ioannes-paulus-ii-joannes-paulus-ii-st-john-paul-ii-bodini-in-gold\\\/#primaryimage\"},\"image\":{\"@id\":\"https:\\\/\\\/www.comprarmejor.es\\\/en\\\/product\\\/ioannes-paulus-ii-joannes-paulus-ii-st-john-paul-ii-bodini-in-gold\\\/#primaryimage\"},\"thumbnailUrl\":\"https:\\\/\\\/www.comprarmejor.es\\\/wp-content\\\/uploads\\\/2017\\\/06\\\/p_5_9_1_1_5911-Ioannes-Paulus-II-Joannes-Paulus-II-San-Juan-Pablo-II-Bodini-en-oro.jpg\",\"datePublished\":\"2017-06-15T15:10:32+00:00\",\"dateModified\":\"2024-10-20T19:14:04+00:00\",\"description\":\"Title of the work: Ioannes Paulus II (Joannes Paulus II, Saint John Paul II), in gold. Author: Floriano Bodini. FMR-ART'E'\",\"breadcrumb\":{\"@id\":\"https:\\\/\\\/www.comprarmejor.es\\\/en\\\/product\\\/ioannes-paulus-ii-joannes-paulus-ii-st-john-paul-ii-bodini-in-gold\\\/#breadcrumb\"},\"inLanguage\":\"en-US\",\"potentialAction\":[{\"@type\":\"ReadAction\",\"target\":[\"https:\\\/\\\/www.comprarmejor.es\\\/en\\\/product\\\/ioannes-paulus-ii-joannes-paulus-ii-st-john-paul-ii-bodini-in-gold\\\/\"]}]},{\"@type\":\"ImageObject\",\"inLanguage\":\"en-US\",\"@id\":\"https:\\\/\\\/www.comprarmejor.es\\\/en\\\/product\\\/ioannes-paulus-ii-joannes-paulus-ii-st-john-paul-ii-bodini-in-gold\\\/#primaryimage\",\"url\":\"https:\\\/\\\/www.comprarmejor.es\\\/wp-content\\\/uploads\\\/2017\\\/06\\\/p_5_9_1_1_5911-Ioannes-Paulus-II-Joannes-Paulus-II-San-Juan-Pablo-II-Bodini-en-oro.jpg\",\"contentUrl\":\"https:\\\/\\\/www.comprarmejor.es\\\/wp-content\\\/uploads\\\/2017\\\/06\\\/p_5_9_1_1_5911-Ioannes-Paulus-II-Joannes-Paulus-II-San-Juan-Pablo-II-Bodini-en-oro.jpg\",\"width\":600,\"height\":598},{\"@type\":\"BreadcrumbList\",\"@id\":\"https:\\\/\\\/www.comprarmejor.es\\\/en\\\/product\\\/ioannes-paulus-ii-joannes-paulus-ii-st-john-paul-ii-bodini-in-gold\\\/#breadcrumb\",\"itemListElement\":[{\"@type\":\"ListItem\",\"position\":1,\"name\":\"Portada\",\"item\":\"https:\\\/\\\/www.comprarmejor.es\\\/en\\\/\"},{\"@type\":\"ListItem\",\"position\":2,\"name\":\"Shop\",\"item\":\"https:\\\/\\\/www.comprarmejor.es\\\/en\\\/shop\\\/\"},{\"@type\":\"ListItem\",\"position\":3,\"name\":\"Ioannes Paulus II (Joannes Paulus II, St. John Paul II), Bodini, in gold\"}]},{\"@type\":\"WebSite\",\"@id\":\"https:\\\/\\\/www.comprarmejor.es\\\/en\\\/#website\",\"url\":\"https:\\\/\\\/www.comprarmejor.es\\\/en\\\/\",\"name\":\"ComprarMejor\",\"description\":\"ComprarMejor\",\"publisher\":{\"@id\":\"https:\\\/\\\/www.comprarmejor.es\\\/en\\\/#organization\"},\"potentialAction\":[{\"@type\":\"SearchAction\",\"target\":{\"@type\":\"EntryPoint\",\"urlTemplate\":\"https:\\\/\\\/www.comprarmejor.es\\\/en\\\/?s={search_term_string}\"},\"query-input\":{\"@type\":\"PropertyValueSpecification\",\"valueRequired\":true,\"valueName\":\"search_term_string\"}}],\"inLanguage\":\"en-US\"},{\"@type\":\"Organization\",\"@id\":\"https:\\\/\\\/www.comprarmejor.es\\\/en\\\/#organization\",\"name\":\"COMPRAR MEJOR\",\"url\":\"https:\\\/\\\/www.comprarmejor.es\\\/en\\\/\",\"logo\":{\"@type\":\"ImageObject\",\"inLanguage\":\"en-US\",\"@id\":\"https:\\\/\\\/www.comprarmejor.es\\\/en\\\/#\\\/schema\\\/logo\\\/image\\\/\",\"url\":\"https:\\\/\\\/www.comprarmejor.es\\\/wp-content\\\/uploads\\\/2025\\\/09\\\/comprarmejortrinidad.jpg\",\"contentUrl\":\"https:\\\/\\\/www.comprarmejor.es\\\/wp-content\\\/uploads\\\/2025\\\/09\\\/comprarmejortrinidad.jpg\",\"width\":1022,\"height\":1380,\"caption\":\"COMPRAR MEJOR\"},\"image\":{\"@id\":\"https:\\\/\\\/www.comprarmejor.es\\\/en\\\/#\\\/schema\\\/logo\\\/image\\\/\"},\"sameAs\":[\"https:\\\/\\\/www.instagram.com\\\/amigosdelcodice\"]}]}<\/script>\n<!-- \/ Yoast SEO plugin. -->","yoast_head_json":{"title":"Ioannes Paulus II (Joannes Paulus II, St. John Paul II), Bodini, gold","description":"Title of the work: Ioannes Paulus II (Joannes Paulus II, Saint John Paul II), in gold. Author: Floriano Bodini. FMR-ART'E'","robots":{"index":"index","follow":"follow","max-snippet":"max-snippet:-1","max-image-preview":"max-image-preview:large","max-video-preview":"max-video-preview:-1"},"canonical":"https:\/\/www.comprarmejor.es\/en\/product\/ioannes-paulus-ii-joannes-paulus-ii-st-john-paul-ii-bodini-in-gold\/","og_locale":"en_US","og_type":"article","og_title":"Ioannes Paulus II (Joannes Paulus II, St. John Paul II), Bodini, gold","og_description":"Title of the work: Ioannes Paulus II (Joannes Paulus II, Saint John Paul II), in gold. Author: Floriano Bodini. FMR-ART'E'","og_url":"https:\/\/www.comprarmejor.es\/en\/product\/ioannes-paulus-ii-joannes-paulus-ii-st-john-paul-ii-bodini-in-gold\/","og_site_name":"ComprarMejor","article_modified_time":"2024-10-20T19:14:04+00:00","og_image":[{"width":600,"height":598,"url":"https:\/\/www.comprarmejor.es\/wp-content\/uploads\/2017\/06\/p_5_9_1_1_5911-Ioannes-Paulus-II-Joannes-Paulus-II-San-Juan-Pablo-II-Bodini-en-oro.jpg","type":"image\/jpeg"}],"twitter_card":"summary_large_image","twitter_misc":{"Est. reading time":"2 minutes"},"schema":{"@context":"https:\/\/schema.org","@graph":[{"@type":"WebPage","@id":"https:\/\/www.comprarmejor.es\/en\/product\/ioannes-paulus-ii-joannes-paulus-ii-st-john-paul-ii-bodini-in-gold\/","url":"https:\/\/www.comprarmejor.es\/en\/product\/ioannes-paulus-ii-joannes-paulus-ii-st-john-paul-ii-bodini-in-gold\/","name":"Ioannes Paulus II (Joannes Paulus II, St. John Paul II), Bodini, gold","isPartOf":{"@id":"https:\/\/www.comprarmejor.es\/en\/#website"},"primaryImageOfPage":{"@id":"https:\/\/www.comprarmejor.es\/en\/product\/ioannes-paulus-ii-joannes-paulus-ii-st-john-paul-ii-bodini-in-gold\/#primaryimage"},"image":{"@id":"https:\/\/www.comprarmejor.es\/en\/product\/ioannes-paulus-ii-joannes-paulus-ii-st-john-paul-ii-bodini-in-gold\/#primaryimage"},"thumbnailUrl":"https:\/\/www.comprarmejor.es\/wp-content\/uploads\/2017\/06\/p_5_9_1_1_5911-Ioannes-Paulus-II-Joannes-Paulus-II-San-Juan-Pablo-II-Bodini-en-oro.jpg","datePublished":"2017-06-15T15:10:32+00:00","dateModified":"2024-10-20T19:14:04+00:00","description":"Title of the work: Ioannes Paulus II (Joannes Paulus II, Saint John Paul II), in gold. Author: Floriano Bodini. FMR-ART'E'","breadcrumb":{"@id":"https:\/\/www.comprarmejor.es\/en\/product\/ioannes-paulus-ii-joannes-paulus-ii-st-john-paul-ii-bodini-in-gold\/#breadcrumb"},"inLanguage":"en-US","potentialAction":[{"@type":"ReadAction","target":["https:\/\/www.comprarmejor.es\/en\/product\/ioannes-paulus-ii-joannes-paulus-ii-st-john-paul-ii-bodini-in-gold\/"]}]},{"@type":"ImageObject","inLanguage":"en-US","@id":"https:\/\/www.comprarmejor.es\/en\/product\/ioannes-paulus-ii-joannes-paulus-ii-st-john-paul-ii-bodini-in-gold\/#primaryimage","url":"https:\/\/www.comprarmejor.es\/wp-content\/uploads\/2017\/06\/p_5_9_1_1_5911-Ioannes-Paulus-II-Joannes-Paulus-II-San-Juan-Pablo-II-Bodini-en-oro.jpg","contentUrl":"https:\/\/www.comprarmejor.es\/wp-content\/uploads\/2017\/06\/p_5_9_1_1_5911-Ioannes-Paulus-II-Joannes-Paulus-II-San-Juan-Pablo-II-Bodini-en-oro.jpg","width":600,"height":598},{"@type":"BreadcrumbList","@id":"https:\/\/www.comprarmejor.es\/en\/product\/ioannes-paulus-ii-joannes-paulus-ii-st-john-paul-ii-bodini-in-gold\/#breadcrumb","itemListElement":[{"@type":"ListItem","position":1,"name":"Portada","item":"https:\/\/www.comprarmejor.es\/en\/"},{"@type":"ListItem","position":2,"name":"Shop","item":"https:\/\/www.comprarmejor.es\/en\/shop\/"},{"@type":"ListItem","position":3,"name":"Ioannes Paulus II (Joannes Paulus II, St. John Paul II), Bodini, in gold"}]},{"@type":"WebSite","@id":"https:\/\/www.comprarmejor.es\/en\/#website","url":"https:\/\/www.comprarmejor.es\/en\/","name":"ComprarMejor","description":"ComprarMejor","publisher":{"@id":"https:\/\/www.comprarmejor.es\/en\/#organization"},"potentialAction":[{"@type":"SearchAction","target":{"@type":"EntryPoint","urlTemplate":"https:\/\/www.comprarmejor.es\/en\/?s={search_term_string}"},"query-input":{"@type":"PropertyValueSpecification","valueRequired":true,"valueName":"search_term_string"}}],"inLanguage":"en-US"},{"@type":"Organization","@id":"https:\/\/www.comprarmejor.es\/en\/#organization","name":"COMPRAR MEJOR","url":"https:\/\/www.comprarmejor.es\/en\/","logo":{"@type":"ImageObject","inLanguage":"en-US","@id":"https:\/\/www.comprarmejor.es\/en\/#\/schema\/logo\/image\/","url":"https:\/\/www.comprarmejor.es\/wp-content\/uploads\/2025\/09\/comprarmejortrinidad.jpg","contentUrl":"https:\/\/www.comprarmejor.es\/wp-content\/uploads\/2025\/09\/comprarmejortrinidad.jpg","width":1022,"height":1380,"caption":"COMPRAR MEJOR"},"image":{"@id":"https:\/\/www.comprarmejor.es\/en\/#\/schema\/logo\/image\/"},"sameAs":["https:\/\/www.instagram.com\/amigosdelcodice"]}]}},"_links":{"self":[{"href":"https:\/\/www.comprarmejor.es\/en\/wp-json\/wp\/v2\/product\/54829","targetHints":{"allow":["GET"]}}],"collection":[{"href":"https:\/\/www.comprarmejor.es\/en\/wp-json\/wp\/v2\/product"}],"about":[{"href":"https:\/\/www.comprarmejor.es\/en\/wp-json\/wp\/v2\/types\/product"}],"wp:featuredmedia":[{"embeddable":true,"href":"https:\/\/www.comprarmejor.es\/en\/wp-json\/wp\/v2\/media\/54821"}],"wp:attachment":[{"href":"https:\/\/www.comprarmejor.es\/en\/wp-json\/wp\/v2\/media?parent=54829"}],"wp:term":[{"taxonomy":"product_brand","embeddable":true,"href":"https:\/\/www.comprarmejor.es\/en\/wp-json\/wp\/v2\/product_brand?post=54829"},{"taxonomy":"product_cat","embeddable":true,"href":"https:\/\/www.comprarmejor.es\/en\/wp-json\/wp\/v2\/product_cat?post=54829"},{"taxonomy":"product_tag","embeddable":true,"href":"https:\/\/www.comprarmejor.es\/en\/wp-json\/wp\/v2\/product_tag?post=54829"}],"curies":[{"name":"wp","href":"https:\/\/api.w.org\/{rel}","templated":true}]}}