{"id":54887,"date":"2017-06-21T12:41:01","date_gmt":"2017-06-21T10:41:01","guid":{"rendered":"https:\/\/www.comprarmejor.es\/producto\/2005-don-quixote-cervantes-facsimiles-1605-1615-complete\/"},"modified":"2026-05-03T12:39:15","modified_gmt":"2026-05-03T10:39:15","slug":"2005-don-quixote-cervantes-facsimiles-1605-1615-complete","status":"publish","type":"product","link":"https:\/\/www.comprarmejor.es\/en\/product\/2005-don-quixote-cervantes-facsimiles-1605-1615-complete\/","title":{"rendered":"2005 Don Quixote, Cervantes, facsimiles 1605-1615, complete (5*)"},"content":{"rendered":"<p style=\"text-align: justify;\"><span class=\"HwtZe\" lang=\"en\"><span class=\"jCAhz ChMk0b\"><span class=\"ryNqvb\">ARTICLE FOR INFORMATIONAL PURPOSES ONLY<\/span><\/span><\/span><\/p>\n<p style=\"text-align: justify;\"><span id=\"result_box\" lang=\"en\" xml:lang=\"en\"><span title=\"En conmemoraci\u00f3n del IV Centenario de la edici\u00f3n de la Primera Parte de \u201cEL INGENIOSO HIDALGO DON QUIJOTE DE LA MANCHA\u201d, Testimonio Compa\u00f1\u00eda Editorial realiz\u00f3 una edici\u00f3n facs\u00edmile de lujo de las primeras ediciones, tanto de la Primera Parte de 1605 como de la Segunda Parte\">To commemorate the fourth centenary of the publication of the first part of &#8220;The Ingenious Hidalgo Don Quixote&#8221; Testimony Publishing Company conducted a deluxe edition facsimile of the first editions of both the First Part of 1605 and the Second Part <\/span><span title=\"de 1615, cuyos originales se encuentran respectivamente en la Real Academia Espa\u00f1ola y en la Biblioteca Nacional de Espa\u00f1a.\">1615, the originals are respectively in the Spanish Royal Academy and the National Library of Spain. <\/span><span title=\"\u00a1Un 5 estrellas en toda gran Biblioteca!\">A 5 star in every great library!<\/span><\/span><\/p>\n<p style=\"text-align: justify;\"><span title=\"Al terminar Cervantes la primera parte de Don Quijote, dejaba tranquilo y confortado al hidalgo manchego en su lugar de origen reponi\u00e9ndose de sus huesos quebrantados.\">Upon completion of the first part of Cervantes Don Quixote, quiet and let the gentleman from La Mancha comforted in their home recovering from his broken bones. <\/span><span title=\"All\u00ed esperaba una muerte normal, an\u00f3nima.\">There expecting a normal, anonymous death. <\/span><span title=\"Pero esto no satisfac\u00eda al manco de Lepanto.\">But this did not satisfy the one-armed of Lepanto. <\/span><span title=\"El caballero andante ten\u00eda nuevas misiones que cumplir en este mundo, porque en sue\u00f1os le hab\u00eda o\u00eddo clamar:\">The knight had new missions to accomplish in this world, because in a dream he heard cry:<\/span><\/p>\n<p style=\"text-align: justify;\"><span title=\"\u201cAs\u00ed el vivir me mata\">&#8220;Thus life kills me<br \/>\n<\/span><span title=\"que la muerte me torna a dar la vida.\u201d\">that death becomes me to give my life. &#8220;<\/span><\/p>\n<p style=\"text-align: justify;\"><span title=\"Por eso, Cervantes no lo deja morir.\">So Cervantes not let him die. <\/span><span title=\"Y m\u00e1s, si un extra\u00f1o usurpador, escondido bajo el nombre de Alonso Fern\u00e1ndez de Avellaneda, le quiere robar su paternidad, y adem\u00e1s lo afrenta ech\u00e1ndole en cara el ser \u201csoldado tan viejo en a\u00f1os cuanto mozo en br\u00edos\u201d.\">And, if a foreign usurper, hidden under the name of Alonso Fern\u00e1ndez de Avellaneda, he wants to steal his paternity, and also the reproach yell at him to be &#8220;soldier as old in years as a waiter in vigor&#8221;.<\/span><\/p>\n<p style=\"text-align: justify;\"><span title=\"A lo que Cervantes, indignado, aunque comedido, le responde serenamente: \u201cLo que no he podido dejar de sentir es que me note de viejo y de manco, como si hubiera sido en mi mano haber detenido el tiempo que no pasase por m\u00ed,\">To which Cervantes, indignant, though restrained, calmly replied: &#8220;What I could not help feeling I note is that old and one-handed, as if it were in my power to have stopped time from passing over me, <\/span><span title=\"o si mi manquedad hubiera nacido en alguna taberna, sino en la m\u00e1s alta ocasi\u00f3n que vieron los siglos pasados, los presentes ni esperan ver los venideros\u201d.\">or if my manquedad was born in a tavern, but on the grandest occasion that saw centuries past, the present and expect to see coming. &#8220;<\/span><\/p>\n<p style=\"text-align: justify;\"><span title=\"Gracias a esa vejez y manquedad naci\u00f3 dichosamente la segunda parte de la mejor joya de la Literatura Universal.\">Thanks to that age and blissfully manquedad was born the second part of the best jewel of world literature.<\/span><\/p>\n<p style=\"text-align: justify;\"><span title=\"Caracter\u00edsticas de estas maravillosas ediciones de lujo en facs\u00edmile, fiel e \u00edntegra, realizadas en 2005 en formato limitado a 930 ejemplares, numerados y certificados:\">Features of these wonderful luxury in facsimile editions, true and complete, made in 2005 in limited format to 930 copies, numbered and certified:<br \/>\n<\/span><span title=\"Primera parte, encuadernado en plena piel, cantos semitintados, tejuelo y nervios, lomo dorado.\">First part, bound in full leather, semitintados songs, coffin bone and nerves, spine gilt. <\/span><span title=\"Formato 16 x 21 cm.\">16 x 21 cm format.<br \/>\n<\/span><span title=\"Segunda parte, encuadernado en pergamino, cantos tintados, tejuelo, con 2 cierres de cuerda y piel.\">Second hand, bound in parchment, tinted songs, tejuelo, with 2 rope and leather closures. <\/span><span title=\"Formato 15,5 x 21 cm.\">15.5 x 21 cm format.<br \/>\n<\/span><span title=\"Ambos cuenta con un peque\u00f1o libreto de 16 y 24 p\u00e1ginas, respectivamente, con comentarios de Quint\u00edn Aldea, de la Real Academia de la Historia.\">Both have a small booklet of 16 and 24 pages, respectively, with comments from Quentin Village, the Royal Academy of <\/span><span title=\"Todo un gran lujo y en perfecto estado.\"><span lang=\"en\" xml:lang=\"en\"><span title=\"Ambos cuenta con un peque\u00f1o libreto de 16 y 24 p\u00e1ginas, respectivamente, con comentarios de Quint\u00edn Aldea, de la Real Academia de la Historia.\">History.<\/span><\/span><\/span><\/p>\n<p style=\"text-align: justify;\"><span title=\"Todo un gran lujo y en perfecto estado.\">All a great luxury and in perfect condition<\/span>. <span title=\"La mejor de las ediciones facs\u00edmiles correspondientes a los originales de la primera edici\u00f3n del inmortal Don Quijote de La Mancha.\">The best of the original corresponding to the first edition of the immortal Don Quixote facsimile editions. <\/span><span title=\"Conseguir una primera edici\u00f3n original del Quijote s\u00f3lo est\u00e1 al alcance de privilegiados y millonarios.\">Get an original first edition of Don Quixote is only available to privileged and millionaires. <\/span><span title=\"A lo largo de los a\u00f1os se han hecho muchos facs\u00edmiles pero como estos ninguno, \u00fanicos con la calificaci\u00f3n de 5 estrellas.\">Over the years there have been many facsimiles but none like these, only the rating of 5 stars. <\/span><span title=\"Tener una copia, tan fiel como si tuviera el original delante, est\u00e1 al alcance de todos.\">Having a copy, as faithful as if the original front, is available to everyone.<\/span><\/p>\n<p style=\"text-align: justify;\"><span title=\"Gastos de env\u00edo por cuenta del comprador, seg\u00fan pedido y destino.\">Retail Price: 3.640 \u20ac. <\/span><span title=\"Cons\u00faltenos cualquier duda, as\u00ed como por cualquier otra edici\u00f3n del Quijote que est\u00e9 buscando.\"><a class=\"btn btn-default\" href=\"https:\/\/www.comprarmejor.es\/en\/contact\/\">Ask us<\/a> any questions and any other edition of Don Quixote who is looking.<\/span><\/p>\n","protected":false},"excerpt":{"rendered":"<p style=\"text-align: justify;\"><span id=\"result_box\" lang=\"en\" xml:lang=\"en\"><span title=\"\u00a1Un 5 estrellas en toda gran Biblioteca!\"><span lang=\"en\" xml:lang=\"en\"><span title=\"Art\u00edculo exclusivo con los dos facs\u00edmiles con el mismo n\u00famero de registro y con estuches personalizados a cada ejemplar.\"><span lang=\"en\" xml:lang=\"en\">Complete and faithful facsimile editions of Cervantes&#8217; famous work: Don Quixote of La Mancha<\/span><\/span><\/span><\/span><\/span><\/p>\n","protected":false},"featured_media":54877,"template":"","meta":[],"product_brand":[],"product_cat":[2250,2228],"product_tag":[4104,4041,5120,5129,3999],"class_list":{"0":"post-54887","1":"product","2":"type-product","3":"status-publish","4":"has-post-thumbnail","6":"product_cat-other-facsimiles","7":"product_cat-quijotes-en","8":"product_tag-bne-en","9":"product_tag-cervantes-en","10":"product_tag-history-en","11":"product_tag-quixote-en","12":"product_tag-testimonio-en","13":"description-off","15":"first","16":"instock","17":"taxable","18":"shipping-taxable","19":"purchasable","20":"product-type-simple"},"yoast_head":"<!-- This site is optimized with the Yoast SEO plugin v27.3 - https:\/\/yoast.com\/product\/yoast-seo-wordpress\/ -->\n<title>Don Quixote, Cervantes, facsimiles 1605-1615, complete, 2005<\/title>\n<meta name=\"description\" content=\"Facsimile editions of the first and second parts of Don Quixote, a 5 star in every great library!\" \/>\n<meta name=\"robots\" content=\"index, follow, max-snippet:-1, max-image-preview:large, max-video-preview:-1\" \/>\n<link rel=\"canonical\" href=\"https:\/\/www.comprarmejor.es\/en\/product\/2005-don-quixote-cervantes-facsimiles-1605-1615-complete\/\" \/>\n<meta property=\"og:locale\" content=\"en_US\" \/>\n<meta property=\"og:type\" content=\"article\" \/>\n<meta property=\"og:title\" content=\"Don Quixote, Cervantes, facsimiles 1605-1615, complete, 2005\" \/>\n<meta property=\"og:description\" content=\"Facsimile editions of the first and second parts of Don Quixote, a 5 star in every great library!\" \/>\n<meta property=\"og:url\" content=\"https:\/\/www.comprarmejor.es\/en\/product\/2005-don-quixote-cervantes-facsimiles-1605-1615-complete\/\" \/>\n<meta property=\"og:site_name\" content=\"ComprarMejor\" \/>\n<meta property=\"article:modified_time\" content=\"2026-05-03T10:39:15+00:00\" \/>\n<meta property=\"og:image\" content=\"https:\/\/www.comprarmejor.es\/wp-content\/uploads\/2017\/06\/p_6_0_3_1_6031-2005-El-Quijote-Cervantes-facsimiles-1605-1615-completo.jpg\" \/>\n\t<meta property=\"og:image:width\" content=\"600\" \/>\n\t<meta property=\"og:image:height\" content=\"295\" \/>\n\t<meta property=\"og:image:type\" content=\"image\/jpeg\" \/>\n<meta name=\"twitter:card\" content=\"summary_large_image\" \/>\n<meta name=\"twitter:label1\" content=\"Est. reading time\" \/>\n\t<meta name=\"twitter:data1\" content=\"3 minutes\" \/>\n<script type=\"application\/ld+json\" class=\"yoast-schema-graph\">{\"@context\":\"https:\\\/\\\/schema.org\",\"@graph\":[{\"@type\":\"WebPage\",\"@id\":\"https:\\\/\\\/www.comprarmejor.es\\\/en\\\/product\\\/2005-don-quixote-cervantes-facsimiles-1605-1615-complete\\\/\",\"url\":\"https:\\\/\\\/www.comprarmejor.es\\\/en\\\/product\\\/2005-don-quixote-cervantes-facsimiles-1605-1615-complete\\\/\",\"name\":\"Don Quixote, Cervantes, facsimiles 1605-1615, complete, 2005\",\"isPartOf\":{\"@id\":\"https:\\\/\\\/www.comprarmejor.es\\\/en\\\/#website\"},\"primaryImageOfPage\":{\"@id\":\"https:\\\/\\\/www.comprarmejor.es\\\/en\\\/product\\\/2005-don-quixote-cervantes-facsimiles-1605-1615-complete\\\/#primaryimage\"},\"image\":{\"@id\":\"https:\\\/\\\/www.comprarmejor.es\\\/en\\\/product\\\/2005-don-quixote-cervantes-facsimiles-1605-1615-complete\\\/#primaryimage\"},\"thumbnailUrl\":\"https:\\\/\\\/www.comprarmejor.es\\\/wp-content\\\/uploads\\\/2017\\\/06\\\/p_6_0_3_1_6031-2005-El-Quijote-Cervantes-facsimiles-1605-1615-completo.jpg\",\"datePublished\":\"2017-06-21T10:41:01+00:00\",\"dateModified\":\"2026-05-03T10:39:15+00:00\",\"description\":\"Facsimile editions of the first and second parts of Don Quixote, a 5 star in every great library!\",\"breadcrumb\":{\"@id\":\"https:\\\/\\\/www.comprarmejor.es\\\/en\\\/product\\\/2005-don-quixote-cervantes-facsimiles-1605-1615-complete\\\/#breadcrumb\"},\"inLanguage\":\"en-US\",\"potentialAction\":[{\"@type\":\"ReadAction\",\"target\":[\"https:\\\/\\\/www.comprarmejor.es\\\/en\\\/product\\\/2005-don-quixote-cervantes-facsimiles-1605-1615-complete\\\/\"]}]},{\"@type\":\"ImageObject\",\"inLanguage\":\"en-US\",\"@id\":\"https:\\\/\\\/www.comprarmejor.es\\\/en\\\/product\\\/2005-don-quixote-cervantes-facsimiles-1605-1615-complete\\\/#primaryimage\",\"url\":\"https:\\\/\\\/www.comprarmejor.es\\\/wp-content\\\/uploads\\\/2017\\\/06\\\/p_6_0_3_1_6031-2005-El-Quijote-Cervantes-facsimiles-1605-1615-completo.jpg\",\"contentUrl\":\"https:\\\/\\\/www.comprarmejor.es\\\/wp-content\\\/uploads\\\/2017\\\/06\\\/p_6_0_3_1_6031-2005-El-Quijote-Cervantes-facsimiles-1605-1615-completo.jpg\",\"width\":600,\"height\":295},{\"@type\":\"BreadcrumbList\",\"@id\":\"https:\\\/\\\/www.comprarmejor.es\\\/en\\\/product\\\/2005-don-quixote-cervantes-facsimiles-1605-1615-complete\\\/#breadcrumb\",\"itemListElement\":[{\"@type\":\"ListItem\",\"position\":1,\"name\":\"Portada\",\"item\":\"https:\\\/\\\/www.comprarmejor.es\\\/en\\\/\"},{\"@type\":\"ListItem\",\"position\":2,\"name\":\"Shop\",\"item\":\"https:\\\/\\\/www.comprarmejor.es\\\/en\\\/shop\\\/\"},{\"@type\":\"ListItem\",\"position\":3,\"name\":\"2005 Don Quixote, Cervantes, facsimiles 1605-1615, complete (5*)\"}]},{\"@type\":\"WebSite\",\"@id\":\"https:\\\/\\\/www.comprarmejor.es\\\/en\\\/#website\",\"url\":\"https:\\\/\\\/www.comprarmejor.es\\\/en\\\/\",\"name\":\"ComprarMejor\",\"description\":\"ComprarMejor\",\"publisher\":{\"@id\":\"https:\\\/\\\/www.comprarmejor.es\\\/en\\\/#organization\"},\"potentialAction\":[{\"@type\":\"SearchAction\",\"target\":{\"@type\":\"EntryPoint\",\"urlTemplate\":\"https:\\\/\\\/www.comprarmejor.es\\\/en\\\/?s={search_term_string}\"},\"query-input\":{\"@type\":\"PropertyValueSpecification\",\"valueRequired\":true,\"valueName\":\"search_term_string\"}}],\"inLanguage\":\"en-US\"},{\"@type\":\"Organization\",\"@id\":\"https:\\\/\\\/www.comprarmejor.es\\\/en\\\/#organization\",\"name\":\"COMPRAR MEJOR\",\"url\":\"https:\\\/\\\/www.comprarmejor.es\\\/en\\\/\",\"logo\":{\"@type\":\"ImageObject\",\"inLanguage\":\"en-US\",\"@id\":\"https:\\\/\\\/www.comprarmejor.es\\\/en\\\/#\\\/schema\\\/logo\\\/image\\\/\",\"url\":\"https:\\\/\\\/www.comprarmejor.es\\\/wp-content\\\/uploads\\\/2025\\\/09\\\/comprarmejortrinidad.jpg\",\"contentUrl\":\"https:\\\/\\\/www.comprarmejor.es\\\/wp-content\\\/uploads\\\/2025\\\/09\\\/comprarmejortrinidad.jpg\",\"width\":1022,\"height\":1380,\"caption\":\"COMPRAR MEJOR\"},\"image\":{\"@id\":\"https:\\\/\\\/www.comprarmejor.es\\\/en\\\/#\\\/schema\\\/logo\\\/image\\\/\"},\"sameAs\":[\"https:\\\/\\\/www.instagram.com\\\/amigosdelcodice\"]}]}<\/script>\n<!-- \/ Yoast SEO plugin. -->","yoast_head_json":{"title":"Don Quixote, Cervantes, facsimiles 1605-1615, complete, 2005","description":"Facsimile editions of the first and second parts of Don Quixote, a 5 star in every great library!","robots":{"index":"index","follow":"follow","max-snippet":"max-snippet:-1","max-image-preview":"max-image-preview:large","max-video-preview":"max-video-preview:-1"},"canonical":"https:\/\/www.comprarmejor.es\/en\/product\/2005-don-quixote-cervantes-facsimiles-1605-1615-complete\/","og_locale":"en_US","og_type":"article","og_title":"Don Quixote, Cervantes, facsimiles 1605-1615, complete, 2005","og_description":"Facsimile editions of the first and second parts of Don Quixote, a 5 star in every great library!","og_url":"https:\/\/www.comprarmejor.es\/en\/product\/2005-don-quixote-cervantes-facsimiles-1605-1615-complete\/","og_site_name":"ComprarMejor","article_modified_time":"2026-05-03T10:39:15+00:00","og_image":[{"width":600,"height":295,"url":"https:\/\/www.comprarmejor.es\/wp-content\/uploads\/2017\/06\/p_6_0_3_1_6031-2005-El-Quijote-Cervantes-facsimiles-1605-1615-completo.jpg","type":"image\/jpeg"}],"twitter_card":"summary_large_image","twitter_misc":{"Est. reading time":"3 minutes"},"schema":{"@context":"https:\/\/schema.org","@graph":[{"@type":"WebPage","@id":"https:\/\/www.comprarmejor.es\/en\/product\/2005-don-quixote-cervantes-facsimiles-1605-1615-complete\/","url":"https:\/\/www.comprarmejor.es\/en\/product\/2005-don-quixote-cervantes-facsimiles-1605-1615-complete\/","name":"Don Quixote, Cervantes, facsimiles 1605-1615, complete, 2005","isPartOf":{"@id":"https:\/\/www.comprarmejor.es\/en\/#website"},"primaryImageOfPage":{"@id":"https:\/\/www.comprarmejor.es\/en\/product\/2005-don-quixote-cervantes-facsimiles-1605-1615-complete\/#primaryimage"},"image":{"@id":"https:\/\/www.comprarmejor.es\/en\/product\/2005-don-quixote-cervantes-facsimiles-1605-1615-complete\/#primaryimage"},"thumbnailUrl":"https:\/\/www.comprarmejor.es\/wp-content\/uploads\/2017\/06\/p_6_0_3_1_6031-2005-El-Quijote-Cervantes-facsimiles-1605-1615-completo.jpg","datePublished":"2017-06-21T10:41:01+00:00","dateModified":"2026-05-03T10:39:15+00:00","description":"Facsimile editions of the first and second parts of Don Quixote, a 5 star in every great library!","breadcrumb":{"@id":"https:\/\/www.comprarmejor.es\/en\/product\/2005-don-quixote-cervantes-facsimiles-1605-1615-complete\/#breadcrumb"},"inLanguage":"en-US","potentialAction":[{"@type":"ReadAction","target":["https:\/\/www.comprarmejor.es\/en\/product\/2005-don-quixote-cervantes-facsimiles-1605-1615-complete\/"]}]},{"@type":"ImageObject","inLanguage":"en-US","@id":"https:\/\/www.comprarmejor.es\/en\/product\/2005-don-quixote-cervantes-facsimiles-1605-1615-complete\/#primaryimage","url":"https:\/\/www.comprarmejor.es\/wp-content\/uploads\/2017\/06\/p_6_0_3_1_6031-2005-El-Quijote-Cervantes-facsimiles-1605-1615-completo.jpg","contentUrl":"https:\/\/www.comprarmejor.es\/wp-content\/uploads\/2017\/06\/p_6_0_3_1_6031-2005-El-Quijote-Cervantes-facsimiles-1605-1615-completo.jpg","width":600,"height":295},{"@type":"BreadcrumbList","@id":"https:\/\/www.comprarmejor.es\/en\/product\/2005-don-quixote-cervantes-facsimiles-1605-1615-complete\/#breadcrumb","itemListElement":[{"@type":"ListItem","position":1,"name":"Portada","item":"https:\/\/www.comprarmejor.es\/en\/"},{"@type":"ListItem","position":2,"name":"Shop","item":"https:\/\/www.comprarmejor.es\/en\/shop\/"},{"@type":"ListItem","position":3,"name":"2005 Don Quixote, Cervantes, facsimiles 1605-1615, complete (5*)"}]},{"@type":"WebSite","@id":"https:\/\/www.comprarmejor.es\/en\/#website","url":"https:\/\/www.comprarmejor.es\/en\/","name":"ComprarMejor","description":"ComprarMejor","publisher":{"@id":"https:\/\/www.comprarmejor.es\/en\/#organization"},"potentialAction":[{"@type":"SearchAction","target":{"@type":"EntryPoint","urlTemplate":"https:\/\/www.comprarmejor.es\/en\/?s={search_term_string}"},"query-input":{"@type":"PropertyValueSpecification","valueRequired":true,"valueName":"search_term_string"}}],"inLanguage":"en-US"},{"@type":"Organization","@id":"https:\/\/www.comprarmejor.es\/en\/#organization","name":"COMPRAR MEJOR","url":"https:\/\/www.comprarmejor.es\/en\/","logo":{"@type":"ImageObject","inLanguage":"en-US","@id":"https:\/\/www.comprarmejor.es\/en\/#\/schema\/logo\/image\/","url":"https:\/\/www.comprarmejor.es\/wp-content\/uploads\/2025\/09\/comprarmejortrinidad.jpg","contentUrl":"https:\/\/www.comprarmejor.es\/wp-content\/uploads\/2025\/09\/comprarmejortrinidad.jpg","width":1022,"height":1380,"caption":"COMPRAR MEJOR"},"image":{"@id":"https:\/\/www.comprarmejor.es\/en\/#\/schema\/logo\/image\/"},"sameAs":["https:\/\/www.instagram.com\/amigosdelcodice"]}]}},"_links":{"self":[{"href":"https:\/\/www.comprarmejor.es\/en\/wp-json\/wp\/v2\/product\/54887","targetHints":{"allow":["GET"]}}],"collection":[{"href":"https:\/\/www.comprarmejor.es\/en\/wp-json\/wp\/v2\/product"}],"about":[{"href":"https:\/\/www.comprarmejor.es\/en\/wp-json\/wp\/v2\/types\/product"}],"wp:featuredmedia":[{"embeddable":true,"href":"https:\/\/www.comprarmejor.es\/en\/wp-json\/wp\/v2\/media\/54877"}],"wp:attachment":[{"href":"https:\/\/www.comprarmejor.es\/en\/wp-json\/wp\/v2\/media?parent=54887"}],"wp:term":[{"taxonomy":"product_brand","embeddable":true,"href":"https:\/\/www.comprarmejor.es\/en\/wp-json\/wp\/v2\/product_brand?post=54887"},{"taxonomy":"product_cat","embeddable":true,"href":"https:\/\/www.comprarmejor.es\/en\/wp-json\/wp\/v2\/product_cat?post=54887"},{"taxonomy":"product_tag","embeddable":true,"href":"https:\/\/www.comprarmejor.es\/en\/wp-json\/wp\/v2\/product_tag?post=54887"}],"curies":[{"name":"wp","href":"https:\/\/api.w.org\/{rel}","templated":true}]}}