{"id":54989,"date":"2017-07-06T17:48:57","date_gmt":"2017-07-06T15:48:57","guid":{"rendered":"https:\/\/www.comprarmejor.es\/producto\/privilege-of-statute-of-blood-nobility-of-the-city-of-malaga-s-xvii\/"},"modified":"2020-05-03T12:45:20","modified_gmt":"2020-05-03T10:45:20","slug":"privilege-of-statute-of-blood-nobility-of-the-city-of-malaga-s-xvii","status":"publish","type":"product","link":"https:\/\/www.comprarmejor.es\/en\/product\/privilege-of-statute-of-blood-nobility-of-the-city-of-malaga-s-xvii\/","title":{"rendered":"Privilege of Statute of Blood Nobility of the City of M\u00e1laga, s. XVII"},"content":{"rendered":"<p style=\"text-align: justify;\"><span id=\"result_box\" lang=\"en\" xml:lang=\"en\"><span title=\"Edici\u00f3n facs\u00edmile del a\u00f1o 2000 realizada por el Ayuntamiento de M\u00e1laga del Real Privilegio de Estatuto y Sobrecarta de Nobleza de Sangre de la Ciudad de M\u00e1laga, otorgado el primero en 1662 por Felipe IV y la segunda en 1693 por Carlos II.\">Edition facsimile of the year 2000 realized by the City council of Malaga of the Real Privilege of Statute and Sobrecarta of Blood Nobility of the City of Malaga, granted the first one in 1662 by Felipe IV and the second one in 1693 by Carlos II.<\/span><\/span><\/p>\n<p><span title=\"Encuadernado en terciopelo rojo, formato 22,3 x 30,3 cm.\">Binding in red velvet, format 22.3 x 30.3 cm. <\/span><span title=\"68 p\u00e1ginas.\">68 pages.<\/span><\/p>\n<p><span title=\"Ejemplar en perfecto estado.\">Exemplary in perfect condition.<\/span><\/p>\n<p><span title=\"Gastos de env\u00edo por cuenta del comprador, seg\u00fan pedido y destino.\">Shipping costs for the account of the buyer, according to order and destination.\u00a0<\/span><span title=\"Cons\u00faltenos sin compromiso (indicando la referencia del art\u00edculo) cualquier duda, as\u00ed como por cualquier otro facs\u00edmile, Beato o art\u00edculo que est\u00e9 buscando.\"><a class=\"btn btn-default\" href=\"http:\/\/comprarmejor.es\/en\/contact\">Ask us<\/a> without obligation (indicating the reference of the article) any doubt, as well as by any other facsimile, Blessed or article that you are looking for.<\/span><\/p>\n","protected":false},"excerpt":{"rendered":"<p style=\"text-align: justify;\"><span id=\"result_box\" lang=\"en\" xml:lang=\"en\"><span title=\"Edici\u00f3n facs\u00edmile del a\u00f1o 2000 realizada por el Ayuntamiento de M\u00e1laga del Real Privilegio de Estatuto y Sobrecarta de Nobleza de Sangre de la Ciudad de M\u00e1laga, otorgado el primero en 1662 por Felipe IV y la segunda en 1693 por Carlos II.\">Edition facsimile of the year 2000 realized by the City council of Malaga of the Real Privilege of Statute and Sobrecarta of Blood Nobility of the City of Malaga, granted the first one in 1662 by Felipe IV and the second one in 1693 by Carlos II.<\/span><\/span><\/p>\n","protected":false},"featured_media":54977,"template":"","meta":[],"product_brand":[],"product_cat":[2210,2188],"product_tag":[],"class_list":{"0":"post-54989","1":"product","2":"type-product","3":"status-publish","4":"has-post-thumbnail","6":"product_cat-bibliophilia","7":"product_cat-books","8":"product_shipping_class-from-0-to-1-kg","9":"description-off","11":"first","12":"instock","13":"taxable","14":"shipping-taxable","15":"purchasable","16":"product-type-simple"},"yoast_head":"<!-- This site is optimized with the Yoast SEO plugin v27.3 - https:\/\/yoast.com\/product\/yoast-seo-wordpress\/ -->\n<title>Privilege of Statute of Blood Nobility of the City of M\u00e1laga, s. XVII<\/title>\n<meta name=\"description\" content=\"Real Privilege of Statute and Sobrecarta of Blood Nobility of the City of Malaga, granted the first one in 1662 by Felipe IV and second one in 1693 by Carlos II\" \/>\n<meta name=\"robots\" content=\"index, follow, max-snippet:-1, max-image-preview:large, max-video-preview:-1\" \/>\n<link rel=\"canonical\" href=\"https:\/\/www.comprarmejor.es\/en\/product\/privilege-of-statute-of-blood-nobility-of-the-city-of-malaga-s-xvii\/\" \/>\n<meta property=\"og:locale\" content=\"en_US\" \/>\n<meta property=\"og:type\" content=\"article\" \/>\n<meta property=\"og:title\" content=\"Privilege of Statute of Blood Nobility of the City of M\u00e1laga, s. XVII\" \/>\n<meta property=\"og:description\" content=\"Real Privilege of Statute and Sobrecarta of Blood Nobility of the City of Malaga, granted the first one in 1662 by Felipe IV and second one in 1693 by Carlos II\" \/>\n<meta property=\"og:url\" content=\"https:\/\/www.comprarmejor.es\/en\/product\/privilege-of-statute-of-blood-nobility-of-the-city-of-malaga-s-xvii\/\" \/>\n<meta property=\"og:site_name\" content=\"ComprarMejor\" \/>\n<meta property=\"article:modified_time\" content=\"2020-05-03T10:45:20+00:00\" \/>\n<meta property=\"og:image\" content=\"https:\/\/www.comprarmejor.es\/wp-content\/uploads\/2017\/07\/p_6_9_0_4_6904-Privilegio-de-Estatuto-de-Nobleza-de-Sangre-de-la-Ciudad-de-Malaga-s.-XVII.jpg\" \/>\n\t<meta property=\"og:image:width\" content=\"599\" \/>\n\t<meta property=\"og:image:height\" content=\"449\" \/>\n\t<meta property=\"og:image:type\" content=\"image\/jpeg\" \/>\n<meta name=\"twitter:card\" content=\"summary_large_image\" \/>\n<script type=\"application\/ld+json\" class=\"yoast-schema-graph\">{\"@context\":\"https:\\\/\\\/schema.org\",\"@graph\":[{\"@type\":\"WebPage\",\"@id\":\"https:\\\/\\\/www.comprarmejor.es\\\/en\\\/product\\\/privilege-of-statute-of-blood-nobility-of-the-city-of-malaga-s-xvii\\\/\",\"url\":\"https:\\\/\\\/www.comprarmejor.es\\\/en\\\/product\\\/privilege-of-statute-of-blood-nobility-of-the-city-of-malaga-s-xvii\\\/\",\"name\":\"Privilege of Statute of Blood Nobility of the City of M\u00e1laga, s. XVII\",\"isPartOf\":{\"@id\":\"https:\\\/\\\/www.comprarmejor.es\\\/en\\\/#website\"},\"primaryImageOfPage\":{\"@id\":\"https:\\\/\\\/www.comprarmejor.es\\\/en\\\/product\\\/privilege-of-statute-of-blood-nobility-of-the-city-of-malaga-s-xvii\\\/#primaryimage\"},\"image\":{\"@id\":\"https:\\\/\\\/www.comprarmejor.es\\\/en\\\/product\\\/privilege-of-statute-of-blood-nobility-of-the-city-of-malaga-s-xvii\\\/#primaryimage\"},\"thumbnailUrl\":\"https:\\\/\\\/www.comprarmejor.es\\\/wp-content\\\/uploads\\\/2017\\\/07\\\/p_6_9_0_4_6904-Privilegio-de-Estatuto-de-Nobleza-de-Sangre-de-la-Ciudad-de-Malaga-s.-XVII.jpg\",\"datePublished\":\"2017-07-06T15:48:57+00:00\",\"dateModified\":\"2020-05-03T10:45:20+00:00\",\"description\":\"Real Privilege of Statute and Sobrecarta of Blood Nobility of the City of Malaga, granted the first one in 1662 by Felipe IV and second one in 1693 by Carlos II\",\"breadcrumb\":{\"@id\":\"https:\\\/\\\/www.comprarmejor.es\\\/en\\\/product\\\/privilege-of-statute-of-blood-nobility-of-the-city-of-malaga-s-xvii\\\/#breadcrumb\"},\"inLanguage\":\"en-US\",\"potentialAction\":[{\"@type\":\"ReadAction\",\"target\":[\"https:\\\/\\\/www.comprarmejor.es\\\/en\\\/product\\\/privilege-of-statute-of-blood-nobility-of-the-city-of-malaga-s-xvii\\\/\"]}]},{\"@type\":\"ImageObject\",\"inLanguage\":\"en-US\",\"@id\":\"https:\\\/\\\/www.comprarmejor.es\\\/en\\\/product\\\/privilege-of-statute-of-blood-nobility-of-the-city-of-malaga-s-xvii\\\/#primaryimage\",\"url\":\"https:\\\/\\\/www.comprarmejor.es\\\/wp-content\\\/uploads\\\/2017\\\/07\\\/p_6_9_0_4_6904-Privilegio-de-Estatuto-de-Nobleza-de-Sangre-de-la-Ciudad-de-Malaga-s.-XVII.jpg\",\"contentUrl\":\"https:\\\/\\\/www.comprarmejor.es\\\/wp-content\\\/uploads\\\/2017\\\/07\\\/p_6_9_0_4_6904-Privilegio-de-Estatuto-de-Nobleza-de-Sangre-de-la-Ciudad-de-Malaga-s.-XVII.jpg\",\"width\":599,\"height\":449},{\"@type\":\"BreadcrumbList\",\"@id\":\"https:\\\/\\\/www.comprarmejor.es\\\/en\\\/product\\\/privilege-of-statute-of-blood-nobility-of-the-city-of-malaga-s-xvii\\\/#breadcrumb\",\"itemListElement\":[{\"@type\":\"ListItem\",\"position\":1,\"name\":\"Portada\",\"item\":\"https:\\\/\\\/www.comprarmejor.es\\\/en\\\/\"},{\"@type\":\"ListItem\",\"position\":2,\"name\":\"Shop\",\"item\":\"https:\\\/\\\/www.comprarmejor.es\\\/en\\\/shop\\\/\"},{\"@type\":\"ListItem\",\"position\":3,\"name\":\"Privilege of Statute of Blood Nobility of the City of M\u00e1laga, s. XVII\"}]},{\"@type\":\"WebSite\",\"@id\":\"https:\\\/\\\/www.comprarmejor.es\\\/en\\\/#website\",\"url\":\"https:\\\/\\\/www.comprarmejor.es\\\/en\\\/\",\"name\":\"ComprarMejor\",\"description\":\"ComprarMejor\",\"publisher\":{\"@id\":\"https:\\\/\\\/www.comprarmejor.es\\\/en\\\/#organization\"},\"potentialAction\":[{\"@type\":\"SearchAction\",\"target\":{\"@type\":\"EntryPoint\",\"urlTemplate\":\"https:\\\/\\\/www.comprarmejor.es\\\/en\\\/?s={search_term_string}\"},\"query-input\":{\"@type\":\"PropertyValueSpecification\",\"valueRequired\":true,\"valueName\":\"search_term_string\"}}],\"inLanguage\":\"en-US\"},{\"@type\":\"Organization\",\"@id\":\"https:\\\/\\\/www.comprarmejor.es\\\/en\\\/#organization\",\"name\":\"COMPRAR MEJOR\",\"url\":\"https:\\\/\\\/www.comprarmejor.es\\\/en\\\/\",\"logo\":{\"@type\":\"ImageObject\",\"inLanguage\":\"en-US\",\"@id\":\"https:\\\/\\\/www.comprarmejor.es\\\/en\\\/#\\\/schema\\\/logo\\\/image\\\/\",\"url\":\"https:\\\/\\\/www.comprarmejor.es\\\/wp-content\\\/uploads\\\/2025\\\/09\\\/comprarmejortrinidad.jpg\",\"contentUrl\":\"https:\\\/\\\/www.comprarmejor.es\\\/wp-content\\\/uploads\\\/2025\\\/09\\\/comprarmejortrinidad.jpg\",\"width\":1022,\"height\":1380,\"caption\":\"COMPRAR MEJOR\"},\"image\":{\"@id\":\"https:\\\/\\\/www.comprarmejor.es\\\/en\\\/#\\\/schema\\\/logo\\\/image\\\/\"},\"sameAs\":[\"https:\\\/\\\/www.instagram.com\\\/amigosdelcodice\"]}]}<\/script>\n<!-- \/ Yoast SEO plugin. -->","yoast_head_json":{"title":"Privilege of Statute of Blood Nobility of the City of M\u00e1laga, s. XVII","description":"Real Privilege of Statute and Sobrecarta of Blood Nobility of the City of Malaga, granted the first one in 1662 by Felipe IV and second one in 1693 by Carlos II","robots":{"index":"index","follow":"follow","max-snippet":"max-snippet:-1","max-image-preview":"max-image-preview:large","max-video-preview":"max-video-preview:-1"},"canonical":"https:\/\/www.comprarmejor.es\/en\/product\/privilege-of-statute-of-blood-nobility-of-the-city-of-malaga-s-xvii\/","og_locale":"en_US","og_type":"article","og_title":"Privilege of Statute of Blood Nobility of the City of M\u00e1laga, s. XVII","og_description":"Real Privilege of Statute and Sobrecarta of Blood Nobility of the City of Malaga, granted the first one in 1662 by Felipe IV and second one in 1693 by Carlos II","og_url":"https:\/\/www.comprarmejor.es\/en\/product\/privilege-of-statute-of-blood-nobility-of-the-city-of-malaga-s-xvii\/","og_site_name":"ComprarMejor","article_modified_time":"2020-05-03T10:45:20+00:00","og_image":[{"width":599,"height":449,"url":"https:\/\/www.comprarmejor.es\/wp-content\/uploads\/2017\/07\/p_6_9_0_4_6904-Privilegio-de-Estatuto-de-Nobleza-de-Sangre-de-la-Ciudad-de-Malaga-s.-XVII.jpg","type":"image\/jpeg"}],"twitter_card":"summary_large_image","schema":{"@context":"https:\/\/schema.org","@graph":[{"@type":"WebPage","@id":"https:\/\/www.comprarmejor.es\/en\/product\/privilege-of-statute-of-blood-nobility-of-the-city-of-malaga-s-xvii\/","url":"https:\/\/www.comprarmejor.es\/en\/product\/privilege-of-statute-of-blood-nobility-of-the-city-of-malaga-s-xvii\/","name":"Privilege of Statute of Blood Nobility of the City of M\u00e1laga, s. XVII","isPartOf":{"@id":"https:\/\/www.comprarmejor.es\/en\/#website"},"primaryImageOfPage":{"@id":"https:\/\/www.comprarmejor.es\/en\/product\/privilege-of-statute-of-blood-nobility-of-the-city-of-malaga-s-xvii\/#primaryimage"},"image":{"@id":"https:\/\/www.comprarmejor.es\/en\/product\/privilege-of-statute-of-blood-nobility-of-the-city-of-malaga-s-xvii\/#primaryimage"},"thumbnailUrl":"https:\/\/www.comprarmejor.es\/wp-content\/uploads\/2017\/07\/p_6_9_0_4_6904-Privilegio-de-Estatuto-de-Nobleza-de-Sangre-de-la-Ciudad-de-Malaga-s.-XVII.jpg","datePublished":"2017-07-06T15:48:57+00:00","dateModified":"2020-05-03T10:45:20+00:00","description":"Real Privilege of Statute and Sobrecarta of Blood Nobility of the City of Malaga, granted the first one in 1662 by Felipe IV and second one in 1693 by Carlos II","breadcrumb":{"@id":"https:\/\/www.comprarmejor.es\/en\/product\/privilege-of-statute-of-blood-nobility-of-the-city-of-malaga-s-xvii\/#breadcrumb"},"inLanguage":"en-US","potentialAction":[{"@type":"ReadAction","target":["https:\/\/www.comprarmejor.es\/en\/product\/privilege-of-statute-of-blood-nobility-of-the-city-of-malaga-s-xvii\/"]}]},{"@type":"ImageObject","inLanguage":"en-US","@id":"https:\/\/www.comprarmejor.es\/en\/product\/privilege-of-statute-of-blood-nobility-of-the-city-of-malaga-s-xvii\/#primaryimage","url":"https:\/\/www.comprarmejor.es\/wp-content\/uploads\/2017\/07\/p_6_9_0_4_6904-Privilegio-de-Estatuto-de-Nobleza-de-Sangre-de-la-Ciudad-de-Malaga-s.-XVII.jpg","contentUrl":"https:\/\/www.comprarmejor.es\/wp-content\/uploads\/2017\/07\/p_6_9_0_4_6904-Privilegio-de-Estatuto-de-Nobleza-de-Sangre-de-la-Ciudad-de-Malaga-s.-XVII.jpg","width":599,"height":449},{"@type":"BreadcrumbList","@id":"https:\/\/www.comprarmejor.es\/en\/product\/privilege-of-statute-of-blood-nobility-of-the-city-of-malaga-s-xvii\/#breadcrumb","itemListElement":[{"@type":"ListItem","position":1,"name":"Portada","item":"https:\/\/www.comprarmejor.es\/en\/"},{"@type":"ListItem","position":2,"name":"Shop","item":"https:\/\/www.comprarmejor.es\/en\/shop\/"},{"@type":"ListItem","position":3,"name":"Privilege of Statute of Blood Nobility of the City of M\u00e1laga, s. XVII"}]},{"@type":"WebSite","@id":"https:\/\/www.comprarmejor.es\/en\/#website","url":"https:\/\/www.comprarmejor.es\/en\/","name":"ComprarMejor","description":"ComprarMejor","publisher":{"@id":"https:\/\/www.comprarmejor.es\/en\/#organization"},"potentialAction":[{"@type":"SearchAction","target":{"@type":"EntryPoint","urlTemplate":"https:\/\/www.comprarmejor.es\/en\/?s={search_term_string}"},"query-input":{"@type":"PropertyValueSpecification","valueRequired":true,"valueName":"search_term_string"}}],"inLanguage":"en-US"},{"@type":"Organization","@id":"https:\/\/www.comprarmejor.es\/en\/#organization","name":"COMPRAR MEJOR","url":"https:\/\/www.comprarmejor.es\/en\/","logo":{"@type":"ImageObject","inLanguage":"en-US","@id":"https:\/\/www.comprarmejor.es\/en\/#\/schema\/logo\/image\/","url":"https:\/\/www.comprarmejor.es\/wp-content\/uploads\/2025\/09\/comprarmejortrinidad.jpg","contentUrl":"https:\/\/www.comprarmejor.es\/wp-content\/uploads\/2025\/09\/comprarmejortrinidad.jpg","width":1022,"height":1380,"caption":"COMPRAR MEJOR"},"image":{"@id":"https:\/\/www.comprarmejor.es\/en\/#\/schema\/logo\/image\/"},"sameAs":["https:\/\/www.instagram.com\/amigosdelcodice"]}]}},"_links":{"self":[{"href":"https:\/\/www.comprarmejor.es\/en\/wp-json\/wp\/v2\/product\/54989","targetHints":{"allow":["GET"]}}],"collection":[{"href":"https:\/\/www.comprarmejor.es\/en\/wp-json\/wp\/v2\/product"}],"about":[{"href":"https:\/\/www.comprarmejor.es\/en\/wp-json\/wp\/v2\/types\/product"}],"wp:featuredmedia":[{"embeddable":true,"href":"https:\/\/www.comprarmejor.es\/en\/wp-json\/wp\/v2\/media\/54977"}],"wp:attachment":[{"href":"https:\/\/www.comprarmejor.es\/en\/wp-json\/wp\/v2\/media?parent=54989"}],"wp:term":[{"taxonomy":"product_brand","embeddable":true,"href":"https:\/\/www.comprarmejor.es\/en\/wp-json\/wp\/v2\/product_brand?post=54989"},{"taxonomy":"product_cat","embeddable":true,"href":"https:\/\/www.comprarmejor.es\/en\/wp-json\/wp\/v2\/product_cat?post=54989"},{"taxonomy":"product_tag","embeddable":true,"href":"https:\/\/www.comprarmejor.es\/en\/wp-json\/wp\/v2\/product_tag?post=54989"}],"curies":[{"name":"wp","href":"https:\/\/api.w.org\/{rel}","templated":true}]}}