{"id":54997,"date":"2017-07-07T10:25:50","date_gmt":"2017-07-07T08:25:50","guid":{"rendered":"https:\/\/www.comprarmejor.es\/producto\/codex-veitia-s-xviii\/"},"modified":"2026-05-02T12:30:46","modified_gmt":"2026-05-02T10:30:46","slug":"codex-veitia-s-xviii","status":"publish","type":"product","link":"https:\/\/www.comprarmejor.es\/en\/product\/codex-veitia-s-xviii\/","title":{"rendered":"Codex Veitia, s. XVIII"},"content":{"rendered":"<p><span class=\"HwtZe\" lang=\"en\"><span class=\"jCAhz ChMk0b\"><span class=\"ryNqvb\">ARTICLE FOR INFORMATIONAL PURPOSES ONLY<\/span><\/span><\/span><\/p>\n<p style=\"text-align: justify;\"><span id=\"result_box\" lang=\"en\" xml:lang=\"en\"><span title=\"Existe versi\u00f3n en ingl\u00e9s, si le interesa cons\u00faltenos.\"><span lang=\"en\" xml:lang=\"en\"><span title=\"Reproducci\u00f3n facsimilar del c\u00f3dice de 138 p\u00e1ginas sobre la cultura azteca, mandado copiar en 1775 por Veitia, uno de los continuadores del prestigioso arque\u00f3logo Boturini.\">Facsimile reproduction of the 138-page codex on Aztec culture, ordered to be copied in 1775 by Veitia, one of the continuators of the prestigious archaeologist Boturini. <\/span><span title=\"\u00daltimo de los c\u00f3dices mexicanos del grupo Magliabecchiano.\">Last of the Mexican codices of the group Magliabecchiano. <\/span><span title=\"Contiene 22 dibujos coloreados que describen los modos de celebrar las fiestas y otros conocimientos y costumbres de la \u00e9poca.\">It contains 22 colored drawings that describe the ways to celebrate the holidays and other knowledge and customs of the time.<\/span><\/span><\/span><\/span><\/p>\n<p style=\"text-align: justify;\"><span title=\"Original conservado en la Biblioteca del Palacio Real de Madrid.\">Original preserved in the Library of the Royal Palace of Madrid.<\/span><\/p>\n<p style=\"text-align: justify;\"><span title=\"Modos que ten\u00edan los yndios de zelebrar sus fiestas, es el nombre original del que se conoce simplemente como C\u00f3dice Veitia.\">Modes that the Indians had to zelebrar their parties, is the original name of which is known simply like Codex Veitia.<\/span><\/p>\n<p style=\"text-align: justify;\"><span title=\"Bella edici\u00f3n facs\u00edmile realizada en 1986, encuadernado en piel de cabra estampada en seco con cuatro tachuelas en cada tapa.\">Beautiful facsimile edition made in 1986, bound in dry pressed goatskin with four tacks on each cover. <\/span><span title=\"Piel con signos de uso que le dan el encanto de la antig\u00fcedad.\">Leather with signs of use that give the charm of antiquity. <\/span><span title=\"Formato 14,5 x 22 cm.\">Format 14,5 x 22 cm. <\/span><span title=\"130 p\u00e1ginas.\">130 pages.<\/span><\/p>\n<p style=\"text-align: justify;\"><span title=\"Edici\u00f3n internacional limitada a 980 ejemplares, numerada y certificada.\">International edition limited to 980 copies, numbered and certified.<\/span><\/p>\n<p style=\"text-align: justify;\"><span title=\"El volumen complementario de 166 p\u00e1ginas consta de estudio, transcripci\u00f3n y notas de Jos\u00e9 Alcina Franch y Francisco Morales Padr\u00f3n.\">The complementary volume of 166 pages consists of study, transcription and notes of Jos\u00e9 Alcina Franch and Francisco Morales Padr\u00f3n. <\/span><span title=\"Encuadernaci\u00f3n en r\u00fastica con solapa y con sobrecubierta.\">Binding with paperback and dust jacket. <\/span><span title=\"Formato 17 x 23,7 cm.\">Format 17 x 23.7 cm. <\/span><span title=\"Textos en espa\u00f1ol.\">Texts in Spanish. <\/span><span title=\"Existe versi\u00f3n en ingl\u00e9s, si le interesa cons\u00faltenos.\">There is an English version, if you are interested, please contact us<\/span>.<\/p>\n<p style=\"text-align: justify;\"><span title=\"Gastos de env\u00edo por cuenta del comprador, seg\u00fan pedido y destino.\">Retail Price: 1.687 \u20ac. <\/span><span title=\"Cons\u00faltenos sin compromiso (indicando la referencia del art\u00edculo) cualquier duda, as\u00ed como por cualquier otro facs\u00edmile o art\u00edculo que est\u00e9 buscando.\"><a class=\"btn btn-default\" href=\"https:\/\/www.comprarmejor.es\/en\/contact\/\">Ask us<\/a> without obligation (indicating the reference of the article) any doubt, as well as any other facsimile or article that you are looking for.<\/span><\/p>\n","protected":false},"excerpt":{"rendered":"<p style=\"text-align: justify;\"><span id=\"result_box\" lang=\"en\" xml:lang=\"en\"><span title=\"Modos que ten\u00edan los yndios de zelebrar sus fiestas, es el nombre original del que se conoce simplemente como C\u00f3dice Veitia.\">Modes that the Indians had to zelebrar their parties, is the original name of which is known simply like Codex Veitia.<\/span><\/span><\/p>\n","protected":false},"featured_media":54991,"template":"","meta":[],"product_brand":[],"product_cat":[2250],"product_tag":[5769,5804,3999,4174],"class_list":{"0":"post-54997","1":"product","2":"type-product","3":"status-publish","4":"has-post-thumbnail","6":"product_cat-other-facsimiles","7":"product_tag-america-en","8":"product_tag-azteca-en","9":"product_tag-testimonio-en","10":"product_tag-veitia-en","11":"description-off","13":"first","14":"instock","15":"taxable","16":"shipping-taxable","17":"purchasable","18":"product-type-simple"},"yoast_head":"<!-- This site is optimized with the Yoast SEO plugin v27.3 - https:\/\/yoast.com\/product\/yoast-seo-wordpress\/ -->\n<title>Codex Veitia, s. XVIII<\/title>\n<meta name=\"description\" content=\"Modes that the Indians had to zelebrar their parties, is the original name of which is known simply like Codex Veitia azteca\" \/>\n<meta name=\"robots\" content=\"index, follow, max-snippet:-1, max-image-preview:large, max-video-preview:-1\" \/>\n<link rel=\"canonical\" href=\"https:\/\/www.comprarmejor.es\/en\/product\/codex-veitia-s-xviii\/\" \/>\n<meta property=\"og:locale\" content=\"en_US\" \/>\n<meta property=\"og:type\" content=\"article\" \/>\n<meta property=\"og:title\" content=\"Codex Veitia, s. XVIII\" \/>\n<meta property=\"og:description\" content=\"Modes that the Indians had to zelebrar their parties, is the original name of which is known simply like Codex Veitia azteca\" \/>\n<meta property=\"og:url\" content=\"https:\/\/www.comprarmejor.es\/en\/product\/codex-veitia-s-xviii\/\" \/>\n<meta property=\"og:site_name\" content=\"ComprarMejor\" \/>\n<meta property=\"article:modified_time\" content=\"2026-05-02T10:30:46+00:00\" \/>\n<meta property=\"og:image\" content=\"https:\/\/www.comprarmejor.es\/wp-content\/uploads\/2017\/07\/p_6_5_8_2_6582-Codice-Veitia-s.-XVIII.jpg\" \/>\n\t<meta property=\"og:image:width\" content=\"559\" \/>\n\t<meta property=\"og:image:height\" content=\"282\" \/>\n\t<meta property=\"og:image:type\" content=\"image\/jpeg\" \/>\n<meta name=\"twitter:card\" content=\"summary_large_image\" \/>\n<meta name=\"twitter:label1\" content=\"Est. reading time\" \/>\n\t<meta name=\"twitter:data1\" content=\"2 minutes\" \/>\n<script type=\"application\/ld+json\" class=\"yoast-schema-graph\">{\"@context\":\"https:\\\/\\\/schema.org\",\"@graph\":[{\"@type\":\"WebPage\",\"@id\":\"https:\\\/\\\/www.comprarmejor.es\\\/en\\\/product\\\/codex-veitia-s-xviii\\\/\",\"url\":\"https:\\\/\\\/www.comprarmejor.es\\\/en\\\/product\\\/codex-veitia-s-xviii\\\/\",\"name\":\"Codex Veitia, s. XVIII\",\"isPartOf\":{\"@id\":\"https:\\\/\\\/www.comprarmejor.es\\\/en\\\/#website\"},\"primaryImageOfPage\":{\"@id\":\"https:\\\/\\\/www.comprarmejor.es\\\/en\\\/product\\\/codex-veitia-s-xviii\\\/#primaryimage\"},\"image\":{\"@id\":\"https:\\\/\\\/www.comprarmejor.es\\\/en\\\/product\\\/codex-veitia-s-xviii\\\/#primaryimage\"},\"thumbnailUrl\":\"https:\\\/\\\/www.comprarmejor.es\\\/wp-content\\\/uploads\\\/2017\\\/07\\\/p_6_5_8_2_6582-Codice-Veitia-s.-XVIII.jpg\",\"datePublished\":\"2017-07-07T08:25:50+00:00\",\"dateModified\":\"2026-05-02T10:30:46+00:00\",\"description\":\"Modes that the Indians had to zelebrar their parties, is the original name of which is known simply like Codex Veitia azteca\",\"breadcrumb\":{\"@id\":\"https:\\\/\\\/www.comprarmejor.es\\\/en\\\/product\\\/codex-veitia-s-xviii\\\/#breadcrumb\"},\"inLanguage\":\"en-US\",\"potentialAction\":[{\"@type\":\"ReadAction\",\"target\":[\"https:\\\/\\\/www.comprarmejor.es\\\/en\\\/product\\\/codex-veitia-s-xviii\\\/\"]}]},{\"@type\":\"ImageObject\",\"inLanguage\":\"en-US\",\"@id\":\"https:\\\/\\\/www.comprarmejor.es\\\/en\\\/product\\\/codex-veitia-s-xviii\\\/#primaryimage\",\"url\":\"https:\\\/\\\/www.comprarmejor.es\\\/wp-content\\\/uploads\\\/2017\\\/07\\\/p_6_5_8_2_6582-Codice-Veitia-s.-XVIII.jpg\",\"contentUrl\":\"https:\\\/\\\/www.comprarmejor.es\\\/wp-content\\\/uploads\\\/2017\\\/07\\\/p_6_5_8_2_6582-Codice-Veitia-s.-XVIII.jpg\",\"width\":559,\"height\":282},{\"@type\":\"BreadcrumbList\",\"@id\":\"https:\\\/\\\/www.comprarmejor.es\\\/en\\\/product\\\/codex-veitia-s-xviii\\\/#breadcrumb\",\"itemListElement\":[{\"@type\":\"ListItem\",\"position\":1,\"name\":\"Portada\",\"item\":\"https:\\\/\\\/www.comprarmejor.es\\\/en\\\/\"},{\"@type\":\"ListItem\",\"position\":2,\"name\":\"Shop\",\"item\":\"https:\\\/\\\/www.comprarmejor.es\\\/en\\\/shop\\\/\"},{\"@type\":\"ListItem\",\"position\":3,\"name\":\"Codex Veitia, s. XVIII\"}]},{\"@type\":\"WebSite\",\"@id\":\"https:\\\/\\\/www.comprarmejor.es\\\/en\\\/#website\",\"url\":\"https:\\\/\\\/www.comprarmejor.es\\\/en\\\/\",\"name\":\"ComprarMejor\",\"description\":\"ComprarMejor\",\"publisher\":{\"@id\":\"https:\\\/\\\/www.comprarmejor.es\\\/en\\\/#organization\"},\"potentialAction\":[{\"@type\":\"SearchAction\",\"target\":{\"@type\":\"EntryPoint\",\"urlTemplate\":\"https:\\\/\\\/www.comprarmejor.es\\\/en\\\/?s={search_term_string}\"},\"query-input\":{\"@type\":\"PropertyValueSpecification\",\"valueRequired\":true,\"valueName\":\"search_term_string\"}}],\"inLanguage\":\"en-US\"},{\"@type\":\"Organization\",\"@id\":\"https:\\\/\\\/www.comprarmejor.es\\\/en\\\/#organization\",\"name\":\"COMPRAR MEJOR\",\"url\":\"https:\\\/\\\/www.comprarmejor.es\\\/en\\\/\",\"logo\":{\"@type\":\"ImageObject\",\"inLanguage\":\"en-US\",\"@id\":\"https:\\\/\\\/www.comprarmejor.es\\\/en\\\/#\\\/schema\\\/logo\\\/image\\\/\",\"url\":\"https:\\\/\\\/www.comprarmejor.es\\\/wp-content\\\/uploads\\\/2025\\\/09\\\/comprarmejortrinidad.jpg\",\"contentUrl\":\"https:\\\/\\\/www.comprarmejor.es\\\/wp-content\\\/uploads\\\/2025\\\/09\\\/comprarmejortrinidad.jpg\",\"width\":1022,\"height\":1380,\"caption\":\"COMPRAR MEJOR\"},\"image\":{\"@id\":\"https:\\\/\\\/www.comprarmejor.es\\\/en\\\/#\\\/schema\\\/logo\\\/image\\\/\"},\"sameAs\":[\"https:\\\/\\\/www.instagram.com\\\/amigosdelcodice\"]}]}<\/script>\n<!-- \/ Yoast SEO plugin. -->","yoast_head_json":{"title":"Codex Veitia, s. XVIII","description":"Modes that the Indians had to zelebrar their parties, is the original name of which is known simply like Codex Veitia azteca","robots":{"index":"index","follow":"follow","max-snippet":"max-snippet:-1","max-image-preview":"max-image-preview:large","max-video-preview":"max-video-preview:-1"},"canonical":"https:\/\/www.comprarmejor.es\/en\/product\/codex-veitia-s-xviii\/","og_locale":"en_US","og_type":"article","og_title":"Codex Veitia, s. XVIII","og_description":"Modes that the Indians had to zelebrar their parties, is the original name of which is known simply like Codex Veitia azteca","og_url":"https:\/\/www.comprarmejor.es\/en\/product\/codex-veitia-s-xviii\/","og_site_name":"ComprarMejor","article_modified_time":"2026-05-02T10:30:46+00:00","og_image":[{"width":559,"height":282,"url":"https:\/\/www.comprarmejor.es\/wp-content\/uploads\/2017\/07\/p_6_5_8_2_6582-Codice-Veitia-s.-XVIII.jpg","type":"image\/jpeg"}],"twitter_card":"summary_large_image","twitter_misc":{"Est. reading time":"2 minutes"},"schema":{"@context":"https:\/\/schema.org","@graph":[{"@type":"WebPage","@id":"https:\/\/www.comprarmejor.es\/en\/product\/codex-veitia-s-xviii\/","url":"https:\/\/www.comprarmejor.es\/en\/product\/codex-veitia-s-xviii\/","name":"Codex Veitia, s. XVIII","isPartOf":{"@id":"https:\/\/www.comprarmejor.es\/en\/#website"},"primaryImageOfPage":{"@id":"https:\/\/www.comprarmejor.es\/en\/product\/codex-veitia-s-xviii\/#primaryimage"},"image":{"@id":"https:\/\/www.comprarmejor.es\/en\/product\/codex-veitia-s-xviii\/#primaryimage"},"thumbnailUrl":"https:\/\/www.comprarmejor.es\/wp-content\/uploads\/2017\/07\/p_6_5_8_2_6582-Codice-Veitia-s.-XVIII.jpg","datePublished":"2017-07-07T08:25:50+00:00","dateModified":"2026-05-02T10:30:46+00:00","description":"Modes that the Indians had to zelebrar their parties, is the original name of which is known simply like Codex Veitia azteca","breadcrumb":{"@id":"https:\/\/www.comprarmejor.es\/en\/product\/codex-veitia-s-xviii\/#breadcrumb"},"inLanguage":"en-US","potentialAction":[{"@type":"ReadAction","target":["https:\/\/www.comprarmejor.es\/en\/product\/codex-veitia-s-xviii\/"]}]},{"@type":"ImageObject","inLanguage":"en-US","@id":"https:\/\/www.comprarmejor.es\/en\/product\/codex-veitia-s-xviii\/#primaryimage","url":"https:\/\/www.comprarmejor.es\/wp-content\/uploads\/2017\/07\/p_6_5_8_2_6582-Codice-Veitia-s.-XVIII.jpg","contentUrl":"https:\/\/www.comprarmejor.es\/wp-content\/uploads\/2017\/07\/p_6_5_8_2_6582-Codice-Veitia-s.-XVIII.jpg","width":559,"height":282},{"@type":"BreadcrumbList","@id":"https:\/\/www.comprarmejor.es\/en\/product\/codex-veitia-s-xviii\/#breadcrumb","itemListElement":[{"@type":"ListItem","position":1,"name":"Portada","item":"https:\/\/www.comprarmejor.es\/en\/"},{"@type":"ListItem","position":2,"name":"Shop","item":"https:\/\/www.comprarmejor.es\/en\/shop\/"},{"@type":"ListItem","position":3,"name":"Codex Veitia, s. XVIII"}]},{"@type":"WebSite","@id":"https:\/\/www.comprarmejor.es\/en\/#website","url":"https:\/\/www.comprarmejor.es\/en\/","name":"ComprarMejor","description":"ComprarMejor","publisher":{"@id":"https:\/\/www.comprarmejor.es\/en\/#organization"},"potentialAction":[{"@type":"SearchAction","target":{"@type":"EntryPoint","urlTemplate":"https:\/\/www.comprarmejor.es\/en\/?s={search_term_string}"},"query-input":{"@type":"PropertyValueSpecification","valueRequired":true,"valueName":"search_term_string"}}],"inLanguage":"en-US"},{"@type":"Organization","@id":"https:\/\/www.comprarmejor.es\/en\/#organization","name":"COMPRAR MEJOR","url":"https:\/\/www.comprarmejor.es\/en\/","logo":{"@type":"ImageObject","inLanguage":"en-US","@id":"https:\/\/www.comprarmejor.es\/en\/#\/schema\/logo\/image\/","url":"https:\/\/www.comprarmejor.es\/wp-content\/uploads\/2025\/09\/comprarmejortrinidad.jpg","contentUrl":"https:\/\/www.comprarmejor.es\/wp-content\/uploads\/2025\/09\/comprarmejortrinidad.jpg","width":1022,"height":1380,"caption":"COMPRAR MEJOR"},"image":{"@id":"https:\/\/www.comprarmejor.es\/en\/#\/schema\/logo\/image\/"},"sameAs":["https:\/\/www.instagram.com\/amigosdelcodice"]}]}},"_links":{"self":[{"href":"https:\/\/www.comprarmejor.es\/en\/wp-json\/wp\/v2\/product\/54997","targetHints":{"allow":["GET"]}}],"collection":[{"href":"https:\/\/www.comprarmejor.es\/en\/wp-json\/wp\/v2\/product"}],"about":[{"href":"https:\/\/www.comprarmejor.es\/en\/wp-json\/wp\/v2\/types\/product"}],"wp:featuredmedia":[{"embeddable":true,"href":"https:\/\/www.comprarmejor.es\/en\/wp-json\/wp\/v2\/media\/54991"}],"wp:attachment":[{"href":"https:\/\/www.comprarmejor.es\/en\/wp-json\/wp\/v2\/media?parent=54997"}],"wp:term":[{"taxonomy":"product_brand","embeddable":true,"href":"https:\/\/www.comprarmejor.es\/en\/wp-json\/wp\/v2\/product_brand?post=54997"},{"taxonomy":"product_cat","embeddable":true,"href":"https:\/\/www.comprarmejor.es\/en\/wp-json\/wp\/v2\/product_cat?post=54997"},{"taxonomy":"product_tag","embeddable":true,"href":"https:\/\/www.comprarmejor.es\/en\/wp-json\/wp\/v2\/product_tag?post=54997"}],"curies":[{"name":"wp","href":"https:\/\/api.w.org\/{rel}","templated":true}]}}