{"id":55011,"date":"2017-07-10T13:26:31","date_gmt":"2017-07-10T11:26:31","guid":{"rendered":"https:\/\/www.comprarmejor.es\/producto\/the-fables-of-la-fontaine-in-french-illustrated-by-jules-david-1839\/"},"modified":"2022-08-23T10:36:55","modified_gmt":"2022-08-23T08:36:55","slug":"the-fables-of-la-fontaine-in-french-illustrated-by-jules-david-1839","status":"publish","type":"product","link":"https:\/\/www.comprarmejor.es\/en\/product\/the-fables-of-la-fontaine-in-french-illustrated-by-jules-david-1839\/","title":{"rendered":"1839 The fables of La Fontaine, in French, illustrated by Jules David"},"content":{"rendered":"<p style=\"text-align: justify;\"><em>Fables de La Fontaine, illustr\u00e9es par Jules David, avec une notice et des notes par M. de Walckenaer, Membre de l\u2019Institut. Paris. Armand Aubr\u00e9e, \u00e9diteur, <\/em><span id=\"result_box\" lang=\"en\" xml:lang=\"en\"><span title=\"Armand Aubr\u00e9e, \u00e9diteur, 1839.\"><em>1839.<\/em><\/span><\/span><\/p>\n<p style=\"text-align: justify;\"><span title=\"Libro original de 1839 correspondiente a una bella edici\u00f3n francesa del siglo XIX con las 240 f\u00e1bulas de La Fontaine, divididas en 12 libros en un solo volumen de 588 p\u00e1ginas profusamente ilustradas.\">Original book of 1839 corresponding to a beautiful French edition of the nineteenth century with the 240 fables of La Fontaine, divided into 12 books in a single volume of 588 pages profusely illustrated. <\/span><span title=\"Retrato de La Fontaine grabado por Choubard e impreso por Mangeon.\">Portrait of La Fontaine engraved by Choubard and printed by Mangeon. <\/span><span title=\"Portada grabada e iluminada a mano en color y oro.\">Cover engraved and illuminated by hand in color and gold. <\/span><span title=\"Textos en franc\u00e9s.\">Texts in French.<\/span><\/p>\n<p style=\"text-align: justify;\"><span title=\"Jean de La Fontaine (1621-1695) public\u00f3 en 1668 su primera colecci\u00f3n de F\u00e1bulas morales y conoci\u00f3 un \u00e9xito fulgurante.\">Jean de La Fontaine (1621-1695) published his first collection of Moral Fables in 1668, and he met a dazzling success. <\/span><span title=\"En total compuso doce libros de f\u00e1bulas que fue publicando entre 1668 y 1694. A trav\u00e9s de ellas ofrec\u00eda su propia visi\u00f3n de la sociedad francesa, ir\u00f3nica, burguesa y un tanto esc\u00e9ptica;\">In total he composed twelve books of fables which he published between 1668 and 1694. Through them he offered his own vision of French society, ironic, bourgeois and somewhat skeptical; <\/span><span title=\"su intenci\u00f3n era crear un peque\u00f1o microcosmos: &quot;Una gran comedia en cien actos diversos \/ cuyo escenario es el Universo&quot;.\">His intention was to create a small microcosm: &#8220;A great comedy in a hundred different acts \/ whose stage is the Universe&#8221;.<\/span><\/p>\n<p style=\"text-align: justify;\"><span title=\"Encuadernaci\u00f3n de \u00e9poca en media piel con hierros dorados en el lomo, cantos tintados, cinta gu\u00eda.\">Vintage binder in half leather with golden irons on the back, tinted edges, guide tape. <\/span><span title=\"Formato 15,5 x 22,8 cm.\">Format 15.5 x 22.8 cm.<\/span><\/p>\n<p style=\"text-align: justify;\"><span title=\"Bella edici\u00f3n rom\u00e1ntica de las f\u00e1bulas de La Fontaine de la primera mitad del siglo XIX.\">Beautiful romantic edition of the fables of La Fontaine of the first half of the nineteenth century. <\/span><span title=\"El papel presenta muchas manchas de \u00f3xido, aunque sin afectar a la lectura ni al disfrute de las bellas ilustraciones.\">The paper has many rust stains, but without affecting the reading or the enjoyment of the beautiful illustrations.<\/span><\/p>\n<p style=\"text-align: justify;\"><span title=\"Gastos de env\u00edo por cuenta del comprador, seg\u00fan pedido y destino.\"><span class=\"VIiyi\" lang=\"en\"><span class=\"JLqJ4b ChMk0b C1N51c\" data-language-for-alternatives=\"en\" data-language-to-translate-into=\"es\" data-phrase-index=\"0\" data-number-of-phrases=\"2\"><span class=\"Q4iAWc\">Shipping costs paid by the buyer, according to order and destination<\/span><\/span><\/span>. <\/span><span title=\"Cons\u00faltenos sin compromiso (indicando la referencia del art\u00edculo) cualquier duda, as\u00ed como por cualquier otro art\u00edculo que est\u00e9 buscando.\"><a class=\"btn btn-default\" href=\"https:\/\/www.comprarmejor.es\/en\/contact\">Ask us<\/a> <span class=\"VIiyi\" lang=\"en\"><span class=\"JLqJ4b ChMk0b\" data-language-for-alternatives=\"en\" data-language-to-translate-into=\"es\" data-phrase-index=\"1\" data-number-of-phrases=\"2\"><span class=\"Q4iAWc\">any questions you may have, indicating the article reference.<\/span><\/span><\/span><br \/>\n<\/span><\/p>\n","protected":false},"excerpt":{"rendered":"<p style=\"text-align: justify;\">Fables de La Fontaine, illustr\u00e9es par Jules David, avec une notice et des notes par M. de Walckenaer, Membre de l\u2019Institut. Paris. Armand Aubr\u00e9e, \u00e9diteur, 1839.<\/p>\n","protected":false},"featured_media":54999,"template":"","meta":[],"product_brand":[],"product_cat":[2202],"product_tag":[4172],"class_list":{"0":"post-55011","1":"product","2":"type-product","3":"status-publish","4":"has-post-thumbnail","6":"product_cat-old-books","7":"product_tag-fontaine-en-2","8":"product_shipping_class-from-2-to-5-kg","9":"description-off","11":"first","12":"instock","13":"taxable","14":"shipping-taxable","15":"purchasable","16":"product-type-simple"},"yoast_head":"<!-- This site is optimized with the Yoast SEO plugin v27.3 - https:\/\/yoast.com\/product\/yoast-seo-wordpress\/ -->\n<title>The fables of La Fontaine, in French, illustrated by Jules David, 1839<\/title>\n<meta name=\"description\" content=\"Fables de La Fontaine, illustr\u00e9es par Jules David, avec une notice et des notes par M. de Walckenaer, Membre de l\u2019Institut. Paris. 1839\" \/>\n<meta name=\"robots\" content=\"index, follow, max-snippet:-1, max-image-preview:large, max-video-preview:-1\" \/>\n<link rel=\"canonical\" href=\"https:\/\/www.comprarmejor.es\/en\/product\/the-fables-of-la-fontaine-in-french-illustrated-by-jules-david-1839\/\" \/>\n<meta property=\"og:locale\" content=\"en_US\" \/>\n<meta property=\"og:type\" content=\"article\" \/>\n<meta property=\"og:title\" content=\"The fables of La Fontaine, in French, illustrated by Jules David, 1839\" \/>\n<meta property=\"og:description\" content=\"Fables de La Fontaine, illustr\u00e9es par Jules David, avec une notice et des notes par M. de Walckenaer, Membre de l\u2019Institut. Paris. 1839\" \/>\n<meta property=\"og:url\" content=\"https:\/\/www.comprarmejor.es\/en\/product\/the-fables-of-la-fontaine-in-french-illustrated-by-jules-david-1839\/\" \/>\n<meta property=\"og:site_name\" content=\"ComprarMejor\" \/>\n<meta property=\"article:modified_time\" content=\"2022-08-23T08:36:55+00:00\" \/>\n<meta property=\"og:image\" content=\"https:\/\/www.comprarmejor.es\/wp-content\/uploads\/2017\/07\/p_6_8_5_5_6855-Las-fabulas-de-La-Fontaine-en-frances-ilustrado-por-Jules-David-1839-e1593340955437.jpg\" \/>\n\t<meta property=\"og:image:width\" content=\"449\" \/>\n\t<meta property=\"og:image:height\" content=\"599\" \/>\n\t<meta property=\"og:image:type\" content=\"image\/jpeg\" \/>\n<meta name=\"twitter:card\" content=\"summary_large_image\" \/>\n<meta name=\"twitter:label1\" content=\"Est. reading time\" \/>\n\t<meta name=\"twitter:data1\" content=\"1 minute\" \/>\n<script type=\"application\/ld+json\" class=\"yoast-schema-graph\">{\"@context\":\"https:\\\/\\\/schema.org\",\"@graph\":[{\"@type\":\"WebPage\",\"@id\":\"https:\\\/\\\/www.comprarmejor.es\\\/en\\\/product\\\/the-fables-of-la-fontaine-in-french-illustrated-by-jules-david-1839\\\/\",\"url\":\"https:\\\/\\\/www.comprarmejor.es\\\/en\\\/product\\\/the-fables-of-la-fontaine-in-french-illustrated-by-jules-david-1839\\\/\",\"name\":\"The fables of La Fontaine, in French, illustrated by Jules David, 1839\",\"isPartOf\":{\"@id\":\"https:\\\/\\\/www.comprarmejor.es\\\/en\\\/#website\"},\"primaryImageOfPage\":{\"@id\":\"https:\\\/\\\/www.comprarmejor.es\\\/en\\\/product\\\/the-fables-of-la-fontaine-in-french-illustrated-by-jules-david-1839\\\/#primaryimage\"},\"image\":{\"@id\":\"https:\\\/\\\/www.comprarmejor.es\\\/en\\\/product\\\/the-fables-of-la-fontaine-in-french-illustrated-by-jules-david-1839\\\/#primaryimage\"},\"thumbnailUrl\":\"https:\\\/\\\/www.comprarmejor.es\\\/wp-content\\\/uploads\\\/2017\\\/07\\\/p_6_8_5_5_6855-Las-fabulas-de-La-Fontaine-en-frances-ilustrado-por-Jules-David-1839-e1593340955437.jpg\",\"datePublished\":\"2017-07-10T11:26:31+00:00\",\"dateModified\":\"2022-08-23T08:36:55+00:00\",\"description\":\"Fables de La Fontaine, illustr\u00e9es par Jules David, avec une notice et des notes par M. de Walckenaer, Membre de l\u2019Institut. Paris. 1839\",\"breadcrumb\":{\"@id\":\"https:\\\/\\\/www.comprarmejor.es\\\/en\\\/product\\\/the-fables-of-la-fontaine-in-french-illustrated-by-jules-david-1839\\\/#breadcrumb\"},\"inLanguage\":\"en-US\",\"potentialAction\":[{\"@type\":\"ReadAction\",\"target\":[\"https:\\\/\\\/www.comprarmejor.es\\\/en\\\/product\\\/the-fables-of-la-fontaine-in-french-illustrated-by-jules-david-1839\\\/\"]}]},{\"@type\":\"ImageObject\",\"inLanguage\":\"en-US\",\"@id\":\"https:\\\/\\\/www.comprarmejor.es\\\/en\\\/product\\\/the-fables-of-la-fontaine-in-french-illustrated-by-jules-david-1839\\\/#primaryimage\",\"url\":\"https:\\\/\\\/www.comprarmejor.es\\\/wp-content\\\/uploads\\\/2017\\\/07\\\/p_6_8_5_5_6855-Las-fabulas-de-La-Fontaine-en-frances-ilustrado-por-Jules-David-1839-e1593340955437.jpg\",\"contentUrl\":\"https:\\\/\\\/www.comprarmejor.es\\\/wp-content\\\/uploads\\\/2017\\\/07\\\/p_6_8_5_5_6855-Las-fabulas-de-La-Fontaine-en-frances-ilustrado-por-Jules-David-1839-e1593340955437.jpg\",\"width\":449,\"height\":599},{\"@type\":\"BreadcrumbList\",\"@id\":\"https:\\\/\\\/www.comprarmejor.es\\\/en\\\/product\\\/the-fables-of-la-fontaine-in-french-illustrated-by-jules-david-1839\\\/#breadcrumb\",\"itemListElement\":[{\"@type\":\"ListItem\",\"position\":1,\"name\":\"Portada\",\"item\":\"https:\\\/\\\/www.comprarmejor.es\\\/en\\\/\"},{\"@type\":\"ListItem\",\"position\":2,\"name\":\"Shop\",\"item\":\"https:\\\/\\\/www.comprarmejor.es\\\/en\\\/shop\\\/\"},{\"@type\":\"ListItem\",\"position\":3,\"name\":\"1839 The fables of La Fontaine, in French, illustrated by Jules David\"}]},{\"@type\":\"WebSite\",\"@id\":\"https:\\\/\\\/www.comprarmejor.es\\\/en\\\/#website\",\"url\":\"https:\\\/\\\/www.comprarmejor.es\\\/en\\\/\",\"name\":\"ComprarMejor\",\"description\":\"ComprarMejor\",\"publisher\":{\"@id\":\"https:\\\/\\\/www.comprarmejor.es\\\/en\\\/#organization\"},\"potentialAction\":[{\"@type\":\"SearchAction\",\"target\":{\"@type\":\"EntryPoint\",\"urlTemplate\":\"https:\\\/\\\/www.comprarmejor.es\\\/en\\\/?s={search_term_string}\"},\"query-input\":{\"@type\":\"PropertyValueSpecification\",\"valueRequired\":true,\"valueName\":\"search_term_string\"}}],\"inLanguage\":\"en-US\"},{\"@type\":\"Organization\",\"@id\":\"https:\\\/\\\/www.comprarmejor.es\\\/en\\\/#organization\",\"name\":\"COMPRAR MEJOR\",\"url\":\"https:\\\/\\\/www.comprarmejor.es\\\/en\\\/\",\"logo\":{\"@type\":\"ImageObject\",\"inLanguage\":\"en-US\",\"@id\":\"https:\\\/\\\/www.comprarmejor.es\\\/en\\\/#\\\/schema\\\/logo\\\/image\\\/\",\"url\":\"https:\\\/\\\/www.comprarmejor.es\\\/wp-content\\\/uploads\\\/2025\\\/09\\\/comprarmejortrinidad.jpg\",\"contentUrl\":\"https:\\\/\\\/www.comprarmejor.es\\\/wp-content\\\/uploads\\\/2025\\\/09\\\/comprarmejortrinidad.jpg\",\"width\":1022,\"height\":1380,\"caption\":\"COMPRAR MEJOR\"},\"image\":{\"@id\":\"https:\\\/\\\/www.comprarmejor.es\\\/en\\\/#\\\/schema\\\/logo\\\/image\\\/\"},\"sameAs\":[\"https:\\\/\\\/www.instagram.com\\\/amigosdelcodice\"]}]}<\/script>\n<!-- \/ Yoast SEO plugin. -->","yoast_head_json":{"title":"The fables of La Fontaine, in French, illustrated by Jules David, 1839","description":"Fables de La Fontaine, illustr\u00e9es par Jules David, avec une notice et des notes par M. de Walckenaer, Membre de l\u2019Institut. Paris. 1839","robots":{"index":"index","follow":"follow","max-snippet":"max-snippet:-1","max-image-preview":"max-image-preview:large","max-video-preview":"max-video-preview:-1"},"canonical":"https:\/\/www.comprarmejor.es\/en\/product\/the-fables-of-la-fontaine-in-french-illustrated-by-jules-david-1839\/","og_locale":"en_US","og_type":"article","og_title":"The fables of La Fontaine, in French, illustrated by Jules David, 1839","og_description":"Fables de La Fontaine, illustr\u00e9es par Jules David, avec une notice et des notes par M. de Walckenaer, Membre de l\u2019Institut. Paris. 1839","og_url":"https:\/\/www.comprarmejor.es\/en\/product\/the-fables-of-la-fontaine-in-french-illustrated-by-jules-david-1839\/","og_site_name":"ComprarMejor","article_modified_time":"2022-08-23T08:36:55+00:00","og_image":[{"width":449,"height":599,"url":"https:\/\/www.comprarmejor.es\/wp-content\/uploads\/2017\/07\/p_6_8_5_5_6855-Las-fabulas-de-La-Fontaine-en-frances-ilustrado-por-Jules-David-1839-e1593340955437.jpg","type":"image\/jpeg"}],"twitter_card":"summary_large_image","twitter_misc":{"Est. reading time":"1 minute"},"schema":{"@context":"https:\/\/schema.org","@graph":[{"@type":"WebPage","@id":"https:\/\/www.comprarmejor.es\/en\/product\/the-fables-of-la-fontaine-in-french-illustrated-by-jules-david-1839\/","url":"https:\/\/www.comprarmejor.es\/en\/product\/the-fables-of-la-fontaine-in-french-illustrated-by-jules-david-1839\/","name":"The fables of La Fontaine, in French, illustrated by Jules David, 1839","isPartOf":{"@id":"https:\/\/www.comprarmejor.es\/en\/#website"},"primaryImageOfPage":{"@id":"https:\/\/www.comprarmejor.es\/en\/product\/the-fables-of-la-fontaine-in-french-illustrated-by-jules-david-1839\/#primaryimage"},"image":{"@id":"https:\/\/www.comprarmejor.es\/en\/product\/the-fables-of-la-fontaine-in-french-illustrated-by-jules-david-1839\/#primaryimage"},"thumbnailUrl":"https:\/\/www.comprarmejor.es\/wp-content\/uploads\/2017\/07\/p_6_8_5_5_6855-Las-fabulas-de-La-Fontaine-en-frances-ilustrado-por-Jules-David-1839-e1593340955437.jpg","datePublished":"2017-07-10T11:26:31+00:00","dateModified":"2022-08-23T08:36:55+00:00","description":"Fables de La Fontaine, illustr\u00e9es par Jules David, avec une notice et des notes par M. de Walckenaer, Membre de l\u2019Institut. Paris. 1839","breadcrumb":{"@id":"https:\/\/www.comprarmejor.es\/en\/product\/the-fables-of-la-fontaine-in-french-illustrated-by-jules-david-1839\/#breadcrumb"},"inLanguage":"en-US","potentialAction":[{"@type":"ReadAction","target":["https:\/\/www.comprarmejor.es\/en\/product\/the-fables-of-la-fontaine-in-french-illustrated-by-jules-david-1839\/"]}]},{"@type":"ImageObject","inLanguage":"en-US","@id":"https:\/\/www.comprarmejor.es\/en\/product\/the-fables-of-la-fontaine-in-french-illustrated-by-jules-david-1839\/#primaryimage","url":"https:\/\/www.comprarmejor.es\/wp-content\/uploads\/2017\/07\/p_6_8_5_5_6855-Las-fabulas-de-La-Fontaine-en-frances-ilustrado-por-Jules-David-1839-e1593340955437.jpg","contentUrl":"https:\/\/www.comprarmejor.es\/wp-content\/uploads\/2017\/07\/p_6_8_5_5_6855-Las-fabulas-de-La-Fontaine-en-frances-ilustrado-por-Jules-David-1839-e1593340955437.jpg","width":449,"height":599},{"@type":"BreadcrumbList","@id":"https:\/\/www.comprarmejor.es\/en\/product\/the-fables-of-la-fontaine-in-french-illustrated-by-jules-david-1839\/#breadcrumb","itemListElement":[{"@type":"ListItem","position":1,"name":"Portada","item":"https:\/\/www.comprarmejor.es\/en\/"},{"@type":"ListItem","position":2,"name":"Shop","item":"https:\/\/www.comprarmejor.es\/en\/shop\/"},{"@type":"ListItem","position":3,"name":"1839 The fables of La Fontaine, in French, illustrated by Jules David"}]},{"@type":"WebSite","@id":"https:\/\/www.comprarmejor.es\/en\/#website","url":"https:\/\/www.comprarmejor.es\/en\/","name":"ComprarMejor","description":"ComprarMejor","publisher":{"@id":"https:\/\/www.comprarmejor.es\/en\/#organization"},"potentialAction":[{"@type":"SearchAction","target":{"@type":"EntryPoint","urlTemplate":"https:\/\/www.comprarmejor.es\/en\/?s={search_term_string}"},"query-input":{"@type":"PropertyValueSpecification","valueRequired":true,"valueName":"search_term_string"}}],"inLanguage":"en-US"},{"@type":"Organization","@id":"https:\/\/www.comprarmejor.es\/en\/#organization","name":"COMPRAR MEJOR","url":"https:\/\/www.comprarmejor.es\/en\/","logo":{"@type":"ImageObject","inLanguage":"en-US","@id":"https:\/\/www.comprarmejor.es\/en\/#\/schema\/logo\/image\/","url":"https:\/\/www.comprarmejor.es\/wp-content\/uploads\/2025\/09\/comprarmejortrinidad.jpg","contentUrl":"https:\/\/www.comprarmejor.es\/wp-content\/uploads\/2025\/09\/comprarmejortrinidad.jpg","width":1022,"height":1380,"caption":"COMPRAR MEJOR"},"image":{"@id":"https:\/\/www.comprarmejor.es\/en\/#\/schema\/logo\/image\/"},"sameAs":["https:\/\/www.instagram.com\/amigosdelcodice"]}]}},"_links":{"self":[{"href":"https:\/\/www.comprarmejor.es\/en\/wp-json\/wp\/v2\/product\/55011","targetHints":{"allow":["GET"]}}],"collection":[{"href":"https:\/\/www.comprarmejor.es\/en\/wp-json\/wp\/v2\/product"}],"about":[{"href":"https:\/\/www.comprarmejor.es\/en\/wp-json\/wp\/v2\/types\/product"}],"wp:featuredmedia":[{"embeddable":true,"href":"https:\/\/www.comprarmejor.es\/en\/wp-json\/wp\/v2\/media\/54999"}],"wp:attachment":[{"href":"https:\/\/www.comprarmejor.es\/en\/wp-json\/wp\/v2\/media?parent=55011"}],"wp:term":[{"taxonomy":"product_brand","embeddable":true,"href":"https:\/\/www.comprarmejor.es\/en\/wp-json\/wp\/v2\/product_brand?post=55011"},{"taxonomy":"product_cat","embeddable":true,"href":"https:\/\/www.comprarmejor.es\/en\/wp-json\/wp\/v2\/product_cat?post=55011"},{"taxonomy":"product_tag","embeddable":true,"href":"https:\/\/www.comprarmejor.es\/en\/wp-json\/wp\/v2\/product_tag?post=55011"}],"curies":[{"name":"wp","href":"https:\/\/api.w.org\/{rel}","templated":true}]}}