{"id":55025,"date":"2017-07-21T17:54:53","date_gmt":"2017-07-21T15:54:53","guid":{"rendered":"https:\/\/www.comprarmejor.es\/producto\/dante-historiato-da-federigo-zuccaro-very-big-s-xvi\/"},"modified":"2021-10-23T10:29:01","modified_gmt":"2021-10-23T08:29:01","slug":"der-antichrist-s-xv-the-antichrist-and-the-fifteen-omens-before-the-last-judgment-in-german","status":"publish","type":"product","link":"https:\/\/www.comprarmejor.es\/en\/product\/der-antichrist-s-xv-the-antichrist-and-the-fifteen-omens-before-the-last-judgment-in-german\/","title":{"rendered":"Der Antichrist, s. XV (The Antichrist and the fifteen omens before the Last Judgment), in German"},"content":{"rendered":"<p style=\"text-align: justify;\">Facsimile edition made in 1970 in Germany of the original incunabula in woodcut and print believed in Nuremberg, circa 1450 (not after 1467): <strong>Der Antichrist und die f\u00fcnfzehn Vorzeichen vor dem J\u00fcngsten Gericht<\/strong> (The Antichrist and the fifteen omens before the Last Judgment) .<\/p>\n<p style=\"text-align: justify;\">Numbered edition limited to 650 copies, of which only 500 were put on sale. Facsimile of the chiroxilographic incunabula of the Otto Sch\u00e4fer Library in Schweinfurt (in the German state of Bavaria), symbol OS 0372. Edited together with a comment by H Th. Musper.<\/p>\n<p style=\"text-align: justify;\">Facsimile and study book bound in Dutch hard cover with parchment spine, formats 22 x 29.5 cm. Both presented in a rigid, lined cardboard sleeve, format 22 x 30.5 x 3 cm.<\/p>\n<p style=\"text-align: justify;\">Facsimile with 40 fully illustrated pages. Study book with 64 pages, texts in German and with an 8-page double-column reprint with texts in English.<\/p>\n<p style=\"text-align: justify;\">Complete copy and in perfect condition. A computer file in pdf of the original incunabula is given away.<\/p>\n<p style=\"text-align: justify;\"><span title=\"Gastos de env\u00edo por cuenta del comprador, seg\u00fan pedido y destino.\">Shipping costs for the account of the buyer, according to order and destination.\u00a0<\/span><span title=\"Cons\u00faltenos sin compromiso (indicando la referencia del art\u00edculo) cualquier duda, as\u00ed como por cualquier otro facs\u00edmile o art\u00edculo que est\u00e9 buscando.\"><a class=\"btn btn-default\" href=\"https:\/\/www.comprarmejor.es\/en\/contact\">Ask us<\/a> without obligation (indicating the reference of the article) any doubt.<br \/>\n<\/span><\/p>\n","protected":false},"excerpt":{"rendered":"<p style=\"text-align: justify;\"><span id=\"result_box\" lang=\"en\" xml:lang=\"en\"><span title=\"(Italia).\"><span class=\"VIiyi\" lang=\"en\"><span class=\"JLqJ4b\" data-language-for-alternatives=\"en\" data-language-to-translate-into=\"es\" data-phrase-index=\"0\" data-number-of-phrases=\"1\">Der Antichrist, s. XV (The Antichrist and the 15 omens before the Last Judgment), in German. Otto Sch\u00e4fer Library, Schweinfurt (Bavaria)<\/span><\/span><\/span><\/span><\/p>\n","protected":false},"featured_media":70893,"template":"","meta":[],"product_brand":[],"product_cat":[2244],"product_tag":[4286],"class_list":{"0":"post-55025","1":"product","2":"type-product","3":"status-publish","4":"has-post-thumbnail","6":"product_cat-incunables-en","7":"product_tag-incunable-en-2","8":"product_shipping_class-from-2-to-5-kg","9":"description-off","11":"first","12":"instock","13":"sale","14":"taxable","15":"shipping-taxable","16":"purchasable","17":"product-type-simple"},"yoast_head":"<!-- This site is optimized with the Yoast SEO plugin v27.3 - https:\/\/yoast.com\/product\/yoast-seo-wordpress\/ -->\n<title>Der Antichrist, s. XV (The Antichrist and the fifteen omens before the Last<\/title>\n<meta name=\"description\" content=\"Der Antichrist, s. XV (The Antichrist and the 15 omens before the Last Judgment), in German. Otto Sch\u00e4fer Library, Schweinfurt (Bavaria)\" \/>\n<meta name=\"robots\" content=\"index, follow, max-snippet:-1, max-image-preview:large, max-video-preview:-1\" \/>\n<link rel=\"canonical\" href=\"https:\/\/www.comprarmejor.es\/en\/product\/der-antichrist-s-xv-the-antichrist-and-the-fifteen-omens-before-the-last-judgment-in-german\/\" \/>\n<meta property=\"og:locale\" content=\"en_US\" \/>\n<meta property=\"og:type\" content=\"article\" \/>\n<meta property=\"og:title\" content=\"Der Antichrist, s. XV (The Antichrist and the fifteen omens before the Last\" \/>\n<meta property=\"og:description\" content=\"Der Antichrist, s. XV (The Antichrist and the 15 omens before the Last Judgment), in German. Otto Sch\u00e4fer Library, Schweinfurt (Bavaria)\" \/>\n<meta property=\"og:url\" content=\"https:\/\/www.comprarmejor.es\/en\/product\/der-antichrist-s-xv-the-antichrist-and-the-fifteen-omens-before-the-last-judgment-in-german\/\" \/>\n<meta property=\"og:site_name\" content=\"ComprarMejor\" \/>\n<meta property=\"article:modified_time\" content=\"2021-10-23T08:29:01+00:00\" \/>\n<meta property=\"og:image\" content=\"https:\/\/www.comprarmejor.es\/wp-content\/uploads\/2017\/07\/DSC02650.jpg\" \/>\n\t<meta property=\"og:image:width\" content=\"455\" \/>\n\t<meta property=\"og:image:height\" content=\"600\" \/>\n\t<meta property=\"og:image:type\" content=\"image\/jpeg\" \/>\n<meta name=\"twitter:card\" content=\"summary_large_image\" \/>\n<meta name=\"twitter:label1\" content=\"Est. reading time\" \/>\n\t<meta name=\"twitter:data1\" content=\"1 minute\" \/>\n<script type=\"application\/ld+json\" class=\"yoast-schema-graph\">{\"@context\":\"https:\\\/\\\/schema.org\",\"@graph\":[{\"@type\":\"WebPage\",\"@id\":\"https:\\\/\\\/www.comprarmejor.es\\\/en\\\/product\\\/der-antichrist-s-xv-the-antichrist-and-the-fifteen-omens-before-the-last-judgment-in-german\\\/\",\"url\":\"https:\\\/\\\/www.comprarmejor.es\\\/en\\\/product\\\/der-antichrist-s-xv-the-antichrist-and-the-fifteen-omens-before-the-last-judgment-in-german\\\/\",\"name\":\"Der Antichrist, s. XV (The Antichrist and the fifteen omens before the Last\",\"isPartOf\":{\"@id\":\"https:\\\/\\\/www.comprarmejor.es\\\/en\\\/#website\"},\"primaryImageOfPage\":{\"@id\":\"https:\\\/\\\/www.comprarmejor.es\\\/en\\\/product\\\/der-antichrist-s-xv-the-antichrist-and-the-fifteen-omens-before-the-last-judgment-in-german\\\/#primaryimage\"},\"image\":{\"@id\":\"https:\\\/\\\/www.comprarmejor.es\\\/en\\\/product\\\/der-antichrist-s-xv-the-antichrist-and-the-fifteen-omens-before-the-last-judgment-in-german\\\/#primaryimage\"},\"thumbnailUrl\":\"https:\\\/\\\/www.comprarmejor.es\\\/wp-content\\\/uploads\\\/2017\\\/07\\\/DSC02650.jpg\",\"datePublished\":\"2017-07-21T15:54:53+00:00\",\"dateModified\":\"2021-10-23T08:29:01+00:00\",\"description\":\"Der Antichrist, s. XV (The Antichrist and the 15 omens before the Last Judgment), in German. Otto Sch\u00e4fer Library, Schweinfurt (Bavaria)\",\"breadcrumb\":{\"@id\":\"https:\\\/\\\/www.comprarmejor.es\\\/en\\\/product\\\/der-antichrist-s-xv-the-antichrist-and-the-fifteen-omens-before-the-last-judgment-in-german\\\/#breadcrumb\"},\"inLanguage\":\"en-US\",\"potentialAction\":[{\"@type\":\"ReadAction\",\"target\":[\"https:\\\/\\\/www.comprarmejor.es\\\/en\\\/product\\\/der-antichrist-s-xv-the-antichrist-and-the-fifteen-omens-before-the-last-judgment-in-german\\\/\"]}]},{\"@type\":\"ImageObject\",\"inLanguage\":\"en-US\",\"@id\":\"https:\\\/\\\/www.comprarmejor.es\\\/en\\\/product\\\/der-antichrist-s-xv-the-antichrist-and-the-fifteen-omens-before-the-last-judgment-in-german\\\/#primaryimage\",\"url\":\"https:\\\/\\\/www.comprarmejor.es\\\/wp-content\\\/uploads\\\/2017\\\/07\\\/DSC02650.jpg\",\"contentUrl\":\"https:\\\/\\\/www.comprarmejor.es\\\/wp-content\\\/uploads\\\/2017\\\/07\\\/DSC02650.jpg\",\"width\":455,\"height\":600},{\"@type\":\"BreadcrumbList\",\"@id\":\"https:\\\/\\\/www.comprarmejor.es\\\/en\\\/product\\\/der-antichrist-s-xv-the-antichrist-and-the-fifteen-omens-before-the-last-judgment-in-german\\\/#breadcrumb\",\"itemListElement\":[{\"@type\":\"ListItem\",\"position\":1,\"name\":\"Portada\",\"item\":\"https:\\\/\\\/www.comprarmejor.es\\\/en\\\/\"},{\"@type\":\"ListItem\",\"position\":2,\"name\":\"Shop\",\"item\":\"https:\\\/\\\/www.comprarmejor.es\\\/en\\\/shop\\\/\"},{\"@type\":\"ListItem\",\"position\":3,\"name\":\"Der Antichrist, s. XV (The Antichrist and the fifteen omens before the Last Judgment), in German\"}]},{\"@type\":\"WebSite\",\"@id\":\"https:\\\/\\\/www.comprarmejor.es\\\/en\\\/#website\",\"url\":\"https:\\\/\\\/www.comprarmejor.es\\\/en\\\/\",\"name\":\"ComprarMejor\",\"description\":\"ComprarMejor\",\"publisher\":{\"@id\":\"https:\\\/\\\/www.comprarmejor.es\\\/en\\\/#organization\"},\"potentialAction\":[{\"@type\":\"SearchAction\",\"target\":{\"@type\":\"EntryPoint\",\"urlTemplate\":\"https:\\\/\\\/www.comprarmejor.es\\\/en\\\/?s={search_term_string}\"},\"query-input\":{\"@type\":\"PropertyValueSpecification\",\"valueRequired\":true,\"valueName\":\"search_term_string\"}}],\"inLanguage\":\"en-US\"},{\"@type\":\"Organization\",\"@id\":\"https:\\\/\\\/www.comprarmejor.es\\\/en\\\/#organization\",\"name\":\"COMPRAR MEJOR\",\"url\":\"https:\\\/\\\/www.comprarmejor.es\\\/en\\\/\",\"logo\":{\"@type\":\"ImageObject\",\"inLanguage\":\"en-US\",\"@id\":\"https:\\\/\\\/www.comprarmejor.es\\\/en\\\/#\\\/schema\\\/logo\\\/image\\\/\",\"url\":\"https:\\\/\\\/www.comprarmejor.es\\\/wp-content\\\/uploads\\\/2025\\\/09\\\/comprarmejortrinidad.jpg\",\"contentUrl\":\"https:\\\/\\\/www.comprarmejor.es\\\/wp-content\\\/uploads\\\/2025\\\/09\\\/comprarmejortrinidad.jpg\",\"width\":1022,\"height\":1380,\"caption\":\"COMPRAR MEJOR\"},\"image\":{\"@id\":\"https:\\\/\\\/www.comprarmejor.es\\\/en\\\/#\\\/schema\\\/logo\\\/image\\\/\"},\"sameAs\":[\"https:\\\/\\\/www.instagram.com\\\/amigosdelcodice\"]}]}<\/script>\n<!-- \/ Yoast SEO plugin. -->","yoast_head_json":{"title":"Der Antichrist, s. XV (The Antichrist and the fifteen omens before the Last","description":"Der Antichrist, s. XV (The Antichrist and the 15 omens before the Last Judgment), in German. Otto Sch\u00e4fer Library, Schweinfurt (Bavaria)","robots":{"index":"index","follow":"follow","max-snippet":"max-snippet:-1","max-image-preview":"max-image-preview:large","max-video-preview":"max-video-preview:-1"},"canonical":"https:\/\/www.comprarmejor.es\/en\/product\/der-antichrist-s-xv-the-antichrist-and-the-fifteen-omens-before-the-last-judgment-in-german\/","og_locale":"en_US","og_type":"article","og_title":"Der Antichrist, s. XV (The Antichrist and the fifteen omens before the Last","og_description":"Der Antichrist, s. XV (The Antichrist and the 15 omens before the Last Judgment), in German. Otto Sch\u00e4fer Library, Schweinfurt (Bavaria)","og_url":"https:\/\/www.comprarmejor.es\/en\/product\/der-antichrist-s-xv-the-antichrist-and-the-fifteen-omens-before-the-last-judgment-in-german\/","og_site_name":"ComprarMejor","article_modified_time":"2021-10-23T08:29:01+00:00","og_image":[{"width":455,"height":600,"url":"https:\/\/www.comprarmejor.es\/wp-content\/uploads\/2017\/07\/DSC02650.jpg","type":"image\/jpeg"}],"twitter_card":"summary_large_image","twitter_misc":{"Est. reading time":"1 minute"},"schema":{"@context":"https:\/\/schema.org","@graph":[{"@type":"WebPage","@id":"https:\/\/www.comprarmejor.es\/en\/product\/der-antichrist-s-xv-the-antichrist-and-the-fifteen-omens-before-the-last-judgment-in-german\/","url":"https:\/\/www.comprarmejor.es\/en\/product\/der-antichrist-s-xv-the-antichrist-and-the-fifteen-omens-before-the-last-judgment-in-german\/","name":"Der Antichrist, s. XV (The Antichrist and the fifteen omens before the Last","isPartOf":{"@id":"https:\/\/www.comprarmejor.es\/en\/#website"},"primaryImageOfPage":{"@id":"https:\/\/www.comprarmejor.es\/en\/product\/der-antichrist-s-xv-the-antichrist-and-the-fifteen-omens-before-the-last-judgment-in-german\/#primaryimage"},"image":{"@id":"https:\/\/www.comprarmejor.es\/en\/product\/der-antichrist-s-xv-the-antichrist-and-the-fifteen-omens-before-the-last-judgment-in-german\/#primaryimage"},"thumbnailUrl":"https:\/\/www.comprarmejor.es\/wp-content\/uploads\/2017\/07\/DSC02650.jpg","datePublished":"2017-07-21T15:54:53+00:00","dateModified":"2021-10-23T08:29:01+00:00","description":"Der Antichrist, s. XV (The Antichrist and the 15 omens before the Last Judgment), in German. Otto Sch\u00e4fer Library, Schweinfurt (Bavaria)","breadcrumb":{"@id":"https:\/\/www.comprarmejor.es\/en\/product\/der-antichrist-s-xv-the-antichrist-and-the-fifteen-omens-before-the-last-judgment-in-german\/#breadcrumb"},"inLanguage":"en-US","potentialAction":[{"@type":"ReadAction","target":["https:\/\/www.comprarmejor.es\/en\/product\/der-antichrist-s-xv-the-antichrist-and-the-fifteen-omens-before-the-last-judgment-in-german\/"]}]},{"@type":"ImageObject","inLanguage":"en-US","@id":"https:\/\/www.comprarmejor.es\/en\/product\/der-antichrist-s-xv-the-antichrist-and-the-fifteen-omens-before-the-last-judgment-in-german\/#primaryimage","url":"https:\/\/www.comprarmejor.es\/wp-content\/uploads\/2017\/07\/DSC02650.jpg","contentUrl":"https:\/\/www.comprarmejor.es\/wp-content\/uploads\/2017\/07\/DSC02650.jpg","width":455,"height":600},{"@type":"BreadcrumbList","@id":"https:\/\/www.comprarmejor.es\/en\/product\/der-antichrist-s-xv-the-antichrist-and-the-fifteen-omens-before-the-last-judgment-in-german\/#breadcrumb","itemListElement":[{"@type":"ListItem","position":1,"name":"Portada","item":"https:\/\/www.comprarmejor.es\/en\/"},{"@type":"ListItem","position":2,"name":"Shop","item":"https:\/\/www.comprarmejor.es\/en\/shop\/"},{"@type":"ListItem","position":3,"name":"Der Antichrist, s. XV (The Antichrist and the fifteen omens before the Last Judgment), in German"}]},{"@type":"WebSite","@id":"https:\/\/www.comprarmejor.es\/en\/#website","url":"https:\/\/www.comprarmejor.es\/en\/","name":"ComprarMejor","description":"ComprarMejor","publisher":{"@id":"https:\/\/www.comprarmejor.es\/en\/#organization"},"potentialAction":[{"@type":"SearchAction","target":{"@type":"EntryPoint","urlTemplate":"https:\/\/www.comprarmejor.es\/en\/?s={search_term_string}"},"query-input":{"@type":"PropertyValueSpecification","valueRequired":true,"valueName":"search_term_string"}}],"inLanguage":"en-US"},{"@type":"Organization","@id":"https:\/\/www.comprarmejor.es\/en\/#organization","name":"COMPRAR MEJOR","url":"https:\/\/www.comprarmejor.es\/en\/","logo":{"@type":"ImageObject","inLanguage":"en-US","@id":"https:\/\/www.comprarmejor.es\/en\/#\/schema\/logo\/image\/","url":"https:\/\/www.comprarmejor.es\/wp-content\/uploads\/2025\/09\/comprarmejortrinidad.jpg","contentUrl":"https:\/\/www.comprarmejor.es\/wp-content\/uploads\/2025\/09\/comprarmejortrinidad.jpg","width":1022,"height":1380,"caption":"COMPRAR MEJOR"},"image":{"@id":"https:\/\/www.comprarmejor.es\/en\/#\/schema\/logo\/image\/"},"sameAs":["https:\/\/www.instagram.com\/amigosdelcodice"]}]}},"_links":{"self":[{"href":"https:\/\/www.comprarmejor.es\/en\/wp-json\/wp\/v2\/product\/55025","targetHints":{"allow":["GET"]}}],"collection":[{"href":"https:\/\/www.comprarmejor.es\/en\/wp-json\/wp\/v2\/product"}],"about":[{"href":"https:\/\/www.comprarmejor.es\/en\/wp-json\/wp\/v2\/types\/product"}],"wp:featuredmedia":[{"embeddable":true,"href":"https:\/\/www.comprarmejor.es\/en\/wp-json\/wp\/v2\/media\/70893"}],"wp:attachment":[{"href":"https:\/\/www.comprarmejor.es\/en\/wp-json\/wp\/v2\/media?parent=55025"}],"wp:term":[{"taxonomy":"product_brand","embeddable":true,"href":"https:\/\/www.comprarmejor.es\/en\/wp-json\/wp\/v2\/product_brand?post=55025"},{"taxonomy":"product_cat","embeddable":true,"href":"https:\/\/www.comprarmejor.es\/en\/wp-json\/wp\/v2\/product_cat?post=55025"},{"taxonomy":"product_tag","embeddable":true,"href":"https:\/\/www.comprarmejor.es\/en\/wp-json\/wp\/v2\/product_tag?post=55025"}],"curies":[{"name":"wp","href":"https:\/\/api.w.org\/{rel}","templated":true}]}}