{"id":55079,"date":"2017-09-07T17:36:47","date_gmt":"2017-09-07T15:36:47","guid":{"rendered":"https:\/\/www.comprarmejor.es\/producto\/the-women-of-cervantes-in-don-quixote-de-la-mancha-jose-sanchez-rojas\/"},"modified":"2020-05-03T12:56:39","modified_gmt":"2020-05-03T10:56:39","slug":"the-women-of-cervantes-in-don-quixote-de-la-mancha-jose-sanchez-rojas","status":"publish","type":"product","link":"https:\/\/www.comprarmejor.es\/en\/product\/the-women-of-cervantes-in-don-quixote-de-la-mancha-jose-sanchez-rojas\/","title":{"rendered":"The women of Cervantes in Don Quixote de La Mancha, Jos\u00e9 S\u00e1nchez Rojas"},"content":{"rendered":"<p style=\"text-align: justify;\"><span id=\"result_box\" lang=\"en\" xml:lang=\"en\"><span title=\"Hermosa edici\u00f3n de bibli\u00f3filo de la obra de Jos\u00e9 S\u00e1nchez Rojas (1885-1931), Las mujeres de Cervantes en Don Quijote de La Mancha.\">Beautiful edition of bibliophile of the work of Jos\u00e9 S\u00e1nchez Rojas (1885-1931), Women of Cervantes in Don Quixote de La Mancha. <\/span><span title=\"Nueva edici\u00f3n realizada en 2005, numerada y limitada a 500 ejemplares.\">New edition made in 2005, numbered and limited to 500 copies.<\/span><\/span><\/p>\n<p style=\"text-align: justify;\"><span title=\"Ilustrado y con 12 grabados entre p\u00e1ginas de Adolphe Lalauze.\">Illustrated and with 12 engravings between pages of Adolphe Lalauze. <\/span><span title=\"Pr\u00f3logo de Concha Espina.\">Foreword by Concha Espina.<\/span><\/p>\n<p style=\"text-align: justify;\"><span title=\"Bella encuadernaci\u00f3n en tapa dura y en s\u00edmil ante con estampaciones en seco, guardas en papel tela floral.\">Beautiful binding in hardcover and in simile suede with dry prints, guards in paper floral fabric. <\/span><span title=\"Formato 18 x 25 cm.\">Format 18 x 25 cm. <\/span><span title=\"178 p\u00e1ginas impresas sobre papel hilo verjurado ahuesado, emple\u00e1ndose para su estampaci\u00f3n t\u00e9cnicas artesanas.\">178 pages printed on paper thread punched honed, using for its printing craft techniques.<\/span><\/p>\n<p style=\"text-align: justify;\"><span title=\"\u201cNuestro libro, Las Mujeres de Cervantes, es, lisa y llanamente, la evocaci\u00f3n modesta y personal que un joven escritor castellano hace de las creaciones femeninas del m\u00e1s alto y excelso de nuestros escritores, para comprobar que ganan vigor y fuerza, a trav\u00e9s de\">&#8220;Our book, The Women of Cervantes, is, plain and simple, the modest and personal evocation that a young Castilian writer makes of the feminine creations of the highest and most exalted of our writers, to prove that they gain strength and strength, through <\/span><span title=\"los tiempos, en perspectivas y lejan\u00edas ideales.\u201d\">the times, in ideal perspectives and remoteness. &#8220;<\/span><\/p>\n<p style=\"text-align: justify;\"><span title=\"Por este libro pasan Maritornes, Marcela, Dorotea, Luscinda, Zoraida, Clarita, Camila, Antonia Quijano, la Duquesa, Teresa Panza, el Ama y, como no, Dulcinea.\">Through this book pass Maritornes, Marcela, Dorotea, Luscinda, Zoraida, Clarita, Camila, Antonia Quijano, the Duchess, Teresa Panza, the Ama and, of course, Dulcinea.<\/span><\/p>\n<p style=\"text-align: justify;\"><span title=\"Una bella obra para regalar o para uno mismo.\">A beautiful work to give away or for yourself.<\/span><\/p>\n<p style=\"text-align: justify;\"><span title=\"Gastos de env\u00edo por cuenta del comprador, seg\u00fan pedido y destino.\">Shipping costs for the account of the buyer, according to order and destination.\u00a0<\/span><span title=\"Cons\u00faltenos sin compromiso (indicando la referencia del art\u00edculo) cualquier duda.\"><a class=\"btn btn-default\" href=\"http:\/\/comprarmejor.es\/en\/contact\">Ask us<\/a> without obligation (indicating the article reference) any doubt.<\/span><\/p>\n","protected":false},"excerpt":{"rendered":"<p style=\"text-align: justify;\"><span id=\"result_box\" lang=\"en\" xml:lang=\"en\"><span title=\"Hermosa edici\u00f3n de bibli\u00f3filo de la obra de Jos\u00e9 S\u00e1nchez Rojas (1885-1931), Las mujeres de Cervantes en Don Quijote de La Mancha.\">Beautiful edition of bibliophile of the work of Jos\u00e9 S\u00e1nchez Rojas (1885-1931), Women of Cervantes in Don Quixote de La Mancha. <\/span><span title=\"Nueva edici\u00f3n realizada en 2005, numerada y limitada a 500 ejemplares.\">New edition made in 2005, numbered and limited to 500 copies.<\/span><\/span><\/p>\n","protected":false},"featured_media":55071,"template":"","meta":[],"product_brand":[],"product_cat":[2210,2188,2228],"product_tag":[4041,5129,4154],"class_list":{"0":"post-55079","1":"product","2":"type-product","3":"status-publish","4":"has-post-thumbnail","6":"product_cat-bibliophilia","7":"product_cat-books","8":"product_cat-quijotes-en","9":"product_tag-cervantes-en","10":"product_tag-quixote-en","11":"product_tag-rojas-en","12":"product_shipping_class-from-0-to-1-kg","13":"description-off","15":"first","16":"instock","17":"sale","18":"taxable","19":"shipping-taxable","20":"purchasable","21":"product-type-simple"},"yoast_head":"<!-- This site is optimized with the Yoast SEO plugin v27.3 - https:\/\/yoast.com\/product\/yoast-seo-wordpress\/ -->\n<title>The women of Cervantes in Don Quixote de La Mancha, Jos\u00e9 S\u00e1nchez Rojas<\/title>\n<meta name=\"description\" content=\"Beautiful edition of bibliophile of the work of Jos\u00e9 S\u00e1nchez Rojas (1885-1931), Women of Cervantes in Don Quixote de La Mancha. New edition made in 2005\" \/>\n<meta name=\"robots\" content=\"index, follow, max-snippet:-1, max-image-preview:large, max-video-preview:-1\" \/>\n<link rel=\"canonical\" href=\"https:\/\/www.comprarmejor.es\/en\/product\/the-women-of-cervantes-in-don-quixote-de-la-mancha-jose-sanchez-rojas\/\" \/>\n<meta property=\"og:locale\" content=\"en_US\" \/>\n<meta property=\"og:type\" content=\"article\" \/>\n<meta property=\"og:title\" content=\"The women of Cervantes in Don Quixote de La Mancha, Jos\u00e9 S\u00e1nchez Rojas\" \/>\n<meta property=\"og:description\" content=\"Beautiful edition of bibliophile of the work of Jos\u00e9 S\u00e1nchez Rojas (1885-1931), Women of Cervantes in Don Quixote de La Mancha. New edition made in 2005\" \/>\n<meta property=\"og:url\" content=\"https:\/\/www.comprarmejor.es\/en\/product\/the-women-of-cervantes-in-don-quixote-de-la-mancha-jose-sanchez-rojas\/\" \/>\n<meta property=\"og:site_name\" content=\"ComprarMejor\" \/>\n<meta property=\"article:modified_time\" content=\"2020-05-03T10:56:39+00:00\" \/>\n<meta property=\"og:image\" content=\"https:\/\/www.comprarmejor.es\/wp-content\/uploads\/2017\/09\/p_6_9_3_1_6931-Las-mujeres-de-Cervantes-en-Don-Quijote-de-La-Mancha-Jose-Sanchez-Rojas.jpg\" \/>\n\t<meta property=\"og:image:width\" content=\"599\" \/>\n\t<meta property=\"og:image:height\" content=\"449\" \/>\n\t<meta property=\"og:image:type\" content=\"image\/jpeg\" \/>\n<meta name=\"twitter:card\" content=\"summary_large_image\" \/>\n<meta name=\"twitter:label1\" content=\"Est. reading time\" \/>\n\t<meta name=\"twitter:data1\" content=\"1 minute\" \/>\n<script type=\"application\/ld+json\" class=\"yoast-schema-graph\">{\"@context\":\"https:\\\/\\\/schema.org\",\"@graph\":[{\"@type\":\"WebPage\",\"@id\":\"https:\\\/\\\/www.comprarmejor.es\\\/en\\\/product\\\/the-women-of-cervantes-in-don-quixote-de-la-mancha-jose-sanchez-rojas\\\/\",\"url\":\"https:\\\/\\\/www.comprarmejor.es\\\/en\\\/product\\\/the-women-of-cervantes-in-don-quixote-de-la-mancha-jose-sanchez-rojas\\\/\",\"name\":\"The women of Cervantes in Don Quixote de La Mancha, Jos\u00e9 S\u00e1nchez Rojas\",\"isPartOf\":{\"@id\":\"https:\\\/\\\/www.comprarmejor.es\\\/en\\\/#website\"},\"primaryImageOfPage\":{\"@id\":\"https:\\\/\\\/www.comprarmejor.es\\\/en\\\/product\\\/the-women-of-cervantes-in-don-quixote-de-la-mancha-jose-sanchez-rojas\\\/#primaryimage\"},\"image\":{\"@id\":\"https:\\\/\\\/www.comprarmejor.es\\\/en\\\/product\\\/the-women-of-cervantes-in-don-quixote-de-la-mancha-jose-sanchez-rojas\\\/#primaryimage\"},\"thumbnailUrl\":\"https:\\\/\\\/www.comprarmejor.es\\\/wp-content\\\/uploads\\\/2017\\\/09\\\/p_6_9_3_1_6931-Las-mujeres-de-Cervantes-en-Don-Quijote-de-La-Mancha-Jose-Sanchez-Rojas.jpg\",\"datePublished\":\"2017-09-07T15:36:47+00:00\",\"dateModified\":\"2020-05-03T10:56:39+00:00\",\"description\":\"Beautiful edition of bibliophile of the work of Jos\u00e9 S\u00e1nchez Rojas (1885-1931), Women of Cervantes in Don Quixote de La Mancha. New edition made in 2005\",\"breadcrumb\":{\"@id\":\"https:\\\/\\\/www.comprarmejor.es\\\/en\\\/product\\\/the-women-of-cervantes-in-don-quixote-de-la-mancha-jose-sanchez-rojas\\\/#breadcrumb\"},\"inLanguage\":\"en-US\",\"potentialAction\":[{\"@type\":\"ReadAction\",\"target\":[\"https:\\\/\\\/www.comprarmejor.es\\\/en\\\/product\\\/the-women-of-cervantes-in-don-quixote-de-la-mancha-jose-sanchez-rojas\\\/\"]}]},{\"@type\":\"ImageObject\",\"inLanguage\":\"en-US\",\"@id\":\"https:\\\/\\\/www.comprarmejor.es\\\/en\\\/product\\\/the-women-of-cervantes-in-don-quixote-de-la-mancha-jose-sanchez-rojas\\\/#primaryimage\",\"url\":\"https:\\\/\\\/www.comprarmejor.es\\\/wp-content\\\/uploads\\\/2017\\\/09\\\/p_6_9_3_1_6931-Las-mujeres-de-Cervantes-en-Don-Quijote-de-La-Mancha-Jose-Sanchez-Rojas.jpg\",\"contentUrl\":\"https:\\\/\\\/www.comprarmejor.es\\\/wp-content\\\/uploads\\\/2017\\\/09\\\/p_6_9_3_1_6931-Las-mujeres-de-Cervantes-en-Don-Quijote-de-La-Mancha-Jose-Sanchez-Rojas.jpg\",\"width\":599,\"height\":449},{\"@type\":\"BreadcrumbList\",\"@id\":\"https:\\\/\\\/www.comprarmejor.es\\\/en\\\/product\\\/the-women-of-cervantes-in-don-quixote-de-la-mancha-jose-sanchez-rojas\\\/#breadcrumb\",\"itemListElement\":[{\"@type\":\"ListItem\",\"position\":1,\"name\":\"Portada\",\"item\":\"https:\\\/\\\/www.comprarmejor.es\\\/en\\\/\"},{\"@type\":\"ListItem\",\"position\":2,\"name\":\"Shop\",\"item\":\"https:\\\/\\\/www.comprarmejor.es\\\/en\\\/shop\\\/\"},{\"@type\":\"ListItem\",\"position\":3,\"name\":\"The women of Cervantes in Don Quixote de La Mancha, Jos\u00e9 S\u00e1nchez Rojas\"}]},{\"@type\":\"WebSite\",\"@id\":\"https:\\\/\\\/www.comprarmejor.es\\\/en\\\/#website\",\"url\":\"https:\\\/\\\/www.comprarmejor.es\\\/en\\\/\",\"name\":\"ComprarMejor\",\"description\":\"ComprarMejor\",\"publisher\":{\"@id\":\"https:\\\/\\\/www.comprarmejor.es\\\/en\\\/#organization\"},\"potentialAction\":[{\"@type\":\"SearchAction\",\"target\":{\"@type\":\"EntryPoint\",\"urlTemplate\":\"https:\\\/\\\/www.comprarmejor.es\\\/en\\\/?s={search_term_string}\"},\"query-input\":{\"@type\":\"PropertyValueSpecification\",\"valueRequired\":true,\"valueName\":\"search_term_string\"}}],\"inLanguage\":\"en-US\"},{\"@type\":\"Organization\",\"@id\":\"https:\\\/\\\/www.comprarmejor.es\\\/en\\\/#organization\",\"name\":\"COMPRAR MEJOR\",\"url\":\"https:\\\/\\\/www.comprarmejor.es\\\/en\\\/\",\"logo\":{\"@type\":\"ImageObject\",\"inLanguage\":\"en-US\",\"@id\":\"https:\\\/\\\/www.comprarmejor.es\\\/en\\\/#\\\/schema\\\/logo\\\/image\\\/\",\"url\":\"https:\\\/\\\/www.comprarmejor.es\\\/wp-content\\\/uploads\\\/2025\\\/09\\\/comprarmejortrinidad.jpg\",\"contentUrl\":\"https:\\\/\\\/www.comprarmejor.es\\\/wp-content\\\/uploads\\\/2025\\\/09\\\/comprarmejortrinidad.jpg\",\"width\":1022,\"height\":1380,\"caption\":\"COMPRAR MEJOR\"},\"image\":{\"@id\":\"https:\\\/\\\/www.comprarmejor.es\\\/en\\\/#\\\/schema\\\/logo\\\/image\\\/\"},\"sameAs\":[\"https:\\\/\\\/www.instagram.com\\\/amigosdelcodice\"]}]}<\/script>\n<!-- \/ Yoast SEO plugin. -->","yoast_head_json":{"title":"The women of Cervantes in Don Quixote de La Mancha, Jos\u00e9 S\u00e1nchez Rojas","description":"Beautiful edition of bibliophile of the work of Jos\u00e9 S\u00e1nchez Rojas (1885-1931), Women of Cervantes in Don Quixote de La Mancha. New edition made in 2005","robots":{"index":"index","follow":"follow","max-snippet":"max-snippet:-1","max-image-preview":"max-image-preview:large","max-video-preview":"max-video-preview:-1"},"canonical":"https:\/\/www.comprarmejor.es\/en\/product\/the-women-of-cervantes-in-don-quixote-de-la-mancha-jose-sanchez-rojas\/","og_locale":"en_US","og_type":"article","og_title":"The women of Cervantes in Don Quixote de La Mancha, Jos\u00e9 S\u00e1nchez Rojas","og_description":"Beautiful edition of bibliophile of the work of Jos\u00e9 S\u00e1nchez Rojas (1885-1931), Women of Cervantes in Don Quixote de La Mancha. New edition made in 2005","og_url":"https:\/\/www.comprarmejor.es\/en\/product\/the-women-of-cervantes-in-don-quixote-de-la-mancha-jose-sanchez-rojas\/","og_site_name":"ComprarMejor","article_modified_time":"2020-05-03T10:56:39+00:00","og_image":[{"width":599,"height":449,"url":"https:\/\/www.comprarmejor.es\/wp-content\/uploads\/2017\/09\/p_6_9_3_1_6931-Las-mujeres-de-Cervantes-en-Don-Quijote-de-La-Mancha-Jose-Sanchez-Rojas.jpg","type":"image\/jpeg"}],"twitter_card":"summary_large_image","twitter_misc":{"Est. reading time":"1 minute"},"schema":{"@context":"https:\/\/schema.org","@graph":[{"@type":"WebPage","@id":"https:\/\/www.comprarmejor.es\/en\/product\/the-women-of-cervantes-in-don-quixote-de-la-mancha-jose-sanchez-rojas\/","url":"https:\/\/www.comprarmejor.es\/en\/product\/the-women-of-cervantes-in-don-quixote-de-la-mancha-jose-sanchez-rojas\/","name":"The women of Cervantes in Don Quixote de La Mancha, Jos\u00e9 S\u00e1nchez Rojas","isPartOf":{"@id":"https:\/\/www.comprarmejor.es\/en\/#website"},"primaryImageOfPage":{"@id":"https:\/\/www.comprarmejor.es\/en\/product\/the-women-of-cervantes-in-don-quixote-de-la-mancha-jose-sanchez-rojas\/#primaryimage"},"image":{"@id":"https:\/\/www.comprarmejor.es\/en\/product\/the-women-of-cervantes-in-don-quixote-de-la-mancha-jose-sanchez-rojas\/#primaryimage"},"thumbnailUrl":"https:\/\/www.comprarmejor.es\/wp-content\/uploads\/2017\/09\/p_6_9_3_1_6931-Las-mujeres-de-Cervantes-en-Don-Quijote-de-La-Mancha-Jose-Sanchez-Rojas.jpg","datePublished":"2017-09-07T15:36:47+00:00","dateModified":"2020-05-03T10:56:39+00:00","description":"Beautiful edition of bibliophile of the work of Jos\u00e9 S\u00e1nchez Rojas (1885-1931), Women of Cervantes in Don Quixote de La Mancha. New edition made in 2005","breadcrumb":{"@id":"https:\/\/www.comprarmejor.es\/en\/product\/the-women-of-cervantes-in-don-quixote-de-la-mancha-jose-sanchez-rojas\/#breadcrumb"},"inLanguage":"en-US","potentialAction":[{"@type":"ReadAction","target":["https:\/\/www.comprarmejor.es\/en\/product\/the-women-of-cervantes-in-don-quixote-de-la-mancha-jose-sanchez-rojas\/"]}]},{"@type":"ImageObject","inLanguage":"en-US","@id":"https:\/\/www.comprarmejor.es\/en\/product\/the-women-of-cervantes-in-don-quixote-de-la-mancha-jose-sanchez-rojas\/#primaryimage","url":"https:\/\/www.comprarmejor.es\/wp-content\/uploads\/2017\/09\/p_6_9_3_1_6931-Las-mujeres-de-Cervantes-en-Don-Quijote-de-La-Mancha-Jose-Sanchez-Rojas.jpg","contentUrl":"https:\/\/www.comprarmejor.es\/wp-content\/uploads\/2017\/09\/p_6_9_3_1_6931-Las-mujeres-de-Cervantes-en-Don-Quijote-de-La-Mancha-Jose-Sanchez-Rojas.jpg","width":599,"height":449},{"@type":"BreadcrumbList","@id":"https:\/\/www.comprarmejor.es\/en\/product\/the-women-of-cervantes-in-don-quixote-de-la-mancha-jose-sanchez-rojas\/#breadcrumb","itemListElement":[{"@type":"ListItem","position":1,"name":"Portada","item":"https:\/\/www.comprarmejor.es\/en\/"},{"@type":"ListItem","position":2,"name":"Shop","item":"https:\/\/www.comprarmejor.es\/en\/shop\/"},{"@type":"ListItem","position":3,"name":"The women of Cervantes in Don Quixote de La Mancha, Jos\u00e9 S\u00e1nchez Rojas"}]},{"@type":"WebSite","@id":"https:\/\/www.comprarmejor.es\/en\/#website","url":"https:\/\/www.comprarmejor.es\/en\/","name":"ComprarMejor","description":"ComprarMejor","publisher":{"@id":"https:\/\/www.comprarmejor.es\/en\/#organization"},"potentialAction":[{"@type":"SearchAction","target":{"@type":"EntryPoint","urlTemplate":"https:\/\/www.comprarmejor.es\/en\/?s={search_term_string}"},"query-input":{"@type":"PropertyValueSpecification","valueRequired":true,"valueName":"search_term_string"}}],"inLanguage":"en-US"},{"@type":"Organization","@id":"https:\/\/www.comprarmejor.es\/en\/#organization","name":"COMPRAR MEJOR","url":"https:\/\/www.comprarmejor.es\/en\/","logo":{"@type":"ImageObject","inLanguage":"en-US","@id":"https:\/\/www.comprarmejor.es\/en\/#\/schema\/logo\/image\/","url":"https:\/\/www.comprarmejor.es\/wp-content\/uploads\/2025\/09\/comprarmejortrinidad.jpg","contentUrl":"https:\/\/www.comprarmejor.es\/wp-content\/uploads\/2025\/09\/comprarmejortrinidad.jpg","width":1022,"height":1380,"caption":"COMPRAR MEJOR"},"image":{"@id":"https:\/\/www.comprarmejor.es\/en\/#\/schema\/logo\/image\/"},"sameAs":["https:\/\/www.instagram.com\/amigosdelcodice"]}]}},"_links":{"self":[{"href":"https:\/\/www.comprarmejor.es\/en\/wp-json\/wp\/v2\/product\/55079","targetHints":{"allow":["GET"]}}],"collection":[{"href":"https:\/\/www.comprarmejor.es\/en\/wp-json\/wp\/v2\/product"}],"about":[{"href":"https:\/\/www.comprarmejor.es\/en\/wp-json\/wp\/v2\/types\/product"}],"wp:featuredmedia":[{"embeddable":true,"href":"https:\/\/www.comprarmejor.es\/en\/wp-json\/wp\/v2\/media\/55071"}],"wp:attachment":[{"href":"https:\/\/www.comprarmejor.es\/en\/wp-json\/wp\/v2\/media?parent=55079"}],"wp:term":[{"taxonomy":"product_brand","embeddable":true,"href":"https:\/\/www.comprarmejor.es\/en\/wp-json\/wp\/v2\/product_brand?post=55079"},{"taxonomy":"product_cat","embeddable":true,"href":"https:\/\/www.comprarmejor.es\/en\/wp-json\/wp\/v2\/product_cat?post=55079"},{"taxonomy":"product_tag","embeddable":true,"href":"https:\/\/www.comprarmejor.es\/en\/wp-json\/wp\/v2\/product_tag?post=55079"}],"curies":[{"name":"wp","href":"https:\/\/api.w.org\/{rel}","templated":true}]}}