{"id":55129,"date":"2017-10-29T10:33:44","date_gmt":"2017-10-29T09:33:44","guid":{"rendered":"https:\/\/www.comprarmejor.es\/producto\/the-hunting-in-the-encyclopaedia-of-diderot-and-d-alembert\/"},"modified":"2020-05-03T13:07:48","modified_gmt":"2020-05-03T11:07:48","slug":"the-hunting-in-the-encyclopaedia-of-diderot-and-d-alembert","status":"publish","type":"product","link":"https:\/\/www.comprarmejor.es\/en\/product\/the-hunting-in-the-encyclopaedia-of-diderot-and-d-alembert\/","title":{"rendered":"The Hunting in the Encyclopaedia of Diderot and D&#8217;Alembert"},"content":{"rendered":"<p style=\"text-align: justify;\"><span id=\"result_box\" lang=\"en\" xml:lang=\"en\"><span title=\"Extraordinaria edici\u00f3n facs\u00edmile realizada en Madrid en el a\u00f1o 2000, del cap\u00edtulo de la caza de la Enciclopedia de Diderot y D\u2019Alembert, seg\u00fan la edici\u00f3n de Par\u00eds de 1763.\">Extraordinary facsimile edition held in Madrid in 2000, the hunting chapter of the Encyclopaedia of Diderot and D&#8217;Alembert, according to the Paris edition of 1763.<\/span><\/span><\/p>\n<p style=\"text-align: justify;\"><span title=\"Encyclop\u00e9die ou Dictionnaire Raisonn\u00e9 des Sciences, des Arts et des M\u00e9tiers.\">Encyclopedie or Dictionnaire Raisonn\u00e9 des Sciences, des Arts et des M\u00e9tiers. <\/span><span title=\"Recueil de planches, sur les Sciences, les Arts Lib\u00e9raux, et les Arts M\u00e9chaniques, avec leur explication.\">Recueil de Planches, sur les Sciences, les Arts Lib\u00e9raux, et les Arts M\u00e9chaniques, avec leur explication.<br \/>\n<\/span><span title=\"Enciclopedia o Diccionario Razonado de Ciencias, Artes y Oficios.\">Encyclopedia or Randomized Dictionary of Sciences, Arts and Crafts. <\/span><span title=\"Colecci\u00f3n de l\u00e1minas, sobre las Ciencias, las Artes Liberales y las Artes Mec\u00e1nicas, con sus explicaciones.\">Collection of films, on the Sciences, the Liberal Arts and the Mechanical Arts, with their explanations.<\/span><\/p>\n<p style=\"text-align: justify;\"><span title=\"Edici\u00f3n facs\u00edmile del cap\u00edtulo que sobre la caza se public\u00f3 en el siglo XVIII, en la \u201cEncyclop\u00e9die ou Dictionnaire Raisonn\u00e9 des Sciences, des Art et des M\u00e9tiers, por Diderot y D'Alembert\u201d, formada por el texto original en franc\u00e9s, las 23 l\u00e1minas\">Facsimile edition of the chapter on hunting was published in the eighteenth century, in the &#8220;Encyclop\u00e9die or Dictionnaire Raisonn\u00e9 des Sciences, des Art et des M\u00e9tiers, by Diderot and D&#8217;Alembert&#8221;, consisting of the original French text, the 23 sheets <\/span><span title=\"sobre las artes de la caza, y el texto original traducido por primera vez al espa\u00f1ol.\">on the arts of the hunt, and the original text translated for the first time into Spanish.<\/span><\/p>\n<p style=\"text-align: justify;\"><span title=\"Excelente edici\u00f3n facs\u00edmile encuadernada en plena piel roja, lomo con nervios y t\u00edtulos dorados;\">Excellent facsimile edition bound in full red leather, back with ribs and gold titles; <\/span><span title=\"gran formato 30,5 x 40 cm.\">large format 30,5 x 40 cm. <\/span><span title=\"126 p\u00e1ginas en papel verjurado de alta calidad y gramaje.\">126 pages in high quality paper and weight.<\/span><\/p>\n<p style=\"text-align: justify;\"><span title=\"Presentado en un hermoso estuche en tela roja formato 31 x 41,2 cm.\">Presented in a beautiful case in red fabric format 31 x 41.2 cm.<\/span><\/p>\n<p style=\"text-align: justify;\"><span title=\"\u00danico ejemplar disponible y en perfecto estado, dif\u00edcil de encontrar.\">Unique specimen available and in perfect condition, difficult to find.<\/span><\/p>\n<p style=\"text-align: justify;\"><span title=\"Gastos de env\u00edo por cuenta del comprador, seg\u00fan pedido y destino.\">Shipping costs for the account of the buyer, according to order and destination.\u00a0<\/span><span title=\"Cons\u00faltenos sin compromiso (indicando la referencia del art\u00edculo) cualquier duda.\"><a class=\"btn btn-default\" href=\"http:\/\/comprarmejor.es\/en\/contact\">Ask us<\/a> without obligation (indicating the reference of the article) any doubt.<\/span><\/p>\n","protected":false},"excerpt":{"rendered":"<p style=\"text-align: justify;\"><span id=\"result_box\" lang=\"en\" xml:lang=\"en\"><span title=\"Extraordinaria edici\u00f3n facs\u00edmile realizada en Madrid en el a\u00f1o 2000, del cap\u00edtulo de la caza de la Enciclopedia de Diderot y D\u2019Alembert, seg\u00fan la edici\u00f3n de Par\u00eds de 1763.\">Extraordinary facsimile edition held in Madrid in 2000, the hunting chapter of the Encyclopaedia of Diderot and D&#8217;Alembert, according to the Paris edition of 1763.<\/span><\/span><\/p>\n","protected":false},"featured_media":55115,"template":"","meta":[],"product_brand":[],"product_cat":[2210,2188,2250],"product_tag":[4148],"class_list":{"0":"post-55129","1":"product","2":"type-product","3":"status-publish","4":"has-post-thumbnail","6":"product_cat-bibliophilia","7":"product_cat-books","8":"product_cat-other-facsimiles","9":"product_tag-diderot-en","10":"product_shipping_class-from-6-to-10-kg","11":"description-off","13":"first","14":"instock","15":"taxable","16":"shipping-taxable","17":"purchasable","18":"product-type-simple"},"yoast_head":"<!-- This site is optimized with the Yoast SEO plugin v27.3 - https:\/\/yoast.com\/product\/yoast-seo-wordpress\/ -->\n<title>The Hunting in the Encyclopaedia of Diderot and D&#039;Alembert<\/title>\n<meta name=\"description\" content=\"Facsimile edition held in Madrid in 2000, the hunting chapter of the Encyclopaedia of Diderot and D&#039;Alembert, according to the Paris edition of 1763.\" \/>\n<meta name=\"robots\" content=\"index, follow, max-snippet:-1, max-image-preview:large, max-video-preview:-1\" \/>\n<link rel=\"canonical\" href=\"https:\/\/www.comprarmejor.es\/en\/product\/the-hunting-in-the-encyclopaedia-of-diderot-and-d-alembert\/\" \/>\n<meta property=\"og:locale\" content=\"en_US\" \/>\n<meta property=\"og:type\" content=\"article\" \/>\n<meta property=\"og:title\" content=\"The Hunting in the Encyclopaedia of Diderot and D&#039;Alembert\" \/>\n<meta property=\"og:description\" content=\"Facsimile edition held in Madrid in 2000, the hunting chapter of the Encyclopaedia of Diderot and D&#039;Alembert, according to the Paris edition of 1763.\" \/>\n<meta property=\"og:url\" content=\"https:\/\/www.comprarmejor.es\/en\/product\/the-hunting-in-the-encyclopaedia-of-diderot-and-d-alembert\/\" \/>\n<meta property=\"og:site_name\" content=\"ComprarMejor\" \/>\n<meta property=\"article:modified_time\" content=\"2020-05-03T11:07:48+00:00\" \/>\n<meta property=\"og:image\" content=\"https:\/\/www.comprarmejor.es\/wp-content\/uploads\/2017\/10\/p_6_3_8_3_6383-La-caza-en-la-Enciclopedia-de-Diderot-y-D\u2019Alembert.jpg\" \/>\n\t<meta property=\"og:image:width\" content=\"449\" \/>\n\t<meta property=\"og:image:height\" content=\"599\" \/>\n\t<meta property=\"og:image:type\" content=\"image\/jpeg\" \/>\n<meta name=\"twitter:card\" content=\"summary_large_image\" \/>\n<meta name=\"twitter:label1\" content=\"Est. reading time\" \/>\n\t<meta name=\"twitter:data1\" content=\"1 minute\" \/>\n<script type=\"application\/ld+json\" class=\"yoast-schema-graph\">{\"@context\":\"https:\\\/\\\/schema.org\",\"@graph\":[{\"@type\":\"WebPage\",\"@id\":\"https:\\\/\\\/www.comprarmejor.es\\\/en\\\/product\\\/the-hunting-in-the-encyclopaedia-of-diderot-and-d-alembert\\\/\",\"url\":\"https:\\\/\\\/www.comprarmejor.es\\\/en\\\/product\\\/the-hunting-in-the-encyclopaedia-of-diderot-and-d-alembert\\\/\",\"name\":\"The Hunting in the Encyclopaedia of Diderot and D'Alembert\",\"isPartOf\":{\"@id\":\"https:\\\/\\\/www.comprarmejor.es\\\/en\\\/#website\"},\"primaryImageOfPage\":{\"@id\":\"https:\\\/\\\/www.comprarmejor.es\\\/en\\\/product\\\/the-hunting-in-the-encyclopaedia-of-diderot-and-d-alembert\\\/#primaryimage\"},\"image\":{\"@id\":\"https:\\\/\\\/www.comprarmejor.es\\\/en\\\/product\\\/the-hunting-in-the-encyclopaedia-of-diderot-and-d-alembert\\\/#primaryimage\"},\"thumbnailUrl\":\"https:\\\/\\\/www.comprarmejor.es\\\/wp-content\\\/uploads\\\/2017\\\/10\\\/p_6_3_8_3_6383-La-caza-en-la-Enciclopedia-de-Diderot-y-D\u2019Alembert.jpg\",\"datePublished\":\"2017-10-29T09:33:44+00:00\",\"dateModified\":\"2020-05-03T11:07:48+00:00\",\"description\":\"Facsimile edition held in Madrid in 2000, the hunting chapter of the Encyclopaedia of Diderot and D'Alembert, according to the Paris edition of 1763.\",\"breadcrumb\":{\"@id\":\"https:\\\/\\\/www.comprarmejor.es\\\/en\\\/product\\\/the-hunting-in-the-encyclopaedia-of-diderot-and-d-alembert\\\/#breadcrumb\"},\"inLanguage\":\"en-US\",\"potentialAction\":[{\"@type\":\"ReadAction\",\"target\":[\"https:\\\/\\\/www.comprarmejor.es\\\/en\\\/product\\\/the-hunting-in-the-encyclopaedia-of-diderot-and-d-alembert\\\/\"]}]},{\"@type\":\"ImageObject\",\"inLanguage\":\"en-US\",\"@id\":\"https:\\\/\\\/www.comprarmejor.es\\\/en\\\/product\\\/the-hunting-in-the-encyclopaedia-of-diderot-and-d-alembert\\\/#primaryimage\",\"url\":\"https:\\\/\\\/www.comprarmejor.es\\\/wp-content\\\/uploads\\\/2017\\\/10\\\/p_6_3_8_3_6383-La-caza-en-la-Enciclopedia-de-Diderot-y-D\u2019Alembert.jpg\",\"contentUrl\":\"https:\\\/\\\/www.comprarmejor.es\\\/wp-content\\\/uploads\\\/2017\\\/10\\\/p_6_3_8_3_6383-La-caza-en-la-Enciclopedia-de-Diderot-y-D\u2019Alembert.jpg\",\"width\":449,\"height\":599},{\"@type\":\"BreadcrumbList\",\"@id\":\"https:\\\/\\\/www.comprarmejor.es\\\/en\\\/product\\\/the-hunting-in-the-encyclopaedia-of-diderot-and-d-alembert\\\/#breadcrumb\",\"itemListElement\":[{\"@type\":\"ListItem\",\"position\":1,\"name\":\"Portada\",\"item\":\"https:\\\/\\\/www.comprarmejor.es\\\/en\\\/\"},{\"@type\":\"ListItem\",\"position\":2,\"name\":\"Shop\",\"item\":\"https:\\\/\\\/www.comprarmejor.es\\\/en\\\/shop\\\/\"},{\"@type\":\"ListItem\",\"position\":3,\"name\":\"The Hunting in the Encyclopaedia of Diderot and D&#8217;Alembert\"}]},{\"@type\":\"WebSite\",\"@id\":\"https:\\\/\\\/www.comprarmejor.es\\\/en\\\/#website\",\"url\":\"https:\\\/\\\/www.comprarmejor.es\\\/en\\\/\",\"name\":\"ComprarMejor\",\"description\":\"ComprarMejor\",\"publisher\":{\"@id\":\"https:\\\/\\\/www.comprarmejor.es\\\/en\\\/#organization\"},\"potentialAction\":[{\"@type\":\"SearchAction\",\"target\":{\"@type\":\"EntryPoint\",\"urlTemplate\":\"https:\\\/\\\/www.comprarmejor.es\\\/en\\\/?s={search_term_string}\"},\"query-input\":{\"@type\":\"PropertyValueSpecification\",\"valueRequired\":true,\"valueName\":\"search_term_string\"}}],\"inLanguage\":\"en-US\"},{\"@type\":\"Organization\",\"@id\":\"https:\\\/\\\/www.comprarmejor.es\\\/en\\\/#organization\",\"name\":\"COMPRAR MEJOR\",\"url\":\"https:\\\/\\\/www.comprarmejor.es\\\/en\\\/\",\"logo\":{\"@type\":\"ImageObject\",\"inLanguage\":\"en-US\",\"@id\":\"https:\\\/\\\/www.comprarmejor.es\\\/en\\\/#\\\/schema\\\/logo\\\/image\\\/\",\"url\":\"https:\\\/\\\/www.comprarmejor.es\\\/wp-content\\\/uploads\\\/2025\\\/09\\\/comprarmejortrinidad.jpg\",\"contentUrl\":\"https:\\\/\\\/www.comprarmejor.es\\\/wp-content\\\/uploads\\\/2025\\\/09\\\/comprarmejortrinidad.jpg\",\"width\":1022,\"height\":1380,\"caption\":\"COMPRAR MEJOR\"},\"image\":{\"@id\":\"https:\\\/\\\/www.comprarmejor.es\\\/en\\\/#\\\/schema\\\/logo\\\/image\\\/\"},\"sameAs\":[\"https:\\\/\\\/www.instagram.com\\\/amigosdelcodice\"]}]}<\/script>\n<!-- \/ Yoast SEO plugin. -->","yoast_head_json":{"title":"The Hunting in the Encyclopaedia of Diderot and D'Alembert","description":"Facsimile edition held in Madrid in 2000, the hunting chapter of the Encyclopaedia of Diderot and D'Alembert, according to the Paris edition of 1763.","robots":{"index":"index","follow":"follow","max-snippet":"max-snippet:-1","max-image-preview":"max-image-preview:large","max-video-preview":"max-video-preview:-1"},"canonical":"https:\/\/www.comprarmejor.es\/en\/product\/the-hunting-in-the-encyclopaedia-of-diderot-and-d-alembert\/","og_locale":"en_US","og_type":"article","og_title":"The Hunting in the Encyclopaedia of Diderot and D'Alembert","og_description":"Facsimile edition held in Madrid in 2000, the hunting chapter of the Encyclopaedia of Diderot and D'Alembert, according to the Paris edition of 1763.","og_url":"https:\/\/www.comprarmejor.es\/en\/product\/the-hunting-in-the-encyclopaedia-of-diderot-and-d-alembert\/","og_site_name":"ComprarMejor","article_modified_time":"2020-05-03T11:07:48+00:00","og_image":[{"width":449,"height":599,"url":"https:\/\/www.comprarmejor.es\/wp-content\/uploads\/2017\/10\/p_6_3_8_3_6383-La-caza-en-la-Enciclopedia-de-Diderot-y-D\u2019Alembert.jpg","type":"image\/jpeg"}],"twitter_card":"summary_large_image","twitter_misc":{"Est. reading time":"1 minute"},"schema":{"@context":"https:\/\/schema.org","@graph":[{"@type":"WebPage","@id":"https:\/\/www.comprarmejor.es\/en\/product\/the-hunting-in-the-encyclopaedia-of-diderot-and-d-alembert\/","url":"https:\/\/www.comprarmejor.es\/en\/product\/the-hunting-in-the-encyclopaedia-of-diderot-and-d-alembert\/","name":"The Hunting in the Encyclopaedia of Diderot and D'Alembert","isPartOf":{"@id":"https:\/\/www.comprarmejor.es\/en\/#website"},"primaryImageOfPage":{"@id":"https:\/\/www.comprarmejor.es\/en\/product\/the-hunting-in-the-encyclopaedia-of-diderot-and-d-alembert\/#primaryimage"},"image":{"@id":"https:\/\/www.comprarmejor.es\/en\/product\/the-hunting-in-the-encyclopaedia-of-diderot-and-d-alembert\/#primaryimage"},"thumbnailUrl":"https:\/\/www.comprarmejor.es\/wp-content\/uploads\/2017\/10\/p_6_3_8_3_6383-La-caza-en-la-Enciclopedia-de-Diderot-y-D\u2019Alembert.jpg","datePublished":"2017-10-29T09:33:44+00:00","dateModified":"2020-05-03T11:07:48+00:00","description":"Facsimile edition held in Madrid in 2000, the hunting chapter of the Encyclopaedia of Diderot and D'Alembert, according to the Paris edition of 1763.","breadcrumb":{"@id":"https:\/\/www.comprarmejor.es\/en\/product\/the-hunting-in-the-encyclopaedia-of-diderot-and-d-alembert\/#breadcrumb"},"inLanguage":"en-US","potentialAction":[{"@type":"ReadAction","target":["https:\/\/www.comprarmejor.es\/en\/product\/the-hunting-in-the-encyclopaedia-of-diderot-and-d-alembert\/"]}]},{"@type":"ImageObject","inLanguage":"en-US","@id":"https:\/\/www.comprarmejor.es\/en\/product\/the-hunting-in-the-encyclopaedia-of-diderot-and-d-alembert\/#primaryimage","url":"https:\/\/www.comprarmejor.es\/wp-content\/uploads\/2017\/10\/p_6_3_8_3_6383-La-caza-en-la-Enciclopedia-de-Diderot-y-D\u2019Alembert.jpg","contentUrl":"https:\/\/www.comprarmejor.es\/wp-content\/uploads\/2017\/10\/p_6_3_8_3_6383-La-caza-en-la-Enciclopedia-de-Diderot-y-D\u2019Alembert.jpg","width":449,"height":599},{"@type":"BreadcrumbList","@id":"https:\/\/www.comprarmejor.es\/en\/product\/the-hunting-in-the-encyclopaedia-of-diderot-and-d-alembert\/#breadcrumb","itemListElement":[{"@type":"ListItem","position":1,"name":"Portada","item":"https:\/\/www.comprarmejor.es\/en\/"},{"@type":"ListItem","position":2,"name":"Shop","item":"https:\/\/www.comprarmejor.es\/en\/shop\/"},{"@type":"ListItem","position":3,"name":"The Hunting in the Encyclopaedia of Diderot and D&#8217;Alembert"}]},{"@type":"WebSite","@id":"https:\/\/www.comprarmejor.es\/en\/#website","url":"https:\/\/www.comprarmejor.es\/en\/","name":"ComprarMejor","description":"ComprarMejor","publisher":{"@id":"https:\/\/www.comprarmejor.es\/en\/#organization"},"potentialAction":[{"@type":"SearchAction","target":{"@type":"EntryPoint","urlTemplate":"https:\/\/www.comprarmejor.es\/en\/?s={search_term_string}"},"query-input":{"@type":"PropertyValueSpecification","valueRequired":true,"valueName":"search_term_string"}}],"inLanguage":"en-US"},{"@type":"Organization","@id":"https:\/\/www.comprarmejor.es\/en\/#organization","name":"COMPRAR MEJOR","url":"https:\/\/www.comprarmejor.es\/en\/","logo":{"@type":"ImageObject","inLanguage":"en-US","@id":"https:\/\/www.comprarmejor.es\/en\/#\/schema\/logo\/image\/","url":"https:\/\/www.comprarmejor.es\/wp-content\/uploads\/2025\/09\/comprarmejortrinidad.jpg","contentUrl":"https:\/\/www.comprarmejor.es\/wp-content\/uploads\/2025\/09\/comprarmejortrinidad.jpg","width":1022,"height":1380,"caption":"COMPRAR MEJOR"},"image":{"@id":"https:\/\/www.comprarmejor.es\/en\/#\/schema\/logo\/image\/"},"sameAs":["https:\/\/www.instagram.com\/amigosdelcodice"]}]}},"_links":{"self":[{"href":"https:\/\/www.comprarmejor.es\/en\/wp-json\/wp\/v2\/product\/55129","targetHints":{"allow":["GET"]}}],"collection":[{"href":"https:\/\/www.comprarmejor.es\/en\/wp-json\/wp\/v2\/product"}],"about":[{"href":"https:\/\/www.comprarmejor.es\/en\/wp-json\/wp\/v2\/types\/product"}],"wp:featuredmedia":[{"embeddable":true,"href":"https:\/\/www.comprarmejor.es\/en\/wp-json\/wp\/v2\/media\/55115"}],"wp:attachment":[{"href":"https:\/\/www.comprarmejor.es\/en\/wp-json\/wp\/v2\/media?parent=55129"}],"wp:term":[{"taxonomy":"product_brand","embeddable":true,"href":"https:\/\/www.comprarmejor.es\/en\/wp-json\/wp\/v2\/product_brand?post=55129"},{"taxonomy":"product_cat","embeddable":true,"href":"https:\/\/www.comprarmejor.es\/en\/wp-json\/wp\/v2\/product_cat?post=55129"},{"taxonomy":"product_tag","embeddable":true,"href":"https:\/\/www.comprarmejor.es\/en\/wp-json\/wp\/v2\/product_tag?post=55129"}],"curies":[{"name":"wp","href":"https:\/\/api.w.org\/{rel}","templated":true}]}}