{"id":55141,"date":"2017-10-29T23:27:55","date_gmt":"2017-10-29T22:27:55","guid":{"rendered":"https:\/\/www.comprarmejor.es\/producto\/the-book-of-the-caged-heart-rene-d-anjou-c-1460\/"},"modified":"2025-05-23T11:49:38","modified_gmt":"2025-05-23T09:49:38","slug":"key-documents-in-the-history-of-golf-1457-1744","status":"publish","type":"product","link":"https:\/\/www.comprarmejor.es\/en\/product\/key-documents-in-the-history-of-golf-1457-1744\/","title":{"rendered":"Key Documents in the History of Golf (1457-1744)"},"content":{"rendered":"<p style=\"text-align: justify;\">The oldest documents in the history of golf. After more than three years of research and in collaboration with the National Library of Scotland, the Scottish Parliament Archives, The Honourable Company of Edinburgh Golfers, and the Edinburgh City Archives, this set of facsimiles has been published and dubbed &#8220;Key Documents in the History of Golf.&#8221;<\/p>\n<p style=\"text-align: justify;\">The aim of this collection is to offer the general public reliable reproductions of those documents that played a crucial role in the early history of the game. It begins with the oldest surviving document mentioning the game of golf, dating back to 1457, and concludes with a reproduction of the first rules for playing it, established in 1744.<\/p>\n<p style=\"text-align: justify;\">Other documents include the prohibitions decreed by King James II (1457), King James III (1471), and King James IV (1491) regarding the game of golf; documentation from the High Treasurer of the Kingdom showing the purchase of clubs and balls by the king in 1506; the document granting the license to manufacture balls in Scotland; Thomas Kincaid&#8217;s Diary with the first instructions on how to swing; and the stipulations established by the Edinburgh City Council for the First Open Competition.<\/p>\n<p style=\"text-align: justify;\">Discover the obstacles the game had to overcome and the figures who played a pivotal role in its development and consolidation. The work includes a reproduction of the original rules established in 1744 by the Honourable Company of Edinburgh Golfers for the first open competition organized by the Edinburgh City Council in 1744, the Silver Club Competition.<\/p>\n<p style=\"text-align: justify;\">The entire collection is presented in an elegant green cloth-covered box, measuring 35.5 x 40 x 8 cm, which houses and protects:<br \/>\n11 folders with a total of 22 facsimile documents on hand-aged paper. One additional facsimile document from 1781 with updated regulations.<br \/>\nComplementary volume in English, hardbound with an illustrated dust jacket, 18 x 23 cm, 112 pages with color illustrations, including a study and transcription of the documents. ISBN 9781905267095.<br \/>\n16-page booklet in Spanish.<br \/>\nFacsimile of the 1804 Edinburgh city map.<\/p>\n<p style=\"text-align: justify;\">Limited edition numbered by notarial deed. Complete copy, in perfect condition, new, unused.<\/p>\n<p style=\"text-align: justify;\">Free shipping for this item<span title=\"Gastos de env\u00edo por cuenta del comprador, seg\u00fan pedido y destino.\">.\u00a0<\/span><span title=\"Cons\u00faltenos sin compromiso (indicando la referencia del art\u00edculo) cualquier duda.\"><a class=\"btn btn-default\" href=\"https:\/\/www.comprarmejor.es\/en\/contact\/\">Ask us<\/a> <span class=\"HwtZe\" lang=\"en\"><span class=\"jCAhz ChMk0b\"><span class=\"ryNqvb\">any questions, quoting the item reference.<\/span><\/span><\/span><br \/>\n<\/span><\/p>\n","protected":false},"excerpt":{"rendered":"<p style=\"text-align: justify;\"><span id=\"result_box\" lang=\"en\" xml:lang=\"en\"><span title=\"Bella reproducci\u00f3n facs\u00edmile editada en 2007 de las miniaturas del Codex Vindobonensis 2597, el Libro del Coraz\u00f3n Prendido, cuyo original se conserva en la Biblioteca Nacional de Austria.\"><span class=\"VIiyi\" lang=\"en\"><span class=\"JLqJ4b\" data-language-for-alternatives=\"en\" data-language-to-translate-into=\"es\" data-phrase-index=\"0\" data-number-of-phrases=\"1\"><span class=\"Q4iAWc\"><span class=\"HwtZe\" lang=\"en\"><span class=\"jCAhz ChMk0b\"><span class=\"ryNqvb\">The oldest documents in the history of golf.<\/span><\/span> <span class=\"jCAhz ChMk0b\"><span class=\"ryNqvb\">After more than three years of research and in collaboration with the National Library of Scotland, the Scottish Parliament Archives<\/span><\/span><\/span>&#8230;<\/span><\/span><\/span><\/span><\/span><\/p>\n","protected":false},"featured_media":102489,"template":"","meta":[],"product_brand":[],"product_cat":[2250],"product_tag":[4390,5120,4519,4090],"class_list":{"0":"post-55141","1":"product","2":"type-product","3":"status-publish","4":"has-post-thumbnail","6":"product_cat-other-facsimiles","7":"product_tag-golf-en-2","8":"product_tag-history-en","9":"product_tag-libraria-en-2","10":"product_tag-taberna-en","11":"description-off","13":"first","14":"instock","15":"taxable","16":"shipping-taxable","17":"purchasable","18":"product-type-simple"},"yoast_head":"<!-- This site is optimized with the Yoast SEO plugin v27.3 - https:\/\/yoast.com\/product\/yoast-seo-wordpress\/ -->\n<title>Key Documents in the History of Golf (1457-1744)<\/title>\n<meta name=\"description\" content=\"The oldest documents in the history of golf. After more than three years of research and in collaboration with the National Library of Scotland, the...\" \/>\n<meta name=\"robots\" content=\"index, follow, max-snippet:-1, max-image-preview:large, max-video-preview:-1\" \/>\n<link rel=\"canonical\" href=\"https:\/\/www.comprarmejor.es\/en\/product\/key-documents-in-the-history-of-golf-1457-1744\/\" \/>\n<meta property=\"og:locale\" content=\"en_US\" \/>\n<meta property=\"og:type\" content=\"article\" \/>\n<meta property=\"og:title\" content=\"Key Documents in the History of Golf (1457-1744)\" \/>\n<meta property=\"og:description\" content=\"The oldest documents in the history of golf. After more than three years of research and in collaboration with the National Library of Scotland, the...\" \/>\n<meta property=\"og:url\" content=\"https:\/\/www.comprarmejor.es\/en\/product\/key-documents-in-the-history-of-golf-1457-1744\/\" \/>\n<meta property=\"og:site_name\" content=\"ComprarMejor\" \/>\n<meta property=\"article:modified_time\" content=\"2025-05-23T09:49:38+00:00\" \/>\n<meta property=\"og:image\" content=\"https:\/\/www.comprarmejor.es\/wp-content\/uploads\/2017\/10\/DSC03716.jpg\" \/>\n\t<meta property=\"og:image:width\" content=\"600\" \/>\n\t<meta property=\"og:image:height\" content=\"411\" \/>\n\t<meta property=\"og:image:type\" content=\"image\/jpeg\" \/>\n<meta name=\"twitter:card\" content=\"summary_large_image\" \/>\n<meta name=\"twitter:label1\" content=\"Est. reading time\" \/>\n\t<meta name=\"twitter:data1\" content=\"2 minutes\" \/>\n<script type=\"application\/ld+json\" class=\"yoast-schema-graph\">{\"@context\":\"https:\\\/\\\/schema.org\",\"@graph\":[{\"@type\":\"WebPage\",\"@id\":\"https:\\\/\\\/www.comprarmejor.es\\\/en\\\/product\\\/key-documents-in-the-history-of-golf-1457-1744\\\/\",\"url\":\"https:\\\/\\\/www.comprarmejor.es\\\/en\\\/product\\\/key-documents-in-the-history-of-golf-1457-1744\\\/\",\"name\":\"Key Documents in the History of Golf (1457-1744)\",\"isPartOf\":{\"@id\":\"https:\\\/\\\/www.comprarmejor.es\\\/en\\\/#website\"},\"primaryImageOfPage\":{\"@id\":\"https:\\\/\\\/www.comprarmejor.es\\\/en\\\/product\\\/key-documents-in-the-history-of-golf-1457-1744\\\/#primaryimage\"},\"image\":{\"@id\":\"https:\\\/\\\/www.comprarmejor.es\\\/en\\\/product\\\/key-documents-in-the-history-of-golf-1457-1744\\\/#primaryimage\"},\"thumbnailUrl\":\"https:\\\/\\\/www.comprarmejor.es\\\/wp-content\\\/uploads\\\/2017\\\/10\\\/DSC03716.jpg\",\"datePublished\":\"2017-10-29T22:27:55+00:00\",\"dateModified\":\"2025-05-23T09:49:38+00:00\",\"description\":\"The oldest documents in the history of golf. After more than three years of research and in collaboration with the National Library of Scotland, the...\",\"breadcrumb\":{\"@id\":\"https:\\\/\\\/www.comprarmejor.es\\\/en\\\/product\\\/key-documents-in-the-history-of-golf-1457-1744\\\/#breadcrumb\"},\"inLanguage\":\"en-US\",\"potentialAction\":[{\"@type\":\"ReadAction\",\"target\":[\"https:\\\/\\\/www.comprarmejor.es\\\/en\\\/product\\\/key-documents-in-the-history-of-golf-1457-1744\\\/\"]}]},{\"@type\":\"ImageObject\",\"inLanguage\":\"en-US\",\"@id\":\"https:\\\/\\\/www.comprarmejor.es\\\/en\\\/product\\\/key-documents-in-the-history-of-golf-1457-1744\\\/#primaryimage\",\"url\":\"https:\\\/\\\/www.comprarmejor.es\\\/wp-content\\\/uploads\\\/2017\\\/10\\\/DSC03716.jpg\",\"contentUrl\":\"https:\\\/\\\/www.comprarmejor.es\\\/wp-content\\\/uploads\\\/2017\\\/10\\\/DSC03716.jpg\",\"width\":600,\"height\":411},{\"@type\":\"BreadcrumbList\",\"@id\":\"https:\\\/\\\/www.comprarmejor.es\\\/en\\\/product\\\/key-documents-in-the-history-of-golf-1457-1744\\\/#breadcrumb\",\"itemListElement\":[{\"@type\":\"ListItem\",\"position\":1,\"name\":\"Portada\",\"item\":\"https:\\\/\\\/www.comprarmejor.es\\\/en\\\/\"},{\"@type\":\"ListItem\",\"position\":2,\"name\":\"Shop\",\"item\":\"https:\\\/\\\/www.comprarmejor.es\\\/en\\\/shop\\\/\"},{\"@type\":\"ListItem\",\"position\":3,\"name\":\"Key Documents in the History of Golf (1457-1744)\"}]},{\"@type\":\"WebSite\",\"@id\":\"https:\\\/\\\/www.comprarmejor.es\\\/en\\\/#website\",\"url\":\"https:\\\/\\\/www.comprarmejor.es\\\/en\\\/\",\"name\":\"ComprarMejor\",\"description\":\"ComprarMejor\",\"publisher\":{\"@id\":\"https:\\\/\\\/www.comprarmejor.es\\\/en\\\/#organization\"},\"potentialAction\":[{\"@type\":\"SearchAction\",\"target\":{\"@type\":\"EntryPoint\",\"urlTemplate\":\"https:\\\/\\\/www.comprarmejor.es\\\/en\\\/?s={search_term_string}\"},\"query-input\":{\"@type\":\"PropertyValueSpecification\",\"valueRequired\":true,\"valueName\":\"search_term_string\"}}],\"inLanguage\":\"en-US\"},{\"@type\":\"Organization\",\"@id\":\"https:\\\/\\\/www.comprarmejor.es\\\/en\\\/#organization\",\"name\":\"COMPRAR MEJOR\",\"url\":\"https:\\\/\\\/www.comprarmejor.es\\\/en\\\/\",\"logo\":{\"@type\":\"ImageObject\",\"inLanguage\":\"en-US\",\"@id\":\"https:\\\/\\\/www.comprarmejor.es\\\/en\\\/#\\\/schema\\\/logo\\\/image\\\/\",\"url\":\"https:\\\/\\\/www.comprarmejor.es\\\/wp-content\\\/uploads\\\/2025\\\/09\\\/comprarmejortrinidad.jpg\",\"contentUrl\":\"https:\\\/\\\/www.comprarmejor.es\\\/wp-content\\\/uploads\\\/2025\\\/09\\\/comprarmejortrinidad.jpg\",\"width\":1022,\"height\":1380,\"caption\":\"COMPRAR MEJOR\"},\"image\":{\"@id\":\"https:\\\/\\\/www.comprarmejor.es\\\/en\\\/#\\\/schema\\\/logo\\\/image\\\/\"},\"sameAs\":[\"https:\\\/\\\/www.instagram.com\\\/amigosdelcodice\"]}]}<\/script>\n<!-- \/ Yoast SEO plugin. -->","yoast_head_json":{"title":"Key Documents in the History of Golf (1457-1744)","description":"The oldest documents in the history of golf. After more than three years of research and in collaboration with the National Library of Scotland, the...","robots":{"index":"index","follow":"follow","max-snippet":"max-snippet:-1","max-image-preview":"max-image-preview:large","max-video-preview":"max-video-preview:-1"},"canonical":"https:\/\/www.comprarmejor.es\/en\/product\/key-documents-in-the-history-of-golf-1457-1744\/","og_locale":"en_US","og_type":"article","og_title":"Key Documents in the History of Golf (1457-1744)","og_description":"The oldest documents in the history of golf. After more than three years of research and in collaboration with the National Library of Scotland, the...","og_url":"https:\/\/www.comprarmejor.es\/en\/product\/key-documents-in-the-history-of-golf-1457-1744\/","og_site_name":"ComprarMejor","article_modified_time":"2025-05-23T09:49:38+00:00","og_image":[{"width":600,"height":411,"url":"https:\/\/www.comprarmejor.es\/wp-content\/uploads\/2017\/10\/DSC03716.jpg","type":"image\/jpeg"}],"twitter_card":"summary_large_image","twitter_misc":{"Est. reading time":"2 minutes"},"schema":{"@context":"https:\/\/schema.org","@graph":[{"@type":"WebPage","@id":"https:\/\/www.comprarmejor.es\/en\/product\/key-documents-in-the-history-of-golf-1457-1744\/","url":"https:\/\/www.comprarmejor.es\/en\/product\/key-documents-in-the-history-of-golf-1457-1744\/","name":"Key Documents in the History of Golf (1457-1744)","isPartOf":{"@id":"https:\/\/www.comprarmejor.es\/en\/#website"},"primaryImageOfPage":{"@id":"https:\/\/www.comprarmejor.es\/en\/product\/key-documents-in-the-history-of-golf-1457-1744\/#primaryimage"},"image":{"@id":"https:\/\/www.comprarmejor.es\/en\/product\/key-documents-in-the-history-of-golf-1457-1744\/#primaryimage"},"thumbnailUrl":"https:\/\/www.comprarmejor.es\/wp-content\/uploads\/2017\/10\/DSC03716.jpg","datePublished":"2017-10-29T22:27:55+00:00","dateModified":"2025-05-23T09:49:38+00:00","description":"The oldest documents in the history of golf. After more than three years of research and in collaboration with the National Library of Scotland, the...","breadcrumb":{"@id":"https:\/\/www.comprarmejor.es\/en\/product\/key-documents-in-the-history-of-golf-1457-1744\/#breadcrumb"},"inLanguage":"en-US","potentialAction":[{"@type":"ReadAction","target":["https:\/\/www.comprarmejor.es\/en\/product\/key-documents-in-the-history-of-golf-1457-1744\/"]}]},{"@type":"ImageObject","inLanguage":"en-US","@id":"https:\/\/www.comprarmejor.es\/en\/product\/key-documents-in-the-history-of-golf-1457-1744\/#primaryimage","url":"https:\/\/www.comprarmejor.es\/wp-content\/uploads\/2017\/10\/DSC03716.jpg","contentUrl":"https:\/\/www.comprarmejor.es\/wp-content\/uploads\/2017\/10\/DSC03716.jpg","width":600,"height":411},{"@type":"BreadcrumbList","@id":"https:\/\/www.comprarmejor.es\/en\/product\/key-documents-in-the-history-of-golf-1457-1744\/#breadcrumb","itemListElement":[{"@type":"ListItem","position":1,"name":"Portada","item":"https:\/\/www.comprarmejor.es\/en\/"},{"@type":"ListItem","position":2,"name":"Shop","item":"https:\/\/www.comprarmejor.es\/en\/shop\/"},{"@type":"ListItem","position":3,"name":"Key Documents in the History of Golf (1457-1744)"}]},{"@type":"WebSite","@id":"https:\/\/www.comprarmejor.es\/en\/#website","url":"https:\/\/www.comprarmejor.es\/en\/","name":"ComprarMejor","description":"ComprarMejor","publisher":{"@id":"https:\/\/www.comprarmejor.es\/en\/#organization"},"potentialAction":[{"@type":"SearchAction","target":{"@type":"EntryPoint","urlTemplate":"https:\/\/www.comprarmejor.es\/en\/?s={search_term_string}"},"query-input":{"@type":"PropertyValueSpecification","valueRequired":true,"valueName":"search_term_string"}}],"inLanguage":"en-US"},{"@type":"Organization","@id":"https:\/\/www.comprarmejor.es\/en\/#organization","name":"COMPRAR MEJOR","url":"https:\/\/www.comprarmejor.es\/en\/","logo":{"@type":"ImageObject","inLanguage":"en-US","@id":"https:\/\/www.comprarmejor.es\/en\/#\/schema\/logo\/image\/","url":"https:\/\/www.comprarmejor.es\/wp-content\/uploads\/2025\/09\/comprarmejortrinidad.jpg","contentUrl":"https:\/\/www.comprarmejor.es\/wp-content\/uploads\/2025\/09\/comprarmejortrinidad.jpg","width":1022,"height":1380,"caption":"COMPRAR MEJOR"},"image":{"@id":"https:\/\/www.comprarmejor.es\/en\/#\/schema\/logo\/image\/"},"sameAs":["https:\/\/www.instagram.com\/amigosdelcodice"]}]}},"_links":{"self":[{"href":"https:\/\/www.comprarmejor.es\/en\/wp-json\/wp\/v2\/product\/55141","targetHints":{"allow":["GET"]}}],"collection":[{"href":"https:\/\/www.comprarmejor.es\/en\/wp-json\/wp\/v2\/product"}],"about":[{"href":"https:\/\/www.comprarmejor.es\/en\/wp-json\/wp\/v2\/types\/product"}],"wp:featuredmedia":[{"embeddable":true,"href":"https:\/\/www.comprarmejor.es\/en\/wp-json\/wp\/v2\/media\/102489"}],"wp:attachment":[{"href":"https:\/\/www.comprarmejor.es\/en\/wp-json\/wp\/v2\/media?parent=55141"}],"wp:term":[{"taxonomy":"product_brand","embeddable":true,"href":"https:\/\/www.comprarmejor.es\/en\/wp-json\/wp\/v2\/product_brand?post=55141"},{"taxonomy":"product_cat","embeddable":true,"href":"https:\/\/www.comprarmejor.es\/en\/wp-json\/wp\/v2\/product_cat?post=55141"},{"taxonomy":"product_tag","embeddable":true,"href":"https:\/\/www.comprarmejor.es\/en\/wp-json\/wp\/v2\/product_tag?post=55141"}],"curies":[{"name":"wp","href":"https:\/\/api.w.org\/{rel}","templated":true}]}}