{"id":55179,"date":"2017-12-15T09:46:37","date_gmt":"2017-12-15T08:46:37","guid":{"rendered":"https:\/\/www.comprarmejor.es\/producto\/punishments-and-documents-of-king-don-sancho-s-xiii\/"},"modified":"2019-08-26T16:15:38","modified_gmt":"2019-08-26T14:15:38","slug":"punishments-and-documents-of-king-don-sancho-s-xiii","status":"publish","type":"product","link":"https:\/\/www.comprarmejor.es\/en\/product\/punishments-and-documents-of-king-don-sancho-s-xiii\/","title":{"rendered":"Punishments and Documents of King Don Sancho, s. XIII"},"content":{"rendered":"<p style=\"text-align: justify;\"><span id=\"result_box\" lang=\"en\" xml:lang=\"en\"><span title=\"Castigos y Documentos del Rey Sancho IV de Castilla;\">Punishments and Documents of King Sancho IV de Castilla; <\/span><span title=\"Privilegio rodado de Sancho IV el Bravo.\">Privilege shot of Sancho IV el Bravo. <\/span><span title=\"Edici\u00f3n facs\u00edmile realizada en 2002 en edici\u00f3n limitada a 500 ejemplares, numerada y autentificada notarialmente.\">Facsimile edition carried out in 2002 in a limited edition of 500 copies, numbered and authenticated by notary. <\/span><span title=\"Original conservado en la Biblioteca Nacional de Espa\u00f1a y datado en el a\u00f1o 1292 (siglo XIII).\">Original preserved in the National Library of Spain and dated in the year 1292 (XIII century). <\/span><span title=\"Se ha incorporado el facs\u00edmile del Privilegio Rodado de Sancho IV el Bravo, Rey de Castilla y Le\u00f3n, cuyo original se conserva en el Archivo Hist\u00f3rico Nacional, Madrid.\">The facsimile of the Rolled Privilege of Sancho IV the Brave, King of Castile and Leon, whose original is kept in the National Historical Archive, Madrid, has been incorporated.<\/span><\/span><\/p>\n<p style=\"text-align: justify;\"><span title=\"Facs\u00edmile encuadernado artesanalmente en piel natural sobre tabla con gofrados en seco.\">Hand-bound facsimile in natural leather on board with dry embossing. <\/span><span title=\"Formato 27,5 x 38,5 cm.\">Format 27.5 x 38.5 cm. <\/span><span title=\"172 p\u00e1ginas conteniendo 22 miniaturas de diversos tama\u00f1os, algunas con oros, realizadas en el Taller del scriptorium regio toledano.\">172 pages containing 22 miniatures of different sizes, some with golds, made in the Workshop of the scriptorium regio toledano.<\/span><\/p>\n<p style=\"text-align: justify;\"><span title=\"Libro estudio complementario con la traducci\u00f3n y comentarios de las miniaturas.\">Complementary study book with the translation and comments of the miniatures. <\/span><span title=\"Encuadernado en holandesa piel y tela, formato 27,5 x 38 cm.\">Bound in Dutch leather and fabric, format 27.5 x 38 cm. <\/span><span title=\"200 p\u00e1ginas.\">200 pages<\/span><\/p>\n<p style=\"text-align: justify;\"><span title=\"Ambos libros se presentan en una caja-estuche abierto formato 27,5 x 39 x 7 cm, forrada en papel tela con t\u00edtulos dorados.\">Both books are presented in an open case-box format 27.5 x 39 x 7 cm, lined in cloth with gold titles.<\/span><\/p>\n<p style=\"text-align: justify;\"><span title=\"El Libro de los Castigos, tambi\u00e9n conocido como &quot;el Libro de los Castigos e documentos para bien vivir&quot;, es un ejemplo de la literatura did\u00e1ctica y moralizadora del siglo XIII, compuesto por sermones y ap\u00f3logos entresacados de diversas fuentes sagradas y paganas.\">The Book of Punishments, also known as &#8220;the Book of Punishments and Documents for Living Well&#8221;, is an example of the didactic and moralizing literature of the thirteenth century, composed of sermons and apologists culled from various sacred and pagan sources. <\/span><span title=\"Fue comandado por Sancho IV el Bravo, rey de Castilla (1258-1295), y dedicado a su hijo Fernando IV &quot;el Emplazado&quot;, para inculcarle las buenas costumbres y modo de comportarse con Dios, consigo mismo y con los s\u00fabditos.\">He was commanded by Sancho IV the Brave, king of Castile (1258-1295), and dedicated to his son Fernando IV &#8220;the Emplazado&#8221;, to inculcate the good customs and way of behaving with God, with himself and with the subjects. <\/span><span title=\"La paternidad de la obra a favor de Sancho IV se demuestra por la inscripci\u00f3n que figura en la \u00faltima p\u00e1gina del c\u00f3dice, donde dice que lo comenz\u00f3 el mismo a\u00f1o que gan\u00f3 Tarifa a los benimerines y lo termin\u00f3 al a\u00f1o siguiente (1292).\">The paternity of the work in favor of Sancho IV is demonstrated by the inscription that appears on the last page of the codex, where it says that it began in the same year that the Tariff won the benimerines and ended it the following year (1292). <\/span><span title=\"Seg\u00fan declara el propio rey don Sancho &quot;...fue redactado con la ayuda de cient\u00edficos sabios&quot;.\">According to King Sancho himself, &#8220;&#8230; it was written with the help of wise scientists&#8221;. <\/span><span title=\"Es, por tanto, una elongaci\u00f3n del scriptorium alfons\u00ed.\">It is, therefore, an elongation of the Alfons\u00ed scriptorium.<\/span><\/p>\n<p style=\"text-align: justify;\"><span title=\"La \u00e9poca de Sancho IV habr\u00eda sido tan activa en la composici\u00f3n de libros como la de su padre Alfonso X el Sabio, si hubiera vivido m\u00e1s tiempo.\">The time of Sancho IV would have been as active in the composition of books as that of his father Alfonso X el Sabio, if he had lived longer. <\/span><span title=\"Adem\u00e1s del libro de los Castigos promovi\u00f3 la traducci\u00f3n de dos grandes enciclopedias: el Libro del Tesoro (1293), versi\u00f3n casi literal de Li livres dou tresor, de Brunetto Latini, y el Lucidario (1295), traducci\u00f3n muy libre del Elucidarius de Honorio de\">In addition to the book of Punishments, he promoted the translation of two great encyclopedias: the Book of the Treasury (1293), an almost literal version of Li livres dou tresor, by Brunetto Latini, and the Lucidario (1295), a very free translation of the Elucidarius of Honorius. <\/span><span title=\"Autun, que trata asuntos curiosos y variados sobre todo tipo de saberes.\">Autun, which deals with curious and varied topics about all kinds of knowledge. <\/span><span title=\"Tambi\u00e9n compuso, entre 1284 y 1289, la denominada &quot;Versi\u00f3n sanchina&quot; de la Estoria de Espa\u00f1a, obra de Alfonso X el Sabio que dej\u00f3 inacabada en 1274. El libro de los Castigos sigue la misma l\u00ednea enciclop\u00e9dica del conocimiento, aunque m\u00e1s breve y enfocado\">He also composed, between 1284 and 1289, the so-called &#8220;Sanchina version&#8221; of the Estoria of Spain, work of Alfonso X the Wise that left unfinished in 1274. The book of Punishments follows the same encyclopedic line of knowledge, although shorter and focused <\/span><span title=\"a la ense\u00f1anza.\">to teaching.<\/span><\/p>\n<p style=\"text-align: justify;\"><span title=\"El Privilegio rodado no lo contiene el original;\">The rolled Privilege does not contain the original; <\/span><span title=\"pero se ha incluido en el facs\u00edmile.\">but it has been included in the facsimile. <\/span><span title=\"El libro de estudios contiene un extenso trabajo sobre este pergamino que se conserva en el Archivo Hist\u00f3rico Nacional.\">The book of studies contains an extensive work on this parchment that is conserved in the National Historical Archive.<\/span><\/p>\n<p style=\"text-align: justify;\"><span title=\"Esta edici\u00f3n se realiza para los bibli\u00f3filos que no s\u00f3lo son amantes del arte, sino tambi\u00e9n lo son de la historia y de la literatura.\">This edition is made for bibliophiles who are not only lovers of art, but also lovers of history and literature. <\/span><span title=\"Trata de un tema que no son los llamados Beatos y Libros de Horas que tanto proliferan, sino de algo muy especial que puede formar parte de su biblioteca para ser le\u00eddo, estudiado, investigado, de tal forma que abandone de vez en cuando su estuche para\">It deals with a topic that is not the so-called Blessed and Books of Hours that proliferate so much, but something very special that can be part of your library to be read, studied, researched, so that from time to time leave your case to <\/span><span title=\"ser utilizado como lo que es: un \u201dlibro\u201d.\">be used for what it is: a &#8220;book&#8221;.<\/span><\/p>\n<p style=\"text-align: justify;\"><span title=\"Se trata de un c\u00f3dice medieval famoso, de contenido hist\u00f3rico, literario y documental, aportando adem\u00e1s el encanto de sus miniaturas.\">It is a famous medieval codex, with historical, literary and documentary content, also contributing the charm of its miniatures. <\/span><span title=\"El c\u00f3dice se denomina \u201cCastigos e documentos del rey don Sancho\u201d, aunque tambi\u00e9n ha tenido otros nombres, y es una copia de principios del siglo XV que se conserva en la Biblioteca Nacional con la signatura Ms. 3995 (Vitr. 17.8)\">The codex is called &#8220;Punishment and documents of King Don Sancho&#8221;, although it has also had other names, and is a copy of the early fifteenth century that is kept in the National Library with the symbol Ms. 3995 (Vitr 17.8)<\/span><\/p>\n<p style=\"text-align: justify;\"><span title=\"Su fama viene avalada por la media docena de copias que existen del c\u00f3dice, aunque la mayor\u00eda est\u00e1n incompletas, y por los numerosos estudios que durante siglos se han realizado sobre el mismo.\">Its fame is supported by the half dozen copies of the codex that exist, although most are incomplete, and by the numerous studies that have been conducted on it for centuries. <\/span><span title=\"No obstante, la \u00fanica copia que incorpora bell\u00edsimas ilustraciones es el Ms. 3995, clasificado codicol\u00f3gicamente como \u201cManuscrito C\u201d.\">However, the only copy that incorporates beautiful illustrations is Ms. 3995, codicologically classified as &#8220;Manuscript C&#8221;.<\/span><\/p>\n<p style=\"text-align: justify;\"><span title=\"Ejemplar completo y en perfecto estado.\">Exemplary complete and in perfect condition.<\/span><\/p>\n<p style=\"text-align: justify;\"><span title=\"Gastos de env\u00edo por cuenta del comprador, seg\u00fan pedido y destino.\">Shipping costs on account of the buyer, according to order and destination.\u00a0<\/span><span title=\"Cons\u00faltenos sin compromiso (indicando la referencia del art\u00edculo) cualquier duda.\"><a class=\"btn btn-default\" href=\"http:\/\/comprarmejor.es\/en\/contact\">Consult us<\/a> without obligation (indicating the reference of the article) any doubt.<\/span><\/p>\n","protected":false},"excerpt":{"rendered":"<p style=\"text-align: justify;\"><span id=\"result_box\" lang=\"en\" xml:lang=\"en\"><span title=\"Castigos y Documentos del Rey Sancho IV de Castilla;\">Punishments and Documents of King Sancho IV de Castilla; <\/span><span title=\"Privilegio rodado de Sancho IV el Bravo.\">Privilege shot of Sancho IV el Bravo. <\/span><span title=\"Edici\u00f3n facs\u00edmile realizada en 2002 en edici\u00f3n limitada a 500 ejemplares, numerada y autentificada notarialmente.\">Facsimile edition carried out in 2002 in a limited edition of 500 copies, numbered and authenticated by notary. <\/span><span title=\"Original conservado en la Biblioteca Nacional de Espa\u00f1a y datado en el a\u00f1o 1292 (siglo XIII).\">Original preserved in the National Library of Spain and dated in the year 1292 (XIII century).<\/span><\/span><\/p>\n","protected":false},"featured_media":55167,"template":"","meta":[],"product_brand":[],"product_cat":[2250,2220],"product_tag":[4104,5120,4140,4022],"class_list":{"0":"post-55179","1":"product","2":"type-product","3":"status-publish","4":"has-post-thumbnail","6":"product_cat-other-facsimiles","7":"product_cat-special-offers","8":"product_tag-bne-en","9":"product_tag-history-en","10":"product_tag-sancho-en","11":"product_tag-versol-en","12":"product_shipping_class-from-6-to-10-kg","13":"description-off","15":"first","16":"instock","17":"sale","18":"taxable","19":"shipping-taxable","20":"purchasable","21":"product-type-simple"},"yoast_head":"<!-- This site is optimized with the Yoast SEO plugin v27.3 - https:\/\/yoast.com\/product\/yoast-seo-wordpress\/ -->\n<title>Punishments and Documents of King Don Sancho, s. XIII<\/title>\n<meta name=\"description\" content=\"Punishments and Documents of King Sancho IV of Castilla; Privilege shot of Sancho IV el Bravo. Facsimile edition carried out in 2002 in a limited edition\" \/>\n<meta name=\"robots\" content=\"index, follow, max-snippet:-1, max-image-preview:large, max-video-preview:-1\" \/>\n<link rel=\"canonical\" href=\"https:\/\/www.comprarmejor.es\/en\/product\/punishments-and-documents-of-king-don-sancho-s-xiii\/\" \/>\n<meta property=\"og:locale\" content=\"en_US\" \/>\n<meta property=\"og:type\" content=\"article\" \/>\n<meta property=\"og:title\" content=\"Punishments and Documents of King Don Sancho, s. XIII\" \/>\n<meta property=\"og:description\" content=\"Punishments and Documents of King Sancho IV of Castilla; Privilege shot of Sancho IV el Bravo. Facsimile edition carried out in 2002 in a limited edition\" \/>\n<meta property=\"og:url\" content=\"https:\/\/www.comprarmejor.es\/en\/product\/punishments-and-documents-of-king-don-sancho-s-xiii\/\" \/>\n<meta property=\"og:site_name\" content=\"ComprarMejor\" \/>\n<meta property=\"article:modified_time\" content=\"2019-08-26T14:15:38+00:00\" \/>\n<meta property=\"og:image\" content=\"https:\/\/www.comprarmejor.es\/wp-content\/uploads\/2017\/12\/p_6_6_0_5_6605-Castigos-e-Documentos-del-Rey-Don-Sancho-s.-XIII.jpg\" \/>\n\t<meta property=\"og:image:width\" content=\"599\" \/>\n\t<meta property=\"og:image:height\" content=\"449\" \/>\n\t<meta property=\"og:image:type\" content=\"image\/jpeg\" \/>\n<meta name=\"twitter:card\" content=\"summary_large_image\" \/>\n<meta name=\"twitter:label1\" content=\"Est. reading time\" \/>\n\t<meta name=\"twitter:data1\" content=\"3 minutes\" \/>\n<script type=\"application\/ld+json\" class=\"yoast-schema-graph\">{\"@context\":\"https:\\\/\\\/schema.org\",\"@graph\":[{\"@type\":\"WebPage\",\"@id\":\"https:\\\/\\\/www.comprarmejor.es\\\/en\\\/product\\\/punishments-and-documents-of-king-don-sancho-s-xiii\\\/\",\"url\":\"https:\\\/\\\/www.comprarmejor.es\\\/en\\\/product\\\/punishments-and-documents-of-king-don-sancho-s-xiii\\\/\",\"name\":\"Punishments and Documents of King Don Sancho, s. XIII\",\"isPartOf\":{\"@id\":\"https:\\\/\\\/www.comprarmejor.es\\\/en\\\/#website\"},\"primaryImageOfPage\":{\"@id\":\"https:\\\/\\\/www.comprarmejor.es\\\/en\\\/product\\\/punishments-and-documents-of-king-don-sancho-s-xiii\\\/#primaryimage\"},\"image\":{\"@id\":\"https:\\\/\\\/www.comprarmejor.es\\\/en\\\/product\\\/punishments-and-documents-of-king-don-sancho-s-xiii\\\/#primaryimage\"},\"thumbnailUrl\":\"https:\\\/\\\/www.comprarmejor.es\\\/wp-content\\\/uploads\\\/2017\\\/12\\\/p_6_6_0_5_6605-Castigos-e-Documentos-del-Rey-Don-Sancho-s.-XIII.jpg\",\"datePublished\":\"2017-12-15T08:46:37+00:00\",\"dateModified\":\"2019-08-26T14:15:38+00:00\",\"description\":\"Punishments and Documents of King Sancho IV of Castilla; Privilege shot of Sancho IV el Bravo. Facsimile edition carried out in 2002 in a limited edition\",\"breadcrumb\":{\"@id\":\"https:\\\/\\\/www.comprarmejor.es\\\/en\\\/product\\\/punishments-and-documents-of-king-don-sancho-s-xiii\\\/#breadcrumb\"},\"inLanguage\":\"en-US\",\"potentialAction\":[{\"@type\":\"ReadAction\",\"target\":[\"https:\\\/\\\/www.comprarmejor.es\\\/en\\\/product\\\/punishments-and-documents-of-king-don-sancho-s-xiii\\\/\"]}]},{\"@type\":\"ImageObject\",\"inLanguage\":\"en-US\",\"@id\":\"https:\\\/\\\/www.comprarmejor.es\\\/en\\\/product\\\/punishments-and-documents-of-king-don-sancho-s-xiii\\\/#primaryimage\",\"url\":\"https:\\\/\\\/www.comprarmejor.es\\\/wp-content\\\/uploads\\\/2017\\\/12\\\/p_6_6_0_5_6605-Castigos-e-Documentos-del-Rey-Don-Sancho-s.-XIII.jpg\",\"contentUrl\":\"https:\\\/\\\/www.comprarmejor.es\\\/wp-content\\\/uploads\\\/2017\\\/12\\\/p_6_6_0_5_6605-Castigos-e-Documentos-del-Rey-Don-Sancho-s.-XIII.jpg\",\"width\":599,\"height\":449},{\"@type\":\"BreadcrumbList\",\"@id\":\"https:\\\/\\\/www.comprarmejor.es\\\/en\\\/product\\\/punishments-and-documents-of-king-don-sancho-s-xiii\\\/#breadcrumb\",\"itemListElement\":[{\"@type\":\"ListItem\",\"position\":1,\"name\":\"Portada\",\"item\":\"https:\\\/\\\/www.comprarmejor.es\\\/en\\\/\"},{\"@type\":\"ListItem\",\"position\":2,\"name\":\"Shop\",\"item\":\"https:\\\/\\\/www.comprarmejor.es\\\/en\\\/shop\\\/\"},{\"@type\":\"ListItem\",\"position\":3,\"name\":\"Punishments and Documents of King Don Sancho, s. XIII\"}]},{\"@type\":\"WebSite\",\"@id\":\"https:\\\/\\\/www.comprarmejor.es\\\/en\\\/#website\",\"url\":\"https:\\\/\\\/www.comprarmejor.es\\\/en\\\/\",\"name\":\"ComprarMejor\",\"description\":\"ComprarMejor\",\"publisher\":{\"@id\":\"https:\\\/\\\/www.comprarmejor.es\\\/en\\\/#organization\"},\"potentialAction\":[{\"@type\":\"SearchAction\",\"target\":{\"@type\":\"EntryPoint\",\"urlTemplate\":\"https:\\\/\\\/www.comprarmejor.es\\\/en\\\/?s={search_term_string}\"},\"query-input\":{\"@type\":\"PropertyValueSpecification\",\"valueRequired\":true,\"valueName\":\"search_term_string\"}}],\"inLanguage\":\"en-US\"},{\"@type\":\"Organization\",\"@id\":\"https:\\\/\\\/www.comprarmejor.es\\\/en\\\/#organization\",\"name\":\"COMPRAR MEJOR\",\"url\":\"https:\\\/\\\/www.comprarmejor.es\\\/en\\\/\",\"logo\":{\"@type\":\"ImageObject\",\"inLanguage\":\"en-US\",\"@id\":\"https:\\\/\\\/www.comprarmejor.es\\\/en\\\/#\\\/schema\\\/logo\\\/image\\\/\",\"url\":\"https:\\\/\\\/www.comprarmejor.es\\\/wp-content\\\/uploads\\\/2025\\\/09\\\/comprarmejortrinidad.jpg\",\"contentUrl\":\"https:\\\/\\\/www.comprarmejor.es\\\/wp-content\\\/uploads\\\/2025\\\/09\\\/comprarmejortrinidad.jpg\",\"width\":1022,\"height\":1380,\"caption\":\"COMPRAR MEJOR\"},\"image\":{\"@id\":\"https:\\\/\\\/www.comprarmejor.es\\\/en\\\/#\\\/schema\\\/logo\\\/image\\\/\"},\"sameAs\":[\"https:\\\/\\\/www.instagram.com\\\/amigosdelcodice\"]}]}<\/script>\n<!-- \/ Yoast SEO plugin. -->","yoast_head_json":{"title":"Punishments and Documents of King Don Sancho, s. XIII","description":"Punishments and Documents of King Sancho IV of Castilla; Privilege shot of Sancho IV el Bravo. Facsimile edition carried out in 2002 in a limited edition","robots":{"index":"index","follow":"follow","max-snippet":"max-snippet:-1","max-image-preview":"max-image-preview:large","max-video-preview":"max-video-preview:-1"},"canonical":"https:\/\/www.comprarmejor.es\/en\/product\/punishments-and-documents-of-king-don-sancho-s-xiii\/","og_locale":"en_US","og_type":"article","og_title":"Punishments and Documents of King Don Sancho, s. XIII","og_description":"Punishments and Documents of King Sancho IV of Castilla; Privilege shot of Sancho IV el Bravo. Facsimile edition carried out in 2002 in a limited edition","og_url":"https:\/\/www.comprarmejor.es\/en\/product\/punishments-and-documents-of-king-don-sancho-s-xiii\/","og_site_name":"ComprarMejor","article_modified_time":"2019-08-26T14:15:38+00:00","og_image":[{"width":599,"height":449,"url":"https:\/\/www.comprarmejor.es\/wp-content\/uploads\/2017\/12\/p_6_6_0_5_6605-Castigos-e-Documentos-del-Rey-Don-Sancho-s.-XIII.jpg","type":"image\/jpeg"}],"twitter_card":"summary_large_image","twitter_misc":{"Est. reading time":"3 minutes"},"schema":{"@context":"https:\/\/schema.org","@graph":[{"@type":"WebPage","@id":"https:\/\/www.comprarmejor.es\/en\/product\/punishments-and-documents-of-king-don-sancho-s-xiii\/","url":"https:\/\/www.comprarmejor.es\/en\/product\/punishments-and-documents-of-king-don-sancho-s-xiii\/","name":"Punishments and Documents of King Don Sancho, s. XIII","isPartOf":{"@id":"https:\/\/www.comprarmejor.es\/en\/#website"},"primaryImageOfPage":{"@id":"https:\/\/www.comprarmejor.es\/en\/product\/punishments-and-documents-of-king-don-sancho-s-xiii\/#primaryimage"},"image":{"@id":"https:\/\/www.comprarmejor.es\/en\/product\/punishments-and-documents-of-king-don-sancho-s-xiii\/#primaryimage"},"thumbnailUrl":"https:\/\/www.comprarmejor.es\/wp-content\/uploads\/2017\/12\/p_6_6_0_5_6605-Castigos-e-Documentos-del-Rey-Don-Sancho-s.-XIII.jpg","datePublished":"2017-12-15T08:46:37+00:00","dateModified":"2019-08-26T14:15:38+00:00","description":"Punishments and Documents of King Sancho IV of Castilla; Privilege shot of Sancho IV el Bravo. Facsimile edition carried out in 2002 in a limited edition","breadcrumb":{"@id":"https:\/\/www.comprarmejor.es\/en\/product\/punishments-and-documents-of-king-don-sancho-s-xiii\/#breadcrumb"},"inLanguage":"en-US","potentialAction":[{"@type":"ReadAction","target":["https:\/\/www.comprarmejor.es\/en\/product\/punishments-and-documents-of-king-don-sancho-s-xiii\/"]}]},{"@type":"ImageObject","inLanguage":"en-US","@id":"https:\/\/www.comprarmejor.es\/en\/product\/punishments-and-documents-of-king-don-sancho-s-xiii\/#primaryimage","url":"https:\/\/www.comprarmejor.es\/wp-content\/uploads\/2017\/12\/p_6_6_0_5_6605-Castigos-e-Documentos-del-Rey-Don-Sancho-s.-XIII.jpg","contentUrl":"https:\/\/www.comprarmejor.es\/wp-content\/uploads\/2017\/12\/p_6_6_0_5_6605-Castigos-e-Documentos-del-Rey-Don-Sancho-s.-XIII.jpg","width":599,"height":449},{"@type":"BreadcrumbList","@id":"https:\/\/www.comprarmejor.es\/en\/product\/punishments-and-documents-of-king-don-sancho-s-xiii\/#breadcrumb","itemListElement":[{"@type":"ListItem","position":1,"name":"Portada","item":"https:\/\/www.comprarmejor.es\/en\/"},{"@type":"ListItem","position":2,"name":"Shop","item":"https:\/\/www.comprarmejor.es\/en\/shop\/"},{"@type":"ListItem","position":3,"name":"Punishments and Documents of King Don Sancho, s. XIII"}]},{"@type":"WebSite","@id":"https:\/\/www.comprarmejor.es\/en\/#website","url":"https:\/\/www.comprarmejor.es\/en\/","name":"ComprarMejor","description":"ComprarMejor","publisher":{"@id":"https:\/\/www.comprarmejor.es\/en\/#organization"},"potentialAction":[{"@type":"SearchAction","target":{"@type":"EntryPoint","urlTemplate":"https:\/\/www.comprarmejor.es\/en\/?s={search_term_string}"},"query-input":{"@type":"PropertyValueSpecification","valueRequired":true,"valueName":"search_term_string"}}],"inLanguage":"en-US"},{"@type":"Organization","@id":"https:\/\/www.comprarmejor.es\/en\/#organization","name":"COMPRAR MEJOR","url":"https:\/\/www.comprarmejor.es\/en\/","logo":{"@type":"ImageObject","inLanguage":"en-US","@id":"https:\/\/www.comprarmejor.es\/en\/#\/schema\/logo\/image\/","url":"https:\/\/www.comprarmejor.es\/wp-content\/uploads\/2025\/09\/comprarmejortrinidad.jpg","contentUrl":"https:\/\/www.comprarmejor.es\/wp-content\/uploads\/2025\/09\/comprarmejortrinidad.jpg","width":1022,"height":1380,"caption":"COMPRAR MEJOR"},"image":{"@id":"https:\/\/www.comprarmejor.es\/en\/#\/schema\/logo\/image\/"},"sameAs":["https:\/\/www.instagram.com\/amigosdelcodice"]}]}},"_links":{"self":[{"href":"https:\/\/www.comprarmejor.es\/en\/wp-json\/wp\/v2\/product\/55179","targetHints":{"allow":["GET"]}}],"collection":[{"href":"https:\/\/www.comprarmejor.es\/en\/wp-json\/wp\/v2\/product"}],"about":[{"href":"https:\/\/www.comprarmejor.es\/en\/wp-json\/wp\/v2\/types\/product"}],"wp:featuredmedia":[{"embeddable":true,"href":"https:\/\/www.comprarmejor.es\/en\/wp-json\/wp\/v2\/media\/55167"}],"wp:attachment":[{"href":"https:\/\/www.comprarmejor.es\/en\/wp-json\/wp\/v2\/media?parent=55179"}],"wp:term":[{"taxonomy":"product_brand","embeddable":true,"href":"https:\/\/www.comprarmejor.es\/en\/wp-json\/wp\/v2\/product_brand?post=55179"},{"taxonomy":"product_cat","embeddable":true,"href":"https:\/\/www.comprarmejor.es\/en\/wp-json\/wp\/v2\/product_cat?post=55179"},{"taxonomy":"product_tag","embeddable":true,"href":"https:\/\/www.comprarmejor.es\/en\/wp-json\/wp\/v2\/product_tag?post=55179"}],"curies":[{"name":"wp","href":"https:\/\/api.w.org\/{rel}","templated":true}]}}