{"id":55261,"date":"2018-02-09T10:20:42","date_gmt":"2018-02-09T09:20:42","guid":{"rendered":"https:\/\/www.comprarmejor.es\/producto\/the-bible-of-the-crusaders-s-xiii-in-natural-parchment\/"},"modified":"2024-02-15T17:27:45","modified_gmt":"2024-02-15T16:27:45","slug":"the-bible-of-the-crusaders-s-xiii-in-natural-parchment","status":"publish","type":"product","link":"https:\/\/www.comprarmejor.es\/en\/product\/the-bible-of-the-crusaders-s-xiii-in-natural-parchment\/","title":{"rendered":"The Bible of the Crusaders, s. XIII (5*+) (in natural parchment)"},"content":{"rendered":"<p style=\"text-align: justify;\"><span id=\"result_box\" lang=\"en\" xml:lang=\"en\"><span title=\"La Biblia de los Cruzados, tambi\u00e9n llamada Biblia de los Templarios, Biblia de San Luis, Biblia Cardenal Maciejowsky, Biblia del Sha Abbas y Biblia Morgan, es uno de los manuscritos iluminados m\u00e1s fascinantes de la Edad Media europea, tanto por la abundancia y belleza\"><span class=\"HwtZe\" lang=\"en\"><span class=\"jCAhz ChMk0b\"><span class=\"ryNqvb\">Original copy on natural parchment of<\/span><\/span><\/span> The <strong>Bible of the Crusaders<\/strong>, also called the Templars Bible, St. Louis Bible, Maciejowsky Cardinal Bible, Shah Abbas Bible and Morgan Bible, is one of the most fascinating illuminated manuscripts of the European Middle Ages, both for abundance and beauty <\/span><span title=\"de sus miniaturas, como por su extraordinaria historia a lo largo de siete siglos y tres continentes.\">of its miniatures, as for its extraordinary history over seven centuries and three continents. <\/span><span title=\"\u00a1Un 5 estrellas plus en toda gran Biblioteca!\">A 5 star plus in every great Library!<\/span><\/span><\/p>\n<p style=\"text-align: justify;\"><span title=\"1\u00aa edici\u00f3n facs\u00edmile sobre pergamino natural realizada en 2013. Edici\u00f3n \u00fanica y exclusiva de 390 ejemplares, numerados y certificados notarialmente, verificando asimismo notarialmente, que en el proceso de elaboraci\u00f3n se ha utilizado \u00fanica y exclusivamente pergamino natural.\">1st facsimile edition on <strong>natural parchment<\/strong> made in 2013. Unique and exclusive edition of 390 copies, numbered and notarially certified, verifying also notarially, that in the manufacturing process only natural parchment has been used exclusively.<\/span><\/p>\n<p style=\"text-align: justify;\"><span title=\"Facs\u00edmile del manuscrito existente en la Biblioteca Pierpont Morgan de Nueva York (Ms M.638), al que se le han incluidos los dos folios que se encuentran actualmente en la Biblioteca Nacional de Francia (Ms Nouv. Acq. Lat. 2294) y el\">Facsimile of the existing manuscript in the Pierpont Morgan Library of New York (Ms M.638), which has included the two folios that are currently in the National Library of France (Ms Nouv. Acq. Lat. 2294) and the <\/span><span title=\"folio que se encuentra en el Museo J. Paul Getty en Malib\u00fa (Ms Ludwing 16;83. MA 55).\">Folio found in the J. Paul Getty Museum in Malibu (Ms Ludwing 16; 83. MA 55). <\/span><span title=\"Por tanto, este extraordinario facs\u00edmile es la \u00fanica copia original completa del c\u00f3dice de la Biblia de los Cruzados.\">Therefore, this extraordinary facsimile is the only complete original copy of the Codex of the Crusader Bible.<\/span><\/p>\n<p style=\"text-align: justify;\"><span title=\"Cuando fue concebida no se trataba tanto de un manuscrito iluminado como de una extensa colecci\u00f3n de im\u00e1genes sin texto que segu\u00edan el relato b\u00edblico desde la creaci\u00f3n del mundo hasta la vida del rey David.\">When <\/span><span title=\"De ellos cuarenta y tres se conservan en la Pierpont Morgan Library de Nueva York, dos en la Biblioteca Nacional de Francia y uno en el Museo J. Paul Getty de Malib\u00fa (California).\"><span lang=\"en\" xml:lang=\"en\"><span title=\"Cuando fue concebida no se trataba tanto de un manuscrito iluminado como de una extensa colecci\u00f3n de im\u00e1genes sin texto que segu\u00edan el relato b\u00edblico desde la creaci\u00f3n del mundo hasta la vida del rey David.\">it was conceived it was not so much an illuminated manuscript as it was an extensive collection of images without text that followed the biblical story from the creation of the world to the life of King David. <\/span><span title=\"S\u00f3lo m\u00e1s adelante se le a\u00f1adieron una serie de textos latinos, persas y judeo-persas.\">Only later a series of Latin, Persian and Judeo-Persian texts were added. <\/span><span title=\"Es un c\u00f3dice de gran tama\u00f1o y se compone de m\u00e1s de trescientos cuarenta y seis episodios distribuidos en cuarenta y seis folios de pergamino, que miden 390 mm de alto por 304 mm de ancho.\">It is a large codex and consists of more than three hundred and forty-six episodes distributed on forty-six parchment folios, measuring 390 mm high by 304 mm wide. <\/span><span title=\"De ellos cuarenta y tres se conservan en la Pierpont Morgan Library de Nueva York, dos en la Biblioteca Nacional de Francia y uno en el Museo J. Paul Getty de Malib\u00fa (California).\">Forty-three of them are kept in the Pierpont Morgan Library in New York, two in the National Library of France and one in the J. Paul Getty Museum in Malibu (California). <\/span><span title=\"Sus im\u00e1genes son de una belleza impresionante y de un realismo salvaje que reflejan la dura realidad de las &quot;guerras santas&quot;, uno de los peores tipos de guerras cuando la religi\u00f3n se impone a la verdad y a la vida del ser humano.\">His images are of an impressive beauty and a wild realism that reflect the harsh reality of the &#8220;holy wars&#8221;, one of the worst types of wars when religion is imposed on the truth and the life of the human being.<\/span><\/span><\/span><\/p>\n<p style=\"text-align: justify;\"><span title=\"El atril que aparece en algunas fotograf\u00edas lo es a t\u00edtulo decorativo.\"><span lang=\"en\" xml:lang=\"en\"><span title=\"Facs\u00edmile del manuscrito completo, formato 32 x 40,50 cm, conteniendo 46 folios de pergamino natural y de distinto grosor, similar al c\u00f3dice original, dedicados casi por completo a las extraordinarias 283 miniaturas, muchas de ellas con oros en relieve, as\u00ed como iniciales\">Facsimile of the complete manuscript, format 32 x 40.50 cm, containing 46 folios of natural parchment and of different thickness, similar to the original codex, dedicated almost completely to the extraordinary 283 miniatures, many of them with gold relief, as well as initials <\/span><span title=\"miniadas en diversos coloridos y oro.\">miniadas in different colors and gold. <\/span><span title=\"Encuadernaci\u00f3n artesanal sobre tabla, al estilo y en la forma medieval, con gruesos nervios y tapa con escudo en relieve.\">Artisan binding on board, style and in medieval form, with thick nerves and lid with embossed shield. <\/span><span title=\"La edici\u00f3n se compone \u00fanicamente de 390 ejemplares numerados, incluyendo cada ejemplar la correspondiente autentificaci\u00f3n notarial.\">The edition consists of only 390 numbered copies, each copy including the corresponding notarial authentication. <\/span><span title=\"Con caja-estuche de conservaci\u00f3n del c\u00f3dice formato 34,50 x 43 x 7,50 cm.\">With codebook storage case-box format 34,50 x 43 x 7,50 cm.<\/span><\/span><\/span><\/p>\n<p style=\"text-align: justify;\"><span title=\"El libro estudio complementario, en edici\u00f3n biling\u00fce espa\u00f1ol-ingl\u00e9s, incluye la traducci\u00f3n de los textos latinos y judeo-persas.\">The complementary study book, in a bilingual Spanish-English edition, includes the translation of Latin and Judeo-Persian texts. <\/span><span title=\"Encuadernado en tapa dura carton\u00e9 a color, formato 25 x 33 cm.\">Bound in hardcover color cardboard, format 25 x 33 cm. <\/span><span title=\"576 p\u00e1ginas con ilustraciones a todo color.\">576 pages with full color illustrations.<br \/>\n<\/span><span title=\"Contenido:\">Content:<br \/>\n<\/span><span title=\"Introducci\u00f3n a cargo de William M. Voelkle, conservador del manuscrito en la Biblioteca Pierpont Morgan de Nueva York.\">Introduction by William M. Voelkle, curator of the manuscript at the Pierpont Morgan Library in New York.<br \/>\n<\/span><span title=\"Estudio miniaturas: Francisco Javier Docampo Capilla, Jefe del \u00c1rea de Biblioteca Archivo y Documentaci\u00f3n del Museo Nacional del Prado.\">Studio miniatures: Francisco Javier Docampo Chapel, Head of the Library Area Archive and Documentation of the Museo Nacional del Prado.<br \/>\n<\/span><span title=\"Estudio codicol\u00f3gico: Matilde Miquel Juan, Profesora del Departamento de Historia del Arte I (Medieval) de la Universidad Complutense de Madrid.\">Codicological study: Matilde Miquel Juan, Professor of the Art History Department I (Medieval) of the Complutense University of Madrid.<br \/>\n<\/span><span title=\"Olga P\u00e9rez Monz\u00f3n, Profesora Titular del Departamento de Historia del Arte I (Medieval) de la Universidad Complutense de Madrid.\">Olga P\u00e9rez Monz\u00f3n, Full Professor of the Art History Department I (Medieval) of the Complutense University of Madrid.<br \/>\n<\/span><span title=\"Traducciones:\">Translations:<br \/>\n<\/span><span title=\"Textos latinos: Manuel Febrer Romaguera.\">Latin texts: Manuel Febrer Romaguera.<br \/>\n<\/span><span title=\"Textos persas: Saeid Hooshangi.\">Persian texts: Saeid Hooshangi.<br \/>\n<\/span><span title=\"Textos judeo-persas: Thamar E. Gindin.\">Judeo-Persian texts: Thamar E. Gindin.<\/span><\/p>\n<p style=\"text-align: justify;\"><span title=\"Ejemplar completo y en perfecto estado.\"><span class=\"HwtZe\" lang=\"en\"><span class=\"jCAhz ChMk0b\"><span class=\"ryNqvb\">Complete copy and in perfect condition, new, unused (it is not a second-hand copy)<\/span><\/span><\/span>. <span lang=\"en\" xml:lang=\"en\"><span title=\"Edici\u00f3n agotada, tercera obra que realiz\u00f3 en pergamino natural la editorial Scriptorium y con la que continu\u00f3 su exclusiva labor editorial en desechar el papel como soporte de sus obras utilizando la piel de cordero.\">Exhausted edition, <span class=\"HwtZe\" lang=\"en\"><span class=\"jCAhz ChMk0b\"><span class=\"ryNqvb\">second work that the Scriptorium publishing house made on natural parchment and with which it continued its exclusive editorial work in discarding paper as a support for its works using lambskin<\/span><\/span><\/span><\/span><\/span>.<\/span><\/p>\n<p style=\"text-align: justify;\"><span title=\"Una excelencia, insuperable hoy d\u00eda, para las mejores bibliotecas, coleccionistas y bibli\u00f3filos.\"><span lang=\"en\" xml:lang=\"en\"><span title=\"La edici\u00f3n en pergamino natural (no papel pergamino, ni papel pergamenata, sino pergamino 100% natural de cordero a la manera tradicional, sin tratamientos qu\u00edmicos), es extremadamente compleja y \u00fanica, y hace de cada uno de sus ejemplares una copia original del manuscrito\">The edition in <strong>natural parchment<\/strong> (not parchment paper, or pergamenata paper, but 100% natural parchment of lamb in the traditional way, without chemical treatments), is extremely complex and unique, and makes each of its copies an <strong>original copy<\/strong> of the manuscript <\/span><span title=\"del siglo XII.\">from the 13th century. <\/span><span title=\"La utilizaci\u00f3n como soporte del pergamino, elemento natural org\u00e1nico, as\u00ed como de procesos manuales en cada ejemplar, incluidos los oros planos y en relieve, seg\u00fan las iluminaciones y tal como se encuentran en el c\u00f3dice original, hacen que cada uno de los ejemplares sean \u00fanicos\">The use as a support for the parchment, natural organic element, as well as manual processes in each copy, including the flat and raised golds, according to the illuminations and as they are in the original codex, make each of the copies unique <\/span><span title=\"por s\u00ed mismos.\">for themselves. <\/span><span title=\"Exclusivos facs\u00edmiles elaborados de forma artesanal sobre pergamino natural, recuperando la belleza y la autenticidad de los antiguos manuscritos iluminados.\">Exclusive facsimiles handcrafted on natural parchment, recovering the beauty and authenticity of the ancient illuminated manuscripts. <\/span><span title=\"Una excelencia para las mejores bibliotecas, coleccionistas y bibli\u00f3filos, un gozo para los sentidos que perdurar\u00e1 por siglos.\">An excellence for the best libraries, collectors and bibliophiles, a joy for the senses that will last for centuries<\/span><\/span>.<\/span><\/p>\n<p style=\"text-align: justify;\"><span title=\"Gastos de env\u00edo por cuenta del comprador, seg\u00fan pedido y destino.\"><span class=\"HwtZe\" lang=\"en\"><span class=\"jCAhz ChMk0b C1N51c\"><span class=\"ryNqvb\">Free shipping for this item<\/span><\/span><\/span>. <\/span><span title=\"Cons\u00faltenos sin compromiso (indicando la referencia del art\u00edculo) cualquier duda.\"><a class=\"btn btn-default\" href=\"https:\/\/www.comprarmejor.es\/en\/contact\">Consult us<\/a> <span class=\"HwtZe\" lang=\"en\"><span class=\"jCAhz ChMk0b\"><span class=\"ryNqvb\">any questions, indicating the article reference.<\/span><\/span><\/span><\/span><\/p>\n<p><span class=\"tlid-translation translation\" lang=\"en\"><span class=\"\" title=\"\"><a href=\"http:\/\/algargosarte.blogspot.com\/2015\/09\/la-biblia-de-los-cruzados-la-vida.html?m=1\" target=\"_blank\" rel=\"noopener noreferrer\">By clicking here you will be directed to a blog where you can read (in Spanish) an excellent article about this Bible written by Professor Alfredo Garcia<\/a>.<\/span><\/span><\/p>\n","protected":false},"excerpt":{"rendered":"<p style=\"text-align: justify;\"><span id=\"result_box\" lang=\"en\" xml:lang=\"en\"><span title=\"\u00a1Un 5 estrellas plus en toda gran Biblioteca!\"><span class=\"VIiyi\" lang=\"en\"><span class=\"JLqJ4b ChMk0b\" data-language-for-alternatives=\"en\" data-language-to-translate-into=\"es\" data-phrase-index=\"0\" data-number-of-phrases=\"1\"><span class=\"Q4iAWc\">The Crusader Bible, or Templar Bible, Saint Louis Bible, Cardinal Maciejowsky Bible, Shah Abbas Bible and Morgan Bible, is one of the most fascinating illuminated manuscripts from the European Middle Ages, now exclusively on natural parchment.<\/span><\/span><\/span><\/span><\/span><\/p>\n","protected":false},"featured_media":55251,"template":"","meta":[],"product_brand":[],"product_cat":[5118,2208,2250,2212],"product_tag":[5133,3985,4200],"class_list":{"0":"post-55261","1":"product","2":"type-product","3":"status-publish","4":"has-post-thumbnail","6":"product_cat-bindings","7":"product_cat-grand-luxury-library","8":"product_cat-other-facsimiles","9":"product_cat-parchment","10":"product_tag-biblia-en","11":"product_tag-scriptorium-en","12":"product_tag-temple-en","13":"description-off","15":"first","16":"instock","17":"taxable","18":"shipping-taxable","19":"purchasable","20":"product-type-simple"},"yoast_head":"<!-- This site is optimized with the Yoast SEO plugin v27.3 - https:\/\/yoast.com\/product\/yoast-seo-wordpress\/ -->\n<title>The Bible of the Crusaders, s. XIII *****+ (in natural parchment)<\/title>\n<meta name=\"description\" content=\"The Bible of the Crusaders, the Templars Bible, St. Louis Bible, Maciejowsky Cardinal Bible, Shah Abbas Bible and Morgan Bible, is one of the\" \/>\n<meta name=\"robots\" content=\"index, follow, max-snippet:-1, max-image-preview:large, max-video-preview:-1\" \/>\n<link rel=\"canonical\" href=\"https:\/\/www.comprarmejor.es\/en\/product\/the-bible-of-the-crusaders-s-xiii-in-natural-parchment\/\" \/>\n<meta property=\"og:locale\" content=\"en_US\" \/>\n<meta property=\"og:type\" content=\"article\" \/>\n<meta property=\"og:title\" content=\"The Bible of the Crusaders, s. XIII *****+ (in natural parchment)\" \/>\n<meta property=\"og:description\" content=\"The Bible of the Crusaders, the Templars Bible, St. Louis Bible, Maciejowsky Cardinal Bible, Shah Abbas Bible and Morgan Bible, is one of the\" \/>\n<meta property=\"og:url\" content=\"https:\/\/www.comprarmejor.es\/en\/product\/the-bible-of-the-crusaders-s-xiii-in-natural-parchment\/\" \/>\n<meta property=\"og:site_name\" content=\"ComprarMejor\" \/>\n<meta property=\"article:modified_time\" content=\"2024-02-15T16:27:45+00:00\" \/>\n<meta property=\"og:image\" content=\"https:\/\/www.comprarmejor.es\/wp-content\/uploads\/2018\/02\/p_5_9_9_2_5992-La-Biblia-de-los-Cruzados-s.-XIII-en-pergamino-natural.jpg\" \/>\n\t<meta property=\"og:image:width\" content=\"599\" \/>\n\t<meta property=\"og:image:height\" content=\"449\" \/>\n\t<meta property=\"og:image:type\" content=\"image\/jpeg\" \/>\n<meta name=\"twitter:card\" content=\"summary_large_image\" \/>\n<meta name=\"twitter:label1\" content=\"Est. reading time\" \/>\n\t<meta name=\"twitter:data1\" content=\"4 minutes\" \/>\n<script type=\"application\/ld+json\" class=\"yoast-schema-graph\">{\"@context\":\"https:\\\/\\\/schema.org\",\"@graph\":[{\"@type\":\"WebPage\",\"@id\":\"https:\\\/\\\/www.comprarmejor.es\\\/en\\\/product\\\/the-bible-of-the-crusaders-s-xiii-in-natural-parchment\\\/\",\"url\":\"https:\\\/\\\/www.comprarmejor.es\\\/en\\\/product\\\/the-bible-of-the-crusaders-s-xiii-in-natural-parchment\\\/\",\"name\":\"The Bible of the Crusaders, s. XIII *****+ (in natural parchment)\",\"isPartOf\":{\"@id\":\"https:\\\/\\\/www.comprarmejor.es\\\/en\\\/#website\"},\"primaryImageOfPage\":{\"@id\":\"https:\\\/\\\/www.comprarmejor.es\\\/en\\\/product\\\/the-bible-of-the-crusaders-s-xiii-in-natural-parchment\\\/#primaryimage\"},\"image\":{\"@id\":\"https:\\\/\\\/www.comprarmejor.es\\\/en\\\/product\\\/the-bible-of-the-crusaders-s-xiii-in-natural-parchment\\\/#primaryimage\"},\"thumbnailUrl\":\"https:\\\/\\\/www.comprarmejor.es\\\/wp-content\\\/uploads\\\/2018\\\/02\\\/p_5_9_9_2_5992-La-Biblia-de-los-Cruzados-s.-XIII-en-pergamino-natural.jpg\",\"datePublished\":\"2018-02-09T09:20:42+00:00\",\"dateModified\":\"2024-02-15T16:27:45+00:00\",\"description\":\"The Bible of the Crusaders, the Templars Bible, St. Louis Bible, Maciejowsky Cardinal Bible, Shah Abbas Bible and Morgan Bible, is one of the\",\"breadcrumb\":{\"@id\":\"https:\\\/\\\/www.comprarmejor.es\\\/en\\\/product\\\/the-bible-of-the-crusaders-s-xiii-in-natural-parchment\\\/#breadcrumb\"},\"inLanguage\":\"en-US\",\"potentialAction\":[{\"@type\":\"ReadAction\",\"target\":[\"https:\\\/\\\/www.comprarmejor.es\\\/en\\\/product\\\/the-bible-of-the-crusaders-s-xiii-in-natural-parchment\\\/\"]}]},{\"@type\":\"ImageObject\",\"inLanguage\":\"en-US\",\"@id\":\"https:\\\/\\\/www.comprarmejor.es\\\/en\\\/product\\\/the-bible-of-the-crusaders-s-xiii-in-natural-parchment\\\/#primaryimage\",\"url\":\"https:\\\/\\\/www.comprarmejor.es\\\/wp-content\\\/uploads\\\/2018\\\/02\\\/p_5_9_9_2_5992-La-Biblia-de-los-Cruzados-s.-XIII-en-pergamino-natural.jpg\",\"contentUrl\":\"https:\\\/\\\/www.comprarmejor.es\\\/wp-content\\\/uploads\\\/2018\\\/02\\\/p_5_9_9_2_5992-La-Biblia-de-los-Cruzados-s.-XIII-en-pergamino-natural.jpg\",\"width\":599,\"height\":449},{\"@type\":\"BreadcrumbList\",\"@id\":\"https:\\\/\\\/www.comprarmejor.es\\\/en\\\/product\\\/the-bible-of-the-crusaders-s-xiii-in-natural-parchment\\\/#breadcrumb\",\"itemListElement\":[{\"@type\":\"ListItem\",\"position\":1,\"name\":\"Portada\",\"item\":\"https:\\\/\\\/www.comprarmejor.es\\\/en\\\/\"},{\"@type\":\"ListItem\",\"position\":2,\"name\":\"Shop\",\"item\":\"https:\\\/\\\/www.comprarmejor.es\\\/en\\\/shop\\\/\"},{\"@type\":\"ListItem\",\"position\":3,\"name\":\"The Bible of the Crusaders, s. XIII (5*+) (in natural parchment)\"}]},{\"@type\":\"WebSite\",\"@id\":\"https:\\\/\\\/www.comprarmejor.es\\\/en\\\/#website\",\"url\":\"https:\\\/\\\/www.comprarmejor.es\\\/en\\\/\",\"name\":\"ComprarMejor\",\"description\":\"ComprarMejor\",\"publisher\":{\"@id\":\"https:\\\/\\\/www.comprarmejor.es\\\/en\\\/#organization\"},\"potentialAction\":[{\"@type\":\"SearchAction\",\"target\":{\"@type\":\"EntryPoint\",\"urlTemplate\":\"https:\\\/\\\/www.comprarmejor.es\\\/en\\\/?s={search_term_string}\"},\"query-input\":{\"@type\":\"PropertyValueSpecification\",\"valueRequired\":true,\"valueName\":\"search_term_string\"}}],\"inLanguage\":\"en-US\"},{\"@type\":\"Organization\",\"@id\":\"https:\\\/\\\/www.comprarmejor.es\\\/en\\\/#organization\",\"name\":\"COMPRAR MEJOR\",\"url\":\"https:\\\/\\\/www.comprarmejor.es\\\/en\\\/\",\"logo\":{\"@type\":\"ImageObject\",\"inLanguage\":\"en-US\",\"@id\":\"https:\\\/\\\/www.comprarmejor.es\\\/en\\\/#\\\/schema\\\/logo\\\/image\\\/\",\"url\":\"https:\\\/\\\/www.comprarmejor.es\\\/wp-content\\\/uploads\\\/2025\\\/09\\\/comprarmejortrinidad.jpg\",\"contentUrl\":\"https:\\\/\\\/www.comprarmejor.es\\\/wp-content\\\/uploads\\\/2025\\\/09\\\/comprarmejortrinidad.jpg\",\"width\":1022,\"height\":1380,\"caption\":\"COMPRAR MEJOR\"},\"image\":{\"@id\":\"https:\\\/\\\/www.comprarmejor.es\\\/en\\\/#\\\/schema\\\/logo\\\/image\\\/\"},\"sameAs\":[\"https:\\\/\\\/www.instagram.com\\\/amigosdelcodice\"]}]}<\/script>\n<!-- \/ Yoast SEO plugin. -->","yoast_head_json":{"title":"The Bible of the Crusaders, s. XIII *****+ (in natural parchment)","description":"The Bible of the Crusaders, the Templars Bible, St. Louis Bible, Maciejowsky Cardinal Bible, Shah Abbas Bible and Morgan Bible, is one of the","robots":{"index":"index","follow":"follow","max-snippet":"max-snippet:-1","max-image-preview":"max-image-preview:large","max-video-preview":"max-video-preview:-1"},"canonical":"https:\/\/www.comprarmejor.es\/en\/product\/the-bible-of-the-crusaders-s-xiii-in-natural-parchment\/","og_locale":"en_US","og_type":"article","og_title":"The Bible of the Crusaders, s. XIII *****+ (in natural parchment)","og_description":"The Bible of the Crusaders, the Templars Bible, St. Louis Bible, Maciejowsky Cardinal Bible, Shah Abbas Bible and Morgan Bible, is one of the","og_url":"https:\/\/www.comprarmejor.es\/en\/product\/the-bible-of-the-crusaders-s-xiii-in-natural-parchment\/","og_site_name":"ComprarMejor","article_modified_time":"2024-02-15T16:27:45+00:00","og_image":[{"width":599,"height":449,"url":"https:\/\/www.comprarmejor.es\/wp-content\/uploads\/2018\/02\/p_5_9_9_2_5992-La-Biblia-de-los-Cruzados-s.-XIII-en-pergamino-natural.jpg","type":"image\/jpeg"}],"twitter_card":"summary_large_image","twitter_misc":{"Est. reading time":"4 minutes"},"schema":{"@context":"https:\/\/schema.org","@graph":[{"@type":"WebPage","@id":"https:\/\/www.comprarmejor.es\/en\/product\/the-bible-of-the-crusaders-s-xiii-in-natural-parchment\/","url":"https:\/\/www.comprarmejor.es\/en\/product\/the-bible-of-the-crusaders-s-xiii-in-natural-parchment\/","name":"The Bible of the Crusaders, s. XIII *****+ (in natural parchment)","isPartOf":{"@id":"https:\/\/www.comprarmejor.es\/en\/#website"},"primaryImageOfPage":{"@id":"https:\/\/www.comprarmejor.es\/en\/product\/the-bible-of-the-crusaders-s-xiii-in-natural-parchment\/#primaryimage"},"image":{"@id":"https:\/\/www.comprarmejor.es\/en\/product\/the-bible-of-the-crusaders-s-xiii-in-natural-parchment\/#primaryimage"},"thumbnailUrl":"https:\/\/www.comprarmejor.es\/wp-content\/uploads\/2018\/02\/p_5_9_9_2_5992-La-Biblia-de-los-Cruzados-s.-XIII-en-pergamino-natural.jpg","datePublished":"2018-02-09T09:20:42+00:00","dateModified":"2024-02-15T16:27:45+00:00","description":"The Bible of the Crusaders, the Templars Bible, St. Louis Bible, Maciejowsky Cardinal Bible, Shah Abbas Bible and Morgan Bible, is one of the","breadcrumb":{"@id":"https:\/\/www.comprarmejor.es\/en\/product\/the-bible-of-the-crusaders-s-xiii-in-natural-parchment\/#breadcrumb"},"inLanguage":"en-US","potentialAction":[{"@type":"ReadAction","target":["https:\/\/www.comprarmejor.es\/en\/product\/the-bible-of-the-crusaders-s-xiii-in-natural-parchment\/"]}]},{"@type":"ImageObject","inLanguage":"en-US","@id":"https:\/\/www.comprarmejor.es\/en\/product\/the-bible-of-the-crusaders-s-xiii-in-natural-parchment\/#primaryimage","url":"https:\/\/www.comprarmejor.es\/wp-content\/uploads\/2018\/02\/p_5_9_9_2_5992-La-Biblia-de-los-Cruzados-s.-XIII-en-pergamino-natural.jpg","contentUrl":"https:\/\/www.comprarmejor.es\/wp-content\/uploads\/2018\/02\/p_5_9_9_2_5992-La-Biblia-de-los-Cruzados-s.-XIII-en-pergamino-natural.jpg","width":599,"height":449},{"@type":"BreadcrumbList","@id":"https:\/\/www.comprarmejor.es\/en\/product\/the-bible-of-the-crusaders-s-xiii-in-natural-parchment\/#breadcrumb","itemListElement":[{"@type":"ListItem","position":1,"name":"Portada","item":"https:\/\/www.comprarmejor.es\/en\/"},{"@type":"ListItem","position":2,"name":"Shop","item":"https:\/\/www.comprarmejor.es\/en\/shop\/"},{"@type":"ListItem","position":3,"name":"The Bible of the Crusaders, s. XIII (5*+) (in natural parchment)"}]},{"@type":"WebSite","@id":"https:\/\/www.comprarmejor.es\/en\/#website","url":"https:\/\/www.comprarmejor.es\/en\/","name":"ComprarMejor","description":"ComprarMejor","publisher":{"@id":"https:\/\/www.comprarmejor.es\/en\/#organization"},"potentialAction":[{"@type":"SearchAction","target":{"@type":"EntryPoint","urlTemplate":"https:\/\/www.comprarmejor.es\/en\/?s={search_term_string}"},"query-input":{"@type":"PropertyValueSpecification","valueRequired":true,"valueName":"search_term_string"}}],"inLanguage":"en-US"},{"@type":"Organization","@id":"https:\/\/www.comprarmejor.es\/en\/#organization","name":"COMPRAR MEJOR","url":"https:\/\/www.comprarmejor.es\/en\/","logo":{"@type":"ImageObject","inLanguage":"en-US","@id":"https:\/\/www.comprarmejor.es\/en\/#\/schema\/logo\/image\/","url":"https:\/\/www.comprarmejor.es\/wp-content\/uploads\/2025\/09\/comprarmejortrinidad.jpg","contentUrl":"https:\/\/www.comprarmejor.es\/wp-content\/uploads\/2025\/09\/comprarmejortrinidad.jpg","width":1022,"height":1380,"caption":"COMPRAR MEJOR"},"image":{"@id":"https:\/\/www.comprarmejor.es\/en\/#\/schema\/logo\/image\/"},"sameAs":["https:\/\/www.instagram.com\/amigosdelcodice"]}]}},"_links":{"self":[{"href":"https:\/\/www.comprarmejor.es\/en\/wp-json\/wp\/v2\/product\/55261","targetHints":{"allow":["GET"]}}],"collection":[{"href":"https:\/\/www.comprarmejor.es\/en\/wp-json\/wp\/v2\/product"}],"about":[{"href":"https:\/\/www.comprarmejor.es\/en\/wp-json\/wp\/v2\/types\/product"}],"wp:featuredmedia":[{"embeddable":true,"href":"https:\/\/www.comprarmejor.es\/en\/wp-json\/wp\/v2\/media\/55251"}],"wp:attachment":[{"href":"https:\/\/www.comprarmejor.es\/en\/wp-json\/wp\/v2\/media?parent=55261"}],"wp:term":[{"taxonomy":"product_brand","embeddable":true,"href":"https:\/\/www.comprarmejor.es\/en\/wp-json\/wp\/v2\/product_brand?post=55261"},{"taxonomy":"product_cat","embeddable":true,"href":"https:\/\/www.comprarmejor.es\/en\/wp-json\/wp\/v2\/product_cat?post=55261"},{"taxonomy":"product_tag","embeddable":true,"href":"https:\/\/www.comprarmejor.es\/en\/wp-json\/wp\/v2\/product_tag?post=55261"}],"curies":[{"name":"wp","href":"https:\/\/api.w.org\/{rel}","templated":true}]}}