{"id":55293,"date":"2018-02-12T18:14:18","date_gmt":"2018-02-12T17:14:18","guid":{"rendered":"https:\/\/www.comprarmejor.es\/producto\/the-deeds-of-count-willehalm-s-xiv-very-low-number\/"},"modified":"2020-05-03T13:18:03","modified_gmt":"2020-05-03T11:18:03","slug":"the-deeds-of-count-willehalm-s-xiv-very-low-number","status":"publish","type":"product","link":"https:\/\/www.comprarmejor.es\/en\/product\/the-deeds-of-count-willehalm-s-xiv-very-low-number\/","title":{"rendered":"The deeds of Count Willehalm, s. XIV (very low number)"},"content":{"rendered":"<p style=\"text-align: justify;\"><span lang=\"en\" xml:lang=\"en\"><span title=\"Edici\u00f3n facs\u00edmile e \u00edntegra realizada en 1998 de las gestas del Conde Willehalm, Codex Vindobonensis 2670 de la Biblioteca Nacional de Austria, original datado en el a\u00f1o 1320 en Alemania.\">Facsimile and complete edition made in 1998 of the deeds of Count Willehalm, Codex Vindobonensis 2670 of the National Library of Austria, original dated in the year 1320 in Germany.<\/span><\/span><\/p>\n<p style=\"text-align: justify;\"><span title=\"Si uno mide la fama de epopeyas de Caballeros Medievales surgidas en todos los tiempos, el \u201cWillehalm\u201d de Wolfram ser\u00eda un ejemplo a seguir casi tan querido como \u201cParzival\u201d.\">If one measures the fame of epics of Medieval Knights emerged at all times, the &#8220;Willehalm&#8221; Wolfram would be an example to follow almost as dear as &#8220;Parzival.&#8221; <\/span><span title=\"Sin embargo, en esta obra la composici\u00f3n art\u00edstica y la presentaci\u00f3n de ficci\u00f3n \u00e9pica alemana superan todo lo realizado.\">However, in this work the artistic composition and the presentation of German epic fiction surpass everything that has been <\/span><span title=\"Gastos de env\u00edo por cuenta del comprador, seg\u00fan pedido y destino.\"><span lang=\"en\" xml:lang=\"en\"><span title=\"Sin embargo, en esta obra la composici\u00f3n art\u00edstica y la presentaci\u00f3n de ficci\u00f3n \u00e9pica alemana superan todo lo realizado.\">done.<\/span><\/span><\/span><\/p>\n<p style=\"text-align: justify;\"><span title=\"Sobre las pocas versiones iluminadas de Willehalm, el C\u00f3dice Vindobonensis 2670, es el \u00fanico que recoge las iluminaciones de las tres partes preservadas del manuscrito: la historia previa de Ulrich von dem T\u00fcrlin, las gestas del Conde Willehalm, y la continuaci\u00f3n de Ulrich von T\u00fcrheim\">On the few illuminated versions of Willehalm, the Codex Vindobonensis 2670, is the only one that collects the illuminations of the three preserved parts of the manuscript, the previous history of Ulrich von dem T\u00fcrlin, the deeds of Count Willehalm, and the continuation of Ulrich von\u00a0<\/span><span id=\"result_box\" lang=\"en\" xml:lang=\"en\"><span title=\"Sobre las pocas versiones iluminadas de Willehalm, el C\u00f3dice Vindobonensis 2670, es el \u00fanico que recoge las iluminaciones de las tres partes preservadas del manuscrito: la historia previa de Ulrich von dem T\u00fcrlin, las gestas del Conde Willehalm, y la continuaci\u00f3n de Ulrich von T\u00fcrheim\">T\u00fcrheim.<\/span><\/span><\/p>\n<p style=\"text-align: justify;\"><span title=\"Contiene un total de 117 miniaturas con una composici\u00f3n de fuertes colores opacos sobre un fondo de oro.\">It contains a total of 117 miniatures with a composition of strong opaque colors on a gold background. <\/span><span title=\"Los temas tratados en las im\u00e1genes se refieren a representaciones religiosas o ceremonias en la Corte, proporcionando por lo tanto dichas miniaturas no s\u00f3lo un disfrute de la composici\u00f3n y dise\u00f1o decorativo, sino tambi\u00e9n una rica fuente de informaci\u00f3n sobre la cultura, costumbres y convenciones de la\">The subjects treated in the images refer to religious representations or ceremonies in the Court, thus providing such miniatures not only an enjoyment of composition and decorative design, but also a rich source of information on the culture, customs and conventions of the <\/span><span title=\"Edad Media.\">Middle Ages.<\/span><\/p>\n<p style=\"text-align: justify;\"><span title=\"Esta \u00e9pica de la Corte, es quiz\u00e1s la m\u00e1s famosa de la Edad Media y est\u00e1 entre las piezas m\u00e1s populares de poes\u00eda en la Historia.\">This epic of the Court, is perhaps the most famous of the Middle Ages and is among the most popular pieces of poetry in history. <\/span><span title=\"Fue escrita en el siglo XIII por Wolfram von Eschenbach (1170\u20101220) y fue posiblemente el m\u00e1s importante representante de la literatura \u00e9pica alemana de su \u00e9poca.\">It was written in the thirteenth century by Wolfram von Eschenbach (1170-1220) and was possibly the most important representative of the German epic literature of his time. <\/span><span title=\"Aunque se sabe muy poco sobre su vida, podemos asumir que fue miembro de la nobleza.\">Although very little is known about his life, we can assume that he was a member of the nobility. <\/span><span title=\"Sus obras literarias m\u00e1s destacadas han inspirado a m\u00faltiples escritores a lo largo de los siglos.\">His most outstanding literary works have inspired multiple writers throughout the centuries.<\/span><\/p>\n<p style=\"text-align: justify;\"><span title=\"Entre los tesoros que alberga la Biblioteca Nacional de Austria, el Codex Vindobonensis 2670 es una de las obras m\u00e1s espl\u00e9ndidas.\">Among the treasures that the Austrian National Library houses, the Codex Vindobonensis 2670 is one of the most splendid works. <\/span><span title=\"Por su rica ornamentaci\u00f3n, el Codex es una fuente importante para el miniado de libros.\">Because of its rich ornamentation, the Codex is an important source for book publishing. <\/span><span title=\"Por su contenido, es un importante testigo textual del ciclo Willehalm, epopeya hist\u00f3rica entre los siglos VIII y IX.\">Because of its content, it is an important textual witness of the Willehalm cycle, historical epic between the 8th and 9th centuries.<\/span><\/p>\n<p style=\"text-align: justify;\"><span title=\"Facs\u00edmile encuadernado en piel labrada en seco, nervios y tejuelo.\">Facsimile bound in dry worked skin, nerves and tejuela. <\/span><span title=\"Formato 24,5 x 32,5 cm.\">Format 24.5 x 32.5 cm. <\/span><span title=\"702 p\u00e1ginas que contienen 117 miniaturas en varios tama\u00f1os y 22 capitulares.\">702 pages containing 117 miniatures in various sizes and 22 capitulars. <\/span><span title=\"Tirada limitada y numerada a 100 ejemplares, siendo \u00e9ste que se ofrece un n\u00famero de los 5 primeros.\">Limited edition numbered to 100 copies, being this one that offers a number of the first 5.<\/span><\/p>\n<p style=\"text-align: justify;\"><span title=\"Libro estudio complementario en espa\u00f1ol encuadernado en tapa dura tela marr\u00f3n con t\u00edtulos dorados.\">Complementary study book in Spanish bound in brown fabric hardcover with gold titles. <\/span><span title=\"Formato 23 x 32,5 cm.\">Format 23 x 32.5 cm. <\/span><span title=\"80 p\u00e1ginas.\">80 pages <\/span><span title=\"ISBN: 9788486760588. Estudio realizado por Hedwig Heger, traducido del alem\u00e1n al espa\u00f1ol por V\u00edctor Mart\u00ednez Lapera.\">ISBN: 9788486760588. Study conducted by Hedwig Heger, translated from German into Spanish by V\u00edctor Mart\u00ednez Lapera.<\/span><\/p>\n<p style=\"text-align: justify;\"><span title=\"Ambos vol\u00famenes se presentan en un estuche abierto para su mejor protecci\u00f3n, formato 23 x 33 x 9 cm.\">Both volumes are presented in an open case for its best protection, format 23 x 33 x 9 cm.<\/span><\/p>\n<p style=\"text-align: justify;\"><span title=\"Ejemplar en perfecto estado, salvo un peque\u00f1o defecto que tuvo el encuadernador a la hora de colocar el tejuelo, que no desmerece sino que acent\u00faa su car\u00e1cter artesanal.\">Exemplary in perfect condition, except for a small defect that the bookbinder had at the time of placing the tejuelo, which does not detract but rather accentuates its handmade <\/span><span title=\"Gastos de env\u00edo por cuenta del comprador, seg\u00fan pedido y destino.\"><span lang=\"en\" xml:lang=\"en\">character.<\/span><\/span><\/p>\n<p style=\"text-align: justify;\">This copy corresponds to a very low number in the first decade, an added value for bibliophiles and special collectors.<\/p>\n<p style=\"text-align: justify;\">Shipping costs on account of the buyer, according to order and destination.\u00a0<span title=\"Cons\u00faltenos sin compromiso (indicando la referencia del art\u00edculo) cualquier duda.\"><a class=\"btn btn-default\" href=\"https:\/\/comprarmejor.es\/en\/contact\">Consult us<\/a> without obligation (indicating the reference of the article) any doubt.<\/span><\/p>\n","protected":false},"excerpt":{"rendered":"<p style=\"text-align: justify;\"><span id=\"result_box\" lang=\"en\" xml:lang=\"en\"><span title=\"Edici\u00f3n facs\u00edmile e \u00edntegra realizada en 1998 de las gestas del Conde Willehalm, Codex Vindobonensis 2670 de la Biblioteca Nacional de Austria, original datado en el a\u00f1o 1320 en Alemania.\">Facsimile and complete edition made in 1998 of the deeds of Count Willehalm, Codex Vindobonensis 2670 of the National Library of Austria, original dated in the year 1320 in Germany.<\/span><\/span><\/p>\n","protected":false},"featured_media":55279,"template":"","meta":[],"product_brand":[],"product_cat":[2250,2220],"product_tag":[4133],"class_list":{"0":"post-55293","1":"product","2":"type-product","3":"status-publish","4":"has-post-thumbnail","6":"product_cat-other-facsimiles","7":"product_cat-special-offers","8":"product_tag-casariego-en","9":"product_shipping_class-from-2-to-5-kg","10":"description-off","12":"first","13":"instock","14":"sale","15":"taxable","16":"shipping-taxable","17":"purchasable","18":"product-type-simple"},"yoast_head":"<!-- This site is optimized with the Yoast SEO plugin v27.3 - https:\/\/yoast.com\/product\/yoast-seo-wordpress\/ -->\n<title>The deeds of Count Willehalm, s. XIV (very low number)<\/title>\n<meta name=\"description\" content=\"Facsimile of the deeds of Count Willehalm, Codex Vindobonensis 2670 of the National Library of Austria, original dated in the year 1320 in Germany.\" \/>\n<meta name=\"robots\" content=\"index, follow, max-snippet:-1, max-image-preview:large, max-video-preview:-1\" \/>\n<link rel=\"canonical\" href=\"https:\/\/www.comprarmejor.es\/en\/product\/the-deeds-of-count-willehalm-s-xiv-very-low-number\/\" \/>\n<meta property=\"og:locale\" content=\"en_US\" \/>\n<meta property=\"og:type\" content=\"article\" \/>\n<meta property=\"og:title\" content=\"The deeds of Count Willehalm, s. XIV (very low number)\" \/>\n<meta property=\"og:description\" content=\"Facsimile of the deeds of Count Willehalm, Codex Vindobonensis 2670 of the National Library of Austria, original dated in the year 1320 in Germany.\" \/>\n<meta property=\"og:url\" content=\"https:\/\/www.comprarmejor.es\/en\/product\/the-deeds-of-count-willehalm-s-xiv-very-low-number\/\" \/>\n<meta property=\"og:site_name\" content=\"ComprarMejor\" \/>\n<meta property=\"article:modified_time\" content=\"2020-05-03T11:18:03+00:00\" \/>\n<meta property=\"og:image\" content=\"https:\/\/www.comprarmejor.es\/wp-content\/uploads\/2018\/02\/p_6_6_4_9_6649-Las-gestas-del-Conde-Willehalm-s.-XIV.jpg\" \/>\n\t<meta property=\"og:image:width\" content=\"599\" \/>\n\t<meta property=\"og:image:height\" content=\"449\" \/>\n\t<meta property=\"og:image:type\" content=\"image\/jpeg\" \/>\n<meta name=\"twitter:card\" content=\"summary_large_image\" \/>\n<meta name=\"twitter:label1\" content=\"Est. reading time\" \/>\n\t<meta name=\"twitter:data1\" content=\"2 minutes\" \/>\n<script type=\"application\/ld+json\" class=\"yoast-schema-graph\">{\"@context\":\"https:\\\/\\\/schema.org\",\"@graph\":[{\"@type\":\"WebPage\",\"@id\":\"https:\\\/\\\/www.comprarmejor.es\\\/en\\\/product\\\/the-deeds-of-count-willehalm-s-xiv-very-low-number\\\/\",\"url\":\"https:\\\/\\\/www.comprarmejor.es\\\/en\\\/product\\\/the-deeds-of-count-willehalm-s-xiv-very-low-number\\\/\",\"name\":\"The deeds of Count Willehalm, s. XIV (very low number)\",\"isPartOf\":{\"@id\":\"https:\\\/\\\/www.comprarmejor.es\\\/en\\\/#website\"},\"primaryImageOfPage\":{\"@id\":\"https:\\\/\\\/www.comprarmejor.es\\\/en\\\/product\\\/the-deeds-of-count-willehalm-s-xiv-very-low-number\\\/#primaryimage\"},\"image\":{\"@id\":\"https:\\\/\\\/www.comprarmejor.es\\\/en\\\/product\\\/the-deeds-of-count-willehalm-s-xiv-very-low-number\\\/#primaryimage\"},\"thumbnailUrl\":\"https:\\\/\\\/www.comprarmejor.es\\\/wp-content\\\/uploads\\\/2018\\\/02\\\/p_6_6_4_9_6649-Las-gestas-del-Conde-Willehalm-s.-XIV.jpg\",\"datePublished\":\"2018-02-12T17:14:18+00:00\",\"dateModified\":\"2020-05-03T11:18:03+00:00\",\"description\":\"Facsimile of the deeds of Count Willehalm, Codex Vindobonensis 2670 of the National Library of Austria, original dated in the year 1320 in Germany.\",\"breadcrumb\":{\"@id\":\"https:\\\/\\\/www.comprarmejor.es\\\/en\\\/product\\\/the-deeds-of-count-willehalm-s-xiv-very-low-number\\\/#breadcrumb\"},\"inLanguage\":\"en-US\",\"potentialAction\":[{\"@type\":\"ReadAction\",\"target\":[\"https:\\\/\\\/www.comprarmejor.es\\\/en\\\/product\\\/the-deeds-of-count-willehalm-s-xiv-very-low-number\\\/\"]}]},{\"@type\":\"ImageObject\",\"inLanguage\":\"en-US\",\"@id\":\"https:\\\/\\\/www.comprarmejor.es\\\/en\\\/product\\\/the-deeds-of-count-willehalm-s-xiv-very-low-number\\\/#primaryimage\",\"url\":\"https:\\\/\\\/www.comprarmejor.es\\\/wp-content\\\/uploads\\\/2018\\\/02\\\/p_6_6_4_9_6649-Las-gestas-del-Conde-Willehalm-s.-XIV.jpg\",\"contentUrl\":\"https:\\\/\\\/www.comprarmejor.es\\\/wp-content\\\/uploads\\\/2018\\\/02\\\/p_6_6_4_9_6649-Las-gestas-del-Conde-Willehalm-s.-XIV.jpg\",\"width\":599,\"height\":449,\"caption\":\"The deeds of Count Willehalm, s. XIV\"},{\"@type\":\"BreadcrumbList\",\"@id\":\"https:\\\/\\\/www.comprarmejor.es\\\/en\\\/product\\\/the-deeds-of-count-willehalm-s-xiv-very-low-number\\\/#breadcrumb\",\"itemListElement\":[{\"@type\":\"ListItem\",\"position\":1,\"name\":\"Portada\",\"item\":\"https:\\\/\\\/www.comprarmejor.es\\\/en\\\/\"},{\"@type\":\"ListItem\",\"position\":2,\"name\":\"Shop\",\"item\":\"https:\\\/\\\/www.comprarmejor.es\\\/en\\\/shop\\\/\"},{\"@type\":\"ListItem\",\"position\":3,\"name\":\"The deeds of Count Willehalm, s. XIV (very low number)\"}]},{\"@type\":\"WebSite\",\"@id\":\"https:\\\/\\\/www.comprarmejor.es\\\/en\\\/#website\",\"url\":\"https:\\\/\\\/www.comprarmejor.es\\\/en\\\/\",\"name\":\"ComprarMejor\",\"description\":\"ComprarMejor\",\"publisher\":{\"@id\":\"https:\\\/\\\/www.comprarmejor.es\\\/en\\\/#organization\"},\"potentialAction\":[{\"@type\":\"SearchAction\",\"target\":{\"@type\":\"EntryPoint\",\"urlTemplate\":\"https:\\\/\\\/www.comprarmejor.es\\\/en\\\/?s={search_term_string}\"},\"query-input\":{\"@type\":\"PropertyValueSpecification\",\"valueRequired\":true,\"valueName\":\"search_term_string\"}}],\"inLanguage\":\"en-US\"},{\"@type\":\"Organization\",\"@id\":\"https:\\\/\\\/www.comprarmejor.es\\\/en\\\/#organization\",\"name\":\"COMPRAR MEJOR\",\"url\":\"https:\\\/\\\/www.comprarmejor.es\\\/en\\\/\",\"logo\":{\"@type\":\"ImageObject\",\"inLanguage\":\"en-US\",\"@id\":\"https:\\\/\\\/www.comprarmejor.es\\\/en\\\/#\\\/schema\\\/logo\\\/image\\\/\",\"url\":\"https:\\\/\\\/www.comprarmejor.es\\\/wp-content\\\/uploads\\\/2025\\\/09\\\/comprarmejortrinidad.jpg\",\"contentUrl\":\"https:\\\/\\\/www.comprarmejor.es\\\/wp-content\\\/uploads\\\/2025\\\/09\\\/comprarmejortrinidad.jpg\",\"width\":1022,\"height\":1380,\"caption\":\"COMPRAR MEJOR\"},\"image\":{\"@id\":\"https:\\\/\\\/www.comprarmejor.es\\\/en\\\/#\\\/schema\\\/logo\\\/image\\\/\"},\"sameAs\":[\"https:\\\/\\\/www.instagram.com\\\/amigosdelcodice\"]}]}<\/script>\n<!-- \/ Yoast SEO plugin. -->","yoast_head_json":{"title":"The deeds of Count Willehalm, s. XIV (very low number)","description":"Facsimile of the deeds of Count Willehalm, Codex Vindobonensis 2670 of the National Library of Austria, original dated in the year 1320 in Germany.","robots":{"index":"index","follow":"follow","max-snippet":"max-snippet:-1","max-image-preview":"max-image-preview:large","max-video-preview":"max-video-preview:-1"},"canonical":"https:\/\/www.comprarmejor.es\/en\/product\/the-deeds-of-count-willehalm-s-xiv-very-low-number\/","og_locale":"en_US","og_type":"article","og_title":"The deeds of Count Willehalm, s. XIV (very low number)","og_description":"Facsimile of the deeds of Count Willehalm, Codex Vindobonensis 2670 of the National Library of Austria, original dated in the year 1320 in Germany.","og_url":"https:\/\/www.comprarmejor.es\/en\/product\/the-deeds-of-count-willehalm-s-xiv-very-low-number\/","og_site_name":"ComprarMejor","article_modified_time":"2020-05-03T11:18:03+00:00","og_image":[{"width":599,"height":449,"url":"https:\/\/www.comprarmejor.es\/wp-content\/uploads\/2018\/02\/p_6_6_4_9_6649-Las-gestas-del-Conde-Willehalm-s.-XIV.jpg","type":"image\/jpeg"}],"twitter_card":"summary_large_image","twitter_misc":{"Est. reading time":"2 minutes"},"schema":{"@context":"https:\/\/schema.org","@graph":[{"@type":"WebPage","@id":"https:\/\/www.comprarmejor.es\/en\/product\/the-deeds-of-count-willehalm-s-xiv-very-low-number\/","url":"https:\/\/www.comprarmejor.es\/en\/product\/the-deeds-of-count-willehalm-s-xiv-very-low-number\/","name":"The deeds of Count Willehalm, s. XIV (very low number)","isPartOf":{"@id":"https:\/\/www.comprarmejor.es\/en\/#website"},"primaryImageOfPage":{"@id":"https:\/\/www.comprarmejor.es\/en\/product\/the-deeds-of-count-willehalm-s-xiv-very-low-number\/#primaryimage"},"image":{"@id":"https:\/\/www.comprarmejor.es\/en\/product\/the-deeds-of-count-willehalm-s-xiv-very-low-number\/#primaryimage"},"thumbnailUrl":"https:\/\/www.comprarmejor.es\/wp-content\/uploads\/2018\/02\/p_6_6_4_9_6649-Las-gestas-del-Conde-Willehalm-s.-XIV.jpg","datePublished":"2018-02-12T17:14:18+00:00","dateModified":"2020-05-03T11:18:03+00:00","description":"Facsimile of the deeds of Count Willehalm, Codex Vindobonensis 2670 of the National Library of Austria, original dated in the year 1320 in Germany.","breadcrumb":{"@id":"https:\/\/www.comprarmejor.es\/en\/product\/the-deeds-of-count-willehalm-s-xiv-very-low-number\/#breadcrumb"},"inLanguage":"en-US","potentialAction":[{"@type":"ReadAction","target":["https:\/\/www.comprarmejor.es\/en\/product\/the-deeds-of-count-willehalm-s-xiv-very-low-number\/"]}]},{"@type":"ImageObject","inLanguage":"en-US","@id":"https:\/\/www.comprarmejor.es\/en\/product\/the-deeds-of-count-willehalm-s-xiv-very-low-number\/#primaryimage","url":"https:\/\/www.comprarmejor.es\/wp-content\/uploads\/2018\/02\/p_6_6_4_9_6649-Las-gestas-del-Conde-Willehalm-s.-XIV.jpg","contentUrl":"https:\/\/www.comprarmejor.es\/wp-content\/uploads\/2018\/02\/p_6_6_4_9_6649-Las-gestas-del-Conde-Willehalm-s.-XIV.jpg","width":599,"height":449,"caption":"The deeds of Count Willehalm, s. XIV"},{"@type":"BreadcrumbList","@id":"https:\/\/www.comprarmejor.es\/en\/product\/the-deeds-of-count-willehalm-s-xiv-very-low-number\/#breadcrumb","itemListElement":[{"@type":"ListItem","position":1,"name":"Portada","item":"https:\/\/www.comprarmejor.es\/en\/"},{"@type":"ListItem","position":2,"name":"Shop","item":"https:\/\/www.comprarmejor.es\/en\/shop\/"},{"@type":"ListItem","position":3,"name":"The deeds of Count Willehalm, s. XIV (very low number)"}]},{"@type":"WebSite","@id":"https:\/\/www.comprarmejor.es\/en\/#website","url":"https:\/\/www.comprarmejor.es\/en\/","name":"ComprarMejor","description":"ComprarMejor","publisher":{"@id":"https:\/\/www.comprarmejor.es\/en\/#organization"},"potentialAction":[{"@type":"SearchAction","target":{"@type":"EntryPoint","urlTemplate":"https:\/\/www.comprarmejor.es\/en\/?s={search_term_string}"},"query-input":{"@type":"PropertyValueSpecification","valueRequired":true,"valueName":"search_term_string"}}],"inLanguage":"en-US"},{"@type":"Organization","@id":"https:\/\/www.comprarmejor.es\/en\/#organization","name":"COMPRAR MEJOR","url":"https:\/\/www.comprarmejor.es\/en\/","logo":{"@type":"ImageObject","inLanguage":"en-US","@id":"https:\/\/www.comprarmejor.es\/en\/#\/schema\/logo\/image\/","url":"https:\/\/www.comprarmejor.es\/wp-content\/uploads\/2025\/09\/comprarmejortrinidad.jpg","contentUrl":"https:\/\/www.comprarmejor.es\/wp-content\/uploads\/2025\/09\/comprarmejortrinidad.jpg","width":1022,"height":1380,"caption":"COMPRAR MEJOR"},"image":{"@id":"https:\/\/www.comprarmejor.es\/en\/#\/schema\/logo\/image\/"},"sameAs":["https:\/\/www.instagram.com\/amigosdelcodice"]}]}},"_links":{"self":[{"href":"https:\/\/www.comprarmejor.es\/en\/wp-json\/wp\/v2\/product\/55293","targetHints":{"allow":["GET"]}}],"collection":[{"href":"https:\/\/www.comprarmejor.es\/en\/wp-json\/wp\/v2\/product"}],"about":[{"href":"https:\/\/www.comprarmejor.es\/en\/wp-json\/wp\/v2\/types\/product"}],"wp:featuredmedia":[{"embeddable":true,"href":"https:\/\/www.comprarmejor.es\/en\/wp-json\/wp\/v2\/media\/55279"}],"wp:attachment":[{"href":"https:\/\/www.comprarmejor.es\/en\/wp-json\/wp\/v2\/media?parent=55293"}],"wp:term":[{"taxonomy":"product_brand","embeddable":true,"href":"https:\/\/www.comprarmejor.es\/en\/wp-json\/wp\/v2\/product_brand?post=55293"},{"taxonomy":"product_cat","embeddable":true,"href":"https:\/\/www.comprarmejor.es\/en\/wp-json\/wp\/v2\/product_cat?post=55293"},{"taxonomy":"product_tag","embeddable":true,"href":"https:\/\/www.comprarmejor.es\/en\/wp-json\/wp\/v2\/product_tag?post=55293"}],"curies":[{"name":"wp","href":"https:\/\/api.w.org\/{rel}","templated":true}]}}