{"id":55331,"date":"2018-03-08T23:37:21","date_gmt":"2018-03-08T22:37:21","guid":{"rendered":"https:\/\/www.comprarmejor.es\/producto\/life-of-saints-kilian-and-margarita-c-975\/"},"modified":"2019-10-07T22:55:39","modified_gmt":"2019-10-07T20:55:39","slug":"life-of-saints-kilian-and-margarita-c-975","status":"publish","type":"product","link":"https:\/\/www.comprarmejor.es\/en\/product\/life-of-saints-kilian-and-margarita-c-975\/","title":{"rendered":"Life of Saints Kilian and Margarita, c. 975"},"content":{"rendered":"<p style=\"text-align: justify;\"><span id=\"result_box\" lang=\"en\" xml:lang=\"en\"><span title=\"Edici\u00f3n facsimilar completa en el formato original del C\u00f3dex Ms. I 189, propiedad de la Biblioteca del Estado de Baja Sajonia, Hannover.\">Complete facsimile edition in the original format of Codex Ms. I 189, property of the State Library of Lower Saxony, Hannover. <\/span><span title=\"Conocido tambi\u00e9n como Manuscrito Hanover 189. Datado en circa 975, en la ciudad alemana de Fulda.\">Also known as Manuscript Hanover 189. Dated in circa 975, in the German city of Fulda.<\/span><\/span><\/p>\n<p style=\"text-align: justify;\"><span title=\"Passio Kiliani Ps.\">Passio Kiliani Ps. <\/span><span title=\"Theotimus, Passio Margaretae Orationes, Ms. I 189 de la Biblioteca Nieders\u00e4chsischen de Hannover.\">Theotimus, Passio Margaretae Orationes, Ms. I 189 of the Nieders\u00e4chsischen Library of Hannover.<\/span><\/p>\n<p style=\"text-align: justify;\"><span title=\"Edici\u00f3n \u00fanica, numerada y limitada a 700 ejemplares, de los que 100 corresponden a la edici\u00f3n espa\u00f1ola, realizada en 1998 y coeditada por Akademische Druck-u.\">Single edition, numbered and limited to 700 copies, of which 100 correspond to the Spanish edition, made in 1998 and co-published by Akademische Druck-u. <\/span><span title=\"Verlagsanstalt (Adeva), Graz (Austria) y Ars Millenii, Madrid (Espa\u00f1a).\">Verlagsanstalt (Adeva), Graz (Austria) and Ars Millenii, Madrid (Spain).<\/span><\/p>\n<p style=\"text-align: justify;\"><span title=\"Este manuscrito constituye un testimonio \u00fanico de los primeros monumentos medievales de la producci\u00f3n libraria.\">This manuscript constitutes a unique testimony of the first medieval monuments of the librarian production. <\/span><span title=\"Nos encontramos aqu\u00ed por primera vez ante el prototipo del \u201clibellus\u201d \u2013del lat\u00edn: librito o breve tratado\u2013, habitualmente dedicado a la vida de un santo.\">We are here for the first time before the prototype of the &#8220;libellus&#8221; -from the Latin: little book or brief treatise-, usually dedicated to the life of a saint. <\/span><span title=\"En este caso, y excepcionalmente, se trata de la vida y muerte de dos santos, ilustradas con numerosas miniaturas.\">In this case, and exceptionally, it is about the life and death of two saints, illustrated with numerous miniatures.<\/span><\/p>\n<p style=\"text-align: justify;\"><span title=\"Uno de ellos es San Kilian, un obispo irland\u00e9s que difundi\u00f3 la fe cristiana en Franconia, al norte de Baviera.\">One of them is St. Kilian, an Irish bishop who spread the Christian faith in Franconia, north of Bavaria. <\/span><span title=\"Especialmente activo en W\u00fcrzburg en torno al 680, se enfrent\u00f3 a la clase dominante con su \u00e9tica cat\u00f3lica y el imperio de la ley, lo que finalmente provocar\u00eda su martirio.\">Especially active in W\u00fcrzburg around 680, he confronted the ruling class with its Catholic ethic and the rule of law, which would eventually provoke his martyrdom. <\/span><span title=\"Santa Margarita muri\u00f3 tambi\u00e9n m\u00e1rtir.\">St. Margaret also died a martyr. <\/span><span title=\"Fue una de las santas mujeres m\u00e1s veneradas tanto en Oriente como en Occidente.\">She was one of the most venerated saintly women in both the East and the West. <\/span><span title=\"La leyenda dice que naci\u00f3 en Antioquia y que vivi\u00f3 en el periodo m\u00e1s \u00e1lgido de la persecuci\u00f3n contra los cristianos bajo el imperio romano de Diocleciano (al inicio del siglo IV).\">The legend says that he was born in Antioquia and that he lived during the height of the persecution against the Christians under the Roman Empire of Diocletian (at the beginning of the 4th century). <\/span><span title=\"Al no querer abjurar de su fe fue torturada y finalmente decapitada.\">By not wanting to abjure her faith she was tortured and finally beheaded.<\/span><\/p>\n<p style=\"text-align: justify;\"><span title=\"Los episodios m\u00e1s importantes de la vida de ambos santos son ilustrados con suntuosas miniaturas en oro.\">The most important episodes of the lives of both saints are illustrated with sumptuous miniatures in gold. <\/span><span title=\"Lo cual no impide tambi\u00e9n que llamen poderosamente la atenci\u00f3n las muchas iniciales bell\u00edsimamente enriquecidas, y el hermoso entrelazado de las bandas ornamentales.\">This does not prevent them from attracting the attention of the many beautifully enriched initials, and the beautiful interlacing of the ornamental bands. <\/span><span title=\"La decoraci\u00f3n en general es de tal lujo y tan alta calidad que podr\u00edamos afirmar sin riesgo a equivocarnos que el c\u00f3dice fue realizado a petici\u00f3n de la corte de los Otones, probablemente en Fulda.\">The decoration in general is of such luxury and so high quality that we could safely say that the codex was made at the request of the court of the Otones, probably in Fulda.<\/span><\/p>\n<p style=\"text-align: justify;\"><span title=\"De esta manera, la pasi\u00f3n y muerte de San Kilian y Santa Margarita, ejecutados en el a\u00f1o 975, nos ofrecen uno de los testimonios m\u00e1s impresionantes del magn\u00edfico arte de la iluminaci\u00f3n practicada en la \u00e9poca otoniana.\">In this way, the passion and death of Saint Kilian and Saint Margaret, executed in the year 975, offer us one of the most impressive testimonies of the magnificent art of illumination practiced in the Ottonian era.<\/span><\/p>\n<p style=\"text-align: justify;\"><span title=\"Facs\u00edmile encuadernado en piel labrada en seco, formato 16,3 x 21,8 cm, 76 p\u00e1ginas que contienen 21 miniaturas de excelente calidad: 11 ilustran la vida de San Kilian y el frontispicio y las otras 9, la vida de Santa Margarita (m\u00e1s\">Facsimile bound in dry carved leather, format 16.3 x 21.8 cm, 76 pages containing 21 miniatures of excellent quality: 11 illustrate the life of St. Kilian and the frontispiece and the other 9, the life of St. Margaret (more <\/span><span title=\"informaci\u00f3n en las im\u00e1genes que ofrecemos).\">information in the images we offer).<\/span><\/p>\n<p style=\"text-align: justify;\"><span title=\"Libro estudio en r\u00fastica a color, formato 16 x 21,5 cm, 60 p\u00e1ginas, por Cynthia J. Hahn.\">Color paperback book, format 16 x 21.5 cm, 60 pages, by Cynthia J. Hahn. <\/span><span title=\"En diciembre de 2004 la editorial Gil de Silo\u00e9 adquiri\u00f3 a Ars Millenii los ejemplares que le restaban de la tirada espa\u00f1ola de esta obra de Adeva.\">In December of 2004 the publishing house Gil de Silo\u00e9 acquired to Ars Millenii the copies that remained to him of the Spanish edition of this work of Adeva. <\/span><span title=\"Por su parte, Adeva autoriz\u00f3 en 2010 a Silo\u00e9 la traducci\u00f3n y edici\u00f3n de una recensi\u00f3n de parte del estudio escrito por Cynthia J. Hahn, que es la que se ofrece en espa\u00f1ol como libro estudio de este bello, interesante y antiguo manuscrito.\">For its part, Adeva authorized in 2010 to Silo\u00e9 the translation and editing of a review of part of the study written by Cynthia J. Hahn, which is offered in Spanish as a book study of this beautiful, interesting and ancient manuscript.<\/span><\/p>\n<p style=\"text-align: justify;\"><span title=\"Ejemplar en perfecto estado.\">Exemplary in perfect condition.<\/span><\/p>\n<p style=\"text-align: justify;\"><span title=\"Gastos de env\u00edo por cuenta del comprador, seg\u00fan pedido y destino.\">Shipping costs on account of the buyer, according to order and destination.\u00a0<\/span><span title=\"Cons\u00faltenos sin compromiso (indicando la referencia del art\u00edculo) cualquier duda.\"><a class=\"btn btn-default\" href=\"https:\/\/comprarmejor.es\/en\/contact\">Consult us<\/a> without obligation (indicating the reference of the article) any doubt.<\/span><\/p>\n","protected":false},"excerpt":{"rendered":"<p style=\"text-align: justify;\"><span id=\"result_box\" lang=\"en\" xml:lang=\"en\"><span title=\"Edici\u00f3n facsimilar completa en el formato original del C\u00f3dex Ms. I 189, propiedad de la Biblioteca del Estado de Baja Sajonia, Hannover.\">Complete facsimile edition in the original format of Codex Ms. I 189, property of the State Library of Lower Saxony, Hannover. <\/span><span title=\"Conocido tambi\u00e9n como Manuscrito Hanover 189. Datado en circa 975, en la ciudad alemana de Fulda.\">Also known as Manuscript Hanover 189. Dated in circa 975, in the German city of Fulda.<\/span><\/span><\/p>\n","protected":false},"featured_media":55321,"template":"","meta":[],"product_brand":[],"product_cat":[2250],"product_tag":[4128,4004,5119],"class_list":{"0":"post-55331","1":"product","2":"type-product","3":"status-publish","4":"has-post-thumbnail","6":"product_cat-other-facsimiles","7":"product_tag-kilian-en-2","8":"product_tag-margarita-en","9":"product_tag-siloe-en","10":"product_shipping_class-from-2-to-5-kg","11":"description-off","13":"first","14":"instock","15":"sale","16":"taxable","17":"shipping-taxable","18":"purchasable","19":"product-type-simple"},"yoast_head":"<!-- This site is optimized with the Yoast SEO plugin v27.3 - https:\/\/yoast.com\/product\/yoast-seo-wordpress\/ -->\n<title>Life of Saints Kilian and Margarita, c. 975<\/title>\n<meta name=\"description\" content=\"Passio Kiliani Ps. Theotimus, Passio Margaretae Orationes, Ms. I 189 of the Nieders\u00e4chsischen Library of Hannover.\" \/>\n<meta name=\"robots\" content=\"index, follow, max-snippet:-1, max-image-preview:large, max-video-preview:-1\" \/>\n<link rel=\"canonical\" href=\"https:\/\/www.comprarmejor.es\/en\/product\/life-of-saints-kilian-and-margarita-c-975\/\" \/>\n<meta property=\"og:locale\" content=\"en_US\" \/>\n<meta property=\"og:type\" content=\"article\" \/>\n<meta property=\"og:title\" content=\"Life of Saints Kilian and Margarita, c. 975\" \/>\n<meta property=\"og:description\" content=\"Passio Kiliani Ps. Theotimus, Passio Margaretae Orationes, Ms. I 189 of the Nieders\u00e4chsischen Library of Hannover.\" \/>\n<meta property=\"og:url\" content=\"https:\/\/www.comprarmejor.es\/en\/product\/life-of-saints-kilian-and-margarita-c-975\/\" \/>\n<meta property=\"og:site_name\" content=\"ComprarMejor\" \/>\n<meta property=\"article:modified_time\" content=\"2019-10-07T20:55:39+00:00\" \/>\n<meta property=\"og:image\" content=\"https:\/\/www.comprarmejor.es\/wp-content\/uploads\/2018\/03\/p_5_9_5_1_5951-Vida-de-los-santos-Kilian-y-Margarita-c.-975.jpg\" \/>\n\t<meta property=\"og:image:width\" content=\"597\" \/>\n\t<meta property=\"og:image:height\" content=\"366\" \/>\n\t<meta property=\"og:image:type\" content=\"image\/jpeg\" \/>\n<meta name=\"twitter:card\" content=\"summary_large_image\" \/>\n<meta name=\"twitter:label1\" content=\"Est. reading time\" \/>\n\t<meta name=\"twitter:data1\" content=\"3 minutes\" \/>\n<script type=\"application\/ld+json\" class=\"yoast-schema-graph\">{\"@context\":\"https:\\\/\\\/schema.org\",\"@graph\":[{\"@type\":\"WebPage\",\"@id\":\"https:\\\/\\\/www.comprarmejor.es\\\/en\\\/product\\\/life-of-saints-kilian-and-margarita-c-975\\\/\",\"url\":\"https:\\\/\\\/www.comprarmejor.es\\\/en\\\/product\\\/life-of-saints-kilian-and-margarita-c-975\\\/\",\"name\":\"Life of Saints Kilian and Margarita, c. 975\",\"isPartOf\":{\"@id\":\"https:\\\/\\\/www.comprarmejor.es\\\/en\\\/#website\"},\"primaryImageOfPage\":{\"@id\":\"https:\\\/\\\/www.comprarmejor.es\\\/en\\\/product\\\/life-of-saints-kilian-and-margarita-c-975\\\/#primaryimage\"},\"image\":{\"@id\":\"https:\\\/\\\/www.comprarmejor.es\\\/en\\\/product\\\/life-of-saints-kilian-and-margarita-c-975\\\/#primaryimage\"},\"thumbnailUrl\":\"https:\\\/\\\/www.comprarmejor.es\\\/wp-content\\\/uploads\\\/2018\\\/03\\\/p_5_9_5_1_5951-Vida-de-los-santos-Kilian-y-Margarita-c.-975.jpg\",\"datePublished\":\"2018-03-08T22:37:21+00:00\",\"dateModified\":\"2019-10-07T20:55:39+00:00\",\"description\":\"Passio Kiliani Ps. Theotimus, Passio Margaretae Orationes, Ms. I 189 of the Nieders\u00e4chsischen Library of Hannover.\",\"breadcrumb\":{\"@id\":\"https:\\\/\\\/www.comprarmejor.es\\\/en\\\/product\\\/life-of-saints-kilian-and-margarita-c-975\\\/#breadcrumb\"},\"inLanguage\":\"en-US\",\"potentialAction\":[{\"@type\":\"ReadAction\",\"target\":[\"https:\\\/\\\/www.comprarmejor.es\\\/en\\\/product\\\/life-of-saints-kilian-and-margarita-c-975\\\/\"]}]},{\"@type\":\"ImageObject\",\"inLanguage\":\"en-US\",\"@id\":\"https:\\\/\\\/www.comprarmejor.es\\\/en\\\/product\\\/life-of-saints-kilian-and-margarita-c-975\\\/#primaryimage\",\"url\":\"https:\\\/\\\/www.comprarmejor.es\\\/wp-content\\\/uploads\\\/2018\\\/03\\\/p_5_9_5_1_5951-Vida-de-los-santos-Kilian-y-Margarita-c.-975.jpg\",\"contentUrl\":\"https:\\\/\\\/www.comprarmejor.es\\\/wp-content\\\/uploads\\\/2018\\\/03\\\/p_5_9_5_1_5951-Vida-de-los-santos-Kilian-y-Margarita-c.-975.jpg\",\"width\":597,\"height\":366},{\"@type\":\"BreadcrumbList\",\"@id\":\"https:\\\/\\\/www.comprarmejor.es\\\/en\\\/product\\\/life-of-saints-kilian-and-margarita-c-975\\\/#breadcrumb\",\"itemListElement\":[{\"@type\":\"ListItem\",\"position\":1,\"name\":\"Portada\",\"item\":\"https:\\\/\\\/www.comprarmejor.es\\\/en\\\/\"},{\"@type\":\"ListItem\",\"position\":2,\"name\":\"Shop\",\"item\":\"https:\\\/\\\/www.comprarmejor.es\\\/en\\\/shop\\\/\"},{\"@type\":\"ListItem\",\"position\":3,\"name\":\"Life of Saints Kilian and Margarita, c. 975\"}]},{\"@type\":\"WebSite\",\"@id\":\"https:\\\/\\\/www.comprarmejor.es\\\/en\\\/#website\",\"url\":\"https:\\\/\\\/www.comprarmejor.es\\\/en\\\/\",\"name\":\"ComprarMejor\",\"description\":\"ComprarMejor\",\"publisher\":{\"@id\":\"https:\\\/\\\/www.comprarmejor.es\\\/en\\\/#organization\"},\"potentialAction\":[{\"@type\":\"SearchAction\",\"target\":{\"@type\":\"EntryPoint\",\"urlTemplate\":\"https:\\\/\\\/www.comprarmejor.es\\\/en\\\/?s={search_term_string}\"},\"query-input\":{\"@type\":\"PropertyValueSpecification\",\"valueRequired\":true,\"valueName\":\"search_term_string\"}}],\"inLanguage\":\"en-US\"},{\"@type\":\"Organization\",\"@id\":\"https:\\\/\\\/www.comprarmejor.es\\\/en\\\/#organization\",\"name\":\"COMPRAR MEJOR\",\"url\":\"https:\\\/\\\/www.comprarmejor.es\\\/en\\\/\",\"logo\":{\"@type\":\"ImageObject\",\"inLanguage\":\"en-US\",\"@id\":\"https:\\\/\\\/www.comprarmejor.es\\\/en\\\/#\\\/schema\\\/logo\\\/image\\\/\",\"url\":\"https:\\\/\\\/www.comprarmejor.es\\\/wp-content\\\/uploads\\\/2025\\\/09\\\/comprarmejortrinidad.jpg\",\"contentUrl\":\"https:\\\/\\\/www.comprarmejor.es\\\/wp-content\\\/uploads\\\/2025\\\/09\\\/comprarmejortrinidad.jpg\",\"width\":1022,\"height\":1380,\"caption\":\"COMPRAR MEJOR\"},\"image\":{\"@id\":\"https:\\\/\\\/www.comprarmejor.es\\\/en\\\/#\\\/schema\\\/logo\\\/image\\\/\"},\"sameAs\":[\"https:\\\/\\\/www.instagram.com\\\/amigosdelcodice\"]}]}<\/script>\n<!-- \/ Yoast SEO plugin. -->","yoast_head_json":{"title":"Life of Saints Kilian and Margarita, c. 975","description":"Passio Kiliani Ps. Theotimus, Passio Margaretae Orationes, Ms. I 189 of the Nieders\u00e4chsischen Library of Hannover.","robots":{"index":"index","follow":"follow","max-snippet":"max-snippet:-1","max-image-preview":"max-image-preview:large","max-video-preview":"max-video-preview:-1"},"canonical":"https:\/\/www.comprarmejor.es\/en\/product\/life-of-saints-kilian-and-margarita-c-975\/","og_locale":"en_US","og_type":"article","og_title":"Life of Saints Kilian and Margarita, c. 975","og_description":"Passio Kiliani Ps. Theotimus, Passio Margaretae Orationes, Ms. I 189 of the Nieders\u00e4chsischen Library of Hannover.","og_url":"https:\/\/www.comprarmejor.es\/en\/product\/life-of-saints-kilian-and-margarita-c-975\/","og_site_name":"ComprarMejor","article_modified_time":"2019-10-07T20:55:39+00:00","og_image":[{"width":597,"height":366,"url":"https:\/\/www.comprarmejor.es\/wp-content\/uploads\/2018\/03\/p_5_9_5_1_5951-Vida-de-los-santos-Kilian-y-Margarita-c.-975.jpg","type":"image\/jpeg"}],"twitter_card":"summary_large_image","twitter_misc":{"Est. reading time":"3 minutes"},"schema":{"@context":"https:\/\/schema.org","@graph":[{"@type":"WebPage","@id":"https:\/\/www.comprarmejor.es\/en\/product\/life-of-saints-kilian-and-margarita-c-975\/","url":"https:\/\/www.comprarmejor.es\/en\/product\/life-of-saints-kilian-and-margarita-c-975\/","name":"Life of Saints Kilian and Margarita, c. 975","isPartOf":{"@id":"https:\/\/www.comprarmejor.es\/en\/#website"},"primaryImageOfPage":{"@id":"https:\/\/www.comprarmejor.es\/en\/product\/life-of-saints-kilian-and-margarita-c-975\/#primaryimage"},"image":{"@id":"https:\/\/www.comprarmejor.es\/en\/product\/life-of-saints-kilian-and-margarita-c-975\/#primaryimage"},"thumbnailUrl":"https:\/\/www.comprarmejor.es\/wp-content\/uploads\/2018\/03\/p_5_9_5_1_5951-Vida-de-los-santos-Kilian-y-Margarita-c.-975.jpg","datePublished":"2018-03-08T22:37:21+00:00","dateModified":"2019-10-07T20:55:39+00:00","description":"Passio Kiliani Ps. Theotimus, Passio Margaretae Orationes, Ms. I 189 of the Nieders\u00e4chsischen Library of Hannover.","breadcrumb":{"@id":"https:\/\/www.comprarmejor.es\/en\/product\/life-of-saints-kilian-and-margarita-c-975\/#breadcrumb"},"inLanguage":"en-US","potentialAction":[{"@type":"ReadAction","target":["https:\/\/www.comprarmejor.es\/en\/product\/life-of-saints-kilian-and-margarita-c-975\/"]}]},{"@type":"ImageObject","inLanguage":"en-US","@id":"https:\/\/www.comprarmejor.es\/en\/product\/life-of-saints-kilian-and-margarita-c-975\/#primaryimage","url":"https:\/\/www.comprarmejor.es\/wp-content\/uploads\/2018\/03\/p_5_9_5_1_5951-Vida-de-los-santos-Kilian-y-Margarita-c.-975.jpg","contentUrl":"https:\/\/www.comprarmejor.es\/wp-content\/uploads\/2018\/03\/p_5_9_5_1_5951-Vida-de-los-santos-Kilian-y-Margarita-c.-975.jpg","width":597,"height":366},{"@type":"BreadcrumbList","@id":"https:\/\/www.comprarmejor.es\/en\/product\/life-of-saints-kilian-and-margarita-c-975\/#breadcrumb","itemListElement":[{"@type":"ListItem","position":1,"name":"Portada","item":"https:\/\/www.comprarmejor.es\/en\/"},{"@type":"ListItem","position":2,"name":"Shop","item":"https:\/\/www.comprarmejor.es\/en\/shop\/"},{"@type":"ListItem","position":3,"name":"Life of Saints Kilian and Margarita, c. 975"}]},{"@type":"WebSite","@id":"https:\/\/www.comprarmejor.es\/en\/#website","url":"https:\/\/www.comprarmejor.es\/en\/","name":"ComprarMejor","description":"ComprarMejor","publisher":{"@id":"https:\/\/www.comprarmejor.es\/en\/#organization"},"potentialAction":[{"@type":"SearchAction","target":{"@type":"EntryPoint","urlTemplate":"https:\/\/www.comprarmejor.es\/en\/?s={search_term_string}"},"query-input":{"@type":"PropertyValueSpecification","valueRequired":true,"valueName":"search_term_string"}}],"inLanguage":"en-US"},{"@type":"Organization","@id":"https:\/\/www.comprarmejor.es\/en\/#organization","name":"COMPRAR MEJOR","url":"https:\/\/www.comprarmejor.es\/en\/","logo":{"@type":"ImageObject","inLanguage":"en-US","@id":"https:\/\/www.comprarmejor.es\/en\/#\/schema\/logo\/image\/","url":"https:\/\/www.comprarmejor.es\/wp-content\/uploads\/2025\/09\/comprarmejortrinidad.jpg","contentUrl":"https:\/\/www.comprarmejor.es\/wp-content\/uploads\/2025\/09\/comprarmejortrinidad.jpg","width":1022,"height":1380,"caption":"COMPRAR MEJOR"},"image":{"@id":"https:\/\/www.comprarmejor.es\/en\/#\/schema\/logo\/image\/"},"sameAs":["https:\/\/www.instagram.com\/amigosdelcodice"]}]}},"_links":{"self":[{"href":"https:\/\/www.comprarmejor.es\/en\/wp-json\/wp\/v2\/product\/55331","targetHints":{"allow":["GET"]}}],"collection":[{"href":"https:\/\/www.comprarmejor.es\/en\/wp-json\/wp\/v2\/product"}],"about":[{"href":"https:\/\/www.comprarmejor.es\/en\/wp-json\/wp\/v2\/types\/product"}],"wp:featuredmedia":[{"embeddable":true,"href":"https:\/\/www.comprarmejor.es\/en\/wp-json\/wp\/v2\/media\/55321"}],"wp:attachment":[{"href":"https:\/\/www.comprarmejor.es\/en\/wp-json\/wp\/v2\/media?parent=55331"}],"wp:term":[{"taxonomy":"product_brand","embeddable":true,"href":"https:\/\/www.comprarmejor.es\/en\/wp-json\/wp\/v2\/product_brand?post=55331"},{"taxonomy":"product_cat","embeddable":true,"href":"https:\/\/www.comprarmejor.es\/en\/wp-json\/wp\/v2\/product_cat?post=55331"},{"taxonomy":"product_tag","embeddable":true,"href":"https:\/\/www.comprarmejor.es\/en\/wp-json\/wp\/v2\/product_tag?post=55331"}],"curies":[{"name":"wp","href":"https:\/\/api.w.org\/{rel}","templated":true}]}}