{"id":55361,"date":"2018-03-11T10:44:52","date_gmt":"2018-03-11T09:44:52","guid":{"rendered":"https:\/\/www.comprarmejor.es\/producto\/flora-peruviana-et-chilensis-ed-luxury-1798-1802\/"},"modified":"2019-08-27T23:34:20","modified_gmt":"2019-08-27T21:34:20","slug":"flora-peruviana-et-chilensis-ed-luxury-1798-1802","status":"publish","type":"product","link":"https:\/\/www.comprarmejor.es\/en\/product\/flora-peruviana-et-chilensis-ed-luxury-1798-1802\/","title":{"rendered":"Flora Peruviana et Chilensis, ed. luxury, 1798-1802"},"content":{"rendered":"<p style=\"text-align: justify;\"><span id=\"result_box\" lang=\"en\" xml:lang=\"en\"><span title=\"Extraordinaria edici\u00f3n facs\u00edmile realizada en 1995 sobre los viajes bot\u00e1nicos a los reinos de Per\u00fa y Chile (1777-1788), paradigma de la expedici\u00f3n ilustrada y la primera planteada con unos objetivos exclusivamente bot\u00e1nicos.\">Flora Peruviana et Chilensis. Extraordinary facsimile edition carried out in 1995 on botanical trips to the kingdoms of Peru and Chile (1777-1788), paradigm of the illustrated expedition and the first one presented with exclusively botanical objectives. <\/span><span title=\"Fueron directores de la expedici\u00f3n Hip\u00f3lito Ruiz y Jos\u00e9 Pav\u00f3n, y como dibujantes Jos\u00e9 Brunete e Isidro G\u00e1lvez.\">They were directors of the expedition Hip\u00f3lito Ruiz and Jos\u00e9 Pav\u00f3n, and as cartoonists Jos\u00e9 Brunete and Isidro G\u00e1lvez. <\/span><span title=\"Al grupo se uni\u00f3 el bot\u00e1nico franc\u00e9s Joseph Dombey y en 1785 se incorporaron a la misma el dibujante Francisco Pulgar y el bot\u00e1nico Jos\u00e9 Tafalla.\">The group was joined by the French botanist Joseph Dombey and in 1785 the cartoonist Francisco Pulgar and the botanist Jos\u00e9 Tafalla joined it.<\/span><\/span><\/p>\n<p style=\"text-align: justify;\"><span title=\"Los 3 tomos que se publicaron de la expedici\u00f3n lo fueron en 1798, 1799 y 1802, cuyos originales se conservan en el Real Jard\u00edn Bot\u00e1nico de Madrid.\">The 3 volumes that were published of the expedition were in 1798, 1799 and 1802, whose originals are conserved in the Royal Botanical Garden of Madrid.<\/span><\/p>\n<p style=\"text-align: justify;\"><span title=\"La presente edici\u00f3n limitada es el \u00fanico facs\u00edmile existente de esta obra.\">This limited edition is the only existing facsimile of this work. <\/span><span title=\"La excelente edici\u00f3n y estampaci\u00f3n de los textos por Sancha y la calidad de los grabados y su iluminaci\u00f3n, hacen de estos vol\u00famenes una de las obras m\u00e1s bellas de la bibliograf\u00eda espa\u00f1ola y mundial.\">The excellent edition and printing of the texts by Sancha and the quality of the engravings and their illumination, make these volumes one of the most beautiful works of the Spanish and world bibliography.<\/span><\/p>\n<p style=\"text-align: justify;\"><span title=\"De esta extraordinaria edici\u00f3n se han realizado 701 ejemplares venales, 500 de ellos encuadernados en holandesa lomo y cantoneras de s\u00edmil piel y resto en papel (tambi\u00e9n disponibles, cons\u00faltenos si le interesa en esta versi\u00f3n) y 201 ejemplares encuadernados en piel grabada en seco (que\">Of this extraordinary edition, 701 copies have been made, 500 of them bound in Dutch loin and corners of imitation leather and rest on paper (also available, contact us if you are interested in this version) and 201 copies bound in dry-skinned leather (which <\/span><span title=\"es a la que corresponde el ejemplar que ofrecemos), hojas en papel en excelente verjurado de Fredigoni de 140 gr y fabricado especialmente para esta edici\u00f3n.\">is the one that corresponds to the sample that we offer), sheets of paper in excellent verjurado of Fredigoni of 140 gr and made especially for this edition.<\/span><\/p>\n<p style=\"text-align: justify;\"><span title=\"4 tomos encuadernados en piel completa grabada en seco, formatos 32 x 41,5 cm.\">4 volumes bound in complete dry-engraved leather, formats 32 x 41.5 cm. <\/span><span title=\"Se presentan en 3 estuches abiertos para su mejor protecci\u00f3n.\">They come in 3 open cases for your best protection. <\/span><span title=\"Cada tomo lleva el mismo n\u00famero de ejemplar impreso en su interior.\">Each volume has the same number of copies printed inside it.<\/span><\/p>\n<p style=\"text-align: justify;\"><span title=\"Libro estudio biling\u00fce espa\u00f1ol-ingl\u00e9s, 132 p\u00e1ginas, encuadernado en holandesa.\">Spanish-English bilingual study book, 132 pages, bound in Dutch.<br \/>\n<\/span><span title=\"Tomo I, encuadernado en piel, 312 p\u00e1ginas, 106 bellas l\u00e1minas en color, 277 descripciones bot\u00e1nicas.\">Volume I, bound in leather, 312 pages, 106 beautiful color plates, 277 botanical descriptions.<br \/>\n<\/span><span title=\"Ambos libros en un estuche abierto a juego.\">Both books in a matching open case.<br \/>\n<\/span><span title=\"Tomo II, encuadernado en piel, 332 p\u00e1ginas, 116 bellas l\u00e1minas en color, 351 descripciones bot\u00e1nicas.\">Volume II, bound in leather, 332 pages, 116 beautiful color plates, 351 botanical descriptions. <\/span><span title=\"Con su estuche individual tipo abierto.\">With its individual open type case.<br \/>\n<\/span><span title=\"Tomo III, encuadernado en piel, 348 p\u00e1ginas, 103 bellas l\u00e1minas en color, 223 descripciones bot\u00e1nicas.\">Volume III, bound in leather, 348 pages, 103 beautiful color plates, 223 botanical descriptions. <\/span><span title=\"Con su estuche individual tipo abierto.\">With its individual open type case.<\/span><\/p>\n<p style=\"text-align: justify;\"><span title=\"Ejemplar completo y en perfecto estado correspondiente a la edici\u00f3n de lujo en piel, en su embalaje original.\">Exemplary complete and in perfect condition corresponding to the luxury leather edition, in its original packaging. <\/span><span title=\"Existe otra edici\u00f3n m\u00e1s econ\u00f3mica que puede ver pulsando aqu\u00ed.\">There is another cheaper edition that you can see by <strong><a href=\"https:\/\/www.comprarmejor.es\/en\/product\/flora-peruviana-et-chilensis-ed-dutch-1798-1802\/\" target=\"_blank\" rel=\"noopener noreferrer\">clicking here<\/a><\/strong>.<\/span><\/p>\n<p style=\"text-align: justify;\"><span title=\"Gastos de env\u00edo por cuenta del comprador, seg\u00fan pedido y destino.\">Shipping costs on account of the buyer, according to order and destination.\u00a0<\/span><span title=\"Cons\u00faltenos sin compromiso (indicando la referencia del art\u00edculo) cualquier duda.\"><a class=\"btn btn-default\" href=\"https:\/\/comprarmejor.es\/en\/contact\">Consult us<\/a> without obligation (indicating the reference of the article) any doubt.<\/span><\/p>\n<p style=\"text-align: justify;\"><span title=\"Desc\u00e1rguese el fichero adjunto en pdf para m\u00e1s informaci\u00f3n (basado en la encuadernaci\u00f3n econ\u00f3mica), textos en espa\u00f1ol e ingl\u00e9s.\">Download the attached pdf file for more information (based on economic binding), texts in Spanish and English.<\/span><\/p>\n","protected":false},"excerpt":{"rendered":"<p style=\"text-align: justify;\"><span id=\"result_box\" lang=\"en\" xml:lang=\"en\"><span title=\"Extraordinaria edici\u00f3n facs\u00edmile realizada en 1995 sobre los viajes bot\u00e1nicos a los reinos de Per\u00fa y Chile (1777-1788), paradigma de la expedici\u00f3n ilustrada y la primera planteada con unos objetivos exclusivamente bot\u00e1nicos.\">Extraordinary facsimile edition carried out in 1995 on botanical trips to the kingdoms of Peru and Chile (1777-1788), paradigm of the illustrated expedition and the first one presented with exclusively botanical objectives. <\/span><span title=\"Fueron directores de la expedici\u00f3n Hip\u00f3lito Ruiz y Jos\u00e9 Pav\u00f3n, y como dibujantes Jos\u00e9 Brunete e Isidro G\u00e1lvez.\">They were directors of the expedition Hip\u00f3lito Ruiz and Jos\u00e9 Pav\u00f3n, and as cartoonists Jos\u00e9 Brunete and Isidro G\u00e1lvez.<\/span><\/span><\/p>\n","protected":false},"featured_media":55347,"template":"","meta":[],"product_brand":[],"product_cat":[2232,2250],"product_tag":[4120,4119,4114,5119],"class_list":{"0":"post-55361","1":"product","2":"type-product","3":"status-publish","4":"has-post-thumbnail","6":"product_cat-medicine","7":"product_cat-other-facsimiles","8":"product_tag-csic-en","9":"product_tag-doce-calles-en","10":"product_tag-flora-en-2","11":"product_tag-siloe-en","12":"product_shipping_class-from-11-to-15-kg","13":"description-off","15":"first","16":"instock","17":"sale","18":"taxable","19":"shipping-taxable","20":"purchasable","21":"product-type-simple"},"yoast_head":"<!-- This site is optimized with the Yoast SEO plugin v27.3 - https:\/\/yoast.com\/product\/yoast-seo-wordpress\/ -->\n<title>Flora Peruviana et Chilensis, 1798-1802 (luxury edition)<\/title>\n<meta name=\"description\" content=\"Extraordinary facsimile edition carried out in 1995 on botanical trips to the kingdoms of Peru and Chile (1777-1788), paradigm of the illustrated expedition\" \/>\n<meta name=\"robots\" content=\"index, follow, max-snippet:-1, max-image-preview:large, max-video-preview:-1\" \/>\n<link rel=\"canonical\" href=\"https:\/\/www.comprarmejor.es\/en\/product\/flora-peruviana-et-chilensis-ed-luxury-1798-1802\/\" \/>\n<meta property=\"og:locale\" content=\"en_US\" \/>\n<meta property=\"og:type\" content=\"article\" \/>\n<meta property=\"og:title\" content=\"Flora Peruviana et Chilensis, 1798-1802 (luxury edition)\" \/>\n<meta property=\"og:description\" content=\"Extraordinary facsimile edition carried out in 1995 on botanical trips to the kingdoms of Peru and Chile (1777-1788), paradigm of the illustrated expedition\" \/>\n<meta property=\"og:url\" content=\"https:\/\/www.comprarmejor.es\/en\/product\/flora-peruviana-et-chilensis-ed-luxury-1798-1802\/\" \/>\n<meta property=\"og:site_name\" content=\"ComprarMejor\" \/>\n<meta property=\"article:modified_time\" content=\"2019-08-27T21:34:20+00:00\" \/>\n<meta property=\"og:image\" content=\"https:\/\/www.comprarmejor.es\/wp-content\/uploads\/2018\/03\/p_5_9_3_8_5938-Flora-Peruviana-et-Chilensis-ed.-lujo-1798-1802.jpg\" \/>\n\t<meta property=\"og:image:width\" content=\"285\" \/>\n\t<meta property=\"og:image:height\" content=\"597\" \/>\n\t<meta property=\"og:image:type\" content=\"image\/jpeg\" \/>\n<meta name=\"twitter:card\" content=\"summary_large_image\" \/>\n<meta name=\"twitter:label1\" content=\"Est. reading time\" \/>\n\t<meta name=\"twitter:data1\" content=\"2 minutes\" \/>\n<script type=\"application\/ld+json\" class=\"yoast-schema-graph\">{\"@context\":\"https:\\\/\\\/schema.org\",\"@graph\":[{\"@type\":\"WebPage\",\"@id\":\"https:\\\/\\\/www.comprarmejor.es\\\/en\\\/product\\\/flora-peruviana-et-chilensis-ed-luxury-1798-1802\\\/\",\"url\":\"https:\\\/\\\/www.comprarmejor.es\\\/en\\\/product\\\/flora-peruviana-et-chilensis-ed-luxury-1798-1802\\\/\",\"name\":\"Flora Peruviana et Chilensis, 1798-1802 (luxury edition)\",\"isPartOf\":{\"@id\":\"https:\\\/\\\/www.comprarmejor.es\\\/en\\\/#website\"},\"primaryImageOfPage\":{\"@id\":\"https:\\\/\\\/www.comprarmejor.es\\\/en\\\/product\\\/flora-peruviana-et-chilensis-ed-luxury-1798-1802\\\/#primaryimage\"},\"image\":{\"@id\":\"https:\\\/\\\/www.comprarmejor.es\\\/en\\\/product\\\/flora-peruviana-et-chilensis-ed-luxury-1798-1802\\\/#primaryimage\"},\"thumbnailUrl\":\"https:\\\/\\\/www.comprarmejor.es\\\/wp-content\\\/uploads\\\/2018\\\/03\\\/p_5_9_3_8_5938-Flora-Peruviana-et-Chilensis-ed.-lujo-1798-1802.jpg\",\"datePublished\":\"2018-03-11T09:44:52+00:00\",\"dateModified\":\"2019-08-27T21:34:20+00:00\",\"description\":\"Extraordinary facsimile edition carried out in 1995 on botanical trips to the kingdoms of Peru and Chile (1777-1788), paradigm of the illustrated expedition\",\"breadcrumb\":{\"@id\":\"https:\\\/\\\/www.comprarmejor.es\\\/en\\\/product\\\/flora-peruviana-et-chilensis-ed-luxury-1798-1802\\\/#breadcrumb\"},\"inLanguage\":\"en-US\",\"potentialAction\":[{\"@type\":\"ReadAction\",\"target\":[\"https:\\\/\\\/www.comprarmejor.es\\\/en\\\/product\\\/flora-peruviana-et-chilensis-ed-luxury-1798-1802\\\/\"]}]},{\"@type\":\"ImageObject\",\"inLanguage\":\"en-US\",\"@id\":\"https:\\\/\\\/www.comprarmejor.es\\\/en\\\/product\\\/flora-peruviana-et-chilensis-ed-luxury-1798-1802\\\/#primaryimage\",\"url\":\"https:\\\/\\\/www.comprarmejor.es\\\/wp-content\\\/uploads\\\/2018\\\/03\\\/p_5_9_3_8_5938-Flora-Peruviana-et-Chilensis-ed.-lujo-1798-1802.jpg\",\"contentUrl\":\"https:\\\/\\\/www.comprarmejor.es\\\/wp-content\\\/uploads\\\/2018\\\/03\\\/p_5_9_3_8_5938-Flora-Peruviana-et-Chilensis-ed.-lujo-1798-1802.jpg\",\"width\":285,\"height\":597},{\"@type\":\"BreadcrumbList\",\"@id\":\"https:\\\/\\\/www.comprarmejor.es\\\/en\\\/product\\\/flora-peruviana-et-chilensis-ed-luxury-1798-1802\\\/#breadcrumb\",\"itemListElement\":[{\"@type\":\"ListItem\",\"position\":1,\"name\":\"Portada\",\"item\":\"https:\\\/\\\/www.comprarmejor.es\\\/en\\\/\"},{\"@type\":\"ListItem\",\"position\":2,\"name\":\"Shop\",\"item\":\"https:\\\/\\\/www.comprarmejor.es\\\/en\\\/shop\\\/\"},{\"@type\":\"ListItem\",\"position\":3,\"name\":\"Flora Peruviana et Chilensis, ed. luxury, 1798-1802\"}]},{\"@type\":\"WebSite\",\"@id\":\"https:\\\/\\\/www.comprarmejor.es\\\/en\\\/#website\",\"url\":\"https:\\\/\\\/www.comprarmejor.es\\\/en\\\/\",\"name\":\"ComprarMejor\",\"description\":\"ComprarMejor\",\"publisher\":{\"@id\":\"https:\\\/\\\/www.comprarmejor.es\\\/en\\\/#organization\"},\"potentialAction\":[{\"@type\":\"SearchAction\",\"target\":{\"@type\":\"EntryPoint\",\"urlTemplate\":\"https:\\\/\\\/www.comprarmejor.es\\\/en\\\/?s={search_term_string}\"},\"query-input\":{\"@type\":\"PropertyValueSpecification\",\"valueRequired\":true,\"valueName\":\"search_term_string\"}}],\"inLanguage\":\"en-US\"},{\"@type\":\"Organization\",\"@id\":\"https:\\\/\\\/www.comprarmejor.es\\\/en\\\/#organization\",\"name\":\"COMPRAR MEJOR\",\"url\":\"https:\\\/\\\/www.comprarmejor.es\\\/en\\\/\",\"logo\":{\"@type\":\"ImageObject\",\"inLanguage\":\"en-US\",\"@id\":\"https:\\\/\\\/www.comprarmejor.es\\\/en\\\/#\\\/schema\\\/logo\\\/image\\\/\",\"url\":\"https:\\\/\\\/www.comprarmejor.es\\\/wp-content\\\/uploads\\\/2025\\\/09\\\/comprarmejortrinidad.jpg\",\"contentUrl\":\"https:\\\/\\\/www.comprarmejor.es\\\/wp-content\\\/uploads\\\/2025\\\/09\\\/comprarmejortrinidad.jpg\",\"width\":1022,\"height\":1380,\"caption\":\"COMPRAR MEJOR\"},\"image\":{\"@id\":\"https:\\\/\\\/www.comprarmejor.es\\\/en\\\/#\\\/schema\\\/logo\\\/image\\\/\"},\"sameAs\":[\"https:\\\/\\\/www.instagram.com\\\/amigosdelcodice\"]}]}<\/script>\n<!-- \/ Yoast SEO plugin. -->","yoast_head_json":{"title":"Flora Peruviana et Chilensis, 1798-1802 (luxury edition)","description":"Extraordinary facsimile edition carried out in 1995 on botanical trips to the kingdoms of Peru and Chile (1777-1788), paradigm of the illustrated expedition","robots":{"index":"index","follow":"follow","max-snippet":"max-snippet:-1","max-image-preview":"max-image-preview:large","max-video-preview":"max-video-preview:-1"},"canonical":"https:\/\/www.comprarmejor.es\/en\/product\/flora-peruviana-et-chilensis-ed-luxury-1798-1802\/","og_locale":"en_US","og_type":"article","og_title":"Flora Peruviana et Chilensis, 1798-1802 (luxury edition)","og_description":"Extraordinary facsimile edition carried out in 1995 on botanical trips to the kingdoms of Peru and Chile (1777-1788), paradigm of the illustrated expedition","og_url":"https:\/\/www.comprarmejor.es\/en\/product\/flora-peruviana-et-chilensis-ed-luxury-1798-1802\/","og_site_name":"ComprarMejor","article_modified_time":"2019-08-27T21:34:20+00:00","og_image":[{"width":285,"height":597,"url":"https:\/\/www.comprarmejor.es\/wp-content\/uploads\/2018\/03\/p_5_9_3_8_5938-Flora-Peruviana-et-Chilensis-ed.-lujo-1798-1802.jpg","type":"image\/jpeg"}],"twitter_card":"summary_large_image","twitter_misc":{"Est. reading time":"2 minutes"},"schema":{"@context":"https:\/\/schema.org","@graph":[{"@type":"WebPage","@id":"https:\/\/www.comprarmejor.es\/en\/product\/flora-peruviana-et-chilensis-ed-luxury-1798-1802\/","url":"https:\/\/www.comprarmejor.es\/en\/product\/flora-peruviana-et-chilensis-ed-luxury-1798-1802\/","name":"Flora Peruviana et Chilensis, 1798-1802 (luxury edition)","isPartOf":{"@id":"https:\/\/www.comprarmejor.es\/en\/#website"},"primaryImageOfPage":{"@id":"https:\/\/www.comprarmejor.es\/en\/product\/flora-peruviana-et-chilensis-ed-luxury-1798-1802\/#primaryimage"},"image":{"@id":"https:\/\/www.comprarmejor.es\/en\/product\/flora-peruviana-et-chilensis-ed-luxury-1798-1802\/#primaryimage"},"thumbnailUrl":"https:\/\/www.comprarmejor.es\/wp-content\/uploads\/2018\/03\/p_5_9_3_8_5938-Flora-Peruviana-et-Chilensis-ed.-lujo-1798-1802.jpg","datePublished":"2018-03-11T09:44:52+00:00","dateModified":"2019-08-27T21:34:20+00:00","description":"Extraordinary facsimile edition carried out in 1995 on botanical trips to the kingdoms of Peru and Chile (1777-1788), paradigm of the illustrated expedition","breadcrumb":{"@id":"https:\/\/www.comprarmejor.es\/en\/product\/flora-peruviana-et-chilensis-ed-luxury-1798-1802\/#breadcrumb"},"inLanguage":"en-US","potentialAction":[{"@type":"ReadAction","target":["https:\/\/www.comprarmejor.es\/en\/product\/flora-peruviana-et-chilensis-ed-luxury-1798-1802\/"]}]},{"@type":"ImageObject","inLanguage":"en-US","@id":"https:\/\/www.comprarmejor.es\/en\/product\/flora-peruviana-et-chilensis-ed-luxury-1798-1802\/#primaryimage","url":"https:\/\/www.comprarmejor.es\/wp-content\/uploads\/2018\/03\/p_5_9_3_8_5938-Flora-Peruviana-et-Chilensis-ed.-lujo-1798-1802.jpg","contentUrl":"https:\/\/www.comprarmejor.es\/wp-content\/uploads\/2018\/03\/p_5_9_3_8_5938-Flora-Peruviana-et-Chilensis-ed.-lujo-1798-1802.jpg","width":285,"height":597},{"@type":"BreadcrumbList","@id":"https:\/\/www.comprarmejor.es\/en\/product\/flora-peruviana-et-chilensis-ed-luxury-1798-1802\/#breadcrumb","itemListElement":[{"@type":"ListItem","position":1,"name":"Portada","item":"https:\/\/www.comprarmejor.es\/en\/"},{"@type":"ListItem","position":2,"name":"Shop","item":"https:\/\/www.comprarmejor.es\/en\/shop\/"},{"@type":"ListItem","position":3,"name":"Flora Peruviana et Chilensis, ed. luxury, 1798-1802"}]},{"@type":"WebSite","@id":"https:\/\/www.comprarmejor.es\/en\/#website","url":"https:\/\/www.comprarmejor.es\/en\/","name":"ComprarMejor","description":"ComprarMejor","publisher":{"@id":"https:\/\/www.comprarmejor.es\/en\/#organization"},"potentialAction":[{"@type":"SearchAction","target":{"@type":"EntryPoint","urlTemplate":"https:\/\/www.comprarmejor.es\/en\/?s={search_term_string}"},"query-input":{"@type":"PropertyValueSpecification","valueRequired":true,"valueName":"search_term_string"}}],"inLanguage":"en-US"},{"@type":"Organization","@id":"https:\/\/www.comprarmejor.es\/en\/#organization","name":"COMPRAR MEJOR","url":"https:\/\/www.comprarmejor.es\/en\/","logo":{"@type":"ImageObject","inLanguage":"en-US","@id":"https:\/\/www.comprarmejor.es\/en\/#\/schema\/logo\/image\/","url":"https:\/\/www.comprarmejor.es\/wp-content\/uploads\/2025\/09\/comprarmejortrinidad.jpg","contentUrl":"https:\/\/www.comprarmejor.es\/wp-content\/uploads\/2025\/09\/comprarmejortrinidad.jpg","width":1022,"height":1380,"caption":"COMPRAR MEJOR"},"image":{"@id":"https:\/\/www.comprarmejor.es\/en\/#\/schema\/logo\/image\/"},"sameAs":["https:\/\/www.instagram.com\/amigosdelcodice"]}]}},"_links":{"self":[{"href":"https:\/\/www.comprarmejor.es\/en\/wp-json\/wp\/v2\/product\/55361","targetHints":{"allow":["GET"]}}],"collection":[{"href":"https:\/\/www.comprarmejor.es\/en\/wp-json\/wp\/v2\/product"}],"about":[{"href":"https:\/\/www.comprarmejor.es\/en\/wp-json\/wp\/v2\/types\/product"}],"wp:featuredmedia":[{"embeddable":true,"href":"https:\/\/www.comprarmejor.es\/en\/wp-json\/wp\/v2\/media\/55347"}],"wp:attachment":[{"href":"https:\/\/www.comprarmejor.es\/en\/wp-json\/wp\/v2\/media?parent=55361"}],"wp:term":[{"taxonomy":"product_brand","embeddable":true,"href":"https:\/\/www.comprarmejor.es\/en\/wp-json\/wp\/v2\/product_brand?post=55361"},{"taxonomy":"product_cat","embeddable":true,"href":"https:\/\/www.comprarmejor.es\/en\/wp-json\/wp\/v2\/product_cat?post=55361"},{"taxonomy":"product_tag","embeddable":true,"href":"https:\/\/www.comprarmejor.es\/en\/wp-json\/wp\/v2\/product_tag?post=55361"}],"curies":[{"name":"wp","href":"https:\/\/api.w.org\/{rel}","templated":true}]}}