{"id":55375,"date":"2018-03-13T23:20:24","date_gmt":"2018-03-13T22:20:24","guid":{"rendered":"https:\/\/www.comprarmejor.es\/producto\/book-of-hours-of-the-flora-s-xv-low-number\/"},"modified":"2020-09-14T11:10:33","modified_gmt":"2020-09-14T09:10:33","slug":"book-of-hours-of-the-flora-s-xv-low-number","status":"publish","type":"product","link":"https:\/\/www.comprarmejor.es\/en\/product\/book-of-hours-of-the-flora-s-xv-low-number\/","title":{"rendered":"Book of Hours of the Flora, s. XV (low number)"},"content":{"rendered":"<p style=\"text-align: justify;\"><span id=\"result_box\" lang=\"en\" xml:lang=\"en\"><span title=\"Horae Beatae Mariae Virginis (La Flora), o Libro de Horas de la Sant\u00edsima Virgen Mar\u00eda (La Flora), es un c\u00f3dice espl\u00e9ndidamente decorado, denominado as\u00ed por la abundancia de flores y frutas minuciosamente elaboradas.\">Horae Beatae Mariae Virginis (The Flora), or Book of Hours of the Blessed Virgin Mary (La Flora), is a splendidly decorated codex, named for the abundance of flowers and fruits meticulously elaborated. <\/span><span title=\"Se trata de uno de los manuscritos m\u00e1s hermosos de la Biblioteca Nacional de N\u00e1poles (Sig. Ms. IB 51), conocida por la riqueza y la variedad de su iconograf\u00eda, que se inspira en el estilo y en los m\u00e9todos de los grandes maestros de\">It is one of the most beautiful manuscripts of the National Library of Naples (Sig. Ms. IB 51), known for the richness and variety of its iconography, which is inspired by the style and methods of the great masters of <\/span><span title=\"la iluminaci\u00f3n flamenca.\">the flamenco lighting. <\/span><span title=\"Los meses del calendario que aparece al principio del c\u00f3dice est\u00e1n enmarcados por motivos arquitect\u00f3nicos.\">The calendar months that appear at the beginning of the codex are framed for architectural reasons. <\/span><span title=\"Cada mes est\u00e1 iluminado con dos escenas distintas, la segunda de ellas representa el signo del zod\u00edaco.\">Each month is illuminated with two different scenes, the second of which represents the sign of the zodiac. <\/span><span title=\"El c\u00f3dice incluye m\u00e1s de 100 iluminaciones, 36 de las cuales son a p\u00e1gina completa.\">The codex includes more than 100 illuminations, 36 of which are full pages.<\/span><\/span><\/p>\n<p style=\"text-align: justify;\"><span title=\"El manuscrito fue producido en alg\u00fan lugar de Flandes, como Valenciennes, Brujas o Gante.\">The manuscript was produced somewhere in Flanders, such as Valenciennes, Bruges or Ghent. <\/span><span title=\"Se realiz\u00f3 en un taller, hecho que se hace evidente en el uso de hojas de modelo y calcos para las escenas recurrentes.\">It was done in a workshop, a fact that is evident in the use of model sheets and decals for recurring scenes. <\/span><span title=\"Grandes maestros contribuyeron con iluminaciones durante las diferentes etapas de elaboraci\u00f3n del manuscrito.\">Great masters contributed with illuminations during the different stages of elaboration of the manuscript. <\/span><span title=\"Entre ellos se destaca Simon Marmion (1420\u20121489), creador de uno de los ciclos de iluminaciones a p\u00e1gina completa m\u00e1s antiguos y prestigiosos.\">Among them stands out Simon Marmion (1420-1489), creator of one of the oldest and most prestigious complete page illumination cycles. <\/span><span title=\"Otros de los artistas de renombre en hacer su aporte fueron Gerard Horenbout (c.1465-1540) y el Maestro del Libro de oraciones de Dresde (1470-1500).\">Other of the artists of renown in making their contribution were Gerard Horenbout (c.1465-1540) and the Master of the Book of prayers of Dresden (1470-1500).<\/span><\/p>\n<p style=\"text-align: justify;\"><span title=\"El aspecto uniforme de la escritura y de las iluminaciones, tanto en el original como en los duplicados, lleva a pensar que el taller, que evidentemente empleaba coloristas y paisajistas excepcionales, estaba dirigido por un \u00fanico maestro.\">The uniform aspect of the writing and of the illuminations, both in the original and in the duplicates, leads one to think that the workshop, which evidently employed exceptional colorists and landscapers, was directed by a single teacher. <\/span><span title=\"El texto est\u00e1 elaborado en escritura g\u00f3tica rotunda por un solo copista.\">The text is written in full Gothic script by a single copyist. <\/span><span title=\"Numerosas iluminaciones se encuentran enmarcadas por elementos dorados de la arquitectura g\u00f3tica.\">Numerous illuminations are framed by golden elements of Gothic architecture. <\/span><span title=\"Desde un punto de vista estil\u00edstico, destacan particularmente los minuciosos detalles de las figuras en primer plano.\">From a stylistic point of view, the meticulous details of the figures in the foreground stand out particularly. <\/span><span title=\"El excelente uso del color es t\u00edpico de las iluminaciones del Renacimiento en la corte de Borgo\u00f1a, que estuvo muy relacionada con la corte flamenca.\">The excellent use of color is typical of Renaissance illuminations in the court of Burgundy, which was closely related to the Flemish court.<\/span><\/p>\n<p style=\"text-align: justify;\"><span title=\"Los estudios han revelado que el c\u00f3dice no se produjo para Carlos VIII de Francia, puesto que su escudo de armas, que se encuentra inscrito en un medall\u00f3n dorado coronado por la letra K al dorso de la segunda hoja, se a\u00f1adi\u00f3 posteriormente.\">Studies have revealed that the codex was not produced for Charles VIII of France, since his coat of arms, which is inscribed on a gold medallion surmounted by the letter K on the back of the second leaf, was added later. <\/span><span title=\"Los an\u00e1lisis textuales sugieren que fue creado para un cliente burgu\u00e9s.\">Textual analyzes suggest that it was created for a bourgeois client. <\/span><span title=\"La obra sali\u00f3 a la luz entre 1483 y 1498. El c\u00f3dice forma parte de la colecci\u00f3n Farnesio, que se traslad\u00f3 de Parma a N\u00e1poles despu\u00e9s de que el monarca Carlos III, rey de Espa\u00f1a, hubiera conquistado N\u00e1poles en 1734.\">The work came to light between 1483 and 1498. The codex is part of the Farnese collection, which was moved from Parma to Naples after the monarch Carlos III, king of Spain, had conquered Naples in 1734.<\/span><\/p>\n<p style=\"text-align: justify;\"><span title=\"Ejemplar correspondiente a la bella edici\u00f3n facs\u00edmile realizada en 2008 en Tur\u00edn (Italia), presentada en una gran caja de embalaje que contiene:\">Copy corresponding to the beautiful facsimile edition made in 2008 in Turin (Italy), presented in a large packaging box containing:<br \/>\n<\/span><span title=\"Facs\u00edmile encuadernado en piel decorada con oros, formato 15 x 21,8 cm.\">Facsimile bound in leather decorated with gold, format 15 x 21.8 cm. <\/span><span title=\"736 p\u00e1ginas.\">736 pages.<br \/>\n<\/span><span title=\"Libro estudio encuadernado en tapa dura con sobrecubierta a color, formato 18,5 x 28,2 cm.\">Hard bound book study with color cover, format 18.5 x 28.2 cm.<br \/>\n<\/span><span title=\"Expositor formado por 2 piezas:\">Exhibitor formed by 2 pieces:<br \/>\n<\/span><span title=\"Base de madera con terciopelo fino en su interior para exponer el c\u00f3dice, con bandeja integrada y oculta para el libro estudio, formato 44,5 x 35 x 6 cm.\">Wooden base with fine velvet inside to expose the codex, with integrated tray and hidden for the study book, format 44.5 x 35 x 6 cm.<br \/>\n<\/span><span title=\"Cubrimiento de metacrilato formato 33 x 24 x 12,5 cm.\">Cover methacrylate format 33 x 24 x 12.5 cm.<\/span><\/p>\n<p style=\"text-align: justify;\"><span title=\"Edici\u00f3n numerada, certificada y limitada a 664 ejemplares, de los cuales 50 lo fueron para el mercado hispano, siendo el ejemplar que ofrecemos un n\u00famero de la primera decena, de alto valor numerol\u00f3gico y de colecci\u00f3n.\">Numbered edition, certified and limited to 664 copies, of which 50 were for the Hispanic market, being the copy that we offer a number of the first ten, of high numerological and collection value.<\/span><\/p>\n<p style=\"text-align: justify;\"><span title=\"Este incre\u00edble y at\u00edpico Libro de Horas, est\u00e1 ricamente adornado con una maravillosa variedad de elementos decorativos, en su mayor\u00eda florales, que da vida al encanto de los colores, la perfecci\u00f3n de los dibujos y la sugerencia m\u00e1gica del antiguo manuscrito.\">This incredible and atypical Book of Hours, is richly adorned with a wonderful variety of decorative elements, mostly floral, which gives life to the charm of the colors, the perfection of the drawings and the magical suggestion of the ancient manuscript. <\/span><span title=\"La Flora cuenta con un conjunto de escenas iluminadas verdaderamente sorprendentes: 28 miniaturas de gran formato son de manos francesas, pero el c\u00f3dice en su globalidad org\u00e1nica pertenece a la escuela flamenca de Gante y Brujas, de la cual es una de las principales obras, junto\">La Flora has a set of truly amazing illuminated scenes: 28 miniatures of large format are French hands, but the codex in its organic whole belongs to the Flemish school of Ghent and Bruges, of which it is one of the main works, together <\/span><span title=\"con el famoso Breviario Grimani.\">with the famous Grimani Breviary. <\/span><span title=\"El nombre de Flora (t\u00edtulo original: Horae Beatae Mariae Viriginis) ha sido atribuido a este manuscrito por los eruditos por la maravillosa y rica variedad de elementos decorativos florales.\">The name of Flora (original title: Horae Beatae Mariae Viriginis) has been attributed to this manuscript by scholars for the wonderful and rich variety of decorative floral elements.<\/span><\/p>\n<p style=\"text-align: justify;\"><span title=\"Puede ver el c\u00f3dice digitalizado pulsando aqu\u00ed:\">You can see the digitized codex by <strong><a href=\"https:\/\/www.wdl.org\/en\/item\/20149\/view\/1\/1\/\" target=\"_blank\" rel=\"noopener noreferrer\">clicking here<\/a><\/strong>.<\/span><\/p>\n<p style=\"text-align: justify;\"><span title=\"Ejemplar completo y en perfecto estado.\">Exemplary complete and in perfect condition. <\/span><span title=\"El encuadernador no tuvo en cuenta una marca de la propia piel y, en vez de ponerla en la tapa del dorso, la sac\u00f3 en la tapa frontal haciendo que en las fotograf\u00edas aparezca como un peque\u00f1o defecto posterior a dicha encuadernaci\u00f3n.\">The binder did not take into account a mark of the skin itself and, instead of putting it on the back cover, removed it on the front cover making the photographs appear as a small defect after the\u00a0<\/span><span title=\"Gastos de env\u00edo por cuenta del comprador, seg\u00fan pedido y destino.\"><span lang=\"en\" xml:lang=\"en\">binding.<\/span><\/span><\/p>\n<p style=\"text-align: justify;\">This copy corresponds to a low number in the first decade, an added value for bibliophiles and special collectors.<\/p>\n<p style=\"text-align: justify;\">Shipping costs on account of the buyer, according to order and destination.\u00a0<span title=\"Cons\u00faltenos sin compromiso (indicando la referencia del art\u00edculo) cualquier duda.\"><a class=\"btn btn-default\" href=\"https:\/\/comprarmejor.es\/en\/contact\">Consult us<\/a> without obligation (indicating the reference of the article) any doubt.<\/span><\/p>\n","protected":false},"excerpt":{"rendered":"<p style=\"text-align: justify;\"><span id=\"result_box\" lang=\"en\" xml:lang=\"en\"><span title=\"Horae Beatae Mariae Virginis (La Flora), o Libro de Horas de la Sant\u00edsima Virgen Mar\u00eda (La Flora), es un c\u00f3dice espl\u00e9ndidamente decorado, denominado as\u00ed por la abundancia de flores y frutas minuciosamente elaboradas.\">Horae Beatae Mariae Virginis (The Flora), or Book of Hours of the Blessed Virgin Mary (La Flora), is a splendidly decorated codex, named for the abundance of flowers and fruits meticulously elaborated.<\/span><\/span><\/p>\n","protected":false},"featured_media":55363,"template":"","meta":[],"product_brand":[],"product_cat":[2226,2220],"product_tag":[4114,4113,5122,4116],"class_list":{"0":"post-55375","1":"product","2":"type-product","3":"status-publish","4":"has-post-thumbnail","6":"product_cat-books-of-hours","7":"product_cat-special-offers","8":"product_tag-flora-en-2","9":"product_tag-horenbout-en-2","10":"product_tag-hours-en","11":"product_tag-marmion-en","12":"product_shipping_class-from-16-to-20-kg","13":"description-off","15":"first","16":"instock","17":"sale","18":"taxable","19":"shipping-taxable","20":"purchasable","21":"product-type-simple"},"yoast_head":"<!-- This site is optimized with the Yoast SEO plugin v27.3 - https:\/\/yoast.com\/product\/yoast-seo-wordpress\/ -->\n<title>Book of Hours of the Flora, s. XV (low number facsimile)<\/title>\n<meta name=\"description\" content=\"Horae Beatae Mariae Virginis (The Flora), or Book of Hours of the Blessed Virgin Mary (La Flora), is a splendidly decorated codex, named for\" \/>\n<meta name=\"robots\" content=\"index, follow, max-snippet:-1, max-image-preview:large, max-video-preview:-1\" \/>\n<link rel=\"canonical\" href=\"https:\/\/www.comprarmejor.es\/en\/product\/book-of-hours-of-the-flora-s-xv-low-number\/\" \/>\n<meta property=\"og:locale\" content=\"en_US\" \/>\n<meta property=\"og:type\" content=\"article\" \/>\n<meta property=\"og:title\" content=\"Book of Hours of the Flora, s. XV (low number facsimile)\" \/>\n<meta property=\"og:description\" content=\"Horae Beatae Mariae Virginis (The Flora), or Book of Hours of the Blessed Virgin Mary (La Flora), is a splendidly decorated codex, named for\" \/>\n<meta property=\"og:url\" content=\"https:\/\/www.comprarmejor.es\/en\/product\/book-of-hours-of-the-flora-s-xv-low-number\/\" \/>\n<meta property=\"og:site_name\" content=\"ComprarMejor\" \/>\n<meta property=\"article:modified_time\" content=\"2020-09-14T09:10:33+00:00\" \/>\n<meta property=\"og:image\" content=\"https:\/\/www.comprarmejor.es\/wp-content\/uploads\/2018\/03\/p_5_9_3_1_5931-Libro-de-Horas-de-La-Flora-s.-XV.jpg\" \/>\n\t<meta property=\"og:image:width\" content=\"599\" \/>\n\t<meta property=\"og:image:height\" content=\"458\" \/>\n\t<meta property=\"og:image:type\" content=\"image\/jpeg\" \/>\n<meta name=\"twitter:card\" content=\"summary_large_image\" \/>\n<meta name=\"twitter:label1\" content=\"Est. reading time\" \/>\n\t<meta name=\"twitter:data1\" content=\"4 minutes\" \/>\n<script type=\"application\/ld+json\" class=\"yoast-schema-graph\">{\"@context\":\"https:\\\/\\\/schema.org\",\"@graph\":[{\"@type\":\"WebPage\",\"@id\":\"https:\\\/\\\/www.comprarmejor.es\\\/en\\\/product\\\/book-of-hours-of-the-flora-s-xv-low-number\\\/\",\"url\":\"https:\\\/\\\/www.comprarmejor.es\\\/en\\\/product\\\/book-of-hours-of-the-flora-s-xv-low-number\\\/\",\"name\":\"Book of Hours of the Flora, s. XV (low number facsimile)\",\"isPartOf\":{\"@id\":\"https:\\\/\\\/www.comprarmejor.es\\\/en\\\/#website\"},\"primaryImageOfPage\":{\"@id\":\"https:\\\/\\\/www.comprarmejor.es\\\/en\\\/product\\\/book-of-hours-of-the-flora-s-xv-low-number\\\/#primaryimage\"},\"image\":{\"@id\":\"https:\\\/\\\/www.comprarmejor.es\\\/en\\\/product\\\/book-of-hours-of-the-flora-s-xv-low-number\\\/#primaryimage\"},\"thumbnailUrl\":\"https:\\\/\\\/www.comprarmejor.es\\\/wp-content\\\/uploads\\\/2018\\\/03\\\/p_5_9_3_1_5931-Libro-de-Horas-de-La-Flora-s.-XV.jpg\",\"datePublished\":\"2018-03-13T22:20:24+00:00\",\"dateModified\":\"2020-09-14T09:10:33+00:00\",\"description\":\"Horae Beatae Mariae Virginis (The Flora), or Book of Hours of the Blessed Virgin Mary (La Flora), is a splendidly decorated codex, named for\",\"breadcrumb\":{\"@id\":\"https:\\\/\\\/www.comprarmejor.es\\\/en\\\/product\\\/book-of-hours-of-the-flora-s-xv-low-number\\\/#breadcrumb\"},\"inLanguage\":\"en-US\",\"potentialAction\":[{\"@type\":\"ReadAction\",\"target\":[\"https:\\\/\\\/www.comprarmejor.es\\\/en\\\/product\\\/book-of-hours-of-the-flora-s-xv-low-number\\\/\"]}]},{\"@type\":\"ImageObject\",\"inLanguage\":\"en-US\",\"@id\":\"https:\\\/\\\/www.comprarmejor.es\\\/en\\\/product\\\/book-of-hours-of-the-flora-s-xv-low-number\\\/#primaryimage\",\"url\":\"https:\\\/\\\/www.comprarmejor.es\\\/wp-content\\\/uploads\\\/2018\\\/03\\\/p_5_9_3_1_5931-Libro-de-Horas-de-La-Flora-s.-XV.jpg\",\"contentUrl\":\"https:\\\/\\\/www.comprarmejor.es\\\/wp-content\\\/uploads\\\/2018\\\/03\\\/p_5_9_3_1_5931-Libro-de-Horas-de-La-Flora-s.-XV.jpg\",\"width\":599,\"height\":458},{\"@type\":\"BreadcrumbList\",\"@id\":\"https:\\\/\\\/www.comprarmejor.es\\\/en\\\/product\\\/book-of-hours-of-the-flora-s-xv-low-number\\\/#breadcrumb\",\"itemListElement\":[{\"@type\":\"ListItem\",\"position\":1,\"name\":\"Portada\",\"item\":\"https:\\\/\\\/www.comprarmejor.es\\\/en\\\/\"},{\"@type\":\"ListItem\",\"position\":2,\"name\":\"Shop\",\"item\":\"https:\\\/\\\/www.comprarmejor.es\\\/en\\\/shop\\\/\"},{\"@type\":\"ListItem\",\"position\":3,\"name\":\"Book of Hours of the Flora, s. XV (low number)\"}]},{\"@type\":\"WebSite\",\"@id\":\"https:\\\/\\\/www.comprarmejor.es\\\/en\\\/#website\",\"url\":\"https:\\\/\\\/www.comprarmejor.es\\\/en\\\/\",\"name\":\"ComprarMejor\",\"description\":\"ComprarMejor\",\"publisher\":{\"@id\":\"https:\\\/\\\/www.comprarmejor.es\\\/en\\\/#organization\"},\"potentialAction\":[{\"@type\":\"SearchAction\",\"target\":{\"@type\":\"EntryPoint\",\"urlTemplate\":\"https:\\\/\\\/www.comprarmejor.es\\\/en\\\/?s={search_term_string}\"},\"query-input\":{\"@type\":\"PropertyValueSpecification\",\"valueRequired\":true,\"valueName\":\"search_term_string\"}}],\"inLanguage\":\"en-US\"},{\"@type\":\"Organization\",\"@id\":\"https:\\\/\\\/www.comprarmejor.es\\\/en\\\/#organization\",\"name\":\"COMPRAR MEJOR\",\"url\":\"https:\\\/\\\/www.comprarmejor.es\\\/en\\\/\",\"logo\":{\"@type\":\"ImageObject\",\"inLanguage\":\"en-US\",\"@id\":\"https:\\\/\\\/www.comprarmejor.es\\\/en\\\/#\\\/schema\\\/logo\\\/image\\\/\",\"url\":\"https:\\\/\\\/www.comprarmejor.es\\\/wp-content\\\/uploads\\\/2025\\\/09\\\/comprarmejortrinidad.jpg\",\"contentUrl\":\"https:\\\/\\\/www.comprarmejor.es\\\/wp-content\\\/uploads\\\/2025\\\/09\\\/comprarmejortrinidad.jpg\",\"width\":1022,\"height\":1380,\"caption\":\"COMPRAR MEJOR\"},\"image\":{\"@id\":\"https:\\\/\\\/www.comprarmejor.es\\\/en\\\/#\\\/schema\\\/logo\\\/image\\\/\"},\"sameAs\":[\"https:\\\/\\\/www.instagram.com\\\/amigosdelcodice\"]}]}<\/script>\n<!-- \/ Yoast SEO plugin. -->","yoast_head_json":{"title":"Book of Hours of the Flora, s. XV (low number facsimile)","description":"Horae Beatae Mariae Virginis (The Flora), or Book of Hours of the Blessed Virgin Mary (La Flora), is a splendidly decorated codex, named for","robots":{"index":"index","follow":"follow","max-snippet":"max-snippet:-1","max-image-preview":"max-image-preview:large","max-video-preview":"max-video-preview:-1"},"canonical":"https:\/\/www.comprarmejor.es\/en\/product\/book-of-hours-of-the-flora-s-xv-low-number\/","og_locale":"en_US","og_type":"article","og_title":"Book of Hours of the Flora, s. XV (low number facsimile)","og_description":"Horae Beatae Mariae Virginis (The Flora), or Book of Hours of the Blessed Virgin Mary (La Flora), is a splendidly decorated codex, named for","og_url":"https:\/\/www.comprarmejor.es\/en\/product\/book-of-hours-of-the-flora-s-xv-low-number\/","og_site_name":"ComprarMejor","article_modified_time":"2020-09-14T09:10:33+00:00","og_image":[{"width":599,"height":458,"url":"https:\/\/www.comprarmejor.es\/wp-content\/uploads\/2018\/03\/p_5_9_3_1_5931-Libro-de-Horas-de-La-Flora-s.-XV.jpg","type":"image\/jpeg"}],"twitter_card":"summary_large_image","twitter_misc":{"Est. reading time":"4 minutes"},"schema":{"@context":"https:\/\/schema.org","@graph":[{"@type":"WebPage","@id":"https:\/\/www.comprarmejor.es\/en\/product\/book-of-hours-of-the-flora-s-xv-low-number\/","url":"https:\/\/www.comprarmejor.es\/en\/product\/book-of-hours-of-the-flora-s-xv-low-number\/","name":"Book of Hours of the Flora, s. XV (low number facsimile)","isPartOf":{"@id":"https:\/\/www.comprarmejor.es\/en\/#website"},"primaryImageOfPage":{"@id":"https:\/\/www.comprarmejor.es\/en\/product\/book-of-hours-of-the-flora-s-xv-low-number\/#primaryimage"},"image":{"@id":"https:\/\/www.comprarmejor.es\/en\/product\/book-of-hours-of-the-flora-s-xv-low-number\/#primaryimage"},"thumbnailUrl":"https:\/\/www.comprarmejor.es\/wp-content\/uploads\/2018\/03\/p_5_9_3_1_5931-Libro-de-Horas-de-La-Flora-s.-XV.jpg","datePublished":"2018-03-13T22:20:24+00:00","dateModified":"2020-09-14T09:10:33+00:00","description":"Horae Beatae Mariae Virginis (The Flora), or Book of Hours of the Blessed Virgin Mary (La Flora), is a splendidly decorated codex, named for","breadcrumb":{"@id":"https:\/\/www.comprarmejor.es\/en\/product\/book-of-hours-of-the-flora-s-xv-low-number\/#breadcrumb"},"inLanguage":"en-US","potentialAction":[{"@type":"ReadAction","target":["https:\/\/www.comprarmejor.es\/en\/product\/book-of-hours-of-the-flora-s-xv-low-number\/"]}]},{"@type":"ImageObject","inLanguage":"en-US","@id":"https:\/\/www.comprarmejor.es\/en\/product\/book-of-hours-of-the-flora-s-xv-low-number\/#primaryimage","url":"https:\/\/www.comprarmejor.es\/wp-content\/uploads\/2018\/03\/p_5_9_3_1_5931-Libro-de-Horas-de-La-Flora-s.-XV.jpg","contentUrl":"https:\/\/www.comprarmejor.es\/wp-content\/uploads\/2018\/03\/p_5_9_3_1_5931-Libro-de-Horas-de-La-Flora-s.-XV.jpg","width":599,"height":458},{"@type":"BreadcrumbList","@id":"https:\/\/www.comprarmejor.es\/en\/product\/book-of-hours-of-the-flora-s-xv-low-number\/#breadcrumb","itemListElement":[{"@type":"ListItem","position":1,"name":"Portada","item":"https:\/\/www.comprarmejor.es\/en\/"},{"@type":"ListItem","position":2,"name":"Shop","item":"https:\/\/www.comprarmejor.es\/en\/shop\/"},{"@type":"ListItem","position":3,"name":"Book of Hours of the Flora, s. XV (low number)"}]},{"@type":"WebSite","@id":"https:\/\/www.comprarmejor.es\/en\/#website","url":"https:\/\/www.comprarmejor.es\/en\/","name":"ComprarMejor","description":"ComprarMejor","publisher":{"@id":"https:\/\/www.comprarmejor.es\/en\/#organization"},"potentialAction":[{"@type":"SearchAction","target":{"@type":"EntryPoint","urlTemplate":"https:\/\/www.comprarmejor.es\/en\/?s={search_term_string}"},"query-input":{"@type":"PropertyValueSpecification","valueRequired":true,"valueName":"search_term_string"}}],"inLanguage":"en-US"},{"@type":"Organization","@id":"https:\/\/www.comprarmejor.es\/en\/#organization","name":"COMPRAR MEJOR","url":"https:\/\/www.comprarmejor.es\/en\/","logo":{"@type":"ImageObject","inLanguage":"en-US","@id":"https:\/\/www.comprarmejor.es\/en\/#\/schema\/logo\/image\/","url":"https:\/\/www.comprarmejor.es\/wp-content\/uploads\/2025\/09\/comprarmejortrinidad.jpg","contentUrl":"https:\/\/www.comprarmejor.es\/wp-content\/uploads\/2025\/09\/comprarmejortrinidad.jpg","width":1022,"height":1380,"caption":"COMPRAR MEJOR"},"image":{"@id":"https:\/\/www.comprarmejor.es\/en\/#\/schema\/logo\/image\/"},"sameAs":["https:\/\/www.instagram.com\/amigosdelcodice"]}]}},"_links":{"self":[{"href":"https:\/\/www.comprarmejor.es\/en\/wp-json\/wp\/v2\/product\/55375","targetHints":{"allow":["GET"]}}],"collection":[{"href":"https:\/\/www.comprarmejor.es\/en\/wp-json\/wp\/v2\/product"}],"about":[{"href":"https:\/\/www.comprarmejor.es\/en\/wp-json\/wp\/v2\/types\/product"}],"wp:featuredmedia":[{"embeddable":true,"href":"https:\/\/www.comprarmejor.es\/en\/wp-json\/wp\/v2\/media\/55363"}],"wp:attachment":[{"href":"https:\/\/www.comprarmejor.es\/en\/wp-json\/wp\/v2\/media?parent=55375"}],"wp:term":[{"taxonomy":"product_brand","embeddable":true,"href":"https:\/\/www.comprarmejor.es\/en\/wp-json\/wp\/v2\/product_brand?post=55375"},{"taxonomy":"product_cat","embeddable":true,"href":"https:\/\/www.comprarmejor.es\/en\/wp-json\/wp\/v2\/product_cat?post=55375"},{"taxonomy":"product_tag","embeddable":true,"href":"https:\/\/www.comprarmejor.es\/en\/wp-json\/wp\/v2\/product_tag?post=55375"}],"curies":[{"name":"wp","href":"https:\/\/api.w.org\/{rel}","templated":true}]}}