{"id":55443,"date":"2018-05-30T16:51:05","date_gmt":"2018-05-30T14:51:05","guid":{"rendered":"https:\/\/www.comprarmejor.es\/producto\/bullfighting-the-bullfights-of-spain-1852-lake-price\/"},"modified":"2019-10-07T22:42:03","modified_gmt":"2019-10-07T20:42:03","slug":"bullfighting-the-bullfights-of-spain-1852-lake-price","status":"publish","type":"product","link":"https:\/\/www.comprarmejor.es\/en\/product\/bullfighting-the-bullfights-of-spain-1852-lake-price\/","title":{"rendered":"Bullfighting, the Bullfights of Spain, 1852, Lake Price"},"content":{"rendered":"<p style=\"text-align: justify;\"><span id=\"result_box\" lang=\"en\" xml:lang=\"en\"><span title=\"Bella edici\u00f3n facsimilar realizada en Madrid en 1992, de la obra inglesa de Lake Price sobre las corridas de toros de Espa\u00f1a, editada en Londres en 1852.\">Beautiful facsimile edition made in Madrid in 1992, of the English work of Lake Price on bullfights in Spain, published in London in 1852.<\/span><\/span><\/p>\n<p style=\"text-align: justify;\"><span title=\"Tauromaquia o las corridas de toros de Espa\u00f1a, explicadas por 26 grabados de las circunstancias y escenas m\u00e1s extraordinarias en los ruedos de Madrid, Sevilla y C\u00e1diz.\">Bullfighting or the bullfights of Spain, explained by 26 engravings of the circumstances and most extraordinary scenes in the ring of Madrid, Seville and C\u00e1diz. <\/span><span title=\"Dibujada y litografiada de apuntes realizados expresamente para esta obra por Lake Price, con explicaciones preliminares por Richard Ford.\">Drawn and lithographed from notes made expressly for this work by Lake Price, with preliminary explanations by Richard Ford.<\/span><\/p>\n<p style=\"text-align: justify;\"><span title=\"Encuadernaci\u00f3n en s\u00edmil piel con estampaciones en dorado y con sobrecubierta a color.\">Binding in imitation leather with prints in gold and with dust jacket in color. <\/span><span title=\"Formato 23 x 32 cm.\">Format 23 x 32 cm. <\/span><span title=\"128 p\u00e1ginas que contienen 26 bellas l\u00e1minas en color realizadas en el siglo XIX por Lake Price sobre el arte del toreo.\">128 pages containing 26 beautiful color plates made in the 19th century by Lake Price on the art of bullfighting.<\/span><\/p>\n<p style=\"text-align: justify;\"><span title=\"Pr\u00f3logo de Ambrosio Aguado Bonet, Introducci\u00f3n y comentarios de Diego Ruiz Morales.\">Prologue by Ambrosio Aguado Bonet, Introduction and comments by Diego Ruiz Morales. <\/span><span title=\"Texto original en ingl\u00e9s y con la traducci\u00f3n al espa\u00f1ol.\">Original text in English and with the translation into Spanish.<\/span><\/p>\n<p style=\"text-align: justify;\"><span title=\"Edici\u00f3n especial limitada de 2.000 ejemplares (no numerados), realizada en papel de hilo verjurado de alto gramaje, con t\u00e9cnicas artesanales y marca al agua \u201cTorreon\u201d.\">Special limited edition of 2,000 copies (not numbered), made of high-weight laid paper, with artisan techniques and watermarking &#8220;Torreon&#8221;.<\/span><\/p>\n<p style=\"text-align: justify;\"><span title=\"Ejemplar en perfecto estado.\">Exemplary in perfect condition.<\/span><\/p>\n<p style=\"text-align: justify;\"><span title=\"Gastos de env\u00edo por cuenta del comprador, seg\u00fan pedido y destino.\">Shipping costs on account of the buyer, according to order and destination.\u00a0<\/span><span title=\"Cons\u00faltenos sin compromiso (indicando la referencia del art\u00edculo) cualquier duda.\"><a class=\"btn btn-default\" href=\"https:\/\/comprarmejor.es\/en\/contact\">Consult us<\/a> without obligation (indicating the reference of the article) any doubt.<\/span><\/p>\n","protected":false},"excerpt":{"rendered":"<p style=\"text-align: justify;\"><span id=\"result_box\" lang=\"en\" xml:lang=\"en\"><span title=\"Bella edici\u00f3n facsimilar realizada en Madrid en 1992, de la obra inglesa de Lake Price sobre las corridas de toros de Espa\u00f1a, editada en Londres en 1852.\">Beautiful facsimile edition made in Madrid in 1992, of the English work of Lake Price on bullfights in Spain, published in London in 1852.<\/span><\/span><\/p>\n","protected":false},"featured_media":55429,"template":"","meta":[],"product_brand":[],"product_cat":[2210,2272],"product_tag":[4102,4101],"class_list":{"0":"post-55443","1":"product","2":"type-product","3":"status-publish","4":"has-post-thumbnail","6":"product_cat-bibliophilia","7":"product_cat-illustrated-books","8":"product_tag-ford-en-2","9":"product_tag-lake-en-2","10":"product_shipping_class-from-2-to-5-kg","11":"description-off","13":"first","14":"instock","15":"taxable","16":"shipping-taxable","17":"purchasable","18":"product-type-simple"},"yoast_head":"<!-- This site is optimized with the Yoast SEO plugin v27.3 - https:\/\/yoast.com\/product\/yoast-seo-wordpress\/ -->\n<title>Bullfighting, the Bullfights of Spain, 1852, Lake Price<\/title>\n<meta name=\"description\" content=\"Beautiful facsimile edition made in Madrid in 1992, of the English work of Lake Price on bullfights in Spain, published in London in 1852.\" \/>\n<meta name=\"robots\" content=\"index, follow, max-snippet:-1, max-image-preview:large, max-video-preview:-1\" \/>\n<link rel=\"canonical\" href=\"https:\/\/www.comprarmejor.es\/en\/product\/bullfighting-the-bullfights-of-spain-1852-lake-price\/\" \/>\n<meta property=\"og:locale\" content=\"en_US\" \/>\n<meta property=\"og:type\" content=\"article\" \/>\n<meta property=\"og:title\" content=\"Bullfighting, the Bullfights of Spain, 1852, Lake Price\" \/>\n<meta property=\"og:description\" content=\"Beautiful facsimile edition made in Madrid in 1992, of the English work of Lake Price on bullfights in Spain, published in London in 1852.\" \/>\n<meta property=\"og:url\" content=\"https:\/\/www.comprarmejor.es\/en\/product\/bullfighting-the-bullfights-of-spain-1852-lake-price\/\" \/>\n<meta property=\"og:site_name\" content=\"ComprarMejor\" \/>\n<meta property=\"article:modified_time\" content=\"2019-10-07T20:42:03+00:00\" \/>\n<meta property=\"og:image\" content=\"https:\/\/www.comprarmejor.es\/wp-content\/uploads\/2018\/05\/p_7_5_5_2_7552-Tauromaquia-las-corridas-de-toros-de-Espana-1852-Lake-Price.jpg\" \/>\n\t<meta property=\"og:image:width\" content=\"496\" \/>\n\t<meta property=\"og:image:height\" content=\"599\" \/>\n\t<meta property=\"og:image:type\" content=\"image\/jpeg\" \/>\n<meta name=\"twitter:card\" content=\"summary_large_image\" \/>\n<meta name=\"twitter:label1\" content=\"Est. reading time\" \/>\n\t<meta name=\"twitter:data1\" content=\"1 minute\" \/>\n<script type=\"application\/ld+json\" class=\"yoast-schema-graph\">{\"@context\":\"https:\\\/\\\/schema.org\",\"@graph\":[{\"@type\":\"WebPage\",\"@id\":\"https:\\\/\\\/www.comprarmejor.es\\\/en\\\/product\\\/bullfighting-the-bullfights-of-spain-1852-lake-price\\\/\",\"url\":\"https:\\\/\\\/www.comprarmejor.es\\\/en\\\/product\\\/bullfighting-the-bullfights-of-spain-1852-lake-price\\\/\",\"name\":\"Bullfighting, the Bullfights of Spain, 1852, Lake Price\",\"isPartOf\":{\"@id\":\"https:\\\/\\\/www.comprarmejor.es\\\/en\\\/#website\"},\"primaryImageOfPage\":{\"@id\":\"https:\\\/\\\/www.comprarmejor.es\\\/en\\\/product\\\/bullfighting-the-bullfights-of-spain-1852-lake-price\\\/#primaryimage\"},\"image\":{\"@id\":\"https:\\\/\\\/www.comprarmejor.es\\\/en\\\/product\\\/bullfighting-the-bullfights-of-spain-1852-lake-price\\\/#primaryimage\"},\"thumbnailUrl\":\"https:\\\/\\\/www.comprarmejor.es\\\/wp-content\\\/uploads\\\/2018\\\/05\\\/p_7_5_5_2_7552-Tauromaquia-las-corridas-de-toros-de-Espana-1852-Lake-Price.jpg\",\"datePublished\":\"2018-05-30T14:51:05+00:00\",\"dateModified\":\"2019-10-07T20:42:03+00:00\",\"description\":\"Beautiful facsimile edition made in Madrid in 1992, of the English work of Lake Price on bullfights in Spain, published in London in 1852.\",\"breadcrumb\":{\"@id\":\"https:\\\/\\\/www.comprarmejor.es\\\/en\\\/product\\\/bullfighting-the-bullfights-of-spain-1852-lake-price\\\/#breadcrumb\"},\"inLanguage\":\"en-US\",\"potentialAction\":[{\"@type\":\"ReadAction\",\"target\":[\"https:\\\/\\\/www.comprarmejor.es\\\/en\\\/product\\\/bullfighting-the-bullfights-of-spain-1852-lake-price\\\/\"]}]},{\"@type\":\"ImageObject\",\"inLanguage\":\"en-US\",\"@id\":\"https:\\\/\\\/www.comprarmejor.es\\\/en\\\/product\\\/bullfighting-the-bullfights-of-spain-1852-lake-price\\\/#primaryimage\",\"url\":\"https:\\\/\\\/www.comprarmejor.es\\\/wp-content\\\/uploads\\\/2018\\\/05\\\/p_7_5_5_2_7552-Tauromaquia-las-corridas-de-toros-de-Espana-1852-Lake-Price.jpg\",\"contentUrl\":\"https:\\\/\\\/www.comprarmejor.es\\\/wp-content\\\/uploads\\\/2018\\\/05\\\/p_7_5_5_2_7552-Tauromaquia-las-corridas-de-toros-de-Espana-1852-Lake-Price.jpg\",\"width\":496,\"height\":599},{\"@type\":\"BreadcrumbList\",\"@id\":\"https:\\\/\\\/www.comprarmejor.es\\\/en\\\/product\\\/bullfighting-the-bullfights-of-spain-1852-lake-price\\\/#breadcrumb\",\"itemListElement\":[{\"@type\":\"ListItem\",\"position\":1,\"name\":\"Portada\",\"item\":\"https:\\\/\\\/www.comprarmejor.es\\\/en\\\/\"},{\"@type\":\"ListItem\",\"position\":2,\"name\":\"Shop\",\"item\":\"https:\\\/\\\/www.comprarmejor.es\\\/en\\\/shop\\\/\"},{\"@type\":\"ListItem\",\"position\":3,\"name\":\"Bullfighting, the Bullfights of Spain, 1852, Lake Price\"}]},{\"@type\":\"WebSite\",\"@id\":\"https:\\\/\\\/www.comprarmejor.es\\\/en\\\/#website\",\"url\":\"https:\\\/\\\/www.comprarmejor.es\\\/en\\\/\",\"name\":\"ComprarMejor\",\"description\":\"ComprarMejor\",\"publisher\":{\"@id\":\"https:\\\/\\\/www.comprarmejor.es\\\/en\\\/#organization\"},\"potentialAction\":[{\"@type\":\"SearchAction\",\"target\":{\"@type\":\"EntryPoint\",\"urlTemplate\":\"https:\\\/\\\/www.comprarmejor.es\\\/en\\\/?s={search_term_string}\"},\"query-input\":{\"@type\":\"PropertyValueSpecification\",\"valueRequired\":true,\"valueName\":\"search_term_string\"}}],\"inLanguage\":\"en-US\"},{\"@type\":\"Organization\",\"@id\":\"https:\\\/\\\/www.comprarmejor.es\\\/en\\\/#organization\",\"name\":\"COMPRAR MEJOR\",\"url\":\"https:\\\/\\\/www.comprarmejor.es\\\/en\\\/\",\"logo\":{\"@type\":\"ImageObject\",\"inLanguage\":\"en-US\",\"@id\":\"https:\\\/\\\/www.comprarmejor.es\\\/en\\\/#\\\/schema\\\/logo\\\/image\\\/\",\"url\":\"https:\\\/\\\/www.comprarmejor.es\\\/wp-content\\\/uploads\\\/2025\\\/09\\\/comprarmejortrinidad.jpg\",\"contentUrl\":\"https:\\\/\\\/www.comprarmejor.es\\\/wp-content\\\/uploads\\\/2025\\\/09\\\/comprarmejortrinidad.jpg\",\"width\":1022,\"height\":1380,\"caption\":\"COMPRAR MEJOR\"},\"image\":{\"@id\":\"https:\\\/\\\/www.comprarmejor.es\\\/en\\\/#\\\/schema\\\/logo\\\/image\\\/\"},\"sameAs\":[\"https:\\\/\\\/www.instagram.com\\\/amigosdelcodice\"]}]}<\/script>\n<!-- \/ Yoast SEO plugin. -->","yoast_head_json":{"title":"Bullfighting, the Bullfights of Spain, 1852, Lake Price","description":"Beautiful facsimile edition made in Madrid in 1992, of the English work of Lake Price on bullfights in Spain, published in London in 1852.","robots":{"index":"index","follow":"follow","max-snippet":"max-snippet:-1","max-image-preview":"max-image-preview:large","max-video-preview":"max-video-preview:-1"},"canonical":"https:\/\/www.comprarmejor.es\/en\/product\/bullfighting-the-bullfights-of-spain-1852-lake-price\/","og_locale":"en_US","og_type":"article","og_title":"Bullfighting, the Bullfights of Spain, 1852, Lake Price","og_description":"Beautiful facsimile edition made in Madrid in 1992, of the English work of Lake Price on bullfights in Spain, published in London in 1852.","og_url":"https:\/\/www.comprarmejor.es\/en\/product\/bullfighting-the-bullfights-of-spain-1852-lake-price\/","og_site_name":"ComprarMejor","article_modified_time":"2019-10-07T20:42:03+00:00","og_image":[{"width":496,"height":599,"url":"https:\/\/www.comprarmejor.es\/wp-content\/uploads\/2018\/05\/p_7_5_5_2_7552-Tauromaquia-las-corridas-de-toros-de-Espana-1852-Lake-Price.jpg","type":"image\/jpeg"}],"twitter_card":"summary_large_image","twitter_misc":{"Est. reading time":"1 minute"},"schema":{"@context":"https:\/\/schema.org","@graph":[{"@type":"WebPage","@id":"https:\/\/www.comprarmejor.es\/en\/product\/bullfighting-the-bullfights-of-spain-1852-lake-price\/","url":"https:\/\/www.comprarmejor.es\/en\/product\/bullfighting-the-bullfights-of-spain-1852-lake-price\/","name":"Bullfighting, the Bullfights of Spain, 1852, Lake Price","isPartOf":{"@id":"https:\/\/www.comprarmejor.es\/en\/#website"},"primaryImageOfPage":{"@id":"https:\/\/www.comprarmejor.es\/en\/product\/bullfighting-the-bullfights-of-spain-1852-lake-price\/#primaryimage"},"image":{"@id":"https:\/\/www.comprarmejor.es\/en\/product\/bullfighting-the-bullfights-of-spain-1852-lake-price\/#primaryimage"},"thumbnailUrl":"https:\/\/www.comprarmejor.es\/wp-content\/uploads\/2018\/05\/p_7_5_5_2_7552-Tauromaquia-las-corridas-de-toros-de-Espana-1852-Lake-Price.jpg","datePublished":"2018-05-30T14:51:05+00:00","dateModified":"2019-10-07T20:42:03+00:00","description":"Beautiful facsimile edition made in Madrid in 1992, of the English work of Lake Price on bullfights in Spain, published in London in 1852.","breadcrumb":{"@id":"https:\/\/www.comprarmejor.es\/en\/product\/bullfighting-the-bullfights-of-spain-1852-lake-price\/#breadcrumb"},"inLanguage":"en-US","potentialAction":[{"@type":"ReadAction","target":["https:\/\/www.comprarmejor.es\/en\/product\/bullfighting-the-bullfights-of-spain-1852-lake-price\/"]}]},{"@type":"ImageObject","inLanguage":"en-US","@id":"https:\/\/www.comprarmejor.es\/en\/product\/bullfighting-the-bullfights-of-spain-1852-lake-price\/#primaryimage","url":"https:\/\/www.comprarmejor.es\/wp-content\/uploads\/2018\/05\/p_7_5_5_2_7552-Tauromaquia-las-corridas-de-toros-de-Espana-1852-Lake-Price.jpg","contentUrl":"https:\/\/www.comprarmejor.es\/wp-content\/uploads\/2018\/05\/p_7_5_5_2_7552-Tauromaquia-las-corridas-de-toros-de-Espana-1852-Lake-Price.jpg","width":496,"height":599},{"@type":"BreadcrumbList","@id":"https:\/\/www.comprarmejor.es\/en\/product\/bullfighting-the-bullfights-of-spain-1852-lake-price\/#breadcrumb","itemListElement":[{"@type":"ListItem","position":1,"name":"Portada","item":"https:\/\/www.comprarmejor.es\/en\/"},{"@type":"ListItem","position":2,"name":"Shop","item":"https:\/\/www.comprarmejor.es\/en\/shop\/"},{"@type":"ListItem","position":3,"name":"Bullfighting, the Bullfights of Spain, 1852, Lake Price"}]},{"@type":"WebSite","@id":"https:\/\/www.comprarmejor.es\/en\/#website","url":"https:\/\/www.comprarmejor.es\/en\/","name":"ComprarMejor","description":"ComprarMejor","publisher":{"@id":"https:\/\/www.comprarmejor.es\/en\/#organization"},"potentialAction":[{"@type":"SearchAction","target":{"@type":"EntryPoint","urlTemplate":"https:\/\/www.comprarmejor.es\/en\/?s={search_term_string}"},"query-input":{"@type":"PropertyValueSpecification","valueRequired":true,"valueName":"search_term_string"}}],"inLanguage":"en-US"},{"@type":"Organization","@id":"https:\/\/www.comprarmejor.es\/en\/#organization","name":"COMPRAR MEJOR","url":"https:\/\/www.comprarmejor.es\/en\/","logo":{"@type":"ImageObject","inLanguage":"en-US","@id":"https:\/\/www.comprarmejor.es\/en\/#\/schema\/logo\/image\/","url":"https:\/\/www.comprarmejor.es\/wp-content\/uploads\/2025\/09\/comprarmejortrinidad.jpg","contentUrl":"https:\/\/www.comprarmejor.es\/wp-content\/uploads\/2025\/09\/comprarmejortrinidad.jpg","width":1022,"height":1380,"caption":"COMPRAR MEJOR"},"image":{"@id":"https:\/\/www.comprarmejor.es\/en\/#\/schema\/logo\/image\/"},"sameAs":["https:\/\/www.instagram.com\/amigosdelcodice"]}]}},"_links":{"self":[{"href":"https:\/\/www.comprarmejor.es\/en\/wp-json\/wp\/v2\/product\/55443","targetHints":{"allow":["GET"]}}],"collection":[{"href":"https:\/\/www.comprarmejor.es\/en\/wp-json\/wp\/v2\/product"}],"about":[{"href":"https:\/\/www.comprarmejor.es\/en\/wp-json\/wp\/v2\/types\/product"}],"wp:featuredmedia":[{"embeddable":true,"href":"https:\/\/www.comprarmejor.es\/en\/wp-json\/wp\/v2\/media\/55429"}],"wp:attachment":[{"href":"https:\/\/www.comprarmejor.es\/en\/wp-json\/wp\/v2\/media?parent=55443"}],"wp:term":[{"taxonomy":"product_brand","embeddable":true,"href":"https:\/\/www.comprarmejor.es\/en\/wp-json\/wp\/v2\/product_brand?post=55443"},{"taxonomy":"product_cat","embeddable":true,"href":"https:\/\/www.comprarmejor.es\/en\/wp-json\/wp\/v2\/product_cat?post=55443"},{"taxonomy":"product_tag","embeddable":true,"href":"https:\/\/www.comprarmejor.es\/en\/wp-json\/wp\/v2\/product_tag?post=55443"}],"curies":[{"name":"wp","href":"https:\/\/api.w.org\/{rel}","templated":true}]}}