{"id":55475,"date":"2018-06-04T11:30:24","date_gmt":"2018-06-04T09:30:24","guid":{"rendered":"https:\/\/www.comprarmejor.es\/producto\/compendium-geographicum-texeira-c-1660\/"},"modified":"2019-08-20T23:54:59","modified_gmt":"2019-08-20T21:54:59","slug":"compendium-geographicum-texeira-c-1660","status":"publish","type":"product","link":"https:\/\/www.comprarmejor.es\/en\/product\/compendium-geographicum-texeira-c-1660\/","title":{"rendered":"Compendium Geographicum, Texeira, c. 1660"},"content":{"rendered":"<p style=\"text-align: justify;\"><span id=\"result_box\" lang=\"en\" xml:lang=\"en\"><span title=\"Pedro de Teixeira Albernas, cart\u00f3grafo portugu\u00e9s al servicio del Rey de Espa\u00f1a, que vivi\u00f3 entre finales del siglo XVI y 1662, llega al c\u00edrculo de cosm\u00f3grafos de la corte de Felipe IV de la mano de su compatriota Juan Bautista de Laba\u00f1a, participando desde ese momento\">Pedro de Teixeira Albernas, Portuguese cartographer at the service of the King of Spain, who lived between the end of the 16th century and 1662, arrives at the circle of cosmographers of the court of Felipe IV by the hand of his compatriot Juan Bautista de Laba\u00f1a, participating from that moment <\/span><span title=\"en diversas empresas cartogr\u00e1ficas de las que apenas quedan huella, por haber permanecido sus resultados manuscritos y en ignorado paradero hasta el d\u00eda de hoy.\">in various cartographic companies of which hardly remain trace, for having remained his manuscript results and in ignored whereabouts until today.<\/span><\/span><\/p>\n<p style=\"text-align: justify;\"><span title=\"Es el caso de esta edici\u00f3n en facs\u00edmile, la cartograf\u00eda de las costas de Espa\u00f1a levantada, por encargo real, a partir de 1622, que se cre\u00eda perdida, y que en parte se encuentra en este rico manuscrito de la Biblioteca Carolina de la Universidad de\">This is the case of this edition in facsimile, the cartography of the coasts of Spain raised, by royal order, from 1622, which was believed lost, and which is partly found in this rich manuscript of the Carolina Library of the University of <\/span><span title=\"Uppsala (Suecia) desde 1824.\">Uppsala (Sweden) since 1824.<\/span><\/p>\n<p style=\"text-align: justify;\"><span title=\"El \u201cCompendium Geographicum\u201d, fechable hacia 1660, parece ser, haciendo honor a su t\u00edtulo, una breve y sumaria exposici\u00f3n escrita sobre los saberes geogr\u00e1ficos de la \u00e9poca, acompa\u00f1ada de unos mapas ricamente iluminados y una s\u00edntesis de toda la labor cartogr\u00e1fica de Pedro Teixeira\">The &#8220;Compendium Geographicum&#8221;, dated around 1660, seems to be, honoring its title, a brief and summary written exhibition on the geographical knowledge of the time, accompanied by richly illuminated maps and a synthesis of all the cartographic work of Pedro Teixeira <\/span><span title=\"a diferentes escalas, resultado de empresas que consumieron buena parte de su existencia.\">at different scales, the result of companies that consumed a good part of their existence. <\/span><span title=\"Cartograf\u00eda que, en lo que a la Pen\u00ednsula se refiere, es el resultado de un minucioso y dilatado trabajo de campo, del que hay constancia documental;\">Cartography that, as far as the Peninsula is concerned, is the result of a meticulous and extensive fieldwork, of which there is documentary evidence; <\/span><span title=\"lo que viene a enmendar el vac\u00edo atribuido hasta hoy a la producci\u00f3n cartogr\u00e1fica peninsular del siglo XVII.\">what comes to amend the emptiness attributed until today to the peninsular cartographic production of the XVII century.<\/span><\/p>\n<p style=\"text-align: justify;\"><span title=\"El mapa de la Pen\u00ednsula bien puede ser el resultado gr\u00e1fico de los trabajos de la Comisi\u00f3n del Mapa de Espa\u00f1a presidida en la d\u00e9cada de 1620 por Laba\u00f1a, en la que Teixeira se integr\u00f3 reci\u00e9n llegado a Madrid reclamado por su maestro y mentor;\">The map of the Peninsula may well be the graphic result of the work of the Commission of the Map of Spain presided over in the 1620s by Laba\u00f1a, in which Teixeira was integrated newly arrived in Madrid claimed by his teacher and mentor; <\/span><span title=\"y en la que por fuerza, a la muerte de Laba\u00f1a en 1624, debi\u00f3 adquirir un obligado protagonismo.\">and in which, by force, at the death of Laba\u00f1a in 1624, he had to acquire an obligatory role.<\/span><\/p>\n<p style=\"text-align: justify;\"><span title=\"Los mapas de las costas de Espa\u00f1a, como queda demostrado, son el resultado de la comisi\u00f3n encomendada por la corona en 1622, y reflejan, al igual que el texto, el detallado conocimiento del territorio peninsular que ten\u00eda Teixeira.\">The maps of the coasts of Spain, as it is demonstrated, are the result of the commission entrusted by the crown in 1622, and reflect, like the text, the detailed knowledge of the peninsular territory that Teixeira had.<\/span><\/p>\n<p style=\"text-align: justify;\"><span title=\"Finalmente, su mapamundi, su Theatrum Orbis Terrarum, a m\u00e1s de poner de manifiesto el conocimiento de los materiales publicados en su \u00e9poca, puede reflejar tambi\u00e9n su propia experiencia viajera de juventud, pues hab\u00eda participado en una expedici\u00f3n de reconocimiento de los estrechos de Magallanes y\">Finally, his map of the world, his Theatrum Orbis Terrarum, more than highlighting the knowledge of the materials published in his time, may also reflect his own youth traveling experience, as he had participated in an expedition to recognize the Straits of Magellan and <\/span><span title=\"San Vicente en los a\u00f1os 1618 y 1619, y en consecuencia ten\u00eda una informaci\u00f3n directa de parte del Nuevo Mundo.\">San Vicente in the years 1618 and 1619, and consequently had direct information from the New World.<\/span><\/p>\n<p style=\"text-align: justify;\"><span title=\"Facs\u00edmile:\">Facsimile:<br \/>\n<\/span><span title=\"Formato 12,5 x 17,3 cm\"><span lang=\"en\" xml:lang=\"en\"><span title=\"Autor: Pedro de Teixeira (o Texeira) (finales s. XVI \u2013 1662)\">Author: Pedro de Teixeira (or Texeira) (late 16th-16th century)<br \/>\n<\/span><span title=\"Obra: Compendium Geographicum (1660)\">Work: Compendium Geographicum (1660)<br \/>\n<\/span><span title=\"Manuscrito custodiado en la Biblioteca de la Universidad sueca de Uppsala\">Manuscript guarded in the Library of the Swedish University of Uppsala<br \/>\n<\/span><span title=\"Contiene 8 mapas a doble p\u00e1gina, entre los que destacan un mapamundi y otro de Espa\u00f1a, y 11 capitulares adornadas pro oro.\">It contains 8 double-page maps, including a world map and a map of Spain, and 11 capitulars adorned with gold.<br \/>\n<\/span><span title=\"Impreso a 7 colores, en trama estoc\u00e1stica;\">Printed in 7 colors, in stochastic screen; <\/span><span title=\"cosido a mano, envejecido y encuadernado en pergamino, con los cantos dorados e incrustaciones en oro en tapas y dos cierres lazos de cinta de cuero.\">hand sewn, aged and bound in parchment, with gold edges and inlays in gold in lids and two loops of leather ribbon. <\/span><span title=\"Los mapas est\u00e1n cosidos en cartivana por lo que no existe p\u00e9rdida en el doblez de la p\u00e1gina.\">The maps are sewn in cartivana so there is no loss in the fold of the page.<br \/>\n<\/span><span title=\"98 p\u00e1ginas\">98 pages.<br \/>\n<\/span><\/span><\/span><span title=\"Tirada limitada y autenticada con acta notarial a 999 ejemplares\"><span lang=\"en\" xml:lang=\"en\"><span title=\"Formato 12,5 x 17,3 cm\">Format 12.5 x 17.3 cm.<br \/>\n<\/span><span title=\"Tirada limitada y autenticada con acta notarial a 999 ejemplares\">Limited circulation and authenticated with notarial deed to 999 copies<\/span><\/span>.<\/span><\/p>\n<p style=\"text-align: justify;\"><span title=\"Libro estudio:\">Study book:<br \/>\n<\/span><span title=\"Este volumen, complementario a la edici\u00f3n facs\u00edmile, contiene un amplio estudio de la obra y su autor, realizado por D. Ram\u00f3n Alvargonz\u00e1lez Rodr\u00edguez, Catedr\u00e1tico de la Universidad de Oviedo, y prologado por D. Ulf G\u00f6ranson, Director de la Biblioteca de la Universidad\">This volume, complementary to the facsimile edition, contains an extensive study of the work and its author, carried out by Mr. Ram\u00f3n Alvargonz\u00e1lez Rodr\u00edguez, Professor at the University of Oviedo, and prefaced by Mr. Ulf G\u00f6ranson, Director of the University Library <\/span><span title=\"de Uppsala.\">of Uppsala.<br \/>\n<\/span><span title=\"Encuadernado en tapa dura forrada en tela azul con letras doradas.\">Bound in hardcover lined in blue fabric with gold letters. <\/span><span title=\"Formato 17,3 x 25,1, 144 p\u00e1ginas.\">Format 17,3 x 25,1, 144 pages. <\/span><span title=\"Biling\u00fce espa\u00f1ol e ingl\u00e9s, con el comentario y transcripci\u00f3n del texto original.\">Bilingual Spanish and English, with the commentary and transcription of the original text.<\/span><\/p>\n<p style=\"text-align: justify;\"><span title=\"Se presenta en una hermosa caja estuche azul con letras doradas, formato 23 x 30 x 5 cm, conteniendo el facs\u00edmile, el acta notarial y el libro estudio.\">It is presented in a beautiful blue box with golden letters, format 23 x 30 x 5 cm, containing the facsimile, the notarial deed and the study book. <\/span><span title=\"Peso total: 1.476 gr.\">Total weight: 1.476 gr.<\/span><\/p>\n<p style=\"text-align: justify;\"><span title=\"Esta edici\u00f3n es complementaria al extraordinario facs\u00edmile del Atlas de Pedro Texeira de 1634 que edit\u00f3 Silo\u00e9 en 2004, cuyo original se encuentra en la Biblioteca Nacional de Austria, y que tambi\u00e9n tenemos disponible aqu\u00ed mismo.\">This edition is complementary to the extraordinary facsimile of the Atlas of Pedro Texeira of 1634 that Silo\u00e9 published in 2004, whose original is in the National Library of Austria, and which we also <strong><a href=\"https:\/\/comprarmejor.es\/en\/antique-maps\/288-1634-atlas-of-pedro-texeira-9788493229498\" target=\"_blank\" rel=\"noopener noreferrer\">have available here<\/a><\/strong>.<\/span><\/p>\n<p style=\"text-align: justify;\"><span title=\"Ejemplar en perfecto estado.\">Exemplary in perfect condition.<\/span><\/p>\n<p style=\"text-align: justify;\"><span title=\"Desc\u00e1rguese el fichero pdf adjunto para m\u00e1s informaci\u00f3n.\">Download the attached pdf file for more information. <\/span><span title=\"Textos en espa\u00f1ol e ingl\u00e9s.\">Texts in Spanish and English.<\/span><\/p>\n<p style=\"text-align: justify;\"><span title=\"Gastos de env\u00edo por cuenta del comprador, seg\u00fan pedido y destino.\">Shipping costs on account of the buyer, according to order and destination.\u00a0<\/span><span title=\"Cons\u00faltenos sin compromiso (indicando la referencia del art\u00edculo) cualquier duda.\"><a class=\"btn btn-default\" href=\"https:\/\/comprarmejor.es\/en\/contact\">Consult us<\/a> without obligation (indicating the reference of the article) any doubt.<\/span><\/p>\n","protected":false},"excerpt":{"rendered":"<p style=\"text-align: justify;\"><span id=\"result_box\" lang=\"en\" xml:lang=\"en\"><span title=\"Es el caso de esta edici\u00f3n en facs\u00edmile, la cartograf\u00eda de las costas de Espa\u00f1a levantada, por encargo real, a partir de 1622, que se cre\u00eda perdida, y que en parte se encuentra en este rico manuscrito de la Biblioteca Carolina de la Universidad de\">This is the case of this edition in facsimile, the cartography of the coasts of Spain raised, by royal order, from 1622, which was believed lost, and which is partly found in this rich manuscript of the Carolina Library of the University of <\/span><span title=\"Uppsala (Suecia) desde 1824.\">Uppsala (Sweden) since 1824.<\/span><\/span><\/p>\n","protected":false},"featured_media":55463,"template":"","meta":[],"product_brand":[],"product_cat":[2234],"product_tag":[3976,4519,4090,4092,4091],"class_list":{"0":"post-55475","1":"product","2":"type-product","3":"status-publish","4":"has-post-thumbnail","6":"product_cat-antique-maps","7":"product_tag-atlas-en","8":"product_tag-libraria-en-2","9":"product_tag-taberna-en","10":"product_tag-teixeira-en","11":"product_tag-texeira-en","12":"product_shipping_class-from-6-to-10-kg","13":"description-off","15":"first","16":"instock","17":"taxable","18":"shipping-taxable","19":"purchasable","20":"product-type-simple"},"yoast_head":"<!-- This site is optimized with the Yoast SEO plugin v27.3 - https:\/\/yoast.com\/product\/yoast-seo-wordpress\/ -->\n<title>Compendium Geographicum, Texeira, c. 1660, geographical knowledge<\/title>\n<meta name=\"description\" content=\"Compendium Geographicum, Pedro de Texeira, c. 1660, seems to be, honoring its title, a brief summary summary written on geographical knowledge\" \/>\n<meta name=\"robots\" content=\"index, follow, max-snippet:-1, max-image-preview:large, max-video-preview:-1\" \/>\n<link rel=\"canonical\" href=\"https:\/\/www.comprarmejor.es\/en\/product\/compendium-geographicum-texeira-c-1660\/\" \/>\n<meta property=\"og:locale\" content=\"en_US\" \/>\n<meta property=\"og:type\" content=\"article\" \/>\n<meta property=\"og:title\" content=\"Compendium Geographicum, Texeira, c. 1660, geographical knowledge\" \/>\n<meta property=\"og:description\" content=\"Compendium Geographicum, Pedro de Texeira, c. 1660, seems to be, honoring its title, a brief summary summary written on geographical knowledge\" \/>\n<meta property=\"og:url\" content=\"https:\/\/www.comprarmejor.es\/en\/product\/compendium-geographicum-texeira-c-1660\/\" \/>\n<meta property=\"og:site_name\" content=\"ComprarMejor\" \/>\n<meta property=\"article:modified_time\" content=\"2019-08-20T21:54:59+00:00\" \/>\n<meta property=\"og:image\" content=\"https:\/\/www.comprarmejor.es\/wp-content\/uploads\/2018\/06\/p_7_5_6_6_7566-Compendium-Geographicum-Texeira-c.-1660.jpg\" \/>\n\t<meta property=\"og:image:width\" content=\"600\" \/>\n\t<meta property=\"og:image:height\" content=\"439\" \/>\n\t<meta property=\"og:image:type\" content=\"image\/jpeg\" \/>\n<meta name=\"twitter:card\" content=\"summary_large_image\" \/>\n<meta name=\"twitter:label1\" content=\"Est. reading time\" \/>\n\t<meta name=\"twitter:data1\" content=\"3 minutes\" \/>\n<script type=\"application\/ld+json\" class=\"yoast-schema-graph\">{\"@context\":\"https:\\\/\\\/schema.org\",\"@graph\":[{\"@type\":\"WebPage\",\"@id\":\"https:\\\/\\\/www.comprarmejor.es\\\/en\\\/product\\\/compendium-geographicum-texeira-c-1660\\\/\",\"url\":\"https:\\\/\\\/www.comprarmejor.es\\\/en\\\/product\\\/compendium-geographicum-texeira-c-1660\\\/\",\"name\":\"Compendium Geographicum, Texeira, c. 1660, geographical knowledge\",\"isPartOf\":{\"@id\":\"https:\\\/\\\/www.comprarmejor.es\\\/en\\\/#website\"},\"primaryImageOfPage\":{\"@id\":\"https:\\\/\\\/www.comprarmejor.es\\\/en\\\/product\\\/compendium-geographicum-texeira-c-1660\\\/#primaryimage\"},\"image\":{\"@id\":\"https:\\\/\\\/www.comprarmejor.es\\\/en\\\/product\\\/compendium-geographicum-texeira-c-1660\\\/#primaryimage\"},\"thumbnailUrl\":\"https:\\\/\\\/www.comprarmejor.es\\\/wp-content\\\/uploads\\\/2018\\\/06\\\/p_7_5_6_6_7566-Compendium-Geographicum-Texeira-c.-1660.jpg\",\"datePublished\":\"2018-06-04T09:30:24+00:00\",\"dateModified\":\"2019-08-20T21:54:59+00:00\",\"description\":\"Compendium Geographicum, Pedro de Texeira, c. 1660, seems to be, honoring its title, a brief summary summary written on geographical knowledge\",\"breadcrumb\":{\"@id\":\"https:\\\/\\\/www.comprarmejor.es\\\/en\\\/product\\\/compendium-geographicum-texeira-c-1660\\\/#breadcrumb\"},\"inLanguage\":\"en-US\",\"potentialAction\":[{\"@type\":\"ReadAction\",\"target\":[\"https:\\\/\\\/www.comprarmejor.es\\\/en\\\/product\\\/compendium-geographicum-texeira-c-1660\\\/\"]}]},{\"@type\":\"ImageObject\",\"inLanguage\":\"en-US\",\"@id\":\"https:\\\/\\\/www.comprarmejor.es\\\/en\\\/product\\\/compendium-geographicum-texeira-c-1660\\\/#primaryimage\",\"url\":\"https:\\\/\\\/www.comprarmejor.es\\\/wp-content\\\/uploads\\\/2018\\\/06\\\/p_7_5_6_6_7566-Compendium-Geographicum-Texeira-c.-1660.jpg\",\"contentUrl\":\"https:\\\/\\\/www.comprarmejor.es\\\/wp-content\\\/uploads\\\/2018\\\/06\\\/p_7_5_6_6_7566-Compendium-Geographicum-Texeira-c.-1660.jpg\",\"width\":600,\"height\":439},{\"@type\":\"BreadcrumbList\",\"@id\":\"https:\\\/\\\/www.comprarmejor.es\\\/en\\\/product\\\/compendium-geographicum-texeira-c-1660\\\/#breadcrumb\",\"itemListElement\":[{\"@type\":\"ListItem\",\"position\":1,\"name\":\"Portada\",\"item\":\"https:\\\/\\\/www.comprarmejor.es\\\/en\\\/\"},{\"@type\":\"ListItem\",\"position\":2,\"name\":\"Shop\",\"item\":\"https:\\\/\\\/www.comprarmejor.es\\\/en\\\/shop\\\/\"},{\"@type\":\"ListItem\",\"position\":3,\"name\":\"Compendium Geographicum, Texeira, c. 1660\"}]},{\"@type\":\"WebSite\",\"@id\":\"https:\\\/\\\/www.comprarmejor.es\\\/en\\\/#website\",\"url\":\"https:\\\/\\\/www.comprarmejor.es\\\/en\\\/\",\"name\":\"ComprarMejor\",\"description\":\"ComprarMejor\",\"publisher\":{\"@id\":\"https:\\\/\\\/www.comprarmejor.es\\\/en\\\/#organization\"},\"potentialAction\":[{\"@type\":\"SearchAction\",\"target\":{\"@type\":\"EntryPoint\",\"urlTemplate\":\"https:\\\/\\\/www.comprarmejor.es\\\/en\\\/?s={search_term_string}\"},\"query-input\":{\"@type\":\"PropertyValueSpecification\",\"valueRequired\":true,\"valueName\":\"search_term_string\"}}],\"inLanguage\":\"en-US\"},{\"@type\":\"Organization\",\"@id\":\"https:\\\/\\\/www.comprarmejor.es\\\/en\\\/#organization\",\"name\":\"COMPRAR MEJOR\",\"url\":\"https:\\\/\\\/www.comprarmejor.es\\\/en\\\/\",\"logo\":{\"@type\":\"ImageObject\",\"inLanguage\":\"en-US\",\"@id\":\"https:\\\/\\\/www.comprarmejor.es\\\/en\\\/#\\\/schema\\\/logo\\\/image\\\/\",\"url\":\"https:\\\/\\\/www.comprarmejor.es\\\/wp-content\\\/uploads\\\/2025\\\/09\\\/comprarmejortrinidad.jpg\",\"contentUrl\":\"https:\\\/\\\/www.comprarmejor.es\\\/wp-content\\\/uploads\\\/2025\\\/09\\\/comprarmejortrinidad.jpg\",\"width\":1022,\"height\":1380,\"caption\":\"COMPRAR MEJOR\"},\"image\":{\"@id\":\"https:\\\/\\\/www.comprarmejor.es\\\/en\\\/#\\\/schema\\\/logo\\\/image\\\/\"},\"sameAs\":[\"https:\\\/\\\/www.instagram.com\\\/amigosdelcodice\"]}]}<\/script>\n<!-- \/ Yoast SEO plugin. -->","yoast_head_json":{"title":"Compendium Geographicum, Texeira, c. 1660, geographical knowledge","description":"Compendium Geographicum, Pedro de Texeira, c. 1660, seems to be, honoring its title, a brief summary summary written on geographical knowledge","robots":{"index":"index","follow":"follow","max-snippet":"max-snippet:-1","max-image-preview":"max-image-preview:large","max-video-preview":"max-video-preview:-1"},"canonical":"https:\/\/www.comprarmejor.es\/en\/product\/compendium-geographicum-texeira-c-1660\/","og_locale":"en_US","og_type":"article","og_title":"Compendium Geographicum, Texeira, c. 1660, geographical knowledge","og_description":"Compendium Geographicum, Pedro de Texeira, c. 1660, seems to be, honoring its title, a brief summary summary written on geographical knowledge","og_url":"https:\/\/www.comprarmejor.es\/en\/product\/compendium-geographicum-texeira-c-1660\/","og_site_name":"ComprarMejor","article_modified_time":"2019-08-20T21:54:59+00:00","og_image":[{"width":600,"height":439,"url":"https:\/\/www.comprarmejor.es\/wp-content\/uploads\/2018\/06\/p_7_5_6_6_7566-Compendium-Geographicum-Texeira-c.-1660.jpg","type":"image\/jpeg"}],"twitter_card":"summary_large_image","twitter_misc":{"Est. reading time":"3 minutes"},"schema":{"@context":"https:\/\/schema.org","@graph":[{"@type":"WebPage","@id":"https:\/\/www.comprarmejor.es\/en\/product\/compendium-geographicum-texeira-c-1660\/","url":"https:\/\/www.comprarmejor.es\/en\/product\/compendium-geographicum-texeira-c-1660\/","name":"Compendium Geographicum, Texeira, c. 1660, geographical knowledge","isPartOf":{"@id":"https:\/\/www.comprarmejor.es\/en\/#website"},"primaryImageOfPage":{"@id":"https:\/\/www.comprarmejor.es\/en\/product\/compendium-geographicum-texeira-c-1660\/#primaryimage"},"image":{"@id":"https:\/\/www.comprarmejor.es\/en\/product\/compendium-geographicum-texeira-c-1660\/#primaryimage"},"thumbnailUrl":"https:\/\/www.comprarmejor.es\/wp-content\/uploads\/2018\/06\/p_7_5_6_6_7566-Compendium-Geographicum-Texeira-c.-1660.jpg","datePublished":"2018-06-04T09:30:24+00:00","dateModified":"2019-08-20T21:54:59+00:00","description":"Compendium Geographicum, Pedro de Texeira, c. 1660, seems to be, honoring its title, a brief summary summary written on geographical knowledge","breadcrumb":{"@id":"https:\/\/www.comprarmejor.es\/en\/product\/compendium-geographicum-texeira-c-1660\/#breadcrumb"},"inLanguage":"en-US","potentialAction":[{"@type":"ReadAction","target":["https:\/\/www.comprarmejor.es\/en\/product\/compendium-geographicum-texeira-c-1660\/"]}]},{"@type":"ImageObject","inLanguage":"en-US","@id":"https:\/\/www.comprarmejor.es\/en\/product\/compendium-geographicum-texeira-c-1660\/#primaryimage","url":"https:\/\/www.comprarmejor.es\/wp-content\/uploads\/2018\/06\/p_7_5_6_6_7566-Compendium-Geographicum-Texeira-c.-1660.jpg","contentUrl":"https:\/\/www.comprarmejor.es\/wp-content\/uploads\/2018\/06\/p_7_5_6_6_7566-Compendium-Geographicum-Texeira-c.-1660.jpg","width":600,"height":439},{"@type":"BreadcrumbList","@id":"https:\/\/www.comprarmejor.es\/en\/product\/compendium-geographicum-texeira-c-1660\/#breadcrumb","itemListElement":[{"@type":"ListItem","position":1,"name":"Portada","item":"https:\/\/www.comprarmejor.es\/en\/"},{"@type":"ListItem","position":2,"name":"Shop","item":"https:\/\/www.comprarmejor.es\/en\/shop\/"},{"@type":"ListItem","position":3,"name":"Compendium Geographicum, Texeira, c. 1660"}]},{"@type":"WebSite","@id":"https:\/\/www.comprarmejor.es\/en\/#website","url":"https:\/\/www.comprarmejor.es\/en\/","name":"ComprarMejor","description":"ComprarMejor","publisher":{"@id":"https:\/\/www.comprarmejor.es\/en\/#organization"},"potentialAction":[{"@type":"SearchAction","target":{"@type":"EntryPoint","urlTemplate":"https:\/\/www.comprarmejor.es\/en\/?s={search_term_string}"},"query-input":{"@type":"PropertyValueSpecification","valueRequired":true,"valueName":"search_term_string"}}],"inLanguage":"en-US"},{"@type":"Organization","@id":"https:\/\/www.comprarmejor.es\/en\/#organization","name":"COMPRAR MEJOR","url":"https:\/\/www.comprarmejor.es\/en\/","logo":{"@type":"ImageObject","inLanguage":"en-US","@id":"https:\/\/www.comprarmejor.es\/en\/#\/schema\/logo\/image\/","url":"https:\/\/www.comprarmejor.es\/wp-content\/uploads\/2025\/09\/comprarmejortrinidad.jpg","contentUrl":"https:\/\/www.comprarmejor.es\/wp-content\/uploads\/2025\/09\/comprarmejortrinidad.jpg","width":1022,"height":1380,"caption":"COMPRAR MEJOR"},"image":{"@id":"https:\/\/www.comprarmejor.es\/en\/#\/schema\/logo\/image\/"},"sameAs":["https:\/\/www.instagram.com\/amigosdelcodice"]}]}},"_links":{"self":[{"href":"https:\/\/www.comprarmejor.es\/en\/wp-json\/wp\/v2\/product\/55475","targetHints":{"allow":["GET"]}}],"collection":[{"href":"https:\/\/www.comprarmejor.es\/en\/wp-json\/wp\/v2\/product"}],"about":[{"href":"https:\/\/www.comprarmejor.es\/en\/wp-json\/wp\/v2\/types\/product"}],"wp:featuredmedia":[{"embeddable":true,"href":"https:\/\/www.comprarmejor.es\/en\/wp-json\/wp\/v2\/media\/55463"}],"wp:attachment":[{"href":"https:\/\/www.comprarmejor.es\/en\/wp-json\/wp\/v2\/media?parent=55475"}],"wp:term":[{"taxonomy":"product_brand","embeddable":true,"href":"https:\/\/www.comprarmejor.es\/en\/wp-json\/wp\/v2\/product_brand?post=55475"},{"taxonomy":"product_cat","embeddable":true,"href":"https:\/\/www.comprarmejor.es\/en\/wp-json\/wp\/v2\/product_cat?post=55475"},{"taxonomy":"product_tag","embeddable":true,"href":"https:\/\/www.comprarmejor.es\/en\/wp-json\/wp\/v2\/product_tag?post=55475"}],"curies":[{"name":"wp","href":"https:\/\/api.w.org\/{rel}","templated":true}]}}